{"id":3815,"date":"2025-05-12T19:54:17","date_gmt":"2025-05-12T17:54:17","guid":{"rendered":"https:\/\/369agara.com\/?post_type=product&#038;p=3815"},"modified":"2025-05-12T20:03:35","modified_gmt":"2025-05-12T18:03:35","slug":"adaptateur-rj45-usb-c","status":"publish","type":"product","link":"https:\/\/369agara.com\/de\/produkt\/adaptateur-rj45-usb-c\/","title":{"rendered":"Ethernet-Hub-Adapter RJ45 - USB-C"},"content":{"rendered":"<p><span style=\"font-family: 'Book Antiqua', Palatino; font-size: 120%; color: #333399;\">Mit diesem Ethernet-Hub-Adapter RJ45 - USB-C k\u00f6nnen Sie ein Ethernet-Kabel an einen Laptop, ein Tablet oder ein Smartphone mit USB-C-Eingang anschlie\u00dfen.<\/span><br \/>\n<span style=\"font-family: 'Book Antiqua', Palatino; font-size: 120%; color: #333399;\"><strong>Es ist das unverzichtbare Zubeh\u00f6r, um auf diesen Ger\u00e4ten ohne jegliche Wellen (weder WiFi noch mobile Daten) eine Internetverbindung herzustellen.<\/strong>.<\/span><\/p>\n<p><span style=\"font-family: 'Book Antiqua', Palatino; font-size: 120%; color: #333399;\">So profitieren Sie von allen technologischen Vorteilen, die sie mit sich bringen. Sie k\u00f6nnen so lange auf das Internet zugreifen und surfen, wie Sie m\u00f6chten, und sind dabei vor Hochfrequenzstrahlung gesch\u00fctzt.<\/span><\/p>\n<p><span style=\"font-family: 'Book Antiqua', Palatino; font-size: 120%; color: #333399;\">Dazu schlie\u00dfen Sie den Adapter einfach auf einer Seite an ein RJ45-Ethernet-Kabel an, stecken die andere Seite in den USB-C-Eingang des Ger\u00e4ts, das Sie verwenden m\u00f6chten, und schalten das Tablet, Smartphone oder den Laptop in den Flugzeugmodus.<\/span><br \/>\n<span style=\"font-family: 'Book Antiqua', Palatino; font-size: 120%; color: #333399;\">Anschlie\u00dfend haben Sie Zugriff auf alle Ihre Lieblings-Apps, das Internet, WhatsApp usw.\u00a0<\/span><br \/>\n<span style=\"font-family: 'Book Antiqua', Palatino; font-size: 120%; color: #333399;\">So k\u00f6nnen Sie von zu Hause aus arbeiten, online und im Netzwerk spielen, einen Film auf Netflix ansehen, in sozialen Netzwerken surfen, ...<\/span><\/p>\n<p><span style=\"font-family: 'Book Antiqua', Palatino; font-size: 120%; color: #333399;\">Da Sie sich im Flugzeugmodus befinden, sind Sie jedoch nicht \u00fcber Ihr Telefon erreichbar und k\u00f6nnen keine SMS oder MMS versenden. Nur Nachrichten-Apps werden funktionieren.<\/span><\/p>\n<h3><span style=\"font-family: 'Book Antiqua', Palatino; font-size: 120%; color: #333399;\">USB-C-Anschluss<\/span><\/h3>\n<p><span style=\"font-family: 'Book Antiqua', Palatino; font-size: 120%; color: #333399;\">Dieser RJ45-Ethernet-Adapter verf\u00fcgt \u00fcber einen USB-C-Anschluss und ist mit dem MacBook und MacBook Pro, den meisten Android-Tablets und den meisten Smartphones mit USB-C-Anschluss (Huawei, Samsung, iPhone 15, etc.) kompatibel.<\/span><\/p>\n<h3><span style=\"font-family: 'Book Antiqua', Palatino; font-size: 120%; color: #333399;\">Plug and Play<\/span><\/h3>\n<p><span style=\"font-family: 'Book Antiqua', Palatino; font-size: 120%; color: #333399;\">Dieser Adapter wird einfach durch Einstecken verwendet; es sind keine Voreinstellungen erforderlich.\u00a0<\/span><\/p>\n<h3><span style=\"font-family: 'Book Antiqua', Palatino; font-size: 120%; color: #333399;\">Technische Daten<\/span><\/h3>\n<ul>\n<li><span style=\"font-family: 'Book Antiqua', Palatino; font-size: 120%; color: #333399;\">Netzwerktyp: Gigabit Ethernet<\/span><\/li>\n<li><span style=\"font-family: 'Book Antiqua', Palatino; font-size: 120%; color: #333399;\">RJ45-Eingangs- und USB-C-Ausgangsanschl\u00fcsse<\/span><\/li>\n<li><span style=\"font-family: 'Book Antiqua', Palatino; font-size: 120%; color: #333399;\">\u00dcbertragungsgeschwindigkeit: 1200 Mbps<\/span><\/li>\n<li><span style=\"font-family: 'Book Antiqua', Palatino; font-size: 120%; color: #333399;\">\u00dcbertragungsrate lan: 1000 M Ethernet<\/span><\/li>\n<li><span style=\"font-family: 'Book Antiqua', Palatino; font-size: 120%; color: #333399;\">Material: Metall<\/span><\/li>\n<li><span style=\"font-family: 'Book Antiqua', Palatino; font-size: 120%; color: #333399;\">Systeme: Windows, Mac OS, Linux, Chrome OS, iPad OS, Android, iOS, etc.<\/span><\/li>\n<\/ul>","protected":false},"excerpt":{"rendered":"<p>Mit diesem Ethernet-Hub-Adapter RJ45 - USB-C k\u00f6nnen Sie ein Ethernet-Kabel an einen Laptop oder station\u00e4ren Computer, ein Tablet oder ein Smartphone mit einem USB-C-Eingang anschlie\u00dfen.<\/p>\n<p><strong>So k\u00f6nnen Sie auf diesen Ger\u00e4ten wellenfrei ins Internet gehen.<\/strong> (weder WiFi noch mobile Daten).<\/p>\n<p>Ideal f\u00fcr das B\u00fcro und zu Hause.<\/p>","protected":false},"featured_media":3813,"comment_status":"open","ping_status":"closed","template":"","meta":[],"product_brand":[],"product_cat":[164],"product_tag":[248,246,247,249,245],"class_list":{"0":"post-3815","1":"product","2":"type-product","3":"status-publish","4":"has-post-thumbnail","6":"product_cat-baubiologie","7":"product_tag-baubiologie","8":"product_tag-bureau","9":"product_tag-chambre","10":"product_tag-electromagnetisme","11":"product_tag-maison","13":"first","14":"instock","15":"taxable","16":"shipping-taxable","17":"purchasable","18":"product-type-simple"},"yoast_head":"<!-- This site is optimized with the Yoast SEO Premium plugin v25.1 (Yoast SEO v27.4) - https:\/\/yoast.com\/product\/yoast-seo-premium-wordpress\/ -->\n<title>Adaptateur hub Ethernet RJ45 - USB-C | Agara<\/title>\n<meta name=\"description\" content=\"Cet adaptateur hub Ethernet RJ45 - USB-C permet de relier un c\u00e2ble Ethernet \u00e0 un ordinateur portable ou fixe, \u00e0 une tablette ou un smartphone muni d&#039;une entr\u00e9e USB-C.\u00a0Vous pouvez ainsi vous connecter \u00e0 Internet sur ces appareils sans aucune onde (ni WiFi, ni donn\u00e9es mobiles).\u00a0Id\u00e9al au bureau et \u00e0 la maison.\" \/>\n<meta name=\"robots\" content=\"index, follow, max-snippet:-1, max-image-preview:large, max-video-preview:-1\" \/>\n<link rel=\"canonical\" href=\"https:\/\/369agara.com\/de\/produkt\/adaptateur-rj45-usb-c\/\" \/>\n<meta property=\"og:locale\" content=\"de_DE\" \/>\n<meta property=\"og:type\" content=\"article\" \/>\n<meta property=\"og:title\" content=\"Adaptateur hub Ethernet RJ45 - USB-C\" \/>\n<meta property=\"og:description\" content=\"Cet adaptateur hub Ethernet RJ45 - USB-C permet de relier un c\u00e2ble Ethernet \u00e0 un ordinateur portable ou fixe, \u00e0 une tablette ou un smartphone muni d&#039;une entr\u00e9e USB-C.\u00a0Vous pouvez ainsi vous connecter \u00e0 Internet sur ces appareils sans aucune onde (ni WiFi, ni donn\u00e9es mobiles).\u00a0Id\u00e9al au bureau et \u00e0 la maison.\" \/>\n<meta property=\"og:url\" content=\"https:\/\/369agara.com\/de\/produkt\/adaptateur-rj45-usb-c\/\" \/>\n<meta property=\"og:site_name\" content=\"Agara\" \/>\n<meta property=\"article:modified_time\" content=\"2025-05-12T18:03:35+00:00\" \/>\n<meta property=\"og:image\" content=\"https:\/\/369agara.com\/wp-content\/uploads\/2025\/05\/adaptateur-hub-ethernet-rj45-usb-c.jpg\" \/>\n\t<meta property=\"og:image:width\" content=\"800\" \/>\n\t<meta property=\"og:image:height\" content=\"800\" \/>\n\t<meta property=\"og:image:type\" content=\"image\/jpeg\" \/>\n<meta name=\"twitter:card\" content=\"summary_large_image\" \/>\n<meta name=\"twitter:label1\" content=\"Gesch\u00e4tzte Lesezeit\" \/>\n\t<meta name=\"twitter:data1\" content=\"2\u00a0Minuten\" \/>\n<script type=\"application\/ld+json\" class=\"yoast-schema-graph\">{\"@context\":\"https:\\\/\\\/schema.org\",\"@graph\":[{\"@type\":\"WebPage\",\"@id\":\"https:\\\/\\\/369agara.com\\\/produit\\\/adaptateur-rj45-usb-c\\\/\",\"url\":\"https:\\\/\\\/369agara.com\\\/produit\\\/adaptateur-rj45-usb-c\\\/\",\"name\":\"Adaptateur hub Ethernet RJ45 - USB-C | Agara\",\"isPartOf\":{\"@id\":\"https:\\\/\\\/369agara.com\\\/#website\"},\"primaryImageOfPage\":{\"@id\":\"https:\\\/\\\/369agara.com\\\/produit\\\/adaptateur-rj45-usb-c\\\/#primaryimage\"},\"image\":{\"@id\":\"https:\\\/\\\/369agara.com\\\/produit\\\/adaptateur-rj45-usb-c\\\/#primaryimage\"},\"thumbnailUrl\":\"https:\\\/\\\/369agara.com\\\/wp-content\\\/uploads\\\/2025\\\/05\\\/adaptateur-hub-ethernet-rj45-usb-c.jpg\",\"datePublished\":\"2025-05-12T17:54:17+00:00\",\"dateModified\":\"2025-05-12T18:03:35+00:00\",\"description\":\"Cet adaptateur hub Ethernet RJ45 - USB-C permet de relier un c\u00e2ble Ethernet \u00e0 un ordinateur portable ou fixe, \u00e0 une tablette ou un smartphone muni d'une entr\u00e9e USB-C.\u00a0Vous pouvez ainsi vous connecter \u00e0 Internet sur ces appareils sans aucune onde (ni WiFi, ni donn\u00e9es mobiles).\u00a0Id\u00e9al au bureau et \u00e0 la maison.\",\"breadcrumb\":{\"@id\":\"https:\\\/\\\/369agara.com\\\/produit\\\/adaptateur-rj45-usb-c\\\/#breadcrumb\"},\"inLanguage\":\"de\",\"potentialAction\":[{\"@type\":\"ReadAction\",\"target\":[\"https:\\\/\\\/369agara.com\\\/produit\\\/adaptateur-rj45-usb-c\\\/\"]}]},{\"@type\":\"ImageObject\",\"inLanguage\":\"de\",\"@id\":\"https:\\\/\\\/369agara.com\\\/produit\\\/adaptateur-rj45-usb-c\\\/#primaryimage\",\"url\":\"https:\\\/\\\/369agara.com\\\/wp-content\\\/uploads\\\/2025\\\/05\\\/adaptateur-hub-ethernet-rj45-usb-c.jpg\",\"contentUrl\":\"https:\\\/\\\/369agara.com\\\/wp-content\\\/uploads\\\/2025\\\/05\\\/adaptateur-hub-ethernet-rj45-usb-c.jpg\",\"width\":800,\"height\":800},{\"@type\":\"BreadcrumbList\",\"@id\":\"https:\\\/\\\/369agara.com\\\/produit\\\/adaptateur-rj45-usb-c\\\/#breadcrumb\",\"itemListElement\":[{\"@type\":\"ListItem\",\"position\":1,\"name\":\"Accueil\",\"item\":\"https:\\\/\\\/369agara.com\\\/\"},{\"@type\":\"ListItem\",\"position\":2,\"name\":\"La boutique\",\"item\":\"https:\\\/\\\/369agara.com\\\/la-boutique\\\/\"},{\"@type\":\"ListItem\",\"position\":3,\"name\":\"Adaptateur hub Ethernet RJ45 &#8211; USB-C\"}]},{\"@type\":\"WebSite\",\"@id\":\"https:\\\/\\\/369agara.com\\\/#website\",\"url\":\"https:\\\/\\\/369agara.com\\\/\",\"name\":\"Livsrikedomar\",\"description\":\"D\u00e9connectez pour mieux vous connecter\",\"publisher\":{\"@id\":\"https:\\\/\\\/369agara.com\\\/#organization\"},\"potentialAction\":[{\"@type\":\"SearchAction\",\"target\":{\"@type\":\"EntryPoint\",\"urlTemplate\":\"https:\\\/\\\/369agara.com\\\/?s={search_term_string}\"},\"query-input\":{\"@type\":\"PropertyValueSpecification\",\"valueRequired\":true,\"valueName\":\"search_term_string\"}}],\"inLanguage\":\"de\"},{\"@type\":\"Organization\",\"@id\":\"https:\\\/\\\/369agara.com\\\/#organization\",\"name\":\"EACreations\",\"url\":\"https:\\\/\\\/369agara.com\\\/\",\"logo\":{\"@type\":\"ImageObject\",\"inLanguage\":\"de\",\"@id\":\"https:\\\/\\\/369agara.com\\\/#\\\/schema\\\/logo\\\/image\\\/\",\"url\":\"\",\"contentUrl\":\"\",\"caption\":\"EACreations\"},\"image\":{\"@id\":\"https:\\\/\\\/369agara.com\\\/#\\\/schema\\\/logo\\\/image\\\/\"}}]}<\/script>\n<!-- \/ Yoast SEO Premium plugin. -->","yoast_head_json":{"title":"Adaptateur hub Ethernet RJ45 - USB-C | Agara","description":"Cet adaptateur hub Ethernet RJ45 - USB-C permet de relier un c\u00e2ble Ethernet \u00e0 un ordinateur portable ou fixe, \u00e0 une tablette ou un smartphone muni d'une entr\u00e9e USB-C.\u00a0Vous pouvez ainsi vous connecter \u00e0 Internet sur ces appareils sans aucune onde (ni WiFi, ni donn\u00e9es mobiles).\u00a0Id\u00e9al au bureau et \u00e0 la maison.","robots":{"index":"index","follow":"follow","max-snippet":"max-snippet:-1","max-image-preview":"max-image-preview:large","max-video-preview":"max-video-preview:-1"},"canonical":"https:\/\/369agara.com\/de\/produkt\/adaptateur-rj45-usb-c\/","og_locale":"de_DE","og_type":"article","og_title":"Adaptateur hub Ethernet RJ45 - USB-C","og_description":"Cet adaptateur hub Ethernet RJ45 - USB-C permet de relier un c\u00e2ble Ethernet \u00e0 un ordinateur portable ou fixe, \u00e0 une tablette ou un smartphone muni d'une entr\u00e9e USB-C.\u00a0Vous pouvez ainsi vous connecter \u00e0 Internet sur ces appareils sans aucune onde (ni WiFi, ni donn\u00e9es mobiles).\u00a0Id\u00e9al au bureau et \u00e0 la maison.","og_url":"https:\/\/369agara.com\/de\/produkt\/adaptateur-rj45-usb-c\/","og_site_name":"Agara","article_modified_time":"2025-05-12T18:03:35+00:00","og_image":[{"width":800,"height":800,"url":"https:\/\/369agara.com\/wp-content\/uploads\/2025\/05\/adaptateur-hub-ethernet-rj45-usb-c.jpg","type":"image\/jpeg"}],"twitter_card":"summary_large_image","twitter_misc":{"Gesch\u00e4tzte Lesezeit":"2\u00a0Minuten"},"schema":{"@context":"https:\/\/schema.org","@graph":[{"@type":"WebPage","@id":"https:\/\/369agara.com\/produit\/adaptateur-rj45-usb-c\/","url":"https:\/\/369agara.com\/produit\/adaptateur-rj45-usb-c\/","name":"Adaptateur hub Ethernet RJ45 - USB-C | Agara","isPartOf":{"@id":"https:\/\/369agara.com\/#website"},"primaryImageOfPage":{"@id":"https:\/\/369agara.com\/produit\/adaptateur-rj45-usb-c\/#primaryimage"},"image":{"@id":"https:\/\/369agara.com\/produit\/adaptateur-rj45-usb-c\/#primaryimage"},"thumbnailUrl":"https:\/\/369agara.com\/wp-content\/uploads\/2025\/05\/adaptateur-hub-ethernet-rj45-usb-c.jpg","datePublished":"2025-05-12T17:54:17+00:00","dateModified":"2025-05-12T18:03:35+00:00","description":"Cet adaptateur hub Ethernet RJ45 - USB-C permet de relier un c\u00e2ble Ethernet \u00e0 un ordinateur portable ou fixe, \u00e0 une tablette ou un smartphone muni d'une entr\u00e9e USB-C.\u00a0Vous pouvez ainsi vous connecter \u00e0 Internet sur ces appareils sans aucune onde (ni WiFi, ni donn\u00e9es mobiles).\u00a0Id\u00e9al au bureau et \u00e0 la maison.","breadcrumb":{"@id":"https:\/\/369agara.com\/produit\/adaptateur-rj45-usb-c\/#breadcrumb"},"inLanguage":"de","potentialAction":[{"@type":"ReadAction","target":["https:\/\/369agara.com\/produit\/adaptateur-rj45-usb-c\/"]}]},{"@type":"ImageObject","inLanguage":"de","@id":"https:\/\/369agara.com\/produit\/adaptateur-rj45-usb-c\/#primaryimage","url":"https:\/\/369agara.com\/wp-content\/uploads\/2025\/05\/adaptateur-hub-ethernet-rj45-usb-c.jpg","contentUrl":"https:\/\/369agara.com\/wp-content\/uploads\/2025\/05\/adaptateur-hub-ethernet-rj45-usb-c.jpg","width":800,"height":800},{"@type":"BreadcrumbList","@id":"https:\/\/369agara.com\/produit\/adaptateur-rj45-usb-c\/#breadcrumb","itemListElement":[{"@type":"ListItem","position":1,"name":"Accueil","item":"https:\/\/369agara.com\/"},{"@type":"ListItem","position":2,"name":"La boutique","item":"https:\/\/369agara.com\/la-boutique\/"},{"@type":"ListItem","position":3,"name":"Adaptateur hub Ethernet RJ45 &#8211; USB-C"}]},{"@type":"WebSite","@id":"https:\/\/369agara.com\/#website","url":"https:\/\/369agara.com\/","name":"Livsrikedomar","description":"Trennen Sie die Verbindung, um sich besser zu verbinden","publisher":{"@id":"https:\/\/369agara.com\/#organization"},"potentialAction":[{"@type":"SearchAction","target":{"@type":"EntryPoint","urlTemplate":"https:\/\/369agara.com\/?s={search_term_string}"},"query-input":{"@type":"PropertyValueSpecification","valueRequired":true,"valueName":"search_term_string"}}],"inLanguage":"de"},{"@type":"Organization","@id":"https:\/\/369agara.com\/#organization","name":"EACreations","url":"https:\/\/369agara.com\/","logo":{"@type":"ImageObject","inLanguage":"de","@id":"https:\/\/369agara.com\/#\/schema\/logo\/image\/","url":"","contentUrl":"","caption":"EACreations"},"image":{"@id":"https:\/\/369agara.com\/#\/schema\/logo\/image\/"}}]}},"jetpack_sharing_enabled":true,"_links":{"self":[{"href":"https:\/\/369agara.com\/de\/wp-json\/wp\/v2\/product\/3815","targetHints":{"allow":["GET"]}}],"collection":[{"href":"https:\/\/369agara.com\/de\/wp-json\/wp\/v2\/product"}],"about":[{"href":"https:\/\/369agara.com\/de\/wp-json\/wp\/v2\/types\/product"}],"replies":[{"embeddable":true,"href":"https:\/\/369agara.com\/de\/wp-json\/wp\/v2\/comments?post=3815"}],"wp:featuredmedia":[{"embeddable":true,"href":"https:\/\/369agara.com\/de\/wp-json\/wp\/v2\/media\/3813"}],"wp:attachment":[{"href":"https:\/\/369agara.com\/de\/wp-json\/wp\/v2\/media?parent=3815"}],"wp:term":[{"taxonomy":"product_brand","embeddable":true,"href":"https:\/\/369agara.com\/de\/wp-json\/wp\/v2\/product_brand?post=3815"},{"taxonomy":"product_cat","embeddable":true,"href":"https:\/\/369agara.com\/de\/wp-json\/wp\/v2\/product_cat?post=3815"},{"taxonomy":"product_tag","embeddable":true,"href":"https:\/\/369agara.com\/de\/wp-json\/wp\/v2\/product_tag?post=3815"}],"curies":[{"name":"wp","href":"https:\/\/api.w.org\/{rel}","templated":true}]}}