{"id":1066,"date":"2022-10-18T14:42:02","date_gmt":"2022-10-18T12:42:02","guid":{"rendered":"https:\/\/369agara.com\/?page_id=1066"},"modified":"2025-05-13T23:11:30","modified_gmt":"2025-05-13T21:11:30","slug":"bijoux-energetiques","status":"publish","type":"page","link":"https:\/\/369agara.com\/en\/bijoux-energetiques\/","title":{"rendered":"Energy jewellery"},"content":{"rendered":"<div class=\"row row-collapse row-full-width\"  id=\"row-1265798903\">\n\n\n\t<div id=\"col-515123468\" class=\"col medium-4 large-4\"  >\n\t\t\t\t<div class=\"col-inner\"  >\n\t\t\t\n\t\t\t\n\n\n\t\t<\/div>\n\t\t\t\t\t<\/div>\n\n\t\n\n\t<div id=\"col-97528686\" class=\"col medium-4 large-4\"  >\n\t\t\t\t<div class=\"col-inner\"  >\n\t\t\t\n\t\t\t\n\n\t<div class=\"img has-hover x md-x lg-x y md-y lg-y\" id=\"image_1458346290\">\n\t\t\t\t\t\t\t\t<div class=\"img-inner dark\" >\n\t\t\t<img loading=\"lazy\" decoding=\"async\" width=\"842\" height=\"595\" src=\"https:\/\/369agara.com\/wp-content\/uploads\/2025\/05\/Logo-1.jpg\" class=\"attachment-large size-large\" alt=\"\" srcset=\"https:\/\/369agara.com\/wp-content\/uploads\/2025\/05\/Logo-1.jpg 842w, https:\/\/369agara.com\/wp-content\/uploads\/2025\/05\/Logo-1-300x212.jpg 300w, https:\/\/369agara.com\/wp-content\/uploads\/2025\/05\/Logo-1-768x543.jpg 768w, https:\/\/369agara.com\/wp-content\/uploads\/2025\/05\/Logo-1-18x12.jpg 18w, https:\/\/369agara.com\/wp-content\/uploads\/2025\/05\/Logo-1-510x360.jpg 510w\" sizes=\"auto, (max-width: 842px) 100vw, 842px\" \/>\t\t\t\t\t\t\n\t\t\t\t\t<\/div>\n\t\t\t\t\t\t\t\t\n<style>\n#image_1458346290 {\n  width: 100%;\n}\n<\/style>\n\t<\/div>\n\t\n\n\n\t\t<\/div>\n\t\t\t\t\t<\/div>\n\n\t\n\n\t<div id=\"col-1793224457\" class=\"col medium-4 large-4\"  >\n\t\t\t\t<div class=\"col-inner\"  >\n\t\t\t\n\t\t\t\n\n\n\t\t<\/div>\n\t\t\t\t\t<\/div>\n\n\t\n\n<\/div>\n<p><span style=\"font-family: 'book antiqua', palatino, serif; font-size: 120%; color: #333399;\">Ea Cr\u00e9ations verkstad \u00e4r en fransk hantverkare.<\/span><br \/><span style=\"font-family: 'book antiqua', palatino, serif; font-size: 120%; color: #333399;\">Jag tillverkar alla mina f\u00f6rem\u00e5l f\u00f6r hand, med kvalitetsmaterial, utvalda med h\u00f6ga krav.<br \/>Alla v\u00e5ra stenar \u00e4r av AAA-kvalitet.<\/span><\/p>\n<p>&nbsp;<\/p>\n<blockquote>\n<p style=\"text-align: right;\"><span style=\"font-family: 'book antiqua', palatino, serif; font-size: 120%; color: #333399;\"><em>Alla halsband och armband \u00e4r satta med \u00e4kta halv\u00e4delstenar<br \/>p\u00e5 en elastisk eller syntetiskt fodrad tr\u00e5d, med sp\u00e4nne eller utan.<\/em><\/span><\/p>\n<\/blockquote>\n<p><span style=\"font-family: 'book antiqua', palatino, serif; font-size: 120%; color: #333399;\"><br \/>Under m\u00e5nga \u00e5r, har stenarna fortsatt att bevisa sina terapeutiska egenskaper: lugnande f\u00f6r den ene, energigivande f\u00f6r den andra, ocks\u00e5 skyddande...<\/span><\/p>\n<p><span style=\"font-family: 'book antiqua', palatino, serif; font-size: 120%; color: #333399;\">Tagen med passion av stenarnas magi s\u00e5v\u00e4l som m\u00e4nsklighetens historia, \u00e4r det med mitt hj\u00e4rta jag skapar, f\u00f6r att f\u00e5 alla att dra nytta av dygderna hos stenar fr\u00e5n f\u00f6rf\u00e4dernas tro.<\/span><\/p>\n<p><span style=\"font-family: 'book antiqua', palatino, serif; font-size: 120%; color: #333399;\">Mina skapelser \u00e4r resultatet av m\u00e5nga timmars forskning om stenars egenskaper, genom mina studier i konst och fotografi, och mina dagliga inspirationer.<\/span><br \/><span style=\"font-family: 'book antiqua', palatino, serif; font-size: 120%; color: #333399;\">S\u00e5ledes hittar du inte n\u00e5gon annanstans de sammans\u00e4ttningar som f\u00f6reslagits lika mycket av storleken p\u00e5 stenarna som av sammans\u00e4ttningen, \u00e4n p\u00e5 denna webbplats.<\/span><br \/><span style=\"font-family: 'book antiqua', palatino, serif; font-size: 120%; color: #333399;\">Armband har 18, 27 eller 36 stenar och halsband har 45, 54, 63, 72, 81, 90, 99, 100, 108... stenar.<\/span><\/p>\n<p><span style=\"font-family: 'book antiqua', palatino, serif; font-size: 120%; color: #333399;\">Dessa siffror \u00e4r ingen slump. De h\u00e4rr\u00f6r fr\u00e5n den \u00e4ldsta tron p\u00e5 v\u00e5r planet hittills k\u00e4nt, \" Veda \", som visar att siffran 9 \u00e4r det heliga talet par excellence.<\/span><br \/><span style=\"font-family: 'book antiqua', palatino, serif; font-size: 120%; color: #333399;\">Namnet p\u00e5 f\u00f6rem\u00e5len \u00e4r p\u00e5 \" sanskrit \" \u00f6versatt fonetiskt.<\/span><\/p>\n<p><span style=\"font-family: 'book antiqua', palatino, serif; font-size: 120%; color: #333399;\">S\u00e5 jag ser till att kombinera stenarna s\u00e5 att du drar nytta av alla deras f\u00f6rdelar, s\u00e5v\u00e4l som estetik.<\/span><\/p>\n<p>&nbsp;<\/p>\n<p style=\"text-align: right;\"><span style=\"color: #e14d43;\"><em><span style=\"font-family: 'book antiqua', palatino, serif; font-size: 120%;\">! VIKTIG!<\/span><\/em><\/span><br \/><span style=\"color: #e14d43;\"><em><span style=\"font-family: 'book antiqua', palatino, serif; font-size: 120%;\">Bilderna \u00e4r inte avtalsenliga eftersom varje sten \u00e4r unik.<\/span><\/em><\/span><br \/><span style=\"color: #e14d43;\"><em><span style=\"font-family: 'book antiqua', palatino, serif; font-size: 120%;\">S\u00e5 det kan finnas en variation fr\u00e5n en p\u00e4rla till en annan.<\/span><\/em><\/span><\/p>\n\t<div id=\"gap-1049978789\" class=\"gap-element clearfix\" style=\"display:block; height:auto;\">\n\t\t\n<style>\n#gap-1049978789 {\n  padding-top: 70px;\n}\n<\/style>\n\t<\/div>\n\t\n\n<a href=\"https:\/\/369agara.com\/product-category\/smycken-av-halvadelsten\/\" target=\"_self\" class=\"button primary is-shade is-large box-shadow-4 box-shadow-5-hover expand\"  style=\"border-radius:10px;\">\n    <span>G\u00e5 in i Butiken<\/span>\n  <\/a>","protected":false},"excerpt":{"rendered":"","protected":false},"author":1,"featured_media":0,"parent":0,"menu_order":0,"comment_status":"closed","ping_status":"closed","template":"","meta":{"footnotes":""},"class_list":["post-1066","page","type-page","status-publish","hentry"],"yoast_head":"<!-- This site is optimized with the Yoast SEO Premium plugin v25.1 (Yoast SEO v27.4) - https:\/\/yoast.com\/product\/yoast-seo-premium-wordpress\/ -->\n<title>Bijoux \u00e9nerg\u00e9tiques | Agara<\/title>\n<meta name=\"description\" content=\"Verkstaden EaCr\u00e9ation \u00e4r en fransk autopren\u00f6r. Han tillverkar alla sina f\u00f6rem\u00e5l f\u00f6r hand, med kvalitetsmaterial, utvalda enligt h\u00f6ga standarder.\" \/>\n<meta name=\"robots\" content=\"index, follow, max-snippet:-1, max-image-preview:large, max-video-preview:-1\" \/>\n<link rel=\"canonical\" href=\"https:\/\/369agara.com\/en\/bijoux-energetiques\/\" \/>\n<meta property=\"og:locale\" content=\"en_GB\" \/>\n<meta property=\"og:type\" content=\"article\" \/>\n<meta property=\"og:title\" content=\"Bijoux \u00e9nerg\u00e9tiques\" \/>\n<meta property=\"og:description\" content=\"Verkstaden EaCr\u00e9ation \u00e4r en fransk autopren\u00f6r. Han tillverkar alla sina f\u00f6rem\u00e5l f\u00f6r hand, med kvalitetsmaterial, utvalda enligt h\u00f6ga standarder.\" \/>\n<meta property=\"og:url\" content=\"https:\/\/369agara.com\/en\/bijoux-energetiques\/\" \/>\n<meta property=\"og:site_name\" content=\"Agara\" \/>\n<meta property=\"article:modified_time\" content=\"2025-05-13T21:11:30+00:00\" \/>\n<meta name=\"twitter:card\" content=\"summary_large_image\" \/>\n<meta name=\"twitter:label1\" content=\"Estimated reading time\" \/>\n\t<meta name=\"twitter:data1\" content=\"2 minutes\" \/>\n<script type=\"application\/ld+json\" class=\"yoast-schema-graph\">{\"@context\":\"https:\\\/\\\/schema.org\",\"@graph\":[{\"@type\":\"WebPage\",\"@id\":\"https:\\\/\\\/369agara.com\\\/bijoux-energetiques\\\/\",\"url\":\"https:\\\/\\\/369agara.com\\\/bijoux-energetiques\\\/\",\"name\":\"Bijoux \u00e9nerg\u00e9tiques | Agara\",\"isPartOf\":{\"@id\":\"https:\\\/\\\/369agara.com\\\/#website\"},\"datePublished\":\"2022-10-18T12:42:02+00:00\",\"dateModified\":\"2025-05-13T21:11:30+00:00\",\"description\":\"Verkstaden EaCr\u00e9ation \u00e4r en fransk autopren\u00f6r. Han tillverkar alla sina f\u00f6rem\u00e5l f\u00f6r hand, med kvalitetsmaterial, utvalda enligt h\u00f6ga standarder.\",\"breadcrumb\":{\"@id\":\"https:\\\/\\\/369agara.com\\\/bijoux-energetiques\\\/#breadcrumb\"},\"inLanguage\":\"en-GB\",\"potentialAction\":[{\"@type\":\"ReadAction\",\"target\":[\"https:\\\/\\\/369agara.com\\\/bijoux-energetiques\\\/\"]}]},{\"@type\":\"BreadcrumbList\",\"@id\":\"https:\\\/\\\/369agara.com\\\/bijoux-energetiques\\\/#breadcrumb\",\"itemListElement\":[{\"@type\":\"ListItem\",\"position\":1,\"name\":\"Accueil\",\"item\":\"https:\\\/\\\/369agara.com\\\/\"},{\"@type\":\"ListItem\",\"position\":2,\"name\":\"Bijoux \u00e9nerg\u00e9tiques\"}]},{\"@type\":\"WebSite\",\"@id\":\"https:\\\/\\\/369agara.com\\\/#website\",\"url\":\"https:\\\/\\\/369agara.com\\\/\",\"name\":\"Livsrikedomar\",\"description\":\"D\u00e9connectez pour mieux vous connecter\",\"publisher\":{\"@id\":\"https:\\\/\\\/369agara.com\\\/#organization\"},\"potentialAction\":[{\"@type\":\"SearchAction\",\"target\":{\"@type\":\"EntryPoint\",\"urlTemplate\":\"https:\\\/\\\/369agara.com\\\/?s={search_term_string}\"},\"query-input\":{\"@type\":\"PropertyValueSpecification\",\"valueRequired\":true,\"valueName\":\"search_term_string\"}}],\"inLanguage\":\"en-GB\"},{\"@type\":\"Organization\",\"@id\":\"https:\\\/\\\/369agara.com\\\/#organization\",\"name\":\"EACreations\",\"url\":\"https:\\\/\\\/369agara.com\\\/\",\"logo\":{\"@type\":\"ImageObject\",\"inLanguage\":\"en-GB\",\"@id\":\"https:\\\/\\\/369agara.com\\\/#\\\/schema\\\/logo\\\/image\\\/\",\"url\":\"\",\"contentUrl\":\"\",\"caption\":\"EACreations\"},\"image\":{\"@id\":\"https:\\\/\\\/369agara.com\\\/#\\\/schema\\\/logo\\\/image\\\/\"}}]}<\/script>\n<!-- \/ Yoast SEO Premium plugin. -->","yoast_head_json":{"title":"Energy jewellery | Agara","description":"Verkstaden EaCr\u00e9ation \u00e4r en fransk autopren\u00f6r. Han tillverkar alla sina f\u00f6rem\u00e5l f\u00f6r hand, med kvalitetsmaterial, utvalda enligt h\u00f6ga standarder.","robots":{"index":"index","follow":"follow","max-snippet":"max-snippet:-1","max-image-preview":"max-image-preview:large","max-video-preview":"max-video-preview:-1"},"canonical":"https:\/\/369agara.com\/en\/bijoux-energetiques\/","og_locale":"en_GB","og_type":"article","og_title":"Bijoux \u00e9nerg\u00e9tiques","og_description":"Verkstaden EaCr\u00e9ation \u00e4r en fransk autopren\u00f6r. Han tillverkar alla sina f\u00f6rem\u00e5l f\u00f6r hand, med kvalitetsmaterial, utvalda enligt h\u00f6ga standarder.","og_url":"https:\/\/369agara.com\/en\/bijoux-energetiques\/","og_site_name":"Agara","article_modified_time":"2025-05-13T21:11:30+00:00","twitter_card":"summary_large_image","twitter_misc":{"Estimated reading time":"2 minutes"},"schema":{"@context":"https:\/\/schema.org","@graph":[{"@type":"WebPage","@id":"https:\/\/369agara.com\/bijoux-energetiques\/","url":"https:\/\/369agara.com\/bijoux-energetiques\/","name":"Energy jewellery | Agara","isPartOf":{"@id":"https:\/\/369agara.com\/#website"},"datePublished":"2022-10-18T12:42:02+00:00","dateModified":"2025-05-13T21:11:30+00:00","description":"Verkstaden EaCr\u00e9ation \u00e4r en fransk autopren\u00f6r. Han tillverkar alla sina f\u00f6rem\u00e5l f\u00f6r hand, med kvalitetsmaterial, utvalda enligt h\u00f6ga standarder.","breadcrumb":{"@id":"https:\/\/369agara.com\/bijoux-energetiques\/#breadcrumb"},"inLanguage":"en-GB","potentialAction":[{"@type":"ReadAction","target":["https:\/\/369agara.com\/bijoux-energetiques\/"]}]},{"@type":"BreadcrumbList","@id":"https:\/\/369agara.com\/bijoux-energetiques\/#breadcrumb","itemListElement":[{"@type":"ListItem","position":1,"name":"Accueil","item":"https:\/\/369agara.com\/"},{"@type":"ListItem","position":2,"name":"Bijoux \u00e9nerg\u00e9tiques"}]},{"@type":"WebSite","@id":"https:\/\/369agara.com\/#website","url":"https:\/\/369agara.com\/","name":"Livsrikedomar","description":"Disconnect to better connect","publisher":{"@id":"https:\/\/369agara.com\/#organization"},"potentialAction":[{"@type":"SearchAction","target":{"@type":"EntryPoint","urlTemplate":"https:\/\/369agara.com\/?s={search_term_string}"},"query-input":{"@type":"PropertyValueSpecification","valueRequired":true,"valueName":"search_term_string"}}],"inLanguage":"en-GB"},{"@type":"Organization","@id":"https:\/\/369agara.com\/#organization","name":"EACreations","url":"https:\/\/369agara.com\/","logo":{"@type":"ImageObject","inLanguage":"en-GB","@id":"https:\/\/369agara.com\/#\/schema\/logo\/image\/","url":"","contentUrl":"","caption":"EACreations"},"image":{"@id":"https:\/\/369agara.com\/#\/schema\/logo\/image\/"}}]}},"jetpack_sharing_enabled":true,"_links":{"self":[{"href":"https:\/\/369agara.com\/en\/wp-json\/wp\/v2\/pages\/1066","targetHints":{"allow":["GET"]}}],"collection":[{"href":"https:\/\/369agara.com\/en\/wp-json\/wp\/v2\/pages"}],"about":[{"href":"https:\/\/369agara.com\/en\/wp-json\/wp\/v2\/types\/page"}],"author":[{"embeddable":true,"href":"https:\/\/369agara.com\/en\/wp-json\/wp\/v2\/users\/1"}],"replies":[{"embeddable":true,"href":"https:\/\/369agara.com\/en\/wp-json\/wp\/v2\/comments?post=1066"}],"version-history":[{"count":24,"href":"https:\/\/369agara.com\/en\/wp-json\/wp\/v2\/pages\/1066\/revisions"}],"predecessor-version":[{"id":3864,"href":"https:\/\/369agara.com\/en\/wp-json\/wp\/v2\/pages\/1066\/revisions\/3864"}],"wp:attachment":[{"href":"https:\/\/369agara.com\/en\/wp-json\/wp\/v2\/media?parent=1066"}],"curies":[{"name":"wp","href":"https:\/\/api.w.org\/{rel}","templated":true}]}}