{"id":3836,"date":"2025-05-13T00:03:16","date_gmt":"2025-05-12T22:03:16","guid":{"rendered":"https:\/\/369agara.com\/?page_id=3836"},"modified":"2025-05-13T10:45:49","modified_gmt":"2025-05-13T08:45:49","slug":"fiche-technique-peinture-anti-ondes-yshield","status":"publish","type":"page","link":"https:\/\/369agara.com\/en\/fiche-technique-peinture-anti-ondes-yshield\/","title":{"rendered":"Fiche technique peinture anti-ondes Yshield"},"content":{"rendered":"<section class=\"section\" id=\"section_993472040\">\n\t\t<div class=\"bg section-bg fill bg-fill bg-loaded bg-loaded\" >\n\n\t\t\t\n\t\t\t\n\t\t\t\n\n\t\t<\/div>\n\n\t\t\n\n\t\t<div class=\"section-content relative\">\n\t\t\t\n\n<h1 style=\"text-align: center;\"><span style=\"font-family: 'Book Antiqua', Palatino; font-size: 120%; color: #333399;\">PRO54 YShield high and low frequency anti-wave paint<\/span><\/h1>\n<p><span style=\"font-family: 'Book Antiqua', Palatino; font-size: 120%; color: #333399;\">YShield PRO54 high- and low-frequency protective paint provides protection from high-frequency radiation (from DECT cordless home telephones, WiFi and Wimax wireless networks, mobile phone aerials, 5G, radar, etc.), but also reduces low-frequency electric fields (mainly from domestic electricity) and electrostatic fields.<\/span><\/p>\n<p><span style=\"font-family: 'Book Antiqua', Palatino; font-size: 120%; color: #333399;\">Professional graphite-free armour paint with maximum hardness and adhesion. Minimal staining. Slightly sweet odour, use only in unoccupied rooms for 7 days.<\/span><\/p>\n<ul>\n<li><span style=\"font-family: 'Book Antiqua', Palatino; font-size: 120%; color: #333399;\">Breathable, solvent- and plasticiser-free - low VOC emissions<\/span><\/li>\n<li><span style=\"font-family: 'Book Antiqua', Palatino; font-size: 120%; color: #333399;\">Excellent adhesion to all indoor and outdoor surfaces (very high resistance to humidity)<\/span><\/li>\n<li><span style=\"font-family: 'Book Antiqua', Palatino; font-size: 120%; color: #333399;\">Exceptional physical and chemical properties combined with a high level of ecology<\/span><\/li>\n<li><span style=\"font-family: 'Book Antiqua', Palatino; font-size: 120%; color: #333399;\">Can be applied like \"classic\" paint, repainted and wallpapered<\/span><\/li>\n<\/ul>\n<p><span style=\"font-family: 'Book Antiqua', Palatino; font-size: 120%; color: #333399;\">The absence of graphite offers a number of advantages:<\/span><\/p>\n<ul>\n<li><span style=\"font-family: 'Book Antiqua', Palatino; font-size: 120%; color: #333399;\">Leaves no white marks when sweeping<\/span><\/li>\n<li><span style=\"font-family: 'Book Antiqua', Palatino; font-size: 120%; color: #333399;\">Does not leave black marks on light surfaces either (so easier to repaint)<\/span><\/li>\n<li><span style=\"font-family: 'Book Antiqua', Palatino; font-size: 120%; color: #333399;\">Its rough microporous surface provides a non-slip surface for excellent adhesion of the finishing paint.<\/span><\/li>\n<li><span style=\"font-family: 'Book Antiqua', Palatino; font-size: 120%; color: #333399;\">Its adhesive bond strength (4.8 N\/mm\u00b2 - adhesion to substrate) is as high as in paints containing graphite.<\/span><\/li>\n<\/ul>\n<p><span style=\"font-family: 'Book Antiqua', Palatino; font-size: 120%; color: #333399;\">The only drawback is that the electrical resistance and therefore the shielding effectiveness per coat is around 10 % lower than with other paints. We always recommend applying 2 coats of paint to achieve 35 to 40 dB of attenuation.<\/span><\/p>\n<div class=\"row\"  id=\"row-902017040\">\n\n\n\t<div id=\"col-1226369695\" class=\"col medium-6 small-12 large-6\"  >\n\t\t\t\t<div class=\"col-inner\"  >\n\t\t\t\n\t\t\t\n\n<h3><span style=\"font-family: 'Book Antiqua', Palatino; font-size: 120%; color: #333399;\">Ready for 5G<\/span><\/h3>\n<p><span style=\"font-family: 'Book Antiqua', Palatino; font-size: 120%; color: #333399;\">Thanks to constant development, YShield paints have almost linear attenuation over a very wide range of frequencies. This includes the two 5G frequency spectrums FR1 (600 MHz - 6 GHz) and FR2 (24 GHz - 40 GHz).<\/span><\/p>\n<h3><span style=\"font-family: 'Book Antiqua', Palatino; font-size: 120%; color: #333399;\">Technical specifications<\/span><\/h3>\n<p><span style=\"font-family: 'Book Antiqua', Palatino; font-size: 120%; color: #333399;\">Composition: water, pure acrylic dispersion, carbon fibres, carbon black, additives, preservatives (MIT, INN, BIT). Attenuation: one layer 32 dB | 2 layers 40 dB | 3 layers 48 dB. Specified values apply at 1 GHz. Measurement from 40\/600 MHz to 40 GHz according to ASTM D4935-10 or IEEE Std 299-2006 standards.<\/span><\/p>\n\n\t\t<\/div>\n\t\t\t\t\t<\/div>\n\n\t\n\n\t<div id=\"col-1881301633\" class=\"col medium-6 small-12 large-6\"  >\n\t\t\t\t<div class=\"col-inner\"  >\n\t\t\t\n\t\t\t\n\n\t<div class=\"img has-hover x md-x lg-x y md-y lg-y\" id=\"image_1356369200\">\n\t\t\t\t\t\t\t\t<div class=\"img-inner dark\" >\n\t\t\t<img loading=\"lazy\" decoding=\"async\" width=\"770\" height=\"740\" src=\"https:\/\/369agara.com\/wp-content\/uploads\/2025\/05\/Peinture-PRO54-YShield-1.jpg\" class=\"attachment-large size-large\" alt=\"\" srcset=\"https:\/\/369agara.com\/wp-content\/uploads\/2025\/05\/Peinture-PRO54-YShield-1.jpg 770w, https:\/\/369agara.com\/wp-content\/uploads\/2025\/05\/Peinture-PRO54-YShield-1-300x288.jpg 300w, https:\/\/369agara.com\/wp-content\/uploads\/2025\/05\/Peinture-PRO54-YShield-1-768x738.jpg 768w, https:\/\/369agara.com\/wp-content\/uploads\/2025\/05\/Peinture-PRO54-YShield-1-12x12.jpg 12w, https:\/\/369agara.com\/wp-content\/uploads\/2025\/05\/Peinture-PRO54-YShield-1-510x490.jpg 510w\" sizes=\"auto, (max-width: 770px) 100vw, 770px\" \/>\t\t\t\t\t\t\n\t\t\t\t\t<\/div>\n\t\t\t\t\t\t\t\t\n<style>\n#image_1356369200 {\n  width: 100%;\n}\n<\/style>\n\t<\/div>\n\t\n\n\n\t\t<\/div>\n\t\t\t\t\t<\/div>\n\n\t\n\n<\/div>\n<h3><span style=\"font-family: 'Book Antiqua', Palatino; font-size: 120%; color: #333399;\">Quantity required :<\/span><\/h3>\n<p><span style=\"font-family: 'Book Antiqua', Palatino; font-size: 120%; color: #333399;\">(depending on undercoat): single coat 5 to 7.5 m\u00b2 \/ litre, 2 coats 2.5 to 3.75 m\u00b2 \/ litre Behaviour in fire: this product is fire-retardant in accordance with DIN 4102-1 or DIN EN 13501-1. Can be coated preferably with plastic-based emulsion paints (latex), silicate dispersion paints, facade paints or silicone resin paints.<\/span><\/p>\n<p><span style=\"font-family: 'Book Antiqua', Palatino; font-size: 120%; color: #333399;\">As this paint is conductive, earthing is necessary! We recommend using EBX YShield earthing tape + GW YShield earthing plate + GC YShield earthing cable of the required length + GP YShield earthing plug indoors, and AF3 additive and GE earthing plate outdoors.<\/span><br \/><span style=\"font-family: 'Book Antiqua', Palatino; font-size: 120%; color: #333399;\">Optional: To fill cracks for better earthing, we recommend AF3 fibre additive with long conductive carbon fibres. These carbon fibres can also be used to replace EBX tapes for paint earthing.<\/span><\/p>\n<p><span style=\"font-family: 'Book Antiqua', Palatino; font-size: 120%; color: #333399;\">Frost resistance: this product is frost resistant (5 freeze\/thaw cycles tested) | Can be shipped all year round.<\/span><br \/><span style=\"font-family: 'Book Antiqua', Palatino; font-size: 120%; color: #333399;\">With no chemical or metallic particles, this paint is long-lasting, bio-compatible and hypoallergenic - and complies with Habitat Biology standards. <\/span><br \/><span style=\"font-family: 'Book Antiqua', Palatino; font-size: 120%; color: #333399;\">Colour of paint: black Storage stability: in a cool place, see expiry date on can. <\/span><br \/><span style=\"font-family: 'Book Antiqua', Palatino; font-size: 120%; color: #333399;\">Never dilute! <\/span><br \/><span style=\"font-family: 'Book Antiqua', Palatino; font-size: 120%; color: #333399;\">Drying time: between 12 and 24 h Washable with water VOCs: 0.2 \/ litre (threshold set by the European Union in 2010: 30 g\/litre) <\/span><br \/><span style=\"font-family: 'Book Antiqua', Palatino; font-size: 120%; color: #333399;\">Can be applied by brush, roller or spray with a nozzle larger than 6 mm. <\/span><br \/><span style=\"font-family: 'Book Antiqua', Palatino; font-size: 120%; color: #333399;\">Packaging: 1 litre and 5 litre cans <\/span><br \/><span style=\"font-family: 'Book Antiqua', Palatino; font-size: 120%; color: #333399;\">No nanotechnology: shielding paints are developed in accordance with strict ecological criteria. <\/span><\/p>\n<p><span style=\"font-family: 'Book Antiqua', Palatino; font-size: 120%; color: #333399;\">Made in Germany by YShield T\u00dcV-S\u00dcD certification: All YShield shielding paints are T\u00dcV-S\u00dcD tested. <\/span><br \/><span style=\"font-family: 'Book Antiqua', Palatino; font-size: 120%; color: #333399;\">The entire manufacturing process, including quality assurance, product emissions and the economical use of preservatives, is monitored.<\/span><\/p>\n<h3><span style=\"font-family: 'Book Antiqua', Palatino; font-size: 120%; color: #333399;\">Application<\/span><\/h3>\n<p><span style=\"font-family: 'Book Antiqua', Palatino; font-size: 120%; color: #333399;\">Apply indoors only, using a brush, roller or nozzle.<\/span><br \/><span style=\"font-family: 'Book Antiqua', Palatino; font-size: 120%; color: #333399;\">You'll find all our advice in the practical sheet entitled \"Applying anti-wave paint\", which you can download from our website.<\/span><\/p>\n<p><span style=\"font-family: 'Book Antiqua', Palatino; font-size: 120%; color: #333399;\">We accept no liability for damage to persons, animals or objects caused by incorrect application of the paint, in particular earthing and electrical installation that does not comply with DIN 57100 \/ VDE 0100 standards. We recommend that the electrical installation and earthing of YShield\u00ae paints be checked by a specialist electrician.<\/span><\/p>\n\n\t\t<\/div>\n\n\t\t\n<style>\n#section_993472040 {\n  padding-top: 30px;\n  padding-bottom: 30px;\n}\n#section_993472040 .ux-shape-divider--top svg {\n  height: 150px;\n  --divider-top-width: 100%;\n}\n#section_993472040 .ux-shape-divider--bottom svg {\n  height: 150px;\n  --divider-width: 100%;\n}\n<\/style>\n\t<\/section>","protected":false},"excerpt":{"rendered":"","protected":false},"author":1,"featured_media":0,"parent":0,"menu_order":0,"comment_status":"closed","ping_status":"closed","template":"","meta":{"footnotes":""},"class_list":["post-3836","page","type-page","status-publish","hentry"],"yoast_head":"<!-- This site is optimized with the Yoast SEO Premium plugin v25.1 (Yoast SEO v27.4) - https:\/\/yoast.com\/product\/yoast-seo-premium-wordpress\/ -->\n<title>Fiche technique peinture anti-ondes Yshield | Agara<\/title>\n<meta name=\"robots\" content=\"index, follow, max-snippet:-1, max-image-preview:large, max-video-preview:-1\" \/>\n<link rel=\"canonical\" href=\"https:\/\/369agara.com\/en\/fiche-technique-peinture-anti-ondes-yshield\/\" \/>\n<meta property=\"og:locale\" content=\"en_GB\" \/>\n<meta property=\"og:type\" content=\"article\" \/>\n<meta property=\"og:title\" content=\"Fiche technique peinture anti-ondes Yshield\" \/>\n<meta property=\"og:url\" content=\"https:\/\/369agara.com\/en\/fiche-technique-peinture-anti-ondes-yshield\/\" \/>\n<meta property=\"og:site_name\" content=\"Agara\" \/>\n<meta property=\"article:modified_time\" content=\"2025-05-13T08:45:49+00:00\" \/>\n<meta name=\"twitter:card\" content=\"summary_large_image\" \/>\n<script type=\"application\/ld+json\" class=\"yoast-schema-graph\">{\"@context\":\"https:\\\/\\\/schema.org\",\"@graph\":[{\"@type\":\"WebPage\",\"@id\":\"https:\\\/\\\/369agara.com\\\/fiche-technique-peinture-anti-ondes-yshield\\\/\",\"url\":\"https:\\\/\\\/369agara.com\\\/fiche-technique-peinture-anti-ondes-yshield\\\/\",\"name\":\"Fiche technique peinture anti-ondes Yshield | Agara\",\"isPartOf\":{\"@id\":\"https:\\\/\\\/369agara.com\\\/#website\"},\"datePublished\":\"2025-05-12T22:03:16+00:00\",\"dateModified\":\"2025-05-13T08:45:49+00:00\",\"breadcrumb\":{\"@id\":\"https:\\\/\\\/369agara.com\\\/fiche-technique-peinture-anti-ondes-yshield\\\/#breadcrumb\"},\"inLanguage\":\"en-GB\",\"potentialAction\":[{\"@type\":\"ReadAction\",\"target\":[\"https:\\\/\\\/369agara.com\\\/fiche-technique-peinture-anti-ondes-yshield\\\/\"]}]},{\"@type\":\"BreadcrumbList\",\"@id\":\"https:\\\/\\\/369agara.com\\\/fiche-technique-peinture-anti-ondes-yshield\\\/#breadcrumb\",\"itemListElement\":[{\"@type\":\"ListItem\",\"position\":1,\"name\":\"Accueil\",\"item\":\"https:\\\/\\\/369agara.com\\\/\"},{\"@type\":\"ListItem\",\"position\":2,\"name\":\"Fiche technique peinture anti-ondes Yshield\"}]},{\"@type\":\"WebSite\",\"@id\":\"https:\\\/\\\/369agara.com\\\/#website\",\"url\":\"https:\\\/\\\/369agara.com\\\/\",\"name\":\"Livsrikedomar\",\"description\":\"D\u00e9connectez pour mieux vous connecter\",\"publisher\":{\"@id\":\"https:\\\/\\\/369agara.com\\\/#organization\"},\"potentialAction\":[{\"@type\":\"SearchAction\",\"target\":{\"@type\":\"EntryPoint\",\"urlTemplate\":\"https:\\\/\\\/369agara.com\\\/?s={search_term_string}\"},\"query-input\":{\"@type\":\"PropertyValueSpecification\",\"valueRequired\":true,\"valueName\":\"search_term_string\"}}],\"inLanguage\":\"en-GB\"},{\"@type\":\"Organization\",\"@id\":\"https:\\\/\\\/369agara.com\\\/#organization\",\"name\":\"EACreations\",\"url\":\"https:\\\/\\\/369agara.com\\\/\",\"logo\":{\"@type\":\"ImageObject\",\"inLanguage\":\"en-GB\",\"@id\":\"https:\\\/\\\/369agara.com\\\/#\\\/schema\\\/logo\\\/image\\\/\",\"url\":\"\",\"contentUrl\":\"\",\"caption\":\"EACreations\"},\"image\":{\"@id\":\"https:\\\/\\\/369agara.com\\\/#\\\/schema\\\/logo\\\/image\\\/\"}}]}<\/script>\n<!-- \/ Yoast SEO Premium plugin. -->","yoast_head_json":{"title":"Fiche technique peinture anti-ondes Yshield | Agara","robots":{"index":"index","follow":"follow","max-snippet":"max-snippet:-1","max-image-preview":"max-image-preview:large","max-video-preview":"max-video-preview:-1"},"canonical":"https:\/\/369agara.com\/en\/fiche-technique-peinture-anti-ondes-yshield\/","og_locale":"en_GB","og_type":"article","og_title":"Fiche technique peinture anti-ondes Yshield","og_url":"https:\/\/369agara.com\/en\/fiche-technique-peinture-anti-ondes-yshield\/","og_site_name":"Agara","article_modified_time":"2025-05-13T08:45:49+00:00","twitter_card":"summary_large_image","schema":{"@context":"https:\/\/schema.org","@graph":[{"@type":"WebPage","@id":"https:\/\/369agara.com\/fiche-technique-peinture-anti-ondes-yshield\/","url":"https:\/\/369agara.com\/fiche-technique-peinture-anti-ondes-yshield\/","name":"Fiche technique peinture anti-ondes Yshield | Agara","isPartOf":{"@id":"https:\/\/369agara.com\/#website"},"datePublished":"2025-05-12T22:03:16+00:00","dateModified":"2025-05-13T08:45:49+00:00","breadcrumb":{"@id":"https:\/\/369agara.com\/fiche-technique-peinture-anti-ondes-yshield\/#breadcrumb"},"inLanguage":"en-GB","potentialAction":[{"@type":"ReadAction","target":["https:\/\/369agara.com\/fiche-technique-peinture-anti-ondes-yshield\/"]}]},{"@type":"BreadcrumbList","@id":"https:\/\/369agara.com\/fiche-technique-peinture-anti-ondes-yshield\/#breadcrumb","itemListElement":[{"@type":"ListItem","position":1,"name":"Accueil","item":"https:\/\/369agara.com\/"},{"@type":"ListItem","position":2,"name":"Fiche technique peinture anti-ondes Yshield"}]},{"@type":"WebSite","@id":"https:\/\/369agara.com\/#website","url":"https:\/\/369agara.com\/","name":"Livsrikedomar","description":"Disconnect to better connect","publisher":{"@id":"https:\/\/369agara.com\/#organization"},"potentialAction":[{"@type":"SearchAction","target":{"@type":"EntryPoint","urlTemplate":"https:\/\/369agara.com\/?s={search_term_string}"},"query-input":{"@type":"PropertyValueSpecification","valueRequired":true,"valueName":"search_term_string"}}],"inLanguage":"en-GB"},{"@type":"Organization","@id":"https:\/\/369agara.com\/#organization","name":"EACreations","url":"https:\/\/369agara.com\/","logo":{"@type":"ImageObject","inLanguage":"en-GB","@id":"https:\/\/369agara.com\/#\/schema\/logo\/image\/","url":"","contentUrl":"","caption":"EACreations"},"image":{"@id":"https:\/\/369agara.com\/#\/schema\/logo\/image\/"}}]}},"jetpack_sharing_enabled":true,"_links":{"self":[{"href":"https:\/\/369agara.com\/en\/wp-json\/wp\/v2\/pages\/3836","targetHints":{"allow":["GET"]}}],"collection":[{"href":"https:\/\/369agara.com\/en\/wp-json\/wp\/v2\/pages"}],"about":[{"href":"https:\/\/369agara.com\/en\/wp-json\/wp\/v2\/types\/page"}],"author":[{"embeddable":true,"href":"https:\/\/369agara.com\/en\/wp-json\/wp\/v2\/users\/1"}],"replies":[{"embeddable":true,"href":"https:\/\/369agara.com\/en\/wp-json\/wp\/v2\/comments?post=3836"}],"version-history":[{"count":3,"href":"https:\/\/369agara.com\/en\/wp-json\/wp\/v2\/pages\/3836\/revisions"}],"predecessor-version":[{"id":3840,"href":"https:\/\/369agara.com\/en\/wp-json\/wp\/v2\/pages\/3836\/revisions\/3840"}],"wp:attachment":[{"href":"https:\/\/369agara.com\/en\/wp-json\/wp\/v2\/media?parent=3836"}],"curies":[{"name":"wp","href":"https:\/\/api.w.org\/{rel}","templated":true}]}}