{"id":4136,"date":"2025-05-31T21:30:06","date_gmt":"2025-05-31T19:30:06","guid":{"rendered":"https:\/\/369agara.com\/?page_id=4136"},"modified":"2025-05-31T22:01:04","modified_gmt":"2025-05-31T20:01:04","slug":"eau-structuree-eau-vivifiee-dispensatrice-denergie-vitale-pour-tous-nos-besoins","status":"publish","type":"page","link":"https:\/\/369agara.com\/en\/eau-structuree-eau-vivifiee-dispensatrice-denergie-vitale-pour-tous-nos-besoins\/","title":{"rendered":"STRUCTURED WATER, VIVIFIED WATER, a source of vital energy for all our needs"},"content":{"rendered":"<p><\/p>\n\n\n\n\t<section class=\"section\" id=\"section_245564808\">\n\t\t<div class=\"bg section-bg fill bg-fill bg-loaded bg-loaded\" >\n\n\t\t\t\n\t\t\t\n\t\t\t\n\n\t\t<\/div>\n\n\t\t\n\n\t\t<div class=\"section-content relative\">\n\t\t\t\n\n<h1 style=\"text-align: center;\"><span style=\"font-family: 'Book Antiqua', Palatino; font-size: 120%; color: #333399;\">STRUCTURED WATER, INVIGORATED WATER<\/span><br \/><span style=\"font-family: 'Book Antiqua', Palatino; font-size: 120%; color: #333399;\">dispensing vital energy for all our needs<\/span><\/h1>\n\t<div id=\"gap-1579092590\" class=\"gap-element clearfix\" style=\"display:block; height:auto;\">\n\t\t\n<style>\n#gap-1579092590 {\n  padding-top: 30px;\n}\n<\/style>\n\t<\/div>\n\t\n\n<p><span style=\"font-family: 'Book Antiqua', Palatino; font-size: 120%; color: #333399;\">In hot weather, you can feel even more intensely how vital water is to your health.<\/span><br \/><span style=\"font-family: 'Book Antiqua', Palatino; font-size: 120%; color: #333399;\">And you may be surprised to discover that the water you need so badly may not be the water you think it is.<\/span><br \/><span style=\"font-family: 'Book Antiqua', Palatino; font-size: 120%; color: #333399;\">Remember that at school we were taught that water exists in only three forms:<\/span><\/p>\n<ol>\n<li><span style=\"font-family: 'Book Antiqua', Palatino; font-size: 120%; color: #333399;\">Liquid: like the water you drink;<\/span><\/li>\n<li><span style=\"font-family: 'Book Antiqua', Palatino; font-size: 120%; color: #333399;\">Gaseous: like water, which turns into steam when it boils;<\/span><\/li>\n<li><span style=\"font-family: 'Book Antiqua', Palatino; font-size: 120%; color: #333399;\">Solid: like water, which turns to ice when the temperature drops below 0 Celsius.<\/span><\/li>\n<\/ol>\n<p><span style=\"font-family: 'Book Antiqua', Palatino; font-size: 120%; color: #333399;\">If scientists are to be believed, there is little else to discover about water. <\/span><br \/><span style=\"font-family: 'Book Antiqua', Palatino; font-size: 120%; color: #333399;\">But that's not the view of American bioengineer Gerald Pollack, one of the most fascinating and controversial scientists of our time. <\/span><br \/><span style=\"font-family: 'Book Antiqua', Palatino; font-size: 120%; color: #333399;\">According to his research, water also exists in a fourth, so-called 'structured' or 'living' form. <\/span><br \/><span style=\"font-family: 'Book Antiqua', Palatino; font-size: 120%; color: #333399;\">According to him, this new type of water could help to solve many health problems, such as joint pain, headaches, lack of energy, memory problems and fatigue. <\/span><br \/><span style=\"font-family: 'Book Antiqua', Palatino; font-size: 120%; color: #333399;\">It could even help people lose weight.<\/span><br \/><span style=\"font-family: 'Book Antiqua', Palatino; font-size: 120%; color: #333399;\">If this discovery is confirmed by everyone, it could completely change our understanding of water and its implications for health. <\/span><\/p>\n<h3><span style=\"font-family: 'Book Antiqua', Palatino; font-size: 120%; color: #333399;\">H3O2: the water that creates life.<\/span><\/h3>\n<p><span style=\"font-family: 'Book Antiqua', Palatino; font-size: 120%; color: #333399;\">If you could hold this structured water in your hand, you would feel a substance with a texture similar to egg white. Structured water is both as fine as a liquid and as dense as gelatine. <\/span><br \/><span style=\"font-family: 'Book Antiqua', Palatino; font-size: 120%; color: #333399;\">Its molecular form is different from liquid water in that it includes an extra atom of hydrogen and oxygen. <\/span><br \/><span style=\"font-family: 'Book Antiqua', Palatino; font-size: 120%; color: #333399;\">The biochemical composition of structured water is therefore H3O2 (instead of H2O for liquid water). <\/span><br \/><span style=\"font-family: 'Book Antiqua', Palatino; font-size: 120%; color: #333399;\">According to Professor Pollack, this subtle composition allows structured water to penetrate our cells and hydrate our organs. When we say that our bodies are mainly made up of water, we are in fact talking about structured water in the form of H3O2.<\/span><br \/><span style=\"font-family: 'Book Antiqua', Palatino; font-size: 120%; color: #333399;\">We are only at the beginning of research into structured water, and Professor Pollack's work is already revealing the fundamental role of this very special form of water:<\/span><\/p>\n<ul>\n<li><span style=\"font-family: 'Book Antiqua', Palatino; font-size: 120%; color: #333399;\">According to him, our cells are like little pockets filled with structured water. <\/span><br \/><span style=\"font-family: 'Book Antiqua', Palatino; font-size: 120%; color: #333399;\">Structured water is the essential molecule that enables our cells to be both solid and fluid.<\/span><br \/><span style=\"font-family: 'Book Antiqua', Palatino; font-size: 120%; color: #333399;\">It is this subtly balanced composition that keeps our cells in perpetual motion.<\/span><br \/><br \/><\/li>\n<li><span style=\"font-family: 'Book Antiqua', Palatino; font-size: 120%; color: #333399;\">Professor Pollack's research also suggests that structured water is 2 times more hydrating than liquid water, because it helps our bodies retain water and circulate it wherever we need it.<\/span><br \/><br \/><\/li>\n<li><span style=\"font-family: 'Book Antiqua', Palatino; font-size: 120%; color: #333399;\">Structured water conducts energy through our bodies much more efficiently than ordinary water because of its density and unique, constantly evolving structure. <\/span><br \/><span style=\"font-family: 'Book Antiqua', Palatino; font-size: 120%; color: #333399;\">Foods containing electrolytes (such as coconut and chocolate), which release an electrical charge when they begin to dissolve in the body, trigger the creation of more structured water and, consequently, better hydration of the body.<\/span><\/li>\n<\/ul>\n<h3><span style=\"font-family: 'Book Antiqua', Palatino; font-size: 120%; color: #333399;\">Structured water with extraordinary benefits.<\/span><\/h3>\n<p><span style=\"font-family: 'Book Antiqua', Palatino; font-size: 120%; color: #333399;\">Since the dawn of time, people in poor health have been told to \"drink more water\", and some waters are even revered for their therapeutic properties.<\/span><br \/><span style=\"font-family: 'Book Antiqua', Palatino; font-size: 120%; color: #333399;\">According to G\u00e9rald Pollack, work on structured water could explain the therapeutic virtues of certain sacred water sources such as the Ganges or Lourdes. <\/span><br \/><span style=\"font-family: 'Book Antiqua', Palatino; font-size: 120%; color: #333399;\">Waters renowned for their therapeutic virtues most often come from deep underground springs or melting glaciers. <\/span><br \/><span style=\"font-family: 'Book Antiqua', Palatino; font-size: 120%; color: #333399;\">This water undergoes a pressure that helps transform liquid water (H2O) into denser, more structured water (H3O2).<\/span><br \/><span style=\"font-family: 'Book Antiqua', Palatino; font-size: 120%; color: #333399;\">Mountain water also has a higher structured water content than filtered water. <\/span><br \/><span style=\"font-family: 'Book Antiqua', Palatino; font-size: 120%; color: #333399;\">According to Prof. Pollack, liquid water first transforms into structured water before turning into ice, and vice versa. <\/span><br \/><span style=\"font-family: 'Book Antiqua', Palatino; font-size: 120%; color: #333399;\">When this ice sinks to become spring water again, it retains some of the therapeutic properties of structured water.<\/span><br \/><span style=\"font-family: 'Book Antiqua', Palatino; font-size: 120%; color: #333399;\">When your body is well hydrated, it comes back to life!<\/span><br \/><span style=\"font-family: 'Book Antiqua', Palatino; font-size: 120%; color: #333399;\">Today, more and more researchers are highlighting the crucial importance of good hydration for good health:<\/span><\/p>\n<ul>\n<li><span style=\"font-family: 'Book Antiqua', Palatino; font-size: 120%; color: #333399;\">In his famous book, \"Your body wants water\", which has sold millions of copies worldwide, Iranian doctor Fereydoun Batmanghelidj documents years of clinical practice showing the reversal of various pathologies such as osteoarthritis, asthma, hypertension, overweight, digestive problems and migraines, simply by hydrating better.<\/span><\/li>\n<li><span style=\"font-family: 'Book Antiqua', Palatino; font-size: 120%; color: #333399;\">New studies have even shown that very slight dehydration, a loss of as little as 2% of your body's water weight, has a negative effect on the body and brain.<\/span><br \/><span style=\"font-family: 'Book Antiqua', Palatino; font-size: 120%; color: #333399;\">You're likely to feel tired and drained of energy. <\/span><br \/><span style=\"font-family: 'Book Antiqua', Palatino; font-size: 120%; color: #333399;\">It can also make weight loss more difficult and even cause you to gain weight, as it slows down the metabolism. <\/span><br \/><span style=\"font-family: 'Book Antiqua', Palatino; font-size: 120%; color: #333399;\">Better hydration helps to reverse all these unpleasant and even health-threatening phenomena.<\/span><br \/><span style=\"font-family: 'Book Antiqua', Palatino; font-size: 120%; color: #333399;\">And thanks to Professor Pollack's work, we are discovering that hydration depends not only on the consumption of ordinary water (H2O) but also to a large extent on our consumption of structured water (H3O2).<\/span><\/li>\n<\/ul>\n<div class=\"row\"  id=\"row-1991583109\">\n\n\n\t<div id=\"col-863322793\" class=\"col medium-4 small-12 large-4\"  >\n\t\t\t\t<div class=\"col-inner\"  >\n\t\t\t\n\t\t\t\n\n\n\t\t<\/div>\n\t\t\t\t\t<\/div>\n\n\t\n\n\t<div id=\"col-9588259\" class=\"col medium-4 small-12 large-4\"  >\n\t\t\t\t<div class=\"col-inner\"  >\n\t\t\t\n\t\t\t\n\n\t<div class=\"img has-hover x md-x lg-x y md-y lg-y\" id=\"image_1607276697\">\n\t\t\t\t\t\t\t\t<div class=\"img-inner dark\" >\n\t\t\t<img loading=\"lazy\" decoding=\"async\" width=\"800\" height=\"600\" src=\"https:\/\/369agara.com\/wp-content\/uploads\/2025\/05\/Vortex.jpg\" class=\"attachment-large size-large\" alt=\"\" srcset=\"https:\/\/369agara.com\/wp-content\/uploads\/2025\/05\/Vortex.jpg 800w, https:\/\/369agara.com\/wp-content\/uploads\/2025\/05\/Vortex-300x225.jpg 300w, https:\/\/369agara.com\/wp-content\/uploads\/2025\/05\/Vortex-768x576.jpg 768w, https:\/\/369agara.com\/wp-content\/uploads\/2025\/05\/Vortex-16x12.jpg 16w, https:\/\/369agara.com\/wp-content\/uploads\/2025\/05\/Vortex-510x383.jpg 510w\" sizes=\"auto, (max-width: 800px) 100vw, 800px\" \/>\t\t\t\t\t\t\n\t\t\t\t\t<\/div>\n\t\t\t\t\t\t\t\t\n<style>\n#image_1607276697 {\n  width: 100%;\n}\n<\/style>\n\t<\/div>\n\t\n\n\n\t\t<\/div>\n\t\t\t\t\t<\/div>\n\n\t\n\n\t<div id=\"col-126501830\" class=\"col medium-4 small-12 large-4\"  >\n\t\t\t\t<div class=\"col-inner\"  >\n\t\t\t\n\t\t\t\n\n\n\t\t<\/div>\n\t\t\t\t\t<\/div>\n\n\t\n\n<\/div>\n<h3><span style=\"font-family: 'Book Antiqua', Palatino; font-size: 120%; color: #333399;\">How can you increase your intake of structured water (H3O2)?<\/span><\/h3>\n<p><span style=\"font-family: 'Book Antiqua', Palatino; font-size: 120%; color: #333399;\">According to the researchers and therapists who follow Prof. Pollack's work, there are various ways of doing this:<\/span><\/p>\n<p><span style=\"font-family: 'Book Antiqua', Palatino; font-size: 120%; color: #333399;\">The desert dwellers discovered this long before Professor Pollack. <\/span><br \/><span style=\"font-family: 'Book Antiqua', Palatino; font-size: 120%; color: #333399;\">To stay hydrated, they rely in particular on the roots and leaves of certain plants, such as cacti, which are bursting with structured water. <\/span><br \/><span style=\"font-family: 'Book Antiqua', Palatino; font-size: 120%; color: #333399;\">Some vegetables and fruit are filled with structured water and can therefore be even more hydrating than liquid water. <\/span><br \/><span style=\"font-family: 'Book Antiqua', Palatino; font-size: 120%; color: #333399;\">That's why, to stay well hydrated, it's important to pay as much attention to what you eat as to what you drink. <\/span><br \/><span style=\"font-family: 'Book Antiqua', Palatino; font-size: 120%; color: #333399;\">To do this, opt for raw fruit and vegetables to preserve their structured water content. <\/span><br \/><span style=\"font-family: 'Book Antiqua', Palatino; font-size: 120%; color: #333399;\">The foods richest in structured water are cucumbers, lettuce, radishes, tomatoes, peppers, cauliflower, watermelon, strawberries, chia seeds, etc.<\/span><\/p>\n<p><span style=\"font-family: 'Book Antiqua', Palatino; font-size: 120%; color: #333399;\">You can also better \"structure\" or \"invigorate\" the water you drink:<\/span><\/p>\n<ul>\n<li><span style=\"font-family: 'Book Antiqua', Palatino; font-size: 120%; color: #333399;\">Choose mountain spring water rather than filtered tap water. <\/span><br \/><span style=\"font-family: 'Book Antiqua', Palatino; font-size: 120%; color: #333399;\">The deeper your water comes from, the more structured it will tend to be, in particular because the minerals it contains reinforce this particular property.<\/span><\/li>\n<li><span style=\"font-family: 'Book Antiqua', Palatino; font-size: 120%; color: #333399;\">Cool your water to 4 degrees. <\/span><br \/><span style=\"font-family: 'Book Antiqua', Palatino; font-size: 120%; color: #333399;\">At this temperature, spring water tends to be better structured. <\/span><br \/><span style=\"font-family: 'Book Antiqua', Palatino; font-size: 120%; color: #333399;\">But drinking it chilled is not recommended... <\/span><br \/><span style=\"font-family: 'Book Antiqua', Palatino; font-size: 120%; color: #333399;\">Take it out of the fridge before drinking. <\/span><br \/><span style=\"font-family: 'Book Antiqua', Palatino; font-size: 120%; color: #333399;\">Storing it in an earthenware jug would be ideal.<\/span><\/li>\n<li><span style=\"font-family: 'Book Antiqua', Palatino; font-size: 120%; color: #333399;\">You can also add a pinch of sea salt to your bottle of water, as the electrolytes help to produce structured water.<\/span><\/li>\n<li><span style=\"font-family: 'Book Antiqua', Palatino; font-size: 120%; color: #333399;\">Another solution, a little more complex but even more effective, is to dynamise your water with a vortex machine. <\/span><br \/><span style=\"font-family: 'Book Antiqua', Palatino; font-size: 120%; color: #333399;\">This water dynamisation system creates a swirling movement that transforms your filtered water into structured H3O2 water. <\/span><\/li>\n<\/ul>\n<p><span style=\"font-family: 'Book Antiqua', Palatino; font-size: 120%; color: #333399;\"><strong>Consult the research work of Viktor Schauberger, Jacques Collin, Jacques Benveniste, Masaru Emoto, Pr Marc Henry...<\/strong><\/span><\/p>\n<p><span style=\"font-family: 'Book Antiqua', Palatino; font-size: 120%; color: #333399;\">https:\/\/eauhexagonale.fr\/comment-faire-de-leau-structuree\/<\/span><br \/><span style=\"font-family: 'Book Antiqua', Palatino; font-size: 120%; color: #333399;\">https:\/\/eauhexagonale.fr\/gerald-pollack-eau-hexagonale\/<\/span><\/p>\n<p><strong><span style=\"font-family: 'Book Antiqua', Palatino; font-size: 120%; color: #333399;\">How to purify and revitalise your table water by Richard Haas<\/span><\/strong><br \/><span style=\"font-family: 'Book Antiqua', Palatino; font-size: 120%; color: #333399;\"><a style=\"color: #333399;\" href=\"https:\/\/www.youtube.com\/watch?v=3ftiIBM-9ig\">https:\/\/www.youtube.com\/watch?v=3ftiIBM-9ig<\/a><\/span><\/p>\n<p><strong><span style=\"font-family: 'Book Antiqua', Palatino; font-size: 120%; color: #333399;\">Viktor Schauberger, the vortex is an energy generator<\/span><\/strong><br \/><span style=\"font-family: 'Book Antiqua', Palatino; font-size: 120%; color: #333399;\"><a style=\"color: #333399;\" href=\"https:\/\/www.youtube.com\/watch?v=w_4p6GaopfU\">https:\/\/www.youtube.com\/watch?v=w_4p6GaopfU<\/a><\/span><\/p>\n<p><strong><span style=\"font-family: 'Book Antiqua', Palatino; font-size: 120%; color: #333399;\">The 7 powers of water: The revelations of Professor Marc Henry<\/span><\/strong><br \/><span style=\"font-family: 'Book Antiqua', Palatino; font-size: 120%; color: #333399;\"><a style=\"color: #333399;\" href=\"https:\/\/www.youtube.com\/watch?v=S2dBbP-bZp8&amp;t=771s\">https:\/\/www.youtube.com\/watch?v=S2dBbP-bZp8&amp;t=771s<\/a><\/span><\/p>\n<p><span style=\"font-family: 'Book Antiqua', Palatino; font-size: 120%; color: #333399;\"><strong>Take care of yourself! Source L\u00e9opold Boileau, Pr. Pollack.<\/strong><br \/><a style=\"color: #333399;\" href=\"https:\/\/www.pollacklab.org\/\">https:\/\/www.pollacklab.org\/<\/a><\/span><\/p>\n\n\t\t<\/div>\n\n\t\t\n<style>\n#section_245564808 {\n  padding-top: 30px;\n  padding-bottom: 30px;\n}\n#section_245564808 .ux-shape-divider--top svg {\n  height: 150px;\n  --divider-top-width: 100%;\n}\n#section_245564808 .ux-shape-divider--bottom svg {\n  height: 150px;\n  --divider-width: 100%;\n}\n<\/style>\n\t<\/section>","protected":false},"excerpt":{"rendered":"","protected":false},"author":1,"featured_media":0,"parent":0,"menu_order":0,"comment_status":"closed","ping_status":"closed","template":"","meta":{"footnotes":""},"class_list":["post-4136","page","type-page","status-publish","hentry"],"yoast_head":"<!-- This site is optimized with the Yoast SEO Premium plugin v25.1 (Yoast SEO v27.4) - https:\/\/yoast.com\/product\/yoast-seo-premium-wordpress\/ -->\n<title>EAU STRUCTUR\u00c9E, EAU VIVIFI\u00c9E dispensatrice d\u2019\u00e9nergie vitale pour tous nos besoins | Agara<\/title>\n<meta name=\"description\" content=\"Comprendre les enjeux derri\u00e8re la n\u00e9cessit\u00e9 de boire une eau filtr\u00e9e, dynamis\u00e9e, structur\u00e9e...\" \/>\n<meta name=\"robots\" content=\"index, follow, max-snippet:-1, max-image-preview:large, max-video-preview:-1\" \/>\n<link rel=\"canonical\" href=\"https:\/\/369agara.com\/en\/eau-structuree-eau-vivifiee-dispensatrice-denergie-vitale-pour-tous-nos-besoins\/\" \/>\n<meta property=\"og:locale\" content=\"en_GB\" \/>\n<meta property=\"og:type\" content=\"article\" \/>\n<meta property=\"og:title\" content=\"EAU STRUCTUR\u00c9E, EAU VIVIFI\u00c9E dispensatrice d\u2019\u00e9nergie vitale pour tous nos besoins\" \/>\n<meta property=\"og:description\" content=\"Comprendre les enjeux derri\u00e8re la n\u00e9cessit\u00e9 de boire une eau filtr\u00e9e, dynamis\u00e9e, structur\u00e9e...\" \/>\n<meta property=\"og:url\" content=\"https:\/\/369agara.com\/en\/eau-structuree-eau-vivifiee-dispensatrice-denergie-vitale-pour-tous-nos-besoins\/\" \/>\n<meta property=\"og:site_name\" content=\"Agara\" \/>\n<meta property=\"article:modified_time\" content=\"2025-05-31T20:01:04+00:00\" \/>\n<meta name=\"twitter:card\" content=\"summary_large_image\" \/>\n<script type=\"application\/ld+json\" class=\"yoast-schema-graph\">{\"@context\":\"https:\\\/\\\/schema.org\",\"@graph\":[{\"@type\":\"WebPage\",\"@id\":\"https:\\\/\\\/369agara.com\\\/eau-structuree-eau-vivifiee-dispensatrice-denergie-vitale-pour-tous-nos-besoins\\\/\",\"url\":\"https:\\\/\\\/369agara.com\\\/eau-structuree-eau-vivifiee-dispensatrice-denergie-vitale-pour-tous-nos-besoins\\\/\",\"name\":\"EAU STRUCTUR\u00c9E, EAU VIVIFI\u00c9E dispensatrice d\u2019\u00e9nergie vitale pour tous nos besoins | Agara\",\"isPartOf\":{\"@id\":\"https:\\\/\\\/369agara.com\\\/#website\"},\"datePublished\":\"2025-05-31T19:30:06+00:00\",\"dateModified\":\"2025-05-31T20:01:04+00:00\",\"description\":\"Comprendre les enjeux derri\u00e8re la n\u00e9cessit\u00e9 de boire une eau filtr\u00e9e, dynamis\u00e9e, structur\u00e9e...\",\"breadcrumb\":{\"@id\":\"https:\\\/\\\/369agara.com\\\/eau-structuree-eau-vivifiee-dispensatrice-denergie-vitale-pour-tous-nos-besoins\\\/#breadcrumb\"},\"inLanguage\":\"en-GB\",\"potentialAction\":[{\"@type\":\"ReadAction\",\"target\":[\"https:\\\/\\\/369agara.com\\\/eau-structuree-eau-vivifiee-dispensatrice-denergie-vitale-pour-tous-nos-besoins\\\/\"]}]},{\"@type\":\"BreadcrumbList\",\"@id\":\"https:\\\/\\\/369agara.com\\\/eau-structuree-eau-vivifiee-dispensatrice-denergie-vitale-pour-tous-nos-besoins\\\/#breadcrumb\",\"itemListElement\":[{\"@type\":\"ListItem\",\"position\":1,\"name\":\"Accueil\",\"item\":\"https:\\\/\\\/369agara.com\\\/\"},{\"@type\":\"ListItem\",\"position\":2,\"name\":\"EAU STRUCTUR\u00c9E, EAU VIVIFI\u00c9E dispensatrice d\u2019\u00e9nergie vitale pour tous nos besoins\"}]},{\"@type\":\"WebSite\",\"@id\":\"https:\\\/\\\/369agara.com\\\/#website\",\"url\":\"https:\\\/\\\/369agara.com\\\/\",\"name\":\"Livsrikedomar\",\"description\":\"D\u00e9connectez pour mieux vous connecter\",\"publisher\":{\"@id\":\"https:\\\/\\\/369agara.com\\\/#organization\"},\"potentialAction\":[{\"@type\":\"SearchAction\",\"target\":{\"@type\":\"EntryPoint\",\"urlTemplate\":\"https:\\\/\\\/369agara.com\\\/?s={search_term_string}\"},\"query-input\":{\"@type\":\"PropertyValueSpecification\",\"valueRequired\":true,\"valueName\":\"search_term_string\"}}],\"inLanguage\":\"en-GB\"},{\"@type\":\"Organization\",\"@id\":\"https:\\\/\\\/369agara.com\\\/#organization\",\"name\":\"EACreations\",\"url\":\"https:\\\/\\\/369agara.com\\\/\",\"logo\":{\"@type\":\"ImageObject\",\"inLanguage\":\"en-GB\",\"@id\":\"https:\\\/\\\/369agara.com\\\/#\\\/schema\\\/logo\\\/image\\\/\",\"url\":\"\",\"contentUrl\":\"\",\"caption\":\"EACreations\"},\"image\":{\"@id\":\"https:\\\/\\\/369agara.com\\\/#\\\/schema\\\/logo\\\/image\\\/\"}}]}<\/script>\n<!-- \/ Yoast SEO Premium plugin. -->","yoast_head_json":{"title":"EAU STRUCTUR\u00c9E, EAU VIVIFI\u00c9E dispensatrice d\u2019\u00e9nergie vitale pour tous nos besoins | Agara","description":"Comprendre les enjeux derri\u00e8re la n\u00e9cessit\u00e9 de boire une eau filtr\u00e9e, dynamis\u00e9e, structur\u00e9e...","robots":{"index":"index","follow":"follow","max-snippet":"max-snippet:-1","max-image-preview":"max-image-preview:large","max-video-preview":"max-video-preview:-1"},"canonical":"https:\/\/369agara.com\/en\/eau-structuree-eau-vivifiee-dispensatrice-denergie-vitale-pour-tous-nos-besoins\/","og_locale":"en_GB","og_type":"article","og_title":"EAU STRUCTUR\u00c9E, EAU VIVIFI\u00c9E dispensatrice d\u2019\u00e9nergie vitale pour tous nos besoins","og_description":"Comprendre les enjeux derri\u00e8re la n\u00e9cessit\u00e9 de boire une eau filtr\u00e9e, dynamis\u00e9e, structur\u00e9e...","og_url":"https:\/\/369agara.com\/en\/eau-structuree-eau-vivifiee-dispensatrice-denergie-vitale-pour-tous-nos-besoins\/","og_site_name":"Agara","article_modified_time":"2025-05-31T20:01:04+00:00","twitter_card":"summary_large_image","schema":{"@context":"https:\/\/schema.org","@graph":[{"@type":"WebPage","@id":"https:\/\/369agara.com\/eau-structuree-eau-vivifiee-dispensatrice-denergie-vitale-pour-tous-nos-besoins\/","url":"https:\/\/369agara.com\/eau-structuree-eau-vivifiee-dispensatrice-denergie-vitale-pour-tous-nos-besoins\/","name":"EAU STRUCTUR\u00c9E, EAU VIVIFI\u00c9E dispensatrice d\u2019\u00e9nergie vitale pour tous nos besoins | Agara","isPartOf":{"@id":"https:\/\/369agara.com\/#website"},"datePublished":"2025-05-31T19:30:06+00:00","dateModified":"2025-05-31T20:01:04+00:00","description":"Comprendre les enjeux derri\u00e8re la n\u00e9cessit\u00e9 de boire une eau filtr\u00e9e, dynamis\u00e9e, structur\u00e9e...","breadcrumb":{"@id":"https:\/\/369agara.com\/eau-structuree-eau-vivifiee-dispensatrice-denergie-vitale-pour-tous-nos-besoins\/#breadcrumb"},"inLanguage":"en-GB","potentialAction":[{"@type":"ReadAction","target":["https:\/\/369agara.com\/eau-structuree-eau-vivifiee-dispensatrice-denergie-vitale-pour-tous-nos-besoins\/"]}]},{"@type":"BreadcrumbList","@id":"https:\/\/369agara.com\/eau-structuree-eau-vivifiee-dispensatrice-denergie-vitale-pour-tous-nos-besoins\/#breadcrumb","itemListElement":[{"@type":"ListItem","position":1,"name":"Accueil","item":"https:\/\/369agara.com\/"},{"@type":"ListItem","position":2,"name":"EAU STRUCTUR\u00c9E, EAU VIVIFI\u00c9E dispensatrice d\u2019\u00e9nergie vitale pour tous nos besoins"}]},{"@type":"WebSite","@id":"https:\/\/369agara.com\/#website","url":"https:\/\/369agara.com\/","name":"Livsrikedomar","description":"Disconnect to better connect","publisher":{"@id":"https:\/\/369agara.com\/#organization"},"potentialAction":[{"@type":"SearchAction","target":{"@type":"EntryPoint","urlTemplate":"https:\/\/369agara.com\/?s={search_term_string}"},"query-input":{"@type":"PropertyValueSpecification","valueRequired":true,"valueName":"search_term_string"}}],"inLanguage":"en-GB"},{"@type":"Organization","@id":"https:\/\/369agara.com\/#organization","name":"EACreations","url":"https:\/\/369agara.com\/","logo":{"@type":"ImageObject","inLanguage":"en-GB","@id":"https:\/\/369agara.com\/#\/schema\/logo\/image\/","url":"","contentUrl":"","caption":"EACreations"},"image":{"@id":"https:\/\/369agara.com\/#\/schema\/logo\/image\/"}}]}},"jetpack_sharing_enabled":true,"_links":{"self":[{"href":"https:\/\/369agara.com\/en\/wp-json\/wp\/v2\/pages\/4136","targetHints":{"allow":["GET"]}}],"collection":[{"href":"https:\/\/369agara.com\/en\/wp-json\/wp\/v2\/pages"}],"about":[{"href":"https:\/\/369agara.com\/en\/wp-json\/wp\/v2\/types\/page"}],"author":[{"embeddable":true,"href":"https:\/\/369agara.com\/en\/wp-json\/wp\/v2\/users\/1"}],"replies":[{"embeddable":true,"href":"https:\/\/369agara.com\/en\/wp-json\/wp\/v2\/comments?post=4136"}],"version-history":[{"count":7,"href":"https:\/\/369agara.com\/en\/wp-json\/wp\/v2\/pages\/4136\/revisions"}],"predecessor-version":[{"id":4147,"href":"https:\/\/369agara.com\/en\/wp-json\/wp\/v2\/pages\/4136\/revisions\/4147"}],"wp:attachment":[{"href":"https:\/\/369agara.com\/en\/wp-json\/wp\/v2\/media?parent=4136"}],"curies":[{"name":"wp","href":"https:\/\/api.w.org\/{rel}","templated":true}]}}