{"id":1446,"date":"2023-02-14T17:07:29","date_gmt":"2023-02-14T16:07:29","guid":{"rendered":"https:\/\/369agara.com\/?post_type=product&#038;p=1446"},"modified":"2025-09-13T16:52:05","modified_gmt":"2025-09-13T14:52:05","slug":"cable-ext-10-metres-pour-bamboo-m","status":"publish","type":"product","link":"https:\/\/369agara.com\/en\/product\/cable-ext-10-metres-pour-bamboo-m\/","title":{"rendered":"10 metre long external cable for Bamboo M"},"content":{"rendered":"<p><span style=\"font-family: 'Book Antiqua', Palatino; font-size: 120%; color: #000080;\">This cable allows you to connect to large trees.<\/span><\/p>\n<p><span style=\"font-family: 'Book Antiqua', Palatino; font-size: 120%; color: #000080;\">You can place one electrode on the ground, close to the trunk, and another on the highest leaves.<\/span><\/p>\n<p><span style=\"font-family: 'Book Antiqua', Palatino; font-size: 120%; color: #000080;\">You can also use this cable if the plant is some distance from you.<\/span><\/p>\n<p><span style=\"font-family: 'Book Antiqua', Palatino; font-size: 120%; color: #000080;\">For example, the plant is in the garden and you are comfortably seated on the sofa.<\/span><\/p>","protected":false},"excerpt":{"rendered":"<p><span style=\"font-family: 'Book Antiqua', Palatino; font-size: 120%; color: #000080;\">High-conductivity electrodes at the ends of the cable for connection to the plant's roots and leaves.\u00a0<\/span><\/p>\n<p><span style=\"font-family: 'Book Antiqua', Palatino; font-size: 120%; color: #000080;\">Copper wire.\u00a0<\/span><\/p>\n<p><span style=\"font-family: 'Book Antiqua', Palatino; font-size: 120%; color: #000080;\">10m.<\/span><\/p>","protected":false},"featured_media":1447,"comment_status":"open","ping_status":"closed","template":"","meta":[],"product_brand":[270],"product_cat":[141],"product_tag":[],"class_list":{"0":"post-1446","1":"product","2":"type-product","3":"status-publish","4":"has-post-thumbnail","6":"product_brand-musique-des-plantes","7":"product_cat-musique-des-plantes","9":"first","10":"instock","11":"taxable","12":"shipping-taxable","13":"purchasable","14":"product-type-simple"},"yoast_head":"<!-- This site is optimized with the Yoast SEO Premium plugin v25.1 (Yoast SEO v27.6) - https:\/\/yoast.com\/product\/yoast-seo-premium-wordpress\/ -->\n<title>C\u00e2ble ext\u00e9rieur de 10 m\u00e8tres de longueur pour Bamboo M | Agara<\/title>\n<meta name=\"description\" content=\"\u00c9lectrodes \u00e0 haute conductivit\u00e9 aux extr\u00e9mit\u00e9s du c\u00e2ble pour la connexion aux racines et aux feuilles de la plante.\u00a0Fil de cuivre.\u00a010m.\" \/>\n<meta name=\"robots\" content=\"index, follow, max-snippet:-1, max-image-preview:large, max-video-preview:-1\" \/>\n<link rel=\"canonical\" href=\"https:\/\/369agara.com\/en\/product\/cable-ext-10-metres-pour-bamboo-m\/\" \/>\n<meta property=\"og:locale\" content=\"en_GB\" \/>\n<meta property=\"og:type\" content=\"article\" \/>\n<meta property=\"og:title\" content=\"C\u00e2ble ext\u00e9rieur de 10 m\u00e8tres de longueur pour Bamboo M\" \/>\n<meta property=\"og:description\" content=\"\u00c9lectrodes \u00e0 haute conductivit\u00e9 aux extr\u00e9mit\u00e9s du c\u00e2ble pour la connexion aux racines et aux feuilles de la plante.\u00a0Fil de cuivre.\u00a010m.\" \/>\n<meta property=\"og:url\" content=\"https:\/\/369agara.com\/en\/product\/cable-ext-10-metres-pour-bamboo-m\/\" \/>\n<meta property=\"og:site_name\" content=\"Agara\" \/>\n<meta property=\"article:modified_time\" content=\"2025-09-13T14:52:05+00:00\" \/>\n<meta property=\"og:image\" content=\"https:\/\/369agara.com\/wp-content\/uploads\/2023\/02\/Cable-10m.jpg\" \/>\n\t<meta property=\"og:image:width\" content=\"800\" \/>\n\t<meta property=\"og:image:height\" content=\"800\" \/>\n\t<meta property=\"og:image:type\" content=\"image\/jpeg\" \/>\n<meta name=\"twitter:card\" content=\"summary_large_image\" \/>\n<meta name=\"twitter:label1\" content=\"Estimated reading time\" \/>\n\t<meta name=\"twitter:data1\" content=\"1 minute\" \/>\n<script type=\"application\/ld+json\" class=\"yoast-schema-graph\">{\"@context\":\"https:\\\/\\\/schema.org\",\"@graph\":[{\"@type\":\"WebPage\",\"@id\":\"https:\\\/\\\/369agara.com\\\/produit\\\/cable-ext-10-metres-pour-bamboo-m\\\/\",\"url\":\"https:\\\/\\\/369agara.com\\\/produit\\\/cable-ext-10-metres-pour-bamboo-m\\\/\",\"name\":\"C\u00e2ble ext\u00e9rieur de 10 m\u00e8tres de longueur pour Bamboo M | Agara\",\"isPartOf\":{\"@id\":\"https:\\\/\\\/369agara.com\\\/#website\"},\"primaryImageOfPage\":{\"@id\":\"https:\\\/\\\/369agara.com\\\/produit\\\/cable-ext-10-metres-pour-bamboo-m\\\/#primaryimage\"},\"image\":{\"@id\":\"https:\\\/\\\/369agara.com\\\/produit\\\/cable-ext-10-metres-pour-bamboo-m\\\/#primaryimage\"},\"thumbnailUrl\":\"https:\\\/\\\/369agara.com\\\/wp-content\\\/uploads\\\/2023\\\/02\\\/Cable-10m.jpg\",\"datePublished\":\"2023-02-14T16:07:29+00:00\",\"dateModified\":\"2025-09-13T14:52:05+00:00\",\"description\":\"\u00c9lectrodes \u00e0 haute conductivit\u00e9 aux extr\u00e9mit\u00e9s du c\u00e2ble pour la connexion aux racines et aux feuilles de la plante.\u00a0Fil de cuivre.\u00a010m.\",\"breadcrumb\":{\"@id\":\"https:\\\/\\\/369agara.com\\\/produit\\\/cable-ext-10-metres-pour-bamboo-m\\\/#breadcrumb\"},\"inLanguage\":\"en-GB\",\"potentialAction\":[{\"@type\":\"ReadAction\",\"target\":[\"https:\\\/\\\/369agara.com\\\/produit\\\/cable-ext-10-metres-pour-bamboo-m\\\/\"]}]},{\"@type\":\"ImageObject\",\"inLanguage\":\"en-GB\",\"@id\":\"https:\\\/\\\/369agara.com\\\/produit\\\/cable-ext-10-metres-pour-bamboo-m\\\/#primaryimage\",\"url\":\"https:\\\/\\\/369agara.com\\\/wp-content\\\/uploads\\\/2023\\\/02\\\/Cable-10m.jpg\",\"contentUrl\":\"https:\\\/\\\/369agara.com\\\/wp-content\\\/uploads\\\/2023\\\/02\\\/Cable-10m.jpg\",\"width\":800,\"height\":800,\"caption\":\"Utomhuskable 10 meter\"},{\"@type\":\"BreadcrumbList\",\"@id\":\"https:\\\/\\\/369agara.com\\\/produit\\\/cable-ext-10-metres-pour-bamboo-m\\\/#breadcrumb\",\"itemListElement\":[{\"@type\":\"ListItem\",\"position\":1,\"name\":\"Accueil\",\"item\":\"https:\\\/\\\/369agara.com\\\/\"},{\"@type\":\"ListItem\",\"position\":2,\"name\":\"La boutique\",\"item\":\"https:\\\/\\\/369agara.com\\\/la-boutique\\\/\"},{\"@type\":\"ListItem\",\"position\":3,\"name\":\"C\u00e2ble ext\u00e9rieur de 10 m\u00e8tres de longueur pour Bamboo M\"}]},{\"@type\":\"WebSite\",\"@id\":\"https:\\\/\\\/369agara.com\\\/#website\",\"url\":\"https:\\\/\\\/369agara.com\\\/\",\"name\":\"Livsrikedomar\",\"description\":\"D\u00e9connectez pour mieux vous connecter\",\"publisher\":{\"@id\":\"https:\\\/\\\/369agara.com\\\/#organization\"},\"potentialAction\":[{\"@type\":\"SearchAction\",\"target\":{\"@type\":\"EntryPoint\",\"urlTemplate\":\"https:\\\/\\\/369agara.com\\\/?s={search_term_string}\"},\"query-input\":{\"@type\":\"PropertyValueSpecification\",\"valueRequired\":true,\"valueName\":\"search_term_string\"}}],\"inLanguage\":\"en-GB\"},{\"@type\":\"Organization\",\"@id\":\"https:\\\/\\\/369agara.com\\\/#organization\",\"name\":\"EACreations\",\"url\":\"https:\\\/\\\/369agara.com\\\/\",\"logo\":{\"@type\":\"ImageObject\",\"inLanguage\":\"en-GB\",\"@id\":\"https:\\\/\\\/369agara.com\\\/#\\\/schema\\\/logo\\\/image\\\/\",\"url\":\"\",\"contentUrl\":\"\",\"caption\":\"EACreations\"},\"image\":{\"@id\":\"https:\\\/\\\/369agara.com\\\/#\\\/schema\\\/logo\\\/image\\\/\"}}]}<\/script>\n<!-- \/ Yoast SEO Premium plugin. -->","yoast_head_json":{"title":"C\u00e2ble ext\u00e9rieur de 10 m\u00e8tres de longueur pour Bamboo M | Agara","description":"\u00c9lectrodes \u00e0 haute conductivit\u00e9 aux extr\u00e9mit\u00e9s du c\u00e2ble pour la connexion aux racines et aux feuilles de la plante.\u00a0Fil de cuivre.\u00a010m.","robots":{"index":"index","follow":"follow","max-snippet":"max-snippet:-1","max-image-preview":"max-image-preview:large","max-video-preview":"max-video-preview:-1"},"canonical":"https:\/\/369agara.com\/en\/product\/cable-ext-10-metres-pour-bamboo-m\/","og_locale":"en_GB","og_type":"article","og_title":"C\u00e2ble ext\u00e9rieur de 10 m\u00e8tres de longueur pour Bamboo M","og_description":"\u00c9lectrodes \u00e0 haute conductivit\u00e9 aux extr\u00e9mit\u00e9s du c\u00e2ble pour la connexion aux racines et aux feuilles de la plante.\u00a0Fil de cuivre.\u00a010m.","og_url":"https:\/\/369agara.com\/en\/product\/cable-ext-10-metres-pour-bamboo-m\/","og_site_name":"Agara","article_modified_time":"2025-09-13T14:52:05+00:00","og_image":[{"width":800,"height":800,"url":"https:\/\/369agara.com\/wp-content\/uploads\/2023\/02\/Cable-10m.jpg","type":"image\/jpeg"}],"twitter_card":"summary_large_image","twitter_misc":{"Estimated reading time":"1 minute"},"schema":{"@context":"https:\/\/schema.org","@graph":[{"@type":"WebPage","@id":"https:\/\/369agara.com\/produit\/cable-ext-10-metres-pour-bamboo-m\/","url":"https:\/\/369agara.com\/produit\/cable-ext-10-metres-pour-bamboo-m\/","name":"C\u00e2ble ext\u00e9rieur de 10 m\u00e8tres de longueur pour Bamboo M | Agara","isPartOf":{"@id":"https:\/\/369agara.com\/#website"},"primaryImageOfPage":{"@id":"https:\/\/369agara.com\/produit\/cable-ext-10-metres-pour-bamboo-m\/#primaryimage"},"image":{"@id":"https:\/\/369agara.com\/produit\/cable-ext-10-metres-pour-bamboo-m\/#primaryimage"},"thumbnailUrl":"https:\/\/369agara.com\/wp-content\/uploads\/2023\/02\/Cable-10m.jpg","datePublished":"2023-02-14T16:07:29+00:00","dateModified":"2025-09-13T14:52:05+00:00","description":"\u00c9lectrodes \u00e0 haute conductivit\u00e9 aux extr\u00e9mit\u00e9s du c\u00e2ble pour la connexion aux racines et aux feuilles de la plante.\u00a0Fil de cuivre.\u00a010m.","breadcrumb":{"@id":"https:\/\/369agara.com\/produit\/cable-ext-10-metres-pour-bamboo-m\/#breadcrumb"},"inLanguage":"en-GB","potentialAction":[{"@type":"ReadAction","target":["https:\/\/369agara.com\/produit\/cable-ext-10-metres-pour-bamboo-m\/"]}]},{"@type":"ImageObject","inLanguage":"en-GB","@id":"https:\/\/369agara.com\/produit\/cable-ext-10-metres-pour-bamboo-m\/#primaryimage","url":"https:\/\/369agara.com\/wp-content\/uploads\/2023\/02\/Cable-10m.jpg","contentUrl":"https:\/\/369agara.com\/wp-content\/uploads\/2023\/02\/Cable-10m.jpg","width":800,"height":800,"caption":"Utomhuskable 10 meter"},{"@type":"BreadcrumbList","@id":"https:\/\/369agara.com\/produit\/cable-ext-10-metres-pour-bamboo-m\/#breadcrumb","itemListElement":[{"@type":"ListItem","position":1,"name":"Accueil","item":"https:\/\/369agara.com\/"},{"@type":"ListItem","position":2,"name":"La boutique","item":"https:\/\/369agara.com\/la-boutique\/"},{"@type":"ListItem","position":3,"name":"C\u00e2ble ext\u00e9rieur de 10 m\u00e8tres de longueur pour Bamboo M"}]},{"@type":"WebSite","@id":"https:\/\/369agara.com\/#website","url":"https:\/\/369agara.com\/","name":"Livsrikedomar","description":"Disconnect to better connect","publisher":{"@id":"https:\/\/369agara.com\/#organization"},"potentialAction":[{"@type":"SearchAction","target":{"@type":"EntryPoint","urlTemplate":"https:\/\/369agara.com\/?s={search_term_string}"},"query-input":{"@type":"PropertyValueSpecification","valueRequired":true,"valueName":"search_term_string"}}],"inLanguage":"en-GB"},{"@type":"Organization","@id":"https:\/\/369agara.com\/#organization","name":"EACreations","url":"https:\/\/369agara.com\/","logo":{"@type":"ImageObject","inLanguage":"en-GB","@id":"https:\/\/369agara.com\/#\/schema\/logo\/image\/","url":"","contentUrl":"","caption":"EACreations"},"image":{"@id":"https:\/\/369agara.com\/#\/schema\/logo\/image\/"}}]}},"jetpack_sharing_enabled":true,"_links":{"self":[{"href":"https:\/\/369agara.com\/en\/wp-json\/wp\/v2\/product\/1446","targetHints":{"allow":["GET"]}}],"collection":[{"href":"https:\/\/369agara.com\/en\/wp-json\/wp\/v2\/product"}],"about":[{"href":"https:\/\/369agara.com\/en\/wp-json\/wp\/v2\/types\/product"}],"replies":[{"embeddable":true,"href":"https:\/\/369agara.com\/en\/wp-json\/wp\/v2\/comments?post=1446"}],"wp:featuredmedia":[{"embeddable":true,"href":"https:\/\/369agara.com\/en\/wp-json\/wp\/v2\/media\/1447"}],"wp:attachment":[{"href":"https:\/\/369agara.com\/en\/wp-json\/wp\/v2\/media?parent=1446"}],"wp:term":[{"taxonomy":"product_brand","embeddable":true,"href":"https:\/\/369agara.com\/en\/wp-json\/wp\/v2\/product_brand?post=1446"},{"taxonomy":"product_cat","embeddable":true,"href":"https:\/\/369agara.com\/en\/wp-json\/wp\/v2\/product_cat?post=1446"},{"taxonomy":"product_tag","embeddable":true,"href":"https:\/\/369agara.com\/en\/wp-json\/wp\/v2\/product_tag?post=1446"}],"curies":[{"name":"wp","href":"https:\/\/api.w.org\/{rel}","templated":true}]}}