{"id":1705,"date":"2023-08-20T15:44:19","date_gmt":"2023-08-20T13:44:19","guid":{"rendered":"https:\/\/369agara.com\/?post_type=product&#038;p=1705"},"modified":"2025-05-12T19:08:05","modified_gmt":"2025-05-12T17:08:05","slug":"cable-terre-usb-a-usb-c-2m","status":"publish","type":"product","link":"https:\/\/369agara.com\/en\/product\/cable-terre-usb-a-usb-c-2m\/","title":{"rendered":"USB-A | USB-C grounding cable with cylindrical socket - 2 m"},"content":{"rendered":"<p><span style=\"font-family: 'Book Antiqua', Palatino; font-size: 120%; color: #333399;\">The USB earthing cable with cylindrical socket allows you to earth all your devices with a USB port (modem\/box, laptop, TV, iphone, ipad etc.) and protect you from the electric fields they emit.<\/span><\/p>\n<p><span style=\"font-family: 'Book Antiqua', Palatino; font-size: 120%; color: #333399;\">Modems and set-top boxes are not earthed, so they generate a large electric field, which has many effects on the body: stress, irritability, nervousness, headaches, hyperactivity, difficulty concentrating, sleep problems, etc.<\/span><\/p>\n<p><span style=\"font-family: 'Book Antiqua', Palatino; font-size: 120%; color: #333399;\">This USB earthing cable effectively neutralises them and at the same time eliminates the electric fields emitted by corded telephones connected to the box. Sensitive people are no longer disturbed when they make calls.<\/span><\/p>\n<p><span style=\"font-family: 'Book Antiqua', Palatino; font-size: 120%; color: #333399;\">It also eliminates the electric fields emitted by a laptop without an earthed plug (2-pole, flat plug) and any other device without an earthed plug but with a USB connection (television, for example).<\/span><\/p>\n<p><span style=\"font-family: 'Book Antiqua', Palatino; font-size: 120%; color: #333399;\"><strong>Reduced footprint<\/strong><\/span><\/p>\n<h3><span style=\"font-family: 'Book Antiqua', Palatino; font-size: 120%; color: #333399;\">Its advantage<\/span><\/h3>\n<p><span style=\"font-family: 'Book Antiqua', Palatino; font-size: 120%; color: #333399;\">Electric fields are picked up by the USB connector and evacuated via the cylindrical socket, which is connected to the earth terminal of your wall socket (see photo). This leaves the socket available for plugging in a cable that is not earthed (2-pole flat plug).\u00a0<\/span><\/p>\n<p><span style=\"font-family: 'Book Antiqua', Palatino; font-size: 120%; color: #333399;\">The diameter of this socket means it can also be fitted to the metal fins of schuko sockets. You can therefore connect it to a Danell Biologa shielded power strip.<\/span><\/p>\n<p><span style=\"font-family: 'Book Antiqua', Palatino; font-size: 120%; color: #ed1c24;\"><strong>Caution! This cable must be plugged into an earthed wall socket!\u00a0<\/strong><\/span><\/p>\n<p><span style=\"font-family: 'Book Antiqua', Palatino; font-size: 120%; color: #333399;\"><strong><span style=\"color: #ed1c24;\">Before earthing, check that the socket you want to use is earthed!\u00a0<\/span><\/strong><span style=\"color: #ed1c24;\">(with a Peakmeter PM6860DR earth tester or an earth tester such as Catohm DT300, Tohm-E or 9052SI).<\/span><\/span><\/p>\n<h3><span style=\"font-family: 'Book Antiqua', Palatino; font-size: 120%; color: #333399;\">Technical specifications<\/span><\/h3>\n<ul>\n<li><span style=\"font-family: 'Book Antiqua', Palatino; font-size: 120%; color: #333399;\">Connectors: USB-A or USB-C and 330 socket<\/span><\/li>\n<li><span style=\"font-family: 'Book Antiqua', Palatino; font-size: 120%; color: #333399;\">Length: 2 metres<\/span><\/li>\n<li><span style=\"font-family: 'Book Antiqua', Palatino; font-size: 120%; color: #333399;\">Colour: black<\/span><\/li>\n<li><span style=\"font-family: 'Book Antiqua', Palatino; font-size: 120%; color: #333399;\">Weight: 0.080 kg<\/span><\/li>\n<\/ul>\n<p><span style=\"font-family: 'Book Antiqua', Palatino; font-size: 120%; color: #333399;\">Made in France<\/span><\/p>\n<h3><span style=\"font-family: 'Book Antiqua', Palatino; font-size: 120%; color: #333399;\">Precautions for use<\/span><\/h3>\n<p><span style=\"font-family: 'Book Antiqua', Palatino; font-size: 120%; color: #333399;\">As this cable is connected to the electrical earth, it is important to check that it is present and of good quality.\u00a0<\/span><\/p>\n<p><span style=\"font-family: 'Book Antiqua', Palatino; font-size: 120%; color: #333399;\">You can check its presence using the Earthing tester and its quality using an earthing meter such as the Tohm-E or the Catohm DT-300.<\/span><\/p>\n<p><span style=\"font-family: 'Book Antiqua', Palatino; font-size: 120%; color: #ed1c24;\">According to the NF C15-100 standard, the resistance of the earth connection must not exceed 100 Ohms. However, in order to neutralise electric fields and parasitic voltages, we recommend an earth resistance of 50 Ohms or less.\u00a0<\/span><\/p>\n<p><span style=\"font-family: 'Book Antiqua', Palatino; font-size: 120%; color: #ed1c24;\">If in doubt, contact an electrician.<\/span><\/p>","protected":false},"excerpt":{"rendered":"<p><span style=\"font-family: 'Book Antiqua', Palatino; font-size: 120%; color: #333399;\">The USB-A or USB-C earthing cable with cylindrical socket allows you to earth all your devices with a USB-A or USB-C port (modem\/box, laptop, TV, iphone, ipad etc.) and protect you from the electric fields they emit.<\/span><\/p>","protected":false},"featured_media":1714,"comment_status":"open","ping_status":"closed","template":"","meta":[],"product_brand":[],"product_cat":[164],"product_tag":[248,246,247,251,249,245],"class_list":{"0":"post-1705","1":"product","2":"type-product","3":"status-publish","4":"has-post-thumbnail","6":"product_cat-baubiologie","7":"product_tag-baubiologie","8":"product_tag-bureau","9":"product_tag-chambre","10":"product_tag-electricite","11":"product_tag-electromagnetisme","12":"product_tag-maison","14":"first","15":"instock","16":"taxable","17":"shipping-taxable","18":"purchasable","19":"product-type-variable"},"yoast_head":"<!-- This site is optimized with the Yoast SEO Premium plugin v25.1 (Yoast SEO v27.4) - https:\/\/yoast.com\/product\/yoast-seo-premium-wordpress\/ -->\n<title>C\u00e2ble USB-A | USB-C de mise \u00e0 la terre avec douille cylindrique - 2 m | Agara<\/title>\n<meta name=\"description\" content=\"Le c\u00e2ble USB-A ou USB-C de mise \u00e0 la terre avec douille cylindrique permet de raccorder \u00e0 la terre tous vos appareils munis d&#039;un port USB-A ou USB-C (modem\/box, ordinateur portable, t\u00e9l\u00e9viseurs, iphone, ipad etc.) et de vous prot\u00e9ger des champs \u00e9lectriques qu&#039;ils \u00e9mettent.\" \/>\n<meta name=\"robots\" content=\"index, follow, max-snippet:-1, max-image-preview:large, max-video-preview:-1\" \/>\n<link rel=\"canonical\" href=\"https:\/\/369agara.com\/en\/product\/cable-terre-usb-a-usb-c-2m\/\" \/>\n<meta property=\"og:locale\" content=\"en_GB\" \/>\n<meta property=\"og:type\" content=\"article\" \/>\n<meta property=\"og:title\" content=\"C\u00e2ble USB-A | USB-C de mise \u00e0 la terre avec douille cylindrique - 2 m\" \/>\n<meta property=\"og:description\" content=\"Le c\u00e2ble USB-A ou USB-C de mise \u00e0 la terre avec douille cylindrique permet de raccorder \u00e0 la terre tous vos appareils munis d&#039;un port USB-A ou USB-C (modem\/box, ordinateur portable, t\u00e9l\u00e9viseurs, iphone, ipad etc.) et de vous prot\u00e9ger des champs \u00e9lectriques qu&#039;ils \u00e9mettent.\" \/>\n<meta property=\"og:url\" content=\"https:\/\/369agara.com\/en\/product\/cable-terre-usb-a-usb-c-2m\/\" \/>\n<meta property=\"og:site_name\" content=\"Agara\" \/>\n<meta property=\"article:modified_time\" content=\"2025-05-12T17:08:05+00:00\" \/>\n<meta property=\"og:image\" content=\"https:\/\/369agara.com\/wp-content\/uploads\/2023\/08\/cable-usb-de-mise-a-la-terre-avec-douille-cylindrique-1-1.jpg\" \/>\n\t<meta property=\"og:image:width\" content=\"807\" \/>\n\t<meta property=\"og:image:height\" content=\"808\" \/>\n\t<meta property=\"og:image:type\" content=\"image\/jpeg\" \/>\n<meta name=\"twitter:card\" content=\"summary_large_image\" \/>\n<meta name=\"twitter:label1\" content=\"Estimated reading time\" \/>\n\t<meta name=\"twitter:data1\" content=\"3 minutes\" \/>\n<script type=\"application\/ld+json\" class=\"yoast-schema-graph\">{\"@context\":\"https:\\\/\\\/schema.org\",\"@graph\":[{\"@type\":\"WebPage\",\"@id\":\"https:\\\/\\\/369agara.com\\\/produit\\\/cable-terre-usb-a-usb-c-2m\\\/\",\"url\":\"https:\\\/\\\/369agara.com\\\/produit\\\/cable-terre-usb-a-usb-c-2m\\\/\",\"name\":\"C\u00e2ble USB-A | USB-C de mise \u00e0 la terre avec douille cylindrique - 2 m | Agara\",\"isPartOf\":{\"@id\":\"https:\\\/\\\/369agara.com\\\/#website\"},\"primaryImageOfPage\":{\"@id\":\"https:\\\/\\\/369agara.com\\\/produit\\\/cable-terre-usb-a-usb-c-2m\\\/#primaryimage\"},\"image\":{\"@id\":\"https:\\\/\\\/369agara.com\\\/produit\\\/cable-terre-usb-a-usb-c-2m\\\/#primaryimage\"},\"thumbnailUrl\":\"https:\\\/\\\/369agara.com\\\/wp-content\\\/uploads\\\/2023\\\/08\\\/cable-usb-de-mise-a-la-terre-avec-douille-cylindrique-1-1.jpg\",\"datePublished\":\"2023-08-20T13:44:19+00:00\",\"dateModified\":\"2025-05-12T17:08:05+00:00\",\"description\":\"Le c\u00e2ble USB-A ou USB-C de mise \u00e0 la terre avec douille cylindrique permet de raccorder \u00e0 la terre tous vos appareils munis d'un port USB-A ou USB-C (modem\\\/box, ordinateur portable, t\u00e9l\u00e9viseurs, iphone, ipad etc.) et de vous prot\u00e9ger des champs \u00e9lectriques qu'ils \u00e9mettent.\",\"breadcrumb\":{\"@id\":\"https:\\\/\\\/369agara.com\\\/produit\\\/cable-terre-usb-a-usb-c-2m\\\/#breadcrumb\"},\"inLanguage\":\"en-GB\",\"potentialAction\":[{\"@type\":\"ReadAction\",\"target\":[\"https:\\\/\\\/369agara.com\\\/produit\\\/cable-terre-usb-a-usb-c-2m\\\/\"]}]},{\"@type\":\"ImageObject\",\"inLanguage\":\"en-GB\",\"@id\":\"https:\\\/\\\/369agara.com\\\/produit\\\/cable-terre-usb-a-usb-c-2m\\\/#primaryimage\",\"url\":\"https:\\\/\\\/369agara.com\\\/wp-content\\\/uploads\\\/2023\\\/08\\\/cable-usb-de-mise-a-la-terre-avec-douille-cylindrique-1-1.jpg\",\"contentUrl\":\"https:\\\/\\\/369agara.com\\\/wp-content\\\/uploads\\\/2023\\\/08\\\/cable-usb-de-mise-a-la-terre-avec-douille-cylindrique-1-1.jpg\",\"width\":807,\"height\":808},{\"@type\":\"BreadcrumbList\",\"@id\":\"https:\\\/\\\/369agara.com\\\/produit\\\/cable-terre-usb-a-usb-c-2m\\\/#breadcrumb\",\"itemListElement\":[{\"@type\":\"ListItem\",\"position\":1,\"name\":\"Accueil\",\"item\":\"https:\\\/\\\/369agara.com\\\/\"},{\"@type\":\"ListItem\",\"position\":2,\"name\":\"La boutique\",\"item\":\"https:\\\/\\\/369agara.com\\\/la-boutique\\\/\"},{\"@type\":\"ListItem\",\"position\":3,\"name\":\"C\u00e2ble USB-A | USB-C de mise \u00e0 la terre avec douille cylindrique &#8211; 2 m\"}]},{\"@type\":\"WebSite\",\"@id\":\"https:\\\/\\\/369agara.com\\\/#website\",\"url\":\"https:\\\/\\\/369agara.com\\\/\",\"name\":\"Livsrikedomar\",\"description\":\"D\u00e9connectez pour mieux vous connecter\",\"publisher\":{\"@id\":\"https:\\\/\\\/369agara.com\\\/#organization\"},\"potentialAction\":[{\"@type\":\"SearchAction\",\"target\":{\"@type\":\"EntryPoint\",\"urlTemplate\":\"https:\\\/\\\/369agara.com\\\/?s={search_term_string}\"},\"query-input\":{\"@type\":\"PropertyValueSpecification\",\"valueRequired\":true,\"valueName\":\"search_term_string\"}}],\"inLanguage\":\"en-GB\"},{\"@type\":\"Organization\",\"@id\":\"https:\\\/\\\/369agara.com\\\/#organization\",\"name\":\"EACreations\",\"url\":\"https:\\\/\\\/369agara.com\\\/\",\"logo\":{\"@type\":\"ImageObject\",\"inLanguage\":\"en-GB\",\"@id\":\"https:\\\/\\\/369agara.com\\\/#\\\/schema\\\/logo\\\/image\\\/\",\"url\":\"\",\"contentUrl\":\"\",\"caption\":\"EACreations\"},\"image\":{\"@id\":\"https:\\\/\\\/369agara.com\\\/#\\\/schema\\\/logo\\\/image\\\/\"}}]}<\/script>\n<!-- \/ Yoast SEO Premium plugin. -->","yoast_head_json":{"title":"C\u00e2ble USB-A | USB-C de mise \u00e0 la terre avec douille cylindrique - 2 m | Agara","description":"Le c\u00e2ble USB-A ou USB-C de mise \u00e0 la terre avec douille cylindrique permet de raccorder \u00e0 la terre tous vos appareils munis d'un port USB-A ou USB-C (modem\/box, ordinateur portable, t\u00e9l\u00e9viseurs, iphone, ipad etc.) et de vous prot\u00e9ger des champs \u00e9lectriques qu'ils \u00e9mettent.","robots":{"index":"index","follow":"follow","max-snippet":"max-snippet:-1","max-image-preview":"max-image-preview:large","max-video-preview":"max-video-preview:-1"},"canonical":"https:\/\/369agara.com\/en\/product\/cable-terre-usb-a-usb-c-2m\/","og_locale":"en_GB","og_type":"article","og_title":"C\u00e2ble USB-A | USB-C de mise \u00e0 la terre avec douille cylindrique - 2 m","og_description":"Le c\u00e2ble USB-A ou USB-C de mise \u00e0 la terre avec douille cylindrique permet de raccorder \u00e0 la terre tous vos appareils munis d'un port USB-A ou USB-C (modem\/box, ordinateur portable, t\u00e9l\u00e9viseurs, iphone, ipad etc.) et de vous prot\u00e9ger des champs \u00e9lectriques qu'ils \u00e9mettent.","og_url":"https:\/\/369agara.com\/en\/product\/cable-terre-usb-a-usb-c-2m\/","og_site_name":"Agara","article_modified_time":"2025-05-12T17:08:05+00:00","og_image":[{"width":807,"height":808,"url":"https:\/\/369agara.com\/wp-content\/uploads\/2023\/08\/cable-usb-de-mise-a-la-terre-avec-douille-cylindrique-1-1.jpg","type":"image\/jpeg"}],"twitter_card":"summary_large_image","twitter_misc":{"Estimated reading time":"3 minutes"},"schema":{"@context":"https:\/\/schema.org","@graph":[{"@type":"WebPage","@id":"https:\/\/369agara.com\/produit\/cable-terre-usb-a-usb-c-2m\/","url":"https:\/\/369agara.com\/produit\/cable-terre-usb-a-usb-c-2m\/","name":"C\u00e2ble USB-A | USB-C de mise \u00e0 la terre avec douille cylindrique - 2 m | Agara","isPartOf":{"@id":"https:\/\/369agara.com\/#website"},"primaryImageOfPage":{"@id":"https:\/\/369agara.com\/produit\/cable-terre-usb-a-usb-c-2m\/#primaryimage"},"image":{"@id":"https:\/\/369agara.com\/produit\/cable-terre-usb-a-usb-c-2m\/#primaryimage"},"thumbnailUrl":"https:\/\/369agara.com\/wp-content\/uploads\/2023\/08\/cable-usb-de-mise-a-la-terre-avec-douille-cylindrique-1-1.jpg","datePublished":"2023-08-20T13:44:19+00:00","dateModified":"2025-05-12T17:08:05+00:00","description":"Le c\u00e2ble USB-A ou USB-C de mise \u00e0 la terre avec douille cylindrique permet de raccorder \u00e0 la terre tous vos appareils munis d'un port USB-A ou USB-C (modem\/box, ordinateur portable, t\u00e9l\u00e9viseurs, iphone, ipad etc.) et de vous prot\u00e9ger des champs \u00e9lectriques qu'ils \u00e9mettent.","breadcrumb":{"@id":"https:\/\/369agara.com\/produit\/cable-terre-usb-a-usb-c-2m\/#breadcrumb"},"inLanguage":"en-GB","potentialAction":[{"@type":"ReadAction","target":["https:\/\/369agara.com\/produit\/cable-terre-usb-a-usb-c-2m\/"]}]},{"@type":"ImageObject","inLanguage":"en-GB","@id":"https:\/\/369agara.com\/produit\/cable-terre-usb-a-usb-c-2m\/#primaryimage","url":"https:\/\/369agara.com\/wp-content\/uploads\/2023\/08\/cable-usb-de-mise-a-la-terre-avec-douille-cylindrique-1-1.jpg","contentUrl":"https:\/\/369agara.com\/wp-content\/uploads\/2023\/08\/cable-usb-de-mise-a-la-terre-avec-douille-cylindrique-1-1.jpg","width":807,"height":808},{"@type":"BreadcrumbList","@id":"https:\/\/369agara.com\/produit\/cable-terre-usb-a-usb-c-2m\/#breadcrumb","itemListElement":[{"@type":"ListItem","position":1,"name":"Accueil","item":"https:\/\/369agara.com\/"},{"@type":"ListItem","position":2,"name":"La boutique","item":"https:\/\/369agara.com\/la-boutique\/"},{"@type":"ListItem","position":3,"name":"C\u00e2ble USB-A | USB-C de mise \u00e0 la terre avec douille cylindrique &#8211; 2 m"}]},{"@type":"WebSite","@id":"https:\/\/369agara.com\/#website","url":"https:\/\/369agara.com\/","name":"Livsrikedomar","description":"Disconnect to better connect","publisher":{"@id":"https:\/\/369agara.com\/#organization"},"potentialAction":[{"@type":"SearchAction","target":{"@type":"EntryPoint","urlTemplate":"https:\/\/369agara.com\/?s={search_term_string}"},"query-input":{"@type":"PropertyValueSpecification","valueRequired":true,"valueName":"search_term_string"}}],"inLanguage":"en-GB"},{"@type":"Organization","@id":"https:\/\/369agara.com\/#organization","name":"EACreations","url":"https:\/\/369agara.com\/","logo":{"@type":"ImageObject","inLanguage":"en-GB","@id":"https:\/\/369agara.com\/#\/schema\/logo\/image\/","url":"","contentUrl":"","caption":"EACreations"},"image":{"@id":"https:\/\/369agara.com\/#\/schema\/logo\/image\/"}}]}},"jetpack_sharing_enabled":true,"_links":{"self":[{"href":"https:\/\/369agara.com\/en\/wp-json\/wp\/v2\/product\/1705","targetHints":{"allow":["GET"]}}],"collection":[{"href":"https:\/\/369agara.com\/en\/wp-json\/wp\/v2\/product"}],"about":[{"href":"https:\/\/369agara.com\/en\/wp-json\/wp\/v2\/types\/product"}],"replies":[{"embeddable":true,"href":"https:\/\/369agara.com\/en\/wp-json\/wp\/v2\/comments?post=1705"}],"wp:featuredmedia":[{"embeddable":true,"href":"https:\/\/369agara.com\/en\/wp-json\/wp\/v2\/media\/1714"}],"wp:attachment":[{"href":"https:\/\/369agara.com\/en\/wp-json\/wp\/v2\/media?parent=1705"}],"wp:term":[{"taxonomy":"product_brand","embeddable":true,"href":"https:\/\/369agara.com\/en\/wp-json\/wp\/v2\/product_brand?post=1705"},{"taxonomy":"product_cat","embeddable":true,"href":"https:\/\/369agara.com\/en\/wp-json\/wp\/v2\/product_cat?post=1705"},{"taxonomy":"product_tag","embeddable":true,"href":"https:\/\/369agara.com\/en\/wp-json\/wp\/v2\/product_tag?post=1705"}],"curies":[{"name":"wp","href":"https:\/\/api.w.org\/{rel}","templated":true}]}}