{"id":1715,"date":"2023-08-20T16:10:32","date_gmt":"2023-08-20T14:10:32","guid":{"rendered":"https:\/\/369agara.com\/?post_type=product&#038;p=1715"},"modified":"2025-05-12T19:05:24","modified_gmt":"2025-05-12T17:05:24","slug":"cable-avec-fiche-usb-a-2m","status":"publish","type":"product","link":"https:\/\/369agara.com\/en\/product\/cable-avec-fiche-usb-a-2m\/","title":{"rendered":"USB-A grounding cable with plug - 2 metres"},"content":{"rendered":"<div class=\"block md-bottom product-description-block\">\n<div class=\"block-content box-bg\">\n<div class=\"product-description typo\">\n<p><span style=\"font-family: 'Book Antiqua', Palatino; color: #333399; font-size: 120%;\">The USB earthing cable allows you to earth all your devices with a USB port (modem\/box, laptop, TV, etc.) and protect you from the electric fields they emit.<\/span><\/p>\n<p><span style=\"font-family: 'Book Antiqua', Palatino; color: #333399; font-size: 120%;\">Modems and set-top boxes are not earthed, so they generate a large electric field, which has many effects on the body: stress, irritability, nervousness, headaches, hyperactivity, difficulty concentrating, sleep problems, etc.<\/span><\/p>\n<p><span style=\"font-family: 'Book Antiqua', Palatino; color: #333399; font-size: 120%;\">This USB earthing cable effectively neutralises them and at the same time eliminates the electric fields emitted by corded telephones connected to the box. Sensitive people are no longer disturbed when they make calls.<\/span><\/p>\n<p><span style=\"font-family: 'Book Antiqua', Palatino; color: #333399; font-size: 120%;\">It also eliminates the electric fields emitted by a laptop without an earthed plug (2-pole, flat plug) and any other device without an earthed plug but with a USB connection (television, for example).<\/span><\/p>\n<p><span style=\"font-family: 'Book Antiqua', Palatino; color: #333399; font-size: 120%;\"><strong><span style=\"color: #ed1c24;\">Warning! This USB cable must be plugged into an earthed wall socket!<\/span>\u00a0<\/strong><\/span><\/p>\n<h3><span style=\"font-family: 'Book Antiqua', Palatino; color: #333399; font-size: 120%;\">Technical specifications<\/span><\/h3>\n<ul>\n<li><span style=\"font-family: 'Book Antiqua', Palatino; color: #333399; font-size: 120%;\">European 2P+T socket (compatible with French sockets and Danell shielded multi-sockets)<\/span><\/li>\n<li><span style=\"font-family: 'Book Antiqua', Palatino; color: #333399; font-size: 120%;\">Length: 2 metres<\/span><\/li>\n<li><span style=\"font-family: 'Book Antiqua', Palatino; color: #333399; font-size: 120%;\">Colour: copper<\/span><\/li>\n<li><span style=\"font-family: 'Book Antiqua', Palatino; color: #333399; font-size: 120%;\">Weight: 0.130 kg<\/span><\/li>\n<li><span style=\"font-family: 'Book Antiqua', Palatino; color: #333399; font-size: 120%;\">Warranty: 2 years<\/span><\/li>\n<\/ul>\n<p><span style=\"font-family: 'Book Antiqua', Palatino; color: #333399; font-size: 120%;\">Made in France<\/span><\/p>\n<h3><span style=\"font-family: 'Book Antiqua', Palatino; color: #333399; font-size: 120%;\">Precautions for use<\/span><\/h3>\n<p><span style=\"font-family: 'Book Antiqua', Palatino; color: #333399; font-size: 120%;\">As this cable is connected to the electrical earth, it is important to check that it is present and of good quality.\u00a0<\/span><\/p>\n<p><span style=\"font-family: 'Book Antiqua', Palatino; color: #333399; font-size: 120%;\">You can check its presence using the Earthing tester and its quality using an earthing meter such as the Tohm-E or the Catohm DT-300.<\/span><\/p>\n<p><span style=\"font-family: 'Book Antiqua', Palatino; color: #ed1c24; font-size: 120%;\">According to the NF C15-100 standard, the resistance of the earth connection must not exceed 100 Ohms. However, in order to neutralise electric fields and parasitic voltages, we recommend an earth resistance of 50 Ohms or less.\u00a0<\/span><\/p>\n<p><span style=\"font-family: 'Book Antiqua', Palatino; color: #ed1c24; font-size: 120%;\">If in doubt, contact an electrician.<\/span><\/p>\n<\/div>\n<\/div>\n<\/div>\n<div class=\"block product-attachments-block sm-bottom\">\n<h3 class=\"title-block\"><span style=\"font-family: 'Book Antiqua', Palatino; color: #333399; font-size: 120%;\">Please consult<\/span><\/h3>\n<div class=\"block-content\">\n<section class=\"product-attachments\">\n<div class=\"row\">\n<div class=\"attachment col-12 col-lg-4\">\n<div class=\"box-bg my-2\">\n<ul>\n<li class=\"h5\"><span style=\"font-family: 'Book Antiqua', Palatino; color: #333399; font-size: 120%;\">USB cable<\/span><br \/>\n<span style=\"font-family: 'Book Antiqua', Palatino; color: #333399; font-size: 120%;\">Technical sheet USB earth cable<\/span><\/li>\n<\/ul>\n<\/div>\n<\/div>\n<\/div>\n<\/section>\n<\/div>\n<\/div>","protected":false},"excerpt":{"rendered":"<p><span style=\"font-family: 'Book Antiqua', Palatino; font-size: 120%; color: #333399;\">The USB earthing cable allows you to earth all your devices with a USB port (modem\/box, laptop, TV, etc.) and protect you from the electric fields they emit.\u00a0<\/span><\/p>","protected":false},"featured_media":1716,"comment_status":"open","ping_status":"closed","template":"","meta":[],"product_brand":[],"product_cat":[164],"product_tag":[248,246,247,251,249,245],"class_list":{"0":"post-1715","1":"product","2":"type-product","3":"status-publish","4":"has-post-thumbnail","6":"product_cat-baubiologie","7":"product_tag-baubiologie","8":"product_tag-bureau","9":"product_tag-chambre","10":"product_tag-electricite","11":"product_tag-electromagnetisme","12":"product_tag-maison","14":"first","15":"instock","16":"taxable","17":"shipping-taxable","18":"purchasable","19":"product-type-simple"},"yoast_head":"<!-- This site is optimized with the Yoast SEO Premium plugin v25.1 (Yoast SEO v27.4) - https:\/\/yoast.com\/product\/yoast-seo-premium-wordpress\/ -->\n<title>C\u00e2ble USB-A de mise \u00e0 la terre avec fiche de branchement - 2 m\u00e8tres | Agara<\/title>\n<meta name=\"description\" content=\"Le c\u00e2ble USB de mise \u00e0 la terre permet de raccorder \u00e0 la terre tous vos appareils munis d&#039;un port USB (modem\/box, ordinateur portable, t\u00e9l\u00e9viseurs, etc.) et de vous prot\u00e9ger des champs \u00e9lectriques qu&#039;ils \u00e9mettent.\u00a0\" \/>\n<meta name=\"robots\" content=\"index, follow, max-snippet:-1, max-image-preview:large, max-video-preview:-1\" \/>\n<link rel=\"canonical\" href=\"https:\/\/369agara.com\/en\/product\/cable-avec-fiche-usb-a-2m\/\" \/>\n<meta property=\"og:locale\" content=\"en_GB\" \/>\n<meta property=\"og:type\" content=\"article\" \/>\n<meta property=\"og:title\" content=\"C\u00e2ble USB-A de mise \u00e0 la terre avec fiche de branchement - 2 m\u00e8tres\" \/>\n<meta property=\"og:description\" content=\"Le c\u00e2ble USB de mise \u00e0 la terre permet de raccorder \u00e0 la terre tous vos appareils munis d&#039;un port USB (modem\/box, ordinateur portable, t\u00e9l\u00e9viseurs, etc.) et de vous prot\u00e9ger des champs \u00e9lectriques qu&#039;ils \u00e9mettent.\u00a0\" \/>\n<meta property=\"og:url\" content=\"https:\/\/369agara.com\/en\/product\/cable-avec-fiche-usb-a-2m\/\" \/>\n<meta property=\"og:site_name\" content=\"Agara\" \/>\n<meta property=\"article:modified_time\" content=\"2025-05-12T17:05:24+00:00\" \/>\n<meta property=\"og:image\" content=\"https:\/\/369agara.com\/wp-content\/uploads\/2023\/08\/cable-usb-de-mise-a-la-terre.jpg\" \/>\n\t<meta property=\"og:image:width\" content=\"800\" \/>\n\t<meta property=\"og:image:height\" content=\"800\" \/>\n\t<meta property=\"og:image:type\" content=\"image\/jpeg\" \/>\n<meta name=\"twitter:card\" content=\"summary_large_image\" \/>\n<meta name=\"twitter:label1\" content=\"Estimated reading time\" \/>\n\t<meta name=\"twitter:data1\" content=\"2 minutes\" \/>\n<script type=\"application\/ld+json\" class=\"yoast-schema-graph\">{\"@context\":\"https:\\\/\\\/schema.org\",\"@graph\":[{\"@type\":\"WebPage\",\"@id\":\"https:\\\/\\\/369agara.com\\\/produit\\\/cable-avec-fiche-usb-a-2m\\\/\",\"url\":\"https:\\\/\\\/369agara.com\\\/produit\\\/cable-avec-fiche-usb-a-2m\\\/\",\"name\":\"C\u00e2ble USB-A de mise \u00e0 la terre avec fiche de branchement - 2 m\u00e8tres | Agara\",\"isPartOf\":{\"@id\":\"https:\\\/\\\/369agara.com\\\/#website\"},\"primaryImageOfPage\":{\"@id\":\"https:\\\/\\\/369agara.com\\\/produit\\\/cable-avec-fiche-usb-a-2m\\\/#primaryimage\"},\"image\":{\"@id\":\"https:\\\/\\\/369agara.com\\\/produit\\\/cable-avec-fiche-usb-a-2m\\\/#primaryimage\"},\"thumbnailUrl\":\"https:\\\/\\\/369agara.com\\\/wp-content\\\/uploads\\\/2023\\\/08\\\/cable-usb-de-mise-a-la-terre.jpg\",\"datePublished\":\"2023-08-20T14:10:32+00:00\",\"dateModified\":\"2025-05-12T17:05:24+00:00\",\"description\":\"Le c\u00e2ble USB de mise \u00e0 la terre permet de raccorder \u00e0 la terre tous vos appareils munis d'un port USB (modem\\\/box, ordinateur portable, t\u00e9l\u00e9viseurs, etc.) et de vous prot\u00e9ger des champs \u00e9lectriques qu'ils \u00e9mettent.\u00a0\",\"breadcrumb\":{\"@id\":\"https:\\\/\\\/369agara.com\\\/produit\\\/cable-avec-fiche-usb-a-2m\\\/#breadcrumb\"},\"inLanguage\":\"en-GB\",\"potentialAction\":[{\"@type\":\"ReadAction\",\"target\":[\"https:\\\/\\\/369agara.com\\\/produit\\\/cable-avec-fiche-usb-a-2m\\\/\"]}]},{\"@type\":\"ImageObject\",\"inLanguage\":\"en-GB\",\"@id\":\"https:\\\/\\\/369agara.com\\\/produit\\\/cable-avec-fiche-usb-a-2m\\\/#primaryimage\",\"url\":\"https:\\\/\\\/369agara.com\\\/wp-content\\\/uploads\\\/2023\\\/08\\\/cable-usb-de-mise-a-la-terre.jpg\",\"contentUrl\":\"https:\\\/\\\/369agara.com\\\/wp-content\\\/uploads\\\/2023\\\/08\\\/cable-usb-de-mise-a-la-terre.jpg\",\"width\":800,\"height\":800},{\"@type\":\"BreadcrumbList\",\"@id\":\"https:\\\/\\\/369agara.com\\\/produit\\\/cable-avec-fiche-usb-a-2m\\\/#breadcrumb\",\"itemListElement\":[{\"@type\":\"ListItem\",\"position\":1,\"name\":\"Accueil\",\"item\":\"https:\\\/\\\/369agara.com\\\/\"},{\"@type\":\"ListItem\",\"position\":2,\"name\":\"La boutique\",\"item\":\"https:\\\/\\\/369agara.com\\\/la-boutique\\\/\"},{\"@type\":\"ListItem\",\"position\":3,\"name\":\"C\u00e2ble USB-A de mise \u00e0 la terre avec fiche de branchement &#8211; 2 m\u00e8tres\"}]},{\"@type\":\"WebSite\",\"@id\":\"https:\\\/\\\/369agara.com\\\/#website\",\"url\":\"https:\\\/\\\/369agara.com\\\/\",\"name\":\"Livsrikedomar\",\"description\":\"D\u00e9connectez pour mieux vous connecter\",\"publisher\":{\"@id\":\"https:\\\/\\\/369agara.com\\\/#organization\"},\"potentialAction\":[{\"@type\":\"SearchAction\",\"target\":{\"@type\":\"EntryPoint\",\"urlTemplate\":\"https:\\\/\\\/369agara.com\\\/?s={search_term_string}\"},\"query-input\":{\"@type\":\"PropertyValueSpecification\",\"valueRequired\":true,\"valueName\":\"search_term_string\"}}],\"inLanguage\":\"en-GB\"},{\"@type\":\"Organization\",\"@id\":\"https:\\\/\\\/369agara.com\\\/#organization\",\"name\":\"EACreations\",\"url\":\"https:\\\/\\\/369agara.com\\\/\",\"logo\":{\"@type\":\"ImageObject\",\"inLanguage\":\"en-GB\",\"@id\":\"https:\\\/\\\/369agara.com\\\/#\\\/schema\\\/logo\\\/image\\\/\",\"url\":\"\",\"contentUrl\":\"\",\"caption\":\"EACreations\"},\"image\":{\"@id\":\"https:\\\/\\\/369agara.com\\\/#\\\/schema\\\/logo\\\/image\\\/\"}}]}<\/script>\n<!-- \/ Yoast SEO Premium plugin. -->","yoast_head_json":{"title":"C\u00e2ble USB-A de mise \u00e0 la terre avec fiche de branchement - 2 m\u00e8tres | Agara","description":"Le c\u00e2ble USB de mise \u00e0 la terre permet de raccorder \u00e0 la terre tous vos appareils munis d'un port USB (modem\/box, ordinateur portable, t\u00e9l\u00e9viseurs, etc.) et de vous prot\u00e9ger des champs \u00e9lectriques qu'ils \u00e9mettent.\u00a0","robots":{"index":"index","follow":"follow","max-snippet":"max-snippet:-1","max-image-preview":"max-image-preview:large","max-video-preview":"max-video-preview:-1"},"canonical":"https:\/\/369agara.com\/en\/product\/cable-avec-fiche-usb-a-2m\/","og_locale":"en_GB","og_type":"article","og_title":"C\u00e2ble USB-A de mise \u00e0 la terre avec fiche de branchement - 2 m\u00e8tres","og_description":"Le c\u00e2ble USB de mise \u00e0 la terre permet de raccorder \u00e0 la terre tous vos appareils munis d'un port USB (modem\/box, ordinateur portable, t\u00e9l\u00e9viseurs, etc.) et de vous prot\u00e9ger des champs \u00e9lectriques qu'ils \u00e9mettent.\u00a0","og_url":"https:\/\/369agara.com\/en\/product\/cable-avec-fiche-usb-a-2m\/","og_site_name":"Agara","article_modified_time":"2025-05-12T17:05:24+00:00","og_image":[{"width":800,"height":800,"url":"https:\/\/369agara.com\/wp-content\/uploads\/2023\/08\/cable-usb-de-mise-a-la-terre.jpg","type":"image\/jpeg"}],"twitter_card":"summary_large_image","twitter_misc":{"Estimated reading time":"2 minutes"},"schema":{"@context":"https:\/\/schema.org","@graph":[{"@type":"WebPage","@id":"https:\/\/369agara.com\/produit\/cable-avec-fiche-usb-a-2m\/","url":"https:\/\/369agara.com\/produit\/cable-avec-fiche-usb-a-2m\/","name":"C\u00e2ble USB-A de mise \u00e0 la terre avec fiche de branchement - 2 m\u00e8tres | Agara","isPartOf":{"@id":"https:\/\/369agara.com\/#website"},"primaryImageOfPage":{"@id":"https:\/\/369agara.com\/produit\/cable-avec-fiche-usb-a-2m\/#primaryimage"},"image":{"@id":"https:\/\/369agara.com\/produit\/cable-avec-fiche-usb-a-2m\/#primaryimage"},"thumbnailUrl":"https:\/\/369agara.com\/wp-content\/uploads\/2023\/08\/cable-usb-de-mise-a-la-terre.jpg","datePublished":"2023-08-20T14:10:32+00:00","dateModified":"2025-05-12T17:05:24+00:00","description":"Le c\u00e2ble USB de mise \u00e0 la terre permet de raccorder \u00e0 la terre tous vos appareils munis d'un port USB (modem\/box, ordinateur portable, t\u00e9l\u00e9viseurs, etc.) et de vous prot\u00e9ger des champs \u00e9lectriques qu'ils \u00e9mettent.\u00a0","breadcrumb":{"@id":"https:\/\/369agara.com\/produit\/cable-avec-fiche-usb-a-2m\/#breadcrumb"},"inLanguage":"en-GB","potentialAction":[{"@type":"ReadAction","target":["https:\/\/369agara.com\/produit\/cable-avec-fiche-usb-a-2m\/"]}]},{"@type":"ImageObject","inLanguage":"en-GB","@id":"https:\/\/369agara.com\/produit\/cable-avec-fiche-usb-a-2m\/#primaryimage","url":"https:\/\/369agara.com\/wp-content\/uploads\/2023\/08\/cable-usb-de-mise-a-la-terre.jpg","contentUrl":"https:\/\/369agara.com\/wp-content\/uploads\/2023\/08\/cable-usb-de-mise-a-la-terre.jpg","width":800,"height":800},{"@type":"BreadcrumbList","@id":"https:\/\/369agara.com\/produit\/cable-avec-fiche-usb-a-2m\/#breadcrumb","itemListElement":[{"@type":"ListItem","position":1,"name":"Accueil","item":"https:\/\/369agara.com\/"},{"@type":"ListItem","position":2,"name":"La boutique","item":"https:\/\/369agara.com\/la-boutique\/"},{"@type":"ListItem","position":3,"name":"C\u00e2ble USB-A de mise \u00e0 la terre avec fiche de branchement &#8211; 2 m\u00e8tres"}]},{"@type":"WebSite","@id":"https:\/\/369agara.com\/#website","url":"https:\/\/369agara.com\/","name":"Livsrikedomar","description":"Disconnect to better connect","publisher":{"@id":"https:\/\/369agara.com\/#organization"},"potentialAction":[{"@type":"SearchAction","target":{"@type":"EntryPoint","urlTemplate":"https:\/\/369agara.com\/?s={search_term_string}"},"query-input":{"@type":"PropertyValueSpecification","valueRequired":true,"valueName":"search_term_string"}}],"inLanguage":"en-GB"},{"@type":"Organization","@id":"https:\/\/369agara.com\/#organization","name":"EACreations","url":"https:\/\/369agara.com\/","logo":{"@type":"ImageObject","inLanguage":"en-GB","@id":"https:\/\/369agara.com\/#\/schema\/logo\/image\/","url":"","contentUrl":"","caption":"EACreations"},"image":{"@id":"https:\/\/369agara.com\/#\/schema\/logo\/image\/"}}]}},"jetpack_sharing_enabled":true,"_links":{"self":[{"href":"https:\/\/369agara.com\/en\/wp-json\/wp\/v2\/product\/1715","targetHints":{"allow":["GET"]}}],"collection":[{"href":"https:\/\/369agara.com\/en\/wp-json\/wp\/v2\/product"}],"about":[{"href":"https:\/\/369agara.com\/en\/wp-json\/wp\/v2\/types\/product"}],"replies":[{"embeddable":true,"href":"https:\/\/369agara.com\/en\/wp-json\/wp\/v2\/comments?post=1715"}],"wp:featuredmedia":[{"embeddable":true,"href":"https:\/\/369agara.com\/en\/wp-json\/wp\/v2\/media\/1716"}],"wp:attachment":[{"href":"https:\/\/369agara.com\/en\/wp-json\/wp\/v2\/media?parent=1715"}],"wp:term":[{"taxonomy":"product_brand","embeddable":true,"href":"https:\/\/369agara.com\/en\/wp-json\/wp\/v2\/product_brand?post=1715"},{"taxonomy":"product_cat","embeddable":true,"href":"https:\/\/369agara.com\/en\/wp-json\/wp\/v2\/product_cat?post=1715"},{"taxonomy":"product_tag","embeddable":true,"href":"https:\/\/369agara.com\/en\/wp-json\/wp\/v2\/product_tag?post=1715"}],"curies":[{"name":"wp","href":"https:\/\/api.w.org\/{rel}","templated":true}]}}