{"id":1717,"date":"2023-08-20T16:28:21","date_gmt":"2023-08-20T14:28:21","guid":{"rendered":"https:\/\/369agara.com\/?post_type=product&#038;p=1717"},"modified":"2025-05-12T19:03:04","modified_gmt":"2025-05-12T17:03:04","slug":"oreillettes-stethoscopiques-fc12-ibrain","status":"publish","type":"product","link":"https:\/\/369agara.com\/en\/product\/oreillettes-stethoscopiques-fc12-ibrain\/","title":{"rendered":"ibrain FC12 Stethoscopic Wave Resistant Headset | 3.5 jack connector - Black"},"content":{"rendered":"<p>The iBrain FC12 stereo anti-wave headset reduces the radiation emitted by your mobile phone by 98 %.<\/p>\n<p>The disadvantage of conventional earpieces is that they conduct high frequencies through the cable directly into the ear canal. This is reliably avoided at 98 % thanks to this earpiece's \"stethoscope tube\", located between the microphone and the earpiece. This stops the high frequencies reaching the microphone.<\/p>\n<p>The shielded metal wire, double sound concentrator, magnetic field shielding and air tube provide effective protection, making this headset ideal for sensitive people, children, pregnant women or anyone who simply wants to be as safe as possible from the waves.<\/p>\n<p>Designed to withstand your active lifestyle and protect your health while preserving clear, limpid sound conducted by the air in the tube.<\/p>\n<p>Ultra-light and ergonomic, this headset guarantees optimum comfort and excellent communication quality. It's also perfect for listening to music, thanks to its stereo headphones.<\/p>\n<p>Function keys let you easily control your music and manage your calls. The headset supports calls with a high-quality microphone, so you can keep your hands on the wheel while you drive or leave them free for your sporting activity.<\/p>\n<p>The iBrain FC12 anti-wave headset is also very comfortable to wear: the in-ear earphones with their soft, skin-friendly leatherette covers are permeable, comfortable to wear and can easily isolate you from the sounds around you.<\/p>\n<p><strong>3.5 mm jack connector,<\/strong>\u00a0compatible with most smartphones, MP3 players, tablets and laptops.<br \/>\nFor iPhones up to iPhone 15, you'll need a jack\/Lightning adapter.<br \/>\nFor smartphones with USB-C connectivity, you will need to use a jack\/USB-C adapter.<\/p>\n<p>Note: keep these earphones away from sharp objects to avoid scratches and damage!<\/p>\n<h3>Technical specifications<\/h3>\n<ul>\n<li>Model number: FC12<\/li>\n<li>Colour: Black<\/li>\n<li>Speaker diameter: 8 mm<\/li>\n<li>Sensitivity: 93 \u00b1 2dBSPL at 1KHZ<\/li>\n<li>Frequency range: 20HZ-20KHZ<\/li>\n<li>Impedance: 16\u03a9<\/li>\n<li>Cable length: approx. 132 cm (including length of air tube)<\/li>\n<li>Length of air tube: approx. 15 cm<\/li>\n<li>Helmet weight: 21 g<\/li>\n<li>Package size: 20.2 x 12.2 x 2.4 cm<\/li>\n<li>Packet weight: 67 g<\/li>\n<li>Warranty: 3 months<\/li>\n<\/ul>\n<h3>Agara Council<\/h3>\n<p>Radiation decreases with increasing distance from the mobile phone.<br \/>\nTo reduce the load on the head in particular, the mobile should be placed or held as far away as possible during the call.<br \/>\nYou should also check the intensity indicator on your mobile phone so that you only make calls from places where reception is good, otherwise you will increase the transmitting power.<\/p>\n<p>When communicating, your mobile phone emits significantly less when connected in 3G than when using the other frequency bands (1800 and 900 MHz).<\/p>","protected":false},"excerpt":{"rendered":"<p><span style=\"font-family: 'Book Antiqua', Palatino; font-size: 120%; color: #333399;\">The ibrain FC12 stereo anti-wave headset reduces the radiation emitted by your mobile phone by 98 %.\u00a0<\/span><\/p>\n<p><span style=\"font-family: 'Book Antiqua', Palatino; font-size: 120%; color: #333399;\">The sound is conducted by the air (stethoscope tube principle) and not by the cable, so you're effectively protected. Perfect sound for music and communication. Optimum comfort of use.\u00a0<\/span><\/p>\n<p><span style=\"font-family: 'Book Antiqua', Palatino; font-size: 120%; color: #333399;\">Black.<\/span><\/p>","protected":false},"featured_media":3790,"comment_status":"open","ping_status":"closed","template":"","meta":[],"product_brand":[266],"product_cat":[164],"product_tag":[248,246,247,249,245],"class_list":{"0":"post-1717","1":"product","2":"type-product","3":"status-publish","4":"has-post-thumbnail","6":"product_brand-ibrain","7":"product_cat-baubiologie","8":"product_tag-baubiologie","9":"product_tag-bureau","10":"product_tag-chambre","11":"product_tag-electromagnetisme","12":"product_tag-maison","14":"first","15":"onbackorder","16":"taxable","17":"shipping-taxable","18":"purchasable","19":"product-type-simple"},"yoast_head":"<!-- This site is optimized with the Yoast SEO Premium plugin v25.1 (Yoast SEO v27.4) - https:\/\/yoast.com\/product\/yoast-seo-premium-wordpress\/ -->\n<title>Oreillette anti-ondes st\u00e9thoscopique ibrain FC12 | Connectique jack 3.5 - Noir | Agara<\/title>\n<meta name=\"description\" content=\"L&#039;oreillette anti-ondes iBrain FC12 st\u00e9r\u00e9o permet de r\u00e9duire de 98 % les rayonnements \u00e9mis par votre t\u00e9l\u00e9phone portable.\u00a0Le son est conduit par l&#039;air (principe du tube de st\u00e9thoscope) et non par le c\u00e2ble, vous prot\u00e9geant ainsi efficacement. Son parfait pour la musique et la communication. Confort d&#039;utilisation optimal.\u00a0Coloris noir.\" \/>\n<meta name=\"robots\" content=\"index, follow, max-snippet:-1, max-image-preview:large, max-video-preview:-1\" \/>\n<link rel=\"canonical\" href=\"https:\/\/369agara.com\/en\/product\/oreillettes-stethoscopiques-fc12-ibrain\/\" \/>\n<meta property=\"og:locale\" content=\"en_GB\" \/>\n<meta property=\"og:type\" content=\"article\" \/>\n<meta property=\"og:title\" content=\"Oreillette anti-ondes st\u00e9thoscopique ibrain FC12 | Connectique jack 3.5 - Noir\" \/>\n<meta property=\"og:description\" content=\"L&#039;oreillette anti-ondes iBrain FC12 st\u00e9r\u00e9o permet de r\u00e9duire de 98 % les rayonnements \u00e9mis par votre t\u00e9l\u00e9phone portable.\u00a0Le son est conduit par l&#039;air (principe du tube de st\u00e9thoscope) et non par le c\u00e2ble, vous prot\u00e9geant ainsi efficacement. Son parfait pour la musique et la communication. Confort d&#039;utilisation optimal.\u00a0Coloris noir.\" \/>\n<meta property=\"og:url\" content=\"https:\/\/369agara.com\/en\/product\/oreillettes-stethoscopiques-fc12-ibrain\/\" \/>\n<meta property=\"og:site_name\" content=\"Agara\" \/>\n<meta property=\"article:modified_time\" content=\"2025-05-12T17:03:04+00:00\" \/>\n<meta property=\"og:image\" content=\"https:\/\/369agara.com\/wp-content\/uploads\/2023\/08\/bonnet.jpg\" \/>\n\t<meta property=\"og:image:width\" content=\"800\" \/>\n\t<meta property=\"og:image:height\" content=\"800\" \/>\n\t<meta property=\"og:image:type\" content=\"image\/jpeg\" \/>\n<meta name=\"twitter:card\" content=\"summary_large_image\" \/>\n<meta name=\"twitter:label1\" content=\"Estimated reading time\" \/>\n\t<meta name=\"twitter:data1\" content=\"3 minutes\" \/>\n<script type=\"application\/ld+json\" class=\"yoast-schema-graph\">{\"@context\":\"https:\\\/\\\/schema.org\",\"@graph\":[{\"@type\":\"WebPage\",\"@id\":\"https:\\\/\\\/369agara.com\\\/produit\\\/oreillettes-stethoscopiques-fc12-ibrain\\\/\",\"url\":\"https:\\\/\\\/369agara.com\\\/produit\\\/oreillettes-stethoscopiques-fc12-ibrain\\\/\",\"name\":\"Oreillette anti-ondes st\u00e9thoscopique ibrain FC12 | Connectique jack 3.5 - Noir | Agara\",\"isPartOf\":{\"@id\":\"https:\\\/\\\/369agara.com\\\/#website\"},\"primaryImageOfPage\":{\"@id\":\"https:\\\/\\\/369agara.com\\\/produit\\\/oreillettes-stethoscopiques-fc12-ibrain\\\/#primaryimage\"},\"image\":{\"@id\":\"https:\\\/\\\/369agara.com\\\/produit\\\/oreillettes-stethoscopiques-fc12-ibrain\\\/#primaryimage\"},\"thumbnailUrl\":\"https:\\\/\\\/369agara.com\\\/wp-content\\\/uploads\\\/2023\\\/08\\\/bonnet.jpg\",\"datePublished\":\"2023-08-20T14:28:21+00:00\",\"dateModified\":\"2025-05-12T17:03:04+00:00\",\"description\":\"L'oreillette anti-ondes iBrain FC12 st\u00e9r\u00e9o permet de r\u00e9duire de 98 % les rayonnements \u00e9mis par votre t\u00e9l\u00e9phone portable.\u00a0Le son est conduit par l'air (principe du tube de st\u00e9thoscope) et non par le c\u00e2ble, vous prot\u00e9geant ainsi efficacement. Son parfait pour la musique et la communication. Confort d'utilisation optimal.\u00a0Coloris noir.\",\"breadcrumb\":{\"@id\":\"https:\\\/\\\/369agara.com\\\/produit\\\/oreillettes-stethoscopiques-fc12-ibrain\\\/#breadcrumb\"},\"inLanguage\":\"en-GB\",\"potentialAction\":[{\"@type\":\"ReadAction\",\"target\":[\"https:\\\/\\\/369agara.com\\\/produit\\\/oreillettes-stethoscopiques-fc12-ibrain\\\/\"]}]},{\"@type\":\"ImageObject\",\"inLanguage\":\"en-GB\",\"@id\":\"https:\\\/\\\/369agara.com\\\/produit\\\/oreillettes-stethoscopiques-fc12-ibrain\\\/#primaryimage\",\"url\":\"https:\\\/\\\/369agara.com\\\/wp-content\\\/uploads\\\/2023\\\/08\\\/bonnet.jpg\",\"contentUrl\":\"https:\\\/\\\/369agara.com\\\/wp-content\\\/uploads\\\/2023\\\/08\\\/bonnet.jpg\",\"width\":800,\"height\":800},{\"@type\":\"BreadcrumbList\",\"@id\":\"https:\\\/\\\/369agara.com\\\/produit\\\/oreillettes-stethoscopiques-fc12-ibrain\\\/#breadcrumb\",\"itemListElement\":[{\"@type\":\"ListItem\",\"position\":1,\"name\":\"Accueil\",\"item\":\"https:\\\/\\\/369agara.com\\\/\"},{\"@type\":\"ListItem\",\"position\":2,\"name\":\"La boutique\",\"item\":\"https:\\\/\\\/369agara.com\\\/la-boutique\\\/\"},{\"@type\":\"ListItem\",\"position\":3,\"name\":\"Oreillette anti-ondes st\u00e9thoscopique ibrain FC12 | Connectique jack 3.5 &#8211; Noir\"}]},{\"@type\":\"WebSite\",\"@id\":\"https:\\\/\\\/369agara.com\\\/#website\",\"url\":\"https:\\\/\\\/369agara.com\\\/\",\"name\":\"Livsrikedomar\",\"description\":\"D\u00e9connectez pour mieux vous connecter\",\"publisher\":{\"@id\":\"https:\\\/\\\/369agara.com\\\/#organization\"},\"potentialAction\":[{\"@type\":\"SearchAction\",\"target\":{\"@type\":\"EntryPoint\",\"urlTemplate\":\"https:\\\/\\\/369agara.com\\\/?s={search_term_string}\"},\"query-input\":{\"@type\":\"PropertyValueSpecification\",\"valueRequired\":true,\"valueName\":\"search_term_string\"}}],\"inLanguage\":\"en-GB\"},{\"@type\":\"Organization\",\"@id\":\"https:\\\/\\\/369agara.com\\\/#organization\",\"name\":\"EACreations\",\"url\":\"https:\\\/\\\/369agara.com\\\/\",\"logo\":{\"@type\":\"ImageObject\",\"inLanguage\":\"en-GB\",\"@id\":\"https:\\\/\\\/369agara.com\\\/#\\\/schema\\\/logo\\\/image\\\/\",\"url\":\"\",\"contentUrl\":\"\",\"caption\":\"EACreations\"},\"image\":{\"@id\":\"https:\\\/\\\/369agara.com\\\/#\\\/schema\\\/logo\\\/image\\\/\"}}]}<\/script>\n<!-- \/ Yoast SEO Premium plugin. -->","yoast_head_json":{"title":"Oreillette anti-ondes st\u00e9thoscopique ibrain FC12 | Connectique jack 3.5 - Noir | Agara","description":"The iBrain FC12 stereo anti-wave headset reduces the radiation emitted by your mobile phone by 98 %. The sound is conducted through the air (stethoscope tube principle) and not through the cable, providing effective protection. Perfect sound for music and communication. Optimum comfort of use. Black colour.","robots":{"index":"index","follow":"follow","max-snippet":"max-snippet:-1","max-image-preview":"max-image-preview:large","max-video-preview":"max-video-preview:-1"},"canonical":"https:\/\/369agara.com\/en\/product\/oreillettes-stethoscopiques-fc12-ibrain\/","og_locale":"en_GB","og_type":"article","og_title":"Oreillette anti-ondes st\u00e9thoscopique ibrain FC12 | Connectique jack 3.5 - Noir","og_description":"L'oreillette anti-ondes iBrain FC12 st\u00e9r\u00e9o permet de r\u00e9duire de 98 % les rayonnements \u00e9mis par votre t\u00e9l\u00e9phone portable.\u00a0Le son est conduit par l'air (principe du tube de st\u00e9thoscope) et non par le c\u00e2ble, vous prot\u00e9geant ainsi efficacement. Son parfait pour la musique et la communication. Confort d'utilisation optimal.\u00a0Coloris noir.","og_url":"https:\/\/369agara.com\/en\/product\/oreillettes-stethoscopiques-fc12-ibrain\/","og_site_name":"Agara","article_modified_time":"2025-05-12T17:03:04+00:00","og_image":[{"width":800,"height":800,"url":"https:\/\/369agara.com\/wp-content\/uploads\/2023\/08\/bonnet.jpg","type":"image\/jpeg"}],"twitter_card":"summary_large_image","twitter_misc":{"Estimated reading time":"3 minutes"},"schema":{"@context":"https:\/\/schema.org","@graph":[{"@type":"WebPage","@id":"https:\/\/369agara.com\/produit\/oreillettes-stethoscopiques-fc12-ibrain\/","url":"https:\/\/369agara.com\/produit\/oreillettes-stethoscopiques-fc12-ibrain\/","name":"Oreillette anti-ondes st\u00e9thoscopique ibrain FC12 | Connectique jack 3.5 - Noir | Agara","isPartOf":{"@id":"https:\/\/369agara.com\/#website"},"primaryImageOfPage":{"@id":"https:\/\/369agara.com\/produit\/oreillettes-stethoscopiques-fc12-ibrain\/#primaryimage"},"image":{"@id":"https:\/\/369agara.com\/produit\/oreillettes-stethoscopiques-fc12-ibrain\/#primaryimage"},"thumbnailUrl":"https:\/\/369agara.com\/wp-content\/uploads\/2023\/08\/bonnet.jpg","datePublished":"2023-08-20T14:28:21+00:00","dateModified":"2025-05-12T17:03:04+00:00","description":"The iBrain FC12 stereo anti-wave headset reduces the radiation emitted by your mobile phone by 98 %. The sound is conducted through the air (stethoscope tube principle) and not through the cable, providing effective protection. Perfect sound for music and communication. Optimum comfort of use. Black colour.","breadcrumb":{"@id":"https:\/\/369agara.com\/produit\/oreillettes-stethoscopiques-fc12-ibrain\/#breadcrumb"},"inLanguage":"en-GB","potentialAction":[{"@type":"ReadAction","target":["https:\/\/369agara.com\/produit\/oreillettes-stethoscopiques-fc12-ibrain\/"]}]},{"@type":"ImageObject","inLanguage":"en-GB","@id":"https:\/\/369agara.com\/produit\/oreillettes-stethoscopiques-fc12-ibrain\/#primaryimage","url":"https:\/\/369agara.com\/wp-content\/uploads\/2023\/08\/bonnet.jpg","contentUrl":"https:\/\/369agara.com\/wp-content\/uploads\/2023\/08\/bonnet.jpg","width":800,"height":800},{"@type":"BreadcrumbList","@id":"https:\/\/369agara.com\/produit\/oreillettes-stethoscopiques-fc12-ibrain\/#breadcrumb","itemListElement":[{"@type":"ListItem","position":1,"name":"Accueil","item":"https:\/\/369agara.com\/"},{"@type":"ListItem","position":2,"name":"La boutique","item":"https:\/\/369agara.com\/la-boutique\/"},{"@type":"ListItem","position":3,"name":"Oreillette anti-ondes st\u00e9thoscopique ibrain FC12 | Connectique jack 3.5 &#8211; Noir"}]},{"@type":"WebSite","@id":"https:\/\/369agara.com\/#website","url":"https:\/\/369agara.com\/","name":"Livsrikedomar","description":"Disconnect to better connect","publisher":{"@id":"https:\/\/369agara.com\/#organization"},"potentialAction":[{"@type":"SearchAction","target":{"@type":"EntryPoint","urlTemplate":"https:\/\/369agara.com\/?s={search_term_string}"},"query-input":{"@type":"PropertyValueSpecification","valueRequired":true,"valueName":"search_term_string"}}],"inLanguage":"en-GB"},{"@type":"Organization","@id":"https:\/\/369agara.com\/#organization","name":"EACreations","url":"https:\/\/369agara.com\/","logo":{"@type":"ImageObject","inLanguage":"en-GB","@id":"https:\/\/369agara.com\/#\/schema\/logo\/image\/","url":"","contentUrl":"","caption":"EACreations"},"image":{"@id":"https:\/\/369agara.com\/#\/schema\/logo\/image\/"}}]}},"jetpack_sharing_enabled":true,"_links":{"self":[{"href":"https:\/\/369agara.com\/en\/wp-json\/wp\/v2\/product\/1717","targetHints":{"allow":["GET"]}}],"collection":[{"href":"https:\/\/369agara.com\/en\/wp-json\/wp\/v2\/product"}],"about":[{"href":"https:\/\/369agara.com\/en\/wp-json\/wp\/v2\/types\/product"}],"replies":[{"embeddable":true,"href":"https:\/\/369agara.com\/en\/wp-json\/wp\/v2\/comments?post=1717"}],"wp:featuredmedia":[{"embeddable":true,"href":"https:\/\/369agara.com\/en\/wp-json\/wp\/v2\/media\/3790"}],"wp:attachment":[{"href":"https:\/\/369agara.com\/en\/wp-json\/wp\/v2\/media?parent=1717"}],"wp:term":[{"taxonomy":"product_brand","embeddable":true,"href":"https:\/\/369agara.com\/en\/wp-json\/wp\/v2\/product_brand?post=1717"},{"taxonomy":"product_cat","embeddable":true,"href":"https:\/\/369agara.com\/en\/wp-json\/wp\/v2\/product_cat?post=1717"},{"taxonomy":"product_tag","embeddable":true,"href":"https:\/\/369agara.com\/en\/wp-json\/wp\/v2\/product_tag?post=1717"}],"curies":[{"name":"wp","href":"https:\/\/api.w.org\/{rel}","templated":true}]}}