{"id":1726,"date":"2023-08-20T17:05:00","date_gmt":"2023-08-20T15:05:00","guid":{"rendered":"https:\/\/369agara.com\/?post_type=product&#038;p=1726"},"modified":"2025-05-12T18:27:49","modified_gmt":"2025-05-12T16:27:49","slug":"skarmad-4-6-9-uttag-grenuttag-med-bipolar-strombrytare-biologa-danell","status":"publish","type":"product","link":"https:\/\/369agara.com\/en\/product\/skarmad-4-6-9-uttag-grenuttag-med-bipolar-strombrytare-biologa-danell\/","title":{"rendered":"Shielded Biologa Danell 4 | 6** | 9 socket outlets with two-pole switch + lightning protection*."},"content":{"rendered":"<p><span style=\"font-family: 'Book Antiqua', Palatino; font-size: 120%; color: #333399;\">Give your home a\u00a0<strong>reliable protection against electromagnetic fields<\/strong>\u00a0thanks to\u00a0<strong>Biologa Danell 4, 6** or 9 socket shielded power strip<\/strong>specially designed for people who are sensitive or concerned about their electromagnetic environment.<\/span><\/p>\n<p><span style=\"font-family: 'Book Antiqua', Palatino; font-size: 120%; color: #333399;\">The Danell Biologa shielded power strip with two-pole switch allows you to <strong>protect against both electric and magnetic fields<\/strong>.<\/span><\/p>\n<p><span style=\"font-family: 'Book Antiqua', Palatino; font-size: 120%; color: #333399;\">Thanks to its design, this Biologa Danell shielded power strip does not emit electric fields (low 50 Hertz frequencies), unlike a standard power strip.<\/span><\/p>\n<p><span style=\"font-family: 'Book Antiqua', Palatino; font-size: 120%; color: #333399;\">All the sockets are connected to the switch.\u00a0<\/span><\/p>\n<p><span style=\"font-family: 'Book Antiqua', Palatino; font-size: 120%; color: #333399;\">The cable for this multi-socket is made up of 3 wires (phase, earth and neutral), wrapped in a metal foil which, when earthed, eliminates electric fields. These wires are also twisted on themselves 15 times per metre to greatly attenuate magnetic fields.<\/span><\/p>\n<p><span style=\"font-family: 'Book Antiqua', Palatino; font-size: 120%; color: #333399;\">The switch in this socket-outlet is bipolar (it cuts the 2 wires, phase and neutral) and shielded.<\/span><\/p>\n<p><span style=\"font-family: 'Book Antiqua', Palatino; font-size: 120%; color: #333399;\">The plug is shielded.<\/span><\/p>\n<p><span style=\"font-family: 'Book Antiqua', Palatino; font-size: 120%; color: #333399;\">The aluminium profile of this power strip is armoured.<\/span><\/p>\n<ul>\n<li><span style=\"font-family: 'Book Antiqua', Palatino; font-size: 120%; color: #333399;\"><strong>Full armour<\/strong>\u00a0against electric fields (low-frequency EMC)<\/span><\/li>\n<li><span style=\"font-family: 'Book Antiqua', Palatino; font-size: 120%; color: #333399;\"><strong>Shielded box and cable<\/strong>\u00a0for complete protection from the appliance to the wall socket<\/span><\/li>\n<li><span style=\"font-family: 'Book Antiqua', Palatino; font-size: 120%; color: #333399;\"><strong>Ideal for bedrooms, offices and sensitive areas<\/strong><\/span><\/li>\n<li><span style=\"font-family: 'Book Antiqua', Palatino; font-size: 120%; color: #333399;\"><strong>Quality manufacturing<\/strong>complies with CE safety standards<\/span><\/li>\n<\/ul>\n<h3><span style=\"font-family: 'Book Antiqua', Palatino; font-size: 120%; color: #333399;\">Why use an armoured power strip?<\/span><\/h3>\n<p><span style=\"font-family: 'Book Antiqua', Palatino; font-size: 120%; color: #333399;\">Electric fields generated by appliances on standby, chargers or even power cables can affect the quality of your sleep or cause discomfort in electrosensitive people.<\/span><\/p>\n<p><span style=\"font-family: 'Book Antiqua', Palatino; font-size: 120%; color: #333399;\">La\u00a0<strong>shielded multi-socket considerably reduces this parasitic radiation<\/strong>while providing a secure power supply for your appliances.<\/span><\/p>\n<ul>\n<li><span style=\"font-family: 'Book Antiqua', Palatino; font-size: 120%; color: #333399;\">Electric fields affect our nervous, endocrine and immune systems. They disrupt the secretion of melatonin (the anti-cancer sleep hormone) and the acid-base balance by acidifying our bodies. They also positively ionise the air, increasing heart rate, stress and discomfort and altering brain oxygenation.<\/span><\/li>\n<\/ul>\n<ul>\n<li><span style=\"font-family: 'Book Antiqua', Palatino; font-size: 120%; color: #333399;\">Magnetic fields act on our cellular system.<\/span><\/li>\n<\/ul>\n<h3><span style=\"font-family: 'Book Antiqua', Palatino; font-size: 120%; color: #333399;\">Perfect for :<\/span><\/h3>\n<ul>\n<li><span style=\"font-family: 'Book Antiqua', Palatino; font-size: 120%; color: #333399;\">Bedroom (next to the bed)<\/span><\/li>\n<li><span style=\"font-family: 'Book Antiqua', Palatino; font-size: 120%; color: #333399;\">Office and teleworking desk<\/span><\/li>\n<li><span style=\"font-family: 'Book Antiqua', Palatino; font-size: 120%; color: #333399;\">TV or hi-fi corner<\/span><\/li>\n<li><span style=\"font-family: 'Book Antiqua', Palatino; font-size: 120%; color: #333399;\">Rest and care areas<\/span><\/li>\n<li><span style=\"font-family: 'Book Antiqua', Palatino; font-size: 120%; color: #333399;\">Electro-hypersensitive people (EHS)<\/span><\/li>\n<\/ul>\n<p><span style=\"font-family: 'Book Antiqua', Palatino; font-size: 120%; color: #ed1c24;\"><strong>Warning! This shielded power strip must be plugged into an earthed wall socket!\u00a0<\/strong><\/span><\/p>\n<p><span style=\"font-family: 'Book Antiqua', Palatino; font-size: 120%; color: #333399;\">The verification and effectiveness of the shielding were measured in accordance with TCO'99, Band I (MPR II, DIN prEN 50279).<\/span><\/p>\n<p><span style=\"font-family: 'Book Antiqua', Palatino; font-size: 120%; color: #333399;\">The 45\u00b0 angle optimises the ergonomics of connection and allows better use of each of the sockets.<\/span><\/p>\n<p><span style=\"font-family: 'Book Antiqua', Palatino; font-size: 120%; color: #333399;\">PRO-TECTOR lightning arrester* (on all sockets).<br \/>\nThe green LED lights up if it is on.<br \/>\nIf the orange diode is lit, the surge arrester has failed, and in most cases can be repaired in the workshops of the manufacturer, Biologa Danell.<br \/>\nDeviated voltage from : 300 V AC.<br \/>\nGuaranteed protection: Rapid response: &lt; 25 ns<\/span><\/p>\n<p><span style=\"font-family: 'Book Antiqua', Palatino; font-size: 120%; color: #ed1c24;\">*Only 6 and 9 socket shielded power strips are fitted with a lightning arrester!<\/span><\/p>\n<p><span style=\"font-family: 'Book Antiqua', Palatino; font-size: 120%; color: #ed1c24;\">**Only the shielded 6-socket multi-socket is fitted with an HF filter and 4 sockets that depend on the switch and 2 permanent sockets, so it protects you from both electric and magnetic fields.<\/span><\/p>\n<p><span style=\"font-family: 'Book Antiqua', Palatino; font-size: 120%; color: #333399;\">RF filter: Network filter: attenuation up to 50 dBm (factor 100,000). HF filter: above 80 MHz. Also filters PLC (Power Line Communication) Internet via the domestic distribution network.<\/span><\/p>","protected":false},"excerpt":{"rendered":"<p><span style=\"font-family: 'Book Antiqua', Palatino; font-size: 120%; color: #333399;\">Give your home a\u00a0<strong>reliable protection against electromagnetic fields<\/strong>\u00a0thanks to\u00a0<strong>Biologa Danell 9 armoured power strip<\/strong><strong>\u00a0sockets<\/strong>specially designed for people who are sensitive or concerned about their electromagnetic environment.<\/span><\/p>\n<p><span style=\"font-family: 'Book Antiqua', Palatino; font-size: 120%; color: #333399;\">The Danell Biologa 4, 6** or 9-socket shielded power strip protects you from both electric and magnetic fields.\u00a0<\/span><\/p>\n<p><span style=\"font-family: 'Book Antiqua', Palatino; font-size: 120%; color: #333399;\">Two-pole switch, childproof lock, 3-metre shielded cable, lightning arrester*.\u00a0<\/span><\/p>\n<p><span style=\"font-family: 'Book Antiqua', Palatino; font-size: 120%; color: #333399;\">Ergonomic connection.\u00a0<\/span><\/p>\n<p><span style=\"color: #ed1c24;\"><strong><span style=\"font-family: 'Book Antiqua', Palatino; font-size: 120%;\">*Only 6 and 9 socket shielded power strips are fitted with a lightning arrester.<br \/>\n**Only the 6-socket shielded power strip has an RF filter.<\/span><\/strong><\/span><\/p>","protected":false},"featured_media":1733,"comment_status":"open","ping_status":"closed","template":"","meta":[],"product_brand":[265],"product_cat":[164],"product_tag":[248,246,247,251,249,245],"class_list":{"0":"post-1726","1":"product","2":"type-product","3":"status-publish","4":"has-post-thumbnail","6":"product_brand-biologa-danell","7":"product_cat-baubiologie","8":"product_tag-baubiologie","9":"product_tag-bureau","10":"product_tag-chambre","11":"product_tag-electricite","12":"product_tag-electromagnetisme","13":"product_tag-maison","15":"first","16":"instock","17":"taxable","18":"shipping-taxable","19":"purchasable","20":"product-type-variable"},"yoast_head":"<!-- This site is optimized with the Yoast SEO Premium plugin v25.1 (Yoast SEO v27.4) - https:\/\/yoast.com\/product\/yoast-seo-premium-wordpress\/ -->\n<title>Multiprise blind\u00e9e Biologa Danell 4 | 6** | 9 prises avec interrupteur bipolaire + parafoudre* | Agara<\/title>\n<meta name=\"description\" content=\"Offrez \u00e0 votre int\u00e9rieur une\u00a0protection fiable contre les champs \u00e9lectromagn\u00e9tiques\u00a0gr\u00e2ce \u00e0 la\u00a0multiprise blind\u00e9e Biologa Danell 9\u00a0prises, sp\u00e9cialement con\u00e7ue pour les personnes sensibles ou soucieuses de leur environnement \u00e9lectromagn\u00e9tique. La multiprise blind\u00e9e 4, 6 ou 9 prises Biologa Danell permet de vous prot\u00e9ger \u00e0 la fois des champs \u00e9lectriques et magn\u00e9tiques.\u00a0Interrupteur bipolaire, s\u00e9curit\u00e9 enfant, c\u00e2ble blind\u00e9 longueur 3 m\u00e8tres, parafoudre*.\u00a0Branchement ergonomique.\u00a0*Seules les multiprises blind\u00e9es 6 et 9 prises sont munies d&#039;un parafoudre.\" \/>\n<meta name=\"robots\" content=\"index, follow, max-snippet:-1, max-image-preview:large, max-video-preview:-1\" \/>\n<link rel=\"canonical\" href=\"https:\/\/369agara.com\/en\/product\/skarmad-4-6-9-uttag-grenuttag-med-bipolar-strombrytare-biologa-danell\/\" \/>\n<meta property=\"og:locale\" content=\"en_GB\" \/>\n<meta property=\"og:type\" content=\"article\" \/>\n<meta property=\"og:title\" content=\"Multiprise blind\u00e9e Biologa Danell 4 | 6** | 9 prises avec interrupteur bipolaire + parafoudre*\" \/>\n<meta property=\"og:description\" content=\"Offrez \u00e0 votre int\u00e9rieur une\u00a0protection fiable contre les champs \u00e9lectromagn\u00e9tiques\u00a0gr\u00e2ce \u00e0 la\u00a0multiprise blind\u00e9e Biologa Danell 9\u00a0prises, sp\u00e9cialement con\u00e7ue pour les personnes sensibles ou soucieuses de leur environnement \u00e9lectromagn\u00e9tique. La multiprise blind\u00e9e 4, 6 ou 9 prises Biologa Danell permet de vous prot\u00e9ger \u00e0 la fois des champs \u00e9lectriques et magn\u00e9tiques.\u00a0Interrupteur bipolaire, s\u00e9curit\u00e9 enfant, c\u00e2ble blind\u00e9 longueur 3 m\u00e8tres, parafoudre*.\u00a0Branchement ergonomique.\u00a0*Seules les multiprises blind\u00e9es 6 et 9 prises sont munies d&#039;un parafoudre.\" \/>\n<meta property=\"og:url\" content=\"https:\/\/369agara.com\/en\/product\/skarmad-4-6-9-uttag-grenuttag-med-bipolar-strombrytare-biologa-danell\/\" \/>\n<meta property=\"og:site_name\" content=\"Agara\" \/>\n<meta property=\"article:modified_time\" content=\"2025-05-12T16:27:49+00:00\" \/>\n<meta property=\"og:image\" content=\"https:\/\/369agara.com\/wp-content\/uploads\/2023\/08\/multiprise-blindee-danell-4-prises-avec-interrupteur-bipolaire.jpg\" \/>\n\t<meta property=\"og:image:width\" content=\"800\" \/>\n\t<meta property=\"og:image:height\" content=\"800\" \/>\n\t<meta property=\"og:image:type\" content=\"image\/jpeg\" \/>\n<meta name=\"twitter:card\" content=\"summary_large_image\" \/>\n<meta name=\"twitter:label1\" content=\"Estimated reading time\" \/>\n\t<meta name=\"twitter:data1\" content=\"3 minutes\" \/>\n<script type=\"application\/ld+json\" class=\"yoast-schema-graph\">{\"@context\":\"https:\\\/\\\/schema.org\",\"@graph\":[{\"@type\":\"WebPage\",\"@id\":\"https:\\\/\\\/369agara.com\\\/produit\\\/skarmad-4-6-9-uttag-grenuttag-med-bipolar-strombrytare-biologa-danell\\\/\",\"url\":\"https:\\\/\\\/369agara.com\\\/produit\\\/skarmad-4-6-9-uttag-grenuttag-med-bipolar-strombrytare-biologa-danell\\\/\",\"name\":\"Multiprise blind\u00e9e Biologa Danell 4 | 6** | 9 prises avec interrupteur bipolaire + parafoudre* | Agara\",\"isPartOf\":{\"@id\":\"https:\\\/\\\/369agara.com\\\/#website\"},\"primaryImageOfPage\":{\"@id\":\"https:\\\/\\\/369agara.com\\\/produit\\\/skarmad-4-6-9-uttag-grenuttag-med-bipolar-strombrytare-biologa-danell\\\/#primaryimage\"},\"image\":{\"@id\":\"https:\\\/\\\/369agara.com\\\/produit\\\/skarmad-4-6-9-uttag-grenuttag-med-bipolar-strombrytare-biologa-danell\\\/#primaryimage\"},\"thumbnailUrl\":\"https:\\\/\\\/369agara.com\\\/wp-content\\\/uploads\\\/2023\\\/08\\\/multiprise-blindee-danell-4-prises-avec-interrupteur-bipolaire.jpg\",\"datePublished\":\"2023-08-20T15:05:00+00:00\",\"dateModified\":\"2025-05-12T16:27:49+00:00\",\"description\":\"Offrez \u00e0 votre int\u00e9rieur une\u00a0protection fiable contre les champs \u00e9lectromagn\u00e9tiques\u00a0gr\u00e2ce \u00e0 la\u00a0multiprise blind\u00e9e Biologa Danell 9\u00a0prises, sp\u00e9cialement con\u00e7ue pour les personnes sensibles ou soucieuses de leur environnement \u00e9lectromagn\u00e9tique. La multiprise blind\u00e9e 4, 6 ou 9 prises Biologa Danell permet de vous prot\u00e9ger \u00e0 la fois des champs \u00e9lectriques et magn\u00e9tiques.\u00a0Interrupteur bipolaire, s\u00e9curit\u00e9 enfant, c\u00e2ble blind\u00e9 longueur 3 m\u00e8tres, parafoudre*.\u00a0Branchement ergonomique.\u00a0*Seules les multiprises blind\u00e9es 6 et 9 prises sont munies d'un parafoudre.\",\"breadcrumb\":{\"@id\":\"https:\\\/\\\/369agara.com\\\/produit\\\/skarmad-4-6-9-uttag-grenuttag-med-bipolar-strombrytare-biologa-danell\\\/#breadcrumb\"},\"inLanguage\":\"en-GB\",\"potentialAction\":[{\"@type\":\"ReadAction\",\"target\":[\"https:\\\/\\\/369agara.com\\\/produit\\\/skarmad-4-6-9-uttag-grenuttag-med-bipolar-strombrytare-biologa-danell\\\/\"]}]},{\"@type\":\"ImageObject\",\"inLanguage\":\"en-GB\",\"@id\":\"https:\\\/\\\/369agara.com\\\/produit\\\/skarmad-4-6-9-uttag-grenuttag-med-bipolar-strombrytare-biologa-danell\\\/#primaryimage\",\"url\":\"https:\\\/\\\/369agara.com\\\/wp-content\\\/uploads\\\/2023\\\/08\\\/multiprise-blindee-danell-4-prises-avec-interrupteur-bipolaire.jpg\",\"contentUrl\":\"https:\\\/\\\/369agara.com\\\/wp-content\\\/uploads\\\/2023\\\/08\\\/multiprise-blindee-danell-4-prises-avec-interrupteur-bipolaire.jpg\",\"width\":800,\"height\":800},{\"@type\":\"BreadcrumbList\",\"@id\":\"https:\\\/\\\/369agara.com\\\/produit\\\/skarmad-4-6-9-uttag-grenuttag-med-bipolar-strombrytare-biologa-danell\\\/#breadcrumb\",\"itemListElement\":[{\"@type\":\"ListItem\",\"position\":1,\"name\":\"Accueil\",\"item\":\"https:\\\/\\\/369agara.com\\\/\"},{\"@type\":\"ListItem\",\"position\":2,\"name\":\"La boutique\",\"item\":\"https:\\\/\\\/369agara.com\\\/la-boutique\\\/\"},{\"@type\":\"ListItem\",\"position\":3,\"name\":\"Multiprise blind\u00e9e Biologa Danell 4 | 6** | 9 prises avec interrupteur bipolaire + parafoudre*\"}]},{\"@type\":\"WebSite\",\"@id\":\"https:\\\/\\\/369agara.com\\\/#website\",\"url\":\"https:\\\/\\\/369agara.com\\\/\",\"name\":\"Livsrikedomar\",\"description\":\"D\u00e9connectez pour mieux vous connecter\",\"publisher\":{\"@id\":\"https:\\\/\\\/369agara.com\\\/#organization\"},\"potentialAction\":[{\"@type\":\"SearchAction\",\"target\":{\"@type\":\"EntryPoint\",\"urlTemplate\":\"https:\\\/\\\/369agara.com\\\/?s={search_term_string}\"},\"query-input\":{\"@type\":\"PropertyValueSpecification\",\"valueRequired\":true,\"valueName\":\"search_term_string\"}}],\"inLanguage\":\"en-GB\"},{\"@type\":\"Organization\",\"@id\":\"https:\\\/\\\/369agara.com\\\/#organization\",\"name\":\"EACreations\",\"url\":\"https:\\\/\\\/369agara.com\\\/\",\"logo\":{\"@type\":\"ImageObject\",\"inLanguage\":\"en-GB\",\"@id\":\"https:\\\/\\\/369agara.com\\\/#\\\/schema\\\/logo\\\/image\\\/\",\"url\":\"\",\"contentUrl\":\"\",\"caption\":\"EACreations\"},\"image\":{\"@id\":\"https:\\\/\\\/369agara.com\\\/#\\\/schema\\\/logo\\\/image\\\/\"}}]}<\/script>\n<!-- \/ Yoast SEO Premium plugin. -->","yoast_head_json":{"title":"Multiprise blind\u00e9e Biologa Danell 4 | 6** | 9 prises avec interrupteur bipolaire + parafoudre* | Agara","description":"Give your home reliable protection against electromagnetic fields with the Biologa Danell 9-socket shielded power strip, specially designed for people who are sensitive or concerned about their electromagnetic environment. The Biologa Danell shielded power strip with 4, 6 or 9 sockets protects you from both electric and magnetic fields. Bipolar switch, child safety lock, 3-metre shielded cable, lightning arrester*. Ergonomic connection. *Only the 6 and 9 socket shielded power strips are fitted with a lightning arrester.","robots":{"index":"index","follow":"follow","max-snippet":"max-snippet:-1","max-image-preview":"max-image-preview:large","max-video-preview":"max-video-preview:-1"},"canonical":"https:\/\/369agara.com\/en\/product\/skarmad-4-6-9-uttag-grenuttag-med-bipolar-strombrytare-biologa-danell\/","og_locale":"en_GB","og_type":"article","og_title":"Multiprise blind\u00e9e Biologa Danell 4 | 6** | 9 prises avec interrupteur bipolaire + parafoudre*","og_description":"Offrez \u00e0 votre int\u00e9rieur une\u00a0protection fiable contre les champs \u00e9lectromagn\u00e9tiques\u00a0gr\u00e2ce \u00e0 la\u00a0multiprise blind\u00e9e Biologa Danell 9\u00a0prises, sp\u00e9cialement con\u00e7ue pour les personnes sensibles ou soucieuses de leur environnement \u00e9lectromagn\u00e9tique. La multiprise blind\u00e9e 4, 6 ou 9 prises Biologa Danell permet de vous prot\u00e9ger \u00e0 la fois des champs \u00e9lectriques et magn\u00e9tiques.\u00a0Interrupteur bipolaire, s\u00e9curit\u00e9 enfant, c\u00e2ble blind\u00e9 longueur 3 m\u00e8tres, parafoudre*.\u00a0Branchement ergonomique.\u00a0*Seules les multiprises blind\u00e9es 6 et 9 prises sont munies d'un parafoudre.","og_url":"https:\/\/369agara.com\/en\/product\/skarmad-4-6-9-uttag-grenuttag-med-bipolar-strombrytare-biologa-danell\/","og_site_name":"Agara","article_modified_time":"2025-05-12T16:27:49+00:00","og_image":[{"width":800,"height":800,"url":"https:\/\/369agara.com\/wp-content\/uploads\/2023\/08\/multiprise-blindee-danell-4-prises-avec-interrupteur-bipolaire.jpg","type":"image\/jpeg"}],"twitter_card":"summary_large_image","twitter_misc":{"Estimated reading time":"3 minutes"},"schema":{"@context":"https:\/\/schema.org","@graph":[{"@type":"WebPage","@id":"https:\/\/369agara.com\/produit\/skarmad-4-6-9-uttag-grenuttag-med-bipolar-strombrytare-biologa-danell\/","url":"https:\/\/369agara.com\/produit\/skarmad-4-6-9-uttag-grenuttag-med-bipolar-strombrytare-biologa-danell\/","name":"Multiprise blind\u00e9e Biologa Danell 4 | 6** | 9 prises avec interrupteur bipolaire + parafoudre* | Agara","isPartOf":{"@id":"https:\/\/369agara.com\/#website"},"primaryImageOfPage":{"@id":"https:\/\/369agara.com\/produit\/skarmad-4-6-9-uttag-grenuttag-med-bipolar-strombrytare-biologa-danell\/#primaryimage"},"image":{"@id":"https:\/\/369agara.com\/produit\/skarmad-4-6-9-uttag-grenuttag-med-bipolar-strombrytare-biologa-danell\/#primaryimage"},"thumbnailUrl":"https:\/\/369agara.com\/wp-content\/uploads\/2023\/08\/multiprise-blindee-danell-4-prises-avec-interrupteur-bipolaire.jpg","datePublished":"2023-08-20T15:05:00+00:00","dateModified":"2025-05-12T16:27:49+00:00","description":"Give your home reliable protection against electromagnetic fields with the Biologa Danell 9-socket shielded power strip, specially designed for people who are sensitive or concerned about their electromagnetic environment. The Biologa Danell shielded power strip with 4, 6 or 9 sockets protects you from both electric and magnetic fields. Bipolar switch, child safety lock, 3-metre shielded cable, lightning arrester*. Ergonomic connection. *Only the 6 and 9 socket shielded power strips are fitted with a lightning arrester.","breadcrumb":{"@id":"https:\/\/369agara.com\/produit\/skarmad-4-6-9-uttag-grenuttag-med-bipolar-strombrytare-biologa-danell\/#breadcrumb"},"inLanguage":"en-GB","potentialAction":[{"@type":"ReadAction","target":["https:\/\/369agara.com\/produit\/skarmad-4-6-9-uttag-grenuttag-med-bipolar-strombrytare-biologa-danell\/"]}]},{"@type":"ImageObject","inLanguage":"en-GB","@id":"https:\/\/369agara.com\/produit\/skarmad-4-6-9-uttag-grenuttag-med-bipolar-strombrytare-biologa-danell\/#primaryimage","url":"https:\/\/369agara.com\/wp-content\/uploads\/2023\/08\/multiprise-blindee-danell-4-prises-avec-interrupteur-bipolaire.jpg","contentUrl":"https:\/\/369agara.com\/wp-content\/uploads\/2023\/08\/multiprise-blindee-danell-4-prises-avec-interrupteur-bipolaire.jpg","width":800,"height":800},{"@type":"BreadcrumbList","@id":"https:\/\/369agara.com\/produit\/skarmad-4-6-9-uttag-grenuttag-med-bipolar-strombrytare-biologa-danell\/#breadcrumb","itemListElement":[{"@type":"ListItem","position":1,"name":"Accueil","item":"https:\/\/369agara.com\/"},{"@type":"ListItem","position":2,"name":"La boutique","item":"https:\/\/369agara.com\/la-boutique\/"},{"@type":"ListItem","position":3,"name":"Multiprise blind\u00e9e Biologa Danell 4 | 6** | 9 prises avec interrupteur bipolaire + parafoudre*"}]},{"@type":"WebSite","@id":"https:\/\/369agara.com\/#website","url":"https:\/\/369agara.com\/","name":"Livsrikedomar","description":"Disconnect to better connect","publisher":{"@id":"https:\/\/369agara.com\/#organization"},"potentialAction":[{"@type":"SearchAction","target":{"@type":"EntryPoint","urlTemplate":"https:\/\/369agara.com\/?s={search_term_string}"},"query-input":{"@type":"PropertyValueSpecification","valueRequired":true,"valueName":"search_term_string"}}],"inLanguage":"en-GB"},{"@type":"Organization","@id":"https:\/\/369agara.com\/#organization","name":"EACreations","url":"https:\/\/369agara.com\/","logo":{"@type":"ImageObject","inLanguage":"en-GB","@id":"https:\/\/369agara.com\/#\/schema\/logo\/image\/","url":"","contentUrl":"","caption":"EACreations"},"image":{"@id":"https:\/\/369agara.com\/#\/schema\/logo\/image\/"}}]}},"jetpack_sharing_enabled":true,"_links":{"self":[{"href":"https:\/\/369agara.com\/en\/wp-json\/wp\/v2\/product\/1726","targetHints":{"allow":["GET"]}}],"collection":[{"href":"https:\/\/369agara.com\/en\/wp-json\/wp\/v2\/product"}],"about":[{"href":"https:\/\/369agara.com\/en\/wp-json\/wp\/v2\/types\/product"}],"replies":[{"embeddable":true,"href":"https:\/\/369agara.com\/en\/wp-json\/wp\/v2\/comments?post=1726"}],"wp:featuredmedia":[{"embeddable":true,"href":"https:\/\/369agara.com\/en\/wp-json\/wp\/v2\/media\/1733"}],"wp:attachment":[{"href":"https:\/\/369agara.com\/en\/wp-json\/wp\/v2\/media?parent=1726"}],"wp:term":[{"taxonomy":"product_brand","embeddable":true,"href":"https:\/\/369agara.com\/en\/wp-json\/wp\/v2\/product_brand?post=1726"},{"taxonomy":"product_cat","embeddable":true,"href":"https:\/\/369agara.com\/en\/wp-json\/wp\/v2\/product_cat?post=1726"},{"taxonomy":"product_tag","embeddable":true,"href":"https:\/\/369agara.com\/en\/wp-json\/wp\/v2\/product_tag?post=1726"}],"curies":[{"name":"wp","href":"https:\/\/api.w.org\/{rel}","templated":true}]}}