{"id":1747,"date":"2023-08-21T17:14:53","date_gmt":"2023-08-21T15:14:53","guid":{"rendered":"https:\/\/369agara.com\/?post_type=product&#038;p=1747"},"modified":"2025-05-12T17:25:31","modified_gmt":"2025-05-12T15:25:31","slug":"cable-alimentation-pc-2m","status":"publish","type":"product","link":"https:\/\/369agara.com\/en\/product\/cable-alimentation-pc-2m\/","title":{"rendered":"Black shielded PC power cable Biologa Danell 2 metres"},"content":{"rendered":"<p><span style=\"font-family: 'Book Antiqua', Palatino; font-size: 120%; color: #333399;\">The black Biologa Danell shielded PC power cable provides protection from both electric and magnetic fields.<\/span><\/p>\n<ul>\n<li><span style=\"font-family: 'Book Antiqua', Palatino; font-size: 120%; color: #333399;\">Electric fields affect our nervous, endocrine and immune systems. They disrupt the secretion of melatonin (the anti-cancer sleep hormone) and the acid-base balance by acidifying our bodies. They also positively ionise the air, increasing heart rate, stress and discomfort and altering brain oxygenation.<\/span><\/li>\n<li><span style=\"font-family: 'Book Antiqua', Palatino; font-size: 120%; color: #333399;\">Magnetic fields act on our cellular system. \u00a0<\/span><\/li>\n<\/ul>\n<p><span style=\"font-family: 'Book Antiqua', Palatino; font-size: 120%; color: #333399;\">The design of the Danell Biologa shielded connecting cable means that, unlike the original connecting cable, it does not emit electric fields (low frequencies 50 Hertz). This cable consists of 3 wires (phase, earth and neutral), wrapped in a metal foil which, when earthed, eliminates electric fields. These wires are also twisted on themselves 15 times per metre to greatly attenuate magnetic fields.<\/span><\/p>\n<p><span style=\"font-family: 'Book Antiqua', Palatino; font-size: 120%; color: #333399;\">By replacing the standard cables of your computer, monitor or printer with shielded power cables, you will eliminate the electromagnetic pollution present in your office, and so be able to work more serenely, without experiencing nervous excitation or feeling tired.<\/span><\/p>\n<p><span style=\"font-family: 'Book Antiqua', Palatino; font-size: 120%; color: #333399;\">For use with a laptop computer, the 2-pole (for computers without an earthed plug) or 3-pole (for computers with an earthed plug) adapter is essential.<\/span><\/p>\n<p><span style=\"font-family: 'Book Antiqua', Palatino; font-size: 120%; color: #ed1c24;\"><strong>Caution! This shielded power cable must be plugged into an earthed wall socket!\u00a0<\/strong><\/span><\/p>\n<h3><span style=\"font-family: 'Book Antiqua', Palatino; font-size: 120%; color: #333399;\">Technical specifications<\/span><\/h3>\n<ul>\n<li><span style=\"font-family: 'Book Antiqua', Palatino; font-size: 120%; color: #333399;\">Cable length: 2 metres<\/span><\/li>\n<li><span style=\"font-family: 'Book Antiqua', Palatino; font-size: 120%; color: #333399;\">Cross-section: 3 x 1.00 mm\u00b2.<\/span><\/li>\n<li><span style=\"font-family: 'Book Antiqua', Palatino; font-size: 120%; color: #333399;\">Shielded connection plug<\/span><\/li>\n<li><span style=\"font-family: 'Book Antiqua', Palatino; font-size: 120%; color: #333399;\">Childproof lock<\/span><\/li>\n<li><span style=\"font-family: 'Book Antiqua', Palatino; font-size: 120%; color: #333399;\">Colour: black<\/span><\/li>\n<li><span style=\"font-family: 'Book Antiqua', Palatino; font-size: 120%; color: #333399;\">230 V \/ 50 Hz, 10 A max<\/span><\/li>\n<li><span style=\"font-family: 'Book Antiqua', Palatino; font-size: 120%; color: #333399;\">Weight: 200 g<\/span><\/li>\n<li><span style=\"font-family: 'Book Antiqua', Palatino; font-size: 120%; color: #333399;\">Warranty: 2 years<\/span><\/li>\n<\/ul>\n<p><span style=\"font-family: 'Book Antiqua', Palatino; font-size: 120%; color: #333399;\">The verification and effectiveness of the shielding were measured in accordance with TCO'99, Band I (MPR II, DIN prEN 50279).<\/span><\/p>\n<p><span style=\"font-family: 'Book Antiqua', Palatino; font-size: 120%; color: #333399;\">Made in Germany<\/span><\/p>","protected":false},"excerpt":{"rendered":"<p><span style=\"font-family: 'Book Antiqua', Palatino; font-size: 120%; color: #333399;\">The Danell Biologa shielded power cable for computers (desktop or laptop), monitors and printers protects you from both electric and magnetic fields.\u00a0<\/span><\/p>\n<p><span style=\"font-family: 'Book Antiqua', Palatino; font-size: 120%; color: #333399;\">Optional laptop adapter.\u00a0<\/span><\/p>\n<p><span style=\"font-family: 'Book Antiqua', Palatino; font-size: 120%; color: #333399;\">Length 2 metres. Black.<\/span><\/p>","protected":false},"featured_media":3352,"comment_status":"open","ping_status":"closed","template":"","meta":[],"product_brand":[265],"product_cat":[164],"product_tag":[248,246,247,251,249,245],"class_list":{"0":"post-1747","1":"product","2":"type-product","3":"status-publish","4":"has-post-thumbnail","6":"product_brand-biologa-danell","7":"product_cat-baubiologie","8":"product_tag-baubiologie","9":"product_tag-bureau","10":"product_tag-chambre","11":"product_tag-electricite","12":"product_tag-electromagnetisme","13":"product_tag-maison","15":"first","16":"onbackorder","17":"taxable","18":"shipping-taxable","19":"purchasable","20":"product-type-simple"},"yoast_head":"<!-- This site is optimized with the Yoast SEO Premium plugin v25.1 (Yoast SEO v27.4) - https:\/\/yoast.com\/product\/yoast-seo-premium-wordpress\/ -->\n<title>C\u00e2ble d&#039;alimentation PC blind\u00e9 noir Biologa Danell 2 m\u00e8tres | Agara<\/title>\n<meta name=\"description\" content=\"Le c\u00e2ble d&#039;alimentation blind\u00e9 Biologa Danell pour ordinateur (fixe ou portable), \u00e9cran, imprimante permet de vous prot\u00e9ger \u00e0 la fois des champs \u00e9lectriques et des champs magn\u00e9tiques.\u00a0Adaptateur pour ordinateur portable en option.\u00a0Longueur 2 m\u00e8tres.\u00a0Coloris noir.\" \/>\n<meta name=\"robots\" content=\"index, follow, max-snippet:-1, max-image-preview:large, max-video-preview:-1\" \/>\n<link rel=\"canonical\" href=\"https:\/\/369agara.com\/en\/product\/cable-alimentation-pc-2m\/\" \/>\n<meta property=\"og:locale\" content=\"en_GB\" \/>\n<meta property=\"og:type\" content=\"article\" \/>\n<meta property=\"og:title\" content=\"C\u00e2ble d&#039;alimentation PC blind\u00e9 noir Biologa Danell 2 m\u00e8tres\" \/>\n<meta property=\"og:description\" content=\"Le c\u00e2ble d&#039;alimentation blind\u00e9 Biologa Danell pour ordinateur (fixe ou portable), \u00e9cran, imprimante permet de vous prot\u00e9ger \u00e0 la fois des champs \u00e9lectriques et des champs magn\u00e9tiques.\u00a0Adaptateur pour ordinateur portable en option.\u00a0Longueur 2 m\u00e8tres.\u00a0Coloris noir.\" \/>\n<meta property=\"og:url\" content=\"https:\/\/369agara.com\/en\/product\/cable-alimentation-pc-2m\/\" \/>\n<meta property=\"og:site_name\" content=\"Agara\" \/>\n<meta property=\"article:modified_time\" content=\"2025-05-12T15:25:31+00:00\" \/>\n<meta property=\"og:image\" content=\"https:\/\/369agara.com\/wp-content\/uploads\/2023\/08\/cable-d-alimentation-pc-blinde-noir-danell-2-metres-1.png\" \/>\n\t<meta property=\"og:image:width\" content=\"800\" \/>\n\t<meta property=\"og:image:height\" content=\"800\" \/>\n\t<meta property=\"og:image:type\" content=\"image\/png\" \/>\n<meta name=\"twitter:card\" content=\"summary_large_image\" \/>\n<meta name=\"twitter:label1\" content=\"Estimated reading time\" \/>\n\t<meta name=\"twitter:data1\" content=\"2 minutes\" \/>\n<script type=\"application\/ld+json\" class=\"yoast-schema-graph\">{\"@context\":\"https:\\\/\\\/schema.org\",\"@graph\":[{\"@type\":\"WebPage\",\"@id\":\"https:\\\/\\\/369agara.com\\\/produit\\\/cable-alimentation-pc-2m\\\/\",\"url\":\"https:\\\/\\\/369agara.com\\\/produit\\\/cable-alimentation-pc-2m\\\/\",\"name\":\"C\u00e2ble d'alimentation PC blind\u00e9 noir Biologa Danell 2 m\u00e8tres | Agara\",\"isPartOf\":{\"@id\":\"https:\\\/\\\/369agara.com\\\/#website\"},\"primaryImageOfPage\":{\"@id\":\"https:\\\/\\\/369agara.com\\\/produit\\\/cable-alimentation-pc-2m\\\/#primaryimage\"},\"image\":{\"@id\":\"https:\\\/\\\/369agara.com\\\/produit\\\/cable-alimentation-pc-2m\\\/#primaryimage\"},\"thumbnailUrl\":\"https:\\\/\\\/369agara.com\\\/wp-content\\\/uploads\\\/2023\\\/08\\\/cable-d-alimentation-pc-blinde-noir-danell-2-metres-1.png\",\"datePublished\":\"2023-08-21T15:14:53+00:00\",\"dateModified\":\"2025-05-12T15:25:31+00:00\",\"description\":\"Le c\u00e2ble d'alimentation blind\u00e9 Biologa Danell pour ordinateur (fixe ou portable), \u00e9cran, imprimante permet de vous prot\u00e9ger \u00e0 la fois des champs \u00e9lectriques et des champs magn\u00e9tiques.\u00a0Adaptateur pour ordinateur portable en option.\u00a0Longueur 2 m\u00e8tres.\u00a0Coloris noir.\",\"breadcrumb\":{\"@id\":\"https:\\\/\\\/369agara.com\\\/produit\\\/cable-alimentation-pc-2m\\\/#breadcrumb\"},\"inLanguage\":\"en-GB\",\"potentialAction\":[{\"@type\":\"ReadAction\",\"target\":[\"https:\\\/\\\/369agara.com\\\/produit\\\/cable-alimentation-pc-2m\\\/\"]}]},{\"@type\":\"ImageObject\",\"inLanguage\":\"en-GB\",\"@id\":\"https:\\\/\\\/369agara.com\\\/produit\\\/cable-alimentation-pc-2m\\\/#primaryimage\",\"url\":\"https:\\\/\\\/369agara.com\\\/wp-content\\\/uploads\\\/2023\\\/08\\\/cable-d-alimentation-pc-blinde-noir-danell-2-metres-1.png\",\"contentUrl\":\"https:\\\/\\\/369agara.com\\\/wp-content\\\/uploads\\\/2023\\\/08\\\/cable-d-alimentation-pc-blinde-noir-danell-2-metres-1.png\",\"width\":800,\"height\":800},{\"@type\":\"BreadcrumbList\",\"@id\":\"https:\\\/\\\/369agara.com\\\/produit\\\/cable-alimentation-pc-2m\\\/#breadcrumb\",\"itemListElement\":[{\"@type\":\"ListItem\",\"position\":1,\"name\":\"Accueil\",\"item\":\"https:\\\/\\\/369agara.com\\\/\"},{\"@type\":\"ListItem\",\"position\":2,\"name\":\"La boutique\",\"item\":\"https:\\\/\\\/369agara.com\\\/la-boutique\\\/\"},{\"@type\":\"ListItem\",\"position\":3,\"name\":\"C\u00e2ble d&rsquo;alimentation PC blind\u00e9 noir Biologa Danell 2 m\u00e8tres\"}]},{\"@type\":\"WebSite\",\"@id\":\"https:\\\/\\\/369agara.com\\\/#website\",\"url\":\"https:\\\/\\\/369agara.com\\\/\",\"name\":\"Livsrikedomar\",\"description\":\"D\u00e9connectez pour mieux vous connecter\",\"publisher\":{\"@id\":\"https:\\\/\\\/369agara.com\\\/#organization\"},\"potentialAction\":[{\"@type\":\"SearchAction\",\"target\":{\"@type\":\"EntryPoint\",\"urlTemplate\":\"https:\\\/\\\/369agara.com\\\/?s={search_term_string}\"},\"query-input\":{\"@type\":\"PropertyValueSpecification\",\"valueRequired\":true,\"valueName\":\"search_term_string\"}}],\"inLanguage\":\"en-GB\"},{\"@type\":\"Organization\",\"@id\":\"https:\\\/\\\/369agara.com\\\/#organization\",\"name\":\"EACreations\",\"url\":\"https:\\\/\\\/369agara.com\\\/\",\"logo\":{\"@type\":\"ImageObject\",\"inLanguage\":\"en-GB\",\"@id\":\"https:\\\/\\\/369agara.com\\\/#\\\/schema\\\/logo\\\/image\\\/\",\"url\":\"\",\"contentUrl\":\"\",\"caption\":\"EACreations\"},\"image\":{\"@id\":\"https:\\\/\\\/369agara.com\\\/#\\\/schema\\\/logo\\\/image\\\/\"}}]}<\/script>\n<!-- \/ Yoast SEO Premium plugin. -->","yoast_head_json":{"title":"C\u00e2ble d'alimentation PC blind\u00e9 noir Biologa Danell 2 m\u00e8tres | Agara","description":"Le c\u00e2ble d'alimentation blind\u00e9 Biologa Danell pour ordinateur (fixe ou portable), \u00e9cran, imprimante permet de vous prot\u00e9ger \u00e0 la fois des champs \u00e9lectriques et des champs magn\u00e9tiques.\u00a0Adaptateur pour ordinateur portable en option.\u00a0Longueur 2 m\u00e8tres.\u00a0Coloris noir.","robots":{"index":"index","follow":"follow","max-snippet":"max-snippet:-1","max-image-preview":"max-image-preview:large","max-video-preview":"max-video-preview:-1"},"canonical":"https:\/\/369agara.com\/en\/product\/cable-alimentation-pc-2m\/","og_locale":"en_GB","og_type":"article","og_title":"C\u00e2ble d'alimentation PC blind\u00e9 noir Biologa Danell 2 m\u00e8tres","og_description":"Le c\u00e2ble d'alimentation blind\u00e9 Biologa Danell pour ordinateur (fixe ou portable), \u00e9cran, imprimante permet de vous prot\u00e9ger \u00e0 la fois des champs \u00e9lectriques et des champs magn\u00e9tiques.\u00a0Adaptateur pour ordinateur portable en option.\u00a0Longueur 2 m\u00e8tres.\u00a0Coloris noir.","og_url":"https:\/\/369agara.com\/en\/product\/cable-alimentation-pc-2m\/","og_site_name":"Agara","article_modified_time":"2025-05-12T15:25:31+00:00","og_image":[{"width":800,"height":800,"url":"https:\/\/369agara.com\/wp-content\/uploads\/2023\/08\/cable-d-alimentation-pc-blinde-noir-danell-2-metres-1.png","type":"image\/png"}],"twitter_card":"summary_large_image","twitter_misc":{"Estimated reading time":"2 minutes"},"schema":{"@context":"https:\/\/schema.org","@graph":[{"@type":"WebPage","@id":"https:\/\/369agara.com\/produit\/cable-alimentation-pc-2m\/","url":"https:\/\/369agara.com\/produit\/cable-alimentation-pc-2m\/","name":"C\u00e2ble d'alimentation PC blind\u00e9 noir Biologa Danell 2 m\u00e8tres | Agara","isPartOf":{"@id":"https:\/\/369agara.com\/#website"},"primaryImageOfPage":{"@id":"https:\/\/369agara.com\/produit\/cable-alimentation-pc-2m\/#primaryimage"},"image":{"@id":"https:\/\/369agara.com\/produit\/cable-alimentation-pc-2m\/#primaryimage"},"thumbnailUrl":"https:\/\/369agara.com\/wp-content\/uploads\/2023\/08\/cable-d-alimentation-pc-blinde-noir-danell-2-metres-1.png","datePublished":"2023-08-21T15:14:53+00:00","dateModified":"2025-05-12T15:25:31+00:00","description":"Le c\u00e2ble d'alimentation blind\u00e9 Biologa Danell pour ordinateur (fixe ou portable), \u00e9cran, imprimante permet de vous prot\u00e9ger \u00e0 la fois des champs \u00e9lectriques et des champs magn\u00e9tiques.\u00a0Adaptateur pour ordinateur portable en option.\u00a0Longueur 2 m\u00e8tres.\u00a0Coloris noir.","breadcrumb":{"@id":"https:\/\/369agara.com\/produit\/cable-alimentation-pc-2m\/#breadcrumb"},"inLanguage":"en-GB","potentialAction":[{"@type":"ReadAction","target":["https:\/\/369agara.com\/produit\/cable-alimentation-pc-2m\/"]}]},{"@type":"ImageObject","inLanguage":"en-GB","@id":"https:\/\/369agara.com\/produit\/cable-alimentation-pc-2m\/#primaryimage","url":"https:\/\/369agara.com\/wp-content\/uploads\/2023\/08\/cable-d-alimentation-pc-blinde-noir-danell-2-metres-1.png","contentUrl":"https:\/\/369agara.com\/wp-content\/uploads\/2023\/08\/cable-d-alimentation-pc-blinde-noir-danell-2-metres-1.png","width":800,"height":800},{"@type":"BreadcrumbList","@id":"https:\/\/369agara.com\/produit\/cable-alimentation-pc-2m\/#breadcrumb","itemListElement":[{"@type":"ListItem","position":1,"name":"Accueil","item":"https:\/\/369agara.com\/"},{"@type":"ListItem","position":2,"name":"La boutique","item":"https:\/\/369agara.com\/la-boutique\/"},{"@type":"ListItem","position":3,"name":"C\u00e2ble d&rsquo;alimentation PC blind\u00e9 noir Biologa Danell 2 m\u00e8tres"}]},{"@type":"WebSite","@id":"https:\/\/369agara.com\/#website","url":"https:\/\/369agara.com\/","name":"Livsrikedomar","description":"Disconnect to better connect","publisher":{"@id":"https:\/\/369agara.com\/#organization"},"potentialAction":[{"@type":"SearchAction","target":{"@type":"EntryPoint","urlTemplate":"https:\/\/369agara.com\/?s={search_term_string}"},"query-input":{"@type":"PropertyValueSpecification","valueRequired":true,"valueName":"search_term_string"}}],"inLanguage":"en-GB"},{"@type":"Organization","@id":"https:\/\/369agara.com\/#organization","name":"EACreations","url":"https:\/\/369agara.com\/","logo":{"@type":"ImageObject","inLanguage":"en-GB","@id":"https:\/\/369agara.com\/#\/schema\/logo\/image\/","url":"","contentUrl":"","caption":"EACreations"},"image":{"@id":"https:\/\/369agara.com\/#\/schema\/logo\/image\/"}}]}},"jetpack_sharing_enabled":true,"_links":{"self":[{"href":"https:\/\/369agara.com\/en\/wp-json\/wp\/v2\/product\/1747","targetHints":{"allow":["GET"]}}],"collection":[{"href":"https:\/\/369agara.com\/en\/wp-json\/wp\/v2\/product"}],"about":[{"href":"https:\/\/369agara.com\/en\/wp-json\/wp\/v2\/types\/product"}],"replies":[{"embeddable":true,"href":"https:\/\/369agara.com\/en\/wp-json\/wp\/v2\/comments?post=1747"}],"wp:featuredmedia":[{"embeddable":true,"href":"https:\/\/369agara.com\/en\/wp-json\/wp\/v2\/media\/3352"}],"wp:attachment":[{"href":"https:\/\/369agara.com\/en\/wp-json\/wp\/v2\/media?parent=1747"}],"wp:term":[{"taxonomy":"product_brand","embeddable":true,"href":"https:\/\/369agara.com\/en\/wp-json\/wp\/v2\/product_brand?post=1747"},{"taxonomy":"product_cat","embeddable":true,"href":"https:\/\/369agara.com\/en\/wp-json\/wp\/v2\/product_cat?post=1747"},{"taxonomy":"product_tag","embeddable":true,"href":"https:\/\/369agara.com\/en\/wp-json\/wp\/v2\/product_tag?post=1747"}],"curies":[{"name":"wp","href":"https:\/\/api.w.org\/{rel}","templated":true}]}}