{"id":1748,"date":"2023-08-21T17:42:51","date_gmt":"2023-08-21T15:42:51","guid":{"rendered":"https:\/\/369agara.com\/?post_type=product&#038;p=1748"},"modified":"2025-05-12T17:21:06","modified_gmt":"2025-05-12T15:21:06","slug":"rallong-blindee-3m-5m-noir-blanc","status":"publish","type":"product","link":"https:\/\/369agara.com\/en\/product\/rallong-blindee-3m-5m-noir-blanc\/","title":{"rendered":"Shielded extension lead 1.5 mm\u00b2 Biologa Danell 3 m | 5 m - Black | White"},"content":{"rendered":"<div class=\"block md-bottom product-description-block\">\n<div class=\"block-content box-bg\">\n<div class=\"product-description typo\">\n<h3><span style=\"font-family: 'Book Antiqua', Palatino; font-size: 120%; color: #333399;\">Extend your connections, not your exposure to radio waves!<\/span><\/h3>\n<p><span style=\"font-family: 'Book Antiqua', Palatino; font-size: 120%; color: #333399;\">La\u00a0<strong>Shielded extension lead<\/strong>\u00a0Biologa Danell is designed to extend your connections while\u00a0<strong>limiting electromagnetic fields (EMC)<\/strong>\u00a0in your environment. It's ideal for people who want a healthy home or who suffer from electrosensitivity.<\/span><\/p>\n<p><span style=\"font-family: 'Book Antiqua', Palatino; font-size: 120%; color: #333399;\">The white Danell Biologa 5 metre shielded extension lead protects you from both electric and magnetic fields.<\/span><\/p>\n<p><span style=\"font-family: 'Book Antiqua', Palatino; font-size: 120%; color: #333399;\">Thanks to its design, this shielded extension cable does not emit electric fields (low frequencies 50 Hertz), unlike a standard extension cable.\u00a0<\/span><\/p>\n<p><span style=\"font-family: 'Book Antiqua', Palatino; font-size: 120%; color: #333399;\">This Danell Biologa armoured extension lead is ideal if you want to run an extension lead under your bed, behind a sofa or desk.<\/span><\/p>\n<p><span style=\"font-family: 'Book Antiqua', Palatino; font-size: 120%; color: #333399;\">This extension lead consists of 3 wires (phase, earth and neutral), wrapped in a metal foil which, when earthed, eliminates electric fields. These wires are also twisted on themselves 15 times per metre to greatly attenuate magnetic fields.<\/span><\/p>\n<p><span style=\"font-family: 'Book Antiqua', Palatino; font-size: 120%; color: #333399;\">The plug is shielded.<\/span><\/p>\n<ul>\n<li><span style=\"font-family: 'Book Antiqua', Palatino; font-size: 120%; color: #333399;\"><strong>Full armour<\/strong>\u00a0of the cable against low-frequency electric fields<\/span><\/li>\n<li><span style=\"font-family: 'Book Antiqua', Palatino; font-size: 120%; color: #333399;\"><strong>Reducing electromagnetic emissions<\/strong>\u00a0around the cable<\/span><\/li>\n<li><span style=\"font-family: 'Book Antiqua', Palatino; font-size: 120%; color: #333399;\"><strong>High-quality connectors<\/strong>\u00a0for maximum safety and reliability<\/span><\/li>\n<li><span style=\"font-family: 'Book Antiqua', Palatino; font-size: 120%; color: #333399;\"><strong>CE standards<\/strong>\u00a0and sustainable materials<\/span><\/li>\n<li><span style=\"font-family: 'Book Antiqua', Palatino; font-size: 120%; color: #333399;\">Compatible with\u00a0<strong>French sockets (type E)<\/strong><\/span><\/li>\n<li><span style=\"font-family: 'Book Antiqua', Palatino; font-size: 120%; color: #333399;\">Suitable for everyday electrical appliances (lamps, chargers, computers, etc.)<\/span><\/li>\n<\/ul>\n<h3><span style=\"font-family: 'Book Antiqua', Palatino; font-size: 120%; color: #333399;\">Ideal use :<\/span><\/h3>\n<ul>\n<li><span style=\"font-family: 'Book Antiqua', Palatino; font-size: 120%; color: #333399;\">Bedroom (e.g. bedside lamp)<\/span><\/li>\n<li><span style=\"font-family: 'Book Antiqua', Palatino; font-size: 120%; color: #333399;\">Office or workspace<\/span><\/li>\n<li><span style=\"font-family: 'Book Antiqua', Palatino; font-size: 120%; color: #333399;\">Living room \/ TV area<\/span><\/li>\n<li><span style=\"font-family: 'Book Antiqua', Palatino; font-size: 120%; color: #333399;\">Audio \/ hi-fi installation<\/span><\/li>\n<li><span style=\"font-family: 'Book Antiqua', Palatino; font-size: 120%; color: #333399;\">Rest areas \/ energy treatments<\/span><\/li>\n<li><span style=\"font-family: 'Book Antiqua', Palatino; font-size: 120%; color: #333399;\"><strong>Wave-free housing for electro-hypersensitive people (EHS)<\/strong><\/span><\/li>\n<\/ul>\n<h3><span style=\"font-family: 'Book Antiqua', Palatino; font-size: 120%; color: #333399;\">Why use a shielded extension lead?<\/span><\/h3>\n<p><span style=\"font-family: 'Book Antiqua', Palatino; font-size: 120%; color: #333399;\">Conventional extension leads emit electric fields along their entire length, even when no appliance is plugged in.<\/span><br \/>\n<span style=\"font-family: 'Book Antiqua', Palatino; font-size: 120%; color: #333399;\">Our armoured extension lead\u00a0<strong>interrupts these emissions thanks to complete shielding<\/strong>contributing to an environment\u00a0<strong>healthier and more serene<\/strong>.<\/span><\/p>\n<ul>\n<li><span style=\"font-family: 'Book Antiqua', Palatino; font-size: 120%; color: #333399;\">Electric fields affect our nervous, endocrine and immune systems. They disrupt the secretion of melatonin (the anti-cancer sleep hormone) and the acid-base balance by acidifying our bodies. They also positively ionise the air, increasing heart rate, stress and discomfort and altering brain oxygenation.<\/span><\/li>\n<li><span style=\"font-family: 'Book Antiqua', Palatino; font-size: 120%; color: #333399;\">Magnetic fields act on our cellular system. \u00a0<\/span><\/li>\n<\/ul>\n<p><span style=\"font-family: 'Book Antiqua', Palatino; font-size: 120%; color: #ed1c24;\"><strong>Warning! To avoid emitting electric fields, this shielded extension lead must be plugged into an earthed wall socket!\u00a0<\/strong><\/span><\/p>\n<p><span style=\"font-family: 'Book Antiqua', Palatino; font-size: 120%; color: #333399;\">The verification and effectiveness of the shielding were measured in accordance with TCO'99, Band I (MPR II, DIN prEN 50279).<\/span><\/p>\n<h3><span style=\"font-family: 'Book Antiqua', Palatino; font-size: 120%; color: #333399;\">Technical specifications<\/span><\/h3>\n<ul>\n<li><span style=\"font-family: 'Book Antiqua', Palatino; font-size: 120%; color: #333399;\">Connectors: European 2P+T male and female sockets<\/span><\/li>\n<li><span style=\"font-family: 'Book Antiqua', Palatino; font-size: 120%; color: #333399;\">Childproof lock<\/span><\/li>\n<li><span style=\"font-family: 'Book Antiqua', Palatino; font-size: 120%; color: #333399;\">Shielded cable 3 x 1.5 mm\u00b2 (VDE)<\/span><\/li>\n<li><span style=\"font-family: 'Book Antiqua', Palatino; font-size: 120%; color: #333399;\">Length of shielded cable: 5 metres<\/span><\/li>\n<li><span style=\"font-family: 'Book Antiqua', Palatino; font-size: 120%; color: #333399;\">Colour: white<\/span><\/li>\n<li><span style=\"font-family: 'Book Antiqua', Palatino; font-size: 120%; color: #333399;\">Shielded Schuko extension lead of very high quality and robustness<\/span><\/li>\n<li><span style=\"font-family: 'Book Antiqua', Palatino; font-size: 120%; color: #333399;\">Moulded bush, EEC standard 7 \/ VII, DIN 49441<\/span><\/li>\n<li><span style=\"font-family: 'Book Antiqua', Palatino; font-size: 120%; color: #333399;\">Diameter \u00d8 8.4 mm \u00b1 0.2 mm<\/span><\/li>\n<li><span style=\"font-family: 'Book Antiqua', Palatino; font-size: 120%; color: #333399;\">Polyvinyl chloride cable insulation<\/span><\/li>\n<li><span style=\"font-family: 'Book Antiqua', Palatino; font-size: 120%; color: #333399;\">Operating voltage 230 V AC (max. 250 VAC \/ 50 Hz - 16 A in accordance with IEC 320-1<\/span><\/li>\n<li><span style=\"font-family: 'Book Antiqua', Palatino; font-size: 120%; color: #333399;\">Individually tested to EN 60320 \/ 2.2 (iso 9002) TCO'99 (MPR II, DIN prEN 50279)<\/span><\/li>\n<li><span style=\"font-family: 'Book Antiqua', Palatino; font-size: 120%; color: #333399;\">Shield attenuation: &gt; 99 % (depending on earthing)<\/span><\/li>\n<li><span style=\"font-family: 'Book Antiqua', Palatino; font-size: 120%; color: #333399;\">Power max. 3500 W \/ max. 16 A \u00a0<\/span><\/li>\n<\/ul>\n<p><span style=\"font-family: 'Book Antiqua', Palatino; font-size: 120%; color: #333399;\">Made in Germany<\/span><\/p>\n<\/div>\n<\/div>\n<\/div>\n<div class=\"block product-attachments-block sm-bottom\">\n<h3 class=\"title-block\"><span style=\"font-family: 'Book Antiqua', Palatino; font-size: 120%; color: #333399;\">Please consult<\/span><\/h3>\n<div class=\"block-content\">\n<section class=\"product-attachments\">\n<div class=\"row\">\n<div class=\"attachment col-12 col-lg-4\">\n<div class=\"box-bg my-2\">\n<ul>\n<li class=\"h5\"><span style=\"font-family: 'Book Antiqua', Palatino; font-size: 120%; color: #333399;\">Danell armoured extension lead<\/span><br \/>\n<span style=\"font-family: 'Book Antiqua', Palatino; font-size: 120%; color: #333399;\">Technical data<\/span><\/li>\n<\/ul>\n<\/div>\n<\/div>\n<\/div>\n<\/section>\n<\/div>\n<\/div>","protected":false},"excerpt":{"rendered":"<p><span style=\"font-family: 'Book Antiqua', Palatino; font-size: 120%; color: #333399;\">La\u00a0<strong>Shielded extension lead<\/strong>\u00a0Biologa Danell is designed to extend your connections while\u00a0<strong>limiting electromagnetic fields (EMC)<\/strong> in your environment. It's ideal for people who want a healthy home or who suffer from electrosensitivity.\u00a0<\/span><\/p>\n<p><span style=\"font-family: 'Book Antiqua', Palatino; font-size: 120%; color: #333399;\">It protects you from both electric and magnetic fields.\u00a0<\/span><\/p>\n<p><span style=\"font-family: 'Book Antiqua', Palatino; font-size: 120%; color: #333399;\">Length 3 or 5 metres.\u00a0<\/span><br \/>\n<span style=\"font-family: 'Book Antiqua', Palatino; font-size: 120%; color: #333399;\">White or black, shielded plug, child safety lock.\u00a0<\/span><\/p>\n<p><span style=\"font-family: 'Book Antiqua', Palatino; font-size: 120%; color: #333399;\">Ideal for under a bed or at the office.<\/span><\/p>","protected":false},"featured_media":3785,"comment_status":"open","ping_status":"closed","template":"","meta":[],"product_brand":[265],"product_cat":[164],"product_tag":[248,246,247,251,249,245],"class_list":{"0":"post-1748","1":"product","2":"type-product","3":"status-publish","4":"has-post-thumbnail","6":"product_brand-biologa-danell","7":"product_cat-baubiologie","8":"product_tag-baubiologie","9":"product_tag-bureau","10":"product_tag-chambre","11":"product_tag-electricite","12":"product_tag-electromagnetisme","13":"product_tag-maison","15":"first","16":"instock","17":"taxable","18":"shipping-taxable","19":"purchasable","20":"product-type-variable"},"yoast_head":"<!-- This site is optimized with the Yoast SEO Premium plugin v25.1 (Yoast SEO v27.4) - https:\/\/yoast.com\/product\/yoast-seo-premium-wordpress\/ -->\n<title>Rallonge blind\u00e9e 1.5 mm\u00b2 Biologa Danell 3 m | 5 m - Noir | Blanc | Agara<\/title>\n<meta name=\"description\" content=\"La\u00a0rallonge \u00e9lectrique blind\u00e9e\u00a0Biologa Danell est con\u00e7ue pour prolonger vos branchements tout en\u00a0limitant les champs \u00e9lectromagn\u00e9tiques (CEM) dans votre environnement. Elle est id\u00e9ale pour les personnes souhaitant un habitat sain ou souffrant d\u2019\u00e9lectrosensibilit\u00e9.\u00a0Elle permet de vous prot\u00e9ger \u00e0 la fois des champs \u00e9lectriques et des champs magn\u00e9tiques.\u00a0Longueur 3 ou 5 m\u00e8tres. Blanche ou noire, fiche de branchement blind\u00e9e, s\u00e9curit\u00e9 enfant.\u00a0Id\u00e9ale sous un lit ou au bureau.\" \/>\n<meta name=\"robots\" content=\"index, follow, max-snippet:-1, max-image-preview:large, max-video-preview:-1\" \/>\n<link rel=\"canonical\" href=\"https:\/\/369agara.com\/en\/product\/rallong-blindee-3m-5m-noir-blanc\/\" \/>\n<meta property=\"og:locale\" content=\"en_GB\" \/>\n<meta property=\"og:type\" content=\"article\" \/>\n<meta property=\"og:title\" content=\"Rallonge blind\u00e9e 1.5 mm\u00b2 Biologa Danell 3 m | 5 m - Noir | Blanc\" \/>\n<meta property=\"og:description\" content=\"La\u00a0rallonge \u00e9lectrique blind\u00e9e\u00a0Biologa Danell est con\u00e7ue pour prolonger vos branchements tout en\u00a0limitant les champs \u00e9lectromagn\u00e9tiques (CEM) dans votre environnement. Elle est id\u00e9ale pour les personnes souhaitant un habitat sain ou souffrant d\u2019\u00e9lectrosensibilit\u00e9.\u00a0Elle permet de vous prot\u00e9ger \u00e0 la fois des champs \u00e9lectriques et des champs magn\u00e9tiques.\u00a0Longueur 3 ou 5 m\u00e8tres. Blanche ou noire, fiche de branchement blind\u00e9e, s\u00e9curit\u00e9 enfant.\u00a0Id\u00e9ale sous un lit ou au bureau.\" \/>\n<meta property=\"og:url\" content=\"https:\/\/369agara.com\/en\/product\/rallong-blindee-3m-5m-noir-blanc\/\" \/>\n<meta property=\"og:site_name\" content=\"Agara\" \/>\n<meta property=\"article:modified_time\" content=\"2025-05-12T15:21:06+00:00\" \/>\n<meta property=\"og:image\" content=\"https:\/\/369agara.com\/wp-content\/uploads\/2023\/08\/rallonge-blindee-danell-5-metres-blanche-15-mm.jpg\" \/>\n\t<meta property=\"og:image:width\" content=\"800\" \/>\n\t<meta property=\"og:image:height\" content=\"800\" \/>\n\t<meta property=\"og:image:type\" content=\"image\/jpeg\" \/>\n<meta name=\"twitter:card\" content=\"summary_large_image\" \/>\n<meta name=\"twitter:label1\" content=\"Estimated reading time\" \/>\n\t<meta name=\"twitter:data1\" content=\"3 minutes\" \/>\n<script type=\"application\/ld+json\" class=\"yoast-schema-graph\">{\"@context\":\"https:\\\/\\\/schema.org\",\"@graph\":[{\"@type\":\"WebPage\",\"@id\":\"https:\\\/\\\/369agara.com\\\/produit\\\/rallong-blindee-3m-5m-noir-blanc\\\/\",\"url\":\"https:\\\/\\\/369agara.com\\\/produit\\\/rallong-blindee-3m-5m-noir-blanc\\\/\",\"name\":\"Rallonge blind\u00e9e 1.5 mm\u00b2 Biologa Danell 3 m | 5 m - Noir | Blanc | Agara\",\"isPartOf\":{\"@id\":\"https:\\\/\\\/369agara.com\\\/#website\"},\"primaryImageOfPage\":{\"@id\":\"https:\\\/\\\/369agara.com\\\/produit\\\/rallong-blindee-3m-5m-noir-blanc\\\/#primaryimage\"},\"image\":{\"@id\":\"https:\\\/\\\/369agara.com\\\/produit\\\/rallong-blindee-3m-5m-noir-blanc\\\/#primaryimage\"},\"thumbnailUrl\":\"https:\\\/\\\/369agara.com\\\/wp-content\\\/uploads\\\/2023\\\/08\\\/rallonge-blindee-danell-5-metres-blanche-15-mm.jpg\",\"datePublished\":\"2023-08-21T15:42:51+00:00\",\"dateModified\":\"2025-05-12T15:21:06+00:00\",\"description\":\"La\u00a0rallonge \u00e9lectrique blind\u00e9e\u00a0Biologa Danell est con\u00e7ue pour prolonger vos branchements tout en\u00a0limitant les champs \u00e9lectromagn\u00e9tiques (CEM) dans votre environnement. Elle est id\u00e9ale pour les personnes souhaitant un habitat sain ou souffrant d\u2019\u00e9lectrosensibilit\u00e9.\u00a0Elle permet de vous prot\u00e9ger \u00e0 la fois des champs \u00e9lectriques et des champs magn\u00e9tiques.\u00a0Longueur 3 ou 5 m\u00e8tres. Blanche ou noire, fiche de branchement blind\u00e9e, s\u00e9curit\u00e9 enfant.\u00a0Id\u00e9ale sous un lit ou au bureau.\",\"breadcrumb\":{\"@id\":\"https:\\\/\\\/369agara.com\\\/produit\\\/rallong-blindee-3m-5m-noir-blanc\\\/#breadcrumb\"},\"inLanguage\":\"en-GB\",\"potentialAction\":[{\"@type\":\"ReadAction\",\"target\":[\"https:\\\/\\\/369agara.com\\\/produit\\\/rallong-blindee-3m-5m-noir-blanc\\\/\"]}]},{\"@type\":\"ImageObject\",\"inLanguage\":\"en-GB\",\"@id\":\"https:\\\/\\\/369agara.com\\\/produit\\\/rallong-blindee-3m-5m-noir-blanc\\\/#primaryimage\",\"url\":\"https:\\\/\\\/369agara.com\\\/wp-content\\\/uploads\\\/2023\\\/08\\\/rallonge-blindee-danell-5-metres-blanche-15-mm.jpg\",\"contentUrl\":\"https:\\\/\\\/369agara.com\\\/wp-content\\\/uploads\\\/2023\\\/08\\\/rallonge-blindee-danell-5-metres-blanche-15-mm.jpg\",\"width\":800,\"height\":800},{\"@type\":\"BreadcrumbList\",\"@id\":\"https:\\\/\\\/369agara.com\\\/produit\\\/rallong-blindee-3m-5m-noir-blanc\\\/#breadcrumb\",\"itemListElement\":[{\"@type\":\"ListItem\",\"position\":1,\"name\":\"Accueil\",\"item\":\"https:\\\/\\\/369agara.com\\\/\"},{\"@type\":\"ListItem\",\"position\":2,\"name\":\"La boutique\",\"item\":\"https:\\\/\\\/369agara.com\\\/la-boutique\\\/\"},{\"@type\":\"ListItem\",\"position\":3,\"name\":\"Rallonge blind\u00e9e 1.5 mm\u00b2 Biologa Danell 3 m | 5 m &#8211; Noir | Blanc\"}]},{\"@type\":\"WebSite\",\"@id\":\"https:\\\/\\\/369agara.com\\\/#website\",\"url\":\"https:\\\/\\\/369agara.com\\\/\",\"name\":\"Livsrikedomar\",\"description\":\"D\u00e9connectez pour mieux vous connecter\",\"publisher\":{\"@id\":\"https:\\\/\\\/369agara.com\\\/#organization\"},\"potentialAction\":[{\"@type\":\"SearchAction\",\"target\":{\"@type\":\"EntryPoint\",\"urlTemplate\":\"https:\\\/\\\/369agara.com\\\/?s={search_term_string}\"},\"query-input\":{\"@type\":\"PropertyValueSpecification\",\"valueRequired\":true,\"valueName\":\"search_term_string\"}}],\"inLanguage\":\"en-GB\"},{\"@type\":\"Organization\",\"@id\":\"https:\\\/\\\/369agara.com\\\/#organization\",\"name\":\"EACreations\",\"url\":\"https:\\\/\\\/369agara.com\\\/\",\"logo\":{\"@type\":\"ImageObject\",\"inLanguage\":\"en-GB\",\"@id\":\"https:\\\/\\\/369agara.com\\\/#\\\/schema\\\/logo\\\/image\\\/\",\"url\":\"\",\"contentUrl\":\"\",\"caption\":\"EACreations\"},\"image\":{\"@id\":\"https:\\\/\\\/369agara.com\\\/#\\\/schema\\\/logo\\\/image\\\/\"}}]}<\/script>\n<!-- \/ Yoast SEO Premium plugin. -->","yoast_head_json":{"title":"Rallonge blind\u00e9e 1.5 mm\u00b2 Biologa Danell 3 m | 5 m - Noir | Blanc | Agara","description":"The Danell Biologa shielded extension lead is designed to extend your electrical connections while limiting electromagnetic fields (EMF) in your environment. It is ideal for people who want a healthy home or who suffer from electrosensitivity. It protects you from both electric and magnetic fields. Length 3 or 5 metres. White or black, shielded plug, child safety lock. Ideal for use under a bed or in the office.","robots":{"index":"index","follow":"follow","max-snippet":"max-snippet:-1","max-image-preview":"max-image-preview:large","max-video-preview":"max-video-preview:-1"},"canonical":"https:\/\/369agara.com\/en\/product\/rallong-blindee-3m-5m-noir-blanc\/","og_locale":"en_GB","og_type":"article","og_title":"Rallonge blind\u00e9e 1.5 mm\u00b2 Biologa Danell 3 m | 5 m - Noir | Blanc","og_description":"La\u00a0rallonge \u00e9lectrique blind\u00e9e\u00a0Biologa Danell est con\u00e7ue pour prolonger vos branchements tout en\u00a0limitant les champs \u00e9lectromagn\u00e9tiques (CEM) dans votre environnement. Elle est id\u00e9ale pour les personnes souhaitant un habitat sain ou souffrant d\u2019\u00e9lectrosensibilit\u00e9.\u00a0Elle permet de vous prot\u00e9ger \u00e0 la fois des champs \u00e9lectriques et des champs magn\u00e9tiques.\u00a0Longueur 3 ou 5 m\u00e8tres. Blanche ou noire, fiche de branchement blind\u00e9e, s\u00e9curit\u00e9 enfant.\u00a0Id\u00e9ale sous un lit ou au bureau.","og_url":"https:\/\/369agara.com\/en\/product\/rallong-blindee-3m-5m-noir-blanc\/","og_site_name":"Agara","article_modified_time":"2025-05-12T15:21:06+00:00","og_image":[{"width":800,"height":800,"url":"https:\/\/369agara.com\/wp-content\/uploads\/2023\/08\/rallonge-blindee-danell-5-metres-blanche-15-mm.jpg","type":"image\/jpeg"}],"twitter_card":"summary_large_image","twitter_misc":{"Estimated reading time":"3 minutes"},"schema":{"@context":"https:\/\/schema.org","@graph":[{"@type":"WebPage","@id":"https:\/\/369agara.com\/produit\/rallong-blindee-3m-5m-noir-blanc\/","url":"https:\/\/369agara.com\/produit\/rallong-blindee-3m-5m-noir-blanc\/","name":"Rallonge blind\u00e9e 1.5 mm\u00b2 Biologa Danell 3 m | 5 m - Noir | Blanc | Agara","isPartOf":{"@id":"https:\/\/369agara.com\/#website"},"primaryImageOfPage":{"@id":"https:\/\/369agara.com\/produit\/rallong-blindee-3m-5m-noir-blanc\/#primaryimage"},"image":{"@id":"https:\/\/369agara.com\/produit\/rallong-blindee-3m-5m-noir-blanc\/#primaryimage"},"thumbnailUrl":"https:\/\/369agara.com\/wp-content\/uploads\/2023\/08\/rallonge-blindee-danell-5-metres-blanche-15-mm.jpg","datePublished":"2023-08-21T15:42:51+00:00","dateModified":"2025-05-12T15:21:06+00:00","description":"The Danell Biologa shielded extension lead is designed to extend your electrical connections while limiting electromagnetic fields (EMF) in your environment. It is ideal for people who want a healthy home or who suffer from electrosensitivity. It protects you from both electric and magnetic fields. Length 3 or 5 metres. White or black, shielded plug, child safety lock. Ideal for use under a bed or in the office.","breadcrumb":{"@id":"https:\/\/369agara.com\/produit\/rallong-blindee-3m-5m-noir-blanc\/#breadcrumb"},"inLanguage":"en-GB","potentialAction":[{"@type":"ReadAction","target":["https:\/\/369agara.com\/produit\/rallong-blindee-3m-5m-noir-blanc\/"]}]},{"@type":"ImageObject","inLanguage":"en-GB","@id":"https:\/\/369agara.com\/produit\/rallong-blindee-3m-5m-noir-blanc\/#primaryimage","url":"https:\/\/369agara.com\/wp-content\/uploads\/2023\/08\/rallonge-blindee-danell-5-metres-blanche-15-mm.jpg","contentUrl":"https:\/\/369agara.com\/wp-content\/uploads\/2023\/08\/rallonge-blindee-danell-5-metres-blanche-15-mm.jpg","width":800,"height":800},{"@type":"BreadcrumbList","@id":"https:\/\/369agara.com\/produit\/rallong-blindee-3m-5m-noir-blanc\/#breadcrumb","itemListElement":[{"@type":"ListItem","position":1,"name":"Accueil","item":"https:\/\/369agara.com\/"},{"@type":"ListItem","position":2,"name":"La boutique","item":"https:\/\/369agara.com\/la-boutique\/"},{"@type":"ListItem","position":3,"name":"Rallonge blind\u00e9e 1.5 mm\u00b2 Biologa Danell 3 m | 5 m &#8211; Noir | Blanc"}]},{"@type":"WebSite","@id":"https:\/\/369agara.com\/#website","url":"https:\/\/369agara.com\/","name":"Livsrikedomar","description":"Disconnect to better connect","publisher":{"@id":"https:\/\/369agara.com\/#organization"},"potentialAction":[{"@type":"SearchAction","target":{"@type":"EntryPoint","urlTemplate":"https:\/\/369agara.com\/?s={search_term_string}"},"query-input":{"@type":"PropertyValueSpecification","valueRequired":true,"valueName":"search_term_string"}}],"inLanguage":"en-GB"},{"@type":"Organization","@id":"https:\/\/369agara.com\/#organization","name":"EACreations","url":"https:\/\/369agara.com\/","logo":{"@type":"ImageObject","inLanguage":"en-GB","@id":"https:\/\/369agara.com\/#\/schema\/logo\/image\/","url":"","contentUrl":"","caption":"EACreations"},"image":{"@id":"https:\/\/369agara.com\/#\/schema\/logo\/image\/"}}]}},"jetpack_sharing_enabled":true,"_links":{"self":[{"href":"https:\/\/369agara.com\/en\/wp-json\/wp\/v2\/product\/1748","targetHints":{"allow":["GET"]}}],"collection":[{"href":"https:\/\/369agara.com\/en\/wp-json\/wp\/v2\/product"}],"about":[{"href":"https:\/\/369agara.com\/en\/wp-json\/wp\/v2\/types\/product"}],"replies":[{"embeddable":true,"href":"https:\/\/369agara.com\/en\/wp-json\/wp\/v2\/comments?post=1748"}],"wp:featuredmedia":[{"embeddable":true,"href":"https:\/\/369agara.com\/en\/wp-json\/wp\/v2\/media\/3785"}],"wp:attachment":[{"href":"https:\/\/369agara.com\/en\/wp-json\/wp\/v2\/media?parent=1748"}],"wp:term":[{"taxonomy":"product_brand","embeddable":true,"href":"https:\/\/369agara.com\/en\/wp-json\/wp\/v2\/product_brand?post=1748"},{"taxonomy":"product_cat","embeddable":true,"href":"https:\/\/369agara.com\/en\/wp-json\/wp\/v2\/product_cat?post=1748"},{"taxonomy":"product_tag","embeddable":true,"href":"https:\/\/369agara.com\/en\/wp-json\/wp\/v2\/product_tag?post=1748"}],"curies":[{"name":"wp","href":"https:\/\/api.w.org\/{rel}","templated":true}]}}