{"id":1753,"date":"2023-08-21T18:20:43","date_gmt":"2023-08-21T16:20:43","guid":{"rendered":"https:\/\/369agara.com\/?post_type=product&#038;p=1753"},"modified":"2025-05-15T22:01:20","modified_gmt":"2025-05-15T20:01:20","slug":"tapis-universel","status":"publish","type":"product","link":"https:\/\/369agara.com\/en\/product\/tapis-universel\/","title":{"rendered":"Universal earthing mat"},"content":{"rendered":"<h4><span style=\"font-family: 'Book Antiqua', Palatino; font-size: 120%; color: #333399;\">This mat is ideal for :<\/span><\/h4>\n<ul>\n<li><span style=\"font-family: 'Book Antiqua', Palatino; font-size: 120%; color: #333399;\">the office: work while connected to the Earth<\/span><\/li>\n<li><span style=\"font-family: 'Book Antiqua', Palatino; font-size: 120%; color: #333399;\">the bed: enjoy its benefits all night long<\/span><\/li>\n<li><span style=\"font-family: 'Book Antiqua', Palatino; font-size: 120%; color: #333399;\">meditation or chair yoga: for a more grounded practice<\/span><\/li>\n<\/ul>\n<p><span style=\"font-family: 'Book Antiqua', Palatino; font-size: 120%; color: #333399;\">The universal earthing mat is ideal not only when you're in the office working on a computer, but also when you're watching TV, reading a book or just relaxing.<\/span><\/p>\n<p><span style=\"font-family: 'Book Antiqua', Palatino; font-size: 120%; color: #333399;\">It can be used directly under your bare feet or on your desk by resting your bare hands on it (in which case you also place your keyboard and mouse on it).<\/span><\/p>\n<p><span style=\"font-family: 'Book Antiqua', Palatino; font-size: 120%; color: #333399;\">Placed under your computer keyboard and mouse, it allows you to be connected to the earth when your hands or wrists are resting on the mat while you type or use the mouse.<\/span><\/p>\n<p><span style=\"font-family: 'Book Antiqua', Palatino; font-size: 120%; color: #333399;\">The mat is also soft and flexible enough to be used in bed, for example by resting your bare feet on it.<\/span><\/p>\n<h3><span style=\"font-family: 'Book Antiqua', Palatino; font-size: 120%; color: #333399;\">Reconnect with the Earth from the comfort of your own home<\/span><\/h3>\n<p><span style=\"font-family: 'Book Antiqua', Palatino; font-size: 120%; color: #333399;\">The Earthing mat is a simple, natural tool for restoring the body's energetic balance. Thanks to a conduction system connected to the Earth, it discharges the static electricity and electromagnetic pollution accumulated in everyday life, such as when you walk barefoot in the grass.<\/span><\/p>\n<p><span style=\"font-family: 'Book Antiqua', Palatino; font-size: 120%; color: #333399;\">If you want to know everything there is to know about earthing, the book by Clinton Ober, Stephen Sinatra and Martin Zucker \"Connecting to the Earth, Perhaps the most important discovery about health\" is the best reference on the subject.<\/span><\/p>\n<h3><span style=\"font-family: 'Book Antiqua', Palatino; font-size: 120%; color: #333399;\">The health benefits of earthing\u00a0<\/span><\/h3>\n<ul>\n<li><span style=\"font-family: 'Book Antiqua', Palatino; font-size: 120%; color: #333399;\">Improved sleep<\/span><\/li>\n<li><span style=\"font-family: 'Book Antiqua', Palatino; font-size: 120%; color: #333399;\">Reduced stress and anxiety<\/span><\/li>\n<li><span style=\"font-family: 'Book Antiqua', Palatino; font-size: 120%; color: #333399;\">Improved concentration<\/span><\/li>\n<li><span style=\"font-family: 'Book Antiqua', Palatino; font-size: 120%; color: #333399;\">Reduced fatigue at the end of the day, chronic pain and inflammation<\/span><\/li>\n<li><span style=\"font-family: 'Book Antiqua', Palatino; font-size: 120%; color: #333399;\">Better physical recovery<\/span><\/li>\n<li><span style=\"font-family: 'Book Antiqua', Palatino; font-size: 120%; color: #333399;\">Boosting natural immunity<\/span><\/li>\n<li><span style=\"font-family: 'Book Antiqua', Palatino; font-size: 120%; color: #333399;\">Improves digestion and blood circulation<\/span><\/li>\n<li><span style=\"font-family: 'Book Antiqua', Palatino; font-size: 120%; color: #333399;\">Relieves tension, headaches, hormonal symptoms and menstrual disorders<\/span><\/li>\n<li><span style=\"font-family: 'Book Antiqua', Palatino; font-size: 120%; color: #333399;\">Reducing the symptoms of electrosensitivity<\/span><\/li>\n<\/ul>\n<p><span style=\"font-family: 'Book Antiqua', Palatino; font-size: 120%; color: #ed1c24;\">This information in no way replaces the advice of your doctor and is not intended to treat or cure any medical condition. For any health problem, please consult your doctor.<\/span><\/p>\n<h3><span style=\"font-family: 'Book Antiqua', Palatino; font-size: 120%; color: #333399;\">Easy to install<\/span><\/h3>\n<p><span style=\"font-family: 'Book Antiqua', Palatino; font-size: 120%; color: #333399;\">Simply plug the mat into an earthed wall socket using the cable and plug provided. In direct contact with the skin or under a thin cloth, the mat immediately begins to conduct the Earth's natural energy.<\/span><\/p>\n<p><span style=\"font-family: 'Book Antiqua', Palatino; font-size: 120%; color: #333399;\">It must be connected to an earthed socket.<\/span><\/p>\n<h3><span style=\"font-family: 'Book Antiqua', Palatino; font-size: 120%; color: #333399;\">Technical specifications<\/span><\/h3>\n<p><span style=\"font-family: 'Book Antiqua', Palatino; font-size: 120%; color: #333399;\">Dimensions: 68 x 25 cm<\/span><\/p>\n<p><span style=\"font-family: 'Book Antiqua', Palatino; font-size: 120%; color: #333399;\">Made from a foam core with a layer of conductive carbon.<\/span><\/p>\n<p><span style=\"font-family: 'Book Antiqua', Palatino; font-size: 120%; color: #333399;\">Supplied with 4.60 m earthing cable and plug.<\/span><\/p>\n<p><span style=\"font-family: 'Book Antiqua', Palatino; font-size: 120%; color: #333399;\">Easy to clean (wipe with a soft cloth)<\/span><\/p>\n<h3><span style=\"font-family: 'Book Antiqua', Palatino; font-size: 120%; color: #333399;\">Agara Council<\/span><\/h3>\n<p><span style=\"font-family: 'Book Antiqua', Palatino; font-size: 120%; color: #333399;\">For earthing to be effective, it is essential to test the quality of your earthing system, either with a suitable device (earthing system tester, Tohm-E or Catohm DT-300 earthing meter) or by calling in a professional with the appropriate equipment.\u00a0<\/span><\/p>\n<p><span style=\"font-family: 'Book Antiqua', Palatino; font-size: 120%; color: #ed1c24;\">If the electrical installations are too old or badly installed, the earth connection may be inadequate or non-existent.<\/span><\/p>\n<p><span style=\"font-family: 'Book Antiqua', Palatino; font-size: 120%; color: #ed1c24;\">It's also very important to keep electric fields in the room to a minimum (clock radios, bedside lamps, unshielded power sockets and extension leads), to prevent them from interfering with the earthing system. Don't hesitate to measure them or have them measured!\u00a0<\/span><\/p>","protected":false},"excerpt":{"rendered":"<p><span style=\"font-family: 'Book Antiqua', Palatino; font-size: 120%; color: #333399;\">Discover\u00a0<strong>the benefits of earthing<\/strong> with our universal earthing mat.\u00a0<\/span><\/p>\n<p><span style=\"font-family: 'Book Antiqua', Palatino; font-size: 120%; color: #333399;\"><strong>Ideal for the office, in bed or just relaxing.<\/strong>It reconnects you with the Earth's natural energy to promote restful sleep, reduce stress and improve your vitality.\u00a0<\/span><\/p>\n<p><span style=\"font-family: 'Book Antiqua', Palatino; font-size: 120%; color: #333399;\">Supplied with cable and earth connection plug.\u00a0<\/span><\/p>\n<p><span style=\"font-family: 'Book Antiqua', Palatino; font-size: 120%; color: #333399;\">Dimensions: 68 x 25 cm.\u00a0<\/span><\/p>\n<p><span style=\"font-family: 'Book Antiqua', Palatino; font-size: 120%; color: #333399;\">Fits under the keyboard and mouse on the desk, under bare feet, in bed, etc.<\/span><\/p>","protected":false},"featured_media":1755,"comment_status":"open","ping_status":"closed","template":"","meta":[],"product_brand":[267],"product_cat":[164],"product_tag":[246,247,249,245,253,184],"class_list":{"0":"post-1753","1":"product","2":"type-product","3":"status-publish","4":"has-post-thumbnail","6":"product_brand-earthing","7":"product_cat-baubiologie","8":"product_tag-bureau","9":"product_tag-chambre","10":"product_tag-electromagnetisme","11":"product_tag-maison","12":"product_tag-meditation","13":"product_tag-yoga","15":"first","16":"instock","17":"taxable","18":"shipping-taxable","19":"purchasable","20":"product-type-simple"},"yoast_head":"<!-- This site is optimized with the Yoast SEO Premium plugin v25.1 (Yoast SEO v27.4) - https:\/\/yoast.com\/product\/yoast-seo-premium-wordpress\/ -->\n<title>Tapis universel de mise \u00e0 la terre Earthing | Agara<\/title>\n<meta name=\"description\" content=\"D\u00e9couvrez\u00a0les bienfaits de la mise \u00e0 la terre avec notre tapis universel de mise \u00e0 la terre earthing.\u00a0Id\u00e9al pour le bureau, le lit ou les moments de d\u00e9tente, il vous reconnecte \u00e0 l\u2019\u00e9nergie naturelle de la Terre pour favoriser un sommeil r\u00e9parateur, r\u00e9duire le stress et am\u00e9liorer votre vitalit\u00e9.\u00a0Livr\u00e9 avec un c\u00e2ble et une fiche de raccordement \u00e0 la terre.\u00a0Dimensions : 68 x 25 cm.\u00a0Se place sous le clavier et la souris sur le bureau, sous les pieds nus, dans le lit, etc.\" \/>\n<meta name=\"robots\" content=\"index, follow, max-snippet:-1, max-image-preview:large, max-video-preview:-1\" \/>\n<link rel=\"canonical\" href=\"https:\/\/369agara.com\/en\/product\/tapis-universel\/\" \/>\n<meta property=\"og:locale\" content=\"en_GB\" \/>\n<meta property=\"og:type\" content=\"article\" \/>\n<meta property=\"og:title\" content=\"Tapis universel de mise \u00e0 la terre Earthing\" \/>\n<meta property=\"og:description\" content=\"D\u00e9couvrez\u00a0les bienfaits de la mise \u00e0 la terre avec notre tapis universel de mise \u00e0 la terre earthing.\u00a0Id\u00e9al pour le bureau, le lit ou les moments de d\u00e9tente, il vous reconnecte \u00e0 l\u2019\u00e9nergie naturelle de la Terre pour favoriser un sommeil r\u00e9parateur, r\u00e9duire le stress et am\u00e9liorer votre vitalit\u00e9.\u00a0Livr\u00e9 avec un c\u00e2ble et une fiche de raccordement \u00e0 la terre.\u00a0Dimensions : 68 x 25 cm.\u00a0Se place sous le clavier et la souris sur le bureau, sous les pieds nus, dans le lit, etc.\" \/>\n<meta property=\"og:url\" content=\"https:\/\/369agara.com\/en\/product\/tapis-universel\/\" \/>\n<meta property=\"og:site_name\" content=\"Agara\" \/>\n<meta property=\"article:modified_time\" content=\"2025-05-15T20:01:20+00:00\" \/>\n<meta property=\"og:image\" content=\"https:\/\/369agara.com\/wp-content\/uploads\/2023\/08\/tapis-universel-de-mise-a-la-terre-earthing.jpg\" \/>\n\t<meta property=\"og:image:width\" content=\"800\" \/>\n\t<meta property=\"og:image:height\" content=\"800\" \/>\n\t<meta property=\"og:image:type\" content=\"image\/jpeg\" \/>\n<meta name=\"twitter:card\" content=\"summary_large_image\" \/>\n<meta name=\"twitter:label1\" content=\"Estimated reading time\" \/>\n\t<meta name=\"twitter:data1\" content=\"4 minutes\" \/>\n<script type=\"application\/ld+json\" class=\"yoast-schema-graph\">{\"@context\":\"https:\\\/\\\/schema.org\",\"@graph\":[{\"@type\":\"WebPage\",\"@id\":\"https:\\\/\\\/369agara.com\\\/produit\\\/tapis-universel\\\/\",\"url\":\"https:\\\/\\\/369agara.com\\\/produit\\\/tapis-universel\\\/\",\"name\":\"Tapis universel de mise \u00e0 la terre Earthing | Agara\",\"isPartOf\":{\"@id\":\"https:\\\/\\\/369agara.com\\\/#website\"},\"primaryImageOfPage\":{\"@id\":\"https:\\\/\\\/369agara.com\\\/produit\\\/tapis-universel\\\/#primaryimage\"},\"image\":{\"@id\":\"https:\\\/\\\/369agara.com\\\/produit\\\/tapis-universel\\\/#primaryimage\"},\"thumbnailUrl\":\"https:\\\/\\\/369agara.com\\\/wp-content\\\/uploads\\\/2023\\\/08\\\/tapis-universel-de-mise-a-la-terre-earthing.jpg\",\"datePublished\":\"2023-08-21T16:20:43+00:00\",\"dateModified\":\"2025-05-15T20:01:20+00:00\",\"description\":\"D\u00e9couvrez\u00a0les bienfaits de la mise \u00e0 la terre avec notre tapis universel de mise \u00e0 la terre earthing.\u00a0Id\u00e9al pour le bureau, le lit ou les moments de d\u00e9tente, il vous reconnecte \u00e0 l\u2019\u00e9nergie naturelle de la Terre pour favoriser un sommeil r\u00e9parateur, r\u00e9duire le stress et am\u00e9liorer votre vitalit\u00e9.\u00a0Livr\u00e9 avec un c\u00e2ble et une fiche de raccordement \u00e0 la terre.\u00a0Dimensions : 68 x 25 cm.\u00a0Se place sous le clavier et la souris sur le bureau, sous les pieds nus, dans le lit, etc.\",\"breadcrumb\":{\"@id\":\"https:\\\/\\\/369agara.com\\\/produit\\\/tapis-universel\\\/#breadcrumb\"},\"inLanguage\":\"en-GB\",\"potentialAction\":[{\"@type\":\"ReadAction\",\"target\":[\"https:\\\/\\\/369agara.com\\\/produit\\\/tapis-universel\\\/\"]}]},{\"@type\":\"ImageObject\",\"inLanguage\":\"en-GB\",\"@id\":\"https:\\\/\\\/369agara.com\\\/produit\\\/tapis-universel\\\/#primaryimage\",\"url\":\"https:\\\/\\\/369agara.com\\\/wp-content\\\/uploads\\\/2023\\\/08\\\/tapis-universel-de-mise-a-la-terre-earthing.jpg\",\"contentUrl\":\"https:\\\/\\\/369agara.com\\\/wp-content\\\/uploads\\\/2023\\\/08\\\/tapis-universel-de-mise-a-la-terre-earthing.jpg\",\"width\":800,\"height\":800},{\"@type\":\"BreadcrumbList\",\"@id\":\"https:\\\/\\\/369agara.com\\\/produit\\\/tapis-universel\\\/#breadcrumb\",\"itemListElement\":[{\"@type\":\"ListItem\",\"position\":1,\"name\":\"Accueil\",\"item\":\"https:\\\/\\\/369agara.com\\\/\"},{\"@type\":\"ListItem\",\"position\":2,\"name\":\"La boutique\",\"item\":\"https:\\\/\\\/369agara.com\\\/la-boutique\\\/\"},{\"@type\":\"ListItem\",\"position\":3,\"name\":\"Tapis universel de mise \u00e0 la terre Earthing\"}]},{\"@type\":\"WebSite\",\"@id\":\"https:\\\/\\\/369agara.com\\\/#website\",\"url\":\"https:\\\/\\\/369agara.com\\\/\",\"name\":\"Livsrikedomar\",\"description\":\"D\u00e9connectez pour mieux vous connecter\",\"publisher\":{\"@id\":\"https:\\\/\\\/369agara.com\\\/#organization\"},\"potentialAction\":[{\"@type\":\"SearchAction\",\"target\":{\"@type\":\"EntryPoint\",\"urlTemplate\":\"https:\\\/\\\/369agara.com\\\/?s={search_term_string}\"},\"query-input\":{\"@type\":\"PropertyValueSpecification\",\"valueRequired\":true,\"valueName\":\"search_term_string\"}}],\"inLanguage\":\"en-GB\"},{\"@type\":\"Organization\",\"@id\":\"https:\\\/\\\/369agara.com\\\/#organization\",\"name\":\"EACreations\",\"url\":\"https:\\\/\\\/369agara.com\\\/\",\"logo\":{\"@type\":\"ImageObject\",\"inLanguage\":\"en-GB\",\"@id\":\"https:\\\/\\\/369agara.com\\\/#\\\/schema\\\/logo\\\/image\\\/\",\"url\":\"\",\"contentUrl\":\"\",\"caption\":\"EACreations\"},\"image\":{\"@id\":\"https:\\\/\\\/369agara.com\\\/#\\\/schema\\\/logo\\\/image\\\/\"}}]}<\/script>\n<!-- \/ Yoast SEO Premium plugin. -->","yoast_head_json":{"title":"Tapis universel de mise \u00e0 la terre Earthing | Agara","description":"D\u00e9couvrez\u00a0les bienfaits de la mise \u00e0 la terre avec notre tapis universel de mise \u00e0 la terre earthing.\u00a0Id\u00e9al pour le bureau, le lit ou les moments de d\u00e9tente, il vous reconnecte \u00e0 l\u2019\u00e9nergie naturelle de la Terre pour favoriser un sommeil r\u00e9parateur, r\u00e9duire le stress et am\u00e9liorer votre vitalit\u00e9.\u00a0Livr\u00e9 avec un c\u00e2ble et une fiche de raccordement \u00e0 la terre.\u00a0Dimensions : 68 x 25 cm.\u00a0Se place sous le clavier et la souris sur le bureau, sous les pieds nus, dans le lit, etc.","robots":{"index":"index","follow":"follow","max-snippet":"max-snippet:-1","max-image-preview":"max-image-preview:large","max-video-preview":"max-video-preview:-1"},"canonical":"https:\/\/369agara.com\/en\/product\/tapis-universel\/","og_locale":"en_GB","og_type":"article","og_title":"Tapis universel de mise \u00e0 la terre Earthing","og_description":"D\u00e9couvrez\u00a0les bienfaits de la mise \u00e0 la terre avec notre tapis universel de mise \u00e0 la terre earthing.\u00a0Id\u00e9al pour le bureau, le lit ou les moments de d\u00e9tente, il vous reconnecte \u00e0 l\u2019\u00e9nergie naturelle de la Terre pour favoriser un sommeil r\u00e9parateur, r\u00e9duire le stress et am\u00e9liorer votre vitalit\u00e9.\u00a0Livr\u00e9 avec un c\u00e2ble et une fiche de raccordement \u00e0 la terre.\u00a0Dimensions : 68 x 25 cm.\u00a0Se place sous le clavier et la souris sur le bureau, sous les pieds nus, dans le lit, etc.","og_url":"https:\/\/369agara.com\/en\/product\/tapis-universel\/","og_site_name":"Agara","article_modified_time":"2025-05-15T20:01:20+00:00","og_image":[{"width":800,"height":800,"url":"https:\/\/369agara.com\/wp-content\/uploads\/2023\/08\/tapis-universel-de-mise-a-la-terre-earthing.jpg","type":"image\/jpeg"}],"twitter_card":"summary_large_image","twitter_misc":{"Estimated reading time":"4 minutes"},"schema":{"@context":"https:\/\/schema.org","@graph":[{"@type":"WebPage","@id":"https:\/\/369agara.com\/produit\/tapis-universel\/","url":"https:\/\/369agara.com\/produit\/tapis-universel\/","name":"Tapis universel de mise \u00e0 la terre Earthing | Agara","isPartOf":{"@id":"https:\/\/369agara.com\/#website"},"primaryImageOfPage":{"@id":"https:\/\/369agara.com\/produit\/tapis-universel\/#primaryimage"},"image":{"@id":"https:\/\/369agara.com\/produit\/tapis-universel\/#primaryimage"},"thumbnailUrl":"https:\/\/369agara.com\/wp-content\/uploads\/2023\/08\/tapis-universel-de-mise-a-la-terre-earthing.jpg","datePublished":"2023-08-21T16:20:43+00:00","dateModified":"2025-05-15T20:01:20+00:00","description":"D\u00e9couvrez\u00a0les bienfaits de la mise \u00e0 la terre avec notre tapis universel de mise \u00e0 la terre earthing.\u00a0Id\u00e9al pour le bureau, le lit ou les moments de d\u00e9tente, il vous reconnecte \u00e0 l\u2019\u00e9nergie naturelle de la Terre pour favoriser un sommeil r\u00e9parateur, r\u00e9duire le stress et am\u00e9liorer votre vitalit\u00e9.\u00a0Livr\u00e9 avec un c\u00e2ble et une fiche de raccordement \u00e0 la terre.\u00a0Dimensions : 68 x 25 cm.\u00a0Se place sous le clavier et la souris sur le bureau, sous les pieds nus, dans le lit, etc.","breadcrumb":{"@id":"https:\/\/369agara.com\/produit\/tapis-universel\/#breadcrumb"},"inLanguage":"en-GB","potentialAction":[{"@type":"ReadAction","target":["https:\/\/369agara.com\/produit\/tapis-universel\/"]}]},{"@type":"ImageObject","inLanguage":"en-GB","@id":"https:\/\/369agara.com\/produit\/tapis-universel\/#primaryimage","url":"https:\/\/369agara.com\/wp-content\/uploads\/2023\/08\/tapis-universel-de-mise-a-la-terre-earthing.jpg","contentUrl":"https:\/\/369agara.com\/wp-content\/uploads\/2023\/08\/tapis-universel-de-mise-a-la-terre-earthing.jpg","width":800,"height":800},{"@type":"BreadcrumbList","@id":"https:\/\/369agara.com\/produit\/tapis-universel\/#breadcrumb","itemListElement":[{"@type":"ListItem","position":1,"name":"Accueil","item":"https:\/\/369agara.com\/"},{"@type":"ListItem","position":2,"name":"La boutique","item":"https:\/\/369agara.com\/la-boutique\/"},{"@type":"ListItem","position":3,"name":"Tapis universel de mise \u00e0 la terre Earthing"}]},{"@type":"WebSite","@id":"https:\/\/369agara.com\/#website","url":"https:\/\/369agara.com\/","name":"Livsrikedomar","description":"Disconnect to better connect","publisher":{"@id":"https:\/\/369agara.com\/#organization"},"potentialAction":[{"@type":"SearchAction","target":{"@type":"EntryPoint","urlTemplate":"https:\/\/369agara.com\/?s={search_term_string}"},"query-input":{"@type":"PropertyValueSpecification","valueRequired":true,"valueName":"search_term_string"}}],"inLanguage":"en-GB"},{"@type":"Organization","@id":"https:\/\/369agara.com\/#organization","name":"EACreations","url":"https:\/\/369agara.com\/","logo":{"@type":"ImageObject","inLanguage":"en-GB","@id":"https:\/\/369agara.com\/#\/schema\/logo\/image\/","url":"","contentUrl":"","caption":"EACreations"},"image":{"@id":"https:\/\/369agara.com\/#\/schema\/logo\/image\/"}}]}},"jetpack_sharing_enabled":true,"_links":{"self":[{"href":"https:\/\/369agara.com\/en\/wp-json\/wp\/v2\/product\/1753","targetHints":{"allow":["GET"]}}],"collection":[{"href":"https:\/\/369agara.com\/en\/wp-json\/wp\/v2\/product"}],"about":[{"href":"https:\/\/369agara.com\/en\/wp-json\/wp\/v2\/types\/product"}],"replies":[{"embeddable":true,"href":"https:\/\/369agara.com\/en\/wp-json\/wp\/v2\/comments?post=1753"}],"wp:featuredmedia":[{"embeddable":true,"href":"https:\/\/369agara.com\/en\/wp-json\/wp\/v2\/media\/1755"}],"wp:attachment":[{"href":"https:\/\/369agara.com\/en\/wp-json\/wp\/v2\/media?parent=1753"}],"wp:term":[{"taxonomy":"product_brand","embeddable":true,"href":"https:\/\/369agara.com\/en\/wp-json\/wp\/v2\/product_brand?post=1753"},{"taxonomy":"product_cat","embeddable":true,"href":"https:\/\/369agara.com\/en\/wp-json\/wp\/v2\/product_cat?post=1753"},{"taxonomy":"product_tag","embeddable":true,"href":"https:\/\/369agara.com\/en\/wp-json\/wp\/v2\/product_tag?post=1753"}],"curies":[{"name":"wp","href":"https:\/\/api.w.org\/{rel}","templated":true}]}}