{"id":1759,"date":"2023-08-26T13:26:38","date_gmt":"2023-08-26T11:26:38","guid":{"rendered":"https:\/\/369agara.com\/?post_type=product&#038;p=1759"},"modified":"2025-05-15T22:00:57","modified_gmt":"2025-05-15T20:00:57","slug":"tapis-yoga-fitness","status":"publish","type":"product","link":"https:\/\/369agara.com\/en\/product\/tapis-yoga-fitness\/","title":{"rendered":"Earthing yoga mat PVC \/ latex free"},"content":{"rendered":"<p><span style=\"font-family: 'Book Antiqua', Palatino; font-size: 120%; color: #333399;\">Combine physical activity and earthing with the Earthing yoga mat, designed to evacuate electrostatic charges from your body while you practice your favourite exercises.<\/span><\/p>\n<p><span style=\"font-family: 'Book Antiqua', Palatino; font-size: 120%; color: #333399;\">Whether you're doing yoga, stretching, meditation or relaxation, this mat naturally reconnects you to the energy of the Earth.<\/span><\/p>\n<h3><span style=\"font-family: 'Book Antiqua', Palatino; font-size: 120%; color: #333399;\">A carpet designed for comfort and health<\/span><\/h3>\n<ul>\n<li><span style=\"font-family: 'Book Antiqua', Palatino; font-size: 120%; color: #333399;\">Generous dimensions: 183 x 61 cm - perfect for lying down and moving around freely.<\/span><\/li>\n<li><span style=\"font-family: 'Book Antiqua', Palatino; font-size: 120%; color: #333399;\">PVC-free, latex-free: a material that respects your skin and the environment.<\/span><\/li>\n<li><span style=\"font-family: 'Book Antiqua', Palatino; font-size: 120%; color: #333399;\">Direct skin contact recommended for optimum earthing.<\/span><\/li>\n<\/ul>\n<h3><span style=\"font-family: 'Book Antiqua', Palatino; font-size: 120%; color: #333399;\">Effective earthing indoors and outdoors<\/span><\/h3>\n<p><span style=\"font-family: 'Book Antiqua', Palatino; font-size: 120%; color: #333399;\">The mat is supplied with :<\/span><\/p>\n<ul>\n<li><span style=\"font-family: 'Book Antiqua', Palatino; font-size: 120%; color: #333399;\">1 magnetic safety cord (detaches if pulled sharply),<\/span><\/li>\n<li><span style=\"font-family: 'Book Antiqua', Palatino; font-size: 120%; color: #333399;\">1 x 4.60 m connection cable,<\/span><\/li>\n<li><span style=\"font-family: 'Book Antiqua', Palatino; font-size: 120%; color: #333399;\">1 earthed plug (for use in earthed sockets only).<\/span><\/li>\n<\/ul>\n<p><span style=\"font-family: 'Book Antiqua', Palatino; font-size: 120%; color: #333399;\">Outdoors, it can be connected to a metal earthing rod. The mat is easy to clean with a sponge and soapy water.<\/span><\/p>\n<h3><span style=\"font-family: 'Book Antiqua', Palatino; font-size: 120%; color: #333399;\">The benefits of Earthing during your sessions<\/span><\/h3>\n<p><span style=\"font-family: 'Book Antiqua', Palatino; font-size: 120%; color: #333399;\">When used regularly, this earth-connected yoga mat can :<\/span><\/p>\n<ul>\n<li><span style=\"font-family: 'Book Antiqua', Palatino; font-size: 120%; color: #333399;\">Reduce stress and anxiety,<\/span><\/li>\n<li><span style=\"font-family: 'Book Antiqua', Palatino; font-size: 120%; color: #333399;\">Promoting muscle recovery,<\/span><\/li>\n<li><span style=\"font-family: 'Book Antiqua', Palatino; font-size: 120%; color: #333399;\">Reduce stress-related inflammation,<\/span><\/li>\n<li><span style=\"font-family: 'Book Antiqua', Palatino; font-size: 120%; color: #333399;\">Improving vital energy,<\/span><\/li>\n<li><span style=\"font-family: 'Book Antiqua', Palatino; font-size: 120%; color: #333399;\">Offer a moment of deep anchorage during meditation or yoga postures.<\/span><\/li>\n<\/ul>\n<h3><span style=\"font-family: 'Book Antiqua', Palatino; font-size: 120%; color: #333399;\">What is earthing?<\/span><\/h3>\n<p><span style=\"font-family: 'Book Antiqua', Palatino; font-size: 120%; color: #333399;\">Earthing (or grounding) involves reconnecting electrically to the Earth to restore the body's natural balance. Inspired by the work of Clinton Ober, \"Connect to the Earth, perhaps the most important discovery about health\", this concept is based on direct contact of the body with conductive surfaces connected to the earth.<\/span><\/p>\n<p><span style=\"font-family: 'Book Antiqua', Palatino; font-size: 120%; color: #333399;\">The beneficial effects observed :<\/span><\/p>\n<ul>\n<li><span style=\"font-family: 'Book Antiqua', Palatino; font-size: 120%; color: #333399;\">Boosts the immune system,<\/span><\/li>\n<li><span style=\"font-family: 'Book Antiqua', Palatino; font-size: 120%; color: #333399;\">Improves sleep and digestion,<\/span><\/li>\n<li><span style=\"font-family: 'Book Antiqua', Palatino; font-size: 120%; color: #333399;\">Relieves muscular and hormonal pain,<\/span><\/li>\n<li><span style=\"font-family: 'Book Antiqua', Palatino; font-size: 120%; color: #333399;\">Reduced electrosensitivity and fatigue,<\/span><\/li>\n<li><span style=\"font-family: 'Book Antiqua', Palatino; font-size: 120%; color: #333399;\">Improves blood circulation and recovery after exercise.<\/span><\/li>\n<\/ul>\n<p><span style=\"font-family: 'Book Antiqua', Palatino; font-size: 120%; color: #ed1c24;\">This product is a wellness supplement and does not replace the advice of a health professional. In the event of health problems, consult your doctor.<\/span><\/p>\n<h3><span style=\"font-family: 'Book Antiqua', Palatino; font-size: 120%; color: #333399;\">Technical specifications<\/span><\/h3>\n<p><span style=\"font-family: 'Book Antiqua', Palatino; font-size: 120%; color: #333399;\">Dimensions: 61 x 183 cm<\/span><\/p>\n<p><span style=\"font-family: 'Book Antiqua', Palatino; font-size: 120%; color: #333399;\">Made from a foam core with a layer of conductive carbon.<\/span><\/p>\n<h3><span style=\"font-family: 'Book Antiqua', Palatino; font-size: 120%; color: #333399;\">Agara Council<\/span><\/h3>\n<p><span style=\"font-family: 'Book Antiqua', Palatino; font-size: 120%; color: #333399;\">For Earthing to be effective, it is essential to test the quality of your earthing system, either with a suitable device (earthing tester, Tohm-E earthing meter or Catohm DT-300) or by calling in a professional with the appropriate equipment.\u00a0<\/span><\/p>\n<p><span style=\"font-family: 'Book Antiqua', Palatino; font-size: 120%; color: #ed1c24;\">If the electrical installations are too old or badly installed, the earth connection may be inadequate or non-existent.<\/span><\/p>\n<p><span style=\"font-family: 'Book Antiqua', Palatino; font-size: 120%; color: #ed1c24;\">It's also very important to keep electric fields in the room to a minimum (clock radios, bedside lamps, unshielded power sockets and extension leads), to prevent them from interfering with the earthing system. Don't hesitate to measure them or have them measured!\u00a0<\/span><\/p>","protected":false},"excerpt":{"rendered":"<p><span style=\"font-family: 'Book Antiqua', Palatino; font-size: 120%; color: #333399;\">Combine physical activity and grounding with the\u00a0<strong>Earthing yoga mat<\/strong>designed to evacuate electrostatic charges from your body while you do your favourite exercises.\u00a0<\/span><\/p>\n<p><span style=\"font-family: 'Book Antiqua', Palatino; font-size: 120%; color: #333399;\">Whether you're doing yoga, stretching, meditation or relaxation, this mat naturally reconnects you to the energy of the Earth.\u00a0<\/span><\/p>\n<p><span style=\"font-family: 'Book Antiqua', Palatino; font-size: 120%; color: #333399;\">PVC-free, latex-free.<\/span><\/p>","protected":false},"featured_media":1760,"comment_status":"open","ping_status":"closed","template":"","meta":[],"product_brand":[267],"product_cat":[164],"product_tag":[246,247,249,252,245,184],"class_list":{"0":"post-1759","1":"product","2":"type-product","3":"status-publish","4":"has-post-thumbnail","6":"product_brand-earthing","7":"product_cat-baubiologie","8":"product_tag-bureau","9":"product_tag-chambre","10":"product_tag-electromagnetisme","11":"product_tag-fitness","12":"product_tag-maison","13":"product_tag-yoga","15":"first","16":"instock","17":"taxable","18":"shipping-taxable","19":"purchasable","20":"product-type-simple"},"yoast_head":"<!-- This site is optimized with the Yoast SEO Premium plugin v25.1 (Yoast SEO v27.4) - https:\/\/yoast.com\/product\/yoast-seo-premium-wordpress\/ -->\n<title>Tapis de yoga | fitness de mise \u00e0 la terre Earthing sans PVC \/ sans latex | Agara<\/title>\n<meta name=\"description\" content=\"Alliez activit\u00e9 physique et mise \u00e0 la terre gr\u00e2ce au\u00a0tapis de yoga Earthing, con\u00e7u pour \u00e9vacuer les charges \u00e9lectrostatiques de votre corps tout en pratiquant vos exercices pr\u00e9f\u00e9r\u00e9s.\u00a0Que vous fassiez du yoga, des \u00e9tirements, de la m\u00e9ditation ou de la relaxation, ce tapis vous reconnecte naturellement \u00e0 l\u2019\u00e9nergie de la Terre.\u00a0Sans PVC, sans latex.\" \/>\n<meta name=\"robots\" content=\"index, follow, max-snippet:-1, max-image-preview:large, max-video-preview:-1\" \/>\n<link rel=\"canonical\" href=\"https:\/\/369agara.com\/en\/product\/tapis-yoga-fitness\/\" \/>\n<meta property=\"og:locale\" content=\"en_GB\" \/>\n<meta property=\"og:type\" content=\"article\" \/>\n<meta property=\"og:title\" content=\"Tapis de yoga | fitness de mise \u00e0 la terre Earthing sans PVC \/ sans latex\" \/>\n<meta property=\"og:description\" content=\"Alliez activit\u00e9 physique et mise \u00e0 la terre gr\u00e2ce au\u00a0tapis de yoga Earthing, con\u00e7u pour \u00e9vacuer les charges \u00e9lectrostatiques de votre corps tout en pratiquant vos exercices pr\u00e9f\u00e9r\u00e9s.\u00a0Que vous fassiez du yoga, des \u00e9tirements, de la m\u00e9ditation ou de la relaxation, ce tapis vous reconnecte naturellement \u00e0 l\u2019\u00e9nergie de la Terre.\u00a0Sans PVC, sans latex.\" \/>\n<meta property=\"og:url\" content=\"https:\/\/369agara.com\/en\/product\/tapis-yoga-fitness\/\" \/>\n<meta property=\"og:site_name\" content=\"Agara\" \/>\n<meta property=\"article:modified_time\" content=\"2025-05-15T20:00:57+00:00\" \/>\n<meta property=\"og:image\" content=\"https:\/\/369agara.com\/wp-content\/uploads\/2023\/08\/tapis-de-yoga-fitness-de-mise-a-terre-earthing.jpg\" \/>\n\t<meta property=\"og:image:width\" content=\"800\" \/>\n\t<meta property=\"og:image:height\" content=\"800\" \/>\n\t<meta property=\"og:image:type\" content=\"image\/jpeg\" \/>\n<meta name=\"twitter:card\" content=\"summary_large_image\" \/>\n<meta name=\"twitter:label1\" content=\"Estimated reading time\" \/>\n\t<meta name=\"twitter:data1\" content=\"3 minutes\" \/>\n<script type=\"application\/ld+json\" class=\"yoast-schema-graph\">{\"@context\":\"https:\\\/\\\/schema.org\",\"@graph\":[{\"@type\":\"WebPage\",\"@id\":\"https:\\\/\\\/369agara.com\\\/produit\\\/tapis-yoga-fitness\\\/\",\"url\":\"https:\\\/\\\/369agara.com\\\/produit\\\/tapis-yoga-fitness\\\/\",\"name\":\"Tapis de yoga | fitness de mise \u00e0 la terre Earthing sans PVC \\\/ sans latex | Agara\",\"isPartOf\":{\"@id\":\"https:\\\/\\\/369agara.com\\\/#website\"},\"primaryImageOfPage\":{\"@id\":\"https:\\\/\\\/369agara.com\\\/produit\\\/tapis-yoga-fitness\\\/#primaryimage\"},\"image\":{\"@id\":\"https:\\\/\\\/369agara.com\\\/produit\\\/tapis-yoga-fitness\\\/#primaryimage\"},\"thumbnailUrl\":\"https:\\\/\\\/369agara.com\\\/wp-content\\\/uploads\\\/2023\\\/08\\\/tapis-de-yoga-fitness-de-mise-a-terre-earthing.jpg\",\"datePublished\":\"2023-08-26T11:26:38+00:00\",\"dateModified\":\"2025-05-15T20:00:57+00:00\",\"description\":\"Alliez activit\u00e9 physique et mise \u00e0 la terre gr\u00e2ce au\u00a0tapis de yoga Earthing, con\u00e7u pour \u00e9vacuer les charges \u00e9lectrostatiques de votre corps tout en pratiquant vos exercices pr\u00e9f\u00e9r\u00e9s.\u00a0Que vous fassiez du yoga, des \u00e9tirements, de la m\u00e9ditation ou de la relaxation, ce tapis vous reconnecte naturellement \u00e0 l\u2019\u00e9nergie de la Terre.\u00a0Sans PVC, sans latex.\",\"breadcrumb\":{\"@id\":\"https:\\\/\\\/369agara.com\\\/produit\\\/tapis-yoga-fitness\\\/#breadcrumb\"},\"inLanguage\":\"en-GB\",\"potentialAction\":[{\"@type\":\"ReadAction\",\"target\":[\"https:\\\/\\\/369agara.com\\\/produit\\\/tapis-yoga-fitness\\\/\"]}]},{\"@type\":\"ImageObject\",\"inLanguage\":\"en-GB\",\"@id\":\"https:\\\/\\\/369agara.com\\\/produit\\\/tapis-yoga-fitness\\\/#primaryimage\",\"url\":\"https:\\\/\\\/369agara.com\\\/wp-content\\\/uploads\\\/2023\\\/08\\\/tapis-de-yoga-fitness-de-mise-a-terre-earthing.jpg\",\"contentUrl\":\"https:\\\/\\\/369agara.com\\\/wp-content\\\/uploads\\\/2023\\\/08\\\/tapis-de-yoga-fitness-de-mise-a-terre-earthing.jpg\",\"width\":800,\"height\":800},{\"@type\":\"BreadcrumbList\",\"@id\":\"https:\\\/\\\/369agara.com\\\/produit\\\/tapis-yoga-fitness\\\/#breadcrumb\",\"itemListElement\":[{\"@type\":\"ListItem\",\"position\":1,\"name\":\"Accueil\",\"item\":\"https:\\\/\\\/369agara.com\\\/\"},{\"@type\":\"ListItem\",\"position\":2,\"name\":\"La boutique\",\"item\":\"https:\\\/\\\/369agara.com\\\/la-boutique\\\/\"},{\"@type\":\"ListItem\",\"position\":3,\"name\":\"Tapis de yoga | fitness de mise \u00e0 la terre Earthing sans PVC \\\/ sans latex\"}]},{\"@type\":\"WebSite\",\"@id\":\"https:\\\/\\\/369agara.com\\\/#website\",\"url\":\"https:\\\/\\\/369agara.com\\\/\",\"name\":\"Livsrikedomar\",\"description\":\"D\u00e9connectez pour mieux vous connecter\",\"publisher\":{\"@id\":\"https:\\\/\\\/369agara.com\\\/#organization\"},\"potentialAction\":[{\"@type\":\"SearchAction\",\"target\":{\"@type\":\"EntryPoint\",\"urlTemplate\":\"https:\\\/\\\/369agara.com\\\/?s={search_term_string}\"},\"query-input\":{\"@type\":\"PropertyValueSpecification\",\"valueRequired\":true,\"valueName\":\"search_term_string\"}}],\"inLanguage\":\"en-GB\"},{\"@type\":\"Organization\",\"@id\":\"https:\\\/\\\/369agara.com\\\/#organization\",\"name\":\"EACreations\",\"url\":\"https:\\\/\\\/369agara.com\\\/\",\"logo\":{\"@type\":\"ImageObject\",\"inLanguage\":\"en-GB\",\"@id\":\"https:\\\/\\\/369agara.com\\\/#\\\/schema\\\/logo\\\/image\\\/\",\"url\":\"\",\"contentUrl\":\"\",\"caption\":\"EACreations\"},\"image\":{\"@id\":\"https:\\\/\\\/369agara.com\\\/#\\\/schema\\\/logo\\\/image\\\/\"}}]}<\/script>\n<!-- \/ Yoast SEO Premium plugin. -->","yoast_head_json":{"title":"Tapis de yoga | fitness de mise \u00e0 la terre Earthing sans PVC \/ sans latex | Agara","description":"Alliez activit\u00e9 physique et mise \u00e0 la terre gr\u00e2ce au\u00a0tapis de yoga Earthing, con\u00e7u pour \u00e9vacuer les charges \u00e9lectrostatiques de votre corps tout en pratiquant vos exercices pr\u00e9f\u00e9r\u00e9s.\u00a0Que vous fassiez du yoga, des \u00e9tirements, de la m\u00e9ditation ou de la relaxation, ce tapis vous reconnecte naturellement \u00e0 l\u2019\u00e9nergie de la Terre.\u00a0Sans PVC, sans latex.","robots":{"index":"index","follow":"follow","max-snippet":"max-snippet:-1","max-image-preview":"max-image-preview:large","max-video-preview":"max-video-preview:-1"},"canonical":"https:\/\/369agara.com\/en\/product\/tapis-yoga-fitness\/","og_locale":"en_GB","og_type":"article","og_title":"Tapis de yoga | fitness de mise \u00e0 la terre Earthing sans PVC \/ sans latex","og_description":"Alliez activit\u00e9 physique et mise \u00e0 la terre gr\u00e2ce au\u00a0tapis de yoga Earthing, con\u00e7u pour \u00e9vacuer les charges \u00e9lectrostatiques de votre corps tout en pratiquant vos exercices pr\u00e9f\u00e9r\u00e9s.\u00a0Que vous fassiez du yoga, des \u00e9tirements, de la m\u00e9ditation ou de la relaxation, ce tapis vous reconnecte naturellement \u00e0 l\u2019\u00e9nergie de la Terre.\u00a0Sans PVC, sans latex.","og_url":"https:\/\/369agara.com\/en\/product\/tapis-yoga-fitness\/","og_site_name":"Agara","article_modified_time":"2025-05-15T20:00:57+00:00","og_image":[{"width":800,"height":800,"url":"https:\/\/369agara.com\/wp-content\/uploads\/2023\/08\/tapis-de-yoga-fitness-de-mise-a-terre-earthing.jpg","type":"image\/jpeg"}],"twitter_card":"summary_large_image","twitter_misc":{"Estimated reading time":"3 minutes"},"schema":{"@context":"https:\/\/schema.org","@graph":[{"@type":"WebPage","@id":"https:\/\/369agara.com\/produit\/tapis-yoga-fitness\/","url":"https:\/\/369agara.com\/produit\/tapis-yoga-fitness\/","name":"Tapis de yoga | fitness de mise \u00e0 la terre Earthing sans PVC \/ sans latex | Agara","isPartOf":{"@id":"https:\/\/369agara.com\/#website"},"primaryImageOfPage":{"@id":"https:\/\/369agara.com\/produit\/tapis-yoga-fitness\/#primaryimage"},"image":{"@id":"https:\/\/369agara.com\/produit\/tapis-yoga-fitness\/#primaryimage"},"thumbnailUrl":"https:\/\/369agara.com\/wp-content\/uploads\/2023\/08\/tapis-de-yoga-fitness-de-mise-a-terre-earthing.jpg","datePublished":"2023-08-26T11:26:38+00:00","dateModified":"2025-05-15T20:00:57+00:00","description":"Alliez activit\u00e9 physique et mise \u00e0 la terre gr\u00e2ce au\u00a0tapis de yoga Earthing, con\u00e7u pour \u00e9vacuer les charges \u00e9lectrostatiques de votre corps tout en pratiquant vos exercices pr\u00e9f\u00e9r\u00e9s.\u00a0Que vous fassiez du yoga, des \u00e9tirements, de la m\u00e9ditation ou de la relaxation, ce tapis vous reconnecte naturellement \u00e0 l\u2019\u00e9nergie de la Terre.\u00a0Sans PVC, sans latex.","breadcrumb":{"@id":"https:\/\/369agara.com\/produit\/tapis-yoga-fitness\/#breadcrumb"},"inLanguage":"en-GB","potentialAction":[{"@type":"ReadAction","target":["https:\/\/369agara.com\/produit\/tapis-yoga-fitness\/"]}]},{"@type":"ImageObject","inLanguage":"en-GB","@id":"https:\/\/369agara.com\/produit\/tapis-yoga-fitness\/#primaryimage","url":"https:\/\/369agara.com\/wp-content\/uploads\/2023\/08\/tapis-de-yoga-fitness-de-mise-a-terre-earthing.jpg","contentUrl":"https:\/\/369agara.com\/wp-content\/uploads\/2023\/08\/tapis-de-yoga-fitness-de-mise-a-terre-earthing.jpg","width":800,"height":800},{"@type":"BreadcrumbList","@id":"https:\/\/369agara.com\/produit\/tapis-yoga-fitness\/#breadcrumb","itemListElement":[{"@type":"ListItem","position":1,"name":"Accueil","item":"https:\/\/369agara.com\/"},{"@type":"ListItem","position":2,"name":"La boutique","item":"https:\/\/369agara.com\/la-boutique\/"},{"@type":"ListItem","position":3,"name":"Tapis de yoga | fitness de mise \u00e0 la terre Earthing sans PVC \/ sans latex"}]},{"@type":"WebSite","@id":"https:\/\/369agara.com\/#website","url":"https:\/\/369agara.com\/","name":"Livsrikedomar","description":"Disconnect to better connect","publisher":{"@id":"https:\/\/369agara.com\/#organization"},"potentialAction":[{"@type":"SearchAction","target":{"@type":"EntryPoint","urlTemplate":"https:\/\/369agara.com\/?s={search_term_string}"},"query-input":{"@type":"PropertyValueSpecification","valueRequired":true,"valueName":"search_term_string"}}],"inLanguage":"en-GB"},{"@type":"Organization","@id":"https:\/\/369agara.com\/#organization","name":"EACreations","url":"https:\/\/369agara.com\/","logo":{"@type":"ImageObject","inLanguage":"en-GB","@id":"https:\/\/369agara.com\/#\/schema\/logo\/image\/","url":"","contentUrl":"","caption":"EACreations"},"image":{"@id":"https:\/\/369agara.com\/#\/schema\/logo\/image\/"}}]}},"jetpack_sharing_enabled":true,"_links":{"self":[{"href":"https:\/\/369agara.com\/en\/wp-json\/wp\/v2\/product\/1759","targetHints":{"allow":["GET"]}}],"collection":[{"href":"https:\/\/369agara.com\/en\/wp-json\/wp\/v2\/product"}],"about":[{"href":"https:\/\/369agara.com\/en\/wp-json\/wp\/v2\/types\/product"}],"replies":[{"embeddable":true,"href":"https:\/\/369agara.com\/en\/wp-json\/wp\/v2\/comments?post=1759"}],"wp:featuredmedia":[{"embeddable":true,"href":"https:\/\/369agara.com\/en\/wp-json\/wp\/v2\/media\/1760"}],"wp:attachment":[{"href":"https:\/\/369agara.com\/en\/wp-json\/wp\/v2\/media?parent=1759"}],"wp:term":[{"taxonomy":"product_brand","embeddable":true,"href":"https:\/\/369agara.com\/en\/wp-json\/wp\/v2\/product_brand?post=1759"},{"taxonomy":"product_cat","embeddable":true,"href":"https:\/\/369agara.com\/en\/wp-json\/wp\/v2\/product_cat?post=1759"},{"taxonomy":"product_tag","embeddable":true,"href":"https:\/\/369agara.com\/en\/wp-json\/wp\/v2\/product_tag?post=1759"}],"curies":[{"name":"wp","href":"https:\/\/api.w.org\/{rel}","templated":true}]}}