{"id":1762,"date":"2023-08-26T15:01:32","date_gmt":"2023-08-26T13:01:32","guid":{"rendered":"https:\/\/369agara.com\/?post_type=product&#038;p=1762"},"modified":"2025-05-13T13:16:33","modified_gmt":"2025-05-13T11:16:33","slug":"tige-metallique-mise-terre","status":"publish","type":"product","link":"https:\/\/369agara.com\/en\/product\/tige-metallique-mise-terre\/","title":{"rendered":"Earthing metallic rod"},"content":{"rendered":"<p><span style=\"font-family: 'Book Antiqua', Palatino; font-size: 120%; color: #333399;\">The Earthing rod is 30 cm long and comes with a 12-metre cord.<\/span><\/p>\n<p><span style=\"font-family: 'Book Antiqua', Palatino; font-size: 120%; color: #333399;\">It compensates for any faults in your internal earthing system (wall sockets not earthed, insufficient earth, etc.).<\/span><\/p>\n<p><span style=\"font-family: 'Book Antiqua', Palatino; font-size: 120%; color: #333399;\">For Earthing to be effective, it is essential to test the quality of your earthing system, either with a suitable device or by calling in a professional with the appropriate equipment.<\/span><\/p>\n<p><span style=\"font-family: 'Book Antiqua', Palatino; font-size: 120%; color: #333399;\">If the electrical installations are too old or badly installed, the earth connection may be inadequate or non-existent. In this case, you can plant this metal earthing rod directly into the soil in your garden, preferably in a damp or rainy area.<\/span><br \/>\n<span style=\"font-family: 'Book Antiqua', Palatino; font-size: 120%; color: #333399;\">You then connect your Earthing device to the cord.<\/span><\/p>\n<p><span style=\"font-family: 'Book Antiqua', Palatino; font-size: 120%; color: #333399;\">As the earth wire is very thin and very strong, it can be passed through a window and will not be damaged when you close it.<\/span><\/p>\n<p><span style=\"font-family: 'Book Antiqua', Palatino; font-size: 120%; color: #333399;\">If necessary, depending on the length of cable you need to reach the place where you want to use your Earthing device, you can use an Earthing extension lead (3 m or 12 m).<\/span><\/p>\n<h3><span style=\"font-family: 'Book Antiqua', Palatino; font-size: 120%; color: #333399;\">What is Earthing?<\/span><\/h3>\n<p><span style=\"font-family: 'Book Antiqua', Palatino; font-size: 120%; color: #333399;\">According to Clinton Ober, Stephen Sinatra and Martin Zucker's book \"Connecting to the Earth, Perhaps the most important health discovery\", which serves as a reference work on the subject, connecting the body to the earth (or earthing) restores the body's natural electrical balance and discharges it of electrostatic charges, just like when you walk barefoot in the grass.<\/span><\/p>\n<p><span style=\"font-family: 'Book Antiqua', Palatino; font-size: 120%; color: #333399;\">The various Earthing products reproduce this natural phenomenon.<\/span><\/p>\n<p><span style=\"font-family: 'Book Antiqua', Palatino; font-size: 120%; color: #333399;\">It has a number of benefits, including :<\/span><\/p>\n<ul>\n<li><span style=\"font-family: 'Book Antiqua', Palatino; font-size: 120%; color: #333399;\">an improved immune system<\/span><\/li>\n<li><span style=\"font-family: 'Book Antiqua', Palatino; font-size: 120%; color: #333399;\">improved digestion<\/span><\/li>\n<li><span style=\"font-family: 'Book Antiqua', Palatino; font-size: 120%; color: #333399;\">an improvement in sleep quality and a balancing of our biological clock<\/span><\/li>\n<li><span style=\"font-family: 'Book Antiqua', Palatino; font-size: 120%; color: #333399;\">increased energy and reduced stress<\/span><\/li>\n<li><span style=\"font-family: 'Book Antiqua', Palatino; font-size: 120%; color: #333399;\">improved blood circulation<\/span><\/li>\n<li><span style=\"font-family: 'Book Antiqua', Palatino; font-size: 120%; color: #333399;\">faster recovery from intense physical activity and faster healing of injuries<\/span><\/li>\n<li><span style=\"font-family: 'Book Antiqua', Palatino; font-size: 120%; color: #333399;\">relief from muscular tension, headaches, hormonal and menstrual symptoms<\/span><\/li>\n<li><span style=\"font-family: 'Book Antiqua', Palatino; font-size: 120%; color: #333399;\">a reduction in inflammation<\/span><\/li>\n<li><span style=\"font-family: 'Book Antiqua', Palatino; font-size: 120%; color: #333399;\">reduced stress, anxiety, irritability and even symptoms of electrosensitivity<\/span><\/li>\n<\/ul>\n<p><span style=\"font-family: 'Book Antiqua', Palatino; font-size: 120%; color: #333399;\">This information in no way replaces the advice of your doctor and is not intended to treat or cure any medical condition. For any health problem, please consult your doctor.<\/span><\/p>\n<h3><span style=\"font-family: 'Book Antiqua', Palatino; font-size: 120%; color: #333399;\">Agara Council<\/span><\/h3>\n<p><span style=\"font-family: 'Book Antiqua', Palatino; font-size: 120%; color: #333399;\">For Earthing to be effective, it is essential to test the quality of your earthing system, either with a suitable device (Earthing tester, Tohm-E or Catohm DT-300 earthing meter) or by calling in a professional with the appropriate equipment.\u00a0<\/span><\/p>\n<p><span style=\"font-family: 'Book Antiqua', Palatino; font-size: 120%; color: #ed1c24;\">If the electrical installations are too old or badly installed, the earth connection may be inadequate or non-existent.<\/span><\/p>\n<p><span style=\"font-family: 'Book Antiqua', Palatino; font-size: 120%; color: #ed1c24;\">It's also very important to keep electric fields in the room to a minimum (clock radios, bedside lamps, unshielded power sockets and extension leads), to prevent them from interfering with the earthing system. Don't hesitate to measure them or have them measured!<\/span><\/p>","protected":false},"excerpt":{"rendered":"<p><span style=\"font-family: 'Book Antiqua', Palatino; font-size: 120%; color: #333399;\">The Earthing metal rod is to be planted in the earth outside in the event of unconnected or faulty mains earth sockets.\u00a0<\/span><\/p>\n<p><span style=\"font-family: 'Book Antiqua', Palatino; font-size: 120%; color: #333399;\">Supplied with a 12 m cord.<\/span><\/p>","protected":false},"featured_media":1763,"comment_status":"open","ping_status":"closed","template":"","meta":[],"product_brand":[267],"product_cat":[164],"product_tag":[248,249,264,245],"class_list":{"0":"post-1762","1":"product","2":"type-product","3":"status-publish","4":"has-post-thumbnail","6":"product_brand-earthing","7":"product_cat-baubiologie","8":"product_tag-baubiologie","9":"product_tag-electromagnetisme","10":"product_tag-exterieur","11":"product_tag-maison","13":"first","14":"instock","15":"taxable","16":"shipping-taxable","17":"purchasable","18":"product-type-simple"},"yoast_head":"<!-- This site is optimized with the Yoast SEO Premium plugin v25.1 (Yoast SEO v27.4) - https:\/\/yoast.com\/product\/yoast-seo-premium-wordpress\/ -->\n<title>Tige m\u00e9tallique de mise \u00e0 la terre Earthing | Agara<\/title>\n<meta name=\"description\" content=\"Den jordande metallslangen ska planteras i jorden utanf\u00f6r i h\u00e4ndelse av n\u00e4tjordsuttag som inte \u00e4r anslutna till jord eller \u00e4r felaktiga.Levereras med en 12 m tr\u00e5d.\" \/>\n<meta name=\"robots\" content=\"index, follow, max-snippet:-1, max-image-preview:large, max-video-preview:-1\" \/>\n<link rel=\"canonical\" href=\"https:\/\/369agara.com\/en\/product\/tige-metallique-mise-terre\/\" \/>\n<meta property=\"og:locale\" content=\"en_GB\" \/>\n<meta property=\"og:type\" content=\"article\" \/>\n<meta property=\"og:title\" content=\"Tige m\u00e9tallique de mise \u00e0 la terre Earthing\" \/>\n<meta property=\"og:description\" content=\"Den jordande metallslangen ska planteras i jorden utanf\u00f6r i h\u00e4ndelse av n\u00e4tjordsuttag som inte \u00e4r anslutna till jord eller \u00e4r felaktiga.Levereras med en 12 m tr\u00e5d.\" \/>\n<meta property=\"og:url\" content=\"https:\/\/369agara.com\/en\/product\/tige-metallique-mise-terre\/\" \/>\n<meta property=\"og:site_name\" content=\"Agara\" \/>\n<meta property=\"article:modified_time\" content=\"2025-05-13T11:16:33+00:00\" \/>\n<meta property=\"og:image\" content=\"https:\/\/369agara.com\/wp-content\/uploads\/2023\/08\/tige-metallique-de-mise-a-terre-earthing.jpg\" \/>\n\t<meta property=\"og:image:width\" content=\"800\" \/>\n\t<meta property=\"og:image:height\" content=\"800\" \/>\n\t<meta property=\"og:image:type\" content=\"image\/jpeg\" \/>\n<meta name=\"twitter:card\" content=\"summary_large_image\" \/>\n<meta name=\"twitter:label1\" content=\"Estimated reading time\" \/>\n\t<meta name=\"twitter:data1\" content=\"3 minutes\" \/>\n<script type=\"application\/ld+json\" class=\"yoast-schema-graph\">{\"@context\":\"https:\\\/\\\/schema.org\",\"@graph\":[{\"@type\":\"WebPage\",\"@id\":\"https:\\\/\\\/369agara.com\\\/produit\\\/tige-metallique-mise-terre\\\/\",\"url\":\"https:\\\/\\\/369agara.com\\\/produit\\\/tige-metallique-mise-terre\\\/\",\"name\":\"Tige m\u00e9tallique de mise \u00e0 la terre Earthing | Agara\",\"isPartOf\":{\"@id\":\"https:\\\/\\\/369agara.com\\\/#website\"},\"primaryImageOfPage\":{\"@id\":\"https:\\\/\\\/369agara.com\\\/produit\\\/tige-metallique-mise-terre\\\/#primaryimage\"},\"image\":{\"@id\":\"https:\\\/\\\/369agara.com\\\/produit\\\/tige-metallique-mise-terre\\\/#primaryimage\"},\"thumbnailUrl\":\"https:\\\/\\\/369agara.com\\\/wp-content\\\/uploads\\\/2023\\\/08\\\/tige-metallique-de-mise-a-terre-earthing.jpg\",\"datePublished\":\"2023-08-26T13:01:32+00:00\",\"dateModified\":\"2025-05-13T11:16:33+00:00\",\"description\":\"Den jordande metallslangen ska planteras i jorden utanf\u00f6r i h\u00e4ndelse av n\u00e4tjordsuttag som inte \u00e4r anslutna till jord eller \u00e4r felaktiga.Levereras med en 12 m tr\u00e5d.\",\"breadcrumb\":{\"@id\":\"https:\\\/\\\/369agara.com\\\/produit\\\/tige-metallique-mise-terre\\\/#breadcrumb\"},\"inLanguage\":\"en-GB\",\"potentialAction\":[{\"@type\":\"ReadAction\",\"target\":[\"https:\\\/\\\/369agara.com\\\/produit\\\/tige-metallique-mise-terre\\\/\"]}]},{\"@type\":\"ImageObject\",\"inLanguage\":\"en-GB\",\"@id\":\"https:\\\/\\\/369agara.com\\\/produit\\\/tige-metallique-mise-terre\\\/#primaryimage\",\"url\":\"https:\\\/\\\/369agara.com\\\/wp-content\\\/uploads\\\/2023\\\/08\\\/tige-metallique-de-mise-a-terre-earthing.jpg\",\"contentUrl\":\"https:\\\/\\\/369agara.com\\\/wp-content\\\/uploads\\\/2023\\\/08\\\/tige-metallique-de-mise-a-terre-earthing.jpg\",\"width\":800,\"height\":800},{\"@type\":\"BreadcrumbList\",\"@id\":\"https:\\\/\\\/369agara.com\\\/produit\\\/tige-metallique-mise-terre\\\/#breadcrumb\",\"itemListElement\":[{\"@type\":\"ListItem\",\"position\":1,\"name\":\"Accueil\",\"item\":\"https:\\\/\\\/369agara.com\\\/\"},{\"@type\":\"ListItem\",\"position\":2,\"name\":\"La boutique\",\"item\":\"https:\\\/\\\/369agara.com\\\/la-boutique\\\/\"},{\"@type\":\"ListItem\",\"position\":3,\"name\":\"Tige m\u00e9tallique de mise \u00e0 la terre Earthing\"}]},{\"@type\":\"WebSite\",\"@id\":\"https:\\\/\\\/369agara.com\\\/#website\",\"url\":\"https:\\\/\\\/369agara.com\\\/\",\"name\":\"Livsrikedomar\",\"description\":\"D\u00e9connectez pour mieux vous connecter\",\"publisher\":{\"@id\":\"https:\\\/\\\/369agara.com\\\/#organization\"},\"potentialAction\":[{\"@type\":\"SearchAction\",\"target\":{\"@type\":\"EntryPoint\",\"urlTemplate\":\"https:\\\/\\\/369agara.com\\\/?s={search_term_string}\"},\"query-input\":{\"@type\":\"PropertyValueSpecification\",\"valueRequired\":true,\"valueName\":\"search_term_string\"}}],\"inLanguage\":\"en-GB\"},{\"@type\":\"Organization\",\"@id\":\"https:\\\/\\\/369agara.com\\\/#organization\",\"name\":\"EACreations\",\"url\":\"https:\\\/\\\/369agara.com\\\/\",\"logo\":{\"@type\":\"ImageObject\",\"inLanguage\":\"en-GB\",\"@id\":\"https:\\\/\\\/369agara.com\\\/#\\\/schema\\\/logo\\\/image\\\/\",\"url\":\"\",\"contentUrl\":\"\",\"caption\":\"EACreations\"},\"image\":{\"@id\":\"https:\\\/\\\/369agara.com\\\/#\\\/schema\\\/logo\\\/image\\\/\"}}]}<\/script>\n<!-- \/ Yoast SEO Premium plugin. -->","yoast_head_json":{"title":"Tige m\u00e9tallique de mise \u00e0 la terre Earthing | Agara","description":"Den jordande metallslangen ska planteras i jorden utanf\u00f6r i h\u00e4ndelse av n\u00e4tjordsuttag som inte \u00e4r anslutna till jord eller \u00e4r felaktiga.Levereras med en 12 m tr\u00e5d.","robots":{"index":"index","follow":"follow","max-snippet":"max-snippet:-1","max-image-preview":"max-image-preview:large","max-video-preview":"max-video-preview:-1"},"canonical":"https:\/\/369agara.com\/en\/product\/tige-metallique-mise-terre\/","og_locale":"en_GB","og_type":"article","og_title":"Tige m\u00e9tallique de mise \u00e0 la terre Earthing","og_description":"Den jordande metallslangen ska planteras i jorden utanf\u00f6r i h\u00e4ndelse av n\u00e4tjordsuttag som inte \u00e4r anslutna till jord eller \u00e4r felaktiga.Levereras med en 12 m tr\u00e5d.","og_url":"https:\/\/369agara.com\/en\/product\/tige-metallique-mise-terre\/","og_site_name":"Agara","article_modified_time":"2025-05-13T11:16:33+00:00","og_image":[{"width":800,"height":800,"url":"https:\/\/369agara.com\/wp-content\/uploads\/2023\/08\/tige-metallique-de-mise-a-terre-earthing.jpg","type":"image\/jpeg"}],"twitter_card":"summary_large_image","twitter_misc":{"Estimated reading time":"3 minutes"},"schema":{"@context":"https:\/\/schema.org","@graph":[{"@type":"WebPage","@id":"https:\/\/369agara.com\/produit\/tige-metallique-mise-terre\/","url":"https:\/\/369agara.com\/produit\/tige-metallique-mise-terre\/","name":"Tige m\u00e9tallique de mise \u00e0 la terre Earthing | Agara","isPartOf":{"@id":"https:\/\/369agara.com\/#website"},"primaryImageOfPage":{"@id":"https:\/\/369agara.com\/produit\/tige-metallique-mise-terre\/#primaryimage"},"image":{"@id":"https:\/\/369agara.com\/produit\/tige-metallique-mise-terre\/#primaryimage"},"thumbnailUrl":"https:\/\/369agara.com\/wp-content\/uploads\/2023\/08\/tige-metallique-de-mise-a-terre-earthing.jpg","datePublished":"2023-08-26T13:01:32+00:00","dateModified":"2025-05-13T11:16:33+00:00","description":"Den jordande metallslangen ska planteras i jorden utanf\u00f6r i h\u00e4ndelse av n\u00e4tjordsuttag som inte \u00e4r anslutna till jord eller \u00e4r felaktiga.Levereras med en 12 m tr\u00e5d.","breadcrumb":{"@id":"https:\/\/369agara.com\/produit\/tige-metallique-mise-terre\/#breadcrumb"},"inLanguage":"en-GB","potentialAction":[{"@type":"ReadAction","target":["https:\/\/369agara.com\/produit\/tige-metallique-mise-terre\/"]}]},{"@type":"ImageObject","inLanguage":"en-GB","@id":"https:\/\/369agara.com\/produit\/tige-metallique-mise-terre\/#primaryimage","url":"https:\/\/369agara.com\/wp-content\/uploads\/2023\/08\/tige-metallique-de-mise-a-terre-earthing.jpg","contentUrl":"https:\/\/369agara.com\/wp-content\/uploads\/2023\/08\/tige-metallique-de-mise-a-terre-earthing.jpg","width":800,"height":800},{"@type":"BreadcrumbList","@id":"https:\/\/369agara.com\/produit\/tige-metallique-mise-terre\/#breadcrumb","itemListElement":[{"@type":"ListItem","position":1,"name":"Accueil","item":"https:\/\/369agara.com\/"},{"@type":"ListItem","position":2,"name":"La boutique","item":"https:\/\/369agara.com\/la-boutique\/"},{"@type":"ListItem","position":3,"name":"Tige m\u00e9tallique de mise \u00e0 la terre Earthing"}]},{"@type":"WebSite","@id":"https:\/\/369agara.com\/#website","url":"https:\/\/369agara.com\/","name":"Livsrikedomar","description":"Disconnect to better connect","publisher":{"@id":"https:\/\/369agara.com\/#organization"},"potentialAction":[{"@type":"SearchAction","target":{"@type":"EntryPoint","urlTemplate":"https:\/\/369agara.com\/?s={search_term_string}"},"query-input":{"@type":"PropertyValueSpecification","valueRequired":true,"valueName":"search_term_string"}}],"inLanguage":"en-GB"},{"@type":"Organization","@id":"https:\/\/369agara.com\/#organization","name":"EACreations","url":"https:\/\/369agara.com\/","logo":{"@type":"ImageObject","inLanguage":"en-GB","@id":"https:\/\/369agara.com\/#\/schema\/logo\/image\/","url":"","contentUrl":"","caption":"EACreations"},"image":{"@id":"https:\/\/369agara.com\/#\/schema\/logo\/image\/"}}]}},"jetpack_sharing_enabled":true,"_links":{"self":[{"href":"https:\/\/369agara.com\/en\/wp-json\/wp\/v2\/product\/1762","targetHints":{"allow":["GET"]}}],"collection":[{"href":"https:\/\/369agara.com\/en\/wp-json\/wp\/v2\/product"}],"about":[{"href":"https:\/\/369agara.com\/en\/wp-json\/wp\/v2\/types\/product"}],"replies":[{"embeddable":true,"href":"https:\/\/369agara.com\/en\/wp-json\/wp\/v2\/comments?post=1762"}],"wp:featuredmedia":[{"embeddable":true,"href":"https:\/\/369agara.com\/en\/wp-json\/wp\/v2\/media\/1763"}],"wp:attachment":[{"href":"https:\/\/369agara.com\/en\/wp-json\/wp\/v2\/media?parent=1762"}],"wp:term":[{"taxonomy":"product_brand","embeddable":true,"href":"https:\/\/369agara.com\/en\/wp-json\/wp\/v2\/product_brand?post=1762"},{"taxonomy":"product_cat","embeddable":true,"href":"https:\/\/369agara.com\/en\/wp-json\/wp\/v2\/product_cat?post=1762"},{"taxonomy":"product_tag","embeddable":true,"href":"https:\/\/369agara.com\/en\/wp-json\/wp\/v2\/product_tag?post=1762"}],"curies":[{"name":"wp","href":"https:\/\/api.w.org\/{rel}","templated":true}]}}