{"id":1764,"date":"2023-09-18T20:22:35","date_gmt":"2023-09-18T18:22:35","guid":{"rendered":"https:\/\/369agara.com\/?post_type=product&#038;p=1764"},"modified":"2025-05-15T22:00:00","modified_gmt":"2025-05-15T20:00:00","slug":"lampe-chevet-rome","status":"publish","type":"product","link":"https:\/\/369agara.com\/en\/product\/lampe-chevet-rome\/","title":{"rendered":"Biologa Danell \"Rome\" armoured bedside lamp"},"content":{"rendered":"<p><span style=\"font-family: 'Book Antiqua', Palatino; font-size: 120%; color: #333399;\"><strong>The Biologa Danell \"Rome\" shielded bedside lamp provides protection from low-frequency electric and magnetic fields.<\/strong><\/span><\/p>\n<p><span style=\"font-family: 'Book Antiqua', Palatino; font-size: 120%; color: #333399;\">It's ideal as a bedside lamp or as a table lamp in your living room, dining room, etc.<\/span><\/p>\n<p><span style=\"font-family: 'Book Antiqua', Palatino; font-size: 120%; color: #333399;\">This lamp has been designed to match the Danell Biologa shielded ceiling light perfectly.<\/span><\/p>\n<p><span style=\"font-family: 'Book Antiqua', Palatino; font-size: 120%; color: #333399;\">It also combines sleek design with ease of use (pull switch, clear reading). Its cylindrical lampshade adds a touch of modernity and originality to any interior.<\/span><\/p>\n<p><span style=\"font-family: 'Book Antiqua', Palatino; font-size: 120%; color: #333399;\">The base is turned beechwood. Each turned foot differs in colour and grain from the next, so your lamp is unique.<\/span><\/p>\n<p><span style=\"font-family: 'Book Antiqua', Palatino; font-size: 120%; color: #333399;\">The lampshade is made from cardboard on the inside and covered in natural-coloured nettle fabric on the outside.<\/span><\/p>\n<h3><span style=\"font-family: 'Book Antiqua', Palatino; font-size: 120%; color: #333399;\">Its advantages\u00a0<\/span><\/h3>\n<p><span style=\"font-family: 'Book Antiqua', Palatino; font-size: 120%; color: #333399;\">All Danell Biologa shielded lamps are made from healthy, environmentally-friendly materials and, above all, are free from electrical pollution.<\/span><\/p>\n<ul>\n<li><span style=\"font-family: 'Book Antiqua', Palatino; font-size: 120%; color: #333399;\">The cable used is shielded: the 3 wires (phase + neutral + earth) are surrounded by a metal foil which is earthed to eliminate the electric field.<\/span><\/li>\n<li><span style=\"font-family: 'Book Antiqua', Palatino; font-size: 120%; color: #333399;\">The 3 wires are twisted 15 times per metre to attenuate the magnetic field.<\/span><\/li>\n<li><span style=\"font-family: 'Book Antiqua', Palatino; font-size: 120%; color: #333399;\">The 3-pole plug is shielded. The fact that it is earthed also means that you can't connect it the wrong way round.<\/span><\/li>\n<li><span style=\"font-family: 'Book Antiqua', Palatino; font-size: 120%; color: #333399;\">The switch is bipolar (simultaneously cuts off phase and neutral).<\/span><\/li>\n<li><span style=\"font-family: 'Book Antiqua', Palatino; font-size: 120%; color: #333399;\">A shielding coil is screwed onto each bulb to eliminate any remaining electric fields emitted by the bulb.<\/span><\/li>\n<\/ul>\n<p><span style=\"font-family: 'Book Antiqua', Palatino; font-size: 120%; color: #333399;\">Electric fields affect our nervous, endocrine and immune systems. They affect the quality of your sleep and your ability to recover, and generate stress, nervousness and difficulty concentrating. They also upset the acid-base balance by acidifying our bodies. You can eliminate these harmful effects by opting for a shielded lamp!<\/span><\/p>\n<p><span style=\"font-family: 'Book Antiqua', Palatino; font-size: 120%; color: #333399;\">The Biologa Danell armoured bedside lamp is made entirely in Germany. The high quality parts come from companies that know their trade and work for the long term. This means that parts such as the lampshade and power cord can be replaced even years later.<\/span><\/p>\n<p><span style=\"font-family: 'Book Antiqua', Palatino; font-size: 120%; color: #333399;\">Biologa Danell's motto is to make sustainable products that can be repaired and refurbished.<\/span><\/p>\n<p><span style=\"font-family: 'Book Antiqua', Palatino; font-size: 120%; color: #ed1c24;\"><strong>Warning! This shielded lamp must be plugged into an earthed wall socket or power strip!\u00a0<\/strong><\/span><\/p>\n<h3><span style=\"font-family: 'Book Antiqua', Palatino; font-size: 120%; color: #333399;\">Comparative shielding effect (valid for all Biologa Danell shielded luminaires)<\/span><\/h3>\n<p><span style=\"font-family: 'Book Antiqua', Palatino; font-size: 120%; color: #333399;\">An unshielded luminaire (protection class 2) with an unshielded supply cable produces an alternating electric field of 100.0 to 160.0 V\/m (guideline value recommended by Habitat Biology: 10 V\/m).<\/span><br \/>\n<span style=\"font-family: 'Book Antiqua', Palatino; font-size: 120%; color: #333399;\">The shielded luminaire (protection class 1) with an appropriate design only generates an alternating electric field of between 0.4 and 0.6 V\/m.<\/span><br \/>\n<span style=\"font-family: 'Book Antiqua', Palatino; font-size: 120%; color: #333399;\">The test is carried out in accordance with the specifications, frequency bands and measuring distances of the recognised screen standards (for low-radiation screens and monitors): TCO'99, Volume I (MPR II) and DIN EN 50279 (measuring distance 30 cm).<\/span><\/p>\n<h3><span style=\"font-family: 'Book Antiqua', Palatino; font-size: 120%; color: #333399;\">Technical specifications<\/span><\/h3>\n<ul>\n<li><span style=\"font-family: 'Book Antiqua', Palatino; font-size: 120%; color: #333399;\">Natural beech base<\/span><\/li>\n<li><span style=\"font-family: 'Book Antiqua', Palatino; font-size: 120%; color: #333399;\">Cylindrical lampshade in paper-cardboard covered with nettle fabric in natural cotton colours<\/span><\/li>\n<li><span style=\"font-family: 'Book Antiqua', Palatino; font-size: 120%; color: #333399;\">Supplied with a biologically optimised Danell 5.5 W LED capsule<\/span><\/li>\n<li><span style=\"font-family: 'Book Antiqua', Palatino; font-size: 120%; color: #333399;\">Compatible with LED bulbs max 33W (incandescent 40W)<\/span><\/li>\n<li><span style=\"font-family: 'Book Antiqua', Palatino; font-size: 120%; color: #333399;\">White shielded cable, approx. 1.80 m long.<\/span><\/li>\n<li><span style=\"font-family: 'Book Antiqua', Palatino; font-size: 120%; color: #333399;\">Warranty: 2 years<\/span><\/li>\n<\/ul>\n<p><span style=\"font-family: 'Book Antiqua', Palatino; font-size: 120%; color: #333399;\">Made in Germany by Biologa Danell<\/span><\/p>\n<h3><span style=\"font-family: 'Book Antiqua', Palatino; font-size: 120%; color: #333399;\">Dimensions<\/span><\/h3>\n<ul>\n<li><span style=\"font-family: 'Book Antiqua', Palatino; font-size: 120%; color: #333399;\">Total height: 31 cm<\/span><\/li>\n<li><span style=\"font-family: 'Book Antiqua', Palatino; font-size: 120%; color: #333399;\">Shade height: 15 cm<\/span><\/li>\n<li><span style=\"font-family: 'Book Antiqua', Palatino; font-size: 120%; color: #333399;\">Shade diameter: 20 cm<\/span><\/li>\n<li><span style=\"font-family: 'Book Antiqua', Palatino; font-size: 120%; color: #333399;\">Base diameter: 15 cm\u00a0<\/span><\/li>\n<\/ul>","protected":false},"excerpt":{"rendered":"<p><span style=\"font-family: 'Book Antiqua', Palatino; font-size: 120%; color: #333399;\"><strong>The Biologa Danell \"Rome\" shielded bedside lamp provides protection from wave fields (low-frequency electric and magnetic fields).\u00a0<\/strong><\/span><\/p>\n<p><span style=\"font-family: 'Book Antiqua', Palatino; font-size: 120%; color: #333399;\">Its cylindrical cotton shade brings a touch of modernity and design to your home.\u00a0<\/span><\/p>\n<p><span style=\"font-family: 'Book Antiqua', Palatino; font-size: 120%; color: #333399;\">Its advantages: shielded cable, earth connection, bipolar switch, shielding coil, etc.\u00a0<\/span><\/p>\n<p><span style=\"font-family: 'Book Antiqua', Palatino; font-size: 120%; color: #333399;\">Matches the Danell Biologa armoured ceiling light.<\/span><\/p>","protected":false},"featured_media":1873,"comment_status":"open","ping_status":"closed","template":"","meta":[],"product_brand":[265],"product_cat":[164],"product_tag":[248,246,247,249,258,245],"class_list":{"0":"post-1764","1":"product","2":"type-product","3":"status-publish","4":"has-post-thumbnail","6":"product_brand-biologa-danell","7":"product_cat-baubiologie","8":"product_tag-baubiologie","9":"product_tag-bureau","10":"product_tag-chambre","11":"product_tag-electromagnetisme","12":"product_tag-lampe","13":"product_tag-maison","15":"first","16":"instock","17":"taxable","18":"shipping-taxable","19":"purchasable","20":"product-type-simple"},"yoast_head":"<!-- This site is optimized with the Yoast SEO Premium plugin v25.1 (Yoast SEO v27.4) - https:\/\/yoast.com\/product\/yoast-seo-premium-wordpress\/ -->\n<title>Lampe de chevet blind\u00e9e Biologa Danell &quot;Rome&quot; | Agara<\/title>\n<meta name=\"description\" content=\"La lampe de chevet blind\u00e9e &quot;Rome&quot; Biologa Danell permet de se prot\u00e9ger des champs ondes (champs \u00e9lectriques et magn\u00e9tiques en basses fr\u00e9quences).\u00a0Son abat-jour cylindrique en coton apporte une touche de modernit\u00e9 et de design dans votre int\u00e9rieur.\u00a0Ses atouts : c\u00e2ble blind\u00e9, prise de terre, interrupteur bipolaire, spire de blindage...\u00a0Assortie au plafonnier blind\u00e9 Biologa Danell.\" \/>\n<meta name=\"robots\" content=\"index, follow, max-snippet:-1, max-image-preview:large, max-video-preview:-1\" \/>\n<link rel=\"canonical\" href=\"https:\/\/369agara.com\/en\/product\/lampe-chevet-rome\/\" \/>\n<meta property=\"og:locale\" content=\"en_GB\" \/>\n<meta property=\"og:type\" content=\"article\" \/>\n<meta property=\"og:title\" content=\"Lampe de chevet blind\u00e9e Biologa Danell &quot;Rome&quot;\" \/>\n<meta property=\"og:description\" content=\"La lampe de chevet blind\u00e9e &quot;Rome&quot; Biologa Danell permet de se prot\u00e9ger des champs ondes (champs \u00e9lectriques et magn\u00e9tiques en basses fr\u00e9quences).\u00a0Son abat-jour cylindrique en coton apporte une touche de modernit\u00e9 et de design dans votre int\u00e9rieur.\u00a0Ses atouts : c\u00e2ble blind\u00e9, prise de terre, interrupteur bipolaire, spire de blindage...\u00a0Assortie au plafonnier blind\u00e9 Biologa Danell.\" \/>\n<meta property=\"og:url\" content=\"https:\/\/369agara.com\/en\/product\/lampe-chevet-rome\/\" \/>\n<meta property=\"og:site_name\" content=\"Agara\" \/>\n<meta property=\"article:modified_time\" content=\"2025-05-15T20:00:00+00:00\" \/>\n<meta property=\"og:image\" content=\"https:\/\/369agara.com\/wp-content\/uploads\/2023\/09\/lampe-de-chevet-blindee-biologa-danell-abat-jour-cylindrique.jpg\" \/>\n\t<meta property=\"og:image:width\" content=\"800\" \/>\n\t<meta property=\"og:image:height\" content=\"800\" \/>\n\t<meta property=\"og:image:type\" content=\"image\/jpeg\" \/>\n<meta name=\"twitter:card\" content=\"summary_large_image\" \/>\n<meta name=\"twitter:label1\" content=\"Estimated reading time\" \/>\n\t<meta name=\"twitter:data1\" content=\"4 minutes\" \/>\n<script type=\"application\/ld+json\" class=\"yoast-schema-graph\">{\"@context\":\"https:\\\/\\\/schema.org\",\"@graph\":[{\"@type\":\"WebPage\",\"@id\":\"https:\\\/\\\/369agara.com\\\/produit\\\/lampe-chevet-rome\\\/\",\"url\":\"https:\\\/\\\/369agara.com\\\/produit\\\/lampe-chevet-rome\\\/\",\"name\":\"Lampe de chevet blind\u00e9e Biologa Danell \\\"Rome\\\" | Agara\",\"isPartOf\":{\"@id\":\"https:\\\/\\\/369agara.com\\\/#website\"},\"primaryImageOfPage\":{\"@id\":\"https:\\\/\\\/369agara.com\\\/produit\\\/lampe-chevet-rome\\\/#primaryimage\"},\"image\":{\"@id\":\"https:\\\/\\\/369agara.com\\\/produit\\\/lampe-chevet-rome\\\/#primaryimage\"},\"thumbnailUrl\":\"https:\\\/\\\/369agara.com\\\/wp-content\\\/uploads\\\/2023\\\/09\\\/lampe-de-chevet-blindee-biologa-danell-abat-jour-cylindrique.jpg\",\"datePublished\":\"2023-09-18T18:22:35+00:00\",\"dateModified\":\"2025-05-15T20:00:00+00:00\",\"description\":\"La lampe de chevet blind\u00e9e \\\"Rome\\\" Biologa Danell permet de se prot\u00e9ger des champs ondes (champs \u00e9lectriques et magn\u00e9tiques en basses fr\u00e9quences).\u00a0Son abat-jour cylindrique en coton apporte une touche de modernit\u00e9 et de design dans votre int\u00e9rieur.\u00a0Ses atouts : c\u00e2ble blind\u00e9, prise de terre, interrupteur bipolaire, spire de blindage...\u00a0Assortie au plafonnier blind\u00e9 Biologa Danell.\",\"breadcrumb\":{\"@id\":\"https:\\\/\\\/369agara.com\\\/produit\\\/lampe-chevet-rome\\\/#breadcrumb\"},\"inLanguage\":\"en-GB\",\"potentialAction\":[{\"@type\":\"ReadAction\",\"target\":[\"https:\\\/\\\/369agara.com\\\/produit\\\/lampe-chevet-rome\\\/\"]}]},{\"@type\":\"ImageObject\",\"inLanguage\":\"en-GB\",\"@id\":\"https:\\\/\\\/369agara.com\\\/produit\\\/lampe-chevet-rome\\\/#primaryimage\",\"url\":\"https:\\\/\\\/369agara.com\\\/wp-content\\\/uploads\\\/2023\\\/09\\\/lampe-de-chevet-blindee-biologa-danell-abat-jour-cylindrique.jpg\",\"contentUrl\":\"https:\\\/\\\/369agara.com\\\/wp-content\\\/uploads\\\/2023\\\/09\\\/lampe-de-chevet-blindee-biologa-danell-abat-jour-cylindrique.jpg\",\"width\":800,\"height\":800},{\"@type\":\"BreadcrumbList\",\"@id\":\"https:\\\/\\\/369agara.com\\\/produit\\\/lampe-chevet-rome\\\/#breadcrumb\",\"itemListElement\":[{\"@type\":\"ListItem\",\"position\":1,\"name\":\"Accueil\",\"item\":\"https:\\\/\\\/369agara.com\\\/\"},{\"@type\":\"ListItem\",\"position\":2,\"name\":\"La boutique\",\"item\":\"https:\\\/\\\/369agara.com\\\/la-boutique\\\/\"},{\"@type\":\"ListItem\",\"position\":3,\"name\":\"Lampe de chevet blind\u00e9e Biologa Danell \u00ab\u00a0Rome\u00a0\u00bb\"}]},{\"@type\":\"WebSite\",\"@id\":\"https:\\\/\\\/369agara.com\\\/#website\",\"url\":\"https:\\\/\\\/369agara.com\\\/\",\"name\":\"Livsrikedomar\",\"description\":\"D\u00e9connectez pour mieux vous connecter\",\"publisher\":{\"@id\":\"https:\\\/\\\/369agara.com\\\/#organization\"},\"potentialAction\":[{\"@type\":\"SearchAction\",\"target\":{\"@type\":\"EntryPoint\",\"urlTemplate\":\"https:\\\/\\\/369agara.com\\\/?s={search_term_string}\"},\"query-input\":{\"@type\":\"PropertyValueSpecification\",\"valueRequired\":true,\"valueName\":\"search_term_string\"}}],\"inLanguage\":\"en-GB\"},{\"@type\":\"Organization\",\"@id\":\"https:\\\/\\\/369agara.com\\\/#organization\",\"name\":\"EACreations\",\"url\":\"https:\\\/\\\/369agara.com\\\/\",\"logo\":{\"@type\":\"ImageObject\",\"inLanguage\":\"en-GB\",\"@id\":\"https:\\\/\\\/369agara.com\\\/#\\\/schema\\\/logo\\\/image\\\/\",\"url\":\"\",\"contentUrl\":\"\",\"caption\":\"EACreations\"},\"image\":{\"@id\":\"https:\\\/\\\/369agara.com\\\/#\\\/schema\\\/logo\\\/image\\\/\"}}]}<\/script>\n<!-- \/ Yoast SEO Premium plugin. -->","yoast_head_json":{"title":"Lampe de chevet blind\u00e9e Biologa Danell \"Rome\" | Agara","description":"The Biologa Danell \"Rome\" shielded bedside lamp provides protection from wave fields (low-frequency electric and magnetic fields). Its cylindrical cotton lampshade brings a touch of modernity and design to your home. Features: shielded cable, earth connection, two-pole switch, shielding coil, etc. Matches the Danell Biologa shielded ceiling light.","robots":{"index":"index","follow":"follow","max-snippet":"max-snippet:-1","max-image-preview":"max-image-preview:large","max-video-preview":"max-video-preview:-1"},"canonical":"https:\/\/369agara.com\/en\/product\/lampe-chevet-rome\/","og_locale":"en_GB","og_type":"article","og_title":"Lampe de chevet blind\u00e9e Biologa Danell \"Rome\"","og_description":"La lampe de chevet blind\u00e9e \"Rome\" Biologa Danell permet de se prot\u00e9ger des champs ondes (champs \u00e9lectriques et magn\u00e9tiques en basses fr\u00e9quences).\u00a0Son abat-jour cylindrique en coton apporte une touche de modernit\u00e9 et de design dans votre int\u00e9rieur.\u00a0Ses atouts : c\u00e2ble blind\u00e9, prise de terre, interrupteur bipolaire, spire de blindage...\u00a0Assortie au plafonnier blind\u00e9 Biologa Danell.","og_url":"https:\/\/369agara.com\/en\/product\/lampe-chevet-rome\/","og_site_name":"Agara","article_modified_time":"2025-05-15T20:00:00+00:00","og_image":[{"width":800,"height":800,"url":"https:\/\/369agara.com\/wp-content\/uploads\/2023\/09\/lampe-de-chevet-blindee-biologa-danell-abat-jour-cylindrique.jpg","type":"image\/jpeg"}],"twitter_card":"summary_large_image","twitter_misc":{"Estimated reading time":"4 minutes"},"schema":{"@context":"https:\/\/schema.org","@graph":[{"@type":"WebPage","@id":"https:\/\/369agara.com\/produit\/lampe-chevet-rome\/","url":"https:\/\/369agara.com\/produit\/lampe-chevet-rome\/","name":"Lampe de chevet blind\u00e9e Biologa Danell \"Rome\" | Agara","isPartOf":{"@id":"https:\/\/369agara.com\/#website"},"primaryImageOfPage":{"@id":"https:\/\/369agara.com\/produit\/lampe-chevet-rome\/#primaryimage"},"image":{"@id":"https:\/\/369agara.com\/produit\/lampe-chevet-rome\/#primaryimage"},"thumbnailUrl":"https:\/\/369agara.com\/wp-content\/uploads\/2023\/09\/lampe-de-chevet-blindee-biologa-danell-abat-jour-cylindrique.jpg","datePublished":"2023-09-18T18:22:35+00:00","dateModified":"2025-05-15T20:00:00+00:00","description":"The Biologa Danell \"Rome\" shielded bedside lamp provides protection from wave fields (low-frequency electric and magnetic fields). Its cylindrical cotton lampshade brings a touch of modernity and design to your home. Features: shielded cable, earth connection, two-pole switch, shielding coil, etc. Matches the Danell Biologa shielded ceiling light.","breadcrumb":{"@id":"https:\/\/369agara.com\/produit\/lampe-chevet-rome\/#breadcrumb"},"inLanguage":"en-GB","potentialAction":[{"@type":"ReadAction","target":["https:\/\/369agara.com\/produit\/lampe-chevet-rome\/"]}]},{"@type":"ImageObject","inLanguage":"en-GB","@id":"https:\/\/369agara.com\/produit\/lampe-chevet-rome\/#primaryimage","url":"https:\/\/369agara.com\/wp-content\/uploads\/2023\/09\/lampe-de-chevet-blindee-biologa-danell-abat-jour-cylindrique.jpg","contentUrl":"https:\/\/369agara.com\/wp-content\/uploads\/2023\/09\/lampe-de-chevet-blindee-biologa-danell-abat-jour-cylindrique.jpg","width":800,"height":800},{"@type":"BreadcrumbList","@id":"https:\/\/369agara.com\/produit\/lampe-chevet-rome\/#breadcrumb","itemListElement":[{"@type":"ListItem","position":1,"name":"Accueil","item":"https:\/\/369agara.com\/"},{"@type":"ListItem","position":2,"name":"La boutique","item":"https:\/\/369agara.com\/la-boutique\/"},{"@type":"ListItem","position":3,"name":"Lampe de chevet blind\u00e9e Biologa Danell \u00ab\u00a0Rome\u00a0\u00bb"}]},{"@type":"WebSite","@id":"https:\/\/369agara.com\/#website","url":"https:\/\/369agara.com\/","name":"Livsrikedomar","description":"Disconnect to better connect","publisher":{"@id":"https:\/\/369agara.com\/#organization"},"potentialAction":[{"@type":"SearchAction","target":{"@type":"EntryPoint","urlTemplate":"https:\/\/369agara.com\/?s={search_term_string}"},"query-input":{"@type":"PropertyValueSpecification","valueRequired":true,"valueName":"search_term_string"}}],"inLanguage":"en-GB"},{"@type":"Organization","@id":"https:\/\/369agara.com\/#organization","name":"EACreations","url":"https:\/\/369agara.com\/","logo":{"@type":"ImageObject","inLanguage":"en-GB","@id":"https:\/\/369agara.com\/#\/schema\/logo\/image\/","url":"","contentUrl":"","caption":"EACreations"},"image":{"@id":"https:\/\/369agara.com\/#\/schema\/logo\/image\/"}}]}},"jetpack_sharing_enabled":true,"_links":{"self":[{"href":"https:\/\/369agara.com\/en\/wp-json\/wp\/v2\/product\/1764","targetHints":{"allow":["GET"]}}],"collection":[{"href":"https:\/\/369agara.com\/en\/wp-json\/wp\/v2\/product"}],"about":[{"href":"https:\/\/369agara.com\/en\/wp-json\/wp\/v2\/types\/product"}],"replies":[{"embeddable":true,"href":"https:\/\/369agara.com\/en\/wp-json\/wp\/v2\/comments?post=1764"}],"wp:featuredmedia":[{"embeddable":true,"href":"https:\/\/369agara.com\/en\/wp-json\/wp\/v2\/media\/1873"}],"wp:attachment":[{"href":"https:\/\/369agara.com\/en\/wp-json\/wp\/v2\/media?parent=1764"}],"wp:term":[{"taxonomy":"product_brand","embeddable":true,"href":"https:\/\/369agara.com\/en\/wp-json\/wp\/v2\/product_brand?post=1764"},{"taxonomy":"product_cat","embeddable":true,"href":"https:\/\/369agara.com\/en\/wp-json\/wp\/v2\/product_cat?post=1764"},{"taxonomy":"product_tag","embeddable":true,"href":"https:\/\/369agara.com\/en\/wp-json\/wp\/v2\/product_tag?post=1764"}],"curies":[{"name":"wp","href":"https:\/\/api.w.org\/{rel}","templated":true}]}}