{"id":1766,"date":"2023-08-26T18:44:23","date_gmt":"2023-08-26T16:44:23","guid":{"rendered":"https:\/\/369agara.com\/?post_type=product&#038;p=1766"},"modified":"2025-05-15T22:00:17","modified_gmt":"2025-05-15T20:00:17","slug":"capsule-g9-led-55w","status":"publish","type":"product","link":"https:\/\/369agara.com\/en\/product\/capsule-g9-led-55w\/","title":{"rendered":"Capsule G9 LED 5.5 W Biologa Danell | 485 lm"},"content":{"rendered":"<div class=\"block md-bottom product-description-block\">\n<div class=\"block-content box-bg\">\n<div class=\"product-description typo\">\n<p><span style=\"font-family: 'Book Antiqua', Palatino; font-size: 120%; color: #333399;\">The Biologa Danell G9 LED 5.5 W capsule is an excellent alternative to the conventional high-voltage G9 halogen capsule, offering excellent colour rendition and flicker-free light.<\/span><\/p>\n<ul>\n<li><span style=\"font-family: 'Book Antiqua', Palatino; font-size: 120%; color: #333399;\">Low energy consumption<\/span><\/li>\n<li><span style=\"font-family: 'Book Antiqua', Palatino; font-size: 120%; color: #333399;\">Long service life<\/span><\/li>\n<li><span style=\"font-family: 'Book Antiqua', Palatino; font-size: 120%; color: #333399;\">Flicker-free: biologically optimised light source for everyday use<\/span><\/li>\n<li><span style=\"font-family: 'Book Antiqua', Palatino; font-size: 120%; color: #333399;\">Compatible with many models of existing Danell shielded lamps*.<\/span><\/li>\n<\/ul>\n<p><span style=\"font-family: 'Book Antiqua', Palatino; font-size: 120%; color: #333399;\">The quasi-continuous spectrum of light emitted is close to that of incandescent or halogen lamps, without the proportion of thermal radiation (IR or infrared).<\/span><\/p>\n<p><span style=\"font-family: 'Book Antiqua', Palatino; font-size: 120%; color: #333399;\">The colour rendering index (Ra or CRI) describes the effect of light on the colour appearance of objects compared with daylight (not dependent on colour temperature). This LED has a very good CRI of 95 compared to an incandescent lamp with a CRI of 100.<\/span><\/p>\n<p><span style=\"font-family: 'Book Antiqua', Palatino; font-size: 120%; color: #333399;\">Colour temperature is a measure of the respective colour impression of a light source. Warm light colours (warm white, 2700 to 3000 K) have a low Kelvin number, cold light colours (cool white, 5000 K) have a high Kelvin number.<\/span><\/p>\n<p><span style=\"font-family: 'Book Antiqua', Palatino; font-size: 120%; color: #333399;\">The 270\u00b0 light emission angle is ideally suited to all applications where incandescent lamps were previously used.<\/span><\/p>\n<p><span style=\"font-family: 'Book Antiqua', Palatino; font-size: 120%; color: #333399;\">Conventional\" LED lamps are made from a semiconductor and operate with an integrated ballast. The resulting voltage creates a strong \"flicker of light\" (pulsation), which generally cannot be perceived by the naked eye. However, flickering light can cause stress in our bodies.<\/span><br \/>\n<span style=\"font-family: 'Book Antiqua', Palatino; font-size: 120%; color: #333399;\">Pulsation is reduced to a minimum (below 1%) with this biologically optimised LED.<\/span><\/p>\n<p><span style=\"font-family: 'Book Antiqua', Palatino; font-size: 120%; color: #333399;\">EEK energy efficiency class: classification of all household lamps. Watts, lumens and hours of operation are taken into account. The European directive 98\/11 \/ EG covers classes E (less efficient) to A ++ (very efficient). The Danell G9 LED capsule is in category A+.<\/span><\/p>\n<p><span style=\"font-family: 'Book Antiqua', Palatino; font-size: 120%; color: #333399;\">G9 plug-in base: can be used with the G9 adapter for E14 sockets (41-7104) and the G9 adapter for E27 sockets (41-7126) for almost all commercially available lamps with screw bases. The advantage of this is that there is only one type of bulb, whatever the size of the base. The bulb can be replaced simply by pulling it out and plugging it in.<\/span><\/p>\n<p><strong><span style=\"font-family: 'Book Antiqua', Palatino; font-size: 120%; color: #333399;\">Please note after use that the LED bulb has built-in electronics (no mercury!). It should therefore be taken to an electronic waste collection point after use (do not dispose of it with household waste).<\/span><\/strong><\/p>\n<p><span style=\"font-family: 'Book Antiqua', Palatino; font-size: 120%; color: #ed1c24;\">* Not suitable for shielded luminaires in the Biologa Danell \"Brushed Steel\" series (41-8803, 41-8904, 41-8882, 41-8904, 41-8926) or the shielded salt lamp (41-6226).<\/span><\/p>\n<h3><span style=\"font-family: 'Book Antiqua', Palatino; font-size: 120%; color: #333399;\">Technical specifications<\/span><\/h3>\n<ul>\n<li><span style=\"font-family: 'Book Antiqua', Palatino; font-size: 120%; color: #333399;\">Unit sales<\/span><\/li>\n<li><span style=\"font-family: 'Book Antiqua', Palatino; font-size: 120%; color: #333399;\">Total height: 54.5 mm +\/- 0.5<\/span><\/li>\n<li><span style=\"font-family: 'Book Antiqua', Palatino; font-size: 120%; color: #333399;\">Filament height: 20 mm +\/- 0.5<\/span><\/li>\n<li><span style=\"font-family: 'Book Antiqua', Palatino; font-size: 120%; color: #333399;\">Diameter: 18 mm +\/- 0.5<\/span><\/li>\n<li><span style=\"font-family: 'Book Antiqua', Palatino; font-size: 120%; color: #333399;\">Flicker-free light pulse (&lt;1%)<\/span><\/li>\n<li><span style=\"font-family: 'Book Antiqua', Palatino; font-size: 120%; color: #333399;\">Power consumption: 5.5 W (watt); equivalent to a 41 W incandescent bulb<\/span><\/li>\n<li><span style=\"font-family: 'Book Antiqua', Palatino; font-size: 120%; color: #333399;\">Luminous flux: 485 lm (lumen)<\/span><\/li>\n<li><span style=\"font-family: 'Book Antiqua', Palatino; font-size: 120%; color: #333399;\">Colour temperature: 2970 K (Kelvin) warm white<\/span><\/li>\n<li><span style=\"font-family: 'Book Antiqua', Palatino; font-size: 120%; color: #333399;\">Colour rendering index: 95 (CRI or Ra)<\/span><\/li>\n<li><span style=\"font-family: 'Book Antiqua', Palatino; font-size: 120%; color: #333399;\">Clear design<\/span><\/li>\n<li><span style=\"font-family: 'Book Antiqua', Palatino; font-size: 120%; color: #333399;\">Energy efficiency class: A+<\/span><\/li>\n<li><span style=\"font-family: 'Book Antiqua', Palatino; font-size: 120%; color: #333399;\">Energy consumption: 5.5 kWh \/ 1000 h<\/span><\/li>\n<li><span style=\"font-family: 'Book Antiqua', Palatino; font-size: 120%; color: #333399;\">Angle of light emission: 270\u00b0.<\/span><\/li>\n<li><span style=\"font-family: 'Book Antiqua', Palatino; font-size: 120%; color: #333399;\">Base (standard designation): G9<\/span><\/li>\n<li><span style=\"font-family: 'Book Antiqua', Palatino; font-size: 120%; color: #333399;\">Mercury-free<\/span><\/li>\n<li><span style=\"font-family: 'Book Antiqua', Palatino; font-size: 120%; color: #333399;\">Pre-heating time: &lt;0.3 seconds<\/span><\/li>\n<li><span style=\"font-family: 'Book Antiqua', Palatino; font-size: 120%; color: #333399;\">Non dimmable<\/span><\/li>\n<li><span style=\"font-family: 'Book Antiqua', Palatino; font-size: 120%; color: #333399;\">Average service life: 20,000 hours<\/span><\/li>\n<li><span style=\"font-family: 'Book Antiqua', Palatino; font-size: 120%; color: #333399;\">Up to 20,000 switching cycles<\/span><\/li>\n<li><span style=\"font-family: 'Book Antiqua', Palatino; font-size: 120%; color: #333399;\">Operating temperature : -25 \u00b0C to + 40 \u00b0C<\/span><\/li>\n<li><span style=\"font-family: 'Book Antiqua', Palatino; font-size: 120%; color: #333399;\">Mains voltage: 220 to 240 V \/ 50 Hz<\/span><\/li>\n<li><span style=\"font-family: 'Book Antiqua', Palatino; font-size: 120%; color: #333399;\">Weight : 15 g<\/span><\/li>\n<li><span style=\"font-family: 'Book Antiqua', Palatino; font-size: 120%; color: #333399;\">Suitable for all luminaires with an existing G9 lampholder; fits G9 E14 and G9 E27 ceramic lampholders<\/span><\/li>\n<\/ul>\n<p><span style=\"font-family: 'Book Antiqua', Palatino; font-size: 120%; color: #333399;\">For use in all private living spaces, public buildings, hotels, office blocks, etc.<\/span><\/p>\n<p><span style=\"font-family: 'Book Antiqua', Palatino; font-size: 120%; color: #333399;\">Outdoor use only with appropriate lighting.<\/span><\/p>\n<h3><span style=\"color: #333399; font-family: 'Book Antiqua', Palatino; font-size: 120%;\">Please consult<\/span><\/h3>\n<\/div>\n<\/div>\n<\/div>\n<div class=\"block product-attachments-block sm-bottom\">\n<div class=\"block-content\">\n<section class=\"product-attachments\">\n<div class=\"row\">\n<div class=\"attachment col-12 col-lg-4\">\n<div class=\"box-bg my-2\">\n<ul>\n<li class=\"h5\"><span style=\"font-family: 'Book Antiqua', Palatino; font-size: 120%; color: #333399;\">Capsule G9 LED 5.5 W<\/span><br \/>\n<span style=\"font-family: 'Book Antiqua', Palatino; font-size: 120%; color: #333399;\">Technical data<\/span><\/li>\n<\/ul>\n<\/div>\n<\/div>\n<div class=\"attachment col-12 col-lg-4\">\n<div class=\"box-bg my-2\">\n<ul>\n<li class=\"h5\"><span style=\"font-family: 'Book Antiqua', Palatino; font-size: 120%; color: #333399;\">Capsule G9 LED 5.5 W<\/span><br \/>\n<span style=\"font-family: 'Book Antiqua', Palatino; font-size: 120%; color: #333399;\">Instructions for use<\/span><\/li>\n<\/ul>\n<\/div>\n<\/div>\n<\/div>\n<\/section>\n<\/div>\n<\/div>","protected":false},"excerpt":{"rendered":"<p><span style=\"font-family: 'Book Antiqua', Palatino; font-size: 120%; color: #333399;\">The Biologa Danell G9 LED 5.5 W capsule is an excellent alternative to the conventional high-voltage G9 halogen capsule, offering excellent colour rendition and flicker-free light.\u00a0<\/span><\/p>\n<p><span style=\"font-family: 'Book Antiqua', Palatino; font-size: 120%; color: #333399;\">Equivalent 41 W, 485 lm.<\/span><\/p>","protected":false},"featured_media":1769,"comment_status":"open","ping_status":"closed","template":"","meta":[],"product_brand":[265],"product_cat":[164],"product_tag":[248,246,247,251,258,245],"class_list":{"0":"post-1766","1":"product","2":"type-product","3":"status-publish","4":"has-post-thumbnail","6":"product_brand-biologa-danell","7":"product_cat-baubiologie","8":"product_tag-baubiologie","9":"product_tag-bureau","10":"product_tag-chambre","11":"product_tag-electricite","12":"product_tag-lampe","13":"product_tag-maison","15":"first","16":"instock","17":"taxable","18":"shipping-taxable","19":"purchasable","20":"product-type-simple"},"yoast_head":"<!-- This site is optimized with the Yoast SEO Premium plugin v25.1 (Yoast SEO v27.4) - https:\/\/yoast.com\/product\/yoast-seo-premium-wordpress\/ -->\n<title>Capsule G9 LED 5.5 W Biologa Danell | 485 lm | Agara<\/title>\n<meta name=\"description\" content=\"La capsule G9 LED 5.5 W Biologa Danell est une excellente alternative \u00e0 la capsule halog\u00e8ne G9 haute tension conventionnelle, offrant un excellent rendu des couleurs et une lumi\u00e8re sans scintillement.\u00a0Equivalent 41 W, 485 lm.\" \/>\n<meta name=\"robots\" content=\"index, follow, max-snippet:-1, max-image-preview:large, max-video-preview:-1\" \/>\n<link rel=\"canonical\" href=\"https:\/\/369agara.com\/en\/product\/capsule-g9-led-55w\/\" \/>\n<meta property=\"og:locale\" content=\"en_GB\" \/>\n<meta property=\"og:type\" content=\"article\" \/>\n<meta property=\"og:title\" content=\"Capsule G9 LED 5.5 W Biologa Danell | 485 lm\" \/>\n<meta property=\"og:description\" content=\"La capsule G9 LED 5.5 W Biologa Danell est une excellente alternative \u00e0 la capsule halog\u00e8ne G9 haute tension conventionnelle, offrant un excellent rendu des couleurs et une lumi\u00e8re sans scintillement.\u00a0Equivalent 41 W, 485 lm.\" \/>\n<meta property=\"og:url\" content=\"https:\/\/369agara.com\/en\/product\/capsule-g9-led-55w\/\" \/>\n<meta property=\"og:site_name\" content=\"Agara\" \/>\n<meta property=\"article:modified_time\" content=\"2025-05-15T20:00:17+00:00\" \/>\n<meta property=\"og:image\" content=\"https:\/\/369agara.com\/wp-content\/uploads\/2023\/08\/capsule-g9-led-55-w-biologa-danell.jpg\" \/>\n\t<meta property=\"og:image:width\" content=\"800\" \/>\n\t<meta property=\"og:image:height\" content=\"800\" \/>\n\t<meta property=\"og:image:type\" content=\"image\/jpeg\" \/>\n<meta name=\"twitter:card\" content=\"summary_large_image\" \/>\n<meta name=\"twitter:label1\" content=\"Estimated reading time\" \/>\n\t<meta name=\"twitter:data1\" content=\"4 minutes\" \/>\n<script type=\"application\/ld+json\" class=\"yoast-schema-graph\">{\"@context\":\"https:\\\/\\\/schema.org\",\"@graph\":[{\"@type\":\"WebPage\",\"@id\":\"https:\\\/\\\/369agara.com\\\/produit\\\/capsule-g9-led-55w\\\/\",\"url\":\"https:\\\/\\\/369agara.com\\\/produit\\\/capsule-g9-led-55w\\\/\",\"name\":\"Capsule G9 LED 5.5 W Biologa Danell | 485 lm | Agara\",\"isPartOf\":{\"@id\":\"https:\\\/\\\/369agara.com\\\/#website\"},\"primaryImageOfPage\":{\"@id\":\"https:\\\/\\\/369agara.com\\\/produit\\\/capsule-g9-led-55w\\\/#primaryimage\"},\"image\":{\"@id\":\"https:\\\/\\\/369agara.com\\\/produit\\\/capsule-g9-led-55w\\\/#primaryimage\"},\"thumbnailUrl\":\"https:\\\/\\\/369agara.com\\\/wp-content\\\/uploads\\\/2023\\\/08\\\/capsule-g9-led-55-w-biologa-danell.jpg\",\"datePublished\":\"2023-08-26T16:44:23+00:00\",\"dateModified\":\"2025-05-15T20:00:17+00:00\",\"description\":\"La capsule G9 LED 5.5 W Biologa Danell est une excellente alternative \u00e0 la capsule halog\u00e8ne G9 haute tension conventionnelle, offrant un excellent rendu des couleurs et une lumi\u00e8re sans scintillement.\u00a0Equivalent 41 W, 485 lm.\",\"breadcrumb\":{\"@id\":\"https:\\\/\\\/369agara.com\\\/produit\\\/capsule-g9-led-55w\\\/#breadcrumb\"},\"inLanguage\":\"en-GB\",\"potentialAction\":[{\"@type\":\"ReadAction\",\"target\":[\"https:\\\/\\\/369agara.com\\\/produit\\\/capsule-g9-led-55w\\\/\"]}]},{\"@type\":\"ImageObject\",\"inLanguage\":\"en-GB\",\"@id\":\"https:\\\/\\\/369agara.com\\\/produit\\\/capsule-g9-led-55w\\\/#primaryimage\",\"url\":\"https:\\\/\\\/369agara.com\\\/wp-content\\\/uploads\\\/2023\\\/08\\\/capsule-g9-led-55-w-biologa-danell.jpg\",\"contentUrl\":\"https:\\\/\\\/369agara.com\\\/wp-content\\\/uploads\\\/2023\\\/08\\\/capsule-g9-led-55-w-biologa-danell.jpg\",\"width\":800,\"height\":800},{\"@type\":\"BreadcrumbList\",\"@id\":\"https:\\\/\\\/369agara.com\\\/produit\\\/capsule-g9-led-55w\\\/#breadcrumb\",\"itemListElement\":[{\"@type\":\"ListItem\",\"position\":1,\"name\":\"Accueil\",\"item\":\"https:\\\/\\\/369agara.com\\\/\"},{\"@type\":\"ListItem\",\"position\":2,\"name\":\"La boutique\",\"item\":\"https:\\\/\\\/369agara.com\\\/la-boutique\\\/\"},{\"@type\":\"ListItem\",\"position\":3,\"name\":\"Capsule G9 LED 5.5 W Biologa Danell | 485 lm\"}]},{\"@type\":\"WebSite\",\"@id\":\"https:\\\/\\\/369agara.com\\\/#website\",\"url\":\"https:\\\/\\\/369agara.com\\\/\",\"name\":\"Livsrikedomar\",\"description\":\"D\u00e9connectez pour mieux vous connecter\",\"publisher\":{\"@id\":\"https:\\\/\\\/369agara.com\\\/#organization\"},\"potentialAction\":[{\"@type\":\"SearchAction\",\"target\":{\"@type\":\"EntryPoint\",\"urlTemplate\":\"https:\\\/\\\/369agara.com\\\/?s={search_term_string}\"},\"query-input\":{\"@type\":\"PropertyValueSpecification\",\"valueRequired\":true,\"valueName\":\"search_term_string\"}}],\"inLanguage\":\"en-GB\"},{\"@type\":\"Organization\",\"@id\":\"https:\\\/\\\/369agara.com\\\/#organization\",\"name\":\"EACreations\",\"url\":\"https:\\\/\\\/369agara.com\\\/\",\"logo\":{\"@type\":\"ImageObject\",\"inLanguage\":\"en-GB\",\"@id\":\"https:\\\/\\\/369agara.com\\\/#\\\/schema\\\/logo\\\/image\\\/\",\"url\":\"\",\"contentUrl\":\"\",\"caption\":\"EACreations\"},\"image\":{\"@id\":\"https:\\\/\\\/369agara.com\\\/#\\\/schema\\\/logo\\\/image\\\/\"}}]}<\/script>\n<!-- \/ Yoast SEO Premium plugin. -->","yoast_head_json":{"title":"Capsule G9 LED 5.5 W Biologa Danell | 485 lm | Agara","description":"La capsule G9 LED 5.5 W Biologa Danell est une excellente alternative \u00e0 la capsule halog\u00e8ne G9 haute tension conventionnelle, offrant un excellent rendu des couleurs et une lumi\u00e8re sans scintillement.\u00a0Equivalent 41 W, 485 lm.","robots":{"index":"index","follow":"follow","max-snippet":"max-snippet:-1","max-image-preview":"max-image-preview:large","max-video-preview":"max-video-preview:-1"},"canonical":"https:\/\/369agara.com\/en\/product\/capsule-g9-led-55w\/","og_locale":"en_GB","og_type":"article","og_title":"Capsule G9 LED 5.5 W Biologa Danell | 485 lm","og_description":"La capsule G9 LED 5.5 W Biologa Danell est une excellente alternative \u00e0 la capsule halog\u00e8ne G9 haute tension conventionnelle, offrant un excellent rendu des couleurs et une lumi\u00e8re sans scintillement.\u00a0Equivalent 41 W, 485 lm.","og_url":"https:\/\/369agara.com\/en\/product\/capsule-g9-led-55w\/","og_site_name":"Agara","article_modified_time":"2025-05-15T20:00:17+00:00","og_image":[{"width":800,"height":800,"url":"https:\/\/369agara.com\/wp-content\/uploads\/2023\/08\/capsule-g9-led-55-w-biologa-danell.jpg","type":"image\/jpeg"}],"twitter_card":"summary_large_image","twitter_misc":{"Estimated reading time":"4 minutes"},"schema":{"@context":"https:\/\/schema.org","@graph":[{"@type":"WebPage","@id":"https:\/\/369agara.com\/produit\/capsule-g9-led-55w\/","url":"https:\/\/369agara.com\/produit\/capsule-g9-led-55w\/","name":"Capsule G9 LED 5.5 W Biologa Danell | 485 lm | Agara","isPartOf":{"@id":"https:\/\/369agara.com\/#website"},"primaryImageOfPage":{"@id":"https:\/\/369agara.com\/produit\/capsule-g9-led-55w\/#primaryimage"},"image":{"@id":"https:\/\/369agara.com\/produit\/capsule-g9-led-55w\/#primaryimage"},"thumbnailUrl":"https:\/\/369agara.com\/wp-content\/uploads\/2023\/08\/capsule-g9-led-55-w-biologa-danell.jpg","datePublished":"2023-08-26T16:44:23+00:00","dateModified":"2025-05-15T20:00:17+00:00","description":"La capsule G9 LED 5.5 W Biologa Danell est une excellente alternative \u00e0 la capsule halog\u00e8ne G9 haute tension conventionnelle, offrant un excellent rendu des couleurs et une lumi\u00e8re sans scintillement.\u00a0Equivalent 41 W, 485 lm.","breadcrumb":{"@id":"https:\/\/369agara.com\/produit\/capsule-g9-led-55w\/#breadcrumb"},"inLanguage":"en-GB","potentialAction":[{"@type":"ReadAction","target":["https:\/\/369agara.com\/produit\/capsule-g9-led-55w\/"]}]},{"@type":"ImageObject","inLanguage":"en-GB","@id":"https:\/\/369agara.com\/produit\/capsule-g9-led-55w\/#primaryimage","url":"https:\/\/369agara.com\/wp-content\/uploads\/2023\/08\/capsule-g9-led-55-w-biologa-danell.jpg","contentUrl":"https:\/\/369agara.com\/wp-content\/uploads\/2023\/08\/capsule-g9-led-55-w-biologa-danell.jpg","width":800,"height":800},{"@type":"BreadcrumbList","@id":"https:\/\/369agara.com\/produit\/capsule-g9-led-55w\/#breadcrumb","itemListElement":[{"@type":"ListItem","position":1,"name":"Accueil","item":"https:\/\/369agara.com\/"},{"@type":"ListItem","position":2,"name":"La boutique","item":"https:\/\/369agara.com\/la-boutique\/"},{"@type":"ListItem","position":3,"name":"Capsule G9 LED 5.5 W Biologa Danell | 485 lm"}]},{"@type":"WebSite","@id":"https:\/\/369agara.com\/#website","url":"https:\/\/369agara.com\/","name":"Livsrikedomar","description":"Disconnect to better connect","publisher":{"@id":"https:\/\/369agara.com\/#organization"},"potentialAction":[{"@type":"SearchAction","target":{"@type":"EntryPoint","urlTemplate":"https:\/\/369agara.com\/?s={search_term_string}"},"query-input":{"@type":"PropertyValueSpecification","valueRequired":true,"valueName":"search_term_string"}}],"inLanguage":"en-GB"},{"@type":"Organization","@id":"https:\/\/369agara.com\/#organization","name":"EACreations","url":"https:\/\/369agara.com\/","logo":{"@type":"ImageObject","inLanguage":"en-GB","@id":"https:\/\/369agara.com\/#\/schema\/logo\/image\/","url":"","contentUrl":"","caption":"EACreations"},"image":{"@id":"https:\/\/369agara.com\/#\/schema\/logo\/image\/"}}]}},"jetpack_sharing_enabled":true,"_links":{"self":[{"href":"https:\/\/369agara.com\/en\/wp-json\/wp\/v2\/product\/1766","targetHints":{"allow":["GET"]}}],"collection":[{"href":"https:\/\/369agara.com\/en\/wp-json\/wp\/v2\/product"}],"about":[{"href":"https:\/\/369agara.com\/en\/wp-json\/wp\/v2\/types\/product"}],"replies":[{"embeddable":true,"href":"https:\/\/369agara.com\/en\/wp-json\/wp\/v2\/comments?post=1766"}],"wp:featuredmedia":[{"embeddable":true,"href":"https:\/\/369agara.com\/en\/wp-json\/wp\/v2\/media\/1769"}],"wp:attachment":[{"href":"https:\/\/369agara.com\/en\/wp-json\/wp\/v2\/media?parent=1766"}],"wp:term":[{"taxonomy":"product_brand","embeddable":true,"href":"https:\/\/369agara.com\/en\/wp-json\/wp\/v2\/product_brand?post=1766"},{"taxonomy":"product_cat","embeddable":true,"href":"https:\/\/369agara.com\/en\/wp-json\/wp\/v2\/product_cat?post=1766"},{"taxonomy":"product_tag","embeddable":true,"href":"https:\/\/369agara.com\/en\/wp-json\/wp\/v2\/product_tag?post=1766"}],"curies":[{"name":"wp","href":"https:\/\/api.w.org\/{rel}","templated":true}]}}