{"id":1919,"date":"2023-09-19T19:02:09","date_gmt":"2023-09-19T17:02:09","guid":{"rendered":"https:\/\/369agara.com\/?post_type=product&#038;p=1919"},"modified":"2025-05-15T21:52:58","modified_gmt":"2025-05-15T19:52:58","slug":"lessive-tissus-liquide-poudre","status":"publish","type":"product","link":"https:\/\/369agara.com\/en\/product\/lessive-tissus-liquide-poudre\/","title":{"rendered":"YShield detergent for microwave protection fabrics - liquid | powder"},"content":{"rendered":"<p><span style=\"font-family: 'Book Antiqua', Palatino; font-size: 120%; color: #333399;\">Texcare YShield detergent has been specially developed to wash various anti-wave fabrics made from silver and stainless steel threads, while caring for the fibres and preserving their shielding properties.<\/span><\/p>\n<ul>\n<li><span style=\"font-family: 'Book Antiqua', Palatino; font-size: 120%; color: #333399;\">Factory tests and customer feedback have shown that conventional detergents (or even dry cleaning) tend to damage the armour fibres and alter the performance and appearance of fabrics.<\/span><\/li>\n<li><span style=\"font-family: 'Book Antiqua', Palatino; font-size: 120%; color: #333399;\">Texcare detergent leaves fabrics perfectly clean and preserves their properties and performance.<\/span><\/li>\n<\/ul>\n<p><span style=\"font-family: 'Book Antiqua', Palatino; font-size: 120%; color: #ed1c24;\">This detergent is\u00a0<strong>ecological<\/strong>\u00a0and therefore protects the environment. It has also been\u00a0<strong>specially designed for people with allergies and MCS<\/strong>\u00a0Fragrance-free, guaranteed free from colouring agents and chemicals.<\/span><\/p>\n<p><span style=\"font-family: 'Book Antiqua', Palatino; font-size: 120%; color: #333399;\">You can do 20 washes with one litre of detergent \/ one kilo of Texcare detergent.<\/span><br \/>\n<span style=\"font-family: 'Book Antiqua', Palatino; font-size: 120%; color: #333399;\">50 ml of detergent is enough per wash, whatever the hardness of the water.<\/span><\/p>\n<p><span style=\"font-family: 'Book Antiqua', Palatino; font-size: 120%; color: #333399;\">Preferably use the delicate programme on your washing machine, wash cold or at max. 30\u00b0C and spin lightly.<\/span><\/p>\n<p><span style=\"font-family: 'Book Antiqua', Palatino; font-size: 120%; color: #ed1c24;\">In all cases, please consult the technical manuals for the different fabrics and follow the care instructions given there.<\/span><\/p>\n<h3><span style=\"font-family: 'Book Antiqua', Palatino; font-size: 120%; color: #333399;\">Technical specifications<\/span><\/h3>\n<p><span style=\"font-family: 'Book Antiqua', Palatino; font-size: 120%; color: #333399;\">Liquid :<\/span><\/p>\n<ul>\n<li><span style=\"font-family: 'Book Antiqua', Palatino; font-size: 120%; color: #333399;\"><strong>Composition<\/strong>\u00a0<strong>:<\/strong>\u00a0rapeseed oil soap 5 to 15%, sugar surfactant 5 to 15%, coconut alcohol sulphate 5 to 15%, vegetable alcohol (ethanol) 1 to 5%, sulphated castor oil<\/span><\/li>\n<li><span style=\"font-family: 'Book Antiqua', Palatino; font-size: 120%; color: #333399;\"><strong>Ingredients INCI :<\/strong>\u00a0water, potassium soap, C8-16 alkylpolyglucoside, sodium C 8-14 fatty alcohol sulphate, alcohol, sulphated castor oil, potassium citrate.<\/span><\/li>\n<li><span style=\"font-family: 'Book Antiqua', Palatino; font-size: 120%; color: #333399;\">Capacity : 1 litre<\/span><\/li>\n<li><span style=\"font-family: 'Book Antiqua', Palatino; font-size: 120%; color: #333399;\">Weight: 1.2 kg<\/span><\/li>\n<\/ul>\n<p><span style=\"font-family: 'Book Antiqua', Palatino; font-size: 120%; color: #333399;\">Powder :<\/span><\/p>\n<ul>\n<li><span style=\"font-family: 'Book Antiqua', Palatino; font-size: 120%; color: #333399;\"><strong>Composition:<\/strong>\u00a0zeolite 15 to 30%, vegetable oil soap 15 to 30%, citrate 15 to 30%, sugar surfactants 5 to 15%, sodium carbonate 5 to 15%, silicates 1 to 5%, sodium bicarbonate 1 to 5%, organic Quillaja &lt;1%, powder moisture content 10 to 15%<\/span><\/li>\n<li><span style=\"font-family: 'Book Antiqua', Palatino; font-size: 120%; color: #333399;\"><strong>Ingredients INCI :<\/strong>\u00a0zeolite, sodium soap, sodium citrate, coco-glucoside, sodium carbonate, sodium silicate, sodium bicarbonate, Quillaja Saponaria<\/span><\/li>\n<li><span style=\"font-family: 'Book Antiqua', Palatino; font-size: 120%; color: #333399;\">Capacity : 1 kg<\/span><\/li>\n<li><span style=\"font-family: 'Book Antiqua', Palatino; font-size: 120%; color: #333399;\">Weight: 1.1 kg<\/span><\/li>\n<\/ul>","protected":false},"excerpt":{"rendered":"<p><span style=\"font-family: 'Book Antiqua', Palatino; font-size: 120%; color: #333399;\">Texcare YShield detergent is specially designed to wash and care for anti-wave fabrics made of silver and stainless steel threads.\u00a0<\/span><\/p>\n<ul>\n<li><span style=\"font-family: 'Book Antiqua', Palatino; font-size: 120%; color: #333399;\">One-litre can (20 washes).<\/span><\/li>\n<li><span style=\"font-family: 'Book Antiqua', Palatino; font-size: 120%; color: #333399;\">One kilo bag (20 washes).<\/span><\/li>\n<\/ul>","protected":false},"featured_media":1922,"comment_status":"open","ping_status":"closed","template":"","meta":[],"product_brand":[268],"product_cat":[164],"product_tag":[248,247,249,245],"class_list":{"0":"post-1919","1":"product","2":"type-product","3":"status-publish","4":"has-post-thumbnail","6":"product_brand-yshield","7":"product_cat-baubiologie","8":"product_tag-baubiologie","9":"product_tag-chambre","10":"product_tag-electromagnetisme","11":"product_tag-maison","13":"first","14":"instock","15":"taxable","16":"shipping-taxable","17":"purchasable","18":"product-type-variable"},"yoast_head":"<!-- This site is optimized with the Yoast SEO Premium plugin v25.1 (Yoast SEO v27.4) - https:\/\/yoast.com\/product\/yoast-seo-premium-wordpress\/ -->\n<title>Lessive YShield pour tissus de protection anti-ondes - liquide | poudre | Agara<\/title>\n<meta name=\"description\" content=\"La lessive Texcare YShield est sp\u00e9cialement con\u00e7ue pour laver et prendre soin des tissus anti-ondes compos\u00e9s d&#039;argent et de fils d&#039;acier inoxydable.\u00a0Bidon d&#039;un litre (20 lavages) \/ Sac d&#039;un kilo (20 lavages).\" \/>\n<meta name=\"robots\" content=\"index, follow, max-snippet:-1, max-image-preview:large, max-video-preview:-1\" \/>\n<link rel=\"canonical\" href=\"https:\/\/369agara.com\/en\/product\/lessive-tissus-liquide-poudre\/\" \/>\n<meta property=\"og:locale\" content=\"en_GB\" \/>\n<meta property=\"og:type\" content=\"article\" \/>\n<meta property=\"og:title\" content=\"Lessive YShield pour tissus de protection anti-ondes - liquide | poudre\" \/>\n<meta property=\"og:description\" content=\"La lessive Texcare YShield est sp\u00e9cialement con\u00e7ue pour laver et prendre soin des tissus anti-ondes compos\u00e9s d&#039;argent et de fils d&#039;acier inoxydable.\u00a0Bidon d&#039;un litre (20 lavages) \/ Sac d&#039;un kilo (20 lavages).\" \/>\n<meta property=\"og:url\" content=\"https:\/\/369agara.com\/en\/product\/lessive-tissus-liquide-poudre\/\" \/>\n<meta property=\"og:site_name\" content=\"Agara\" \/>\n<meta property=\"article:modified_time\" content=\"2025-05-15T19:52:58+00:00\" \/>\n<meta property=\"og:image\" content=\"https:\/\/369agara.com\/wp-content\/uploads\/2023\/09\/lessive-liquide-texcare-yshield-pour-tissus-anti-ondes.jpg\" \/>\n\t<meta property=\"og:image:width\" content=\"800\" \/>\n\t<meta property=\"og:image:height\" content=\"800\" \/>\n\t<meta property=\"og:image:type\" content=\"image\/jpeg\" \/>\n<meta name=\"twitter:card\" content=\"summary_large_image\" \/>\n<meta name=\"twitter:label1\" content=\"Estimated reading time\" \/>\n\t<meta name=\"twitter:data1\" content=\"2 minutes\" \/>\n<script type=\"application\/ld+json\" class=\"yoast-schema-graph\">{\"@context\":\"https:\\\/\\\/schema.org\",\"@graph\":[{\"@type\":\"WebPage\",\"@id\":\"https:\\\/\\\/369agara.com\\\/produit\\\/lessive-tissus-liquide-poudre\\\/\",\"url\":\"https:\\\/\\\/369agara.com\\\/produit\\\/lessive-tissus-liquide-poudre\\\/\",\"name\":\"Lessive YShield pour tissus de protection anti-ondes - liquide | poudre | Agara\",\"isPartOf\":{\"@id\":\"https:\\\/\\\/369agara.com\\\/#website\"},\"primaryImageOfPage\":{\"@id\":\"https:\\\/\\\/369agara.com\\\/produit\\\/lessive-tissus-liquide-poudre\\\/#primaryimage\"},\"image\":{\"@id\":\"https:\\\/\\\/369agara.com\\\/produit\\\/lessive-tissus-liquide-poudre\\\/#primaryimage\"},\"thumbnailUrl\":\"https:\\\/\\\/369agara.com\\\/wp-content\\\/uploads\\\/2023\\\/09\\\/lessive-liquide-texcare-yshield-pour-tissus-anti-ondes.jpg\",\"datePublished\":\"2023-09-19T17:02:09+00:00\",\"dateModified\":\"2025-05-15T19:52:58+00:00\",\"description\":\"La lessive Texcare YShield est sp\u00e9cialement con\u00e7ue pour laver et prendre soin des tissus anti-ondes compos\u00e9s d'argent et de fils d'acier inoxydable.\u00a0Bidon d'un litre (20 lavages) \\\/ Sac d'un kilo (20 lavages).\",\"breadcrumb\":{\"@id\":\"https:\\\/\\\/369agara.com\\\/produit\\\/lessive-tissus-liquide-poudre\\\/#breadcrumb\"},\"inLanguage\":\"en-GB\",\"potentialAction\":[{\"@type\":\"ReadAction\",\"target\":[\"https:\\\/\\\/369agara.com\\\/produit\\\/lessive-tissus-liquide-poudre\\\/\"]}]},{\"@type\":\"ImageObject\",\"inLanguage\":\"en-GB\",\"@id\":\"https:\\\/\\\/369agara.com\\\/produit\\\/lessive-tissus-liquide-poudre\\\/#primaryimage\",\"url\":\"https:\\\/\\\/369agara.com\\\/wp-content\\\/uploads\\\/2023\\\/09\\\/lessive-liquide-texcare-yshield-pour-tissus-anti-ondes.jpg\",\"contentUrl\":\"https:\\\/\\\/369agara.com\\\/wp-content\\\/uploads\\\/2023\\\/09\\\/lessive-liquide-texcare-yshield-pour-tissus-anti-ondes.jpg\",\"width\":800,\"height\":800},{\"@type\":\"BreadcrumbList\",\"@id\":\"https:\\\/\\\/369agara.com\\\/produit\\\/lessive-tissus-liquide-poudre\\\/#breadcrumb\",\"itemListElement\":[{\"@type\":\"ListItem\",\"position\":1,\"name\":\"Accueil\",\"item\":\"https:\\\/\\\/369agara.com\\\/\"},{\"@type\":\"ListItem\",\"position\":2,\"name\":\"La boutique\",\"item\":\"https:\\\/\\\/369agara.com\\\/la-boutique\\\/\"},{\"@type\":\"ListItem\",\"position\":3,\"name\":\"Lessive YShield pour tissus de protection anti-ondes &#8211; liquide | poudre\"}]},{\"@type\":\"WebSite\",\"@id\":\"https:\\\/\\\/369agara.com\\\/#website\",\"url\":\"https:\\\/\\\/369agara.com\\\/\",\"name\":\"Livsrikedomar\",\"description\":\"D\u00e9connectez pour mieux vous connecter\",\"publisher\":{\"@id\":\"https:\\\/\\\/369agara.com\\\/#organization\"},\"potentialAction\":[{\"@type\":\"SearchAction\",\"target\":{\"@type\":\"EntryPoint\",\"urlTemplate\":\"https:\\\/\\\/369agara.com\\\/?s={search_term_string}\"},\"query-input\":{\"@type\":\"PropertyValueSpecification\",\"valueRequired\":true,\"valueName\":\"search_term_string\"}}],\"inLanguage\":\"en-GB\"},{\"@type\":\"Organization\",\"@id\":\"https:\\\/\\\/369agara.com\\\/#organization\",\"name\":\"EACreations\",\"url\":\"https:\\\/\\\/369agara.com\\\/\",\"logo\":{\"@type\":\"ImageObject\",\"inLanguage\":\"en-GB\",\"@id\":\"https:\\\/\\\/369agara.com\\\/#\\\/schema\\\/logo\\\/image\\\/\",\"url\":\"\",\"contentUrl\":\"\",\"caption\":\"EACreations\"},\"image\":{\"@id\":\"https:\\\/\\\/369agara.com\\\/#\\\/schema\\\/logo\\\/image\\\/\"}}]}<\/script>\n<!-- \/ Yoast SEO Premium plugin. -->","yoast_head_json":{"title":"Lessive YShield pour tissus de protection anti-ondes - liquide | poudre | Agara","description":"La lessive Texcare YShield est sp\u00e9cialement con\u00e7ue pour laver et prendre soin des tissus anti-ondes compos\u00e9s d'argent et de fils d'acier inoxydable.\u00a0Bidon d'un litre (20 lavages) \/ Sac d'un kilo (20 lavages).","robots":{"index":"index","follow":"follow","max-snippet":"max-snippet:-1","max-image-preview":"max-image-preview:large","max-video-preview":"max-video-preview:-1"},"canonical":"https:\/\/369agara.com\/en\/product\/lessive-tissus-liquide-poudre\/","og_locale":"en_GB","og_type":"article","og_title":"Lessive YShield pour tissus de protection anti-ondes - liquide | poudre","og_description":"La lessive Texcare YShield est sp\u00e9cialement con\u00e7ue pour laver et prendre soin des tissus anti-ondes compos\u00e9s d'argent et de fils d'acier inoxydable.\u00a0Bidon d'un litre (20 lavages) \/ Sac d'un kilo (20 lavages).","og_url":"https:\/\/369agara.com\/en\/product\/lessive-tissus-liquide-poudre\/","og_site_name":"Agara","article_modified_time":"2025-05-15T19:52:58+00:00","og_image":[{"width":800,"height":800,"url":"https:\/\/369agara.com\/wp-content\/uploads\/2023\/09\/lessive-liquide-texcare-yshield-pour-tissus-anti-ondes.jpg","type":"image\/jpeg"}],"twitter_card":"summary_large_image","twitter_misc":{"Estimated reading time":"2 minutes"},"schema":{"@context":"https:\/\/schema.org","@graph":[{"@type":"WebPage","@id":"https:\/\/369agara.com\/produit\/lessive-tissus-liquide-poudre\/","url":"https:\/\/369agara.com\/produit\/lessive-tissus-liquide-poudre\/","name":"Lessive YShield pour tissus de protection anti-ondes - liquide | poudre | Agara","isPartOf":{"@id":"https:\/\/369agara.com\/#website"},"primaryImageOfPage":{"@id":"https:\/\/369agara.com\/produit\/lessive-tissus-liquide-poudre\/#primaryimage"},"image":{"@id":"https:\/\/369agara.com\/produit\/lessive-tissus-liquide-poudre\/#primaryimage"},"thumbnailUrl":"https:\/\/369agara.com\/wp-content\/uploads\/2023\/09\/lessive-liquide-texcare-yshield-pour-tissus-anti-ondes.jpg","datePublished":"2023-09-19T17:02:09+00:00","dateModified":"2025-05-15T19:52:58+00:00","description":"La lessive Texcare YShield est sp\u00e9cialement con\u00e7ue pour laver et prendre soin des tissus anti-ondes compos\u00e9s d'argent et de fils d'acier inoxydable.\u00a0Bidon d'un litre (20 lavages) \/ Sac d'un kilo (20 lavages).","breadcrumb":{"@id":"https:\/\/369agara.com\/produit\/lessive-tissus-liquide-poudre\/#breadcrumb"},"inLanguage":"en-GB","potentialAction":[{"@type":"ReadAction","target":["https:\/\/369agara.com\/produit\/lessive-tissus-liquide-poudre\/"]}]},{"@type":"ImageObject","inLanguage":"en-GB","@id":"https:\/\/369agara.com\/produit\/lessive-tissus-liquide-poudre\/#primaryimage","url":"https:\/\/369agara.com\/wp-content\/uploads\/2023\/09\/lessive-liquide-texcare-yshield-pour-tissus-anti-ondes.jpg","contentUrl":"https:\/\/369agara.com\/wp-content\/uploads\/2023\/09\/lessive-liquide-texcare-yshield-pour-tissus-anti-ondes.jpg","width":800,"height":800},{"@type":"BreadcrumbList","@id":"https:\/\/369agara.com\/produit\/lessive-tissus-liquide-poudre\/#breadcrumb","itemListElement":[{"@type":"ListItem","position":1,"name":"Accueil","item":"https:\/\/369agara.com\/"},{"@type":"ListItem","position":2,"name":"La boutique","item":"https:\/\/369agara.com\/la-boutique\/"},{"@type":"ListItem","position":3,"name":"Lessive YShield pour tissus de protection anti-ondes &#8211; liquide | poudre"}]},{"@type":"WebSite","@id":"https:\/\/369agara.com\/#website","url":"https:\/\/369agara.com\/","name":"Livsrikedomar","description":"Disconnect to better connect","publisher":{"@id":"https:\/\/369agara.com\/#organization"},"potentialAction":[{"@type":"SearchAction","target":{"@type":"EntryPoint","urlTemplate":"https:\/\/369agara.com\/?s={search_term_string}"},"query-input":{"@type":"PropertyValueSpecification","valueRequired":true,"valueName":"search_term_string"}}],"inLanguage":"en-GB"},{"@type":"Organization","@id":"https:\/\/369agara.com\/#organization","name":"EACreations","url":"https:\/\/369agara.com\/","logo":{"@type":"ImageObject","inLanguage":"en-GB","@id":"https:\/\/369agara.com\/#\/schema\/logo\/image\/","url":"","contentUrl":"","caption":"EACreations"},"image":{"@id":"https:\/\/369agara.com\/#\/schema\/logo\/image\/"}}]}},"jetpack_sharing_enabled":true,"_links":{"self":[{"href":"https:\/\/369agara.com\/en\/wp-json\/wp\/v2\/product\/1919","targetHints":{"allow":["GET"]}}],"collection":[{"href":"https:\/\/369agara.com\/en\/wp-json\/wp\/v2\/product"}],"about":[{"href":"https:\/\/369agara.com\/en\/wp-json\/wp\/v2\/types\/product"}],"replies":[{"embeddable":true,"href":"https:\/\/369agara.com\/en\/wp-json\/wp\/v2\/comments?post=1919"}],"wp:featuredmedia":[{"embeddable":true,"href":"https:\/\/369agara.com\/en\/wp-json\/wp\/v2\/media\/1922"}],"wp:attachment":[{"href":"https:\/\/369agara.com\/en\/wp-json\/wp\/v2\/media?parent=1919"}],"wp:term":[{"taxonomy":"product_brand","embeddable":true,"href":"https:\/\/369agara.com\/en\/wp-json\/wp\/v2\/product_brand?post=1919"},{"taxonomy":"product_cat","embeddable":true,"href":"https:\/\/369agara.com\/en\/wp-json\/wp\/v2\/product_cat?post=1919"},{"taxonomy":"product_tag","embeddable":true,"href":"https:\/\/369agara.com\/en\/wp-json\/wp\/v2\/product_tag?post=1919"}],"curies":[{"name":"wp","href":"https:\/\/api.w.org\/{rel}","templated":true}]}}