{"id":1959,"date":"2023-09-19T21:29:06","date_gmt":"2023-09-19T19:29:06","guid":{"rendered":"https:\/\/369agara.com\/?post_type=product&#038;p=1959"},"modified":"2025-05-15T21:52:35","modified_gmt":"2025-05-15T19:52:35","slug":"toile-protection-hnv100-yshield-1-ou-2-pers","status":"publish","type":"product","link":"https:\/\/369agara.com\/en\/product\/toile-protection-hnv100-yshield-1-ou-2-pers\/","title":{"rendered":"HNV100 YShield microwave shield - High and low frequencies - 1 or 2 person bed"},"content":{"rendered":"<div class=\"block md-bottom product-description-block\">\n<div class=\"block-content box-bg\">\n<div class=\"product-description typo\">\n<p><span style=\"font-family: 'Book Antiqua', Palatino; font-size: 120%; color: #333399;\">The HNV100 anti-wave fabric underlay protects you from high-frequency radiation (mobile telephony),\u00a0<strong>5G<\/strong>(e.g. DECT cordless phones, WiFi, Wimax, Bluetooth, radar, etc.) and low frequencies (electrical fields associated with domestic installations) when it is earthed.<\/span><\/p>\n<p><span style=\"font-family: 'Book Antiqua', Palatino; font-size: 120%; color: #333399;\">It is ideal for complementing the protection offered by anti-wave canopies, but can also be used on its own, under a bed or desk, to protect against radiation from the floor or the neighbour below.<\/span><\/p>\n<p><span style=\"font-family: 'Book Antiqua', Palatino; font-size: 120%; color: #333399;\">It represents the best possible quality\/protection\/price ratio for this type of item, and offers 100 dB attenuation at 1 GHz over a very wide frequency band.<\/span><\/p>\n<p><span style=\"font-family: 'Book Antiqua', Palatino; font-size: 120%; color: #ed1c24;\">As it is not washable, we advise you to cover it with a carpet or floor covering of your choice to preserve its lifespan.<\/span><\/p>\n<h3><span style=\"font-family: 'Book Antiqua', Palatino; font-size: 120%; color: #333399;\">2 versions<\/span><\/h3>\n<ul>\n<li><span style=\"font-family: 'Book Antiqua', Palatino; font-size: 120%; color: #333399;\"><strong>For single bed | 175 x 250 cm<\/strong><\/span><br \/>\n<span style=\"font-family: 'Book Antiqua', Palatino; font-size: 120%; color: #333399;\">Consists of 2 strips of HNV100 YShield fabric, 90 cm wide and 250 cm long, to be overlapped by 5 cm, for a total width of 175 cm.<\/span><\/li>\n<li><span style=\"font-family: 'Book Antiqua', Palatino; font-size: 120%; color: #333399;\"><strong>For double bed | 250 x 250 cm<\/strong><\/span><br \/>\n<span style=\"font-family: 'Book Antiqua', Palatino; font-size: 120%; color: #333399;\">Consists of 3 strips of HNV100 YShield fabric, 90 cm wide and 250 cm long, to be overlapped by 5 cm, for a total width of 260 cm.<\/span><\/li>\n<\/ul>\n<h3><span style=\"font-family: 'Book Antiqua', Palatino; font-size: 120%; color: #333399;\">Earthing<\/span><\/h3>\n<p><span style=\"font-family: 'Book Antiqua', Palatino; font-size: 120%; color: #333399;\">HNV100 is a highly conductive fabric that can be earthed, so it also provides protection against low-frequency electric fields.<\/span><\/p>\n<p><span style=\"font-family: 'Book Antiqua', Palatino; font-size: 120%; color: #333399;\">To do this, use :<\/span><\/p>\n<ul>\n<li><span style=\"font-family: 'Book Antiqua', Palatino; font-size: 120%; color: #333399;\">a GCM magnetic earthing plate or a GCS screw-on earthing plate<\/span><\/li>\n<li><span style=\"font-family: 'Book Antiqua', Palatino; font-size: 120%; color: #333399;\">a GL earthing cable (5 different lengths: 20 cm, 1 metre, 2 metres, 5 metres and 10 metres, depending on the distance to an earthed wall socket),<\/span><\/li>\n<li><span style=\"font-family: 'Book Antiqua', Palatino; font-size: 120%; color: #333399;\">a GP1 permanent shield earthing plug for connection to a wall socket or a GCR earthing rod for connection outdoors, directly into the ground.<\/span><\/li>\n<\/ul>\n<p><span style=\"font-family: 'Book Antiqua', Palatino; font-size: 120%; color: #ed1c24;\"><strong>Please note! Earthing accessories are not included in the price of the carpet!<\/strong>\u00a0They should be purchased separately.<\/span><\/p>\n<h3><span style=\"font-family: 'Book Antiqua', Palatino; font-size: 120%; color: #333399;\">Technical specifications<\/span><\/h3>\n<ul>\n<li><span style=\"font-family: 'Book Antiqua', Palatino; font-size: 120%; color: #333399;\">Attenuation: 103 dB at 1 GHz for one layer<\/span><\/li>\n<li><span style=\"font-family: 'Book Antiqua', Palatino; font-size: 120%; color: #333399;\">Shielding attenuation is regularly validated and verified in the YShield EMC laboratory, according to the following measurement configurations and standards: ASTM D4935-10, IEEE Std 299-2006, IEEEE Std 1128-1998, ASTM A698 \/ A698M-07.<\/span><\/li>\n<li><span style=\"font-family: 'Book Antiqua', Palatino; font-size: 120%; color: #333399;\">Composition: nylon, copper, nickel<\/span><\/li>\n<li><span style=\"font-family: 'Book Antiqua', Palatino; font-size: 120%; color: #333399;\">Weight: 70 g \/ m\u00b2<\/span><\/li>\n<li><span style=\"font-family: 'Book Antiqua', Palatino; font-size: 120%; color: #333399;\">Colour: grey\u00a0<\/span><\/li>\n<li><span style=\"font-family: 'Book Antiqua', Palatino; font-size: 120%; color: #333399;\">Thickness: 0.16 mm<\/span><\/li>\n<li><span style=\"font-family: 'Book Antiqua', Palatino; font-size: 120%; color: #333399;\">Tensile strength: very good in both directions, 50 N\/mm<\/span><\/li>\n<li><span style=\"font-family: 'Book Antiqua', Palatino; font-size: 120%; color: #333399;\">Do not wash<\/span><\/li>\n<li><span style=\"font-family: 'Book Antiqua', Palatino; font-size: 120%; color: #333399;\">Do not use outdoors<\/span><\/li>\n<li><span style=\"font-family: 'Book Antiqua', Palatino; font-size: 120%; color: #333399;\">Surface conductivity: 0.01 ohm (square resistance)<\/span><\/li>\n<\/ul>\n<p><span style=\"font-family: 'Book Antiqua', Palatino; font-size: 120%; color: #333399;\">Made in China\u00a0<\/span><\/p>\n<p><span style=\"font-family: 'Book Antiqua', Palatino; font-size: 120%; color: #ed1c24;\"><strong>As canvases are cut to order, they cannot be returned or exchanged.<\/strong><\/span><\/p>\n<p><span style=\"font-family: 'Book Antiqua', Palatino; font-size: 120%; color: #ed1c24;\">We accept no liability for damage to people, animals or objects caused by incorrect use of anti-wave cloths and fabrics, in particular earthing and electrical installation that does not comply with DIN 57100 \/ VDE 0100 standards. We recommend that the electrical installation and earthing of YShield\u00ae fabrics be checked by a specialist electrician.<\/span><\/p>\n<h3><span style=\"font-size: 120%; color: #333399; font-family: 'Book Antiqua', Palatino;\">Please consult<\/span><\/h3>\n<\/div>\n<\/div>\n<\/div>\n<div class=\"block product-attachments-block sm-bottom\">\n<div class=\"block-content\">\n<section class=\"product-attachments\">\n<div class=\"row\">\n<div class=\"attachment col-12 col-lg-4\">\n<div class=\"box-bg my-2\">\n<ul>\n<li class=\"h5\"><span style=\"font-family: 'Book Antiqua', Palatino; font-size: 120%; color: #333399;\">HNV100 YShield certificate<br \/>\n<\/span><span style=\"font-family: 'Book Antiqua', Palatino; font-size: 120%; color: #333399;\">HNV100 YShield fabric attenuation certificate<\/span><\/li>\n<\/ul>\n<\/div>\n<\/div>\n<div class=\"attachment col-12 col-lg-4\">\n<div class=\"box-bg my-2\">\n<ul>\n<li class=\"h5\"><span style=\"font-family: 'Book Antiqua', Palatino; font-size: 120%; color: #333399;\">HNV100 YShield<br \/>\n<\/span><span style=\"font-family: 'Book Antiqua', Palatino; font-size: 120%; color: #333399;\">Data sheet - Installation<\/span><\/li>\n<\/ul>\n<\/div>\n<\/div>\n<\/div>\n<\/section>\n<\/div>\n<\/div>","protected":false},"excerpt":{"rendered":"<p><span style=\"font-family: 'Book Antiqua', Palatino; font-size: 120%; color: #333399;\">Excellent value for money!\u00a0<\/span><\/p>\n<p><span style=\"font-family: 'Book Antiqua', Palatino; font-size: 120%; color: #333399;\">The HNV100 YShield anti-wave protection fabric is a mixed fabric that protects against high-frequency radiation (mobile telephony),\u00a0<strong>5G<\/strong>(e.g. DECT cordless phones, WiFi, Wimax, Bluetooth, radar, etc.) and low frequencies (electrical fields linked to domestic installations) when it is earthed.\u00a0<\/span><\/p>\n<p><span style=\"font-family: 'Book Antiqua', Palatino; font-size: 120%; color: #333399;\">2 models available: for single beds (two strips for dimensions 175 x 250 cm) and for double beds (three strips for dimensions 260 x 250 cm).\u00a0<\/span><\/p>\n<p><span style=\"font-family: 'Book Antiqua', Palatino; font-size: 120%; color: #333399;\">Attenuation: 103 dB.<\/span><\/p>","protected":false},"featured_media":3778,"comment_status":"open","ping_status":"closed","template":"","meta":[],"product_brand":[268],"product_cat":[164],"product_tag":[248,246,247,249,245],"class_list":{"0":"post-1959","1":"product","2":"type-product","3":"status-publish","4":"has-post-thumbnail","6":"product_brand-yshield","7":"product_cat-baubiologie","8":"product_tag-baubiologie","9":"product_tag-bureau","10":"product_tag-chambre","11":"product_tag-electromagnetisme","12":"product_tag-maison","14":"first","15":"instock","16":"taxable","17":"shipping-taxable","18":"purchasable","19":"product-type-variable"},"yoast_head":"<!-- This site is optimized with the Yoast SEO Premium plugin v25.1 (Yoast SEO v27.4) - https:\/\/yoast.com\/product\/yoast-seo-premium-wordpress\/ -->\n<title>Toile de protection anti-ondes HNV100 YShield - Hautes et basses fr\u00e9quences - lit 1 ou 2 personnes | Agara<\/title>\n<meta name=\"description\" content=\"Un excellent rapport qualit\u00e9\/att\u00e9nuation\/prix !\u00a0La toile de protection anti-ondes HNV100 YShield est une toile mixte, qui permet de prot\u00e9ger \u00e0 la fois des rayonnements de hautes fr\u00e9quences (t\u00e9l\u00e9phonie mobile,\u00a05G, t\u00e9l\u00e9phones sans fil DECT, Wifi, Wimax, bluetooth, radars, etc) et de basses fr\u00e9quences (champs \u00e9lectriques li\u00e9s \u00e0 l&#039;installation domestique) lorsqu&#039;elle est reli\u00e9e \u00e0 la terre.\u00a02 mod\u00e8les disponibles : pour lit 1 personne (deux l\u00e9s pour dimensions 175 x 250 cm) et pour lit 2 personnes (trois l\u00e9s pour dimensions 260 x 250 cm).\u00a0Att\u00e9nuation : 103 dB.\" \/>\n<meta name=\"robots\" content=\"index, follow, max-snippet:-1, max-image-preview:large, max-video-preview:-1\" \/>\n<link rel=\"canonical\" href=\"https:\/\/369agara.com\/en\/product\/toile-protection-hnv100-yshield-1-ou-2-pers\/\" \/>\n<meta property=\"og:locale\" content=\"en_GB\" \/>\n<meta property=\"og:type\" content=\"article\" \/>\n<meta property=\"og:title\" content=\"Toile de protection anti-ondes HNV100 YShield - Hautes et basses fr\u00e9quences - lit 1 ou 2 personnes\" \/>\n<meta property=\"og:description\" content=\"Un excellent rapport qualit\u00e9\/att\u00e9nuation\/prix !\u00a0La toile de protection anti-ondes HNV100 YShield est une toile mixte, qui permet de prot\u00e9ger \u00e0 la fois des rayonnements de hautes fr\u00e9quences (t\u00e9l\u00e9phonie mobile,\u00a05G, t\u00e9l\u00e9phones sans fil DECT, Wifi, Wimax, bluetooth, radars, etc) et de basses fr\u00e9quences (champs \u00e9lectriques li\u00e9s \u00e0 l&#039;installation domestique) lorsqu&#039;elle est reli\u00e9e \u00e0 la terre.\u00a02 mod\u00e8les disponibles : pour lit 1 personne (deux l\u00e9s pour dimensions 175 x 250 cm) et pour lit 2 personnes (trois l\u00e9s pour dimensions 260 x 250 cm).\u00a0Att\u00e9nuation : 103 dB.\" \/>\n<meta property=\"og:url\" content=\"https:\/\/369agara.com\/en\/product\/toile-protection-hnv100-yshield-1-ou-2-pers\/\" \/>\n<meta property=\"og:site_name\" content=\"Agara\" \/>\n<meta property=\"article:modified_time\" content=\"2025-05-15T19:52:35+00:00\" \/>\n<meta property=\"og:image\" content=\"https:\/\/369agara.com\/wp-content\/uploads\/2023\/09\/dessous-de-lit-tapis-anti-ondes-en-toile-hnv100-yshield-hautes-et-basses-frequences-5.jpg\" \/>\n\t<meta property=\"og:image:width\" content=\"800\" \/>\n\t<meta property=\"og:image:height\" content=\"800\" \/>\n\t<meta property=\"og:image:type\" content=\"image\/jpeg\" \/>\n<meta name=\"twitter:card\" content=\"summary_large_image\" \/>\n<meta name=\"twitter:label1\" content=\"Estimated reading time\" \/>\n\t<meta name=\"twitter:data1\" content=\"4 minutes\" \/>\n<script type=\"application\/ld+json\" class=\"yoast-schema-graph\">{\"@context\":\"https:\\\/\\\/schema.org\",\"@graph\":[{\"@type\":\"WebPage\",\"@id\":\"https:\\\/\\\/369agara.com\\\/produit\\\/toile-protection-hnv100-yshield-1-ou-2-pers\\\/\",\"url\":\"https:\\\/\\\/369agara.com\\\/produit\\\/toile-protection-hnv100-yshield-1-ou-2-pers\\\/\",\"name\":\"Toile de protection anti-ondes HNV100 YShield - Hautes et basses fr\u00e9quences - lit 1 ou 2 personnes | Agara\",\"isPartOf\":{\"@id\":\"https:\\\/\\\/369agara.com\\\/#website\"},\"primaryImageOfPage\":{\"@id\":\"https:\\\/\\\/369agara.com\\\/produit\\\/toile-protection-hnv100-yshield-1-ou-2-pers\\\/#primaryimage\"},\"image\":{\"@id\":\"https:\\\/\\\/369agara.com\\\/produit\\\/toile-protection-hnv100-yshield-1-ou-2-pers\\\/#primaryimage\"},\"thumbnailUrl\":\"https:\\\/\\\/369agara.com\\\/wp-content\\\/uploads\\\/2023\\\/09\\\/dessous-de-lit-tapis-anti-ondes-en-toile-hnv100-yshield-hautes-et-basses-frequences-5.jpg\",\"datePublished\":\"2023-09-19T19:29:06+00:00\",\"dateModified\":\"2025-05-15T19:52:35+00:00\",\"description\":\"Un excellent rapport qualit\u00e9\\\/att\u00e9nuation\\\/prix !\u00a0La toile de protection anti-ondes HNV100 YShield est une toile mixte, qui permet de prot\u00e9ger \u00e0 la fois des rayonnements de hautes fr\u00e9quences (t\u00e9l\u00e9phonie mobile,\u00a05G, t\u00e9l\u00e9phones sans fil DECT, Wifi, Wimax, bluetooth, radars, etc) et de basses fr\u00e9quences (champs \u00e9lectriques li\u00e9s \u00e0 l'installation domestique) lorsqu'elle est reli\u00e9e \u00e0 la terre.\u00a02 mod\u00e8les disponibles : pour lit 1 personne (deux l\u00e9s pour dimensions 175 x 250 cm) et pour lit 2 personnes (trois l\u00e9s pour dimensions 260 x 250 cm).\u00a0Att\u00e9nuation : 103 dB.\",\"breadcrumb\":{\"@id\":\"https:\\\/\\\/369agara.com\\\/produit\\\/toile-protection-hnv100-yshield-1-ou-2-pers\\\/#breadcrumb\"},\"inLanguage\":\"en-GB\",\"potentialAction\":[{\"@type\":\"ReadAction\",\"target\":[\"https:\\\/\\\/369agara.com\\\/produit\\\/toile-protection-hnv100-yshield-1-ou-2-pers\\\/\"]}]},{\"@type\":\"ImageObject\",\"inLanguage\":\"en-GB\",\"@id\":\"https:\\\/\\\/369agara.com\\\/produit\\\/toile-protection-hnv100-yshield-1-ou-2-pers\\\/#primaryimage\",\"url\":\"https:\\\/\\\/369agara.com\\\/wp-content\\\/uploads\\\/2023\\\/09\\\/dessous-de-lit-tapis-anti-ondes-en-toile-hnv100-yshield-hautes-et-basses-frequences-5.jpg\",\"contentUrl\":\"https:\\\/\\\/369agara.com\\\/wp-content\\\/uploads\\\/2023\\\/09\\\/dessous-de-lit-tapis-anti-ondes-en-toile-hnv100-yshield-hautes-et-basses-frequences-5.jpg\",\"width\":800,\"height\":800},{\"@type\":\"BreadcrumbList\",\"@id\":\"https:\\\/\\\/369agara.com\\\/produit\\\/toile-protection-hnv100-yshield-1-ou-2-pers\\\/#breadcrumb\",\"itemListElement\":[{\"@type\":\"ListItem\",\"position\":1,\"name\":\"Accueil\",\"item\":\"https:\\\/\\\/369agara.com\\\/\"},{\"@type\":\"ListItem\",\"position\":2,\"name\":\"La boutique\",\"item\":\"https:\\\/\\\/369agara.com\\\/la-boutique\\\/\"},{\"@type\":\"ListItem\",\"position\":3,\"name\":\"Toile de protection anti-ondes HNV100 YShield &#8211; Hautes et basses fr\u00e9quences &#8211; lit 1 ou 2 personnes\"}]},{\"@type\":\"WebSite\",\"@id\":\"https:\\\/\\\/369agara.com\\\/#website\",\"url\":\"https:\\\/\\\/369agara.com\\\/\",\"name\":\"Livsrikedomar\",\"description\":\"D\u00e9connectez pour mieux vous connecter\",\"publisher\":{\"@id\":\"https:\\\/\\\/369agara.com\\\/#organization\"},\"potentialAction\":[{\"@type\":\"SearchAction\",\"target\":{\"@type\":\"EntryPoint\",\"urlTemplate\":\"https:\\\/\\\/369agara.com\\\/?s={search_term_string}\"},\"query-input\":{\"@type\":\"PropertyValueSpecification\",\"valueRequired\":true,\"valueName\":\"search_term_string\"}}],\"inLanguage\":\"en-GB\"},{\"@type\":\"Organization\",\"@id\":\"https:\\\/\\\/369agara.com\\\/#organization\",\"name\":\"EACreations\",\"url\":\"https:\\\/\\\/369agara.com\\\/\",\"logo\":{\"@type\":\"ImageObject\",\"inLanguage\":\"en-GB\",\"@id\":\"https:\\\/\\\/369agara.com\\\/#\\\/schema\\\/logo\\\/image\\\/\",\"url\":\"\",\"contentUrl\":\"\",\"caption\":\"EACreations\"},\"image\":{\"@id\":\"https:\\\/\\\/369agara.com\\\/#\\\/schema\\\/logo\\\/image\\\/\"}}]}<\/script>\n<!-- \/ Yoast SEO Premium plugin. -->","yoast_head_json":{"title":"Toile de protection anti-ondes HNV100 YShield - Hautes et basses fr\u00e9quences - lit 1 ou 2 personnes | Agara","description":"Un excellent rapport qualit\u00e9\/att\u00e9nuation\/prix !\u00a0La toile de protection anti-ondes HNV100 YShield est une toile mixte, qui permet de prot\u00e9ger \u00e0 la fois des rayonnements de hautes fr\u00e9quences (t\u00e9l\u00e9phonie mobile,\u00a05G, t\u00e9l\u00e9phones sans fil DECT, Wifi, Wimax, bluetooth, radars, etc) et de basses fr\u00e9quences (champs \u00e9lectriques li\u00e9s \u00e0 l'installation domestique) lorsqu'elle est reli\u00e9e \u00e0 la terre.\u00a02 mod\u00e8les disponibles : pour lit 1 personne (deux l\u00e9s pour dimensions 175 x 250 cm) et pour lit 2 personnes (trois l\u00e9s pour dimensions 260 x 250 cm).\u00a0Att\u00e9nuation : 103 dB.","robots":{"index":"index","follow":"follow","max-snippet":"max-snippet:-1","max-image-preview":"max-image-preview:large","max-video-preview":"max-video-preview:-1"},"canonical":"https:\/\/369agara.com\/en\/product\/toile-protection-hnv100-yshield-1-ou-2-pers\/","og_locale":"en_GB","og_type":"article","og_title":"Toile de protection anti-ondes HNV100 YShield - Hautes et basses fr\u00e9quences - lit 1 ou 2 personnes","og_description":"Un excellent rapport qualit\u00e9\/att\u00e9nuation\/prix !\u00a0La toile de protection anti-ondes HNV100 YShield est une toile mixte, qui permet de prot\u00e9ger \u00e0 la fois des rayonnements de hautes fr\u00e9quences (t\u00e9l\u00e9phonie mobile,\u00a05G, t\u00e9l\u00e9phones sans fil DECT, Wifi, Wimax, bluetooth, radars, etc) et de basses fr\u00e9quences (champs \u00e9lectriques li\u00e9s \u00e0 l'installation domestique) lorsqu'elle est reli\u00e9e \u00e0 la terre.\u00a02 mod\u00e8les disponibles : pour lit 1 personne (deux l\u00e9s pour dimensions 175 x 250 cm) et pour lit 2 personnes (trois l\u00e9s pour dimensions 260 x 250 cm).\u00a0Att\u00e9nuation : 103 dB.","og_url":"https:\/\/369agara.com\/en\/product\/toile-protection-hnv100-yshield-1-ou-2-pers\/","og_site_name":"Agara","article_modified_time":"2025-05-15T19:52:35+00:00","og_image":[{"width":800,"height":800,"url":"https:\/\/369agara.com\/wp-content\/uploads\/2023\/09\/dessous-de-lit-tapis-anti-ondes-en-toile-hnv100-yshield-hautes-et-basses-frequences-5.jpg","type":"image\/jpeg"}],"twitter_card":"summary_large_image","twitter_misc":{"Estimated reading time":"4 minutes"},"schema":{"@context":"https:\/\/schema.org","@graph":[{"@type":"WebPage","@id":"https:\/\/369agara.com\/produit\/toile-protection-hnv100-yshield-1-ou-2-pers\/","url":"https:\/\/369agara.com\/produit\/toile-protection-hnv100-yshield-1-ou-2-pers\/","name":"Toile de protection anti-ondes HNV100 YShield - Hautes et basses fr\u00e9quences - lit 1 ou 2 personnes | Agara","isPartOf":{"@id":"https:\/\/369agara.com\/#website"},"primaryImageOfPage":{"@id":"https:\/\/369agara.com\/produit\/toile-protection-hnv100-yshield-1-ou-2-pers\/#primaryimage"},"image":{"@id":"https:\/\/369agara.com\/produit\/toile-protection-hnv100-yshield-1-ou-2-pers\/#primaryimage"},"thumbnailUrl":"https:\/\/369agara.com\/wp-content\/uploads\/2023\/09\/dessous-de-lit-tapis-anti-ondes-en-toile-hnv100-yshield-hautes-et-basses-frequences-5.jpg","datePublished":"2023-09-19T19:29:06+00:00","dateModified":"2025-05-15T19:52:35+00:00","description":"Un excellent rapport qualit\u00e9\/att\u00e9nuation\/prix !\u00a0La toile de protection anti-ondes HNV100 YShield est une toile mixte, qui permet de prot\u00e9ger \u00e0 la fois des rayonnements de hautes fr\u00e9quences (t\u00e9l\u00e9phonie mobile,\u00a05G, t\u00e9l\u00e9phones sans fil DECT, Wifi, Wimax, bluetooth, radars, etc) et de basses fr\u00e9quences (champs \u00e9lectriques li\u00e9s \u00e0 l'installation domestique) lorsqu'elle est reli\u00e9e \u00e0 la terre.\u00a02 mod\u00e8les disponibles : pour lit 1 personne (deux l\u00e9s pour dimensions 175 x 250 cm) et pour lit 2 personnes (trois l\u00e9s pour dimensions 260 x 250 cm).\u00a0Att\u00e9nuation : 103 dB.","breadcrumb":{"@id":"https:\/\/369agara.com\/produit\/toile-protection-hnv100-yshield-1-ou-2-pers\/#breadcrumb"},"inLanguage":"en-GB","potentialAction":[{"@type":"ReadAction","target":["https:\/\/369agara.com\/produit\/toile-protection-hnv100-yshield-1-ou-2-pers\/"]}]},{"@type":"ImageObject","inLanguage":"en-GB","@id":"https:\/\/369agara.com\/produit\/toile-protection-hnv100-yshield-1-ou-2-pers\/#primaryimage","url":"https:\/\/369agara.com\/wp-content\/uploads\/2023\/09\/dessous-de-lit-tapis-anti-ondes-en-toile-hnv100-yshield-hautes-et-basses-frequences-5.jpg","contentUrl":"https:\/\/369agara.com\/wp-content\/uploads\/2023\/09\/dessous-de-lit-tapis-anti-ondes-en-toile-hnv100-yshield-hautes-et-basses-frequences-5.jpg","width":800,"height":800},{"@type":"BreadcrumbList","@id":"https:\/\/369agara.com\/produit\/toile-protection-hnv100-yshield-1-ou-2-pers\/#breadcrumb","itemListElement":[{"@type":"ListItem","position":1,"name":"Accueil","item":"https:\/\/369agara.com\/"},{"@type":"ListItem","position":2,"name":"La boutique","item":"https:\/\/369agara.com\/la-boutique\/"},{"@type":"ListItem","position":3,"name":"Toile de protection anti-ondes HNV100 YShield &#8211; Hautes et basses fr\u00e9quences &#8211; lit 1 ou 2 personnes"}]},{"@type":"WebSite","@id":"https:\/\/369agara.com\/#website","url":"https:\/\/369agara.com\/","name":"Livsrikedomar","description":"Disconnect to better connect","publisher":{"@id":"https:\/\/369agara.com\/#organization"},"potentialAction":[{"@type":"SearchAction","target":{"@type":"EntryPoint","urlTemplate":"https:\/\/369agara.com\/?s={search_term_string}"},"query-input":{"@type":"PropertyValueSpecification","valueRequired":true,"valueName":"search_term_string"}}],"inLanguage":"en-GB"},{"@type":"Organization","@id":"https:\/\/369agara.com\/#organization","name":"EACreations","url":"https:\/\/369agara.com\/","logo":{"@type":"ImageObject","inLanguage":"en-GB","@id":"https:\/\/369agara.com\/#\/schema\/logo\/image\/","url":"","contentUrl":"","caption":"EACreations"},"image":{"@id":"https:\/\/369agara.com\/#\/schema\/logo\/image\/"}}]}},"jetpack_sharing_enabled":true,"_links":{"self":[{"href":"https:\/\/369agara.com\/en\/wp-json\/wp\/v2\/product\/1959","targetHints":{"allow":["GET"]}}],"collection":[{"href":"https:\/\/369agara.com\/en\/wp-json\/wp\/v2\/product"}],"about":[{"href":"https:\/\/369agara.com\/en\/wp-json\/wp\/v2\/types\/product"}],"replies":[{"embeddable":true,"href":"https:\/\/369agara.com\/en\/wp-json\/wp\/v2\/comments?post=1959"}],"wp:featuredmedia":[{"embeddable":true,"href":"https:\/\/369agara.com\/en\/wp-json\/wp\/v2\/media\/3778"}],"wp:attachment":[{"href":"https:\/\/369agara.com\/en\/wp-json\/wp\/v2\/media?parent=1959"}],"wp:term":[{"taxonomy":"product_brand","embeddable":true,"href":"https:\/\/369agara.com\/en\/wp-json\/wp\/v2\/product_brand?post=1959"},{"taxonomy":"product_cat","embeddable":true,"href":"https:\/\/369agara.com\/en\/wp-json\/wp\/v2\/product_cat?post=1959"},{"taxonomy":"product_tag","embeddable":true,"href":"https:\/\/369agara.com\/en\/wp-json\/wp\/v2\/product_tag?post=1959"}],"curies":[{"name":"wp","href":"https:\/\/api.w.org\/{rel}","templated":true}]}}