{"id":2111,"date":"2023-09-24T15:44:54","date_gmt":"2023-09-24T13:44:54","guid":{"rendered":"https:\/\/369agara.com\/?post_type=product&#038;p=2111"},"modified":"2025-05-15T21:51:17","modified_gmt":"2025-05-15T19:51:17","slug":"element-base-charge-interrupteur-ultima","status":"publish","type":"product","link":"https:\/\/369agara.com\/en\/product\/element-base-charge-interrupteur-ultima\/","title":{"rendered":"Load base element GL Gigahertz Solutions for automatic field switches Ultimament f\u00f6r Ultima 8 automatiska f\u00e4ltomkopplare GL Gigahertz"},"content":{"rendered":"<p><span style=\"font-family: 'Book Antiqua', Palatino; font-size: 120%; color: #333399;\">The GL Gigahertz Solutions load base element is only suitable for use with Ultima 8 Gigahertz Solutions adjustable sensitivity automatic field switches.<\/span><\/p>\n<p><span style=\"font-family: 'Book Antiqua', Palatino; font-size: 120%; color: #333399;\"> It reliably detects small current consumers even if stand-by devices are connected to the same circuit.<\/span><\/p>","protected":false},"excerpt":{"rendered":"<p><span style=\"font-family: 'Book Antiqua', Palatino; font-size: 120%; color: #333399;\">The GL Gigahertz Solutions load base element enables small consumers to be reliably detected even if standby devices are connected to the circuit.\u00a0<\/span><\/p>\n<p><span style=\"font-family: 'Book Antiqua', Palatino; font-size: 120%; color: #333399;\">Compatible with Ultima 8 Gigahertz Solutions adjustable sensitivity field switch.<\/span><\/p>","protected":false},"featured_media":2112,"comment_status":"open","ping_status":"closed","template":"","meta":[],"product_brand":[269],"product_cat":[164],"product_tag":[248,246,247,251,245],"class_list":{"0":"post-2111","1":"product","2":"type-product","3":"status-publish","4":"has-post-thumbnail","6":"product_brand-gigahertz-solutions","7":"product_cat-baubiologie","8":"product_tag-baubiologie","9":"product_tag-bureau","10":"product_tag-chambre","11":"product_tag-electricite","12":"product_tag-maison","14":"first","15":"instock","16":"taxable","17":"shipping-taxable","18":"purchasable","19":"product-type-simple"},"yoast_head":"<!-- This site is optimized with the Yoast SEO Premium plugin v25.1 (Yoast SEO v27.4) - https:\/\/yoast.com\/product\/yoast-seo-premium-wordpress\/ -->\n<title>El\u00e9ment de base de charge GL Gigahertz Solutions pour interrupteurs automatiques de champ Ultimament f\u00f6r Ultima 8 automatiska f\u00e4ltomkopplare GL Gigahertz | Agara<\/title>\n<meta name=\"description\" content=\"L&#039;\u00e9l\u00e9ment de base de charge GL Gigahertz Solutions permet de d\u00e9tecter de mani\u00e8re fiable les petits consommateurs m\u00eame si des appareils en veille sont branch\u00e9s sur le circuit.\u00a0Compatible avec l&#039;interrupteur de champs \u00e0 sensibilit\u00e9 r\u00e9glable Ultima 8 Gigahertz Solutions.\" \/>\n<meta name=\"robots\" content=\"index, follow, max-snippet:-1, max-image-preview:large, max-video-preview:-1\" \/>\n<link rel=\"canonical\" href=\"https:\/\/369agara.com\/en\/product\/element-base-charge-interrupteur-ultima\/\" \/>\n<meta property=\"og:locale\" content=\"en_GB\" \/>\n<meta property=\"og:type\" content=\"article\" \/>\n<meta property=\"og:title\" content=\"El\u00e9ment de base de charge GL Gigahertz Solutions pour interrupteurs automatiques de champ Ultimament f\u00f6r Ultima 8 automatiska f\u00e4ltomkopplare GL Gigahertz\" \/>\n<meta property=\"og:description\" content=\"L&#039;\u00e9l\u00e9ment de base de charge GL Gigahertz Solutions permet de d\u00e9tecter de mani\u00e8re fiable les petits consommateurs m\u00eame si des appareils en veille sont branch\u00e9s sur le circuit.\u00a0Compatible avec l&#039;interrupteur de champs \u00e0 sensibilit\u00e9 r\u00e9glable Ultima 8 Gigahertz Solutions.\" \/>\n<meta property=\"og:url\" content=\"https:\/\/369agara.com\/en\/product\/element-base-charge-interrupteur-ultima\/\" \/>\n<meta property=\"og:site_name\" content=\"Agara\" \/>\n<meta property=\"article:modified_time\" content=\"2025-05-15T19:51:17+00:00\" \/>\n<meta property=\"og:image\" content=\"https:\/\/369agara.com\/wp-content\/uploads\/2023\/09\/element-de-base-de-charge-gl-gigahertz-solutions-interrupteurs-automatiques-de-champ-ultima.jpg\" \/>\n\t<meta property=\"og:image:width\" content=\"800\" \/>\n\t<meta property=\"og:image:height\" content=\"800\" \/>\n\t<meta property=\"og:image:type\" content=\"image\/jpeg\" \/>\n<meta name=\"twitter:card\" content=\"summary_large_image\" \/>\n<meta name=\"twitter:label1\" content=\"Estimated reading time\" \/>\n\t<meta name=\"twitter:data1\" content=\"1 minute\" \/>\n<script type=\"application\/ld+json\" class=\"yoast-schema-graph\">{\"@context\":\"https:\\\/\\\/schema.org\",\"@graph\":[{\"@type\":\"WebPage\",\"@id\":\"https:\\\/\\\/369agara.com\\\/produit\\\/element-base-charge-interrupteur-ultima\\\/\",\"url\":\"https:\\\/\\\/369agara.com\\\/produit\\\/element-base-charge-interrupteur-ultima\\\/\",\"name\":\"El\u00e9ment de base de charge GL Gigahertz Solutions pour interrupteurs automatiques de champ Ultimament f\u00f6r Ultima 8 automatiska f\u00e4ltomkopplare GL Gigahertz | Agara\",\"isPartOf\":{\"@id\":\"https:\\\/\\\/369agara.com\\\/#website\"},\"primaryImageOfPage\":{\"@id\":\"https:\\\/\\\/369agara.com\\\/produit\\\/element-base-charge-interrupteur-ultima\\\/#primaryimage\"},\"image\":{\"@id\":\"https:\\\/\\\/369agara.com\\\/produit\\\/element-base-charge-interrupteur-ultima\\\/#primaryimage\"},\"thumbnailUrl\":\"https:\\\/\\\/369agara.com\\\/wp-content\\\/uploads\\\/2023\\\/09\\\/element-de-base-de-charge-gl-gigahertz-solutions-interrupteurs-automatiques-de-champ-ultima.jpg\",\"datePublished\":\"2023-09-24T13:44:54+00:00\",\"dateModified\":\"2025-05-15T19:51:17+00:00\",\"description\":\"L'\u00e9l\u00e9ment de base de charge GL Gigahertz Solutions permet de d\u00e9tecter de mani\u00e8re fiable les petits consommateurs m\u00eame si des appareils en veille sont branch\u00e9s sur le circuit.\u00a0Compatible avec l'interrupteur de champs \u00e0 sensibilit\u00e9 r\u00e9glable Ultima 8 Gigahertz Solutions.\",\"breadcrumb\":{\"@id\":\"https:\\\/\\\/369agara.com\\\/produit\\\/element-base-charge-interrupteur-ultima\\\/#breadcrumb\"},\"inLanguage\":\"en-GB\",\"potentialAction\":[{\"@type\":\"ReadAction\",\"target\":[\"https:\\\/\\\/369agara.com\\\/produit\\\/element-base-charge-interrupteur-ultima\\\/\"]}]},{\"@type\":\"ImageObject\",\"inLanguage\":\"en-GB\",\"@id\":\"https:\\\/\\\/369agara.com\\\/produit\\\/element-base-charge-interrupteur-ultima\\\/#primaryimage\",\"url\":\"https:\\\/\\\/369agara.com\\\/wp-content\\\/uploads\\\/2023\\\/09\\\/element-de-base-de-charge-gl-gigahertz-solutions-interrupteurs-automatiques-de-champ-ultima.jpg\",\"contentUrl\":\"https:\\\/\\\/369agara.com\\\/wp-content\\\/uploads\\\/2023\\\/09\\\/element-de-base-de-charge-gl-gigahertz-solutions-interrupteurs-automatiques-de-champ-ultima.jpg\",\"width\":800,\"height\":800},{\"@type\":\"BreadcrumbList\",\"@id\":\"https:\\\/\\\/369agara.com\\\/produit\\\/element-base-charge-interrupteur-ultima\\\/#breadcrumb\",\"itemListElement\":[{\"@type\":\"ListItem\",\"position\":1,\"name\":\"Accueil\",\"item\":\"https:\\\/\\\/369agara.com\\\/\"},{\"@type\":\"ListItem\",\"position\":2,\"name\":\"La boutique\",\"item\":\"https:\\\/\\\/369agara.com\\\/la-boutique\\\/\"},{\"@type\":\"ListItem\",\"position\":3,\"name\":\"El\u00e9ment de base de charge GL Gigahertz Solutions pour interrupteurs automatiques de champ Ultimament f\u00f6r Ultima 8 automatiska f\u00e4ltomkopplare GL Gigahertz\"}]},{\"@type\":\"WebSite\",\"@id\":\"https:\\\/\\\/369agara.com\\\/#website\",\"url\":\"https:\\\/\\\/369agara.com\\\/\",\"name\":\"Livsrikedomar\",\"description\":\"D\u00e9connectez pour mieux vous connecter\",\"publisher\":{\"@id\":\"https:\\\/\\\/369agara.com\\\/#organization\"},\"potentialAction\":[{\"@type\":\"SearchAction\",\"target\":{\"@type\":\"EntryPoint\",\"urlTemplate\":\"https:\\\/\\\/369agara.com\\\/?s={search_term_string}\"},\"query-input\":{\"@type\":\"PropertyValueSpecification\",\"valueRequired\":true,\"valueName\":\"search_term_string\"}}],\"inLanguage\":\"en-GB\"},{\"@type\":\"Organization\",\"@id\":\"https:\\\/\\\/369agara.com\\\/#organization\",\"name\":\"EACreations\",\"url\":\"https:\\\/\\\/369agara.com\\\/\",\"logo\":{\"@type\":\"ImageObject\",\"inLanguage\":\"en-GB\",\"@id\":\"https:\\\/\\\/369agara.com\\\/#\\\/schema\\\/logo\\\/image\\\/\",\"url\":\"\",\"contentUrl\":\"\",\"caption\":\"EACreations\"},\"image\":{\"@id\":\"https:\\\/\\\/369agara.com\\\/#\\\/schema\\\/logo\\\/image\\\/\"}}]}<\/script>\n<!-- \/ Yoast SEO Premium plugin. -->","yoast_head_json":{"title":"El\u00e9ment de base de charge GL Gigahertz Solutions pour interrupteurs automatiques de champ Ultimament f\u00f6r Ultima 8 automatiska f\u00e4ltomkopplare GL Gigahertz | Agara","description":"The GL Gigahertz Solutions load base element reliably detects small consumers even if standby devices are connected to the circuit. Compatible with the Ultima 8 Gigahertz Solutions sensitivity-adjustable field switch.","robots":{"index":"index","follow":"follow","max-snippet":"max-snippet:-1","max-image-preview":"max-image-preview:large","max-video-preview":"max-video-preview:-1"},"canonical":"https:\/\/369agara.com\/en\/product\/element-base-charge-interrupteur-ultima\/","og_locale":"en_GB","og_type":"article","og_title":"El\u00e9ment de base de charge GL Gigahertz Solutions pour interrupteurs automatiques de champ Ultimament f\u00f6r Ultima 8 automatiska f\u00e4ltomkopplare GL Gigahertz","og_description":"L'\u00e9l\u00e9ment de base de charge GL Gigahertz Solutions permet de d\u00e9tecter de mani\u00e8re fiable les petits consommateurs m\u00eame si des appareils en veille sont branch\u00e9s sur le circuit.\u00a0Compatible avec l'interrupteur de champs \u00e0 sensibilit\u00e9 r\u00e9glable Ultima 8 Gigahertz Solutions.","og_url":"https:\/\/369agara.com\/en\/product\/element-base-charge-interrupteur-ultima\/","og_site_name":"Agara","article_modified_time":"2025-05-15T19:51:17+00:00","og_image":[{"width":800,"height":800,"url":"https:\/\/369agara.com\/wp-content\/uploads\/2023\/09\/element-de-base-de-charge-gl-gigahertz-solutions-interrupteurs-automatiques-de-champ-ultima.jpg","type":"image\/jpeg"}],"twitter_card":"summary_large_image","twitter_misc":{"Estimated reading time":"1 minute"},"schema":{"@context":"https:\/\/schema.org","@graph":[{"@type":"WebPage","@id":"https:\/\/369agara.com\/produit\/element-base-charge-interrupteur-ultima\/","url":"https:\/\/369agara.com\/produit\/element-base-charge-interrupteur-ultima\/","name":"El\u00e9ment de base de charge GL Gigahertz Solutions pour interrupteurs automatiques de champ Ultimament f\u00f6r Ultima 8 automatiska f\u00e4ltomkopplare GL Gigahertz | Agara","isPartOf":{"@id":"https:\/\/369agara.com\/#website"},"primaryImageOfPage":{"@id":"https:\/\/369agara.com\/produit\/element-base-charge-interrupteur-ultima\/#primaryimage"},"image":{"@id":"https:\/\/369agara.com\/produit\/element-base-charge-interrupteur-ultima\/#primaryimage"},"thumbnailUrl":"https:\/\/369agara.com\/wp-content\/uploads\/2023\/09\/element-de-base-de-charge-gl-gigahertz-solutions-interrupteurs-automatiques-de-champ-ultima.jpg","datePublished":"2023-09-24T13:44:54+00:00","dateModified":"2025-05-15T19:51:17+00:00","description":"The GL Gigahertz Solutions load base element reliably detects small consumers even if standby devices are connected to the circuit. Compatible with the Ultima 8 Gigahertz Solutions sensitivity-adjustable field switch.","breadcrumb":{"@id":"https:\/\/369agara.com\/produit\/element-base-charge-interrupteur-ultima\/#breadcrumb"},"inLanguage":"en-GB","potentialAction":[{"@type":"ReadAction","target":["https:\/\/369agara.com\/produit\/element-base-charge-interrupteur-ultima\/"]}]},{"@type":"ImageObject","inLanguage":"en-GB","@id":"https:\/\/369agara.com\/produit\/element-base-charge-interrupteur-ultima\/#primaryimage","url":"https:\/\/369agara.com\/wp-content\/uploads\/2023\/09\/element-de-base-de-charge-gl-gigahertz-solutions-interrupteurs-automatiques-de-champ-ultima.jpg","contentUrl":"https:\/\/369agara.com\/wp-content\/uploads\/2023\/09\/element-de-base-de-charge-gl-gigahertz-solutions-interrupteurs-automatiques-de-champ-ultima.jpg","width":800,"height":800},{"@type":"BreadcrumbList","@id":"https:\/\/369agara.com\/produit\/element-base-charge-interrupteur-ultima\/#breadcrumb","itemListElement":[{"@type":"ListItem","position":1,"name":"Accueil","item":"https:\/\/369agara.com\/"},{"@type":"ListItem","position":2,"name":"La boutique","item":"https:\/\/369agara.com\/la-boutique\/"},{"@type":"ListItem","position":3,"name":"El\u00e9ment de base de charge GL Gigahertz Solutions pour interrupteurs automatiques de champ Ultimament f\u00f6r Ultima 8 automatiska f\u00e4ltomkopplare GL Gigahertz"}]},{"@type":"WebSite","@id":"https:\/\/369agara.com\/#website","url":"https:\/\/369agara.com\/","name":"Livsrikedomar","description":"Disconnect to better connect","publisher":{"@id":"https:\/\/369agara.com\/#organization"},"potentialAction":[{"@type":"SearchAction","target":{"@type":"EntryPoint","urlTemplate":"https:\/\/369agara.com\/?s={search_term_string}"},"query-input":{"@type":"PropertyValueSpecification","valueRequired":true,"valueName":"search_term_string"}}],"inLanguage":"en-GB"},{"@type":"Organization","@id":"https:\/\/369agara.com\/#organization","name":"EACreations","url":"https:\/\/369agara.com\/","logo":{"@type":"ImageObject","inLanguage":"en-GB","@id":"https:\/\/369agara.com\/#\/schema\/logo\/image\/","url":"","contentUrl":"","caption":"EACreations"},"image":{"@id":"https:\/\/369agara.com\/#\/schema\/logo\/image\/"}}]}},"jetpack_sharing_enabled":true,"_links":{"self":[{"href":"https:\/\/369agara.com\/en\/wp-json\/wp\/v2\/product\/2111","targetHints":{"allow":["GET"]}}],"collection":[{"href":"https:\/\/369agara.com\/en\/wp-json\/wp\/v2\/product"}],"about":[{"href":"https:\/\/369agara.com\/en\/wp-json\/wp\/v2\/types\/product"}],"replies":[{"embeddable":true,"href":"https:\/\/369agara.com\/en\/wp-json\/wp\/v2\/comments?post=2111"}],"wp:featuredmedia":[{"embeddable":true,"href":"https:\/\/369agara.com\/en\/wp-json\/wp\/v2\/media\/2112"}],"wp:attachment":[{"href":"https:\/\/369agara.com\/en\/wp-json\/wp\/v2\/media?parent=2111"}],"wp:term":[{"taxonomy":"product_brand","embeddable":true,"href":"https:\/\/369agara.com\/en\/wp-json\/wp\/v2\/product_brand?post=2111"},{"taxonomy":"product_cat","embeddable":true,"href":"https:\/\/369agara.com\/en\/wp-json\/wp\/v2\/product_cat?post=2111"},{"taxonomy":"product_tag","embeddable":true,"href":"https:\/\/369agara.com\/en\/wp-json\/wp\/v2\/product_tag?post=2111"}],"curies":[{"name":"wp","href":"https:\/\/api.w.org\/{rel}","templated":true}]}}