{"id":2123,"date":"2023-09-25T16:55:53","date_gmt":"2023-09-25T14:55:53","guid":{"rendered":"https:\/\/369agara.com\/?post_type=product&#038;p=2123"},"modified":"2025-05-11T20:24:36","modified_gmt":"2025-05-11T18:24:36","slug":"lampe-bureau-blindee-architecte","status":"publish","type":"product","link":"https:\/\/369agara.com\/en\/product\/lampe-bureau-blindee-architecte\/","title":{"rendered":"Danell Biologa \"Architect\" armoured desk lamp matt aluminium | matt black"},"content":{"rendered":"<p><span style=\"font-family: 'Book Antiqua', Palatino; font-size: 120%; color: #333399;\">The Biologa Danell \"Architect\" shielded desk lamp provides protection from electric and magnetic fields.<\/span><\/p>\n<p><span style=\"font-family: 'Book Antiqua', Palatino; font-size: 120%; color: #333399;\">It also combines sleek design with ease of use (long rotating arm, clear reading).<\/span><\/p>\n<p><span style=\"font-family: 'Book Antiqua', Palatino; font-size: 120%; color: #333399;\">All Danell Biologa shielded lamps are made from healthy, environmentally-friendly materials and, above all, are free from electrical pollution.<\/span><\/p>\n<ul>\n<li><span style=\"font-family: 'Book Antiqua', Palatino; font-size: 120%; color: #333399;\">The cable used is shielded: the 3 wires (phase + neutral + earth) are surrounded by a metal foil which is earthed to eliminate the electric field.<\/span><\/li>\n<li><span style=\"font-family: 'Book Antiqua', Palatino; font-size: 120%; color: #333399;\">The 3 wires are twisted 15 times per metre to attenuate the magnetic field.<\/span><\/li>\n<li><span style=\"font-family: 'Book Antiqua', Palatino; font-size: 120%; color: #333399;\">The 3-pole plug is shielded. The fact that it is earthed also means that you can't connect it the wrong way round.<\/span><\/li>\n<li><span style=\"font-family: 'Book Antiqua', Palatino; font-size: 120%; color: #333399;\">The switch is bipolar (simultaneously cuts off phase and neutral).<\/span><\/li>\n<li><span style=\"font-family: 'Book Antiqua', Palatino; font-size: 120%; color: #333399;\">A shielding coil is screwed onto each bulb to eliminate any remaining electric fields emitted by the bulb.<\/span><\/li>\n<\/ul>\n<p><span style=\"font-family: 'Book Antiqua', Palatino; font-size: 120%; color: #333399;\">Electric fields affect our nervous, endocrine and immune systems. They affect the quality of your sleep and your ability to recover, and generate stress, nervousness and difficulty concentrating. They also upset the acid-base balance by acidifying our bodies. You can eliminate these harmful effects by opting for a shielded lamp!<\/span><\/p>\n<p><span style=\"font-family: 'Book Antiqua', Palatino; font-size: 120%; color: #ed1c24;\"><strong>Warning! To suppress electric fields, this shielded lamp must be plugged into an earthed wall socket or power strip!\u00a0<\/strong><\/span><\/p>\n<h3><span style=\"font-family: 'Book Antiqua', Palatino; font-size: 120%; color: #333399;\">Comparative shielding effect (valid for all Biologa Danell shielded luminaires)<\/span><\/h3>\n<p><span style=\"font-family: 'Book Antiqua', Palatino; font-size: 120%; color: #333399;\">An unshielded luminaire (protection class 2) with an unshielded supply cable produces an alternating electric field of 100.0 to 160.0 V\/m (guideline value recommended by Habitat Biology: 10 V\/m).<\/span><\/p>\n<p><span style=\"font-family: 'Book Antiqua', Palatino; font-size: 120%; color: #333399;\">The shielded luminaire (protection class 1) with an appropriate design only generates an alternating electric field of between 0.4 and 0.6 V\/m.<\/span><br \/>\n<span style=\"font-family: 'Book Antiqua', Palatino; font-size: 120%; color: #333399;\">The test is carried out in accordance with the specifications, frequency bands and measuring distances of the recognised screen standards (for low-radiation screens and monitors): TCO'99, Volume I (MPR II) and DIN EN 50279 (measuring distance 30 cm).<\/span><\/p>\n<h3><span style=\"font-family: 'Book Antiqua', Palatino; font-size: 120%; color: #333399;\">Technical specifications<\/span><\/h3>\n<ul>\n<li><span style=\"font-family: 'Book Antiqua', Palatino; font-size: 120%; color: #333399;\">Matt aluminium<\/span><\/li>\n<li><span style=\"font-family: 'Book Antiqua', Palatino; font-size: 120%; color: #333399;\">Arm length: approx. 1 metre<\/span><\/li>\n<li><span style=\"font-family: 'Book Antiqua', Palatino; font-size: 120%; color: #333399;\">Reflector diameter: approx. 19 cm<\/span><\/li>\n<li><span style=\"font-family: 'Book Antiqua', Palatino; font-size: 120%; color: #333399;\">The reflector is the same colour as the lamp on the outside, matt white on the inside for greater clarity.<\/span><\/li>\n<li><span style=\"font-family: 'Book Antiqua', Palatino; font-size: 120%; color: #333399;\">Black shielded cable, approx. 2 metres<\/span><\/li>\n<li><span style=\"font-family: 'Book Antiqua', Palatino; font-size: 120%; color: #333399;\">Fixing clamp (max. 70 mm thick) included<\/span><\/li>\n<li><span style=\"font-family: 'Book Antiqua', Palatino; font-size: 120%; color: #333399;\">Supplied with an E27 ceramic socket and 2 x 48 W 740 lm halogen capsules (energy efficiency class C)<\/span><\/li>\n<\/ul>\n<p><span style=\"font-family: 'Book Antiqua', Palatino; font-size: 120%; color: #333399;\">Warranty: 3 years<\/span><\/p>\n<p><span style=\"font-family: 'Book Antiqua', Palatino; font-size: 120%; color: #333399;\">Optional base in matching colour (diameter 26 cm, weight 6.5 kg)<\/span><\/p>\n<p><span style=\"font-family: 'Book Antiqua', Palatino; font-size: 120%; color: #333399;\">Made in Germany by Biologa Danell.\u00a0<\/span><\/p>","protected":false},"excerpt":{"rendered":"<p><span style=\"font-family: 'Book Antiqua', Palatino; font-size: 120%; color: #333399;\">The Biologa Danell \"Architect\" shielded desk lamp provides protection from waves (electric and magnetic fields).\u00a0<\/span><\/p>\n<p><span style=\"font-family: 'Book Antiqua', Palatino; font-size: 120%; color: #333399;\">Its advantages: shielded cable, earth connection, bipolar switch, shielding coil, etc.\u00a0<\/span><\/p>\n<p><span style=\"font-family: 'Book Antiqua', Palatino; font-size: 120%; color: #333399;\">Supplied with a fixing clip in the same colour as the lamp. Optional foot.<\/span><\/p>","protected":false},"featured_media":2130,"comment_status":"open","ping_status":"closed","template":"","meta":[],"product_brand":[],"product_cat":[164],"product_tag":[248,246,247,249,258,245],"class_list":{"0":"post-2123","1":"product","2":"type-product","3":"status-publish","4":"has-post-thumbnail","6":"product_cat-baubiologie","7":"product_tag-baubiologie","8":"product_tag-bureau","9":"product_tag-chambre","10":"product_tag-electromagnetisme","11":"product_tag-lampe","12":"product_tag-maison","14":"first","15":"instock","16":"taxable","17":"shipping-taxable","18":"purchasable","19":"product-type-variable"},"yoast_head":"<!-- This site is optimized with the Yoast SEO Premium plugin v25.1 (Yoast SEO v27.4) - https:\/\/yoast.com\/product\/yoast-seo-premium-wordpress\/ -->\n<title>Lampe de bureau blind\u00e9e Biologa Danell &quot;Architecte&quot; alu mat | noir mat | Agara<\/title>\n<meta name=\"description\" content=\"Biologa Danell &#039;Architecte&#039; sk\u00e4rmad skrivbordslampa skyddar mot v\u00e5gor (elektriska och magnetiska f\u00e4lt). Dess f\u00f6rdelar: sk\u00e4rmad kabel, jordanslutning, bipol\u00e4r brytare, sk\u00e4rmsv\u00e4ng, etc. Levereras med f\u00e4stkl\u00e4mma i lampans f\u00e4rg. Valfri fot.\" \/>\n<meta name=\"robots\" content=\"index, follow, max-snippet:-1, max-image-preview:large, max-video-preview:-1\" \/>\n<link rel=\"canonical\" href=\"https:\/\/369agara.com\/en\/product\/lampe-bureau-blindee-architecte\/\" \/>\n<meta property=\"og:locale\" content=\"en_GB\" \/>\n<meta property=\"og:type\" content=\"article\" \/>\n<meta property=\"og:title\" content=\"Lampe de bureau blind\u00e9e Biologa Danell &quot;Architecte&quot; alu mat | noir mat\" \/>\n<meta property=\"og:description\" content=\"Biologa Danell &#039;Architecte&#039; sk\u00e4rmad skrivbordslampa skyddar mot v\u00e5gor (elektriska och magnetiska f\u00e4lt). Dess f\u00f6rdelar: sk\u00e4rmad kabel, jordanslutning, bipol\u00e4r brytare, sk\u00e4rmsv\u00e4ng, etc. Levereras med f\u00e4stkl\u00e4mma i lampans f\u00e4rg. Valfri fot.\" \/>\n<meta property=\"og:url\" content=\"https:\/\/369agara.com\/en\/product\/lampe-bureau-blindee-architecte\/\" \/>\n<meta property=\"og:site_name\" content=\"Agara\" \/>\n<meta property=\"article:modified_time\" content=\"2025-05-11T18:24:36+00:00\" \/>\n<meta property=\"og:image\" content=\"https:\/\/369agara.com\/wp-content\/uploads\/2023\/09\/lampe-de-bureau-blindee-danell-architecte-alu-mat.jpg\" \/>\n\t<meta property=\"og:image:width\" content=\"800\" \/>\n\t<meta property=\"og:image:height\" content=\"800\" \/>\n\t<meta property=\"og:image:type\" content=\"image\/jpeg\" \/>\n<meta name=\"twitter:card\" content=\"summary_large_image\" \/>\n<meta name=\"twitter:label1\" content=\"Estimated reading time\" \/>\n\t<meta name=\"twitter:data1\" content=\"3 minutes\" \/>\n<script type=\"application\/ld+json\" class=\"yoast-schema-graph\">{\"@context\":\"https:\\\/\\\/schema.org\",\"@graph\":[{\"@type\":\"WebPage\",\"@id\":\"https:\\\/\\\/369agara.com\\\/produit\\\/lampe-bureau-blindee-architecte\\\/\",\"url\":\"https:\\\/\\\/369agara.com\\\/produit\\\/lampe-bureau-blindee-architecte\\\/\",\"name\":\"Lampe de bureau blind\u00e9e Biologa Danell \\\"Architecte\\\" alu mat | noir mat | Agara\",\"isPartOf\":{\"@id\":\"https:\\\/\\\/369agara.com\\\/#website\"},\"primaryImageOfPage\":{\"@id\":\"https:\\\/\\\/369agara.com\\\/produit\\\/lampe-bureau-blindee-architecte\\\/#primaryimage\"},\"image\":{\"@id\":\"https:\\\/\\\/369agara.com\\\/produit\\\/lampe-bureau-blindee-architecte\\\/#primaryimage\"},\"thumbnailUrl\":\"https:\\\/\\\/369agara.com\\\/wp-content\\\/uploads\\\/2023\\\/09\\\/lampe-de-bureau-blindee-danell-architecte-alu-mat.jpg\",\"datePublished\":\"2023-09-25T14:55:53+00:00\",\"dateModified\":\"2025-05-11T18:24:36+00:00\",\"description\":\"Biologa Danell 'Architecte' sk\u00e4rmad skrivbordslampa skyddar mot v\u00e5gor (elektriska och magnetiska f\u00e4lt). Dess f\u00f6rdelar: sk\u00e4rmad kabel, jordanslutning, bipol\u00e4r brytare, sk\u00e4rmsv\u00e4ng, etc. Levereras med f\u00e4stkl\u00e4mma i lampans f\u00e4rg. Valfri fot.\",\"breadcrumb\":{\"@id\":\"https:\\\/\\\/369agara.com\\\/produit\\\/lampe-bureau-blindee-architecte\\\/#breadcrumb\"},\"inLanguage\":\"en-GB\",\"potentialAction\":[{\"@type\":\"ReadAction\",\"target\":[\"https:\\\/\\\/369agara.com\\\/produit\\\/lampe-bureau-blindee-architecte\\\/\"]}]},{\"@type\":\"ImageObject\",\"inLanguage\":\"en-GB\",\"@id\":\"https:\\\/\\\/369agara.com\\\/produit\\\/lampe-bureau-blindee-architecte\\\/#primaryimage\",\"url\":\"https:\\\/\\\/369agara.com\\\/wp-content\\\/uploads\\\/2023\\\/09\\\/lampe-de-bureau-blindee-danell-architecte-alu-mat.jpg\",\"contentUrl\":\"https:\\\/\\\/369agara.com\\\/wp-content\\\/uploads\\\/2023\\\/09\\\/lampe-de-bureau-blindee-danell-architecte-alu-mat.jpg\",\"width\":800,\"height\":800},{\"@type\":\"BreadcrumbList\",\"@id\":\"https:\\\/\\\/369agara.com\\\/produit\\\/lampe-bureau-blindee-architecte\\\/#breadcrumb\",\"itemListElement\":[{\"@type\":\"ListItem\",\"position\":1,\"name\":\"Accueil\",\"item\":\"https:\\\/\\\/369agara.com\\\/\"},{\"@type\":\"ListItem\",\"position\":2,\"name\":\"La boutique\",\"item\":\"https:\\\/\\\/369agara.com\\\/la-boutique\\\/\"},{\"@type\":\"ListItem\",\"position\":3,\"name\":\"Lampe de bureau blind\u00e9e Biologa Danell \u00ab\u00a0Architecte\u00a0\u00bb alu mat | noir mat\"}]},{\"@type\":\"WebSite\",\"@id\":\"https:\\\/\\\/369agara.com\\\/#website\",\"url\":\"https:\\\/\\\/369agara.com\\\/\",\"name\":\"Livsrikedomar\",\"description\":\"D\u00e9connectez pour mieux vous connecter\",\"publisher\":{\"@id\":\"https:\\\/\\\/369agara.com\\\/#organization\"},\"potentialAction\":[{\"@type\":\"SearchAction\",\"target\":{\"@type\":\"EntryPoint\",\"urlTemplate\":\"https:\\\/\\\/369agara.com\\\/?s={search_term_string}\"},\"query-input\":{\"@type\":\"PropertyValueSpecification\",\"valueRequired\":true,\"valueName\":\"search_term_string\"}}],\"inLanguage\":\"en-GB\"},{\"@type\":\"Organization\",\"@id\":\"https:\\\/\\\/369agara.com\\\/#organization\",\"name\":\"EACreations\",\"url\":\"https:\\\/\\\/369agara.com\\\/\",\"logo\":{\"@type\":\"ImageObject\",\"inLanguage\":\"en-GB\",\"@id\":\"https:\\\/\\\/369agara.com\\\/#\\\/schema\\\/logo\\\/image\\\/\",\"url\":\"\",\"contentUrl\":\"\",\"caption\":\"EACreations\"},\"image\":{\"@id\":\"https:\\\/\\\/369agara.com\\\/#\\\/schema\\\/logo\\\/image\\\/\"}}]}<\/script>\n<!-- \/ Yoast SEO Premium plugin. -->","yoast_head_json":{"title":"Lampe de bureau blind\u00e9e Biologa Danell \"Architecte\" alu mat | noir mat | Agara","description":"Biologa Danell 'Architecte' sk\u00e4rmad skrivbordslampa skyddar mot v\u00e5gor (elektriska och magnetiska f\u00e4lt). Dess f\u00f6rdelar: sk\u00e4rmad kabel, jordanslutning, bipol\u00e4r brytare, sk\u00e4rmsv\u00e4ng, etc. Levereras med f\u00e4stkl\u00e4mma i lampans f\u00e4rg. Valfri fot.","robots":{"index":"index","follow":"follow","max-snippet":"max-snippet:-1","max-image-preview":"max-image-preview:large","max-video-preview":"max-video-preview:-1"},"canonical":"https:\/\/369agara.com\/en\/product\/lampe-bureau-blindee-architecte\/","og_locale":"en_GB","og_type":"article","og_title":"Lampe de bureau blind\u00e9e Biologa Danell \"Architecte\" alu mat | noir mat","og_description":"Biologa Danell 'Architecte' sk\u00e4rmad skrivbordslampa skyddar mot v\u00e5gor (elektriska och magnetiska f\u00e4lt). Dess f\u00f6rdelar: sk\u00e4rmad kabel, jordanslutning, bipol\u00e4r brytare, sk\u00e4rmsv\u00e4ng, etc. Levereras med f\u00e4stkl\u00e4mma i lampans f\u00e4rg. Valfri fot.","og_url":"https:\/\/369agara.com\/en\/product\/lampe-bureau-blindee-architecte\/","og_site_name":"Agara","article_modified_time":"2025-05-11T18:24:36+00:00","og_image":[{"width":800,"height":800,"url":"https:\/\/369agara.com\/wp-content\/uploads\/2023\/09\/lampe-de-bureau-blindee-danell-architecte-alu-mat.jpg","type":"image\/jpeg"}],"twitter_card":"summary_large_image","twitter_misc":{"Estimated reading time":"3 minutes"},"schema":{"@context":"https:\/\/schema.org","@graph":[{"@type":"WebPage","@id":"https:\/\/369agara.com\/produit\/lampe-bureau-blindee-architecte\/","url":"https:\/\/369agara.com\/produit\/lampe-bureau-blindee-architecte\/","name":"Lampe de bureau blind\u00e9e Biologa Danell \"Architecte\" alu mat | noir mat | Agara","isPartOf":{"@id":"https:\/\/369agara.com\/#website"},"primaryImageOfPage":{"@id":"https:\/\/369agara.com\/produit\/lampe-bureau-blindee-architecte\/#primaryimage"},"image":{"@id":"https:\/\/369agara.com\/produit\/lampe-bureau-blindee-architecte\/#primaryimage"},"thumbnailUrl":"https:\/\/369agara.com\/wp-content\/uploads\/2023\/09\/lampe-de-bureau-blindee-danell-architecte-alu-mat.jpg","datePublished":"2023-09-25T14:55:53+00:00","dateModified":"2025-05-11T18:24:36+00:00","description":"Biologa Danell 'Architecte' sk\u00e4rmad skrivbordslampa skyddar mot v\u00e5gor (elektriska och magnetiska f\u00e4lt). Dess f\u00f6rdelar: sk\u00e4rmad kabel, jordanslutning, bipol\u00e4r brytare, sk\u00e4rmsv\u00e4ng, etc. Levereras med f\u00e4stkl\u00e4mma i lampans f\u00e4rg. Valfri fot.","breadcrumb":{"@id":"https:\/\/369agara.com\/produit\/lampe-bureau-blindee-architecte\/#breadcrumb"},"inLanguage":"en-GB","potentialAction":[{"@type":"ReadAction","target":["https:\/\/369agara.com\/produit\/lampe-bureau-blindee-architecte\/"]}]},{"@type":"ImageObject","inLanguage":"en-GB","@id":"https:\/\/369agara.com\/produit\/lampe-bureau-blindee-architecte\/#primaryimage","url":"https:\/\/369agara.com\/wp-content\/uploads\/2023\/09\/lampe-de-bureau-blindee-danell-architecte-alu-mat.jpg","contentUrl":"https:\/\/369agara.com\/wp-content\/uploads\/2023\/09\/lampe-de-bureau-blindee-danell-architecte-alu-mat.jpg","width":800,"height":800},{"@type":"BreadcrumbList","@id":"https:\/\/369agara.com\/produit\/lampe-bureau-blindee-architecte\/#breadcrumb","itemListElement":[{"@type":"ListItem","position":1,"name":"Accueil","item":"https:\/\/369agara.com\/"},{"@type":"ListItem","position":2,"name":"La boutique","item":"https:\/\/369agara.com\/la-boutique\/"},{"@type":"ListItem","position":3,"name":"Lampe de bureau blind\u00e9e Biologa Danell \u00ab\u00a0Architecte\u00a0\u00bb alu mat | noir mat"}]},{"@type":"WebSite","@id":"https:\/\/369agara.com\/#website","url":"https:\/\/369agara.com\/","name":"Livsrikedomar","description":"Disconnect to better connect","publisher":{"@id":"https:\/\/369agara.com\/#organization"},"potentialAction":[{"@type":"SearchAction","target":{"@type":"EntryPoint","urlTemplate":"https:\/\/369agara.com\/?s={search_term_string}"},"query-input":{"@type":"PropertyValueSpecification","valueRequired":true,"valueName":"search_term_string"}}],"inLanguage":"en-GB"},{"@type":"Organization","@id":"https:\/\/369agara.com\/#organization","name":"EACreations","url":"https:\/\/369agara.com\/","logo":{"@type":"ImageObject","inLanguage":"en-GB","@id":"https:\/\/369agara.com\/#\/schema\/logo\/image\/","url":"","contentUrl":"","caption":"EACreations"},"image":{"@id":"https:\/\/369agara.com\/#\/schema\/logo\/image\/"}}]}},"jetpack_sharing_enabled":true,"_links":{"self":[{"href":"https:\/\/369agara.com\/en\/wp-json\/wp\/v2\/product\/2123","targetHints":{"allow":["GET"]}}],"collection":[{"href":"https:\/\/369agara.com\/en\/wp-json\/wp\/v2\/product"}],"about":[{"href":"https:\/\/369agara.com\/en\/wp-json\/wp\/v2\/types\/product"}],"replies":[{"embeddable":true,"href":"https:\/\/369agara.com\/en\/wp-json\/wp\/v2\/comments?post=2123"}],"wp:featuredmedia":[{"embeddable":true,"href":"https:\/\/369agara.com\/en\/wp-json\/wp\/v2\/media\/2130"}],"wp:attachment":[{"href":"https:\/\/369agara.com\/en\/wp-json\/wp\/v2\/media?parent=2123"}],"wp:term":[{"taxonomy":"product_brand","embeddable":true,"href":"https:\/\/369agara.com\/en\/wp-json\/wp\/v2\/product_brand?post=2123"},{"taxonomy":"product_cat","embeddable":true,"href":"https:\/\/369agara.com\/en\/wp-json\/wp\/v2\/product_cat?post=2123"},{"taxonomy":"product_tag","embeddable":true,"href":"https:\/\/369agara.com\/en\/wp-json\/wp\/v2\/product_tag?post=2123"}],"curies":[{"name":"wp","href":"https:\/\/api.w.org\/{rel}","templated":true}]}}