{"id":2136,"date":"2023-09-25T17:33:51","date_gmt":"2023-09-25T15:33:51","guid":{"rendered":"https:\/\/369agara.com\/?post_type=product&#038;p=2136"},"modified":"2025-05-11T12:35:25","modified_gmt":"2025-05-11T10:35:25","slug":"ampoule-led-filament-e27","status":"publish","type":"product","link":"https:\/\/369agara.com\/en\/product\/ampoule-led-filament-e27\/","title":{"rendered":"E27 8.2 W PureZ \" Filament \" Bio Licht LED bulb"},"content":{"rendered":"<p><span style=\"font-family: 'Book Antiqua', Palatino; font-size: 120%; color: #333399;\">The Bio Licht E27 8.2 W LED \"Filament\" bulb uses new filament technology and offers equivalent lighting to 80 W incandescent; 970 lm<\/span><\/p>\n<p><span style=\"font-family: 'Book Antiqua', Palatino; font-size: 120%; color: #333399;\">Uniform, sun-like feel-good light.<\/span><\/p>\n<p><span style=\"font-family: 'Book Antiqua', Palatino; font-size: 120%; color: #333399;\">Colour temperature: 2700 K (Kelvin), warm white 15000 hours<\/span><\/p>\n<p><span style=\"font-family: 'Book Antiqua', Palatino; font-size: 120%; color: #333399;\"><strong>What makes it special: maximum reduction in flicker.<\/strong>\u00a0<\/span><br \/>\n<span style=\"font-family: 'Book Antiqua', Palatino; font-size: 120%; color: #333399;\">Flicker, light pulsation: pulsation less than 1 %<\/span><\/p>\n<p><span style=\"font-family: 'Book Antiqua', Palatino; font-size: 120%; color: #333399;\">Electromagnetic radiation identical to that from standard (incandescent) bulbs<\/span><\/p>\n<p><span style=\"font-family: 'Book Antiqua', Palatino; font-size: 120%; color: #333399;\">Mercury-free; no harmful emissions during operation <\/span><\/p>\n<p><span style=\"font-family: 'Book Antiqua', Palatino; font-size: 120%; color: #333399;\">Made in Germany by Bio Licht; distributed by Danell<\/span><\/p>\n<p><span style=\"font-family: 'Book Antiqua', Palatino; font-size: 120%; color: #333399;\">Energy efficiency class in accordance with EU Regulation 874\/2012: A+.<\/span><\/p>\n<h3><span style=\"font-family: 'Book Antiqua', Palatino; font-size: 120%; color: #333399;\">Agara Council<\/span><\/h3>\n<p><span style=\"font-family: 'Book Antiqua', Palatino; font-size: 120%; color: #333399;\">This LED bulb is ideal for use in busy areas such as the kitchen, living room, dining room and corridors. However, if you have sensitive eyes, we recommend that for bedside lamps and desk lamps you opt for incandescent bulbs or G9 halogen capsules instead, because of the blue light emitted by LED bulbs.<\/span><\/p>","protected":false},"excerpt":{"rendered":"<p><span style=\"font-family: 'Book Antiqua', Palatino; font-size: 120%; color: #333399;\">The Bio Licht 8.2 W E27 LED \"Filament\" bulb offers maximum flicker reduction.<\/span><\/p>\n<p><span style=\"font-family: 'Book Antiqua', Palatino; font-size: 120%; color: #333399;\">970 lm. 80 W incandescent equivalent.\u00a0<\/span><\/p>\n<p><span style=\"font-family: 'Book Antiqua', Palatino; font-size: 120%; color: #333399;\">Energy efficiency class A+<\/span><\/p>","protected":false},"featured_media":2138,"comment_status":"open","ping_status":"closed","template":"","meta":[],"product_brand":[],"product_cat":[164],"product_tag":[248,246,247,251,258,245],"class_list":{"0":"post-2136","1":"product","2":"type-product","3":"status-publish","4":"has-post-thumbnail","6":"product_cat-baubiologie","7":"product_tag-baubiologie","8":"product_tag-bureau","9":"product_tag-chambre","10":"product_tag-electricite","11":"product_tag-lampe","12":"product_tag-maison","14":"first","15":"instock","16":"taxable","17":"shipping-taxable","18":"purchasable","19":"product-type-simple"},"yoast_head":"<!-- This site is optimized with the Yoast SEO Premium plugin v25.1 (Yoast SEO v27.4) - https:\/\/yoast.com\/product\/yoast-seo-premium-wordpress\/ -->\n<title>Ampoule LED E27 8.2 W PureZ &quot;Filament&quot; Bio Licht | Agara<\/title>\n<meta name=\"description\" content=\"L&#039;ampoule LED E27\u00a08.2\u00a0W &quot;Filament&quot; Bio Licht\u00a0offre une r\u00e9duction maximale des scintillements.970 lm. \u00c9quivalent \u00e9clairage 80 W incandescence.\u00a0Classe efficacit\u00e9 \u00e9nerg\u00e9tique A+\" \/>\n<meta name=\"robots\" content=\"index, follow, max-snippet:-1, max-image-preview:large, max-video-preview:-1\" \/>\n<link rel=\"canonical\" href=\"https:\/\/369agara.com\/en\/product\/ampoule-led-filament-e27\/\" \/>\n<meta property=\"og:locale\" content=\"en_GB\" \/>\n<meta property=\"og:type\" content=\"article\" \/>\n<meta property=\"og:title\" content=\"Ampoule LED E27 8.2 W PureZ &quot;Filament&quot; Bio Licht\" \/>\n<meta property=\"og:description\" content=\"L&#039;ampoule LED E27\u00a08.2\u00a0W &quot;Filament&quot; Bio Licht\u00a0offre une r\u00e9duction maximale des scintillements.970 lm. \u00c9quivalent \u00e9clairage 80 W incandescence.\u00a0Classe efficacit\u00e9 \u00e9nerg\u00e9tique A+\" \/>\n<meta property=\"og:url\" content=\"https:\/\/369agara.com\/en\/product\/ampoule-led-filament-e27\/\" \/>\n<meta property=\"og:site_name\" content=\"Agara\" \/>\n<meta property=\"article:modified_time\" content=\"2025-05-11T10:35:25+00:00\" \/>\n<meta property=\"og:image\" content=\"https:\/\/369agara.com\/wp-content\/uploads\/2023\/09\/ampoule-led-filament-e27-82-w.jpg\" \/>\n\t<meta property=\"og:image:width\" content=\"800\" \/>\n\t<meta property=\"og:image:height\" content=\"800\" \/>\n\t<meta property=\"og:image:type\" content=\"image\/jpeg\" \/>\n<meta name=\"twitter:card\" content=\"summary_large_image\" \/>\n<meta name=\"twitter:label1\" content=\"Estimated reading time\" \/>\n\t<meta name=\"twitter:data1\" content=\"2 minutes\" \/>\n<script type=\"application\/ld+json\" class=\"yoast-schema-graph\">{\"@context\":\"https:\\\/\\\/schema.org\",\"@graph\":[{\"@type\":\"WebPage\",\"@id\":\"https:\\\/\\\/369agara.com\\\/produit\\\/ampoule-led-filament-e27\\\/\",\"url\":\"https:\\\/\\\/369agara.com\\\/produit\\\/ampoule-led-filament-e27\\\/\",\"name\":\"Ampoule LED E27 8.2 W PureZ \\\"Filament\\\" Bio Licht | Agara\",\"isPartOf\":{\"@id\":\"https:\\\/\\\/369agara.com\\\/#website\"},\"primaryImageOfPage\":{\"@id\":\"https:\\\/\\\/369agara.com\\\/produit\\\/ampoule-led-filament-e27\\\/#primaryimage\"},\"image\":{\"@id\":\"https:\\\/\\\/369agara.com\\\/produit\\\/ampoule-led-filament-e27\\\/#primaryimage\"},\"thumbnailUrl\":\"https:\\\/\\\/369agara.com\\\/wp-content\\\/uploads\\\/2023\\\/09\\\/ampoule-led-filament-e27-82-w.jpg\",\"datePublished\":\"2023-09-25T15:33:51+00:00\",\"dateModified\":\"2025-05-11T10:35:25+00:00\",\"description\":\"L'ampoule LED E27\u00a08.2\u00a0W \\\"Filament\\\" Bio Licht\u00a0offre une r\u00e9duction maximale des scintillements.970 lm. \u00c9quivalent \u00e9clairage 80 W incandescence.\u00a0Classe efficacit\u00e9 \u00e9nerg\u00e9tique A+\",\"breadcrumb\":{\"@id\":\"https:\\\/\\\/369agara.com\\\/produit\\\/ampoule-led-filament-e27\\\/#breadcrumb\"},\"inLanguage\":\"en-GB\",\"potentialAction\":[{\"@type\":\"ReadAction\",\"target\":[\"https:\\\/\\\/369agara.com\\\/produit\\\/ampoule-led-filament-e27\\\/\"]}]},{\"@type\":\"ImageObject\",\"inLanguage\":\"en-GB\",\"@id\":\"https:\\\/\\\/369agara.com\\\/produit\\\/ampoule-led-filament-e27\\\/#primaryimage\",\"url\":\"https:\\\/\\\/369agara.com\\\/wp-content\\\/uploads\\\/2023\\\/09\\\/ampoule-led-filament-e27-82-w.jpg\",\"contentUrl\":\"https:\\\/\\\/369agara.com\\\/wp-content\\\/uploads\\\/2023\\\/09\\\/ampoule-led-filament-e27-82-w.jpg\",\"width\":800,\"height\":800},{\"@type\":\"BreadcrumbList\",\"@id\":\"https:\\\/\\\/369agara.com\\\/produit\\\/ampoule-led-filament-e27\\\/#breadcrumb\",\"itemListElement\":[{\"@type\":\"ListItem\",\"position\":1,\"name\":\"Accueil\",\"item\":\"https:\\\/\\\/369agara.com\\\/\"},{\"@type\":\"ListItem\",\"position\":2,\"name\":\"La boutique\",\"item\":\"https:\\\/\\\/369agara.com\\\/la-boutique\\\/\"},{\"@type\":\"ListItem\",\"position\":3,\"name\":\"Ampoule LED E27 8.2 W PureZ \u00ab\u00a0Filament\u00a0\u00bb Bio Licht\"}]},{\"@type\":\"WebSite\",\"@id\":\"https:\\\/\\\/369agara.com\\\/#website\",\"url\":\"https:\\\/\\\/369agara.com\\\/\",\"name\":\"Livsrikedomar\",\"description\":\"D\u00e9connectez pour mieux vous connecter\",\"publisher\":{\"@id\":\"https:\\\/\\\/369agara.com\\\/#organization\"},\"potentialAction\":[{\"@type\":\"SearchAction\",\"target\":{\"@type\":\"EntryPoint\",\"urlTemplate\":\"https:\\\/\\\/369agara.com\\\/?s={search_term_string}\"},\"query-input\":{\"@type\":\"PropertyValueSpecification\",\"valueRequired\":true,\"valueName\":\"search_term_string\"}}],\"inLanguage\":\"en-GB\"},{\"@type\":\"Organization\",\"@id\":\"https:\\\/\\\/369agara.com\\\/#organization\",\"name\":\"EACreations\",\"url\":\"https:\\\/\\\/369agara.com\\\/\",\"logo\":{\"@type\":\"ImageObject\",\"inLanguage\":\"en-GB\",\"@id\":\"https:\\\/\\\/369agara.com\\\/#\\\/schema\\\/logo\\\/image\\\/\",\"url\":\"\",\"contentUrl\":\"\",\"caption\":\"EACreations\"},\"image\":{\"@id\":\"https:\\\/\\\/369agara.com\\\/#\\\/schema\\\/logo\\\/image\\\/\"}}]}<\/script>\n<!-- \/ Yoast SEO Premium plugin. -->","yoast_head_json":{"title":"Ampoule LED E27 8.2 W PureZ \"Filament\" Bio Licht | Agara","description":"The Bio Licht E27 8.2 W \"Filament\" LED bulb offers maximum flicker reduction.970 lm. 80 W incandescent equivalent. Energy efficiency class A+.","robots":{"index":"index","follow":"follow","max-snippet":"max-snippet:-1","max-image-preview":"max-image-preview:large","max-video-preview":"max-video-preview:-1"},"canonical":"https:\/\/369agara.com\/en\/product\/ampoule-led-filament-e27\/","og_locale":"en_GB","og_type":"article","og_title":"Ampoule LED E27 8.2 W PureZ \"Filament\" Bio Licht","og_description":"L'ampoule LED E27\u00a08.2\u00a0W \"Filament\" Bio Licht\u00a0offre une r\u00e9duction maximale des scintillements.970 lm. \u00c9quivalent \u00e9clairage 80 W incandescence.\u00a0Classe efficacit\u00e9 \u00e9nerg\u00e9tique A+","og_url":"https:\/\/369agara.com\/en\/product\/ampoule-led-filament-e27\/","og_site_name":"Agara","article_modified_time":"2025-05-11T10:35:25+00:00","og_image":[{"width":800,"height":800,"url":"https:\/\/369agara.com\/wp-content\/uploads\/2023\/09\/ampoule-led-filament-e27-82-w.jpg","type":"image\/jpeg"}],"twitter_card":"summary_large_image","twitter_misc":{"Estimated reading time":"2 minutes"},"schema":{"@context":"https:\/\/schema.org","@graph":[{"@type":"WebPage","@id":"https:\/\/369agara.com\/produit\/ampoule-led-filament-e27\/","url":"https:\/\/369agara.com\/produit\/ampoule-led-filament-e27\/","name":"Ampoule LED E27 8.2 W PureZ \"Filament\" Bio Licht | Agara","isPartOf":{"@id":"https:\/\/369agara.com\/#website"},"primaryImageOfPage":{"@id":"https:\/\/369agara.com\/produit\/ampoule-led-filament-e27\/#primaryimage"},"image":{"@id":"https:\/\/369agara.com\/produit\/ampoule-led-filament-e27\/#primaryimage"},"thumbnailUrl":"https:\/\/369agara.com\/wp-content\/uploads\/2023\/09\/ampoule-led-filament-e27-82-w.jpg","datePublished":"2023-09-25T15:33:51+00:00","dateModified":"2025-05-11T10:35:25+00:00","description":"The Bio Licht E27 8.2 W \"Filament\" LED bulb offers maximum flicker reduction.970 lm. 80 W incandescent equivalent. Energy efficiency class A+.","breadcrumb":{"@id":"https:\/\/369agara.com\/produit\/ampoule-led-filament-e27\/#breadcrumb"},"inLanguage":"en-GB","potentialAction":[{"@type":"ReadAction","target":["https:\/\/369agara.com\/produit\/ampoule-led-filament-e27\/"]}]},{"@type":"ImageObject","inLanguage":"en-GB","@id":"https:\/\/369agara.com\/produit\/ampoule-led-filament-e27\/#primaryimage","url":"https:\/\/369agara.com\/wp-content\/uploads\/2023\/09\/ampoule-led-filament-e27-82-w.jpg","contentUrl":"https:\/\/369agara.com\/wp-content\/uploads\/2023\/09\/ampoule-led-filament-e27-82-w.jpg","width":800,"height":800},{"@type":"BreadcrumbList","@id":"https:\/\/369agara.com\/produit\/ampoule-led-filament-e27\/#breadcrumb","itemListElement":[{"@type":"ListItem","position":1,"name":"Accueil","item":"https:\/\/369agara.com\/"},{"@type":"ListItem","position":2,"name":"La boutique","item":"https:\/\/369agara.com\/la-boutique\/"},{"@type":"ListItem","position":3,"name":"Ampoule LED E27 8.2 W PureZ \u00ab\u00a0Filament\u00a0\u00bb Bio Licht"}]},{"@type":"WebSite","@id":"https:\/\/369agara.com\/#website","url":"https:\/\/369agara.com\/","name":"Livsrikedomar","description":"Disconnect to better connect","publisher":{"@id":"https:\/\/369agara.com\/#organization"},"potentialAction":[{"@type":"SearchAction","target":{"@type":"EntryPoint","urlTemplate":"https:\/\/369agara.com\/?s={search_term_string}"},"query-input":{"@type":"PropertyValueSpecification","valueRequired":true,"valueName":"search_term_string"}}],"inLanguage":"en-GB"},{"@type":"Organization","@id":"https:\/\/369agara.com\/#organization","name":"EACreations","url":"https:\/\/369agara.com\/","logo":{"@type":"ImageObject","inLanguage":"en-GB","@id":"https:\/\/369agara.com\/#\/schema\/logo\/image\/","url":"","contentUrl":"","caption":"EACreations"},"image":{"@id":"https:\/\/369agara.com\/#\/schema\/logo\/image\/"}}]}},"jetpack_sharing_enabled":true,"_links":{"self":[{"href":"https:\/\/369agara.com\/en\/wp-json\/wp\/v2\/product\/2136","targetHints":{"allow":["GET"]}}],"collection":[{"href":"https:\/\/369agara.com\/en\/wp-json\/wp\/v2\/product"}],"about":[{"href":"https:\/\/369agara.com\/en\/wp-json\/wp\/v2\/types\/product"}],"replies":[{"embeddable":true,"href":"https:\/\/369agara.com\/en\/wp-json\/wp\/v2\/comments?post=2136"}],"wp:featuredmedia":[{"embeddable":true,"href":"https:\/\/369agara.com\/en\/wp-json\/wp\/v2\/media\/2138"}],"wp:attachment":[{"href":"https:\/\/369agara.com\/en\/wp-json\/wp\/v2\/media?parent=2136"}],"wp:term":[{"taxonomy":"product_brand","embeddable":true,"href":"https:\/\/369agara.com\/en\/wp-json\/wp\/v2\/product_brand?post=2136"},{"taxonomy":"product_cat","embeddable":true,"href":"https:\/\/369agara.com\/en\/wp-json\/wp\/v2\/product_cat?post=2136"},{"taxonomy":"product_tag","embeddable":true,"href":"https:\/\/369agara.com\/en\/wp-json\/wp\/v2\/product_tag?post=2136"}],"curies":[{"name":"wp","href":"https:\/\/api.w.org\/{rel}","templated":true}]}}