{"id":2139,"date":"2023-09-25T17:52:00","date_gmt":"2023-09-25T15:52:00","guid":{"rendered":"https:\/\/369agara.com\/?post_type=product&#038;p=2139"},"modified":"2025-05-11T12:27:08","modified_gmt":"2025-05-11T10:27:08","slug":"filtre-polier-panda","status":"publish","type":"product","link":"https:\/\/369agara.com\/en\/product\/filtre-polier-panda\/","title":{"rendered":"Polier PANDA15X2 dirty electricity and Linky PLC filter"},"content":{"rendered":"<p><span style=\"font-family: 'Book Antiqua', Palatino; font-size: 120%; color: #333399;\">The PANDA15X2 Polier filter filters out parasitic frequencies from the electricity network, known as \"dirty electricity\", in the 10 kHz to 1 MHz frequency band (compact flux lamps, computer transformers, neon lights, etc.) as well as the Linky PLC circulating on your electricity network.<\/span><\/p>\n<p><span style=\"font-family: 'Book Antiqua', Palatino; font-size: 120%; color: #333399;\">It contains a high-performance 15 \u00b5F (microfarad) capacitor protected by a fuse that reduces electrical disturbance on your network. Its internal electromagnetic shielding also reduces the electric field around the filter (for this shielding to work, the Panda filter must be plugged into an earthed socket).<\/span><\/p>\n<p><span style=\"font-family: 'Book Antiqua', Palatino; font-size: 120%; color: #333399;\">It limits the biological effects generated by the parasitic frequencies known as \"dirty electricity\" carried by the electrical cables in your electrical installation.<\/span><\/p>\n<p><span style=\"font-family: 'Book Antiqua', Palatino; font-size: 120%; color: #333399;\">The other advantage of this filter is its\u00a0<strong>socket integrated into the housing<\/strong>This allows you to use the plug to which the filter is connected (whereas with other filters, the plug to which the filter is connected is dedicated solely to this purpose and cannot be used to connect any other appliance).<\/span><\/p>\n<h3><span style=\"font-family: 'Book Antiqua', Palatino; font-size: 120%; color: #333399;\">What is \"dirty electricity\"?<\/span><\/h3>\n<p><span style=\"font-family: 'Book Antiqua', Palatino; font-size: 120%; color: #333399;\">Dirty electricity\" refers to the superimposition of high-frequency interference frequencies on the low-frequency 50 Hz electrical network. They mainly come from :<\/span><\/p>\n<ul>\n<li><span style=\"font-family: 'Book Antiqua', Palatino; font-size: 120%; color: #333399;\">compact fluorescent light bulbs, neon lights<\/span><\/li>\n<li><span style=\"font-family: 'Book Antiqua', Palatino; font-size: 120%; color: #333399;\">photovoltaic panel inverters<\/span><\/li>\n<li><span style=\"font-family: 'Book Antiqua', Palatino; font-size: 120%; color: #333399;\">certain dimmers<\/span><\/li>\n<li><span style=\"font-family: 'Book Antiqua', Palatino; font-size: 120%; color: #333399;\">computers and computer transformers<\/span><\/li>\n<li><span style=\"font-family: 'Book Antiqua', Palatino; font-size: 120%; color: #333399;\">photocopiers<\/span><\/li>\n<li><span style=\"font-family: 'Book Antiqua', Palatino; font-size: 120%; color: #333399;\">PLC (Power Line Communication), including that of Linky<\/span><\/li>\n<li><span style=\"font-family: 'Book Antiqua', Palatino; font-size: 120%; color: #333399;\">variable speed electric motors<\/span><\/li>\n<li><span style=\"font-family: 'Book Antiqua', Palatino; font-size: 120%; color: #333399;\">electrical transformers<\/span><\/li>\n<\/ul>\n<p><span style=\"font-family: 'Book Antiqua', Palatino; font-size: 120%; color: #333399;\">The effects on health can be as follows: heart palpitations, insomnia, migraines and headaches, tinnitus, dizziness, concentration problems, irritability, anxiety, nausea, tingling or burning sensations, joint and muscle pain, etc.\u00a0<\/span><\/p>\n<p><span style=\"font-family: 'Book Antiqua', Palatino; font-size: 120%; color: #333399;\">Electro-hypersensitive people often combine several of these symptoms.<\/span><\/p>\n<h3><span style=\"font-family: 'Book Antiqua', Palatino; font-size: 120%; color: #333399;\">How the Panda POLIER filter works<\/span><\/h3>\n<p><span style=\"font-family: 'Book Antiqua', Palatino; font-size: 120%; color: #333399;\">The Panda POLIER filter reduces the dirty electricity present on your network while attenuating high-frequency noise near your cables and electrical appliances. Reducing conducted interference means preventing these parasitic frequencies from being radiated all around you, in all the cables in your home.\u00a0\u00a0<\/span><\/p>\n<p><span style=\"font-family: 'Book Antiqua', Palatino; font-size: 120%; color: #333399;\">The Panda filter is plugged into a 16 A socket, as close as possible to the source(s) of dirty electricity (to prevent it spreading throughout the network), and reduces the level of dirty electricity throughout the circuit to which it is connected.\u00a0<\/span><br \/>\n<span style=\"font-family: 'Book Antiqua', Palatino; font-size: 120%; color: #333399;\">For dirty electricity coming from outside (photovoltaic panels or transformers), the Panda filter should be placed as close as possible to the electrical panel.<\/span><\/p>\n<p><span style=\"font-family: 'Book Antiqua', Palatino; font-size: 120%; color: #333399;\">Depending on the size of your home, we recommend the installation of\u00a0<strong>2 to 5 filters<\/strong>\u00a0:<\/span><\/p>\n<ul>\n<li><span style=\"font-family: 'Book Antiqua', Palatino; font-size: 120%; color: #333399;\">one near the main electrical panel to protect you from the Linky PLC and\/or external electrical transformers,\u00a0<\/span><\/li>\n<li><span style=\"font-family: 'Book Antiqua', Palatino; font-size: 120%; color: #333399;\">one near your computer<\/span><\/li>\n<li><span style=\"font-family: 'Book Antiqua', Palatino; font-size: 120%; color: #333399;\">one in the kitchen<\/span><\/li>\n<li><span style=\"font-family: 'Book Antiqua', Palatino; font-size: 120%; color: #333399;\">one close to any disruptive equipment<\/span><\/li>\n<\/ul>\n<p><span style=\"font-family: 'Book Antiqua', Palatino; font-size: 120%; color: #333399;\">We recommend that you connect these filters to earthed sockets to take advantage of the built-in shielding.<\/span><\/p>\n<p><span style=\"font-family: 'Book Antiqua', Palatino; font-size: 120%; color: #333399;\">Installing several filters increases their efficiency and lifespan.<\/span><\/p>\n<h3><span style=\"font-family: 'Book Antiqua', Palatino; font-size: 120%; color: #333399;\">Technical specifications<\/span><\/h3>\n<ul>\n<li><span style=\"font-family: 'Book Antiqua', Palatino; font-size: 120%; color: #333399;\">Effective in the 10 kHz to 1 MHz frequency band<\/span><\/li>\n<li><span style=\"font-family: 'Book Antiqua', Palatino; font-size: 120%; color: #333399;\">15 \u00b5F AC capacitor (AC = alternating current)<\/span><\/li>\n<li><span style=\"font-family: 'Book Antiqua', Palatino; font-size: 120%; color: #333399;\">Rated filter operating voltage: 230 V AC<\/span><\/li>\n<li><span style=\"font-family: 'Book Antiqua', Palatino; font-size: 120%; color: #333399;\">Discharge resistor integrated into the capacitor<\/span><\/li>\n<li><span style=\"font-family: 'Book Antiqua', Palatino; font-size: 120%; color: #333399;\">Internal fuse<\/span><\/li>\n<li><span style=\"font-family: 'Book Antiqua', Palatino; font-size: 120%; color: #333399;\">Electromagnetic shield on the capacitor, to be connected to the earth terminal<\/span><\/li>\n<li><span style=\"font-family: 'Book Antiqua', Palatino; font-size: 120%; color: #333399;\">2P+T connectors for French sockets; schuko socket to European standard<\/span><\/li>\n<li><span style=\"font-family: 'Book Antiqua', Palatino; font-size: 120%; color: #333399;\">Approved to European safety standards<\/span><\/li>\n<li><span style=\"font-family: 'Book Antiqua', Palatino; font-size: 120%; color: #333399;\">Dimensions: 110 x 65 x 95 mm<\/span><\/li>\n<li><span style=\"font-family: 'Book Antiqua', Palatino; font-size: 120%; color: #333399;\">Weight: 260 g<\/span><\/li>\n<\/ul>\n<p><span style=\"font-family: 'Book Antiqua', Palatino; font-size: 120%; color: #333399;\">Made in France by Polier<\/span><\/p>\n<p><span style=\"font-family: 'Book Antiqua', Palatino; font-size: 120%; color: #333399;\">Warranty: 3 years<\/span><\/p>\n<h3><span style=\"font-family: 'Book Antiqua', Palatino; font-size: 120%; color: #333399;\">Agara Council\u00a0<\/span><\/h3>\n<p><span style=\"font-family: 'Book Antiqua', Palatino; font-size: 120%; color: #333399;\">The POLIER Panda filter protects against dirty electricity, but has no impact on the 50 Hz electric fields of your electrical installation (cables in the walls) and connected electrical appliances.<\/span><br \/>\n<span style=\"font-family: 'Book Antiqua', Palatino; font-size: 120%; color: #ed1c24;\">So to reduce your exposure as much as possible, it's important to protect yourself from these electric fields too, by installing appropriate protection (power strips, shielded cables and extension leads, shielded lighting, automatic field switches, etc.).<\/span><\/p>","protected":false},"excerpt":{"rendered":"<p><span style=\"font-family: 'Book Antiqua', Palatino; font-size: 120%; color: #333399;\">The PANDA15x2 filter from Polier filters dirty electricity in the 10 kHz to 1 MHz frequency band (compact flux lamps, computer transformers, neon lights, etc.) as well as the Linky PLC circulating on your electrical network.\u00a0<\/span><\/p>\n<p><span style=\"font-family: 'Book Antiqua', Palatino; font-size: 120%; color: #333399;\">This new model features a new X2 15 \u00b5F class capacitor. It is now made from recycled plastic, reducing its carbon footprint.<\/span><\/p>","protected":false},"featured_media":2140,"comment_status":"open","ping_status":"closed","template":"","meta":[],"product_brand":[],"product_cat":[164],"product_tag":[248,246,247,251,245],"class_list":{"0":"post-2139","1":"product","2":"type-product","3":"status-publish","4":"has-post-thumbnail","6":"product_cat-baubiologie","7":"product_tag-baubiologie","8":"product_tag-bureau","9":"product_tag-chambre","10":"product_tag-electricite","11":"product_tag-maison","13":"first","14":"instock","15":"taxable","16":"shipping-taxable","17":"purchasable","18":"product-type-simple"},"yoast_head":"<!-- This site is optimized with the Yoast SEO Premium plugin v25.1 (Yoast SEO v27.4) - https:\/\/yoast.com\/product\/yoast-seo-premium-wordpress\/ -->\n<title>Filtre Polier PANDA15X2 \u00e9lectricit\u00e9 sale et CPL Linky | Agara<\/title>\n<meta name=\"description\" content=\"Le filtre PANDA15x2 de Polier permet de filtrer l&#039;\u00e9lectricit\u00e9 sale dans la bande de fr\u00e9quences 10 kHz \u00e0 1 MHz (lampes flux compactes, transformateurs d&#039;ordinateurs, n\u00e9ons, ...) ainsi que le CPL du Linky circulant sur votre r\u00e9seau \u00e9lectrique.\u00a0Ce nouveau mod\u00e8le est muni d&#039;un nouveau condensateur de classe X2 15 \u00b5F. Il est d\u00e9sormais fabriqu\u00e9 \u00e0 partir de plastique recycl\u00e9, ce qui permet de r\u00e9duire son empreinte carbone.\" \/>\n<meta name=\"robots\" content=\"index, follow, max-snippet:-1, max-image-preview:large, max-video-preview:-1\" \/>\n<link rel=\"canonical\" href=\"https:\/\/369agara.com\/en\/product\/filtre-polier-panda\/\" \/>\n<meta property=\"og:locale\" content=\"en_GB\" \/>\n<meta property=\"og:type\" content=\"article\" \/>\n<meta property=\"og:title\" content=\"Filtre Polier PANDA15X2 \u00e9lectricit\u00e9 sale et CPL Linky\" \/>\n<meta property=\"og:description\" content=\"Le filtre PANDA15x2 de Polier permet de filtrer l&#039;\u00e9lectricit\u00e9 sale dans la bande de fr\u00e9quences 10 kHz \u00e0 1 MHz (lampes flux compactes, transformateurs d&#039;ordinateurs, n\u00e9ons, ...) ainsi que le CPL du Linky circulant sur votre r\u00e9seau \u00e9lectrique.\u00a0Ce nouveau mod\u00e8le est muni d&#039;un nouveau condensateur de classe X2 15 \u00b5F. Il est d\u00e9sormais fabriqu\u00e9 \u00e0 partir de plastique recycl\u00e9, ce qui permet de r\u00e9duire son empreinte carbone.\" \/>\n<meta property=\"og:url\" content=\"https:\/\/369agara.com\/en\/product\/filtre-polier-panda\/\" \/>\n<meta property=\"og:site_name\" content=\"Agara\" \/>\n<meta property=\"article:modified_time\" content=\"2025-05-11T10:27:08+00:00\" \/>\n<meta property=\"og:image\" content=\"https:\/\/369agara.com\/wp-content\/uploads\/2023\/09\/filtre-polier-panda-electricite-sale-et-cpl-linky.jpg\" \/>\n\t<meta property=\"og:image:width\" content=\"800\" \/>\n\t<meta property=\"og:image:height\" content=\"800\" \/>\n\t<meta property=\"og:image:type\" content=\"image\/jpeg\" \/>\n<meta name=\"twitter:card\" content=\"summary_large_image\" \/>\n<meta name=\"twitter:label1\" content=\"Estimated reading time\" \/>\n\t<meta name=\"twitter:data1\" content=\"4 minutes\" \/>\n<script type=\"application\/ld+json\" class=\"yoast-schema-graph\">{\"@context\":\"https:\\\/\\\/schema.org\",\"@graph\":[{\"@type\":\"WebPage\",\"@id\":\"https:\\\/\\\/369agara.com\\\/produit\\\/filtre-polier-panda\\\/\",\"url\":\"https:\\\/\\\/369agara.com\\\/produit\\\/filtre-polier-panda\\\/\",\"name\":\"Filtre Polier PANDA15X2 \u00e9lectricit\u00e9 sale et CPL Linky | Agara\",\"isPartOf\":{\"@id\":\"https:\\\/\\\/369agara.com\\\/#website\"},\"primaryImageOfPage\":{\"@id\":\"https:\\\/\\\/369agara.com\\\/produit\\\/filtre-polier-panda\\\/#primaryimage\"},\"image\":{\"@id\":\"https:\\\/\\\/369agara.com\\\/produit\\\/filtre-polier-panda\\\/#primaryimage\"},\"thumbnailUrl\":\"https:\\\/\\\/369agara.com\\\/wp-content\\\/uploads\\\/2023\\\/09\\\/filtre-polier-panda-electricite-sale-et-cpl-linky.jpg\",\"datePublished\":\"2023-09-25T15:52:00+00:00\",\"dateModified\":\"2025-05-11T10:27:08+00:00\",\"description\":\"Le filtre PANDA15x2 de Polier permet de filtrer l'\u00e9lectricit\u00e9 sale dans la bande de fr\u00e9quences 10 kHz \u00e0 1 MHz (lampes flux compactes, transformateurs d'ordinateurs, n\u00e9ons, ...) ainsi que le CPL du Linky circulant sur votre r\u00e9seau \u00e9lectrique.\u00a0Ce nouveau mod\u00e8le est muni d'un nouveau condensateur de classe X2 15 \u00b5F. Il est d\u00e9sormais fabriqu\u00e9 \u00e0 partir de plastique recycl\u00e9, ce qui permet de r\u00e9duire son empreinte carbone.\",\"breadcrumb\":{\"@id\":\"https:\\\/\\\/369agara.com\\\/produit\\\/filtre-polier-panda\\\/#breadcrumb\"},\"inLanguage\":\"en-GB\",\"potentialAction\":[{\"@type\":\"ReadAction\",\"target\":[\"https:\\\/\\\/369agara.com\\\/produit\\\/filtre-polier-panda\\\/\"]}]},{\"@type\":\"ImageObject\",\"inLanguage\":\"en-GB\",\"@id\":\"https:\\\/\\\/369agara.com\\\/produit\\\/filtre-polier-panda\\\/#primaryimage\",\"url\":\"https:\\\/\\\/369agara.com\\\/wp-content\\\/uploads\\\/2023\\\/09\\\/filtre-polier-panda-electricite-sale-et-cpl-linky.jpg\",\"contentUrl\":\"https:\\\/\\\/369agara.com\\\/wp-content\\\/uploads\\\/2023\\\/09\\\/filtre-polier-panda-electricite-sale-et-cpl-linky.jpg\",\"width\":800,\"height\":800},{\"@type\":\"BreadcrumbList\",\"@id\":\"https:\\\/\\\/369agara.com\\\/produit\\\/filtre-polier-panda\\\/#breadcrumb\",\"itemListElement\":[{\"@type\":\"ListItem\",\"position\":1,\"name\":\"Accueil\",\"item\":\"https:\\\/\\\/369agara.com\\\/\"},{\"@type\":\"ListItem\",\"position\":2,\"name\":\"La boutique\",\"item\":\"https:\\\/\\\/369agara.com\\\/la-boutique\\\/\"},{\"@type\":\"ListItem\",\"position\":3,\"name\":\"Filtre Polier PANDA15X2 \u00e9lectricit\u00e9 sale et CPL Linky\"}]},{\"@type\":\"WebSite\",\"@id\":\"https:\\\/\\\/369agara.com\\\/#website\",\"url\":\"https:\\\/\\\/369agara.com\\\/\",\"name\":\"Livsrikedomar\",\"description\":\"D\u00e9connectez pour mieux vous connecter\",\"publisher\":{\"@id\":\"https:\\\/\\\/369agara.com\\\/#organization\"},\"potentialAction\":[{\"@type\":\"SearchAction\",\"target\":{\"@type\":\"EntryPoint\",\"urlTemplate\":\"https:\\\/\\\/369agara.com\\\/?s={search_term_string}\"},\"query-input\":{\"@type\":\"PropertyValueSpecification\",\"valueRequired\":true,\"valueName\":\"search_term_string\"}}],\"inLanguage\":\"en-GB\"},{\"@type\":\"Organization\",\"@id\":\"https:\\\/\\\/369agara.com\\\/#organization\",\"name\":\"EACreations\",\"url\":\"https:\\\/\\\/369agara.com\\\/\",\"logo\":{\"@type\":\"ImageObject\",\"inLanguage\":\"en-GB\",\"@id\":\"https:\\\/\\\/369agara.com\\\/#\\\/schema\\\/logo\\\/image\\\/\",\"url\":\"\",\"contentUrl\":\"\",\"caption\":\"EACreations\"},\"image\":{\"@id\":\"https:\\\/\\\/369agara.com\\\/#\\\/schema\\\/logo\\\/image\\\/\"}}]}<\/script>\n<!-- \/ Yoast SEO Premium plugin. -->","yoast_head_json":{"title":"Filtre Polier PANDA15X2 \u00e9lectricit\u00e9 sale et CPL Linky | Agara","description":"Le filtre PANDA15x2 de Polier permet de filtrer l'\u00e9lectricit\u00e9 sale dans la bande de fr\u00e9quences 10 kHz \u00e0 1 MHz (lampes flux compactes, transformateurs d'ordinateurs, n\u00e9ons, ...) ainsi que le CPL du Linky circulant sur votre r\u00e9seau \u00e9lectrique.\u00a0Ce nouveau mod\u00e8le est muni d'un nouveau condensateur de classe X2 15 \u00b5F. Il est d\u00e9sormais fabriqu\u00e9 \u00e0 partir de plastique recycl\u00e9, ce qui permet de r\u00e9duire son empreinte carbone.","robots":{"index":"index","follow":"follow","max-snippet":"max-snippet:-1","max-image-preview":"max-image-preview:large","max-video-preview":"max-video-preview:-1"},"canonical":"https:\/\/369agara.com\/en\/product\/filtre-polier-panda\/","og_locale":"en_GB","og_type":"article","og_title":"Filtre Polier PANDA15X2 \u00e9lectricit\u00e9 sale et CPL Linky","og_description":"Le filtre PANDA15x2 de Polier permet de filtrer l'\u00e9lectricit\u00e9 sale dans la bande de fr\u00e9quences 10 kHz \u00e0 1 MHz (lampes flux compactes, transformateurs d'ordinateurs, n\u00e9ons, ...) ainsi que le CPL du Linky circulant sur votre r\u00e9seau \u00e9lectrique.\u00a0Ce nouveau mod\u00e8le est muni d'un nouveau condensateur de classe X2 15 \u00b5F. Il est d\u00e9sormais fabriqu\u00e9 \u00e0 partir de plastique recycl\u00e9, ce qui permet de r\u00e9duire son empreinte carbone.","og_url":"https:\/\/369agara.com\/en\/product\/filtre-polier-panda\/","og_site_name":"Agara","article_modified_time":"2025-05-11T10:27:08+00:00","og_image":[{"width":800,"height":800,"url":"https:\/\/369agara.com\/wp-content\/uploads\/2023\/09\/filtre-polier-panda-electricite-sale-et-cpl-linky.jpg","type":"image\/jpeg"}],"twitter_card":"summary_large_image","twitter_misc":{"Estimated reading time":"4 minutes"},"schema":{"@context":"https:\/\/schema.org","@graph":[{"@type":"WebPage","@id":"https:\/\/369agara.com\/produit\/filtre-polier-panda\/","url":"https:\/\/369agara.com\/produit\/filtre-polier-panda\/","name":"Filtre Polier PANDA15X2 \u00e9lectricit\u00e9 sale et CPL Linky | Agara","isPartOf":{"@id":"https:\/\/369agara.com\/#website"},"primaryImageOfPage":{"@id":"https:\/\/369agara.com\/produit\/filtre-polier-panda\/#primaryimage"},"image":{"@id":"https:\/\/369agara.com\/produit\/filtre-polier-panda\/#primaryimage"},"thumbnailUrl":"https:\/\/369agara.com\/wp-content\/uploads\/2023\/09\/filtre-polier-panda-electricite-sale-et-cpl-linky.jpg","datePublished":"2023-09-25T15:52:00+00:00","dateModified":"2025-05-11T10:27:08+00:00","description":"Le filtre PANDA15x2 de Polier permet de filtrer l'\u00e9lectricit\u00e9 sale dans la bande de fr\u00e9quences 10 kHz \u00e0 1 MHz (lampes flux compactes, transformateurs d'ordinateurs, n\u00e9ons, ...) ainsi que le CPL du Linky circulant sur votre r\u00e9seau \u00e9lectrique.\u00a0Ce nouveau mod\u00e8le est muni d'un nouveau condensateur de classe X2 15 \u00b5F. Il est d\u00e9sormais fabriqu\u00e9 \u00e0 partir de plastique recycl\u00e9, ce qui permet de r\u00e9duire son empreinte carbone.","breadcrumb":{"@id":"https:\/\/369agara.com\/produit\/filtre-polier-panda\/#breadcrumb"},"inLanguage":"en-GB","potentialAction":[{"@type":"ReadAction","target":["https:\/\/369agara.com\/produit\/filtre-polier-panda\/"]}]},{"@type":"ImageObject","inLanguage":"en-GB","@id":"https:\/\/369agara.com\/produit\/filtre-polier-panda\/#primaryimage","url":"https:\/\/369agara.com\/wp-content\/uploads\/2023\/09\/filtre-polier-panda-electricite-sale-et-cpl-linky.jpg","contentUrl":"https:\/\/369agara.com\/wp-content\/uploads\/2023\/09\/filtre-polier-panda-electricite-sale-et-cpl-linky.jpg","width":800,"height":800},{"@type":"BreadcrumbList","@id":"https:\/\/369agara.com\/produit\/filtre-polier-panda\/#breadcrumb","itemListElement":[{"@type":"ListItem","position":1,"name":"Accueil","item":"https:\/\/369agara.com\/"},{"@type":"ListItem","position":2,"name":"La boutique","item":"https:\/\/369agara.com\/la-boutique\/"},{"@type":"ListItem","position":3,"name":"Filtre Polier PANDA15X2 \u00e9lectricit\u00e9 sale et CPL Linky"}]},{"@type":"WebSite","@id":"https:\/\/369agara.com\/#website","url":"https:\/\/369agara.com\/","name":"Livsrikedomar","description":"Disconnect to better connect","publisher":{"@id":"https:\/\/369agara.com\/#organization"},"potentialAction":[{"@type":"SearchAction","target":{"@type":"EntryPoint","urlTemplate":"https:\/\/369agara.com\/?s={search_term_string}"},"query-input":{"@type":"PropertyValueSpecification","valueRequired":true,"valueName":"search_term_string"}}],"inLanguage":"en-GB"},{"@type":"Organization","@id":"https:\/\/369agara.com\/#organization","name":"EACreations","url":"https:\/\/369agara.com\/","logo":{"@type":"ImageObject","inLanguage":"en-GB","@id":"https:\/\/369agara.com\/#\/schema\/logo\/image\/","url":"","contentUrl":"","caption":"EACreations"},"image":{"@id":"https:\/\/369agara.com\/#\/schema\/logo\/image\/"}}]}},"jetpack_sharing_enabled":true,"_links":{"self":[{"href":"https:\/\/369agara.com\/en\/wp-json\/wp\/v2\/product\/2139","targetHints":{"allow":["GET"]}}],"collection":[{"href":"https:\/\/369agara.com\/en\/wp-json\/wp\/v2\/product"}],"about":[{"href":"https:\/\/369agara.com\/en\/wp-json\/wp\/v2\/types\/product"}],"replies":[{"embeddable":true,"href":"https:\/\/369agara.com\/en\/wp-json\/wp\/v2\/comments?post=2139"}],"wp:featuredmedia":[{"embeddable":true,"href":"https:\/\/369agara.com\/en\/wp-json\/wp\/v2\/media\/2140"}],"wp:attachment":[{"href":"https:\/\/369agara.com\/en\/wp-json\/wp\/v2\/media?parent=2139"}],"wp:term":[{"taxonomy":"product_brand","embeddable":true,"href":"https:\/\/369agara.com\/en\/wp-json\/wp\/v2\/product_brand?post=2139"},{"taxonomy":"product_cat","embeddable":true,"href":"https:\/\/369agara.com\/en\/wp-json\/wp\/v2\/product_cat?post=2139"},{"taxonomy":"product_tag","embeddable":true,"href":"https:\/\/369agara.com\/en\/wp-json\/wp\/v2\/product_tag?post=2139"}],"curies":[{"name":"wp","href":"https:\/\/api.w.org\/{rel}","templated":true}]}}