{"id":215,"date":"2020-06-30T14:57:10","date_gmt":"2020-06-30T12:57:10","guid":{"rendered":"https:\/\/369agara.com\/?post_type=product&#038;p=215"},"modified":"2025-05-28T14:45:19","modified_gmt":"2025-05-28T12:45:19","slug":"collier-devakanya-santi-ojoda-pranaya-108","status":"publish","type":"product","link":"https:\/\/369agara.com\/en\/product\/collier-devakanya-santi-ojoda-pranaya-108\/","title":{"rendered":"Devakanya Santi Ojoda Pranaya necklace"},"content":{"rendered":"<p><span style=\"font-family: 'Book Antiqua', Palatino; font-size: 120%; color: #333399;\">This necklace is made of amethyst, citrine and rose quartz measuring 4 to 10 mm.\u00a0<\/span><\/p>\n<p><span style=\"font-family: 'Book Antiqua', Palatino; font-size: 120%; color: #333399;\">Properties :\u00a0<\/span><\/p>\n<p><span style=\"font-family: 'Book Antiqua', Palatino; font-size: 120%; color: #333399;\">Amethyst: Soothing.\u00a0<\/span><br \/>\n<span style=\"font-family: 'Book Antiqua', Palatino; font-size: 120%; color: #333399;\">Citrine: Energising.\u00a0<\/span><br \/>\n<span style=\"font-family: 'Book Antiqua', Palatino; font-size: 120%; color: #333399;\">Pink quartz: Love.\u00a0<\/span><\/p>","protected":false},"excerpt":{"rendered":"<p><span style=\"font-family: 'Book Antiqua', Palatino; font-size: 120%; color: #333399;\">Composition: 108 stones \/ Weight: 35 g \/ Length: 60 cm<\/span><\/p>","protected":false},"featured_media":228,"comment_status":"open","ping_status":"closed","template":"","meta":[],"product_brand":[278],"product_cat":[123,72,41],"product_tag":[44,151,45,156,152],"class_list":{"0":"post-215","1":"product","2":"type-product","3":"status-publish","4":"has-post-thumbnail","6":"product_brand-agara-creations","7":"product_cat-collection-deesse","8":"product_cat-colliers","9":"product_cat-femme","10":"product_tag-citrine","11":"product_tag-jaune","12":"product_tag-quartz-rose","13":"product_tag-rose","14":"product_tag-violet","16":"first","17":"instock","18":"sold-individually","19":"taxable","20":"shipping-taxable","21":"purchasable","22":"product-type-simple"},"yoast_head":"<!-- This site is optimized with the Yoast SEO Premium plugin v25.1 (Yoast SEO v27.4) - https:\/\/yoast.com\/product\/yoast-seo-premium-wordpress\/ -->\n<title>Collier Devakanya Santi Ojoda Pranaya | Agara<\/title>\n<meta name=\"description\" content=\"Ce collier est compos\u00e9 d&#039;am\u00e9thyste, de citrine et de quartz rose de 4 \u00e0 10 mm.\u00a0Propri\u00e9t\u00e9s :\u00a0Am\u00e9thyste : Apaisante.\u00a0Citrine : \u00c9nergisante.\u00a0Quartz rose : Amour.\u00a0\" \/>\n<meta name=\"robots\" content=\"index, follow, max-snippet:-1, max-image-preview:large, max-video-preview:-1\" \/>\n<link rel=\"canonical\" href=\"https:\/\/369agara.com\/en\/product\/collier-devakanya-santi-ojoda-pranaya-108\/\" \/>\n<meta property=\"og:locale\" content=\"en_GB\" \/>\n<meta property=\"og:type\" content=\"article\" \/>\n<meta property=\"og:title\" content=\"Collier Devakanya Santi Ojoda Pranaya\" \/>\n<meta property=\"og:description\" content=\"Ce collier est compos\u00e9 d&#039;am\u00e9thyste, de citrine et de quartz rose de 4 \u00e0 10 mm.\u00a0Propri\u00e9t\u00e9s :\u00a0Am\u00e9thyste : Apaisante.\u00a0Citrine : \u00c9nergisante.\u00a0Quartz rose : Amour.\u00a0\" \/>\n<meta property=\"og:url\" content=\"https:\/\/369agara.com\/en\/product\/collier-devakanya-santi-ojoda-pranaya-108\/\" \/>\n<meta property=\"og:site_name\" content=\"Agara\" \/>\n<meta property=\"article:modified_time\" content=\"2025-05-28T12:45:19+00:00\" \/>\n<meta property=\"og:image\" content=\"https:\/\/369agara.com\/wp-content\/uploads\/2020\/06\/IMG_c-scaled.jpg\" \/>\n\t<meta property=\"og:image:width\" content=\"2560\" \/>\n\t<meta property=\"og:image:height\" content=\"2560\" \/>\n\t<meta property=\"og:image:type\" content=\"image\/jpeg\" \/>\n<meta name=\"twitter:card\" content=\"summary_large_image\" \/>\n<meta name=\"twitter:label1\" content=\"Estimated reading time\" \/>\n\t<meta name=\"twitter:data1\" content=\"1 minute\" \/>\n<script type=\"application\/ld+json\" class=\"yoast-schema-graph\">{\"@context\":\"https:\\\/\\\/schema.org\",\"@graph\":[{\"@type\":\"WebPage\",\"@id\":\"https:\\\/\\\/369agara.com\\\/produit\\\/collier-devakanya-santi-ojoda-pranaya-108\\\/\",\"url\":\"https:\\\/\\\/369agara.com\\\/produit\\\/collier-devakanya-santi-ojoda-pranaya-108\\\/\",\"name\":\"Collier Devakanya Santi Ojoda Pranaya | Agara\",\"isPartOf\":{\"@id\":\"https:\\\/\\\/369agara.com\\\/#website\"},\"primaryImageOfPage\":{\"@id\":\"https:\\\/\\\/369agara.com\\\/produit\\\/collier-devakanya-santi-ojoda-pranaya-108\\\/#primaryimage\"},\"image\":{\"@id\":\"https:\\\/\\\/369agara.com\\\/produit\\\/collier-devakanya-santi-ojoda-pranaya-108\\\/#primaryimage\"},\"thumbnailUrl\":\"https:\\\/\\\/369agara.com\\\/wp-content\\\/uploads\\\/2020\\\/06\\\/IMG_c-scaled.jpg\",\"datePublished\":\"2020-06-30T12:57:10+00:00\",\"dateModified\":\"2025-05-28T12:45:19+00:00\",\"description\":\"Ce collier est compos\u00e9 d'am\u00e9thyste, de citrine et de quartz rose de 4 \u00e0 10 mm.\u00a0Propri\u00e9t\u00e9s :\u00a0Am\u00e9thyste : Apaisante.\u00a0Citrine : \u00c9nergisante.\u00a0Quartz rose : Amour.\u00a0\",\"breadcrumb\":{\"@id\":\"https:\\\/\\\/369agara.com\\\/produit\\\/collier-devakanya-santi-ojoda-pranaya-108\\\/#breadcrumb\"},\"inLanguage\":\"en-GB\",\"potentialAction\":[{\"@type\":\"ReadAction\",\"target\":[\"https:\\\/\\\/369agara.com\\\/produit\\\/collier-devakanya-santi-ojoda-pranaya-108\\\/\"]}]},{\"@type\":\"ImageObject\",\"inLanguage\":\"en-GB\",\"@id\":\"https:\\\/\\\/369agara.com\\\/produit\\\/collier-devakanya-santi-ojoda-pranaya-108\\\/#primaryimage\",\"url\":\"https:\\\/\\\/369agara.com\\\/wp-content\\\/uploads\\\/2020\\\/06\\\/IMG_c-scaled.jpg\",\"contentUrl\":\"https:\\\/\\\/369agara.com\\\/wp-content\\\/uploads\\\/2020\\\/06\\\/IMG_c-scaled.jpg\",\"width\":2560,\"height\":2560},{\"@type\":\"BreadcrumbList\",\"@id\":\"https:\\\/\\\/369agara.com\\\/produit\\\/collier-devakanya-santi-ojoda-pranaya-108\\\/#breadcrumb\",\"itemListElement\":[{\"@type\":\"ListItem\",\"position\":1,\"name\":\"Accueil\",\"item\":\"https:\\\/\\\/369agara.com\\\/\"},{\"@type\":\"ListItem\",\"position\":2,\"name\":\"La boutique\",\"item\":\"https:\\\/\\\/369agara.com\\\/la-boutique\\\/\"},{\"@type\":\"ListItem\",\"position\":3,\"name\":\"Collier Devakanya Santi Ojoda Pranaya\"}]},{\"@type\":\"WebSite\",\"@id\":\"https:\\\/\\\/369agara.com\\\/#website\",\"url\":\"https:\\\/\\\/369agara.com\\\/\",\"name\":\"Livsrikedomar\",\"description\":\"D\u00e9connectez pour mieux vous connecter\",\"publisher\":{\"@id\":\"https:\\\/\\\/369agara.com\\\/#organization\"},\"potentialAction\":[{\"@type\":\"SearchAction\",\"target\":{\"@type\":\"EntryPoint\",\"urlTemplate\":\"https:\\\/\\\/369agara.com\\\/?s={search_term_string}\"},\"query-input\":{\"@type\":\"PropertyValueSpecification\",\"valueRequired\":true,\"valueName\":\"search_term_string\"}}],\"inLanguage\":\"en-GB\"},{\"@type\":\"Organization\",\"@id\":\"https:\\\/\\\/369agara.com\\\/#organization\",\"name\":\"EACreations\",\"url\":\"https:\\\/\\\/369agara.com\\\/\",\"logo\":{\"@type\":\"ImageObject\",\"inLanguage\":\"en-GB\",\"@id\":\"https:\\\/\\\/369agara.com\\\/#\\\/schema\\\/logo\\\/image\\\/\",\"url\":\"\",\"contentUrl\":\"\",\"caption\":\"EACreations\"},\"image\":{\"@id\":\"https:\\\/\\\/369agara.com\\\/#\\\/schema\\\/logo\\\/image\\\/\"}}]}<\/script>\n<!-- \/ Yoast SEO Premium plugin. -->","yoast_head_json":{"title":"Collier Devakanya Santi Ojoda Pranaya | Agara","description":"Ce collier est compos\u00e9 d'am\u00e9thyste, de citrine et de quartz rose de 4 \u00e0 10 mm.\u00a0Propri\u00e9t\u00e9s :\u00a0Am\u00e9thyste : Apaisante.\u00a0Citrine : \u00c9nergisante.\u00a0Quartz rose : Amour.\u00a0","robots":{"index":"index","follow":"follow","max-snippet":"max-snippet:-1","max-image-preview":"max-image-preview:large","max-video-preview":"max-video-preview:-1"},"canonical":"https:\/\/369agara.com\/en\/product\/collier-devakanya-santi-ojoda-pranaya-108\/","og_locale":"en_GB","og_type":"article","og_title":"Collier Devakanya Santi Ojoda Pranaya","og_description":"Ce collier est compos\u00e9 d'am\u00e9thyste, de citrine et de quartz rose de 4 \u00e0 10 mm.\u00a0Propri\u00e9t\u00e9s :\u00a0Am\u00e9thyste : Apaisante.\u00a0Citrine : \u00c9nergisante.\u00a0Quartz rose : Amour.\u00a0","og_url":"https:\/\/369agara.com\/en\/product\/collier-devakanya-santi-ojoda-pranaya-108\/","og_site_name":"Agara","article_modified_time":"2025-05-28T12:45:19+00:00","og_image":[{"width":2560,"height":2560,"url":"https:\/\/369agara.com\/wp-content\/uploads\/2020\/06\/IMG_c-scaled.jpg","type":"image\/jpeg"}],"twitter_card":"summary_large_image","twitter_misc":{"Estimated reading time":"1 minute"},"schema":{"@context":"https:\/\/schema.org","@graph":[{"@type":"WebPage","@id":"https:\/\/369agara.com\/produit\/collier-devakanya-santi-ojoda-pranaya-108\/","url":"https:\/\/369agara.com\/produit\/collier-devakanya-santi-ojoda-pranaya-108\/","name":"Collier Devakanya Santi Ojoda Pranaya | Agara","isPartOf":{"@id":"https:\/\/369agara.com\/#website"},"primaryImageOfPage":{"@id":"https:\/\/369agara.com\/produit\/collier-devakanya-santi-ojoda-pranaya-108\/#primaryimage"},"image":{"@id":"https:\/\/369agara.com\/produit\/collier-devakanya-santi-ojoda-pranaya-108\/#primaryimage"},"thumbnailUrl":"https:\/\/369agara.com\/wp-content\/uploads\/2020\/06\/IMG_c-scaled.jpg","datePublished":"2020-06-30T12:57:10+00:00","dateModified":"2025-05-28T12:45:19+00:00","description":"Ce collier est compos\u00e9 d'am\u00e9thyste, de citrine et de quartz rose de 4 \u00e0 10 mm.\u00a0Propri\u00e9t\u00e9s :\u00a0Am\u00e9thyste : Apaisante.\u00a0Citrine : \u00c9nergisante.\u00a0Quartz rose : Amour.\u00a0","breadcrumb":{"@id":"https:\/\/369agara.com\/produit\/collier-devakanya-santi-ojoda-pranaya-108\/#breadcrumb"},"inLanguage":"en-GB","potentialAction":[{"@type":"ReadAction","target":["https:\/\/369agara.com\/produit\/collier-devakanya-santi-ojoda-pranaya-108\/"]}]},{"@type":"ImageObject","inLanguage":"en-GB","@id":"https:\/\/369agara.com\/produit\/collier-devakanya-santi-ojoda-pranaya-108\/#primaryimage","url":"https:\/\/369agara.com\/wp-content\/uploads\/2020\/06\/IMG_c-scaled.jpg","contentUrl":"https:\/\/369agara.com\/wp-content\/uploads\/2020\/06\/IMG_c-scaled.jpg","width":2560,"height":2560},{"@type":"BreadcrumbList","@id":"https:\/\/369agara.com\/produit\/collier-devakanya-santi-ojoda-pranaya-108\/#breadcrumb","itemListElement":[{"@type":"ListItem","position":1,"name":"Accueil","item":"https:\/\/369agara.com\/"},{"@type":"ListItem","position":2,"name":"La boutique","item":"https:\/\/369agara.com\/la-boutique\/"},{"@type":"ListItem","position":3,"name":"Collier Devakanya Santi Ojoda Pranaya"}]},{"@type":"WebSite","@id":"https:\/\/369agara.com\/#website","url":"https:\/\/369agara.com\/","name":"Livsrikedomar","description":"Disconnect to better connect","publisher":{"@id":"https:\/\/369agara.com\/#organization"},"potentialAction":[{"@type":"SearchAction","target":{"@type":"EntryPoint","urlTemplate":"https:\/\/369agara.com\/?s={search_term_string}"},"query-input":{"@type":"PropertyValueSpecification","valueRequired":true,"valueName":"search_term_string"}}],"inLanguage":"en-GB"},{"@type":"Organization","@id":"https:\/\/369agara.com\/#organization","name":"EACreations","url":"https:\/\/369agara.com\/","logo":{"@type":"ImageObject","inLanguage":"en-GB","@id":"https:\/\/369agara.com\/#\/schema\/logo\/image\/","url":"","contentUrl":"","caption":"EACreations"},"image":{"@id":"https:\/\/369agara.com\/#\/schema\/logo\/image\/"}}]}},"jetpack_sharing_enabled":true,"_links":{"self":[{"href":"https:\/\/369agara.com\/en\/wp-json\/wp\/v2\/product\/215","targetHints":{"allow":["GET"]}}],"collection":[{"href":"https:\/\/369agara.com\/en\/wp-json\/wp\/v2\/product"}],"about":[{"href":"https:\/\/369agara.com\/en\/wp-json\/wp\/v2\/types\/product"}],"replies":[{"embeddable":true,"href":"https:\/\/369agara.com\/en\/wp-json\/wp\/v2\/comments?post=215"}],"wp:featuredmedia":[{"embeddable":true,"href":"https:\/\/369agara.com\/en\/wp-json\/wp\/v2\/media\/228"}],"wp:attachment":[{"href":"https:\/\/369agara.com\/en\/wp-json\/wp\/v2\/media?parent=215"}],"wp:term":[{"taxonomy":"product_brand","embeddable":true,"href":"https:\/\/369agara.com\/en\/wp-json\/wp\/v2\/product_brand?post=215"},{"taxonomy":"product_cat","embeddable":true,"href":"https:\/\/369agara.com\/en\/wp-json\/wp\/v2\/product_cat?post=215"},{"taxonomy":"product_tag","embeddable":true,"href":"https:\/\/369agara.com\/en\/wp-json\/wp\/v2\/product_tag?post=215"}],"curies":[{"name":"wp","href":"https:\/\/api.w.org\/{rel}","templated":true}]}}