{"id":2152,"date":"2023-09-25T19:06:33","date_gmt":"2023-09-25T17:06:33","guid":{"rendered":"https:\/\/369agara.com\/?post_type=product&#038;p=2152"},"modified":"2025-05-13T11:38:18","modified_gmt":"2025-05-13T09:38:18","slug":"drap-housse-bio-6-tailles","status":"publish","type":"product","link":"https:\/\/369agara.com\/en\/product\/drap-housse-bio-6-tailles\/","title":{"rendered":"Earthing fitted sheet in organic cotton | 6 sizes available Earthing"},"content":{"rendered":"<p><span style=\"font-family: 'Book Antiqua', Palatino; font-size: 120%; color: #333399;\">Reconnect your body to the Earth's natural energy while you sleep thanks to the\u00a0<strong>earthing fitted sheet<\/strong>.<\/span><\/p>\n<p><span style=\"font-family: 'Book Antiqua', Palatino; font-size: 120%; color: #333399;\">Designed for\u00a0<strong>direct skin contact<\/strong>it promotes a\u00a0<strong>restful sleep<\/strong>It soothes chronic pain and helps reduce stress by reproducing the beneficial effects of direct contact with nature.<\/span><\/p>\n<h3><span style=\"font-family: 'Book Antiqua', Palatino; font-size: 120%; color: #333399;\">The benefits of Earthing during sleep<\/span><\/h3>\n<p><span style=\"font-family: 'Book Antiqua', Palatino; font-size: 120%; color: #333399;\">According to Clinton Ober and the authors of the book\u00a0<em>\"Connect to the Earth<\/em>sleeping connected to the Earth will help restore\u00a0<strong>the body's natural electrical balance<\/strong>\u00a0and eliminate electrostatic charges, just like when you walk barefoot in nature.<\/span><\/p>\n<p><span style=\"font-family: 'Book Antiqua', Palatino; font-size: 120%; color: #333399;\">Earthing products recreate this phenomenon in everyday life, simply and effectively. Inspired by the ancient principle of walking barefoot in the grass, Earthing allows you to :<\/span><\/p>\n<ul>\n<li><span style=\"font-family: 'Book Antiqua', Palatino; font-size: 120%; color: #333399;\">Reduce accumulated electrical tension in the body<\/span><\/li>\n<li><span style=\"font-family: 'Book Antiqua', Palatino; font-size: 120%; color: #333399;\">Improving sleep quality and regulating the biological clock<\/span><\/li>\n<li><span style=\"font-family: 'Book Antiqua', Palatino; font-size: 120%; color: #333399;\">Relieves inflammation, muscle pain and headaches<\/span><\/li>\n<li><span style=\"font-family: 'Book Antiqua', Palatino; font-size: 120%; color: #333399;\">Strengthen the immune system and blood circulation<\/span><\/li>\n<li><span style=\"font-family: 'Book Antiqua', Palatino; font-size: 120%; color: #333399;\">Reduce stress, irritability, anxiety and certain symptoms linked to electrosensitivity<\/span><\/li>\n<\/ul>\n<p><span style=\"font-family: 'Book Antiqua', Palatino; font-size: 120%; color: #333399;\">The benefits mentioned are based on testimonials and empirical observations. This fitted sheet\u00a0<strong>is not a medical device<\/strong>. If you have any health problems, please consult a healthcare professional.<\/span><\/p>\n<h3><span style=\"font-family: 'Book Antiqua', Palatino; font-size: 120%; color: #333399;\">Discreet, natural technology<\/span><\/h3>\n<ul>\n<li><span style=\"font-family: 'Book Antiqua', Palatino; font-size: 120%; color: #333399;\"><strong>100 % organic cotton<\/strong>soft and breathable<\/span><\/li>\n<li><span style=\"font-family: 'Book Antiqua', Palatino; font-size: 120%; color: #333399;\">Intertwined with\u00a0<strong>conductive silver fibres<\/strong>\u00a0(up to 1000 m of wire depending on size)<\/span><\/li>\n<li><span style=\"font-family: 'Book Antiqua', Palatino; font-size: 120%; color: #333399;\"><strong>Colour: off-white<\/strong>\u00a0natural (undyed)<\/span><\/li>\n<li><span style=\"font-family: 'Book Antiqua', Palatino; font-size: 120%; color: #333399;\"><strong>Optimum comfort<\/strong>\u00a0cotton touch, no metallic feel<\/span><\/li>\n<\/ul>\n<blockquote><p><span style=\"font-family: 'Book Antiqua', Palatino; font-size: 120%; color: #333399;\">For maximum effectiveness, we recommend sleeping in\u00a0<strong>direct skin contact<\/strong>\u00a0(without pyjamas or with light clothing).<\/span><\/p><\/blockquote>\n<h3><span style=\"font-family: 'Book Antiqua', Palatino; font-size: 120%; color: #333399;\">Available sizes<\/span><\/h3>\n<p><span style=\"font-family: 'Book Antiqua', Palatino; font-size: 120%; color: #333399;\">This fitted sheet is easy to adapt thanks to its\u00a0<strong>elastic edges<\/strong>\u00a0:<\/span><\/p>\n<ul>\n<li><span style=\"font-family: 'Book Antiqua', Palatino; font-size: 120%; color: #333399;\">90 x 200 cm<\/span><\/li>\n<li><span style=\"font-family: 'Book Antiqua', Palatino; font-size: 120%; color: #333399;\">140 x 200 cm<\/span><\/li>\n<li><span style=\"font-family: 'Book Antiqua', Palatino; font-size: 120%; color: #333399;\">150 x 200 cm\u00a0<em>(to order)<\/em><\/span><\/li>\n<li><span style=\"font-family: 'Book Antiqua', Palatino; font-size: 120%; color: #333399;\">160 x 200 cm<\/span><\/li>\n<li><span style=\"font-family: 'Book Antiqua', Palatino; font-size: 120%; color: #333399;\">180 x 213 cm\u00a0<em>(to order)<\/em><\/span><\/li>\n<li><span style=\"font-family: 'Book Antiqua', Palatino; font-size: 120%; color: #333399;\">200 x 213 cm\u00a0<em>(to order)<\/em><\/span><span style=\"font-family: 'Book Antiqua', Palatino; font-size: 120%; color: #333399;\">Also suitable for\u00a0<strong>thick mattress<\/strong>\u00a0thanks to its wide, extendable contour.<\/span><\/li>\n<\/ul>\n<h3><span style=\"font-family: 'Book Antiqua', Palatino; font-size: 120%; color: #333399;\">Simple, secure installation<\/span><\/h3>\n<ul>\n<li><span style=\"font-family: 'Book Antiqua', Palatino; font-size: 120%; color: #333399;\">Supplied with a\u00a0<strong>4.60 m earthing cord<\/strong><\/span><\/li>\n<li><span style=\"font-family: 'Book Antiqua', Palatino; font-size: 120%; color: #333399;\">Supplied with a\u00a0<strong>connection plug<\/strong>\u00a0compatible with sockets in many countries (France, Belgium, Germany, Italy, etc.)<\/span><\/li>\n<li><span style=\"font-family: 'Book Antiqua', Palatino; font-size: 120%; color: #333399;\">A\u00a0<strong>discreet connection<\/strong>\u00a0is integrated into the edge of the sheet to connect the cord<\/span><\/li>\n<li><span style=\"font-family: 'Book Antiqua', Palatino; font-size: 120%; color: #333399;\">Works only if\u00a0<strong>your plug is earthed<\/strong><\/span><\/li>\n<\/ul>\n<p><span style=\"font-family: 'Book Antiqua', Palatino; font-size: 120%; color: #333399;\">If you don't have a properly connected socket, you can use a <strong>external earthing rod<\/strong>\u00a0if you live in a house or on the ground floor.<\/span><\/p>\n<h3><span style=\"font-family: 'Book Antiqua', Palatino; font-size: 120%; color: #333399;\">Easy maintenance<\/span><\/h3>\n<ul>\n<li><span style=\"font-family: 'Book Antiqua', Palatino; font-size: 120%; color: #333399;\">Can be machine-washed at 30\u00b0C with a\u00a0<strong>mild detergent without bleaching agents<\/strong><\/span><\/li>\n<li><span style=\"font-family: 'Book Antiqua', Palatino; font-size: 120%; color: #333399;\">Do not use bleach or aggressive products (risk of damaging the conductive fibres)<\/span><\/li>\n<li><span style=\"font-family: 'Book Antiqua', Palatino; font-size: 120%; color: #333399;\">Air drying recommended<\/span><\/li>\n<\/ul>\n<p><span style=\"font-family: 'Book Antiqua', Palatino; font-size: 120%; color: #333399;\">Bleach, lotions and oils can tarnish silver and make it non-conductive.\u00a0<\/span><br \/>\n<span style=\"font-family: 'Book Antiqua', Palatino; font-size: 120%; color: #333399;\">Softeners build up on silver and damage its conductivity.<\/span><\/p>\n<h3><span style=\"font-family: 'Book Antiqua', Palatino; font-size: 120%; color: #333399;\">Agara Council<\/span><\/h3>\n<p><span style=\"font-family: 'Book Antiqua', Palatino; font-size: 120%; color: #333399;\">For Earthing to be effective, it is essential to test the quality of your earthing system, either with a suitable device (earthing tester, Tohm-E earthing meter or Catohm DT-300) or by calling in a professional with the appropriate equipment.\u00a0<\/span><\/p>\n<p><span style=\"font-family: 'Book Antiqua', Palatino; font-size: 120%; color: #333399;\">If the electrical installations are too old or badly installed, the earth connection may be inadequate or non-existent.<\/span><\/p>\n<p><span style=\"font-family: 'Book Antiqua', Palatino; font-size: 120%; color: #333399;\">It's also very important to keep electric fields in the room to a minimum (clock radios, bedside lamps, unshielded power sockets and extension leads), to prevent them from interfering with the earthing system. Don't hesitate to measure them or have them measured!<\/span><\/p>\n<p><span style=\"font-family: 'Book Antiqua', Palatino; font-size: 120%; color: #ed1c24;\"><strong>For reasons of hygiene, textile items (clothing, hats, caps, bed linen, sleeping bags, blankets, gloves, socks, etc.) or any other item worn in direct contact with the body may not be returned or exchanged. Thank you in advance for your understanding.<\/strong><\/span><\/p>","protected":false},"excerpt":{"rendered":"<p><span style=\"font-family: 'Book Antiqua', Palatino; font-size: 120%; color: #333399;\">Reconnect your body to the Earth's natural energy while you sleep thanks to the\u00a0<strong>earthing fitted sheet<\/strong>.\u00a0<\/span><\/p>\n<p><span style=\"font-family: 'Book Antiqua', Palatino; font-size: 120%; color: #333399;\">Designed for\u00a0<strong>direct skin contact<\/strong>it promotes a\u00a0<strong>restful sleep<\/strong>It soothes chronic pain and helps reduce stress by reproducing the beneficial effects of direct contact with nature.\u00a0<\/span><\/p>\n<p><span style=\"font-family: 'Book Antiqua', Palatino; font-size: 120%; color: #333399;\">6 sizes available: 90\/100 x 200 cm, 140 x 200 cm, 150 x 200 cm, 160 x 200 cm, 180 x 200 cm, 200 x 200 cm.\u00a0<\/span><\/p>\n<p><span style=\"font-family: 'Book Antiqua', Palatino; font-size: 120%; color: #333399;\">Supplied with earthing accessories.<\/span><\/p>","protected":false},"featured_media":2159,"comment_status":"open","ping_status":"closed","template":"","meta":[],"product_brand":[267],"product_cat":[164],"product_tag":[248,247,249,245],"class_list":{"0":"post-2152","1":"product","2":"type-product","3":"status-publish","4":"has-post-thumbnail","6":"product_brand-earthing","7":"product_cat-baubiologie","8":"product_tag-baubiologie","9":"product_tag-chambre","10":"product_tag-electromagnetisme","11":"product_tag-maison","13":"first","14":"instock","15":"taxable","16":"shipping-taxable","17":"purchasable","18":"product-type-variable"},"yoast_head":"<!-- This site is optimized with the Yoast SEO Premium plugin v25.1 (Yoast SEO v27.4) - https:\/\/yoast.com\/product\/yoast-seo-premium-wordpress\/ -->\n<title>Drap-housse de mise \u00e0 la terre en coton bio | 6 tailles disponibles Earthing | Agara<\/title>\n<meta name=\"description\" content=\"Drap-housse de mise \u00e0 la terre con\u00e7u pour un\u00a0contact direct avec la peau. Favorise un\u00a0sommeil r\u00e9parateur, apaise les douleurs chroniques et aide \u00e0 r\u00e9duire le stress, en reproduisant les effets b\u00e9n\u00e9fiques du contact direct avec la nature.\u00a06 tailles disponibles : 90\/100 x 200 cm, 140 x 200 cm, 150 x 200 cm, 160 x 200 cm, 180 x 200 cm, 200 x 200 cm.\u00a0Livr\u00e9 avec ses accessoires de mise \u00e0 la terre.\" \/>\n<meta name=\"robots\" content=\"index, follow, max-snippet:-1, max-image-preview:large, max-video-preview:-1\" \/>\n<link rel=\"canonical\" href=\"https:\/\/369agara.com\/en\/product\/drap-housse-bio-6-tailles\/\" \/>\n<meta property=\"og:locale\" content=\"en_GB\" \/>\n<meta property=\"og:type\" content=\"article\" \/>\n<meta property=\"og:title\" content=\"Drap-housse de mise \u00e0 la terre en coton bio | 6 tailles disponibles Earthing\" \/>\n<meta property=\"og:description\" content=\"Drap-housse de mise \u00e0 la terre con\u00e7u pour un\u00a0contact direct avec la peau. Favorise un\u00a0sommeil r\u00e9parateur, apaise les douleurs chroniques et aide \u00e0 r\u00e9duire le stress, en reproduisant les effets b\u00e9n\u00e9fiques du contact direct avec la nature.\u00a06 tailles disponibles : 90\/100 x 200 cm, 140 x 200 cm, 150 x 200 cm, 160 x 200 cm, 180 x 200 cm, 200 x 200 cm.\u00a0Livr\u00e9 avec ses accessoires de mise \u00e0 la terre.\" \/>\n<meta property=\"og:url\" content=\"https:\/\/369agara.com\/en\/product\/drap-housse-bio-6-tailles\/\" \/>\n<meta property=\"og:site_name\" content=\"Agara\" \/>\n<meta property=\"article:modified_time\" content=\"2025-05-13T09:38:18+00:00\" \/>\n<meta property=\"og:image\" content=\"https:\/\/369agara.com\/wp-content\/uploads\/2023\/09\/drap-housse-de-mise-a-la-terre-earthing.jpg\" \/>\n\t<meta property=\"og:image:width\" content=\"800\" \/>\n\t<meta property=\"og:image:height\" content=\"800\" \/>\n\t<meta property=\"og:image:type\" content=\"image\/jpeg\" \/>\n<meta name=\"twitter:card\" content=\"summary_large_image\" \/>\n<meta name=\"twitter:label1\" content=\"Estimated reading time\" \/>\n\t<meta name=\"twitter:data1\" content=\"4 minutes\" \/>\n<script type=\"application\/ld+json\" class=\"yoast-schema-graph\">{\"@context\":\"https:\\\/\\\/schema.org\",\"@graph\":[{\"@type\":\"WebPage\",\"@id\":\"https:\\\/\\\/369agara.com\\\/produit\\\/drap-housse-bio-6-tailles\\\/\",\"url\":\"https:\\\/\\\/369agara.com\\\/produit\\\/drap-housse-bio-6-tailles\\\/\",\"name\":\"Drap-housse de mise \u00e0 la terre en coton bio | 6 tailles disponibles Earthing | Agara\",\"isPartOf\":{\"@id\":\"https:\\\/\\\/369agara.com\\\/#website\"},\"primaryImageOfPage\":{\"@id\":\"https:\\\/\\\/369agara.com\\\/produit\\\/drap-housse-bio-6-tailles\\\/#primaryimage\"},\"image\":{\"@id\":\"https:\\\/\\\/369agara.com\\\/produit\\\/drap-housse-bio-6-tailles\\\/#primaryimage\"},\"thumbnailUrl\":\"https:\\\/\\\/369agara.com\\\/wp-content\\\/uploads\\\/2023\\\/09\\\/drap-housse-de-mise-a-la-terre-earthing.jpg\",\"datePublished\":\"2023-09-25T17:06:33+00:00\",\"dateModified\":\"2025-05-13T09:38:18+00:00\",\"description\":\"Drap-housse de mise \u00e0 la terre con\u00e7u pour un\u00a0contact direct avec la peau. Favorise un\u00a0sommeil r\u00e9parateur, apaise les douleurs chroniques et aide \u00e0 r\u00e9duire le stress, en reproduisant les effets b\u00e9n\u00e9fiques du contact direct avec la nature.\u00a06 tailles disponibles : 90\\\/100 x 200 cm, 140 x 200 cm, 150 x 200 cm, 160 x 200 cm, 180 x 200 cm, 200 x 200 cm.\u00a0Livr\u00e9 avec ses accessoires de mise \u00e0 la terre.\",\"breadcrumb\":{\"@id\":\"https:\\\/\\\/369agara.com\\\/produit\\\/drap-housse-bio-6-tailles\\\/#breadcrumb\"},\"inLanguage\":\"en-GB\",\"potentialAction\":[{\"@type\":\"ReadAction\",\"target\":[\"https:\\\/\\\/369agara.com\\\/produit\\\/drap-housse-bio-6-tailles\\\/\"]}]},{\"@type\":\"ImageObject\",\"inLanguage\":\"en-GB\",\"@id\":\"https:\\\/\\\/369agara.com\\\/produit\\\/drap-housse-bio-6-tailles\\\/#primaryimage\",\"url\":\"https:\\\/\\\/369agara.com\\\/wp-content\\\/uploads\\\/2023\\\/09\\\/drap-housse-de-mise-a-la-terre-earthing.jpg\",\"contentUrl\":\"https:\\\/\\\/369agara.com\\\/wp-content\\\/uploads\\\/2023\\\/09\\\/drap-housse-de-mise-a-la-terre-earthing.jpg\",\"width\":800,\"height\":800},{\"@type\":\"BreadcrumbList\",\"@id\":\"https:\\\/\\\/369agara.com\\\/produit\\\/drap-housse-bio-6-tailles\\\/#breadcrumb\",\"itemListElement\":[{\"@type\":\"ListItem\",\"position\":1,\"name\":\"Accueil\",\"item\":\"https:\\\/\\\/369agara.com\\\/\"},{\"@type\":\"ListItem\",\"position\":2,\"name\":\"La boutique\",\"item\":\"https:\\\/\\\/369agara.com\\\/la-boutique\\\/\"},{\"@type\":\"ListItem\",\"position\":3,\"name\":\"Drap-housse de mise \u00e0 la terre en coton bio | 6 tailles disponibles Earthing\"}]},{\"@type\":\"WebSite\",\"@id\":\"https:\\\/\\\/369agara.com\\\/#website\",\"url\":\"https:\\\/\\\/369agara.com\\\/\",\"name\":\"Livsrikedomar\",\"description\":\"D\u00e9connectez pour mieux vous connecter\",\"publisher\":{\"@id\":\"https:\\\/\\\/369agara.com\\\/#organization\"},\"potentialAction\":[{\"@type\":\"SearchAction\",\"target\":{\"@type\":\"EntryPoint\",\"urlTemplate\":\"https:\\\/\\\/369agara.com\\\/?s={search_term_string}\"},\"query-input\":{\"@type\":\"PropertyValueSpecification\",\"valueRequired\":true,\"valueName\":\"search_term_string\"}}],\"inLanguage\":\"en-GB\"},{\"@type\":\"Organization\",\"@id\":\"https:\\\/\\\/369agara.com\\\/#organization\",\"name\":\"EACreations\",\"url\":\"https:\\\/\\\/369agara.com\\\/\",\"logo\":{\"@type\":\"ImageObject\",\"inLanguage\":\"en-GB\",\"@id\":\"https:\\\/\\\/369agara.com\\\/#\\\/schema\\\/logo\\\/image\\\/\",\"url\":\"\",\"contentUrl\":\"\",\"caption\":\"EACreations\"},\"image\":{\"@id\":\"https:\\\/\\\/369agara.com\\\/#\\\/schema\\\/logo\\\/image\\\/\"}}]}<\/script>\n<!-- \/ Yoast SEO Premium plugin. -->","yoast_head_json":{"title":"Drap-housse de mise \u00e0 la terre en coton bio | 6 tailles disponibles Earthing | Agara","description":"Drap-housse de mise \u00e0 la terre con\u00e7u pour un\u00a0contact direct avec la peau. Favorise un\u00a0sommeil r\u00e9parateur, apaise les douleurs chroniques et aide \u00e0 r\u00e9duire le stress, en reproduisant les effets b\u00e9n\u00e9fiques du contact direct avec la nature.\u00a06 tailles disponibles : 90\/100 x 200 cm, 140 x 200 cm, 150 x 200 cm, 160 x 200 cm, 180 x 200 cm, 200 x 200 cm.\u00a0Livr\u00e9 avec ses accessoires de mise \u00e0 la terre.","robots":{"index":"index","follow":"follow","max-snippet":"max-snippet:-1","max-image-preview":"max-image-preview:large","max-video-preview":"max-video-preview:-1"},"canonical":"https:\/\/369agara.com\/en\/product\/drap-housse-bio-6-tailles\/","og_locale":"en_GB","og_type":"article","og_title":"Drap-housse de mise \u00e0 la terre en coton bio | 6 tailles disponibles Earthing","og_description":"Drap-housse de mise \u00e0 la terre con\u00e7u pour un\u00a0contact direct avec la peau. Favorise un\u00a0sommeil r\u00e9parateur, apaise les douleurs chroniques et aide \u00e0 r\u00e9duire le stress, en reproduisant les effets b\u00e9n\u00e9fiques du contact direct avec la nature.\u00a06 tailles disponibles : 90\/100 x 200 cm, 140 x 200 cm, 150 x 200 cm, 160 x 200 cm, 180 x 200 cm, 200 x 200 cm.\u00a0Livr\u00e9 avec ses accessoires de mise \u00e0 la terre.","og_url":"https:\/\/369agara.com\/en\/product\/drap-housse-bio-6-tailles\/","og_site_name":"Agara","article_modified_time":"2025-05-13T09:38:18+00:00","og_image":[{"width":800,"height":800,"url":"https:\/\/369agara.com\/wp-content\/uploads\/2023\/09\/drap-housse-de-mise-a-la-terre-earthing.jpg","type":"image\/jpeg"}],"twitter_card":"summary_large_image","twitter_misc":{"Estimated reading time":"4 minutes"},"schema":{"@context":"https:\/\/schema.org","@graph":[{"@type":"WebPage","@id":"https:\/\/369agara.com\/produit\/drap-housse-bio-6-tailles\/","url":"https:\/\/369agara.com\/produit\/drap-housse-bio-6-tailles\/","name":"Drap-housse de mise \u00e0 la terre en coton bio | 6 tailles disponibles Earthing | Agara","isPartOf":{"@id":"https:\/\/369agara.com\/#website"},"primaryImageOfPage":{"@id":"https:\/\/369agara.com\/produit\/drap-housse-bio-6-tailles\/#primaryimage"},"image":{"@id":"https:\/\/369agara.com\/produit\/drap-housse-bio-6-tailles\/#primaryimage"},"thumbnailUrl":"https:\/\/369agara.com\/wp-content\/uploads\/2023\/09\/drap-housse-de-mise-a-la-terre-earthing.jpg","datePublished":"2023-09-25T17:06:33+00:00","dateModified":"2025-05-13T09:38:18+00:00","description":"Drap-housse de mise \u00e0 la terre con\u00e7u pour un\u00a0contact direct avec la peau. Favorise un\u00a0sommeil r\u00e9parateur, apaise les douleurs chroniques et aide \u00e0 r\u00e9duire le stress, en reproduisant les effets b\u00e9n\u00e9fiques du contact direct avec la nature.\u00a06 tailles disponibles : 90\/100 x 200 cm, 140 x 200 cm, 150 x 200 cm, 160 x 200 cm, 180 x 200 cm, 200 x 200 cm.\u00a0Livr\u00e9 avec ses accessoires de mise \u00e0 la terre.","breadcrumb":{"@id":"https:\/\/369agara.com\/produit\/drap-housse-bio-6-tailles\/#breadcrumb"},"inLanguage":"en-GB","potentialAction":[{"@type":"ReadAction","target":["https:\/\/369agara.com\/produit\/drap-housse-bio-6-tailles\/"]}]},{"@type":"ImageObject","inLanguage":"en-GB","@id":"https:\/\/369agara.com\/produit\/drap-housse-bio-6-tailles\/#primaryimage","url":"https:\/\/369agara.com\/wp-content\/uploads\/2023\/09\/drap-housse-de-mise-a-la-terre-earthing.jpg","contentUrl":"https:\/\/369agara.com\/wp-content\/uploads\/2023\/09\/drap-housse-de-mise-a-la-terre-earthing.jpg","width":800,"height":800},{"@type":"BreadcrumbList","@id":"https:\/\/369agara.com\/produit\/drap-housse-bio-6-tailles\/#breadcrumb","itemListElement":[{"@type":"ListItem","position":1,"name":"Accueil","item":"https:\/\/369agara.com\/"},{"@type":"ListItem","position":2,"name":"La boutique","item":"https:\/\/369agara.com\/la-boutique\/"},{"@type":"ListItem","position":3,"name":"Drap-housse de mise \u00e0 la terre en coton bio | 6 tailles disponibles Earthing"}]},{"@type":"WebSite","@id":"https:\/\/369agara.com\/#website","url":"https:\/\/369agara.com\/","name":"Livsrikedomar","description":"Disconnect to better connect","publisher":{"@id":"https:\/\/369agara.com\/#organization"},"potentialAction":[{"@type":"SearchAction","target":{"@type":"EntryPoint","urlTemplate":"https:\/\/369agara.com\/?s={search_term_string}"},"query-input":{"@type":"PropertyValueSpecification","valueRequired":true,"valueName":"search_term_string"}}],"inLanguage":"en-GB"},{"@type":"Organization","@id":"https:\/\/369agara.com\/#organization","name":"EACreations","url":"https:\/\/369agara.com\/","logo":{"@type":"ImageObject","inLanguage":"en-GB","@id":"https:\/\/369agara.com\/#\/schema\/logo\/image\/","url":"","contentUrl":"","caption":"EACreations"},"image":{"@id":"https:\/\/369agara.com\/#\/schema\/logo\/image\/"}}]}},"jetpack_sharing_enabled":true,"_links":{"self":[{"href":"https:\/\/369agara.com\/en\/wp-json\/wp\/v2\/product\/2152","targetHints":{"allow":["GET"]}}],"collection":[{"href":"https:\/\/369agara.com\/en\/wp-json\/wp\/v2\/product"}],"about":[{"href":"https:\/\/369agara.com\/en\/wp-json\/wp\/v2\/types\/product"}],"replies":[{"embeddable":true,"href":"https:\/\/369agara.com\/en\/wp-json\/wp\/v2\/comments?post=2152"}],"wp:featuredmedia":[{"embeddable":true,"href":"https:\/\/369agara.com\/en\/wp-json\/wp\/v2\/media\/2159"}],"wp:attachment":[{"href":"https:\/\/369agara.com\/en\/wp-json\/wp\/v2\/media?parent=2152"}],"wp:term":[{"taxonomy":"product_brand","embeddable":true,"href":"https:\/\/369agara.com\/en\/wp-json\/wp\/v2\/product_brand?post=2152"},{"taxonomy":"product_cat","embeddable":true,"href":"https:\/\/369agara.com\/en\/wp-json\/wp\/v2\/product_cat?post=2152"},{"taxonomy":"product_tag","embeddable":true,"href":"https:\/\/369agara.com\/en\/wp-json\/wp\/v2\/product_tag?post=2152"}],"curies":[{"name":"wp","href":"https:\/\/api.w.org\/{rel}","templated":true}]}}