{"id":2199,"date":"2023-09-30T19:40:22","date_gmt":"2023-09-30T17:40:22","guid":{"rendered":"https:\/\/369agara.com\/?post_type=product&#038;p=2199"},"modified":"2025-05-15T22:14:51","modified_gmt":"2025-05-15T20:14:51","slug":"boitier-encastrement-blinde-47mm-59mm","status":"publish","type":"product","link":"https:\/\/369agara.com\/en\/product\/boitier-encastrement-blinde-47mm-59mm\/","title":{"rendered":"Shielded flush-mounted box Biologa Danell 47 mm | 59 mm"},"content":{"rendered":"<p><span style=\"font-family: 'Book Antiqua', Palatino; font-size: 120%; color: #333399;\">Shielded flush-mounted boxes are flush-mounted boxes vacuum-coated with a metal layer to reduce low-frequency alternating electric fields. The metal coating is located on the outside of the box and is fitted with a riveted 1.5 mm\u00b2 potential equalization wire. This is connected to conventional plug-in terminals (Wago, Weidm\u00fcller) and to the shield wire of the cable or to the PE (yellow\/green) of an unshielded cable.<\/span><\/p>\n<p><span style=\"font-family: 'Book Antiqua', Palatino; font-size: 120%; color: #333399;\">The Danell Biologa shielded flush-mounting box, used in conjunction with shielded phase wires or shielded cables in your electrical installation, eliminates electric fields and the associated disadvantages.<\/span><\/p>\n<p><span style=\"font-family: 'Book Antiqua', Palatino; font-size: 120%; color: #333399;\">Influencing our nervous, immune and endocrine systems, their main effects are :<\/span><\/p>\n<ul>\n<li><span style=\"font-family: 'Book Antiqua', Palatino; font-size: 120%; color: #333399;\">stress,<\/span><\/li>\n<li><span style=\"font-family: 'Book Antiqua', Palatino; font-size: 120%; color: #333399;\">nervousness,<\/span><\/li>\n<li><span style=\"font-family: 'Book Antiqua', Palatino; font-size: 120%; color: #333399;\">irritability,<\/span><\/li>\n<li><span style=\"font-family: 'Book Antiqua', Palatino; font-size: 120%; color: #333399;\">hyperactivity,<\/span><\/li>\n<li><span style=\"font-family: 'Book Antiqua', Palatino; font-size: 120%; color: #333399;\">insomnia,<\/span><\/li>\n<li><span style=\"font-family: 'Book Antiqua', Palatino; font-size: 120%; color: #333399;\">headaches,<\/span><\/li>\n<li><span style=\"font-family: 'Book Antiqua', Palatino; font-size: 120%; color: #333399;\">concentration problems and memory impairment,\u00a0<\/span><\/li>\n<li><span style=\"font-family: 'Book Antiqua', Palatino; font-size: 120%; color: #333399;\">abnormal fatigue,<\/span><\/li>\n<li><span style=\"font-family: 'Book Antiqua', Palatino; font-size: 120%; color: #333399;\">depression,<\/span><\/li>\n<li><span style=\"font-family: 'Book Antiqua', Palatino; font-size: 120%; color: #333399;\">acidification of the body,<\/span><\/li>\n<li><span style=\"font-family: 'Book Antiqua', Palatino; font-size: 120%; color: #333399;\">failing immune system,<\/span><\/li>\n<li><span style=\"font-family: 'Book Antiqua', Palatino; font-size: 120%; color: #333399;\">etc.<\/span><\/li>\n<\/ul>\n<p><span style=\"font-family: 'Book Antiqua', Palatino; font-size: 120%; color: #ed1c24;\"><strong>The use of shielded products is essential when the building materials are highly conductive, such as wood or plasterboard.<\/strong><\/span><\/p>\n<p><span style=\"font-family: 'Book Antiqua', Palatino; font-size: 120%; color: #ed1c24;\"><strong>Shielded wires, cables and boxes should be used first and foremost in rooms where you will be staying for long periods (bedroom, office), or even throughout your home, depending on your degree of sensitivity to electric fields and the amount of time you spend in other rooms.<\/strong><\/span><\/p>\n<h3><span style=\"font-family: 'Book Antiqua', Palatino; font-size: 120%; color: #333399;\">Technical specifications<\/span><\/h3>\n<ul>\n<li><span style=\"font-family: 'Book Antiqua', Palatino; font-size: 120%; color: #333399;\">Depth: 47 mm (flat version) \/ 59 mm (deep version)<\/span><\/li>\n<li><span style=\"font-family: 'Book Antiqua', Palatino; font-size: 120%; color: #333399;\">Diameter: \u2300 68 mm<\/span><\/li>\n<li><span style=\"font-family: 'Book Antiqua', Palatino; font-size: 120%; color: #333399;\">Colour: black \/ silver<\/span><\/li>\n<li><span style=\"font-family: 'Book Antiqua', Palatino; font-size: 120%; color: #333399;\">Material: synthetic (PS)<\/span><\/li>\n<li><span style=\"font-family: 'Book Antiqua', Palatino; font-size: 120%; color: #333399;\">Standard screw spacing: 60 mm<\/span><\/li>\n<li><span style=\"font-family: 'Book Antiqua', Palatino; font-size: 120%; color: #333399;\">Panel thickness: 7 - 35 mm<\/span><\/li>\n<li><span style=\"font-family: 'Book Antiqua', Palatino; font-size: 120%; color: #333399;\">Mounting with screw or spacer fixing<\/span><\/li>\n<li><span style=\"font-family: 'Book Antiqua', Palatino; font-size: 120%; color: #333399;\">With locking connector<\/span><\/li>\n<li><span style=\"font-family: 'Book Antiqua', Palatino; font-size: 120%; color: #333399;\">Potential connection cable 1.5 mm\u00b2 (CU, solid, rigid)<\/span><\/li>\n<li><span style=\"font-family: 'Book Antiqua', Palatino; font-size: 120%; color: #333399;\">Protection class: IP20<\/span><\/li>\n<\/ul>\n<p><span style=\"font-family: 'Book Antiqua', Palatino; font-size: 120%; color: #333399;\">Made in Germany<\/span><\/p>","protected":false},"excerpt":{"rendered":"<p><span style=\"font-family: 'Book Antiqua', Palatino; font-size: 120%; color: #333399;\">The Danell Biologa shielded flush-mounting box provides protection against electric fields.\u00a0<\/span><\/p>\n<p><span style=\"font-family: 'Book Antiqua', Palatino; font-size: 120%; color: #333399;\">Depth: 47 mm eller 59 mm<\/span><\/p>","protected":false},"featured_media":2200,"comment_status":"open","ping_status":"closed","template":"","meta":[],"product_brand":[265],"product_cat":[164],"product_tag":[246,247,251,245],"class_list":{"0":"post-2199","1":"product","2":"type-product","3":"status-publish","4":"has-post-thumbnail","6":"product_brand-biologa-danell","7":"product_cat-baubiologie","8":"product_tag-bureau","9":"product_tag-chambre","10":"product_tag-electricite","11":"product_tag-maison","13":"first","14":"instock","15":"taxable","16":"shipping-taxable","17":"purchasable","18":"product-type-variable"},"yoast_head":"<!-- This site is optimized with the Yoast SEO Premium plugin v25.1 (Yoast SEO v27.4) - https:\/\/yoast.com\/product\/yoast-seo-premium-wordpress\/ -->\n<title>Bo\u00eetier d&#039;encastrement blind\u00e9 Biologa Danell 47 mm | 59 mm | Agara<\/title>\n<meta name=\"description\" content=\"Le bo\u00eetier d&#039;encastrement blind\u00e9 Biologa Danell permet de prot\u00e9ger des champs \u00e9lectriques.\u00a0Profondeur : 47 mm eller 59 mm\" \/>\n<meta name=\"robots\" content=\"index, follow, max-snippet:-1, max-image-preview:large, max-video-preview:-1\" \/>\n<link rel=\"canonical\" href=\"https:\/\/369agara.com\/en\/product\/boitier-encastrement-blinde-47mm-59mm\/\" \/>\n<meta property=\"og:locale\" content=\"en_GB\" \/>\n<meta property=\"og:type\" content=\"article\" \/>\n<meta property=\"og:title\" content=\"Bo\u00eetier d&#039;encastrement blind\u00e9 Biologa Danell 47 mm | 59 mm\" \/>\n<meta property=\"og:description\" content=\"Le bo\u00eetier d&#039;encastrement blind\u00e9 Biologa Danell permet de prot\u00e9ger des champs \u00e9lectriques.\u00a0Profondeur : 47 mm eller 59 mm\" \/>\n<meta property=\"og:url\" content=\"https:\/\/369agara.com\/en\/product\/boitier-encastrement-blinde-47mm-59mm\/\" \/>\n<meta property=\"og:site_name\" content=\"Agara\" \/>\n<meta property=\"article:modified_time\" content=\"2025-05-15T20:14:51+00:00\" \/>\n<meta property=\"og:image\" content=\"https:\/\/369agara.com\/wp-content\/uploads\/2023\/09\/boitier-d-encastrement-blinde-danell-47-mm.jpg\" \/>\n\t<meta property=\"og:image:width\" content=\"800\" \/>\n\t<meta property=\"og:image:height\" content=\"800\" \/>\n\t<meta property=\"og:image:type\" content=\"image\/jpeg\" \/>\n<meta name=\"twitter:card\" content=\"summary_large_image\" \/>\n<meta name=\"twitter:label1\" content=\"Estimated reading time\" \/>\n\t<meta name=\"twitter:data1\" content=\"2 minutes\" \/>\n<script type=\"application\/ld+json\" class=\"yoast-schema-graph\">{\"@context\":\"https:\\\/\\\/schema.org\",\"@graph\":[{\"@type\":\"WebPage\",\"@id\":\"https:\\\/\\\/369agara.com\\\/produit\\\/boitier-encastrement-blinde-47mm-59mm\\\/\",\"url\":\"https:\\\/\\\/369agara.com\\\/produit\\\/boitier-encastrement-blinde-47mm-59mm\\\/\",\"name\":\"Bo\u00eetier d'encastrement blind\u00e9 Biologa Danell 47 mm | 59 mm | Agara\",\"isPartOf\":{\"@id\":\"https:\\\/\\\/369agara.com\\\/#website\"},\"primaryImageOfPage\":{\"@id\":\"https:\\\/\\\/369agara.com\\\/produit\\\/boitier-encastrement-blinde-47mm-59mm\\\/#primaryimage\"},\"image\":{\"@id\":\"https:\\\/\\\/369agara.com\\\/produit\\\/boitier-encastrement-blinde-47mm-59mm\\\/#primaryimage\"},\"thumbnailUrl\":\"https:\\\/\\\/369agara.com\\\/wp-content\\\/uploads\\\/2023\\\/09\\\/boitier-d-encastrement-blinde-danell-47-mm.jpg\",\"datePublished\":\"2023-09-30T17:40:22+00:00\",\"dateModified\":\"2025-05-15T20:14:51+00:00\",\"description\":\"Le bo\u00eetier d'encastrement blind\u00e9 Biologa Danell permet de prot\u00e9ger des champs \u00e9lectriques.\u00a0Profondeur : 47 mm eller 59 mm\",\"breadcrumb\":{\"@id\":\"https:\\\/\\\/369agara.com\\\/produit\\\/boitier-encastrement-blinde-47mm-59mm\\\/#breadcrumb\"},\"inLanguage\":\"en-GB\",\"potentialAction\":[{\"@type\":\"ReadAction\",\"target\":[\"https:\\\/\\\/369agara.com\\\/produit\\\/boitier-encastrement-blinde-47mm-59mm\\\/\"]}]},{\"@type\":\"ImageObject\",\"inLanguage\":\"en-GB\",\"@id\":\"https:\\\/\\\/369agara.com\\\/produit\\\/boitier-encastrement-blinde-47mm-59mm\\\/#primaryimage\",\"url\":\"https:\\\/\\\/369agara.com\\\/wp-content\\\/uploads\\\/2023\\\/09\\\/boitier-d-encastrement-blinde-danell-47-mm.jpg\",\"contentUrl\":\"https:\\\/\\\/369agara.com\\\/wp-content\\\/uploads\\\/2023\\\/09\\\/boitier-d-encastrement-blinde-danell-47-mm.jpg\",\"width\":800,\"height\":800},{\"@type\":\"BreadcrumbList\",\"@id\":\"https:\\\/\\\/369agara.com\\\/produit\\\/boitier-encastrement-blinde-47mm-59mm\\\/#breadcrumb\",\"itemListElement\":[{\"@type\":\"ListItem\",\"position\":1,\"name\":\"Accueil\",\"item\":\"https:\\\/\\\/369agara.com\\\/\"},{\"@type\":\"ListItem\",\"position\":2,\"name\":\"La boutique\",\"item\":\"https:\\\/\\\/369agara.com\\\/la-boutique\\\/\"},{\"@type\":\"ListItem\",\"position\":3,\"name\":\"Bo\u00eetier d&rsquo;encastrement blind\u00e9 Biologa Danell 47 mm | 59 mm\"}]},{\"@type\":\"WebSite\",\"@id\":\"https:\\\/\\\/369agara.com\\\/#website\",\"url\":\"https:\\\/\\\/369agara.com\\\/\",\"name\":\"Livsrikedomar\",\"description\":\"D\u00e9connectez pour mieux vous connecter\",\"publisher\":{\"@id\":\"https:\\\/\\\/369agara.com\\\/#organization\"},\"potentialAction\":[{\"@type\":\"SearchAction\",\"target\":{\"@type\":\"EntryPoint\",\"urlTemplate\":\"https:\\\/\\\/369agara.com\\\/?s={search_term_string}\"},\"query-input\":{\"@type\":\"PropertyValueSpecification\",\"valueRequired\":true,\"valueName\":\"search_term_string\"}}],\"inLanguage\":\"en-GB\"},{\"@type\":\"Organization\",\"@id\":\"https:\\\/\\\/369agara.com\\\/#organization\",\"name\":\"EACreations\",\"url\":\"https:\\\/\\\/369agara.com\\\/\",\"logo\":{\"@type\":\"ImageObject\",\"inLanguage\":\"en-GB\",\"@id\":\"https:\\\/\\\/369agara.com\\\/#\\\/schema\\\/logo\\\/image\\\/\",\"url\":\"\",\"contentUrl\":\"\",\"caption\":\"EACreations\"},\"image\":{\"@id\":\"https:\\\/\\\/369agara.com\\\/#\\\/schema\\\/logo\\\/image\\\/\"}}]}<\/script>\n<!-- \/ Yoast SEO Premium plugin. -->","yoast_head_json":{"title":"Bo\u00eetier d'encastrement blind\u00e9 Biologa Danell 47 mm | 59 mm | Agara","description":"Le bo\u00eetier d'encastrement blind\u00e9 Biologa Danell permet de prot\u00e9ger des champs \u00e9lectriques.\u00a0Profondeur : 47 mm eller 59 mm","robots":{"index":"index","follow":"follow","max-snippet":"max-snippet:-1","max-image-preview":"max-image-preview:large","max-video-preview":"max-video-preview:-1"},"canonical":"https:\/\/369agara.com\/en\/product\/boitier-encastrement-blinde-47mm-59mm\/","og_locale":"en_GB","og_type":"article","og_title":"Bo\u00eetier d'encastrement blind\u00e9 Biologa Danell 47 mm | 59 mm","og_description":"Le bo\u00eetier d'encastrement blind\u00e9 Biologa Danell permet de prot\u00e9ger des champs \u00e9lectriques.\u00a0Profondeur : 47 mm eller 59 mm","og_url":"https:\/\/369agara.com\/en\/product\/boitier-encastrement-blinde-47mm-59mm\/","og_site_name":"Agara","article_modified_time":"2025-05-15T20:14:51+00:00","og_image":[{"width":800,"height":800,"url":"https:\/\/369agara.com\/wp-content\/uploads\/2023\/09\/boitier-d-encastrement-blinde-danell-47-mm.jpg","type":"image\/jpeg"}],"twitter_card":"summary_large_image","twitter_misc":{"Estimated reading time":"2 minutes"},"schema":{"@context":"https:\/\/schema.org","@graph":[{"@type":"WebPage","@id":"https:\/\/369agara.com\/produit\/boitier-encastrement-blinde-47mm-59mm\/","url":"https:\/\/369agara.com\/produit\/boitier-encastrement-blinde-47mm-59mm\/","name":"Bo\u00eetier d'encastrement blind\u00e9 Biologa Danell 47 mm | 59 mm | Agara","isPartOf":{"@id":"https:\/\/369agara.com\/#website"},"primaryImageOfPage":{"@id":"https:\/\/369agara.com\/produit\/boitier-encastrement-blinde-47mm-59mm\/#primaryimage"},"image":{"@id":"https:\/\/369agara.com\/produit\/boitier-encastrement-blinde-47mm-59mm\/#primaryimage"},"thumbnailUrl":"https:\/\/369agara.com\/wp-content\/uploads\/2023\/09\/boitier-d-encastrement-blinde-danell-47-mm.jpg","datePublished":"2023-09-30T17:40:22+00:00","dateModified":"2025-05-15T20:14:51+00:00","description":"Le bo\u00eetier d'encastrement blind\u00e9 Biologa Danell permet de prot\u00e9ger des champs \u00e9lectriques.\u00a0Profondeur : 47 mm eller 59 mm","breadcrumb":{"@id":"https:\/\/369agara.com\/produit\/boitier-encastrement-blinde-47mm-59mm\/#breadcrumb"},"inLanguage":"en-GB","potentialAction":[{"@type":"ReadAction","target":["https:\/\/369agara.com\/produit\/boitier-encastrement-blinde-47mm-59mm\/"]}]},{"@type":"ImageObject","inLanguage":"en-GB","@id":"https:\/\/369agara.com\/produit\/boitier-encastrement-blinde-47mm-59mm\/#primaryimage","url":"https:\/\/369agara.com\/wp-content\/uploads\/2023\/09\/boitier-d-encastrement-blinde-danell-47-mm.jpg","contentUrl":"https:\/\/369agara.com\/wp-content\/uploads\/2023\/09\/boitier-d-encastrement-blinde-danell-47-mm.jpg","width":800,"height":800},{"@type":"BreadcrumbList","@id":"https:\/\/369agara.com\/produit\/boitier-encastrement-blinde-47mm-59mm\/#breadcrumb","itemListElement":[{"@type":"ListItem","position":1,"name":"Accueil","item":"https:\/\/369agara.com\/"},{"@type":"ListItem","position":2,"name":"La boutique","item":"https:\/\/369agara.com\/la-boutique\/"},{"@type":"ListItem","position":3,"name":"Bo\u00eetier d&rsquo;encastrement blind\u00e9 Biologa Danell 47 mm | 59 mm"}]},{"@type":"WebSite","@id":"https:\/\/369agara.com\/#website","url":"https:\/\/369agara.com\/","name":"Livsrikedomar","description":"Disconnect to better connect","publisher":{"@id":"https:\/\/369agara.com\/#organization"},"potentialAction":[{"@type":"SearchAction","target":{"@type":"EntryPoint","urlTemplate":"https:\/\/369agara.com\/?s={search_term_string}"},"query-input":{"@type":"PropertyValueSpecification","valueRequired":true,"valueName":"search_term_string"}}],"inLanguage":"en-GB"},{"@type":"Organization","@id":"https:\/\/369agara.com\/#organization","name":"EACreations","url":"https:\/\/369agara.com\/","logo":{"@type":"ImageObject","inLanguage":"en-GB","@id":"https:\/\/369agara.com\/#\/schema\/logo\/image\/","url":"","contentUrl":"","caption":"EACreations"},"image":{"@id":"https:\/\/369agara.com\/#\/schema\/logo\/image\/"}}]}},"jetpack_sharing_enabled":true,"_links":{"self":[{"href":"https:\/\/369agara.com\/en\/wp-json\/wp\/v2\/product\/2199","targetHints":{"allow":["GET"]}}],"collection":[{"href":"https:\/\/369agara.com\/en\/wp-json\/wp\/v2\/product"}],"about":[{"href":"https:\/\/369agara.com\/en\/wp-json\/wp\/v2\/types\/product"}],"replies":[{"embeddable":true,"href":"https:\/\/369agara.com\/en\/wp-json\/wp\/v2\/comments?post=2199"}],"wp:featuredmedia":[{"embeddable":true,"href":"https:\/\/369agara.com\/en\/wp-json\/wp\/v2\/media\/2200"}],"wp:attachment":[{"href":"https:\/\/369agara.com\/en\/wp-json\/wp\/v2\/media?parent=2199"}],"wp:term":[{"taxonomy":"product_brand","embeddable":true,"href":"https:\/\/369agara.com\/en\/wp-json\/wp\/v2\/product_brand?post=2199"},{"taxonomy":"product_cat","embeddable":true,"href":"https:\/\/369agara.com\/en\/wp-json\/wp\/v2\/product_cat?post=2199"},{"taxonomy":"product_tag","embeddable":true,"href":"https:\/\/369agara.com\/en\/wp-json\/wp\/v2\/product_tag?post=2199"}],"curies":[{"name":"wp","href":"https:\/\/api.w.org\/{rel}","templated":true}]}}