{"id":2382,"date":"2023-10-24T14:17:35","date_gmt":"2023-10-24T12:17:35","guid":{"rendered":"https:\/\/369agara.com\/?post_type=product&#038;p=2382"},"modified":"2025-05-15T22:13:49","modified_gmt":"2025-05-15T20:13:49","slug":"plaque-earthing-gcs-tissu-toile","status":"publish","type":"product","link":"https:\/\/369agara.com\/en\/product\/plaque-earthing-gcs-tissu-toile\/","title":{"rendered":"GCS YShield screw-on earthing plate for anti-wave fabrics and cloths"},"content":{"rendered":"<p><span style=\"font-family: 'Book Antiqua', Palatino; font-size: 120%; color: #333399;\">The GCS YShield screw-on earthing plate is specially designed to ensure good earthing of low- and high-frequency protective curtains, fabrics and canopies, as well as MCL and MCF5 magnetic field shielding material.<\/span><\/p>\n<p><span style=\"font-family: 'Book Antiqua', Palatino; font-size: 120%; color: #333399;\">The two earthing plates are held together by a screw. The material to be earthed must therefore be drilled (a small hole must be made in it for the screw to pass through).<\/span><br \/>\n<span style=\"font-family: 'Book Antiqua', Palatino; font-size: 120%; color: #333399;\">The advantage is that the plate is impossible to detach inadvertently, so your fabric is always correctly earthed.<\/span><\/p>\n<h3><span style=\"font-family: 'Book Antiqua', Palatino; font-size: 120%; color: #333399;\">Scope of delivery<\/span><\/h3>\n<p><span style=\"font-family: 'Book Antiqua', Palatino; font-size: 120%; color: #333399;\">2 connection plates 36 x 36 x 6 mm, all necessary screws, washers, cable lugs and a screwing tool with Torx\u00ae bits<\/span><\/p>\n<p><span style=\"font-family: 'Book Antiqua', Palatino; font-size: 120%; color: #333399;\"><span style=\"color: #ed1c24;\">This plate is sold on its own!<\/span> We recommend that you purchase a GL series ready-to-use earthing cable (available in 5 different lengths) + a GPE earthing plug at the same time.<\/span><\/p>\n<h3><span style=\"font-family: 'Book Antiqua', Palatino; font-size: 120%; color: #333399;\">Connectivity<\/span><\/h3>\n<p><span style=\"font-family: 'Book Antiqua', Palatino; font-size: 120%; color: #333399;\">A cable connection<\/span><\/p>\n<h3><span style=\"font-family: 'Book Antiqua', Palatino; font-size: 120%; color: #333399;\">Installation<\/span><\/h3>\n<p><span style=\"font-family: 'Book Antiqua', Palatino; font-size: 120%; color: #333399;\">1. Screw on the cable (lug) using the M4x3.2 screws and the tension washer.<\/span><\/p>\n<p><span style=\"font-family: 'Book Antiqua', Palatino; font-size: 120%; color: #333399;\">2. Unscrew the 2 plates and separate them.<\/span><\/p>\n<p><span style=\"font-family: 'Book Antiqua', Palatino; font-size: 120%; color: #333399;\">3. Drill a small hole in the material to be earthed using a pair of scissors or a small sharp knife. Be careful not to hurt yourself!<\/span><\/p>\n<p><span style=\"font-family: 'Book Antiqua', Palatino; font-size: 120%; color: #333399;\">4. Screw the two plates firmly back together.<\/span><\/p>\n<h3><span style=\"font-family: 'Book Antiqua', Palatino; font-size: 120%; color: #333399;\">Technical specifications<\/span><\/h3>\n<p><span style=\"font-family: 'Book Antiqua', Palatino; font-size: 120%; color: #333399;\">Contents: screw-on earthing plate with accessories\u00a0<\/span><\/p>\n<p><span style=\"font-family: 'Book Antiqua', Palatino; font-size: 120%; color: #333399;\">Weight: 130 g<\/span><\/p>\n<p><span style=\"font-family: 'Book Antiqua', Palatino; font-size: 120%; color: #333399;\">Packaging dimensions: 150 x 120 x 30 mm<\/span><\/p>\n<p><span style=\"font-family: 'Book Antiqua', Palatino; font-size: 120%; color: #333399;\">Made in Germany\u00a0\u00a0<\/span><\/p>\n<p><span style=\"font-family: 'Book Antiqua', Palatino; font-size: 120%; color: #ed1c24;\">We accept no liability for damage to persons, animals or objects caused by improper use of this product, in particular earthing and electrical installation that does not comply with DIN 57100 \/ VDE 0100 standards. We recommend that the electrical installation and earthing of YShield\u00ae products be checked by a specialist electrician.<\/span><\/p>","protected":false},"excerpt":{"rendered":"<p><span style=\"font-family: 'Book Antiqua', Palatino; font-size: 120%; color: #333399;\">The GCS YShield screw-on earthing plate is designed for earthing wave protection fabrics and cloths.\u00a0<\/span><\/p>\n<p><span style=\"font-family: 'Book Antiqua', Palatino; font-size: 120%; color: #333399;\">Used in conjunction with GL earthing cables and GPE earthing plug.\u00a0<\/span><\/p>\n<p><span style=\"font-family: 'Book Antiqua', Palatino; font-size: 120%; color: #333399;\">For indoor use.<\/span><\/p>","protected":false},"featured_media":2387,"comment_status":"open","ping_status":"closed","template":"","meta":[],"product_brand":[265],"product_cat":[164],"product_tag":[248,246,247,251,249,245,255,256],"class_list":{"0":"post-2382","1":"product","2":"type-product","3":"status-publish","4":"has-post-thumbnail","6":"product_brand-biologa-danell","7":"product_cat-baubiologie","8":"product_tag-baubiologie","9":"product_tag-bureau","10":"product_tag-chambre","11":"product_tag-electricite","12":"product_tag-electromagnetisme","13":"product_tag-maison","14":"product_tag-mur","15":"product_tag-tapis","17":"first","18":"instock","19":"taxable","20":"shipping-taxable","21":"purchasable","22":"product-type-simple"},"yoast_head":"<!-- This site is optimized with the Yoast SEO Premium plugin v25.1 (Yoast SEO v27.4) - https:\/\/yoast.com\/product\/yoast-seo-premium-wordpress\/ -->\n<title>Plaque de mise \u00e0 la terre \u00e0 vis GCS YShield pour tissus et toiles anti-ondes | Agara<\/title>\n<meta name=\"description\" content=\"La plaque de mise \u00e0 la terre \u00e0 vis GCS YShield est destin\u00e9e \u00e0 la mise \u00e0 la terre des tissus et toiles de protection anti-ondes.\u00a0S&#039;utilise en association avec les c\u00e2bles de mise \u00e0 la terre GL et la fiche de mise \u00e0 la terre GPE.\u00a0Usage en int\u00e9rieur.\" \/>\n<meta name=\"robots\" content=\"index, follow, max-snippet:-1, max-image-preview:large, max-video-preview:-1\" \/>\n<link rel=\"canonical\" href=\"https:\/\/369agara.com\/en\/product\/plaque-earthing-gcs-tissu-toile\/\" \/>\n<meta property=\"og:locale\" content=\"en_GB\" \/>\n<meta property=\"og:type\" content=\"article\" \/>\n<meta property=\"og:title\" content=\"Plaque de mise \u00e0 la terre \u00e0 vis GCS YShield pour tissus et toiles anti-ondes\" \/>\n<meta property=\"og:description\" content=\"La plaque de mise \u00e0 la terre \u00e0 vis GCS YShield est destin\u00e9e \u00e0 la mise \u00e0 la terre des tissus et toiles de protection anti-ondes.\u00a0S&#039;utilise en association avec les c\u00e2bles de mise \u00e0 la terre GL et la fiche de mise \u00e0 la terre GPE.\u00a0Usage en int\u00e9rieur.\" \/>\n<meta property=\"og:url\" content=\"https:\/\/369agara.com\/en\/product\/plaque-earthing-gcs-tissu-toile\/\" \/>\n<meta property=\"og:site_name\" content=\"Agara\" \/>\n<meta property=\"article:modified_time\" content=\"2025-05-15T20:13:49+00:00\" \/>\n<meta property=\"og:image\" content=\"https:\/\/369agara.com\/wp-content\/uploads\/2023\/10\/plaque-de-mise-a-la-terre-a-vis-gcs-yshield-pour-tissus-et-toiles-anti-ondes-.jpg\" \/>\n\t<meta property=\"og:image:width\" content=\"800\" \/>\n\t<meta property=\"og:image:height\" content=\"800\" \/>\n\t<meta property=\"og:image:type\" content=\"image\/jpeg\" \/>\n<meta name=\"twitter:card\" content=\"summary_large_image\" \/>\n<meta name=\"twitter:label1\" content=\"Estimated reading time\" \/>\n\t<meta name=\"twitter:data1\" content=\"2 minutes\" \/>\n<script type=\"application\/ld+json\" class=\"yoast-schema-graph\">{\"@context\":\"https:\\\/\\\/schema.org\",\"@graph\":[{\"@type\":\"WebPage\",\"@id\":\"https:\\\/\\\/369agara.com\\\/produit\\\/plaque-earthing-gcs-tissu-toile\\\/\",\"url\":\"https:\\\/\\\/369agara.com\\\/produit\\\/plaque-earthing-gcs-tissu-toile\\\/\",\"name\":\"Plaque de mise \u00e0 la terre \u00e0 vis GCS YShield pour tissus et toiles anti-ondes | Agara\",\"isPartOf\":{\"@id\":\"https:\\\/\\\/369agara.com\\\/#website\"},\"primaryImageOfPage\":{\"@id\":\"https:\\\/\\\/369agara.com\\\/produit\\\/plaque-earthing-gcs-tissu-toile\\\/#primaryimage\"},\"image\":{\"@id\":\"https:\\\/\\\/369agara.com\\\/produit\\\/plaque-earthing-gcs-tissu-toile\\\/#primaryimage\"},\"thumbnailUrl\":\"https:\\\/\\\/369agara.com\\\/wp-content\\\/uploads\\\/2023\\\/10\\\/plaque-de-mise-a-la-terre-a-vis-gcs-yshield-pour-tissus-et-toiles-anti-ondes-.jpg\",\"datePublished\":\"2023-10-24T12:17:35+00:00\",\"dateModified\":\"2025-05-15T20:13:49+00:00\",\"description\":\"La plaque de mise \u00e0 la terre \u00e0 vis GCS YShield est destin\u00e9e \u00e0 la mise \u00e0 la terre des tissus et toiles de protection anti-ondes.\u00a0S'utilise en association avec les c\u00e2bles de mise \u00e0 la terre GL et la fiche de mise \u00e0 la terre GPE.\u00a0Usage en int\u00e9rieur.\",\"breadcrumb\":{\"@id\":\"https:\\\/\\\/369agara.com\\\/produit\\\/plaque-earthing-gcs-tissu-toile\\\/#breadcrumb\"},\"inLanguage\":\"en-GB\",\"potentialAction\":[{\"@type\":\"ReadAction\",\"target\":[\"https:\\\/\\\/369agara.com\\\/produit\\\/plaque-earthing-gcs-tissu-toile\\\/\"]}]},{\"@type\":\"ImageObject\",\"inLanguage\":\"en-GB\",\"@id\":\"https:\\\/\\\/369agara.com\\\/produit\\\/plaque-earthing-gcs-tissu-toile\\\/#primaryimage\",\"url\":\"https:\\\/\\\/369agara.com\\\/wp-content\\\/uploads\\\/2023\\\/10\\\/plaque-de-mise-a-la-terre-a-vis-gcs-yshield-pour-tissus-et-toiles-anti-ondes-.jpg\",\"contentUrl\":\"https:\\\/\\\/369agara.com\\\/wp-content\\\/uploads\\\/2023\\\/10\\\/plaque-de-mise-a-la-terre-a-vis-gcs-yshield-pour-tissus-et-toiles-anti-ondes-.jpg\",\"width\":800,\"height\":800},{\"@type\":\"BreadcrumbList\",\"@id\":\"https:\\\/\\\/369agara.com\\\/produit\\\/plaque-earthing-gcs-tissu-toile\\\/#breadcrumb\",\"itemListElement\":[{\"@type\":\"ListItem\",\"position\":1,\"name\":\"Accueil\",\"item\":\"https:\\\/\\\/369agara.com\\\/\"},{\"@type\":\"ListItem\",\"position\":2,\"name\":\"La boutique\",\"item\":\"https:\\\/\\\/369agara.com\\\/la-boutique\\\/\"},{\"@type\":\"ListItem\",\"position\":3,\"name\":\"Plaque de mise \u00e0 la terre \u00e0 vis GCS YShield pour tissus et toiles anti-ondes\"}]},{\"@type\":\"WebSite\",\"@id\":\"https:\\\/\\\/369agara.com\\\/#website\",\"url\":\"https:\\\/\\\/369agara.com\\\/\",\"name\":\"Livsrikedomar\",\"description\":\"D\u00e9connectez pour mieux vous connecter\",\"publisher\":{\"@id\":\"https:\\\/\\\/369agara.com\\\/#organization\"},\"potentialAction\":[{\"@type\":\"SearchAction\",\"target\":{\"@type\":\"EntryPoint\",\"urlTemplate\":\"https:\\\/\\\/369agara.com\\\/?s={search_term_string}\"},\"query-input\":{\"@type\":\"PropertyValueSpecification\",\"valueRequired\":true,\"valueName\":\"search_term_string\"}}],\"inLanguage\":\"en-GB\"},{\"@type\":\"Organization\",\"@id\":\"https:\\\/\\\/369agara.com\\\/#organization\",\"name\":\"EACreations\",\"url\":\"https:\\\/\\\/369agara.com\\\/\",\"logo\":{\"@type\":\"ImageObject\",\"inLanguage\":\"en-GB\",\"@id\":\"https:\\\/\\\/369agara.com\\\/#\\\/schema\\\/logo\\\/image\\\/\",\"url\":\"\",\"contentUrl\":\"\",\"caption\":\"EACreations\"},\"image\":{\"@id\":\"https:\\\/\\\/369agara.com\\\/#\\\/schema\\\/logo\\\/image\\\/\"}}]}<\/script>\n<!-- \/ Yoast SEO Premium plugin. -->","yoast_head_json":{"title":"Plaque de mise \u00e0 la terre \u00e0 vis GCS YShield pour tissus et toiles anti-ondes | Agara","description":"La plaque de mise \u00e0 la terre \u00e0 vis GCS YShield est destin\u00e9e \u00e0 la mise \u00e0 la terre des tissus et toiles de protection anti-ondes.\u00a0S'utilise en association avec les c\u00e2bles de mise \u00e0 la terre GL et la fiche de mise \u00e0 la terre GPE.\u00a0Usage en int\u00e9rieur.","robots":{"index":"index","follow":"follow","max-snippet":"max-snippet:-1","max-image-preview":"max-image-preview:large","max-video-preview":"max-video-preview:-1"},"canonical":"https:\/\/369agara.com\/en\/product\/plaque-earthing-gcs-tissu-toile\/","og_locale":"en_GB","og_type":"article","og_title":"Plaque de mise \u00e0 la terre \u00e0 vis GCS YShield pour tissus et toiles anti-ondes","og_description":"La plaque de mise \u00e0 la terre \u00e0 vis GCS YShield est destin\u00e9e \u00e0 la mise \u00e0 la terre des tissus et toiles de protection anti-ondes.\u00a0S'utilise en association avec les c\u00e2bles de mise \u00e0 la terre GL et la fiche de mise \u00e0 la terre GPE.\u00a0Usage en int\u00e9rieur.","og_url":"https:\/\/369agara.com\/en\/product\/plaque-earthing-gcs-tissu-toile\/","og_site_name":"Agara","article_modified_time":"2025-05-15T20:13:49+00:00","og_image":[{"width":800,"height":800,"url":"https:\/\/369agara.com\/wp-content\/uploads\/2023\/10\/plaque-de-mise-a-la-terre-a-vis-gcs-yshield-pour-tissus-et-toiles-anti-ondes-.jpg","type":"image\/jpeg"}],"twitter_card":"summary_large_image","twitter_misc":{"Estimated reading time":"2 minutes"},"schema":{"@context":"https:\/\/schema.org","@graph":[{"@type":"WebPage","@id":"https:\/\/369agara.com\/produit\/plaque-earthing-gcs-tissu-toile\/","url":"https:\/\/369agara.com\/produit\/plaque-earthing-gcs-tissu-toile\/","name":"Plaque de mise \u00e0 la terre \u00e0 vis GCS YShield pour tissus et toiles anti-ondes | Agara","isPartOf":{"@id":"https:\/\/369agara.com\/#website"},"primaryImageOfPage":{"@id":"https:\/\/369agara.com\/produit\/plaque-earthing-gcs-tissu-toile\/#primaryimage"},"image":{"@id":"https:\/\/369agara.com\/produit\/plaque-earthing-gcs-tissu-toile\/#primaryimage"},"thumbnailUrl":"https:\/\/369agara.com\/wp-content\/uploads\/2023\/10\/plaque-de-mise-a-la-terre-a-vis-gcs-yshield-pour-tissus-et-toiles-anti-ondes-.jpg","datePublished":"2023-10-24T12:17:35+00:00","dateModified":"2025-05-15T20:13:49+00:00","description":"La plaque de mise \u00e0 la terre \u00e0 vis GCS YShield est destin\u00e9e \u00e0 la mise \u00e0 la terre des tissus et toiles de protection anti-ondes.\u00a0S'utilise en association avec les c\u00e2bles de mise \u00e0 la terre GL et la fiche de mise \u00e0 la terre GPE.\u00a0Usage en int\u00e9rieur.","breadcrumb":{"@id":"https:\/\/369agara.com\/produit\/plaque-earthing-gcs-tissu-toile\/#breadcrumb"},"inLanguage":"en-GB","potentialAction":[{"@type":"ReadAction","target":["https:\/\/369agara.com\/produit\/plaque-earthing-gcs-tissu-toile\/"]}]},{"@type":"ImageObject","inLanguage":"en-GB","@id":"https:\/\/369agara.com\/produit\/plaque-earthing-gcs-tissu-toile\/#primaryimage","url":"https:\/\/369agara.com\/wp-content\/uploads\/2023\/10\/plaque-de-mise-a-la-terre-a-vis-gcs-yshield-pour-tissus-et-toiles-anti-ondes-.jpg","contentUrl":"https:\/\/369agara.com\/wp-content\/uploads\/2023\/10\/plaque-de-mise-a-la-terre-a-vis-gcs-yshield-pour-tissus-et-toiles-anti-ondes-.jpg","width":800,"height":800},{"@type":"BreadcrumbList","@id":"https:\/\/369agara.com\/produit\/plaque-earthing-gcs-tissu-toile\/#breadcrumb","itemListElement":[{"@type":"ListItem","position":1,"name":"Accueil","item":"https:\/\/369agara.com\/"},{"@type":"ListItem","position":2,"name":"La boutique","item":"https:\/\/369agara.com\/la-boutique\/"},{"@type":"ListItem","position":3,"name":"Plaque de mise \u00e0 la terre \u00e0 vis GCS YShield pour tissus et toiles anti-ondes"}]},{"@type":"WebSite","@id":"https:\/\/369agara.com\/#website","url":"https:\/\/369agara.com\/","name":"Livsrikedomar","description":"Disconnect to better connect","publisher":{"@id":"https:\/\/369agara.com\/#organization"},"potentialAction":[{"@type":"SearchAction","target":{"@type":"EntryPoint","urlTemplate":"https:\/\/369agara.com\/?s={search_term_string}"},"query-input":{"@type":"PropertyValueSpecification","valueRequired":true,"valueName":"search_term_string"}}],"inLanguage":"en-GB"},{"@type":"Organization","@id":"https:\/\/369agara.com\/#organization","name":"EACreations","url":"https:\/\/369agara.com\/","logo":{"@type":"ImageObject","inLanguage":"en-GB","@id":"https:\/\/369agara.com\/#\/schema\/logo\/image\/","url":"","contentUrl":"","caption":"EACreations"},"image":{"@id":"https:\/\/369agara.com\/#\/schema\/logo\/image\/"}}]}},"jetpack_sharing_enabled":true,"_links":{"self":[{"href":"https:\/\/369agara.com\/en\/wp-json\/wp\/v2\/product\/2382","targetHints":{"allow":["GET"]}}],"collection":[{"href":"https:\/\/369agara.com\/en\/wp-json\/wp\/v2\/product"}],"about":[{"href":"https:\/\/369agara.com\/en\/wp-json\/wp\/v2\/types\/product"}],"replies":[{"embeddable":true,"href":"https:\/\/369agara.com\/en\/wp-json\/wp\/v2\/comments?post=2382"}],"wp:featuredmedia":[{"embeddable":true,"href":"https:\/\/369agara.com\/en\/wp-json\/wp\/v2\/media\/2387"}],"wp:attachment":[{"href":"https:\/\/369agara.com\/en\/wp-json\/wp\/v2\/media?parent=2382"}],"wp:term":[{"taxonomy":"product_brand","embeddable":true,"href":"https:\/\/369agara.com\/en\/wp-json\/wp\/v2\/product_brand?post=2382"},{"taxonomy":"product_cat","embeddable":true,"href":"https:\/\/369agara.com\/en\/wp-json\/wp\/v2\/product_cat?post=2382"},{"taxonomy":"product_tag","embeddable":true,"href":"https:\/\/369agara.com\/en\/wp-json\/wp\/v2\/product_tag?post=2382"}],"curies":[{"name":"wp","href":"https:\/\/api.w.org\/{rel}","templated":true}]}}