{"id":2411,"date":"2023-10-28T18:44:44","date_gmt":"2023-10-28T16:44:44","guid":{"rendered":"https:\/\/369agara.com\/?post_type=product&#038;p=2411"},"modified":"2025-05-13T11:36:52","modified_gmt":"2025-05-13T09:36:52","slug":"tapis-antistatique-voiture-earthing","status":"publish","type":"product","link":"https:\/\/369agara.com\/en\/product\/tapis-antistatique-voiture-earthing\/","title":{"rendered":"Earthing antistatic car seat mat"},"content":{"rendered":"<p><span style=\"font-family: 'Book Antiqua', Palatino; font-size: 120%; color: #333399;\">Enjoy the benefits of Earthing even in the car with our driver's seat mat.<\/span><\/p>\n<p><span style=\"font-family: 'Book Antiqua', Palatino; font-size: 120%; color: #333399;\">This antistatic mat is specially designed to reduce the electrostatic charges accumulated during your journeys and improve your comfort on the road.<\/span><\/p>\n<h3><span style=\"font-family: 'Book Antiqua', Palatino; font-size: 120%; color: #333399;\">Designed for use in the car<\/span><\/h3>\n<p><span style=\"font-family: 'Book Antiqua', Palatino; font-size: 120%; color: #333399;\">Made from carbon-enriched conductive rubber, this Earthing car seat mat sits directly on your seat. It is supplied with :<\/span><\/p>\n<ul>\n<li><span style=\"font-family: 'Book Antiqua', Palatino; font-size: 120%; color: #333399;\">A connection cord<\/span><\/li>\n<li><span style=\"font-family: 'Book Antiqua', Palatino; font-size: 120%; color: #333399;\">An alligator clip for easy attachment to a metal part of the vehicle (usually the chassis or frame under the seat - it may be necessary to lightly scrape the paint to ensure good contact with the metal).<\/span><\/li>\n<\/ul>\n<p><span style=\"font-family: 'Book Antiqua', Palatino; font-size: 120%; color: #333399;\">Unlike a home earthing mat connected directly to earth, this car model connects you to the vehicle's earth, limiting the build-up of electrical charges between your body and the bodywork.<\/span><\/p>\n<h3><span style=\"font-family: 'Book Antiqua', Palatino; font-size: 120%; color: #333399;\">Ideal for long journeys and sensitive drivers<\/span><\/h3>\n<p><span style=\"font-family: 'Book Antiqua', Palatino; font-size: 120%; color: #333399;\">Studies suggest that reducing electrostatic charges in cars can :<\/span><\/p>\n<ul>\n<li><span style=\"font-family: 'Book Antiqua', Palatino; font-size: 120%; color: #333399;\">Relieving motion sickness;<\/span><\/li>\n<li><span style=\"font-family: 'Book Antiqua', Palatino; font-size: 120%; color: #333399;\">Reducing fatigue at the wheel ;<\/span><\/li>\n<li><span style=\"font-family: 'Book Antiqua', Palatino; font-size: 120%; color: #333399;\">Improved electromagnetic comfort.<\/span><\/li>\n<\/ul>\n<p><span style=\"font-family: 'Book Antiqua', Palatino; font-size: 120%; color: #333399;\">This mat can be used through clothing, as its main role is to prevent static electricity. It does not require direct contact with the skin.<\/span><\/p>\n<h3><span style=\"font-family: 'Book Antiqua', Palatino; font-size: 120%; color: #333399;\">What is Earthing?<\/span><\/h3>\n<p><span style=\"font-family: 'Book Antiqua', Palatino; font-size: 120%; color: #333399;\">Earthing is a natural practice that involves making an electrical connection to the Earth to restore bioelectrical balance. Like walking barefoot in nature, Earthing accessories reproduce this beneficial effect.<\/span><\/p>\n<p><span style=\"font-family: 'Book Antiqua', Palatino; font-size: 120%; color: #333399;\">According to the work of Clinton Ober, Stephen Sinatra and Martin Zucker, Earthing can offer many benefits:<\/span><\/p>\n<ul>\n<li><span style=\"font-family: 'Book Antiqua', Palatino; font-size: 120%; color: #333399;\">Improved immune system ;<\/span><\/li>\n<li><span style=\"font-family: 'Book Antiqua', Palatino; font-size: 120%; color: #333399;\">Regulation of sleep and the biological clock ;<\/span><\/li>\n<li><span style=\"font-family: 'Book Antiqua', Palatino; font-size: 120%; color: #333399;\">Reduces stress, anxiety and muscle pain;<\/span><\/li>\n<li><span style=\"font-family: 'Book Antiqua', Palatino; font-size: 120%; color: #333399;\">Better blood circulation ;<\/span><\/li>\n<li><span style=\"font-family: 'Book Antiqua', Palatino; font-size: 120%; color: #333399;\">Relief from the symptoms of electrosensitivity ;<\/span><\/li>\n<li><span style=\"font-family: 'Book Antiqua', Palatino; font-size: 120%; color: #333399;\">Faster physical recovery and reduced inflammation.<\/span><\/li>\n<\/ul>\n<p><span style=\"font-family: 'Book Antiqua', Palatino; font-size: 120%; color: #ed1c24;\">This wellness product is not a substitute for medical advice. If you have any doubts or health problems, please consult a qualified health professional.<\/span><\/p>\n<h3><span style=\"font-family: 'Book Antiqua', Palatino; font-size: 120%; color: #333399;\">Technical specifications<\/span><\/h3>\n<p><span style=\"font-family: 'Book Antiqua', Palatino; font-size: 120%; color: #333399;\">Dimensions: 25 x 25 cm<\/span><\/p>\n<p><span style=\"font-family: 'Book Antiqua', Palatino; font-size: 120%; color: #333399;\">Made from a foam core with a layer of conductive carbon.<\/span><\/p>\n<p><span style=\"font-family: 'Book Antiqua', Palatino; font-size: 120%; color: #333399;\">Supplied with an extendable connection cord fitted with an alligator clip.<\/span><\/p>","protected":false},"excerpt":{"rendered":"<p><span style=\"font-family: 'Book Antiqua', Palatino; font-size: 120%; color: #333399;\"><strong>Enjoy the benefits of Earthing even in the car with our driver's seat mat.\u00a0<\/strong><\/span><\/p>\n<p><span style=\"font-family: 'Book Antiqua', Palatino; font-size: 120%; color: #333399;\">This antistatic mat is specially designed to reduce the electrostatic charges accumulated during your journeys and improve your comfort on the road.\u00a0<\/span><\/p>\n<p><span style=\"font-family: 'Book Antiqua', Palatino; font-size: 120%; color: #333399;\">Effective against motion sickness and tiredness at the wheel.\u00a0<\/span><\/p>\n<p><span style=\"font-family: 'Book Antiqua', Palatino; font-size: 120%; color: #333399;\">Dimensions: 25 x 25 cm<\/span><\/p>","protected":false},"featured_media":2413,"comment_status":"open","ping_status":"closed","template":"","meta":[],"product_brand":[267],"product_cat":[164],"product_tag":[248,249,254],"class_list":{"0":"post-2411","1":"product","2":"type-product","3":"status-publish","4":"has-post-thumbnail","6":"product_brand-earthing","7":"product_cat-baubiologie","8":"product_tag-baubiologie","9":"product_tag-electromagnetisme","10":"product_tag-voiture","12":"first","13":"instock","14":"taxable","15":"shipping-taxable","16":"purchasable","17":"product-type-simple"},"yoast_head":"<!-- This site is optimized with the Yoast SEO Premium plugin v25.1 (Yoast SEO v27.4) - https:\/\/yoast.com\/product\/yoast-seo-premium-wordpress\/ -->\n<title>Tapis d&#039;assise antistatique pour voiture Earthing | Agara<\/title>\n<meta name=\"description\" content=\"Profitez des bienfaits de l&#039;Earthing m\u00eame en voiture gr\u00e2ce \u00e0 notre tapis d\u2019assise conducteur.\u00a0Ce tapis antistatique est sp\u00e9cialement con\u00e7u pour r\u00e9duire les charges \u00e9lectrostatiques accumul\u00e9es lors de vos trajets et am\u00e9liorer votre confort en route. Efficace contre le mal des transports et la fatigue au volant. Dimensions : 25 x 25 cm\" \/>\n<meta name=\"robots\" content=\"index, follow, max-snippet:-1, max-image-preview:large, max-video-preview:-1\" \/>\n<link rel=\"canonical\" href=\"https:\/\/369agara.com\/en\/product\/tapis-antistatique-voiture-earthing\/\" \/>\n<meta property=\"og:locale\" content=\"en_GB\" \/>\n<meta property=\"og:type\" content=\"article\" \/>\n<meta property=\"og:title\" content=\"Tapis d&#039;assise antistatique pour voiture Earthing\" \/>\n<meta property=\"og:description\" content=\"Profitez des bienfaits de l&#039;Earthing m\u00eame en voiture gr\u00e2ce \u00e0 notre tapis d\u2019assise conducteur.\u00a0Ce tapis antistatique est sp\u00e9cialement con\u00e7u pour r\u00e9duire les charges \u00e9lectrostatiques accumul\u00e9es lors de vos trajets et am\u00e9liorer votre confort en route. Efficace contre le mal des transports et la fatigue au volant. Dimensions : 25 x 25 cm\" \/>\n<meta property=\"og:url\" content=\"https:\/\/369agara.com\/en\/product\/tapis-antistatique-voiture-earthing\/\" \/>\n<meta property=\"og:site_name\" content=\"Agara\" \/>\n<meta property=\"article:modified_time\" content=\"2025-05-13T09:36:52+00:00\" \/>\n<meta property=\"og:image\" content=\"https:\/\/369agara.com\/wp-content\/uploads\/2023\/10\/tapis-dassise-voiture-earthing.jpg\" \/>\n\t<meta property=\"og:image:width\" content=\"800\" \/>\n\t<meta property=\"og:image:height\" content=\"800\" \/>\n\t<meta property=\"og:image:type\" content=\"image\/jpeg\" \/>\n<meta name=\"twitter:card\" content=\"summary_large_image\" \/>\n<meta name=\"twitter:label1\" content=\"Estimated reading time\" \/>\n\t<meta name=\"twitter:data1\" content=\"3 minutes\" \/>\n<script type=\"application\/ld+json\" class=\"yoast-schema-graph\">{\"@context\":\"https:\\\/\\\/schema.org\",\"@graph\":[{\"@type\":\"WebPage\",\"@id\":\"https:\\\/\\\/369agara.com\\\/produit\\\/tapis-antistatique-voiture-earthing\\\/\",\"url\":\"https:\\\/\\\/369agara.com\\\/produit\\\/tapis-antistatique-voiture-earthing\\\/\",\"name\":\"Tapis d'assise antistatique pour voiture Earthing | Agara\",\"isPartOf\":{\"@id\":\"https:\\\/\\\/369agara.com\\\/#website\"},\"primaryImageOfPage\":{\"@id\":\"https:\\\/\\\/369agara.com\\\/produit\\\/tapis-antistatique-voiture-earthing\\\/#primaryimage\"},\"image\":{\"@id\":\"https:\\\/\\\/369agara.com\\\/produit\\\/tapis-antistatique-voiture-earthing\\\/#primaryimage\"},\"thumbnailUrl\":\"https:\\\/\\\/369agara.com\\\/wp-content\\\/uploads\\\/2023\\\/10\\\/tapis-dassise-voiture-earthing.jpg\",\"datePublished\":\"2023-10-28T16:44:44+00:00\",\"dateModified\":\"2025-05-13T09:36:52+00:00\",\"description\":\"Profitez des bienfaits de l'Earthing m\u00eame en voiture gr\u00e2ce \u00e0 notre tapis d\u2019assise conducteur.\u00a0Ce tapis antistatique est sp\u00e9cialement con\u00e7u pour r\u00e9duire les charges \u00e9lectrostatiques accumul\u00e9es lors de vos trajets et am\u00e9liorer votre confort en route. Efficace contre le mal des transports et la fatigue au volant. Dimensions : 25 x 25 cm\",\"breadcrumb\":{\"@id\":\"https:\\\/\\\/369agara.com\\\/produit\\\/tapis-antistatique-voiture-earthing\\\/#breadcrumb\"},\"inLanguage\":\"en-GB\",\"potentialAction\":[{\"@type\":\"ReadAction\",\"target\":[\"https:\\\/\\\/369agara.com\\\/produit\\\/tapis-antistatique-voiture-earthing\\\/\"]}]},{\"@type\":\"ImageObject\",\"inLanguage\":\"en-GB\",\"@id\":\"https:\\\/\\\/369agara.com\\\/produit\\\/tapis-antistatique-voiture-earthing\\\/#primaryimage\",\"url\":\"https:\\\/\\\/369agara.com\\\/wp-content\\\/uploads\\\/2023\\\/10\\\/tapis-dassise-voiture-earthing.jpg\",\"contentUrl\":\"https:\\\/\\\/369agara.com\\\/wp-content\\\/uploads\\\/2023\\\/10\\\/tapis-dassise-voiture-earthing.jpg\",\"width\":800,\"height\":800},{\"@type\":\"BreadcrumbList\",\"@id\":\"https:\\\/\\\/369agara.com\\\/produit\\\/tapis-antistatique-voiture-earthing\\\/#breadcrumb\",\"itemListElement\":[{\"@type\":\"ListItem\",\"position\":1,\"name\":\"Accueil\",\"item\":\"https:\\\/\\\/369agara.com\\\/\"},{\"@type\":\"ListItem\",\"position\":2,\"name\":\"La boutique\",\"item\":\"https:\\\/\\\/369agara.com\\\/la-boutique\\\/\"},{\"@type\":\"ListItem\",\"position\":3,\"name\":\"Tapis d&rsquo;assise antistatique pour voiture Earthing\"}]},{\"@type\":\"WebSite\",\"@id\":\"https:\\\/\\\/369agara.com\\\/#website\",\"url\":\"https:\\\/\\\/369agara.com\\\/\",\"name\":\"Livsrikedomar\",\"description\":\"D\u00e9connectez pour mieux vous connecter\",\"publisher\":{\"@id\":\"https:\\\/\\\/369agara.com\\\/#organization\"},\"potentialAction\":[{\"@type\":\"SearchAction\",\"target\":{\"@type\":\"EntryPoint\",\"urlTemplate\":\"https:\\\/\\\/369agara.com\\\/?s={search_term_string}\"},\"query-input\":{\"@type\":\"PropertyValueSpecification\",\"valueRequired\":true,\"valueName\":\"search_term_string\"}}],\"inLanguage\":\"en-GB\"},{\"@type\":\"Organization\",\"@id\":\"https:\\\/\\\/369agara.com\\\/#organization\",\"name\":\"EACreations\",\"url\":\"https:\\\/\\\/369agara.com\\\/\",\"logo\":{\"@type\":\"ImageObject\",\"inLanguage\":\"en-GB\",\"@id\":\"https:\\\/\\\/369agara.com\\\/#\\\/schema\\\/logo\\\/image\\\/\",\"url\":\"\",\"contentUrl\":\"\",\"caption\":\"EACreations\"},\"image\":{\"@id\":\"https:\\\/\\\/369agara.com\\\/#\\\/schema\\\/logo\\\/image\\\/\"}}]}<\/script>\n<!-- \/ Yoast SEO Premium plugin. -->","yoast_head_json":{"title":"Tapis d'assise antistatique pour voiture Earthing | Agara","description":"Profitez des bienfaits de l'Earthing m\u00eame en voiture gr\u00e2ce \u00e0 notre tapis d\u2019assise conducteur.\u00a0Ce tapis antistatique est sp\u00e9cialement con\u00e7u pour r\u00e9duire les charges \u00e9lectrostatiques accumul\u00e9es lors de vos trajets et am\u00e9liorer votre confort en route. Efficace contre le mal des transports et la fatigue au volant. Dimensions : 25 x 25 cm","robots":{"index":"index","follow":"follow","max-snippet":"max-snippet:-1","max-image-preview":"max-image-preview:large","max-video-preview":"max-video-preview:-1"},"canonical":"https:\/\/369agara.com\/en\/product\/tapis-antistatique-voiture-earthing\/","og_locale":"en_GB","og_type":"article","og_title":"Tapis d'assise antistatique pour voiture Earthing","og_description":"Profitez des bienfaits de l'Earthing m\u00eame en voiture gr\u00e2ce \u00e0 notre tapis d\u2019assise conducteur.\u00a0Ce tapis antistatique est sp\u00e9cialement con\u00e7u pour r\u00e9duire les charges \u00e9lectrostatiques accumul\u00e9es lors de vos trajets et am\u00e9liorer votre confort en route. Efficace contre le mal des transports et la fatigue au volant. Dimensions : 25 x 25 cm","og_url":"https:\/\/369agara.com\/en\/product\/tapis-antistatique-voiture-earthing\/","og_site_name":"Agara","article_modified_time":"2025-05-13T09:36:52+00:00","og_image":[{"width":800,"height":800,"url":"https:\/\/369agara.com\/wp-content\/uploads\/2023\/10\/tapis-dassise-voiture-earthing.jpg","type":"image\/jpeg"}],"twitter_card":"summary_large_image","twitter_misc":{"Estimated reading time":"3 minutes"},"schema":{"@context":"https:\/\/schema.org","@graph":[{"@type":"WebPage","@id":"https:\/\/369agara.com\/produit\/tapis-antistatique-voiture-earthing\/","url":"https:\/\/369agara.com\/produit\/tapis-antistatique-voiture-earthing\/","name":"Tapis d'assise antistatique pour voiture Earthing | Agara","isPartOf":{"@id":"https:\/\/369agara.com\/#website"},"primaryImageOfPage":{"@id":"https:\/\/369agara.com\/produit\/tapis-antistatique-voiture-earthing\/#primaryimage"},"image":{"@id":"https:\/\/369agara.com\/produit\/tapis-antistatique-voiture-earthing\/#primaryimage"},"thumbnailUrl":"https:\/\/369agara.com\/wp-content\/uploads\/2023\/10\/tapis-dassise-voiture-earthing.jpg","datePublished":"2023-10-28T16:44:44+00:00","dateModified":"2025-05-13T09:36:52+00:00","description":"Profitez des bienfaits de l'Earthing m\u00eame en voiture gr\u00e2ce \u00e0 notre tapis d\u2019assise conducteur.\u00a0Ce tapis antistatique est sp\u00e9cialement con\u00e7u pour r\u00e9duire les charges \u00e9lectrostatiques accumul\u00e9es lors de vos trajets et am\u00e9liorer votre confort en route. Efficace contre le mal des transports et la fatigue au volant. Dimensions : 25 x 25 cm","breadcrumb":{"@id":"https:\/\/369agara.com\/produit\/tapis-antistatique-voiture-earthing\/#breadcrumb"},"inLanguage":"en-GB","potentialAction":[{"@type":"ReadAction","target":["https:\/\/369agara.com\/produit\/tapis-antistatique-voiture-earthing\/"]}]},{"@type":"ImageObject","inLanguage":"en-GB","@id":"https:\/\/369agara.com\/produit\/tapis-antistatique-voiture-earthing\/#primaryimage","url":"https:\/\/369agara.com\/wp-content\/uploads\/2023\/10\/tapis-dassise-voiture-earthing.jpg","contentUrl":"https:\/\/369agara.com\/wp-content\/uploads\/2023\/10\/tapis-dassise-voiture-earthing.jpg","width":800,"height":800},{"@type":"BreadcrumbList","@id":"https:\/\/369agara.com\/produit\/tapis-antistatique-voiture-earthing\/#breadcrumb","itemListElement":[{"@type":"ListItem","position":1,"name":"Accueil","item":"https:\/\/369agara.com\/"},{"@type":"ListItem","position":2,"name":"La boutique","item":"https:\/\/369agara.com\/la-boutique\/"},{"@type":"ListItem","position":3,"name":"Tapis d&rsquo;assise antistatique pour voiture Earthing"}]},{"@type":"WebSite","@id":"https:\/\/369agara.com\/#website","url":"https:\/\/369agara.com\/","name":"Livsrikedomar","description":"Disconnect to better connect","publisher":{"@id":"https:\/\/369agara.com\/#organization"},"potentialAction":[{"@type":"SearchAction","target":{"@type":"EntryPoint","urlTemplate":"https:\/\/369agara.com\/?s={search_term_string}"},"query-input":{"@type":"PropertyValueSpecification","valueRequired":true,"valueName":"search_term_string"}}],"inLanguage":"en-GB"},{"@type":"Organization","@id":"https:\/\/369agara.com\/#organization","name":"EACreations","url":"https:\/\/369agara.com\/","logo":{"@type":"ImageObject","inLanguage":"en-GB","@id":"https:\/\/369agara.com\/#\/schema\/logo\/image\/","url":"","contentUrl":"","caption":"EACreations"},"image":{"@id":"https:\/\/369agara.com\/#\/schema\/logo\/image\/"}}]}},"jetpack_sharing_enabled":true,"_links":{"self":[{"href":"https:\/\/369agara.com\/en\/wp-json\/wp\/v2\/product\/2411","targetHints":{"allow":["GET"]}}],"collection":[{"href":"https:\/\/369agara.com\/en\/wp-json\/wp\/v2\/product"}],"about":[{"href":"https:\/\/369agara.com\/en\/wp-json\/wp\/v2\/types\/product"}],"replies":[{"embeddable":true,"href":"https:\/\/369agara.com\/en\/wp-json\/wp\/v2\/comments?post=2411"}],"wp:featuredmedia":[{"embeddable":true,"href":"https:\/\/369agara.com\/en\/wp-json\/wp\/v2\/media\/2413"}],"wp:attachment":[{"href":"https:\/\/369agara.com\/en\/wp-json\/wp\/v2\/media?parent=2411"}],"wp:term":[{"taxonomy":"product_brand","embeddable":true,"href":"https:\/\/369agara.com\/en\/wp-json\/wp\/v2\/product_brand?post=2411"},{"taxonomy":"product_cat","embeddable":true,"href":"https:\/\/369agara.com\/en\/wp-json\/wp\/v2\/product_cat?post=2411"},{"taxonomy":"product_tag","embeddable":true,"href":"https:\/\/369agara.com\/en\/wp-json\/wp\/v2\/product_tag?post=2411"}],"curies":[{"name":"wp","href":"https:\/\/api.w.org\/{rel}","templated":true}]}}