{"id":2679,"date":"2024-01-22T18:07:20","date_gmt":"2024-01-22T17:07:20","guid":{"rendered":"https:\/\/369agara.com\/?post_type=product&#038;p=2679"},"modified":"2025-05-13T11:35:23","modified_gmt":"2025-05-13T09:35:23","slug":"rallonge-earthing-6m","status":"publish","type":"product","link":"https:\/\/369agara.com\/en\/product\/rallonge-earthing-6m\/","title":{"rendered":"Earthing 6 metre extension lead"},"content":{"rendered":"<p><span style=\"font-family: 'Book Antiqua', Palatino; font-size: 120%; color: #333399;\">The Earthing extension lead adds an extra 6 metres to the length of a standard cord.<\/span><\/p>\n<p><span style=\"font-family: 'Book Antiqua', Palatino; font-size: 120%; color: #333399;\">Several extension leads can be connected together to achieve the desired length.<\/span><\/p>\n<p><span style=\"font-family: 'Book Antiqua', Palatino; font-size: 120%; color: #333399;\">If you want to connect several Earthing items to the end of an extension lead, you'll need to use a 2-in-1 splitter.<\/span><\/p>\n<p><span style=\"font-family: 'Book Antiqua', Palatino; font-size: 120%; color: #333399;\">For Earthing to be effective, it is essential to test the quality of your earthing system, either with a suitable device or by calling in a professional with the appropriate equipment.<\/span><br \/>\n<span style=\"font-family: 'Book Antiqua', Palatino; font-size: 120%; color: #333399;\">If the electrical installations are too old or badly installed, the earth connection may be inadequate or non-existent.<\/span><\/p>\n<h3><span style=\"font-family: 'Book Antiqua', Palatino; font-size: 120%; color: #333399;\">Technical specifications<\/span><\/h3>\n<p><span style=\"font-family: 'Book Antiqua', Palatino; font-size: 120%; color: #333399;\">Thickness: 2 mm<\/span><\/p>\n<p><span style=\"font-family: 'Book Antiqua', Palatino; font-size: 120%; color: #333399;\">Length: 6 metres<\/span><\/p>\n<h3><span style=\"font-family: 'Book Antiqua', Palatino; font-size: 120%; color: #333399;\">What is Earthing?<\/span><\/h3>\n<p><span style=\"font-family: 'Book Antiqua', Palatino; font-size: 120%; color: #333399;\">According to Clinton Ober, Stephen Sinatra and Martin Zucker's book \"Connecting to the Earth, Perhaps the most important discovery of our time\", which serves as a reference work on the subject, connecting the body to the earth (or earthing) restores the body's natural electrical balance and discharges it of electrostatic charges, just like when you walk barefoot in the grass.<\/span><\/p>\n<p><span style=\"font-family: 'Book Antiqua', Palatino; font-size: 120%; color: #333399;\">The various Earthing products reproduce this natural phenomenon.<\/span><\/p>\n<p><span style=\"font-family: 'Book Antiqua', Palatino; font-size: 120%; color: #333399;\">It has a number of benefits, including :<\/span><\/p>\n<ul>\n<li><span style=\"font-family: 'Book Antiqua', Palatino; font-size: 120%; color: #333399;\">an improved immune system<\/span><\/li>\n<li><span style=\"font-family: 'Book Antiqua', Palatino; font-size: 120%; color: #333399;\">improved digestion<\/span><\/li>\n<li><span style=\"font-family: 'Book Antiqua', Palatino; font-size: 120%; color: #333399;\">an improvement in sleep quality and a balancing of our biological clock<\/span><\/li>\n<li><span style=\"font-family: 'Book Antiqua', Palatino; font-size: 120%; color: #333399;\">increased energy and reduced stress<\/span><\/li>\n<li><span style=\"font-family: 'Book Antiqua', Palatino; font-size: 120%; color: #333399;\">improved blood circulation<\/span><\/li>\n<li><span style=\"font-family: 'Book Antiqua', Palatino; font-size: 120%; color: #333399;\">faster recovery from intense physical activity and faster healing of injuries<\/span><\/li>\n<li><span style=\"font-family: 'Book Antiqua', Palatino; font-size: 120%; color: #333399;\">relief from muscular tension, headaches, hormonal and menstrual symptoms<\/span><\/li>\n<li><span style=\"font-family: 'Book Antiqua', Palatino; font-size: 120%; color: #333399;\">a reduction in inflammation<\/span><\/li>\n<li><span style=\"font-family: 'Book Antiqua', Palatino; font-size: 120%; color: #333399;\">reduced stress, anxiety, irritability and even symptoms of electrosensitivity<\/span><\/li>\n<\/ul>\n<p><span style=\"font-family: 'Book Antiqua', Palatino; font-size: 120%; color: #ed1c24;\">This information in no way replaces the advice of your doctor and is not intended to treat or cure any medical condition. For any health problem, please consult your doctor.<\/span><\/p>\n<h3><span style=\"font-family: 'Book Antiqua', Palatino; font-size: 120%; color: #333399;\">Agara Council<\/span><\/h3>\n<p><span style=\"font-family: 'Book Antiqua', Palatino; font-size: 120%; color: #333399;\">For Earthing to be effective, it is essential to test the quality of your earthing system, either with a suitable device (Earthing tester, Tohm-E or Catohm DT-300 earthing meter) or by calling in a professional with the appropriate equipment.\u00a0<\/span><\/p>\n<p><span style=\"font-family: 'Book Antiqua', Palatino; font-size: 120%; color: #ed1c24;\">If the electrical installations are too old or badly installed, the earth connection may be inadequate or non-existent.<\/span><\/p>\n<p><span style=\"font-family: 'Book Antiqua', Palatino; font-size: 120%; color: #ed1c24;\">It is also very important to keep electric fields in the room to a minimum (clock radios, bedside lamps, power strips and unshielded extension leads), to prevent them from interfering with the earthing system. <\/span><\/p>\n<p><span style=\"font-family: 'Book Antiqua', Palatino; font-size: 120%; color: #333399;\">Don't hesitate to measure them or have them measured!<\/span><\/p>","protected":false},"excerpt":{"rendered":"<p><span style=\"font-family: 'Book Antiqua', Palatino; font-size: 120%; color: #333399;\">The Earthing extension lead can be extended by 6 metres.<\/span><\/p>","protected":false},"featured_media":2683,"comment_status":"open","ping_status":"closed","template":"","meta":[],"product_brand":[267],"product_cat":[164],"product_tag":[248,246,247,249,245,184],"class_list":{"0":"post-2679","1":"product","2":"type-product","3":"status-publish","4":"has-post-thumbnail","6":"product_brand-earthing","7":"product_cat-baubiologie","8":"product_tag-baubiologie","9":"product_tag-bureau","10":"product_tag-chambre","11":"product_tag-electromagnetisme","12":"product_tag-maison","13":"product_tag-yoga","15":"first","16":"instock","17":"taxable","18":"shipping-taxable","19":"purchasable","20":"product-type-simple"},"yoast_head":"<!-- This site is optimized with the Yoast SEO Premium plugin v25.1 (Yoast SEO v27.4) - https:\/\/yoast.com\/product\/yoast-seo-premium-wordpress\/ -->\n<title>Rallonge mise \u00e0 la terre 6 m\u00e8tres Earthing | Agara<\/title>\n<meta name=\"description\" content=\"La rallonge Earthing permet de rallonger de 6 m\u00e8tres le cordon de mise \u00e0 la terre Earthing. Voir aussi cordon droit de mise \u00e0 la terre, boitier extension et double connecteur.\" \/>\n<meta name=\"robots\" content=\"index, follow, max-snippet:-1, max-image-preview:large, max-video-preview:-1\" \/>\n<link rel=\"canonical\" href=\"https:\/\/369agara.com\/en\/product\/rallonge-earthing-6m\/\" \/>\n<meta property=\"og:locale\" content=\"en_GB\" \/>\n<meta property=\"og:type\" content=\"article\" \/>\n<meta property=\"og:title\" content=\"Rallonge mise \u00e0 la terre 6 m\u00e8tres Earthing\" \/>\n<meta property=\"og:description\" content=\"La rallonge Earthing permet de rallonger de 6 m\u00e8tres le cordon de mise \u00e0 la terre Earthing. Voir aussi cordon droit de mise \u00e0 la terre, boitier extension et double connecteur.\" \/>\n<meta property=\"og:url\" content=\"https:\/\/369agara.com\/en\/product\/rallonge-earthing-6m\/\" \/>\n<meta property=\"og:site_name\" content=\"Agara\" \/>\n<meta property=\"article:modified_time\" content=\"2025-05-13T09:35:23+00:00\" \/>\n<meta property=\"og:image\" content=\"https:\/\/369agara.com\/wp-content\/uploads\/2024\/01\/rallonge-earthing-3-metres.jpg\" \/>\n\t<meta property=\"og:image:width\" content=\"800\" \/>\n\t<meta property=\"og:image:height\" content=\"800\" \/>\n\t<meta property=\"og:image:type\" content=\"image\/jpeg\" \/>\n<meta name=\"twitter:card\" content=\"summary_large_image\" \/>\n<meta name=\"twitter:label1\" content=\"Estimated reading time\" \/>\n\t<meta name=\"twitter:data1\" content=\"3 minutes\" \/>\n<script type=\"application\/ld+json\" class=\"yoast-schema-graph\">{\"@context\":\"https:\\\/\\\/schema.org\",\"@graph\":[{\"@type\":\"WebPage\",\"@id\":\"https:\\\/\\\/369agara.com\\\/produit\\\/rallonge-earthing-6m\\\/\",\"url\":\"https:\\\/\\\/369agara.com\\\/produit\\\/rallonge-earthing-6m\\\/\",\"name\":\"Rallonge mise \u00e0 la terre 6 m\u00e8tres Earthing | Agara\",\"isPartOf\":{\"@id\":\"https:\\\/\\\/369agara.com\\\/#website\"},\"primaryImageOfPage\":{\"@id\":\"https:\\\/\\\/369agara.com\\\/produit\\\/rallonge-earthing-6m\\\/#primaryimage\"},\"image\":{\"@id\":\"https:\\\/\\\/369agara.com\\\/produit\\\/rallonge-earthing-6m\\\/#primaryimage\"},\"thumbnailUrl\":\"https:\\\/\\\/369agara.com\\\/wp-content\\\/uploads\\\/2024\\\/01\\\/rallonge-earthing-3-metres.jpg\",\"datePublished\":\"2024-01-22T17:07:20+00:00\",\"dateModified\":\"2025-05-13T09:35:23+00:00\",\"description\":\"La rallonge Earthing permet de rallonger de 6 m\u00e8tres le cordon de mise \u00e0 la terre Earthing. Voir aussi cordon droit de mise \u00e0 la terre, boitier extension et double connecteur.\",\"breadcrumb\":{\"@id\":\"https:\\\/\\\/369agara.com\\\/produit\\\/rallonge-earthing-6m\\\/#breadcrumb\"},\"inLanguage\":\"en-GB\",\"potentialAction\":[{\"@type\":\"ReadAction\",\"target\":[\"https:\\\/\\\/369agara.com\\\/produit\\\/rallonge-earthing-6m\\\/\"]}]},{\"@type\":\"ImageObject\",\"inLanguage\":\"en-GB\",\"@id\":\"https:\\\/\\\/369agara.com\\\/produit\\\/rallonge-earthing-6m\\\/#primaryimage\",\"url\":\"https:\\\/\\\/369agara.com\\\/wp-content\\\/uploads\\\/2024\\\/01\\\/rallonge-earthing-3-metres.jpg\",\"contentUrl\":\"https:\\\/\\\/369agara.com\\\/wp-content\\\/uploads\\\/2024\\\/01\\\/rallonge-earthing-3-metres.jpg\",\"width\":800,\"height\":800},{\"@type\":\"BreadcrumbList\",\"@id\":\"https:\\\/\\\/369agara.com\\\/produit\\\/rallonge-earthing-6m\\\/#breadcrumb\",\"itemListElement\":[{\"@type\":\"ListItem\",\"position\":1,\"name\":\"Accueil\",\"item\":\"https:\\\/\\\/369agara.com\\\/\"},{\"@type\":\"ListItem\",\"position\":2,\"name\":\"La boutique\",\"item\":\"https:\\\/\\\/369agara.com\\\/la-boutique\\\/\"},{\"@type\":\"ListItem\",\"position\":3,\"name\":\"Rallonge mise \u00e0 la terre 6 m\u00e8tres Earthing\"}]},{\"@type\":\"WebSite\",\"@id\":\"https:\\\/\\\/369agara.com\\\/#website\",\"url\":\"https:\\\/\\\/369agara.com\\\/\",\"name\":\"Livsrikedomar\",\"description\":\"D\u00e9connectez pour mieux vous connecter\",\"publisher\":{\"@id\":\"https:\\\/\\\/369agara.com\\\/#organization\"},\"potentialAction\":[{\"@type\":\"SearchAction\",\"target\":{\"@type\":\"EntryPoint\",\"urlTemplate\":\"https:\\\/\\\/369agara.com\\\/?s={search_term_string}\"},\"query-input\":{\"@type\":\"PropertyValueSpecification\",\"valueRequired\":true,\"valueName\":\"search_term_string\"}}],\"inLanguage\":\"en-GB\"},{\"@type\":\"Organization\",\"@id\":\"https:\\\/\\\/369agara.com\\\/#organization\",\"name\":\"EACreations\",\"url\":\"https:\\\/\\\/369agara.com\\\/\",\"logo\":{\"@type\":\"ImageObject\",\"inLanguage\":\"en-GB\",\"@id\":\"https:\\\/\\\/369agara.com\\\/#\\\/schema\\\/logo\\\/image\\\/\",\"url\":\"\",\"contentUrl\":\"\",\"caption\":\"EACreations\"},\"image\":{\"@id\":\"https:\\\/\\\/369agara.com\\\/#\\\/schema\\\/logo\\\/image\\\/\"}}]}<\/script>\n<!-- \/ Yoast SEO Premium plugin. -->","yoast_head_json":{"title":"Rallonge mise \u00e0 la terre 6 m\u00e8tres Earthing | Agara","description":"La rallonge Earthing permet de rallonger de 6 m\u00e8tres le cordon de mise \u00e0 la terre Earthing. Voir aussi cordon droit de mise \u00e0 la terre, boitier extension et double connecteur.","robots":{"index":"index","follow":"follow","max-snippet":"max-snippet:-1","max-image-preview":"max-image-preview:large","max-video-preview":"max-video-preview:-1"},"canonical":"https:\/\/369agara.com\/en\/product\/rallonge-earthing-6m\/","og_locale":"en_GB","og_type":"article","og_title":"Rallonge mise \u00e0 la terre 6 m\u00e8tres Earthing","og_description":"La rallonge Earthing permet de rallonger de 6 m\u00e8tres le cordon de mise \u00e0 la terre Earthing. Voir aussi cordon droit de mise \u00e0 la terre, boitier extension et double connecteur.","og_url":"https:\/\/369agara.com\/en\/product\/rallonge-earthing-6m\/","og_site_name":"Agara","article_modified_time":"2025-05-13T09:35:23+00:00","og_image":[{"width":800,"height":800,"url":"https:\/\/369agara.com\/wp-content\/uploads\/2024\/01\/rallonge-earthing-3-metres.jpg","type":"image\/jpeg"}],"twitter_card":"summary_large_image","twitter_misc":{"Estimated reading time":"3 minutes"},"schema":{"@context":"https:\/\/schema.org","@graph":[{"@type":"WebPage","@id":"https:\/\/369agara.com\/produit\/rallonge-earthing-6m\/","url":"https:\/\/369agara.com\/produit\/rallonge-earthing-6m\/","name":"Rallonge mise \u00e0 la terre 6 m\u00e8tres Earthing | Agara","isPartOf":{"@id":"https:\/\/369agara.com\/#website"},"primaryImageOfPage":{"@id":"https:\/\/369agara.com\/produit\/rallonge-earthing-6m\/#primaryimage"},"image":{"@id":"https:\/\/369agara.com\/produit\/rallonge-earthing-6m\/#primaryimage"},"thumbnailUrl":"https:\/\/369agara.com\/wp-content\/uploads\/2024\/01\/rallonge-earthing-3-metres.jpg","datePublished":"2024-01-22T17:07:20+00:00","dateModified":"2025-05-13T09:35:23+00:00","description":"La rallonge Earthing permet de rallonger de 6 m\u00e8tres le cordon de mise \u00e0 la terre Earthing. Voir aussi cordon droit de mise \u00e0 la terre, boitier extension et double connecteur.","breadcrumb":{"@id":"https:\/\/369agara.com\/produit\/rallonge-earthing-6m\/#breadcrumb"},"inLanguage":"en-GB","potentialAction":[{"@type":"ReadAction","target":["https:\/\/369agara.com\/produit\/rallonge-earthing-6m\/"]}]},{"@type":"ImageObject","inLanguage":"en-GB","@id":"https:\/\/369agara.com\/produit\/rallonge-earthing-6m\/#primaryimage","url":"https:\/\/369agara.com\/wp-content\/uploads\/2024\/01\/rallonge-earthing-3-metres.jpg","contentUrl":"https:\/\/369agara.com\/wp-content\/uploads\/2024\/01\/rallonge-earthing-3-metres.jpg","width":800,"height":800},{"@type":"BreadcrumbList","@id":"https:\/\/369agara.com\/produit\/rallonge-earthing-6m\/#breadcrumb","itemListElement":[{"@type":"ListItem","position":1,"name":"Accueil","item":"https:\/\/369agara.com\/"},{"@type":"ListItem","position":2,"name":"La boutique","item":"https:\/\/369agara.com\/la-boutique\/"},{"@type":"ListItem","position":3,"name":"Rallonge mise \u00e0 la terre 6 m\u00e8tres Earthing"}]},{"@type":"WebSite","@id":"https:\/\/369agara.com\/#website","url":"https:\/\/369agara.com\/","name":"Livsrikedomar","description":"Disconnect to better connect","publisher":{"@id":"https:\/\/369agara.com\/#organization"},"potentialAction":[{"@type":"SearchAction","target":{"@type":"EntryPoint","urlTemplate":"https:\/\/369agara.com\/?s={search_term_string}"},"query-input":{"@type":"PropertyValueSpecification","valueRequired":true,"valueName":"search_term_string"}}],"inLanguage":"en-GB"},{"@type":"Organization","@id":"https:\/\/369agara.com\/#organization","name":"EACreations","url":"https:\/\/369agara.com\/","logo":{"@type":"ImageObject","inLanguage":"en-GB","@id":"https:\/\/369agara.com\/#\/schema\/logo\/image\/","url":"","contentUrl":"","caption":"EACreations"},"image":{"@id":"https:\/\/369agara.com\/#\/schema\/logo\/image\/"}}]}},"jetpack_sharing_enabled":true,"_links":{"self":[{"href":"https:\/\/369agara.com\/en\/wp-json\/wp\/v2\/product\/2679","targetHints":{"allow":["GET"]}}],"collection":[{"href":"https:\/\/369agara.com\/en\/wp-json\/wp\/v2\/product"}],"about":[{"href":"https:\/\/369agara.com\/en\/wp-json\/wp\/v2\/types\/product"}],"replies":[{"embeddable":true,"href":"https:\/\/369agara.com\/en\/wp-json\/wp\/v2\/comments?post=2679"}],"wp:featuredmedia":[{"embeddable":true,"href":"https:\/\/369agara.com\/en\/wp-json\/wp\/v2\/media\/2683"}],"wp:attachment":[{"href":"https:\/\/369agara.com\/en\/wp-json\/wp\/v2\/media?parent=2679"}],"wp:term":[{"taxonomy":"product_brand","embeddable":true,"href":"https:\/\/369agara.com\/en\/wp-json\/wp\/v2\/product_brand?post=2679"},{"taxonomy":"product_cat","embeddable":true,"href":"https:\/\/369agara.com\/en\/wp-json\/wp\/v2\/product_cat?post=2679"},{"taxonomy":"product_tag","embeddable":true,"href":"https:\/\/369agara.com\/en\/wp-json\/wp\/v2\/product_tag?post=2679"}],"curies":[{"name":"wp","href":"https:\/\/api.w.org\/{rel}","templated":true}]}}