{"id":2685,"date":"2024-01-22T18:24:04","date_gmt":"2024-01-22T17:24:04","guid":{"rendered":"https:\/\/369agara.com\/?post_type=product&#038;p=2685"},"modified":"2025-05-13T11:34:48","modified_gmt":"2025-05-13T09:34:48","slug":"paire-lanieres-chaussures","status":"publish","type":"product","link":"https:\/\/369agara.com\/en\/product\/paire-lanieres-chaussures\/","title":{"rendered":"Pair of earthing straps for Earthing shoes"},"content":{"rendered":"<p><span style=\"font-family: 'Book Antiqua', Palatino; font-size: 120%; color: #333399;\"><strong>This pair of earthing straps can turn any shoe or sandal into earthing shoes.<\/strong>. You will then be earthed on any conductive surface, such as grass, earth, sand or concrete.<\/span><\/p>\n<p><span style=\"font-family: 'Book Antiqua', Palatino; font-size: 120%; color: #333399;\">They have been developed for use by elite athletes who want to improve their performance and recovery through training and competition.<\/span><\/p>\n<p><span style=\"font-family: 'Book Antiqua', Palatino; font-size: 120%; color: #333399;\">Self-adhesive and easy to install, they offer excellent durability and long-term performance.<\/span><br \/>\n<span style=\"font-family: 'Book Antiqua', Palatino; font-size: 120%; color: #333399;\">On grass, for example, the earthing straps used on boots or trainers can last a year or more.<\/span><br \/>\n<span style=\"font-family: 'Book Antiqua', Palatino; font-size: 120%; color: #333399;\">By riding on hard tracks for one-hour sessions, the user will be able to use it for 10 to 25 sessions.<\/span><br \/>\n<span style=\"font-family: 'Book Antiqua', Palatino; font-size: 120%; color: #333399;\">When walking on difficult paths for an hour-long session, the straps will last between 30 and 50 sessions.<\/span><\/p>\n<p><span style=\"font-family: 'Book Antiqua', Palatino; font-size: 120%; color: #333399;\">Generally speaking, when walking on paths or grass, the straps can be used for around fifty hours.<\/span><\/p>\n<p><span style=\"font-family: 'Book Antiqua', Palatino; font-size: 120%; color: #333399;\">Sold in packs of 2, the straps fit either a single pair of shoes for optimum anchorage of both feet, or 2 different pairs of shoes (one foot on the ground).<\/span><\/p>\n<p><span style=\"font-family: 'Book Antiqua', Palatino; font-size: 120%; color: #333399;\">Wearing our highly conductive earthing socks further improves the connection with your skin and your earthing.<\/span><\/p>\n<p><span style=\"font-family: 'Book Antiqua', Palatino; font-size: 120%; color: #333399;\">Once in place, the strips are permanent, although they can be removed or replaced by gently tugging. For complete removal, you can use an adhesive remover or an alcohol swab to remove any adhesive residue. Grounding straps are supplied with a small bag containing a cleaning wipe to prepare the shoe surface before attaching the strap.<\/span><\/p>\n<h3><span style=\"font-family: 'Book Antiqua', Palatino; font-size: 120%; color: #333399;\">What is earthing?<\/span><\/h3>\n<p><span style=\"font-family: 'Book Antiqua', Palatino; font-size: 120%; color: #333399;\">According to the book by <strong>Clinton Ober<\/strong>, <strong>Stephen Sinatra and Martin Zucker<\/strong> \" <strong>Connect to Earth, Maybe the Most Important Discovery in Health<\/strong> \"As the authoritative reference on the subject points out, grounding helps to restore the body's natural electrical balance and relieve it of electrostatic charges, just like when you walk barefoot in the grass.<\/span><\/p>\n<p><span style=\"font-family: 'Book Antiqua', Palatino; font-size: 120%; color: #333399;\">The various earthing products reproduce this natural phenomenon.<\/span><\/p>\n<p><span style=\"font-family: 'Book Antiqua', Palatino; font-size: 120%; color: #333399;\">This presents <strong>many advantages<\/strong>such that :<\/span><\/p>\n<ul>\n<li><strong><span style=\"font-family: 'Book Antiqua', Palatino; font-size: 120%; color: #333399;\">an improved immune system<\/span><\/strong><\/li>\n<li><strong><span style=\"font-family: 'Book Antiqua', Palatino; font-size: 120%; color: #333399;\">improved digestion<\/span><\/strong><\/li>\n<li><strong><span style=\"font-family: 'Book Antiqua', Palatino; font-size: 120%; color: #333399;\">improve sleep quality and balance our biological clock<\/span><\/strong><\/li>\n<li><strong><span style=\"font-family: 'Book Antiqua', Palatino; font-size: 120%; color: #333399;\">increased energy and reduced stress<\/span><\/strong><\/li>\n<li><strong><span style=\"font-family: 'Book Antiqua', Palatino; font-size: 120%; color: #333399;\">improved blood circulation<\/span><\/strong><\/li>\n<li><strong><span style=\"font-family: 'Book Antiqua', Palatino; font-size: 120%; color: #333399;\">faster recovery after intense physical activity and quicker healing of injuries<\/span><\/strong><\/li>\n<li><strong><span style=\"font-family: 'Book Antiqua', Palatino; font-size: 120%; color: #333399;\">relief from muscular tension, headaches, hormonal and menstrual symptoms<\/span><\/strong><\/li>\n<li><strong><span style=\"font-family: 'Book Antiqua', Palatino; font-size: 120%; color: #333399;\">reduced inflammation<\/span><\/strong><\/li>\n<li><strong><span style=\"font-family: 'Book Antiqua', Palatino; font-size: 120%; color: #333399;\">reduced stress, anxiety, irritability and even symptoms of electrosensitivity<\/span><\/strong><\/li>\n<\/ul>\n<p><strong><span style=\"font-family: 'Book Antiqua', Palatino; font-size: 120%; color: #ed1c24;\">This information does not replace the advice of your doctor and does not claim to treat or cure any medical problems. For any health problem, please consult your doctor.<\/span><\/strong><\/p>","protected":false},"excerpt":{"rendered":"<p>This pair of earthing straps can turn any shoe or sandal into earthing shoes.<br \/>\nYou will then be earthed on all conductive surfaces.<\/p>\n<p>2 colours: white and black.<\/p>","protected":false},"featured_media":2687,"comment_status":"open","ping_status":"closed","template":"","meta":[],"product_brand":[267],"product_cat":[164],"product_tag":[248,244,184],"class_list":{"0":"post-2685","1":"product","2":"type-product","3":"status-publish","4":"has-post-thumbnail","6":"product_brand-earthing","7":"product_cat-baubiologie","8":"product_tag-baubiologie","9":"product_tag-chaussures","10":"product_tag-yoga","12":"first","13":"instock","14":"taxable","15":"shipping-taxable","16":"purchasable","17":"product-type-variable"},"yoast_head":"<!-- This site is optimized with the Yoast SEO Premium plugin v25.1 (Yoast SEO v27.4) - https:\/\/yoast.com\/product\/yoast-seo-premium-wordpress\/ -->\n<title>Paire de lani\u00e8res de mise \u00e0 la terre pour chaussures Earthing | Agara<\/title>\n<meta name=\"description\" content=\"Cette paire de lani\u00e8res de mise \u00e0 la terre peut transformer n&#039;importe quelle chaussure ou sandale en chaussures de mise \u00e0 la terre. Vous serez alors reli\u00e9 \u00e0 la terre sur toutes les surfaces conductrices. 2 couleurs : blanc et noir.\" \/>\n<meta name=\"robots\" content=\"index, follow, max-snippet:-1, max-image-preview:large, max-video-preview:-1\" \/>\n<link rel=\"canonical\" href=\"https:\/\/369agara.com\/en\/product\/paire-lanieres-chaussures\/\" \/>\n<meta property=\"og:locale\" content=\"en_GB\" \/>\n<meta property=\"og:type\" content=\"article\" \/>\n<meta property=\"og:title\" content=\"Paire de lani\u00e8res de mise \u00e0 la terre pour chaussures Earthing\" \/>\n<meta property=\"og:description\" content=\"Cette paire de lani\u00e8res de mise \u00e0 la terre peut transformer n&#039;importe quelle chaussure ou sandale en chaussures de mise \u00e0 la terre. Vous serez alors reli\u00e9 \u00e0 la terre sur toutes les surfaces conductrices. 2 couleurs : blanc et noir.\" \/>\n<meta property=\"og:url\" content=\"https:\/\/369agara.com\/en\/product\/paire-lanieres-chaussures\/\" \/>\n<meta property=\"og:site_name\" content=\"Agara\" \/>\n<meta property=\"article:modified_time\" content=\"2025-05-13T09:34:48+00:00\" \/>\n<meta property=\"og:image\" content=\"https:\/\/369agara.com\/wp-content\/uploads\/2024\/01\/paire-de-lanieres-de-mise-a-la-terre-pour-chaussures-earthing-1.jpg\" \/>\n\t<meta property=\"og:image:width\" content=\"800\" \/>\n\t<meta property=\"og:image:height\" content=\"800\" \/>\n\t<meta property=\"og:image:type\" content=\"image\/jpeg\" \/>\n<meta name=\"twitter:card\" content=\"summary_large_image\" \/>\n<meta name=\"twitter:label1\" content=\"Estimated reading time\" \/>\n\t<meta name=\"twitter:data1\" content=\"3 minutes\" \/>\n<script type=\"application\/ld+json\" class=\"yoast-schema-graph\">{\"@context\":\"https:\\\/\\\/schema.org\",\"@graph\":[{\"@type\":\"WebPage\",\"@id\":\"https:\\\/\\\/369agara.com\\\/produit\\\/paire-lanieres-chaussures\\\/\",\"url\":\"https:\\\/\\\/369agara.com\\\/produit\\\/paire-lanieres-chaussures\\\/\",\"name\":\"Paire de lani\u00e8res de mise \u00e0 la terre pour chaussures Earthing | Agara\",\"isPartOf\":{\"@id\":\"https:\\\/\\\/369agara.com\\\/#website\"},\"primaryImageOfPage\":{\"@id\":\"https:\\\/\\\/369agara.com\\\/produit\\\/paire-lanieres-chaussures\\\/#primaryimage\"},\"image\":{\"@id\":\"https:\\\/\\\/369agara.com\\\/produit\\\/paire-lanieres-chaussures\\\/#primaryimage\"},\"thumbnailUrl\":\"https:\\\/\\\/369agara.com\\\/wp-content\\\/uploads\\\/2024\\\/01\\\/paire-de-lanieres-de-mise-a-la-terre-pour-chaussures-earthing-1.jpg\",\"datePublished\":\"2024-01-22T17:24:04+00:00\",\"dateModified\":\"2025-05-13T09:34:48+00:00\",\"description\":\"Cette paire de lani\u00e8res de mise \u00e0 la terre peut transformer n'importe quelle chaussure ou sandale en chaussures de mise \u00e0 la terre. Vous serez alors reli\u00e9 \u00e0 la terre sur toutes les surfaces conductrices. 2 couleurs : blanc et noir.\",\"breadcrumb\":{\"@id\":\"https:\\\/\\\/369agara.com\\\/produit\\\/paire-lanieres-chaussures\\\/#breadcrumb\"},\"inLanguage\":\"en-GB\",\"potentialAction\":[{\"@type\":\"ReadAction\",\"target\":[\"https:\\\/\\\/369agara.com\\\/produit\\\/paire-lanieres-chaussures\\\/\"]}]},{\"@type\":\"ImageObject\",\"inLanguage\":\"en-GB\",\"@id\":\"https:\\\/\\\/369agara.com\\\/produit\\\/paire-lanieres-chaussures\\\/#primaryimage\",\"url\":\"https:\\\/\\\/369agara.com\\\/wp-content\\\/uploads\\\/2024\\\/01\\\/paire-de-lanieres-de-mise-a-la-terre-pour-chaussures-earthing-1.jpg\",\"contentUrl\":\"https:\\\/\\\/369agara.com\\\/wp-content\\\/uploads\\\/2024\\\/01\\\/paire-de-lanieres-de-mise-a-la-terre-pour-chaussures-earthing-1.jpg\",\"width\":800,\"height\":800},{\"@type\":\"BreadcrumbList\",\"@id\":\"https:\\\/\\\/369agara.com\\\/produit\\\/paire-lanieres-chaussures\\\/#breadcrumb\",\"itemListElement\":[{\"@type\":\"ListItem\",\"position\":1,\"name\":\"Accueil\",\"item\":\"https:\\\/\\\/369agara.com\\\/\"},{\"@type\":\"ListItem\",\"position\":2,\"name\":\"La boutique\",\"item\":\"https:\\\/\\\/369agara.com\\\/la-boutique\\\/\"},{\"@type\":\"ListItem\",\"position\":3,\"name\":\"Paire de lani\u00e8res de mise \u00e0 la terre pour chaussures Earthing\"}]},{\"@type\":\"WebSite\",\"@id\":\"https:\\\/\\\/369agara.com\\\/#website\",\"url\":\"https:\\\/\\\/369agara.com\\\/\",\"name\":\"Livsrikedomar\",\"description\":\"D\u00e9connectez pour mieux vous connecter\",\"publisher\":{\"@id\":\"https:\\\/\\\/369agara.com\\\/#organization\"},\"potentialAction\":[{\"@type\":\"SearchAction\",\"target\":{\"@type\":\"EntryPoint\",\"urlTemplate\":\"https:\\\/\\\/369agara.com\\\/?s={search_term_string}\"},\"query-input\":{\"@type\":\"PropertyValueSpecification\",\"valueRequired\":true,\"valueName\":\"search_term_string\"}}],\"inLanguage\":\"en-GB\"},{\"@type\":\"Organization\",\"@id\":\"https:\\\/\\\/369agara.com\\\/#organization\",\"name\":\"EACreations\",\"url\":\"https:\\\/\\\/369agara.com\\\/\",\"logo\":{\"@type\":\"ImageObject\",\"inLanguage\":\"en-GB\",\"@id\":\"https:\\\/\\\/369agara.com\\\/#\\\/schema\\\/logo\\\/image\\\/\",\"url\":\"\",\"contentUrl\":\"\",\"caption\":\"EACreations\"},\"image\":{\"@id\":\"https:\\\/\\\/369agara.com\\\/#\\\/schema\\\/logo\\\/image\\\/\"}}]}<\/script>\n<!-- \/ Yoast SEO Premium plugin. -->","yoast_head_json":{"title":"Paire de lani\u00e8res de mise \u00e0 la terre pour chaussures Earthing | Agara","description":"Cette paire de lani\u00e8res de mise \u00e0 la terre peut transformer n'importe quelle chaussure ou sandale en chaussures de mise \u00e0 la terre. Vous serez alors reli\u00e9 \u00e0 la terre sur toutes les surfaces conductrices. 2 couleurs : blanc et noir.","robots":{"index":"index","follow":"follow","max-snippet":"max-snippet:-1","max-image-preview":"max-image-preview:large","max-video-preview":"max-video-preview:-1"},"canonical":"https:\/\/369agara.com\/en\/product\/paire-lanieres-chaussures\/","og_locale":"en_GB","og_type":"article","og_title":"Paire de lani\u00e8res de mise \u00e0 la terre pour chaussures Earthing","og_description":"Cette paire de lani\u00e8res de mise \u00e0 la terre peut transformer n'importe quelle chaussure ou sandale en chaussures de mise \u00e0 la terre. Vous serez alors reli\u00e9 \u00e0 la terre sur toutes les surfaces conductrices. 2 couleurs : blanc et noir.","og_url":"https:\/\/369agara.com\/en\/product\/paire-lanieres-chaussures\/","og_site_name":"Agara","article_modified_time":"2025-05-13T09:34:48+00:00","og_image":[{"width":800,"height":800,"url":"https:\/\/369agara.com\/wp-content\/uploads\/2024\/01\/paire-de-lanieres-de-mise-a-la-terre-pour-chaussures-earthing-1.jpg","type":"image\/jpeg"}],"twitter_card":"summary_large_image","twitter_misc":{"Estimated reading time":"3 minutes"},"schema":{"@context":"https:\/\/schema.org","@graph":[{"@type":"WebPage","@id":"https:\/\/369agara.com\/produit\/paire-lanieres-chaussures\/","url":"https:\/\/369agara.com\/produit\/paire-lanieres-chaussures\/","name":"Paire de lani\u00e8res de mise \u00e0 la terre pour chaussures Earthing | Agara","isPartOf":{"@id":"https:\/\/369agara.com\/#website"},"primaryImageOfPage":{"@id":"https:\/\/369agara.com\/produit\/paire-lanieres-chaussures\/#primaryimage"},"image":{"@id":"https:\/\/369agara.com\/produit\/paire-lanieres-chaussures\/#primaryimage"},"thumbnailUrl":"https:\/\/369agara.com\/wp-content\/uploads\/2024\/01\/paire-de-lanieres-de-mise-a-la-terre-pour-chaussures-earthing-1.jpg","datePublished":"2024-01-22T17:24:04+00:00","dateModified":"2025-05-13T09:34:48+00:00","description":"Cette paire de lani\u00e8res de mise \u00e0 la terre peut transformer n'importe quelle chaussure ou sandale en chaussures de mise \u00e0 la terre. Vous serez alors reli\u00e9 \u00e0 la terre sur toutes les surfaces conductrices. 2 couleurs : blanc et noir.","breadcrumb":{"@id":"https:\/\/369agara.com\/produit\/paire-lanieres-chaussures\/#breadcrumb"},"inLanguage":"en-GB","potentialAction":[{"@type":"ReadAction","target":["https:\/\/369agara.com\/produit\/paire-lanieres-chaussures\/"]}]},{"@type":"ImageObject","inLanguage":"en-GB","@id":"https:\/\/369agara.com\/produit\/paire-lanieres-chaussures\/#primaryimage","url":"https:\/\/369agara.com\/wp-content\/uploads\/2024\/01\/paire-de-lanieres-de-mise-a-la-terre-pour-chaussures-earthing-1.jpg","contentUrl":"https:\/\/369agara.com\/wp-content\/uploads\/2024\/01\/paire-de-lanieres-de-mise-a-la-terre-pour-chaussures-earthing-1.jpg","width":800,"height":800},{"@type":"BreadcrumbList","@id":"https:\/\/369agara.com\/produit\/paire-lanieres-chaussures\/#breadcrumb","itemListElement":[{"@type":"ListItem","position":1,"name":"Accueil","item":"https:\/\/369agara.com\/"},{"@type":"ListItem","position":2,"name":"La boutique","item":"https:\/\/369agara.com\/la-boutique\/"},{"@type":"ListItem","position":3,"name":"Paire de lani\u00e8res de mise \u00e0 la terre pour chaussures Earthing"}]},{"@type":"WebSite","@id":"https:\/\/369agara.com\/#website","url":"https:\/\/369agara.com\/","name":"Livsrikedomar","description":"Disconnect to better connect","publisher":{"@id":"https:\/\/369agara.com\/#organization"},"potentialAction":[{"@type":"SearchAction","target":{"@type":"EntryPoint","urlTemplate":"https:\/\/369agara.com\/?s={search_term_string}"},"query-input":{"@type":"PropertyValueSpecification","valueRequired":true,"valueName":"search_term_string"}}],"inLanguage":"en-GB"},{"@type":"Organization","@id":"https:\/\/369agara.com\/#organization","name":"EACreations","url":"https:\/\/369agara.com\/","logo":{"@type":"ImageObject","inLanguage":"en-GB","@id":"https:\/\/369agara.com\/#\/schema\/logo\/image\/","url":"","contentUrl":"","caption":"EACreations"},"image":{"@id":"https:\/\/369agara.com\/#\/schema\/logo\/image\/"}}]}},"jetpack_sharing_enabled":true,"_links":{"self":[{"href":"https:\/\/369agara.com\/en\/wp-json\/wp\/v2\/product\/2685","targetHints":{"allow":["GET"]}}],"collection":[{"href":"https:\/\/369agara.com\/en\/wp-json\/wp\/v2\/product"}],"about":[{"href":"https:\/\/369agara.com\/en\/wp-json\/wp\/v2\/types\/product"}],"replies":[{"embeddable":true,"href":"https:\/\/369agara.com\/en\/wp-json\/wp\/v2\/comments?post=2685"}],"wp:featuredmedia":[{"embeddable":true,"href":"https:\/\/369agara.com\/en\/wp-json\/wp\/v2\/media\/2687"}],"wp:attachment":[{"href":"https:\/\/369agara.com\/en\/wp-json\/wp\/v2\/media?parent=2685"}],"wp:term":[{"taxonomy":"product_brand","embeddable":true,"href":"https:\/\/369agara.com\/en\/wp-json\/wp\/v2\/product_brand?post=2685"},{"taxonomy":"product_cat","embeddable":true,"href":"https:\/\/369agara.com\/en\/wp-json\/wp\/v2\/product_cat?post=2685"},{"taxonomy":"product_tag","embeddable":true,"href":"https:\/\/369agara.com\/en\/wp-json\/wp\/v2\/product_tag?post=2685"}],"curies":[{"name":"wp","href":"https:\/\/api.w.org\/{rel}","templated":true}]}}