{"id":2936,"date":"2024-06-23T21:50:21","date_gmt":"2024-06-23T19:50:21","guid":{"rendered":"https:\/\/369agara.com\/?post_type=product&#038;p=2936"},"modified":"2025-05-15T22:36:05","modified_gmt":"2025-05-15T20:36:05","slug":"modulaur-cristalo-photonique-3w","status":"publish","type":"product","link":"https:\/\/369agara.com\/en\/product\/modulaur-cristalo-photonique-3w\/","title":{"rendered":"3W crystal-photon modulator + Zome 13 scalar wave polariser"},"content":{"rendered":"<h3><span style=\"font-family: 'Book Antiqua', Palatino; font-size: 120%; color: #333399;\">This device has two functions:<\/span><\/h3>\n<p><span style=\"font-family: 'Book Antiqua', Palatino; font-size: 120%; color: #333399;\">It can be placed on a desk, a table or as a lamp.<\/span><br \/>\n<span style=\"font-family: 'Book Antiqua', Palatino; font-size: 120%; color: #333399;\">This intuitive chromatic diffuser gently harmonises your living room and your space.<\/span><\/p>\n<p><span style=\"font-family: 'Book Antiqua', Palatino; font-size: 120%; color: #333399;\">It can also be used as a treatment lamp for chromotherapy.<\/span><br \/>\n<span style=\"font-family: 'Book Antiqua', Palatino; font-size: 120%; color: #333399;\">Its ergonomic shape and low weight make it easy to handle and use.<\/span><\/p>\n<p><span style=\"font-family: 'Book Antiqua', Palatino; font-size: 120%; color: #333399;\">It reinforces the magnetism of your hands with a nourishing flow of light and improves the care and the depth of the helping relationship between the practitioner and the recipient.<\/span><br \/>\n<span style=\"font-family: 'Book Antiqua', Palatino; font-size: 120%; color: #333399;\">The benefits resulting from the alliance between you and the flow of electromagnetism are thus transmitted, amplified by the amethyst plus the scalar field generated by the waves of form.<\/span><\/p>\n<p><span style=\"font-family: 'Book Antiqua', Palatino; font-size: 120%; color: #333399;\">Of all the precious stones, amethyst (from the quartz family) is considered to be the queen of the lithotherapy kingdom, on a par with diamonds in jewellery, because of its natural beauty and remarkable powers.<\/span><br \/>\n<span style=\"font-family: 'Book Antiqua', Palatino; font-size: 120%; color: #333399;\">It's a powerful remedy for all types of emotional negativity.<\/span><br \/>\n<span style=\"font-family: 'Book Antiqua', Palatino; font-size: 120%; color: #333399;\">Amethyst has a rich history and is particularly prized for its elegant, soothing and hypnotic violet hues.<\/span><br \/>\n<span style=\"font-family: 'Book Antiqua', Palatino; font-size: 120%; color: #333399;\">These pearls represent the wisdom of the spirit and inner peace. Discover its many possibilities and the benefits it can bring to your overall balance, as well as to your home and environment.<\/span><\/p>\n<h3><span style=\"font-family: 'Book Antiqua', Palatino; font-size: 120%; color: #333399;\">Shape waves and the geometry of life (or sacred geometry).<\/span><\/h3>\n<p><span style=\"font-family: 'Book Antiqua', Palatino; font-size: 120%; color: #333399;\">When we observe the forms that nature produces, it is fascinating to see the extent to which living things are structured according to certain rules of mathematical harmony.<\/span><br \/>\n<span style=\"font-family: 'Book Antiqua', Palatino; font-size: 120%; color: #333399;\">Similarly, man has always built temples and sacred places that use certain harmonious forms. The harmony of forms in nature and sacred art are intimately linked by an interplay of mimicry.<\/span><br \/>\n<span style=\"font-family: 'Book Antiqua', Palatino; font-size: 120%; color: #333399;\">For some, this harmony is a reflection of divinity. There are several mathematical principles that can be observed in natural forms. These include the golden ratio and the Fibonacci sequence...<\/span><br \/>\n<span style=\"font-family: 'Book Antiqua', Palatino; font-size: 120%; color: #333399;\">Shapes can be associated with concepts, and the nature of these concepts also defines the energy spectrum of these shapes.<\/span><br \/>\n<span style=\"font-family: 'Book Antiqua', Palatino; font-size: 120%; color: #333399;\">This is the idea behind the mandalas or yantras...<\/span><\/p>","protected":false},"excerpt":{"rendered":"<p><span style=\"font-family: 'Book Antiqua', Palatino; font-size: 120%; color: #333399;\">Intuitive monochromatic current diffuser with improved accuracy at 125 kHz.<\/span><br \/>\n<span style=\"font-family: 'Book Antiqua', Palatino; font-size: 120%; color: #333399;\">Amplification and harmonisation with amethyst and shape waves.<\/span><\/p>\n<p><span style=\"font-family: 'Book Antiqua', Palatino; font-size: 120%; color: #333399;\">Supplied with 5V USB power supply + 3D presentation stand for placing various objects to be powered (water, crystals, waveforms) + transparent Zome13 waveform polariser<\/span><br \/>\n<span style=\"font-family: 'Book Antiqua', Palatino; font-size: 120%; color: #333399;\">Case Diam 7 cm. Weight ~ 120 g (~ 50 g amethyst)<\/span><\/p>\n<p><span style=\"font-family: 'Book Antiqua', Palatino; font-size: 120%; color: #333399;\">Modular clock with 15 monochromatic programmes with improved precision (125Khz) + 4 colour cycles, via simple infrared remote control (20 pgm) :<\/span><\/p>\n<ul>\n<li><span style=\"font-family: 'Book Antiqua', Palatino; font-size: 120%; color: #333399;\">15 colours<\/span><\/li>\n<li><span style=\"font-family: 'Book Antiqua', Palatino; font-size: 120%; color: #333399;\">1 blank<\/span><\/li>\n<li><span style=\"font-family: 'Book Antiqua', Palatino; font-size: 120%; color: #333399;\">1 endless rainbow bike<\/span><\/li>\n<li><span style=\"font-family: 'Book Antiqua', Palatino; font-size: 120%; color: #333399;\">1 return trip on a rainbow bike<\/span><\/li>\n<li><span style=\"font-family: 'Book Antiqua', Palatino; font-size: 120%; color: #333399;\">1 5\u00b0 chrominance pulse cycle<\/span><\/li>\n<li><span style=\"font-family: 'Book Antiqua', Palatino; font-size: 120%; color: #333399;\">1 luminance pulse cycle (with adjustable speed)<\/span><\/li>\n<\/ul>\n<p><span style=\"font-family: 'Book Antiqua', Palatino; font-size: 120%; color: #333399;\">Made in France.<\/span><\/p>","protected":false},"featured_media":2950,"comment_status":"open","ping_status":"closed","template":"","meta":[],"product_brand":[],"product_cat":[140],"product_tag":[232,233,222],"class_list":{"0":"post-2936","1":"product","2":"type-product","3":"status-publish","4":"has-post-thumbnail","6":"product_cat-aec-innovations","7":"product_tag-amethyste","8":"product_tag-chromotherapie","9":"product_tag-geometrie-sacree","11":"first","12":"instock","13":"taxable","14":"shipping-taxable","15":"purchasable","16":"product-type-simple"},"yoast_head":"<!-- This site is optimized with the Yoast SEO Premium plugin v25.1 (Yoast SEO v27.4) - https:\/\/yoast.com\/product\/yoast-seo-premium-wordpress\/ -->\n<title>Modulaur Cristalo-photonique 3W + Zome 13 polarisateur d&#039;ondes scalaires | Agara<\/title>\n<meta name=\"description\" content=\"Diffuseur de courant monochromatique intuitif avec une pr\u00e9cision am\u00e9lior\u00e9e \u00e0 125 kHz. Amplification et harmonisation avec l&#039;am\u00e9thyste et les ondes de forme. Livr\u00e9 avec alimentation USB 5V + support de pr\u00e9sentation 3D pour placer divers objets \u00e0 alimenter (eau, cristaux, ondes en forme) + polariseur d&#039;ondes en forme Zome13 transparentBo\u00eetier Diam 7 cm. Poids ~ 120 g (~ 50 g d&#039;am\u00e9thyste) Horloge modulaire avec 15 programmes monochromatiques pr\u00e9cision am\u00e9lior\u00e9e (125Khz) + 4 cycles de couleurs, via simple t\u00e9l\u00e9commande infrarouge (20 pgm) : 15 couleurs ; 1 blanc ; 1 v\u00e9lo arc-en-ciel sans fin ; 1 aller-retour en v\u00e9lo arc-en-ciel ; 1 cycle d&#039;impulsion de chrominance 5\u00b0 ; 1 cycle d&#039;impulsion de luminance (avec vitesse r\u00e9glable). Fabrication fran\u00e7aise.\" \/>\n<meta name=\"robots\" content=\"index, follow, max-snippet:-1, max-image-preview:large, max-video-preview:-1\" \/>\n<link rel=\"canonical\" href=\"https:\/\/369agara.com\/en\/product\/modulaur-cristalo-photonique-3w\/\" \/>\n<meta property=\"og:locale\" content=\"en_GB\" \/>\n<meta property=\"og:type\" content=\"article\" \/>\n<meta property=\"og:title\" content=\"Modulaur Cristalo-photonique 3W + Zome 13 polarisateur d&#039;ondes scalaires\" \/>\n<meta property=\"og:description\" content=\"Diffuseur de courant monochromatique intuitif avec une pr\u00e9cision am\u00e9lior\u00e9e \u00e0 125 kHz. Amplification et harmonisation avec l&#039;am\u00e9thyste et les ondes de forme. Livr\u00e9 avec alimentation USB 5V + support de pr\u00e9sentation 3D pour placer divers objets \u00e0 alimenter (eau, cristaux, ondes en forme) + polariseur d&#039;ondes en forme Zome13 transparentBo\u00eetier Diam 7 cm. Poids ~ 120 g (~ 50 g d&#039;am\u00e9thyste) Horloge modulaire avec 15 programmes monochromatiques pr\u00e9cision am\u00e9lior\u00e9e (125Khz) + 4 cycles de couleurs, via simple t\u00e9l\u00e9commande infrarouge (20 pgm) : 15 couleurs ; 1 blanc ; 1 v\u00e9lo arc-en-ciel sans fin ; 1 aller-retour en v\u00e9lo arc-en-ciel ; 1 cycle d&#039;impulsion de chrominance 5\u00b0 ; 1 cycle d&#039;impulsion de luminance (avec vitesse r\u00e9glable). Fabrication fran\u00e7aise.\" \/>\n<meta property=\"og:url\" content=\"https:\/\/369agara.com\/en\/product\/modulaur-cristalo-photonique-3w\/\" \/>\n<meta property=\"og:site_name\" content=\"Agara\" \/>\n<meta property=\"article:modified_time\" content=\"2025-05-15T20:36:05+00:00\" \/>\n<meta property=\"og:image\" content=\"https:\/\/369agara.com\/wp-content\/uploads\/2024\/06\/IMG_20240521_141946-scaled.jpg\" \/>\n\t<meta property=\"og:image:width\" content=\"2560\" \/>\n\t<meta property=\"og:image:height\" content=\"2560\" \/>\n\t<meta property=\"og:image:type\" content=\"image\/jpeg\" \/>\n<meta name=\"twitter:card\" content=\"summary_large_image\" \/>\n<meta name=\"twitter:label1\" content=\"Estimated reading time\" \/>\n\t<meta name=\"twitter:data1\" content=\"3 minutes\" \/>\n<script type=\"application\/ld+json\" class=\"yoast-schema-graph\">{\"@context\":\"https:\\\/\\\/schema.org\",\"@graph\":[{\"@type\":\"WebPage\",\"@id\":\"https:\\\/\\\/369agara.com\\\/produit\\\/modulaur-cristalo-photonique-3w\\\/\",\"url\":\"https:\\\/\\\/369agara.com\\\/produit\\\/modulaur-cristalo-photonique-3w\\\/\",\"name\":\"Modulaur Cristalo-photonique 3W + Zome 13 polarisateur d'ondes scalaires | Agara\",\"isPartOf\":{\"@id\":\"https:\\\/\\\/369agara.com\\\/#website\"},\"primaryImageOfPage\":{\"@id\":\"https:\\\/\\\/369agara.com\\\/produit\\\/modulaur-cristalo-photonique-3w\\\/#primaryimage\"},\"image\":{\"@id\":\"https:\\\/\\\/369agara.com\\\/produit\\\/modulaur-cristalo-photonique-3w\\\/#primaryimage\"},\"thumbnailUrl\":\"https:\\\/\\\/369agara.com\\\/wp-content\\\/uploads\\\/2024\\\/06\\\/IMG_20240521_141946-scaled.jpg\",\"datePublished\":\"2024-06-23T19:50:21+00:00\",\"dateModified\":\"2025-05-15T20:36:05+00:00\",\"description\":\"Diffuseur de courant monochromatique intuitif avec une pr\u00e9cision am\u00e9lior\u00e9e \u00e0 125 kHz. Amplification et harmonisation avec l'am\u00e9thyste et les ondes de forme. Livr\u00e9 avec alimentation USB 5V + support de pr\u00e9sentation 3D pour placer divers objets \u00e0 alimenter (eau, cristaux, ondes en forme) + polariseur d'ondes en forme Zome13 transparentBo\u00eetier Diam 7 cm. Poids ~ 120 g (~ 50 g d'am\u00e9thyste) Horloge modulaire avec 15 programmes monochromatiques pr\u00e9cision am\u00e9lior\u00e9e (125Khz) + 4 cycles de couleurs, via simple t\u00e9l\u00e9commande infrarouge (20 pgm) : 15 couleurs ; 1 blanc ; 1 v\u00e9lo arc-en-ciel sans fin ; 1 aller-retour en v\u00e9lo arc-en-ciel ; 1 cycle d'impulsion de chrominance 5\u00b0 ; 1 cycle d'impulsion de luminance (avec vitesse r\u00e9glable). Fabrication fran\u00e7aise.\",\"breadcrumb\":{\"@id\":\"https:\\\/\\\/369agara.com\\\/produit\\\/modulaur-cristalo-photonique-3w\\\/#breadcrumb\"},\"inLanguage\":\"en-GB\",\"potentialAction\":[{\"@type\":\"ReadAction\",\"target\":[\"https:\\\/\\\/369agara.com\\\/produit\\\/modulaur-cristalo-photonique-3w\\\/\"]}]},{\"@type\":\"ImageObject\",\"inLanguage\":\"en-GB\",\"@id\":\"https:\\\/\\\/369agara.com\\\/produit\\\/modulaur-cristalo-photonique-3w\\\/#primaryimage\",\"url\":\"https:\\\/\\\/369agara.com\\\/wp-content\\\/uploads\\\/2024\\\/06\\\/IMG_20240521_141946-scaled.jpg\",\"contentUrl\":\"https:\\\/\\\/369agara.com\\\/wp-content\\\/uploads\\\/2024\\\/06\\\/IMG_20240521_141946-scaled.jpg\",\"width\":2560,\"height\":2560},{\"@type\":\"BreadcrumbList\",\"@id\":\"https:\\\/\\\/369agara.com\\\/produit\\\/modulaur-cristalo-photonique-3w\\\/#breadcrumb\",\"itemListElement\":[{\"@type\":\"ListItem\",\"position\":1,\"name\":\"Accueil\",\"item\":\"https:\\\/\\\/369agara.com\\\/\"},{\"@type\":\"ListItem\",\"position\":2,\"name\":\"La boutique\",\"item\":\"https:\\\/\\\/369agara.com\\\/la-boutique\\\/\"},{\"@type\":\"ListItem\",\"position\":3,\"name\":\"Modulaur Cristalo-photonique 3W + Zome 13 polarisateur d&rsquo;ondes scalaires\"}]},{\"@type\":\"WebSite\",\"@id\":\"https:\\\/\\\/369agara.com\\\/#website\",\"url\":\"https:\\\/\\\/369agara.com\\\/\",\"name\":\"Livsrikedomar\",\"description\":\"D\u00e9connectez pour mieux vous connecter\",\"publisher\":{\"@id\":\"https:\\\/\\\/369agara.com\\\/#organization\"},\"potentialAction\":[{\"@type\":\"SearchAction\",\"target\":{\"@type\":\"EntryPoint\",\"urlTemplate\":\"https:\\\/\\\/369agara.com\\\/?s={search_term_string}\"},\"query-input\":{\"@type\":\"PropertyValueSpecification\",\"valueRequired\":true,\"valueName\":\"search_term_string\"}}],\"inLanguage\":\"en-GB\"},{\"@type\":\"Organization\",\"@id\":\"https:\\\/\\\/369agara.com\\\/#organization\",\"name\":\"EACreations\",\"url\":\"https:\\\/\\\/369agara.com\\\/\",\"logo\":{\"@type\":\"ImageObject\",\"inLanguage\":\"en-GB\",\"@id\":\"https:\\\/\\\/369agara.com\\\/#\\\/schema\\\/logo\\\/image\\\/\",\"url\":\"\",\"contentUrl\":\"\",\"caption\":\"EACreations\"},\"image\":{\"@id\":\"https:\\\/\\\/369agara.com\\\/#\\\/schema\\\/logo\\\/image\\\/\"}}]}<\/script>\n<!-- \/ Yoast SEO Premium plugin. -->","yoast_head_json":{"title":"Modulaur Cristalo-photonique 3W + Zome 13 polarisateur d'ondes scalaires | Agara","description":"Diffuseur de courant monochromatique intuitif avec une pr\u00e9cision am\u00e9lior\u00e9e \u00e0 125 kHz. Amplification et harmonisation avec l'am\u00e9thyste et les ondes de forme. Livr\u00e9 avec alimentation USB 5V + support de pr\u00e9sentation 3D pour placer divers objets \u00e0 alimenter (eau, cristaux, ondes en forme) + polariseur d'ondes en forme Zome13 transparentBo\u00eetier Diam 7 cm. Poids ~ 120 g (~ 50 g d'am\u00e9thyste) Horloge modulaire avec 15 programmes monochromatiques pr\u00e9cision am\u00e9lior\u00e9e (125Khz) + 4 cycles de couleurs, via simple t\u00e9l\u00e9commande infrarouge (20 pgm) : 15 couleurs ; 1 blanc ; 1 v\u00e9lo arc-en-ciel sans fin ; 1 aller-retour en v\u00e9lo arc-en-ciel ; 1 cycle d'impulsion de chrominance 5\u00b0 ; 1 cycle d'impulsion de luminance (avec vitesse r\u00e9glable). Fabrication fran\u00e7aise.","robots":{"index":"index","follow":"follow","max-snippet":"max-snippet:-1","max-image-preview":"max-image-preview:large","max-video-preview":"max-video-preview:-1"},"canonical":"https:\/\/369agara.com\/en\/product\/modulaur-cristalo-photonique-3w\/","og_locale":"en_GB","og_type":"article","og_title":"Modulaur Cristalo-photonique 3W + Zome 13 polarisateur d'ondes scalaires","og_description":"Diffuseur de courant monochromatique intuitif avec une pr\u00e9cision am\u00e9lior\u00e9e \u00e0 125 kHz. Amplification et harmonisation avec l'am\u00e9thyste et les ondes de forme. Livr\u00e9 avec alimentation USB 5V + support de pr\u00e9sentation 3D pour placer divers objets \u00e0 alimenter (eau, cristaux, ondes en forme) + polariseur d'ondes en forme Zome13 transparentBo\u00eetier Diam 7 cm. Poids ~ 120 g (~ 50 g d'am\u00e9thyste) Horloge modulaire avec 15 programmes monochromatiques pr\u00e9cision am\u00e9lior\u00e9e (125Khz) + 4 cycles de couleurs, via simple t\u00e9l\u00e9commande infrarouge (20 pgm) : 15 couleurs ; 1 blanc ; 1 v\u00e9lo arc-en-ciel sans fin ; 1 aller-retour en v\u00e9lo arc-en-ciel ; 1 cycle d'impulsion de chrominance 5\u00b0 ; 1 cycle d'impulsion de luminance (avec vitesse r\u00e9glable). Fabrication fran\u00e7aise.","og_url":"https:\/\/369agara.com\/en\/product\/modulaur-cristalo-photonique-3w\/","og_site_name":"Agara","article_modified_time":"2025-05-15T20:36:05+00:00","og_image":[{"width":2560,"height":2560,"url":"https:\/\/369agara.com\/wp-content\/uploads\/2024\/06\/IMG_20240521_141946-scaled.jpg","type":"image\/jpeg"}],"twitter_card":"summary_large_image","twitter_misc":{"Estimated reading time":"3 minutes"},"schema":{"@context":"https:\/\/schema.org","@graph":[{"@type":"WebPage","@id":"https:\/\/369agara.com\/produit\/modulaur-cristalo-photonique-3w\/","url":"https:\/\/369agara.com\/produit\/modulaur-cristalo-photonique-3w\/","name":"Modulaur Cristalo-photonique 3W + Zome 13 polarisateur d'ondes scalaires | Agara","isPartOf":{"@id":"https:\/\/369agara.com\/#website"},"primaryImageOfPage":{"@id":"https:\/\/369agara.com\/produit\/modulaur-cristalo-photonique-3w\/#primaryimage"},"image":{"@id":"https:\/\/369agara.com\/produit\/modulaur-cristalo-photonique-3w\/#primaryimage"},"thumbnailUrl":"https:\/\/369agara.com\/wp-content\/uploads\/2024\/06\/IMG_20240521_141946-scaled.jpg","datePublished":"2024-06-23T19:50:21+00:00","dateModified":"2025-05-15T20:36:05+00:00","description":"Diffuseur de courant monochromatique intuitif avec une pr\u00e9cision am\u00e9lior\u00e9e \u00e0 125 kHz. Amplification et harmonisation avec l'am\u00e9thyste et les ondes de forme. Livr\u00e9 avec alimentation USB 5V + support de pr\u00e9sentation 3D pour placer divers objets \u00e0 alimenter (eau, cristaux, ondes en forme) + polariseur d'ondes en forme Zome13 transparentBo\u00eetier Diam 7 cm. Poids ~ 120 g (~ 50 g d'am\u00e9thyste) Horloge modulaire avec 15 programmes monochromatiques pr\u00e9cision am\u00e9lior\u00e9e (125Khz) + 4 cycles de couleurs, via simple t\u00e9l\u00e9commande infrarouge (20 pgm) : 15 couleurs ; 1 blanc ; 1 v\u00e9lo arc-en-ciel sans fin ; 1 aller-retour en v\u00e9lo arc-en-ciel ; 1 cycle d'impulsion de chrominance 5\u00b0 ; 1 cycle d'impulsion de luminance (avec vitesse r\u00e9glable). Fabrication fran\u00e7aise.","breadcrumb":{"@id":"https:\/\/369agara.com\/produit\/modulaur-cristalo-photonique-3w\/#breadcrumb"},"inLanguage":"en-GB","potentialAction":[{"@type":"ReadAction","target":["https:\/\/369agara.com\/produit\/modulaur-cristalo-photonique-3w\/"]}]},{"@type":"ImageObject","inLanguage":"en-GB","@id":"https:\/\/369agara.com\/produit\/modulaur-cristalo-photonique-3w\/#primaryimage","url":"https:\/\/369agara.com\/wp-content\/uploads\/2024\/06\/IMG_20240521_141946-scaled.jpg","contentUrl":"https:\/\/369agara.com\/wp-content\/uploads\/2024\/06\/IMG_20240521_141946-scaled.jpg","width":2560,"height":2560},{"@type":"BreadcrumbList","@id":"https:\/\/369agara.com\/produit\/modulaur-cristalo-photonique-3w\/#breadcrumb","itemListElement":[{"@type":"ListItem","position":1,"name":"Accueil","item":"https:\/\/369agara.com\/"},{"@type":"ListItem","position":2,"name":"La boutique","item":"https:\/\/369agara.com\/la-boutique\/"},{"@type":"ListItem","position":3,"name":"Modulaur Cristalo-photonique 3W + Zome 13 polarisateur d&rsquo;ondes scalaires"}]},{"@type":"WebSite","@id":"https:\/\/369agara.com\/#website","url":"https:\/\/369agara.com\/","name":"Livsrikedomar","description":"Disconnect to better connect","publisher":{"@id":"https:\/\/369agara.com\/#organization"},"potentialAction":[{"@type":"SearchAction","target":{"@type":"EntryPoint","urlTemplate":"https:\/\/369agara.com\/?s={search_term_string}"},"query-input":{"@type":"PropertyValueSpecification","valueRequired":true,"valueName":"search_term_string"}}],"inLanguage":"en-GB"},{"@type":"Organization","@id":"https:\/\/369agara.com\/#organization","name":"EACreations","url":"https:\/\/369agara.com\/","logo":{"@type":"ImageObject","inLanguage":"en-GB","@id":"https:\/\/369agara.com\/#\/schema\/logo\/image\/","url":"","contentUrl":"","caption":"EACreations"},"image":{"@id":"https:\/\/369agara.com\/#\/schema\/logo\/image\/"}}]}},"jetpack_sharing_enabled":true,"_links":{"self":[{"href":"https:\/\/369agara.com\/en\/wp-json\/wp\/v2\/product\/2936","targetHints":{"allow":["GET"]}}],"collection":[{"href":"https:\/\/369agara.com\/en\/wp-json\/wp\/v2\/product"}],"about":[{"href":"https:\/\/369agara.com\/en\/wp-json\/wp\/v2\/types\/product"}],"replies":[{"embeddable":true,"href":"https:\/\/369agara.com\/en\/wp-json\/wp\/v2\/comments?post=2936"}],"wp:featuredmedia":[{"embeddable":true,"href":"https:\/\/369agara.com\/en\/wp-json\/wp\/v2\/media\/2950"}],"wp:attachment":[{"href":"https:\/\/369agara.com\/en\/wp-json\/wp\/v2\/media?parent=2936"}],"wp:term":[{"taxonomy":"product_brand","embeddable":true,"href":"https:\/\/369agara.com\/en\/wp-json\/wp\/v2\/product_brand?post=2936"},{"taxonomy":"product_cat","embeddable":true,"href":"https:\/\/369agara.com\/en\/wp-json\/wp\/v2\/product_cat?post=2936"},{"taxonomy":"product_tag","embeddable":true,"href":"https:\/\/369agara.com\/en\/wp-json\/wp\/v2\/product_tag?post=2936"}],"curies":[{"name":"wp","href":"https:\/\/api.w.org\/{rel}","templated":true}]}}