{"id":2967,"date":"2024-07-14T17:41:25","date_gmt":"2024-07-14T15:41:25","guid":{"rendered":"https:\/\/369agara.com\/?post_type=product&#038;p=2967"},"modified":"2025-05-15T22:35:49","modified_gmt":"2025-05-15T20:35:49","slug":"vecteur-equilibrium-144-yin-ou-yang","status":"publish","type":"product","link":"https:\/\/369agara.com\/en\/product\/vecteur-equilibrium-144-yin-ou-yang\/","title":{"rendered":"Equilibrium Vector 144 Yin or Yang"},"content":{"rendered":"<h3><span style=\"font-family: 'Book Antiqua', Palatino; font-size: 120%; color: #333399;\">How does VE144 work?<\/span><\/h3>\n<p><span style=\"font-family: 'Book Antiqua', Palatino; font-size: 120%; color: #333399;\">This form connects, stabilises and amplifies the zero point energy through your will.<\/span><br \/>\n<span style=\"font-family: 'Book Antiqua', Palatino; font-size: 120%; color: #333399;\">This developed geometry provides a good balance while stimulating a harmonious circulation of energy within us and within a living space.<\/span><br \/>\n<span style=\"font-family: 'Book Antiqua', Palatino; font-size: 120%; color: #333399;\">It balances all the Yin\/Yang aspects on us, in us and around us.<\/span><\/p>\n<p><span style=\"font-family: 'Book Antiqua', Palatino; font-size: 120%; color: #333399;\">Each VE144 contains :<\/span><\/p>\n<p><span style=\"font-family: 'Book Antiqua', Palatino; font-size: 120%; color: #333399;\">1 copper dish<\/span><br \/>\n<span style=\"font-family: 'Book Antiqua', Palatino; font-size: 120%; color: #333399;\">Pink quartz<\/span><br \/>\n<span style=\"font-family: 'Book Antiqua', Palatino; font-size: 120%; color: #333399;\">California white sage essential oil<\/span><br \/>\n<span style=\"font-family: 'Book Antiqua', Palatino; font-size: 120%; color: #333399;\">Damask rose essential oil<\/span><br \/>\n<span style=\"font-family: 'Book Antiqua', Palatino; font-size: 120%; color: #333399;\">24-carat gold powder<\/span><br \/>\n<span style=\"font-family: 'Book Antiqua', Palatino; font-size: 120%; color: #333399;\">Mica powder<\/span><br \/>\n<span style=\"font-family: 'Book Antiqua', Palatino; font-size: 120%; color: #333399;\">Titanium powder<\/span><\/p>\n<p><span style=\"font-family: 'Book Antiqua', Palatino; font-size: 120%; color: #333399;\">VE144 can be used singly or in pairs.<\/span><br \/>\n<span style=\"font-family: 'Book Antiqua', Palatino; font-size: 120%; color: #333399;\">A pair of the same shape in different colours or not.<\/span><br \/>\n<span style=\"font-family: 'Book Antiqua', Palatino; font-size: 120%; color: #333399;\">One pair of each yin + yang shape, in different colours or not.<\/span><br \/>\n<span style=\"font-family: 'Book Antiqua', Palatino; font-size: 120%; color: #333399;\">Do as you feel.<\/span><\/p>\n<p><span style=\"font-family: 'Book Antiqua', Palatino; font-size: 120%; color: #333399;\">VE144 can be used occasionally in the hands during meditation or relaxation sessions, or in the pockets.<\/span><br \/>\n<span style=\"font-family: 'Book Antiqua', Palatino; font-size: 120%; color: #333399;\">The recommended duration is 60 minutes maximum.<\/span><br \/>\n<span style=\"font-family: 'Book Antiqua', Palatino; font-size: 120%; color: #333399;\">Do several sessions a day if necessary.<\/span><br \/>\n<span style=\"font-family: 'Book Antiqua', Palatino; font-size: 120%; color: #333399;\">The effect can be mild or strong, depending on your situation.<\/span><br \/>\n<span style=\"font-family: 'Book Antiqua', Palatino; font-size: 120%; color: #333399;\">Be attentive and listen to your body... a few discomforts may occur at first, while you integrate\/balance the circulatory flows.<\/span><\/p>\n<h3><span style=\"font-family: 'Book Antiqua', Palatino; font-size: 120%; color: #333399;\">Where does it come from?<\/span><\/h3>\n<p><span style=\"font-family: 'Book Antiqua', Palatino; font-size: 120%; color: #333399;\">This shape can also be called the 144-sided star cuboctahedron (according to Kepler).<\/span><br \/>\n<span style=\"font-family: 'Book Antiqua', Palatino; font-size: 120%; color: #333399;\">Olivier Gon\u00e7alves also calls it the Equilibre Onda\u00e8dre \u00c9toil\u00e9 144 (the 12\u00d712 stabilised wave generator).<\/span><br \/>\n<span style=\"font-family: 'Book Antiqua', Palatino; font-size: 120%; color: #333399;\">This form connects, stabilises and amplifies the energy of the quantum zero point.<\/span><br \/>\n<span style=\"font-family: 'Book Antiqua', Palatino; font-size: 120%; color: #333399;\">This is one of the plans of the 3D Metatronic Seals and the 3D Seed of Life.<\/span><\/p>\n<p><span style=\"font-family: 'Book Antiqua', Palatino; font-size: 120%; color: #333399;\">The root-vector equilibrium is a special shape in that all its edges are identical (squares and equilateral triangles on the surface) and all the distances between each corner and the centre of the volume are identical to each other and to the edges.<\/span><br \/>\n<span style=\"font-family: 'Book Antiqua', Palatino; font-size: 120%; color: #333399;\">This geometry allows the shape to offer a good balance while stimulating the harmonious circulation of energy within us and within a living space.<\/span><br \/>\n<span style=\"font-family: 'Book Antiqua', Palatino; font-size: 120%; color: #333399;\">It brings together all the Yin\/Yang aspects on us, in us and around us and guides each path towards ascension in a healthy and stable way.<\/span><\/p>\n<p><span style=\"font-family: 'Book Antiqua', Palatino; font-size: 120%; color: #333399;\">This form is an important basis for opening up to multidimensionality\/multi-mind without getting lost or exploding along the way (regulating\/stabilising the ego in the interests of health).<\/span><br \/>\n<span style=\"font-family: 'Book Antiqua', Palatino; font-size: 120%; color: #333399;\">This archetype complements the Dodecahedron\/Icosahedron tandem in that it combines the Hexahedron, Octahedron and Tetrahedron...<\/span><br \/>\n<span style=\"font-family: 'Book Antiqua', Palatino; font-size: 120%; color: #333399;\">The shape of the root is made up of 8 triangles (yang) and 6 squares (yin) with a total of 14 surfaces.<\/span><\/p>\n<p>&nbsp;<\/p>\n<p><span style=\"font-family: 'Book Antiqua', Palatino; font-size: 120%; color: #333399;\"><img loading=\"lazy\" decoding=\"async\" class=\"size-medium wp-image-3179 aligncenter\" src=\"https:\/\/369agara.com\/wp-content\/uploads\/2024\/07\/vector_equilibriumvortex-300x300.jpg\" alt=\"\" width=\"300\" height=\"300\" srcset=\"https:\/\/369agara.com\/wp-content\/uploads\/2024\/07\/vector_equilibriumvortex-300x300.jpg 300w, https:\/\/369agara.com\/wp-content\/uploads\/2024\/07\/vector_equilibriumvortex-150x150.jpg 150w, https:\/\/369agara.com\/wp-content\/uploads\/2024\/07\/vector_equilibriumvortex-12x12.jpg 12w, https:\/\/369agara.com\/wp-content\/uploads\/2024\/07\/vector_equilibriumvortex-247x247.jpg 247w, https:\/\/369agara.com\/wp-content\/uploads\/2024\/07\/vector_equilibriumvortex-510x510.jpg 510w, https:\/\/369agara.com\/wp-content\/uploads\/2024\/07\/vector_equilibriumvortex-100x100.jpg 100w, https:\/\/369agara.com\/wp-content\/uploads\/2024\/07\/vector_equilibriumvortex.jpg 768w\" sizes=\"auto, (max-width: 300px) 100vw, 300px\" \/><\/span><\/p>\n<p>&nbsp;<\/p>\n<h3><span style=\"font-family: 'Book Antiqua', Palatino; font-size: 120%; color: #333399;\">How are the 144 faces on the root form created?<\/span><\/h3>\n<p><span style=\"font-family: 'Book Antiqua', Palatino; font-size: 120%; color: #333399;\">Starting from the Trinitarian approach to each primitive form :<\/span><br \/>\n<span style=\"font-family: 'Book Antiqua', Palatino; font-size: 120%; color: #333399;\">Each triangle is made up of (3\u00d73) 9 triangles &gt; i.e. 8 triangles x 9 = 72 faces<\/span><br \/>\n<span style=\"font-family: 'Book Antiqua', Palatino; font-size: 120%; color: #333399;\">Each square is made up of (3\u00d74) 12 triangles &gt; i.e. 6 squares x 12 = 72 faces<\/span><\/p>\n<p><span style=\"color: #333399;\"><span style=\"font-family: 'Book Antiqua', Palatino; font-size: 120%;\">So a total of 144 faces that star and breathe (respecting the circumscribed sphere around the <\/span><span style=\"font-family: 'Book Antiqua', Palatino; font-size: 120%;\">root form) to increase the multidimensional vibratory manifestation of this form <\/span><span style=\"font-family: 'Book Antiqua', Palatino; font-size: 120%;\">one of a kind!<\/span><\/span><\/p>\n<p>&nbsp;<\/p>\n<p><span style=\"font-family: 'Book Antiqua', Palatino; font-size: 120%; color: #333399;\"><img loading=\"lazy\" decoding=\"async\" class=\"size-medium wp-image-3180 aligncenter\" src=\"https:\/\/369agara.com\/wp-content\/uploads\/2024\/07\/ondaF144_plein_01-Copie-300x271.jpg\" alt=\"\" width=\"300\" height=\"271\" srcset=\"https:\/\/369agara.com\/wp-content\/uploads\/2024\/07\/ondaF144_plein_01-Copie-300x271.jpg 300w, https:\/\/369agara.com\/wp-content\/uploads\/2024\/07\/ondaF144_plein_01-Copie-13x12.jpg 13w, https:\/\/369agara.com\/wp-content\/uploads\/2024\/07\/ondaF144_plein_01-Copie-510x461.jpg 510w, https:\/\/369agara.com\/wp-content\/uploads\/2024\/07\/ondaF144_plein_01-Copie.jpg 683w\" sizes=\"auto, (max-width: 300px) 100vw, 300px\" \/><\/span><\/p>","protected":false},"excerpt":{"rendered":"<p><span style=\"font-family: 'Book Antiqua', Palatino; font-size: 120%; color: #333399;\">This form connects, stabilises and amplifies the zero point energy through your will.<\/span><br \/>\n<span style=\"font-family: 'Book Antiqua', Palatino; font-size: 120%; color: #333399;\">This developed geometry provides a good balance while stimulating a harmonious circulation of energy within us and within a living space.<\/span><br \/>\n<span style=\"font-family: 'Book Antiqua', Palatino; font-size: 120%; color: #333399;\">It balances all the Yin\/Yang aspects on us, in us and around us.<\/span><\/p>\n<p><span style=\"font-family: 'Book Antiqua', Palatino; font-size: 120%; color: #333399;\">Each VE144 contains :<\/span><\/p>\n<ul>\n<li><span style=\"font-family: 'Book Antiqua', Palatino; font-size: 120%; color: #333399;\">Pink quartz<\/span><\/li>\n<li><span style=\"font-family: 'Book Antiqua', Palatino; font-size: 120%; color: #333399;\">Copper<\/span><\/li>\n<li><span style=\"font-family: 'Book Antiqua', Palatino; font-size: 120%; color: #333399;\">California white sage essential oil<\/span><\/li>\n<li><span style=\"font-family: 'Book Antiqua', Palatino; font-size: 120%; color: #333399;\">Damask rose essential oil<\/span><\/li>\n<li><span style=\"font-family: 'Book Antiqua', Palatino; font-size: 120%; color: #333399;\">24-carat gold powder<\/span><\/li>\n<li><span style=\"font-family: 'Book Antiqua', Palatino; font-size: 120%; color: #333399;\">Titanium powder<\/span><\/li>\n<li><span style=\"font-family: 'Book Antiqua', Palatino; font-size: 120%; color: #333399;\">Mica powder<\/span><\/li>\n<\/ul>","protected":false},"featured_media":3184,"comment_status":"open","ping_status":"closed","template":"","meta":[],"product_brand":[],"product_cat":[140],"product_tag":[233,234,202,201],"class_list":{"0":"post-2967","1":"product","2":"type-product","3":"status-publish","4":"has-post-thumbnail","6":"product_cat-aec-innovations","7":"product_tag-chromotherapie","8":"product_tag-reequilibrage","9":"product_tag-yang","10":"product_tag-yin","12":"first","13":"instock","14":"taxable","15":"shipping-taxable","16":"purchasable","17":"product-type-variable"},"yoast_head":"<!-- This site is optimized with the Yoast SEO Premium plugin v25.1 (Yoast SEO v27.4) - https:\/\/yoast.com\/product\/yoast-seo-premium-wordpress\/ -->\n<title>Vecteur Equilibrium 144 Yin ou Yang | Agara<\/title>\n<meta name=\"description\" content=\"Cette forme connecte, stabilise et amplifie l\u2019\u00e9nergie du point z\u00e9ro gr\u00e2ce \u00e0 votre volont\u00e9. Cette g\u00e9om\u00e9trie d\u00e9velopp\u00e9e procure un bon \u00e9quilibre tout en stimulant une circulation harmonieuse de l&#039;\u00e9nergie en nous et dans un espace de vie. Il \u00e9quilibre tous les aspects Yin\/Yang sur nous, en nous et autour de nous. Chaque VE144 contient : Quartz rose, Cuivre, Huile essentielle de sauge blanche de Californie, Huile essentielle de rose de Damas, Poudre d&#039;or 24 carats, Poudre de titane, Poudre de mica.\" \/>\n<meta name=\"robots\" content=\"index, follow, max-snippet:-1, max-image-preview:large, max-video-preview:-1\" \/>\n<link rel=\"canonical\" href=\"https:\/\/369agara.com\/en\/product\/vecteur-equilibrium-144-yin-ou-yang\/\" \/>\n<meta property=\"og:locale\" content=\"en_GB\" \/>\n<meta property=\"og:type\" content=\"article\" \/>\n<meta property=\"og:title\" content=\"Vecteur Equilibrium 144 Yin ou Yang\" \/>\n<meta property=\"og:description\" content=\"Cette forme connecte, stabilise et amplifie l\u2019\u00e9nergie du point z\u00e9ro gr\u00e2ce \u00e0 votre volont\u00e9. Cette g\u00e9om\u00e9trie d\u00e9velopp\u00e9e procure un bon \u00e9quilibre tout en stimulant une circulation harmonieuse de l&#039;\u00e9nergie en nous et dans un espace de vie. Il \u00e9quilibre tous les aspects Yin\/Yang sur nous, en nous et autour de nous. Chaque VE144 contient : Quartz rose, Cuivre, Huile essentielle de sauge blanche de Californie, Huile essentielle de rose de Damas, Poudre d&#039;or 24 carats, Poudre de titane, Poudre de mica.\" \/>\n<meta property=\"og:url\" content=\"https:\/\/369agara.com\/en\/product\/vecteur-equilibrium-144-yin-ou-yang\/\" \/>\n<meta property=\"og:site_name\" content=\"Agara\" \/>\n<meta property=\"article:modified_time\" content=\"2025-05-15T20:35:49+00:00\" \/>\n<meta property=\"og:image\" content=\"https:\/\/369agara.com\/wp-content\/uploads\/2024\/07\/Yin-och-Yang.jpg\" \/>\n\t<meta property=\"og:image:width\" content=\"958\" \/>\n\t<meta property=\"og:image:height\" content=\"958\" \/>\n\t<meta property=\"og:image:type\" content=\"image\/jpeg\" \/>\n<meta name=\"twitter:card\" content=\"summary_large_image\" \/>\n<meta name=\"twitter:label1\" content=\"Estimated reading time\" \/>\n\t<meta name=\"twitter:data1\" content=\"4 minutes\" \/>\n<script type=\"application\/ld+json\" class=\"yoast-schema-graph\">{\"@context\":\"https:\\\/\\\/schema.org\",\"@graph\":[{\"@type\":\"WebPage\",\"@id\":\"https:\\\/\\\/369agara.com\\\/produit\\\/vecteur-equilibrium-144-yin-ou-yang\\\/\",\"url\":\"https:\\\/\\\/369agara.com\\\/produit\\\/vecteur-equilibrium-144-yin-ou-yang\\\/\",\"name\":\"Vecteur Equilibrium 144 Yin ou Yang | Agara\",\"isPartOf\":{\"@id\":\"https:\\\/\\\/369agara.com\\\/#website\"},\"primaryImageOfPage\":{\"@id\":\"https:\\\/\\\/369agara.com\\\/produit\\\/vecteur-equilibrium-144-yin-ou-yang\\\/#primaryimage\"},\"image\":{\"@id\":\"https:\\\/\\\/369agara.com\\\/produit\\\/vecteur-equilibrium-144-yin-ou-yang\\\/#primaryimage\"},\"thumbnailUrl\":\"https:\\\/\\\/369agara.com\\\/wp-content\\\/uploads\\\/2024\\\/07\\\/Yin-och-Yang.jpg\",\"datePublished\":\"2024-07-14T15:41:25+00:00\",\"dateModified\":\"2025-05-15T20:35:49+00:00\",\"description\":\"Cette forme connecte, stabilise et amplifie l\u2019\u00e9nergie du point z\u00e9ro gr\u00e2ce \u00e0 votre volont\u00e9. Cette g\u00e9om\u00e9trie d\u00e9velopp\u00e9e procure un bon \u00e9quilibre tout en stimulant une circulation harmonieuse de l'\u00e9nergie en nous et dans un espace de vie. Il \u00e9quilibre tous les aspects Yin\\\/Yang sur nous, en nous et autour de nous. Chaque VE144 contient : Quartz rose, Cuivre, Huile essentielle de sauge blanche de Californie, Huile essentielle de rose de Damas, Poudre d'or 24 carats, Poudre de titane, Poudre de mica.\",\"breadcrumb\":{\"@id\":\"https:\\\/\\\/369agara.com\\\/produit\\\/vecteur-equilibrium-144-yin-ou-yang\\\/#breadcrumb\"},\"inLanguage\":\"en-GB\",\"potentialAction\":[{\"@type\":\"ReadAction\",\"target\":[\"https:\\\/\\\/369agara.com\\\/produit\\\/vecteur-equilibrium-144-yin-ou-yang\\\/\"]}]},{\"@type\":\"ImageObject\",\"inLanguage\":\"en-GB\",\"@id\":\"https:\\\/\\\/369agara.com\\\/produit\\\/vecteur-equilibrium-144-yin-ou-yang\\\/#primaryimage\",\"url\":\"https:\\\/\\\/369agara.com\\\/wp-content\\\/uploads\\\/2024\\\/07\\\/Yin-och-Yang.jpg\",\"contentUrl\":\"https:\\\/\\\/369agara.com\\\/wp-content\\\/uploads\\\/2024\\\/07\\\/Yin-och-Yang.jpg\",\"width\":958,\"height\":958},{\"@type\":\"BreadcrumbList\",\"@id\":\"https:\\\/\\\/369agara.com\\\/produit\\\/vecteur-equilibrium-144-yin-ou-yang\\\/#breadcrumb\",\"itemListElement\":[{\"@type\":\"ListItem\",\"position\":1,\"name\":\"Accueil\",\"item\":\"https:\\\/\\\/369agara.com\\\/\"},{\"@type\":\"ListItem\",\"position\":2,\"name\":\"La boutique\",\"item\":\"https:\\\/\\\/369agara.com\\\/la-boutique\\\/\"},{\"@type\":\"ListItem\",\"position\":3,\"name\":\"Vecteur Equilibrium 144 Yin ou Yang\"}]},{\"@type\":\"WebSite\",\"@id\":\"https:\\\/\\\/369agara.com\\\/#website\",\"url\":\"https:\\\/\\\/369agara.com\\\/\",\"name\":\"Livsrikedomar\",\"description\":\"D\u00e9connectez pour mieux vous connecter\",\"publisher\":{\"@id\":\"https:\\\/\\\/369agara.com\\\/#organization\"},\"potentialAction\":[{\"@type\":\"SearchAction\",\"target\":{\"@type\":\"EntryPoint\",\"urlTemplate\":\"https:\\\/\\\/369agara.com\\\/?s={search_term_string}\"},\"query-input\":{\"@type\":\"PropertyValueSpecification\",\"valueRequired\":true,\"valueName\":\"search_term_string\"}}],\"inLanguage\":\"en-GB\"},{\"@type\":\"Organization\",\"@id\":\"https:\\\/\\\/369agara.com\\\/#organization\",\"name\":\"EACreations\",\"url\":\"https:\\\/\\\/369agara.com\\\/\",\"logo\":{\"@type\":\"ImageObject\",\"inLanguage\":\"en-GB\",\"@id\":\"https:\\\/\\\/369agara.com\\\/#\\\/schema\\\/logo\\\/image\\\/\",\"url\":\"\",\"contentUrl\":\"\",\"caption\":\"EACreations\"},\"image\":{\"@id\":\"https:\\\/\\\/369agara.com\\\/#\\\/schema\\\/logo\\\/image\\\/\"}}]}<\/script>\n<!-- \/ Yoast SEO Premium plugin. -->","yoast_head_json":{"title":"Vecteur Equilibrium 144 Yin ou Yang | Agara","description":"Cette forme connecte, stabilise et amplifie l\u2019\u00e9nergie du point z\u00e9ro gr\u00e2ce \u00e0 votre volont\u00e9. Cette g\u00e9om\u00e9trie d\u00e9velopp\u00e9e procure un bon \u00e9quilibre tout en stimulant une circulation harmonieuse de l'\u00e9nergie en nous et dans un espace de vie. Il \u00e9quilibre tous les aspects Yin\/Yang sur nous, en nous et autour de nous. Chaque VE144 contient : Quartz rose, Cuivre, Huile essentielle de sauge blanche de Californie, Huile essentielle de rose de Damas, Poudre d'or 24 carats, Poudre de titane, Poudre de mica.","robots":{"index":"index","follow":"follow","max-snippet":"max-snippet:-1","max-image-preview":"max-image-preview:large","max-video-preview":"max-video-preview:-1"},"canonical":"https:\/\/369agara.com\/en\/product\/vecteur-equilibrium-144-yin-ou-yang\/","og_locale":"en_GB","og_type":"article","og_title":"Vecteur Equilibrium 144 Yin ou Yang","og_description":"Cette forme connecte, stabilise et amplifie l\u2019\u00e9nergie du point z\u00e9ro gr\u00e2ce \u00e0 votre volont\u00e9. Cette g\u00e9om\u00e9trie d\u00e9velopp\u00e9e procure un bon \u00e9quilibre tout en stimulant une circulation harmonieuse de l'\u00e9nergie en nous et dans un espace de vie. Il \u00e9quilibre tous les aspects Yin\/Yang sur nous, en nous et autour de nous. Chaque VE144 contient : Quartz rose, Cuivre, Huile essentielle de sauge blanche de Californie, Huile essentielle de rose de Damas, Poudre d'or 24 carats, Poudre de titane, Poudre de mica.","og_url":"https:\/\/369agara.com\/en\/product\/vecteur-equilibrium-144-yin-ou-yang\/","og_site_name":"Agara","article_modified_time":"2025-05-15T20:35:49+00:00","og_image":[{"width":958,"height":958,"url":"https:\/\/369agara.com\/wp-content\/uploads\/2024\/07\/Yin-och-Yang.jpg","type":"image\/jpeg"}],"twitter_card":"summary_large_image","twitter_misc":{"Estimated reading time":"4 minutes"},"schema":{"@context":"https:\/\/schema.org","@graph":[{"@type":"WebPage","@id":"https:\/\/369agara.com\/produit\/vecteur-equilibrium-144-yin-ou-yang\/","url":"https:\/\/369agara.com\/produit\/vecteur-equilibrium-144-yin-ou-yang\/","name":"Vecteur Equilibrium 144 Yin ou Yang | Agara","isPartOf":{"@id":"https:\/\/369agara.com\/#website"},"primaryImageOfPage":{"@id":"https:\/\/369agara.com\/produit\/vecteur-equilibrium-144-yin-ou-yang\/#primaryimage"},"image":{"@id":"https:\/\/369agara.com\/produit\/vecteur-equilibrium-144-yin-ou-yang\/#primaryimage"},"thumbnailUrl":"https:\/\/369agara.com\/wp-content\/uploads\/2024\/07\/Yin-och-Yang.jpg","datePublished":"2024-07-14T15:41:25+00:00","dateModified":"2025-05-15T20:35:49+00:00","description":"Cette forme connecte, stabilise et amplifie l\u2019\u00e9nergie du point z\u00e9ro gr\u00e2ce \u00e0 votre volont\u00e9. Cette g\u00e9om\u00e9trie d\u00e9velopp\u00e9e procure un bon \u00e9quilibre tout en stimulant une circulation harmonieuse de l'\u00e9nergie en nous et dans un espace de vie. Il \u00e9quilibre tous les aspects Yin\/Yang sur nous, en nous et autour de nous. Chaque VE144 contient : Quartz rose, Cuivre, Huile essentielle de sauge blanche de Californie, Huile essentielle de rose de Damas, Poudre d'or 24 carats, Poudre de titane, Poudre de mica.","breadcrumb":{"@id":"https:\/\/369agara.com\/produit\/vecteur-equilibrium-144-yin-ou-yang\/#breadcrumb"},"inLanguage":"en-GB","potentialAction":[{"@type":"ReadAction","target":["https:\/\/369agara.com\/produit\/vecteur-equilibrium-144-yin-ou-yang\/"]}]},{"@type":"ImageObject","inLanguage":"en-GB","@id":"https:\/\/369agara.com\/produit\/vecteur-equilibrium-144-yin-ou-yang\/#primaryimage","url":"https:\/\/369agara.com\/wp-content\/uploads\/2024\/07\/Yin-och-Yang.jpg","contentUrl":"https:\/\/369agara.com\/wp-content\/uploads\/2024\/07\/Yin-och-Yang.jpg","width":958,"height":958},{"@type":"BreadcrumbList","@id":"https:\/\/369agara.com\/produit\/vecteur-equilibrium-144-yin-ou-yang\/#breadcrumb","itemListElement":[{"@type":"ListItem","position":1,"name":"Accueil","item":"https:\/\/369agara.com\/"},{"@type":"ListItem","position":2,"name":"La boutique","item":"https:\/\/369agara.com\/la-boutique\/"},{"@type":"ListItem","position":3,"name":"Vecteur Equilibrium 144 Yin ou Yang"}]},{"@type":"WebSite","@id":"https:\/\/369agara.com\/#website","url":"https:\/\/369agara.com\/","name":"Livsrikedomar","description":"Disconnect to better connect","publisher":{"@id":"https:\/\/369agara.com\/#organization"},"potentialAction":[{"@type":"SearchAction","target":{"@type":"EntryPoint","urlTemplate":"https:\/\/369agara.com\/?s={search_term_string}"},"query-input":{"@type":"PropertyValueSpecification","valueRequired":true,"valueName":"search_term_string"}}],"inLanguage":"en-GB"},{"@type":"Organization","@id":"https:\/\/369agara.com\/#organization","name":"EACreations","url":"https:\/\/369agara.com\/","logo":{"@type":"ImageObject","inLanguage":"en-GB","@id":"https:\/\/369agara.com\/#\/schema\/logo\/image\/","url":"","contentUrl":"","caption":"EACreations"},"image":{"@id":"https:\/\/369agara.com\/#\/schema\/logo\/image\/"}}]}},"jetpack_sharing_enabled":true,"_links":{"self":[{"href":"https:\/\/369agara.com\/en\/wp-json\/wp\/v2\/product\/2967","targetHints":{"allow":["GET"]}}],"collection":[{"href":"https:\/\/369agara.com\/en\/wp-json\/wp\/v2\/product"}],"about":[{"href":"https:\/\/369agara.com\/en\/wp-json\/wp\/v2\/types\/product"}],"replies":[{"embeddable":true,"href":"https:\/\/369agara.com\/en\/wp-json\/wp\/v2\/comments?post=2967"}],"wp:featuredmedia":[{"embeddable":true,"href":"https:\/\/369agara.com\/en\/wp-json\/wp\/v2\/media\/3184"}],"wp:attachment":[{"href":"https:\/\/369agara.com\/en\/wp-json\/wp\/v2\/media?parent=2967"}],"wp:term":[{"taxonomy":"product_brand","embeddable":true,"href":"https:\/\/369agara.com\/en\/wp-json\/wp\/v2\/product_brand?post=2967"},{"taxonomy":"product_cat","embeddable":true,"href":"https:\/\/369agara.com\/en\/wp-json\/wp\/v2\/product_cat?post=2967"},{"taxonomy":"product_tag","embeddable":true,"href":"https:\/\/369agara.com\/en\/wp-json\/wp\/v2\/product_tag?post=2967"}],"curies":[{"name":"wp","href":"https:\/\/api.w.org\/{rel}","templated":true}]}}