{"id":3372,"date":"2024-11-28T21:57:49","date_gmt":"2024-11-28T20:57:49","guid":{"rendered":"https:\/\/369agara.com\/?post_type=product&#038;p=3372"},"modified":"2025-05-14T09:55:05","modified_gmt":"2025-05-14T07:55:05","slug":"pack-structvitality","status":"publish","type":"product","link":"https:\/\/369agara.com\/en\/product\/pack-structvitality\/","title":{"rendered":"StructVitality Pack - Energised Water and Revitalised Daily Nutrition - 9 colours"},"content":{"rendered":"<h3 class=\"\" data-start=\"271\" data-end=\"334\"><span style=\"font-family: 'Book Antiqua', Palatino; font-size: 120%; color: #333399;\">\ud83c\udf3f Rediscover the natural energy of water and food<\/span><\/h3>\n<p class=\"\" data-start=\"336\" data-end=\"591\"><span style=\"font-family: 'Book Antiqua', Palatino; font-size: 120%; color: #333399;\">Le\u00a0<strong data-start=\"339\" data-end=\"362\">StructVitality Pack<\/strong>\u00a0is designed for those who want to improve both their\u00a0<strong data-start=\"433\" data-end=\"448\">hydration<\/strong>\u00a0and the\u00a0<strong data-start=\"455\" data-end=\"488\">vitality of their diet<\/strong>.<\/span><br data-start=\"489\" data-end=\"492\" \/><span style=\"font-family: 'Book Antiqua', Palatino; font-size: 120%; color: #333399;\"><strong data-start=\"492\" data-end=\"504\">Indeed<\/strong>It combines two complementary devices for a natural approach to well-being, to energise your water and your food.<\/span><\/p>\n<ul data-start=\"593\" data-end=\"804\">\n<li class=\"\" data-start=\"593\" data-end=\"712\">\n<p class=\"\" data-start=\"595\" data-end=\"712\"><span style=\"font-family: 'Book Antiqua', Palatino; font-size: 120%; color: #333399;\">On the one hand, the\u00a0<strong data-start=\"610\" data-end=\"634\">StructWater Precious<\/strong>\u00a0 will restructure the water, without electricity or maintenance.<\/span><\/p>\n<\/li>\n<li class=\"\" data-start=\"713\" data-end=\"804\">\n<p class=\"\" data-start=\"715\" data-end=\"804\"><span style=\"font-family: 'Book Antiqua', Palatino; font-size: 120%; color: #333399;\">On the other hand, the\u00a0<strong data-start=\"732\" data-end=\"754\">StructFood tray<\/strong>\u00a0raises the vibratory rate of food.<\/span><\/p>\n<\/li>\n<\/ul>\n<p class=\"\" data-start=\"806\" data-end=\"918\"><span style=\"font-family: 'Book Antiqua', Palatino; font-size: 120%; color: #333399;\"><strong data-start=\"806\" data-end=\"815\">So<\/strong>You'll benefit from a simple, sustainable and holistic solution to boost your energy levels on a daily basis.<\/span><\/p>\n<hr class=\"\" data-start=\"920\" data-end=\"923\" \/>\n<h3 class=\"\" data-start=\"925\" data-end=\"977\"><span style=\"font-family: 'Book Antiqua', Palatino; font-size: 120%; color: #333399;\">\ud83d\udca7 The combined benefits of the StructVitality Pack<\/span><\/h3>\n<p class=\"\" data-start=\"979\" data-end=\"1239\"><span style=\"font-family: 'Book Antiqua', Palatino; font-size: 120%; color: #333399;\"><strong data-start=\"979\" data-end=\"997\">Thanks to this duo<\/strong>As a result, your water becomes lighter and more assimilable, and your food retains its natural properties better.<\/span><br data-start=\"1109\" data-end=\"1112\" \/><span style=\"font-family: 'Book Antiqua', Palatino; font-size: 120%; color: #333399;\"><strong data-start=\"1112\" data-end=\"1123\">In addition<\/strong>This vibratory approach supports healthy cell function and promotes a better energy balance.<\/span><\/p>\n<hr class=\"\" data-start=\"1241\" data-end=\"1244\" \/>\n<h3 class=\"\" data-start=\"1246\" data-end=\"1270\"><span style=\"font-family: 'Book Antiqua', Palatino; font-size: 120%; color: #333399;\">\ud83d\udce6 Pack contents :<\/span><\/h3>\n<ul data-start=\"1272\" data-end=\"1444\">\n<li class=\"\" data-start=\"1272\" data-end=\"1354\">\n<p class=\"\" data-start=\"1274\" data-end=\"1354\"><span style=\"font-family: 'Book Antiqua', Palatino; font-size: 120%; color: #333399;\"><strong data-start=\"1274\" data-end=\"1300\">1 StructWater Precious<\/strong>\u00a0with its OmWater 1.23 L bottle and Zome 13 cap<\/span><\/p>\n<\/li>\n<li class=\"\" data-start=\"1355\" data-end=\"1444\">\n<p class=\"\" data-start=\"1357\" data-end=\"1444\"><span style=\"font-family: 'Book Antiqua', Palatino; font-size: 120%; color: #333399;\"><strong data-start=\"1357\" data-end=\"1381\">1 StructFood tray<\/strong>\u00a0(gold model) to energise food, drinks and cosmetics<\/span><\/p>\n<\/li>\n<\/ul>\n<hr class=\"\" data-start=\"1446\" data-end=\"1449\" \/>\n<h3 class=\"\" data-start=\"1451\" data-end=\"1485\"><span style=\"font-family: 'Book Antiqua', Palatino; font-size: 120%; color: #333399;\">\u2699\ufe0f Technical specifications<\/span><\/h3>\n<h4 class=\"\" data-start=\"1487\" data-end=\"1517\"><span style=\"font-family: 'Book Antiqua', Palatino; font-size: 120%; color: #333399;\">\ud83d\udd39 StructWater Precious:<\/span><\/h4>\n<ul data-start=\"1518\" data-end=\"1686\">\n<li class=\"\" data-start=\"1518\" data-end=\"1569\">\n<p class=\"\" data-start=\"1520\" data-end=\"1569\"><span style=\"font-family: 'Book Antiqua', Palatino; font-size: 120%; color: #333399;\">Works\u00a0<strong data-start=\"1531\" data-end=\"1551\">without electricity<\/strong>no maintenance<\/span><\/p>\n<\/li>\n<li class=\"\" data-start=\"1570\" data-end=\"1631\">\n<p class=\"\" data-start=\"1572\" data-end=\"1631\"><span style=\"font-family: 'Book Antiqua', Palatino; font-size: 120%; color: #333399;\">Inspired by the natural movement of water to energise it<\/span><\/p>\n<\/li>\n<li class=\"\" data-start=\"1632\" data-end=\"1686\">\n<p class=\"\" data-start=\"1634\" data-end=\"1686\"><span style=\"font-family: 'Book Antiqua', Palatino; font-size: 120%; color: #333399;\">Improves water quality in just 15 minutes<\/span><\/p>\n<\/li>\n<\/ul>\n<h4 class=\"\" data-start=\"1688\" data-end=\"1716\"><span style=\"font-family: 'Book Antiqua', Palatino; font-size: 120%; color: #333399;\">\ud83d\udd39 StructFood tray:<\/span><\/h4>\n<ul data-start=\"1717\" data-end=\"1923\">\n<li class=\"\" data-start=\"1717\" data-end=\"1798\">\n<p class=\"\" data-start=\"1719\" data-end=\"1798\"><span style=\"font-family: 'Book Antiqua', Palatino; font-size: 120%; color: #333399;\">Designed for\u00a0<strong data-start=\"1730\" data-end=\"1762\">increase your vibratory rate<\/strong>\u00a0foods, creams, supplements<\/span><\/p>\n<\/li>\n<li class=\"\" data-start=\"1799\" data-end=\"1885\">\n<p class=\"\" data-start=\"1801\" data-end=\"1885\"><span style=\"font-family: 'Book Antiqua', Palatino; font-size: 120%; color: #333399;\"><strong data-start=\"1801\" data-end=\"1819\">As a result<\/strong>It facilitates assimilation and helps improve digestion.<\/span><\/p>\n<\/li>\n<li class=\"\" data-start=\"1886\" data-end=\"1923\">\n<p class=\"\" data-start=\"1888\" data-end=\"1923\"><span style=\"font-family: 'Book Antiqua', Palatino; font-size: 120%; color: #333399;\">Meticulous design and durable materials<\/span><\/p>\n<\/li>\n<\/ul>\n<hr class=\"\" data-start=\"1925\" data-end=\"1928\" \/>\n<h3 class=\"\" data-start=\"1930\" data-end=\"1959\"><span style=\"font-family: 'Book Antiqua', Palatino; font-size: 120%; color: #333399;\">\u2705 StructWater commitments<\/span><\/h3>\n<ul data-start=\"1961\" data-end=\"2151\">\n<li class=\"\" data-start=\"1961\" data-end=\"2000\">\n<p class=\"\" data-start=\"1963\" data-end=\"2000\"><span style=\"font-family: 'Book Antiqua', Palatino; font-size: 120%; color: #333399;\">\ud83d\ude9a Fast delivery (Colissimo 96h)<\/span><\/p>\n<\/li>\n<li class=\"\" data-start=\"2001\" data-end=\"2039\">\n<p class=\"\" data-start=\"2003\" data-end=\"2039\"><span style=\"font-family: 'Book Antiqua', Palatino; font-size: 120%; color: #333399;\">\ud83d\udcb3 Secure payment (CB \/ PayPal)<\/span><\/p>\n<\/li>\n<li class=\"\" data-start=\"2040\" data-end=\"2083\">\n<p class=\"\" data-start=\"2042\" data-end=\"2083\"><span style=\"font-family: 'Book Antiqua', Palatino; font-size: 120%; color: #333399;\">\ud83d\udcb0 Payment in 4x free of charge available<\/span><\/p>\n<\/li>\n<li class=\"\" data-start=\"2084\" data-end=\"2122\">\n<p class=\"\" data-start=\"2086\" data-end=\"2122\"><span style=\"font-family: 'Book Antiqua', Palatino; font-size: 120%; color: #333399;\">\ud83d\udd04 Satisfied or your money back 30 days<\/span><\/p>\n<\/li>\n<li class=\"\" data-start=\"2123\" data-end=\"2151\">\n<p class=\"\" data-start=\"2125\" data-end=\"2151\"><span style=\"font-family: 'Book Antiqua', Palatino; font-size: 120%; color: #333399;\">\ud83d\udee1\ufe0f 5-year product guarantee<\/span><\/p>\n<\/li>\n<\/ul>\n<hr class=\"\" data-start=\"2153\" data-end=\"2156\" \/>\n<h3 class=\"\" data-start=\"2158\" data-end=\"2198\"><span style=\"font-family: 'Book Antiqua', Palatino; font-size: 120%; color: #333399;\">\ud83c\udf1f Why choose StructVitality?<\/span><\/h3>\n<p class=\"\" data-start=\"2200\" data-end=\"2476\"><span style=\"font-family: 'Book Antiqua', Palatino; font-size: 120%; color: #333399;\"><strong data-start=\"2200\" data-end=\"2213\">In a nutshell<\/strong>the\u00a0<strong data-start=\"2218\" data-end=\"2241\">StructVitality Pack<\/strong>\u00a0allows you to do more than just filter water.<\/span><br data-start=\"2306\" data-end=\"2309\" \/><span style=\"font-family: 'Book Antiqua', Palatino; font-size: 120%; color: #333399;\">It acts both\u00a0<strong data-start=\"2327\" data-end=\"2348\">on hydration<\/strong>\u00a0and\u00a0<strong data-start=\"2352\" data-end=\"2374\">on food<\/strong>,\u00a0<strong data-start=\"2376\" data-end=\"2415\">making it a global solution<\/strong>\u00a0to support your vitality and energy balance.<\/span><\/p>\n<p class=\"\" data-start=\"2478\" data-end=\"2601\"><span style=\"font-family: 'Book Antiqua', Palatino; font-size: 120%; color: #333399;\"><strong data-start=\"2478\" data-end=\"2504\">Adopt StructVitality<\/strong>\u00a0for a natural boost to your everyday life, with no constraints and without compromising your health.<\/span><\/p>","protected":false},"excerpt":{"rendered":"<p><span style=\"font-family: 'Book Antiqua', Palatino; font-size: 120%; color: #333399;\"><strong>StructVitality Pack<\/strong>\u00a0combine<strong>\u00a0StructWater Precious and\u00a0<\/strong>the plateau<strong>\u00a0StructFood\u00a0<\/strong>to energise your water and revitalise your food, promoting well-being and energy on a daily basis.<\/span><\/p>\n<p><span style=\"font-family: 'Book Antiqua', Palatino; color: #333399; font-size: 120%;\">Available in 9 colours.<\/span><\/p>\n<p><span style=\"font-family: 'Book Antiqua', Palatino; font-size: 120%; color: #333399;\">Made in France.<\/span><\/p>","protected":false},"featured_media":3673,"comment_status":"open","ping_status":"closed","template":"","meta":[],"product_brand":[],"product_cat":[206],"product_tag":[224,222,221,225,207,208],"class_list":{"0":"post-3372","1":"product","2":"type-product","3":"status-publish","4":"has-post-thumbnail","6":"product_cat-structwater","7":"product_tag-biodynamisation","8":"product_tag-geometrie-sacree","9":"product_tag-harmonisation","10":"product_tag-nourriture","11":"product_tag-om-water","12":"product_tag-struct-water","14":"first","15":"instock","16":"taxable","17":"shipping-taxable","18":"purchasable","19":"product-type-variable"},"yoast_head":"<!-- This site is optimized with the Yoast SEO Premium plugin v25.1 (Yoast SEO v27.4) - https:\/\/yoast.com\/product\/yoast-seo-premium-wordpress\/ -->\n<title>Pack StructVitality \u2013 Eau Dynamis\u00e9e et Alimentation Revitalis\u00e9e au Quotidien - 9 coloris | Agara<\/title>\n<meta name=\"description\" content=\"Le Pack StructVitality\u00a0combine\u00a0StructWater Precious et\u00a0le plateau\u00a0StructFood\u00a0pour dynamiser votre eau et revitaliser vos aliments, favorisant bien-\u00eatre et \u00e9nergie au quotidien. Existe en 9 coloris. Fabrication Fran\u00e7aise.\" \/>\n<meta name=\"robots\" content=\"index, follow, max-snippet:-1, max-image-preview:large, max-video-preview:-1\" \/>\n<link rel=\"canonical\" href=\"https:\/\/369agara.com\/en\/product\/pack-structvitality\/\" \/>\n<meta property=\"og:locale\" content=\"en_GB\" \/>\n<meta property=\"og:type\" content=\"article\" \/>\n<meta property=\"og:title\" content=\"Pack StructVitality \u2013 Eau Dynamis\u00e9e et Alimentation Revitalis\u00e9e au Quotidien - 9 coloris\" \/>\n<meta property=\"og:description\" content=\"Le Pack StructVitality\u00a0combine\u00a0StructWater Precious et\u00a0le plateau\u00a0StructFood\u00a0pour dynamiser votre eau et revitaliser vos aliments, favorisant bien-\u00eatre et \u00e9nergie au quotidien. Existe en 9 coloris. Fabrication Fran\u00e7aise.\" \/>\n<meta property=\"og:url\" content=\"https:\/\/369agara.com\/en\/product\/pack-structvitality\/\" \/>\n<meta property=\"og:site_name\" content=\"Agara\" \/>\n<meta property=\"article:modified_time\" content=\"2025-05-14T07:55:05+00:00\" \/>\n<meta property=\"og:image\" content=\"https:\/\/369agara.com\/wp-content\/uploads\/2024\/11\/PACK-STRUCTVITALITY-BLANC.jpg\" \/>\n\t<meta property=\"og:image:width\" content=\"640\" \/>\n\t<meta property=\"og:image:height\" content=\"640\" \/>\n\t<meta property=\"og:image:type\" content=\"image\/jpeg\" \/>\n<meta name=\"twitter:card\" content=\"summary_large_image\" \/>\n<meta name=\"twitter:label1\" content=\"Estimated reading time\" \/>\n\t<meta name=\"twitter:data1\" content=\"2 minutes\" \/>\n<script type=\"application\/ld+json\" class=\"yoast-schema-graph\">{\"@context\":\"https:\\\/\\\/schema.org\",\"@graph\":[{\"@type\":\"WebPage\",\"@id\":\"https:\\\/\\\/369agara.com\\\/produit\\\/pack-structvitality\\\/\",\"url\":\"https:\\\/\\\/369agara.com\\\/produit\\\/pack-structvitality\\\/\",\"name\":\"Pack StructVitality \u2013 Eau Dynamis\u00e9e et Alimentation Revitalis\u00e9e au Quotidien - 9 coloris | Agara\",\"isPartOf\":{\"@id\":\"https:\\\/\\\/369agara.com\\\/#website\"},\"primaryImageOfPage\":{\"@id\":\"https:\\\/\\\/369agara.com\\\/produit\\\/pack-structvitality\\\/#primaryimage\"},\"image\":{\"@id\":\"https:\\\/\\\/369agara.com\\\/produit\\\/pack-structvitality\\\/#primaryimage\"},\"thumbnailUrl\":\"https:\\\/\\\/369agara.com\\\/wp-content\\\/uploads\\\/2024\\\/11\\\/PACK-STRUCTVITALITY-BLANC.jpg\",\"datePublished\":\"2024-11-28T20:57:49+00:00\",\"dateModified\":\"2025-05-14T07:55:05+00:00\",\"description\":\"Le Pack StructVitality\u00a0combine\u00a0StructWater Precious et\u00a0le plateau\u00a0StructFood\u00a0pour dynamiser votre eau et revitaliser vos aliments, favorisant bien-\u00eatre et \u00e9nergie au quotidien. Existe en 9 coloris. Fabrication Fran\u00e7aise.\",\"breadcrumb\":{\"@id\":\"https:\\\/\\\/369agara.com\\\/produit\\\/pack-structvitality\\\/#breadcrumb\"},\"inLanguage\":\"en-GB\",\"potentialAction\":[{\"@type\":\"ReadAction\",\"target\":[\"https:\\\/\\\/369agara.com\\\/produit\\\/pack-structvitality\\\/\"]}]},{\"@type\":\"ImageObject\",\"inLanguage\":\"en-GB\",\"@id\":\"https:\\\/\\\/369agara.com\\\/produit\\\/pack-structvitality\\\/#primaryimage\",\"url\":\"https:\\\/\\\/369agara.com\\\/wp-content\\\/uploads\\\/2024\\\/11\\\/PACK-STRUCTVITALITY-BLANC.jpg\",\"contentUrl\":\"https:\\\/\\\/369agara.com\\\/wp-content\\\/uploads\\\/2024\\\/11\\\/PACK-STRUCTVITALITY-BLANC.jpg\",\"width\":640,\"height\":640},{\"@type\":\"BreadcrumbList\",\"@id\":\"https:\\\/\\\/369agara.com\\\/produit\\\/pack-structvitality\\\/#breadcrumb\",\"itemListElement\":[{\"@type\":\"ListItem\",\"position\":1,\"name\":\"Accueil\",\"item\":\"https:\\\/\\\/369agara.com\\\/\"},{\"@type\":\"ListItem\",\"position\":2,\"name\":\"La boutique\",\"item\":\"https:\\\/\\\/369agara.com\\\/la-boutique\\\/\"},{\"@type\":\"ListItem\",\"position\":3,\"name\":\"Pack StructVitality \u2013 Eau Dynamis\u00e9e et Alimentation Revitalis\u00e9e au Quotidien &#8211; 9 coloris\"}]},{\"@type\":\"WebSite\",\"@id\":\"https:\\\/\\\/369agara.com\\\/#website\",\"url\":\"https:\\\/\\\/369agara.com\\\/\",\"name\":\"Livsrikedomar\",\"description\":\"D\u00e9connectez pour mieux vous connecter\",\"publisher\":{\"@id\":\"https:\\\/\\\/369agara.com\\\/#organization\"},\"potentialAction\":[{\"@type\":\"SearchAction\",\"target\":{\"@type\":\"EntryPoint\",\"urlTemplate\":\"https:\\\/\\\/369agara.com\\\/?s={search_term_string}\"},\"query-input\":{\"@type\":\"PropertyValueSpecification\",\"valueRequired\":true,\"valueName\":\"search_term_string\"}}],\"inLanguage\":\"en-GB\"},{\"@type\":\"Organization\",\"@id\":\"https:\\\/\\\/369agara.com\\\/#organization\",\"name\":\"EACreations\",\"url\":\"https:\\\/\\\/369agara.com\\\/\",\"logo\":{\"@type\":\"ImageObject\",\"inLanguage\":\"en-GB\",\"@id\":\"https:\\\/\\\/369agara.com\\\/#\\\/schema\\\/logo\\\/image\\\/\",\"url\":\"\",\"contentUrl\":\"\",\"caption\":\"EACreations\"},\"image\":{\"@id\":\"https:\\\/\\\/369agara.com\\\/#\\\/schema\\\/logo\\\/image\\\/\"}}]}<\/script>\n<!-- \/ Yoast SEO Premium plugin. -->","yoast_head_json":{"title":"Pack StructVitality \u2013 Eau Dynamis\u00e9e et Alimentation Revitalis\u00e9e au Quotidien - 9 coloris | Agara","description":"Le Pack StructVitality\u00a0combine\u00a0StructWater Precious et\u00a0le plateau\u00a0StructFood\u00a0pour dynamiser votre eau et revitaliser vos aliments, favorisant bien-\u00eatre et \u00e9nergie au quotidien. Existe en 9 coloris. Fabrication Fran\u00e7aise.","robots":{"index":"index","follow":"follow","max-snippet":"max-snippet:-1","max-image-preview":"max-image-preview:large","max-video-preview":"max-video-preview:-1"},"canonical":"https:\/\/369agara.com\/en\/product\/pack-structvitality\/","og_locale":"en_GB","og_type":"article","og_title":"Pack StructVitality \u2013 Eau Dynamis\u00e9e et Alimentation Revitalis\u00e9e au Quotidien - 9 coloris","og_description":"Le Pack StructVitality\u00a0combine\u00a0StructWater Precious et\u00a0le plateau\u00a0StructFood\u00a0pour dynamiser votre eau et revitaliser vos aliments, favorisant bien-\u00eatre et \u00e9nergie au quotidien. Existe en 9 coloris. Fabrication Fran\u00e7aise.","og_url":"https:\/\/369agara.com\/en\/product\/pack-structvitality\/","og_site_name":"Agara","article_modified_time":"2025-05-14T07:55:05+00:00","og_image":[{"width":640,"height":640,"url":"https:\/\/369agara.com\/wp-content\/uploads\/2024\/11\/PACK-STRUCTVITALITY-BLANC.jpg","type":"image\/jpeg"}],"twitter_card":"summary_large_image","twitter_misc":{"Estimated reading time":"2 minutes"},"schema":{"@context":"https:\/\/schema.org","@graph":[{"@type":"WebPage","@id":"https:\/\/369agara.com\/produit\/pack-structvitality\/","url":"https:\/\/369agara.com\/produit\/pack-structvitality\/","name":"Pack StructVitality \u2013 Eau Dynamis\u00e9e et Alimentation Revitalis\u00e9e au Quotidien - 9 coloris | Agara","isPartOf":{"@id":"https:\/\/369agara.com\/#website"},"primaryImageOfPage":{"@id":"https:\/\/369agara.com\/produit\/pack-structvitality\/#primaryimage"},"image":{"@id":"https:\/\/369agara.com\/produit\/pack-structvitality\/#primaryimage"},"thumbnailUrl":"https:\/\/369agara.com\/wp-content\/uploads\/2024\/11\/PACK-STRUCTVITALITY-BLANC.jpg","datePublished":"2024-11-28T20:57:49+00:00","dateModified":"2025-05-14T07:55:05+00:00","description":"Le Pack StructVitality\u00a0combine\u00a0StructWater Precious et\u00a0le plateau\u00a0StructFood\u00a0pour dynamiser votre eau et revitaliser vos aliments, favorisant bien-\u00eatre et \u00e9nergie au quotidien. Existe en 9 coloris. Fabrication Fran\u00e7aise.","breadcrumb":{"@id":"https:\/\/369agara.com\/produit\/pack-structvitality\/#breadcrumb"},"inLanguage":"en-GB","potentialAction":[{"@type":"ReadAction","target":["https:\/\/369agara.com\/produit\/pack-structvitality\/"]}]},{"@type":"ImageObject","inLanguage":"en-GB","@id":"https:\/\/369agara.com\/produit\/pack-structvitality\/#primaryimage","url":"https:\/\/369agara.com\/wp-content\/uploads\/2024\/11\/PACK-STRUCTVITALITY-BLANC.jpg","contentUrl":"https:\/\/369agara.com\/wp-content\/uploads\/2024\/11\/PACK-STRUCTVITALITY-BLANC.jpg","width":640,"height":640},{"@type":"BreadcrumbList","@id":"https:\/\/369agara.com\/produit\/pack-structvitality\/#breadcrumb","itemListElement":[{"@type":"ListItem","position":1,"name":"Accueil","item":"https:\/\/369agara.com\/"},{"@type":"ListItem","position":2,"name":"La boutique","item":"https:\/\/369agara.com\/la-boutique\/"},{"@type":"ListItem","position":3,"name":"Pack StructVitality \u2013 Eau Dynamis\u00e9e et Alimentation Revitalis\u00e9e au Quotidien &#8211; 9 coloris"}]},{"@type":"WebSite","@id":"https:\/\/369agara.com\/#website","url":"https:\/\/369agara.com\/","name":"Livsrikedomar","description":"Disconnect to better connect","publisher":{"@id":"https:\/\/369agara.com\/#organization"},"potentialAction":[{"@type":"SearchAction","target":{"@type":"EntryPoint","urlTemplate":"https:\/\/369agara.com\/?s={search_term_string}"},"query-input":{"@type":"PropertyValueSpecification","valueRequired":true,"valueName":"search_term_string"}}],"inLanguage":"en-GB"},{"@type":"Organization","@id":"https:\/\/369agara.com\/#organization","name":"EACreations","url":"https:\/\/369agara.com\/","logo":{"@type":"ImageObject","inLanguage":"en-GB","@id":"https:\/\/369agara.com\/#\/schema\/logo\/image\/","url":"","contentUrl":"","caption":"EACreations"},"image":{"@id":"https:\/\/369agara.com\/#\/schema\/logo\/image\/"}}]}},"jetpack_sharing_enabled":true,"_links":{"self":[{"href":"https:\/\/369agara.com\/en\/wp-json\/wp\/v2\/product\/3372","targetHints":{"allow":["GET"]}}],"collection":[{"href":"https:\/\/369agara.com\/en\/wp-json\/wp\/v2\/product"}],"about":[{"href":"https:\/\/369agara.com\/en\/wp-json\/wp\/v2\/types\/product"}],"replies":[{"embeddable":true,"href":"https:\/\/369agara.com\/en\/wp-json\/wp\/v2\/comments?post=3372"}],"wp:featuredmedia":[{"embeddable":true,"href":"https:\/\/369agara.com\/en\/wp-json\/wp\/v2\/media\/3673"}],"wp:attachment":[{"href":"https:\/\/369agara.com\/en\/wp-json\/wp\/v2\/media?parent=3372"}],"wp:term":[{"taxonomy":"product_brand","embeddable":true,"href":"https:\/\/369agara.com\/en\/wp-json\/wp\/v2\/product_brand?post=3372"},{"taxonomy":"product_cat","embeddable":true,"href":"https:\/\/369agara.com\/en\/wp-json\/wp\/v2\/product_cat?post=3372"},{"taxonomy":"product_tag","embeddable":true,"href":"https:\/\/369agara.com\/en\/wp-json\/wp\/v2\/product_tag?post=3372"}],"curies":[{"name":"wp","href":"https:\/\/api.w.org\/{rel}","templated":true}]}}