{"id":3750,"date":"2025-05-10T21:47:38","date_gmt":"2025-05-10T19:47:38","guid":{"rendered":"https:\/\/369agara.com\/?post_type=product&#038;p=3750"},"modified":"2025-05-13T11:34:20","modified_gmt":"2025-05-13T09:34:20","slug":"taie-oreiller-earthing-rectangulaire","status":"publish","type":"product","link":"https:\/\/369agara.com\/en\/product\/taie-oreiller-earthing-rectangulaire\/","title":{"rendered":"Earthing rectangular pillowcase"},"content":{"rendered":"<p><span style=\"font-family: 'Book Antiqua', Palatino; font-size: 120%; color: #333399;\">The Earthing pillowcase allows you to sleep protected from radiation linked to your home's electrical installation, while providing your body with all the benefits of Earthing (connecting your body to the earth, like walking barefoot in the grass).<\/span><\/p>\n<p><span style=\"font-family: 'Book Antiqua', Palatino; font-size: 120%; color: #333399;\">We recommend sleeping directly on the Earthing pillowcase (direct contact with the skin for optimum use), so that the head and upper body are connected to the earth during sleep.<\/span><\/p>\n<p><span style=\"font-family: 'Book Antiqua', Palatino; font-size: 120%; color: #333399;\">This pillowcase is 100 % cotton, interlaced with soft, durable conductive silver fibres woven throughout. It contains between 500 and 1000 metres of silver thread, depending on its size.<\/span><\/p>\n<p><span style=\"font-family: 'Book Antiqua', Palatino; font-size: 120%; color: #333399;\">It is supplied with a 6 m earthing cord.<\/span><br \/>\n<span style=\"font-family: 'Book Antiqua', Palatino; font-size: 120%; color: #333399;\"><span style=\"color: #ed1c24;\"><strong>Caution!<\/strong>\u00a0<strong>No earth connection plug included<\/strong><\/span>(Earthing plugs have 2 inputs, which is enough to connect a sheet and a pillowcase. To connect a sheet and pillowcases, you'll need to buy an additional double Earthing connector).<\/span><br \/>\n<span style=\"font-family: 'Book Antiqua', Palatino; font-size: 120%; color: #333399;\">If you buy the pillowcase on its own, you'll also need to buy an earthing plug.<\/span><\/p>\n<p><span style=\"font-family: 'Book Antiqua', Palatino; font-size: 120%; color: #333399;\">On the edge of the pillowcase is a connector to which the connection cord is attached. If, however, you do not have a satisfactory earth connection at home and you live in a detached house or at the bottom of a block of flats, you can use the \"metal earth rod\".<\/span><\/p>\n<h3><span style=\"font-family: 'Book Antiqua', Palatino; font-size: 120%; color: #333399;\">What is Earthing?<\/span><\/h3>\n<p><span style=\"font-family: 'Book Antiqua', Palatino; font-size: 120%; color: #333399;\">According to Clinton Ober, Stephen Sinatra and Martin Zucker's book \"Connecting to the Earth, Perhaps the most important health discovery\", which serves as a reference work on the subject, connecting the body to the earth (or earthing) restores the body's natural electrical balance and discharges it of electrostatic charges, just like when you walk barefoot in the grass.<\/span><\/p>\n<p><span style=\"font-family: 'Book Antiqua', Palatino; font-size: 120%; color: #333399;\">The various Earthing products reproduce this natural phenomenon.<\/span><\/p>\n<p><span style=\"font-family: 'Book Antiqua', Palatino; font-size: 120%; color: #333399;\">It has a number of benefits, including :<\/span><\/p>\n<ul>\n<li><span style=\"font-family: 'Book Antiqua', Palatino; font-size: 120%; color: #333399;\">an improved immune system<\/span><\/li>\n<li><span style=\"font-family: 'Book Antiqua', Palatino; font-size: 120%; color: #333399;\">improved digestion<\/span><\/li>\n<li><span style=\"font-family: 'Book Antiqua', Palatino; font-size: 120%; color: #333399;\">an improvement in sleep quality and a balancing of our biological clock<\/span><\/li>\n<li><span style=\"font-family: 'Book Antiqua', Palatino; font-size: 120%; color: #333399;\">increased energy and reduced stress<\/span><\/li>\n<li><span style=\"font-family: 'Book Antiqua', Palatino; font-size: 120%; color: #333399;\">improved blood circulation<\/span><\/li>\n<li><span style=\"font-family: 'Book Antiqua', Palatino; font-size: 120%; color: #333399;\">faster recovery from intense physical activity and faster healing of injuries<\/span><\/li>\n<li><span style=\"font-family: 'Book Antiqua', Palatino; font-size: 120%; color: #333399;\">relief from muscular tension, headaches, hormonal and menstrual symptoms<\/span><\/li>\n<li><span style=\"font-family: 'Book Antiqua', Palatino; font-size: 120%; color: #333399;\">a reduction in inflammation<\/span><\/li>\n<li><span style=\"font-family: 'Book Antiqua', Palatino; font-size: 120%; color: #333399;\">reduced stress, anxiety, irritability and even symptoms of electrosensitivity<\/span><\/li>\n<\/ul>\n<p><span style=\"font-family: 'Book Antiqua', Palatino; font-size: 120%; color: #ed1c24;\">This information in no way replaces the advice of your doctor and is not intended to treat or cure any medical condition. For any health problem, please consult your doctor.<\/span><\/p>\n<h3><span style=\"font-family: 'Book Antiqua', Palatino; font-size: 120%; color: #333399;\">Technical specifications<\/span><\/h3>\n<p><span style=\"font-family: 'Book Antiqua', Palatino; font-size: 120%; color: #333399;\">Composition: 93 % cotton, 7% silver<\/span><\/p>\n<p><span style=\"font-family: 'Book Antiqua', Palatino; font-size: 120%; color: #333399;\">6 m twisted earth cable included; no plug connection<\/span><\/p>\n<h3><span style=\"font-family: 'Book Antiqua', Palatino; font-size: 120%; color: #333399;\">Care and washing advice<\/span><\/h3>\n<p><span style=\"font-family: 'Book Antiqua', Palatino; font-size: 120%; color: #333399;\">It's important to wash your Earthing product frequently. It will not be damaged by washing, on the contrary it will benefit from it.<\/span><\/p>\n<p><span style=\"font-family: 'Book Antiqua', Palatino; font-size: 120%; color: #333399;\">Washing removes sweat and oils naturally present on the skin, which maintains the conductivity of the silver.<\/span><\/p>\n<p><span style=\"font-family: 'Book Antiqua', Palatino; font-size: 120%; color: #333399;\"><strong>To do :\u00a0<\/strong><\/span><\/p>\n<ul>\n<li><span style=\"font-family: 'Book Antiqua', Palatino; font-size: 120%; color: #333399;\">Wash every week or two Machine wash in hot water (40\u00b0C).<\/span><\/li>\n<li><span style=\"font-family: 'Book Antiqua', Palatino; font-size: 120%; color: #333399;\">Use a liquid laundry detergent.<\/span><\/li>\n<li><span style=\"font-family: 'Book Antiqua', Palatino; font-size: 120%; color: #333399;\">Dry flat or in a tumble dryer at a low temperature (no higher than 65\u00b0C).<\/span><\/li>\n<li><span style=\"font-family: 'Book Antiqua', Palatino; font-size: 120%; color: #333399;\">Can be ironed at low temperature if desired.<\/span><\/li>\n<\/ul>\n<p><span style=\"font-family: 'Book Antiqua', Palatino; font-size: 120%; color: #333399;\"><strong>What not to do :\u00a0<\/strong><\/span><\/p>\n<ul>\n<li><span style=\"font-family: 'Book Antiqua', Palatino; font-size: 120%; color: #333399;\">Do not wash with bleach Do not wash with fabric softeners\u00a0<\/span><\/li>\n<li><span style=\"font-family: 'Book Antiqua', Palatino; font-size: 120%; color: #333399;\">Do not use bleaching detergents or oxiclean laundry detergents or detergents containing oils such as lavender or coconut oil.\u00a0<\/span><\/li>\n<li><span style=\"font-family: 'Book Antiqua', Palatino; font-size: 120%; color: #333399;\">Do not use fabric softener wipes for tumble dryers\u00a0<\/span><\/li>\n<li><span style=\"font-family: 'Book Antiqua', Palatino; font-size: 120%; color: #333399;\">No dry cleaning<\/span><\/li>\n<li><span style=\"font-family: 'Book Antiqua', Palatino; font-size: 120%; color: #333399;\">Bleach, lotions and oils can tarnish silver and make it non-conductive.\u00a0<\/span><\/li>\n<li><span style=\"font-family: 'Book Antiqua', Palatino; font-size: 120%; color: #333399;\">Softeners build up on silver and damage its conductivity.<\/span><\/li>\n<\/ul>\n<h3><span style=\"font-family: 'Book Antiqua', Palatino; font-size: 120%; color: #333399;\">Agara Council<\/span><\/h3>\n<p><span style=\"font-family: 'Book Antiqua', Palatino; font-size: 120%; color: #333399;\">For Earthing to be effective, it is essential to test the quality of your earthing system, either with a suitable device (Earthing tester, Tohm-E or Catohm DT-300 earthing meter) or by calling in a professional with the appropriate equipment.\u00a0<\/span><\/p>\n<p><span style=\"font-family: 'Book Antiqua', Palatino; font-size: 120%; color: #ed1c24;\">If the electrical installations are too old or badly installed, the earth connection may be inadequate or non-existent.<\/span><\/p>\n<p><span style=\"font-family: 'Book Antiqua', Palatino; font-size: 120%; color: #ed1c24;\">It's also very important to keep electric fields in the room to a minimum (clock radios, bedside lamps, unshielded power sockets and extension leads), to prevent them from interfering with the earthing system. Don't hesitate to measure them or have them measured!<\/span><\/p>","protected":false},"excerpt":{"rendered":"<p><span style=\"font-family: 'Book Antiqua', Palatino; font-size: 120%; color: #333399;\">The Earthing pillowcase allows your body to enjoy the many benefits of Earthing while you sleep.\u00a0<\/span><\/p>\n<p><span style=\"font-family: 'Book Antiqua', Palatino; font-size: 120%; color: #333399;\">Rectangular shape, dimensions 40 x 70 cm.\u00a0<\/span><\/p>\n<p><span style=\"font-family: 'Book Antiqua', Palatino; font-size: 120%; color: #333399;\">Supplied with a 6 m twisted earth cable (<strong>earth connection plug not included<\/strong>).<\/span><\/p>","protected":false},"featured_media":3751,"comment_status":"open","ping_status":"closed","template":"","meta":[],"product_brand":[267],"product_cat":[164],"product_tag":[248,247,249,245],"class_list":{"0":"post-3750","1":"product","2":"type-product","3":"status-publish","4":"has-post-thumbnail","6":"product_brand-earthing","7":"product_cat-baubiologie","8":"product_tag-baubiologie","9":"product_tag-chambre","10":"product_tag-electromagnetisme","11":"product_tag-maison","13":"first","14":"instock","15":"taxable","16":"shipping-taxable","17":"purchasable","18":"product-type-simple"},"yoast_head":"<!-- This site is optimized with the Yoast SEO Premium plugin v25.1 (Yoast SEO v27.4) - https:\/\/yoast.com\/product\/yoast-seo-premium-wordpress\/ -->\n<title>Taie d&#039;oreiller de mise \u00e0 la terre rectangulaire Earthing | Agara<\/title>\n<meta name=\"description\" content=\"La taie d&#039;oreiller de mise \u00e0 la terre Earthing permet \u00e0 votre corps de profiter des nombreux bienfaits du Earthing pendant votre sommeil.\u00a0Forme rectangulaire, dimensions 40 x 70 cm.\u00a0Livr\u00e9e avec un c\u00e2ble torsad\u00e9 de mise \u00e0 la terre de 6 m (fiche de connexion \u00e0 la terre non incluse).\" \/>\n<meta name=\"robots\" content=\"index, follow, max-snippet:-1, max-image-preview:large, max-video-preview:-1\" \/>\n<link rel=\"canonical\" href=\"https:\/\/369agara.com\/en\/product\/taie-oreiller-earthing-rectangulaire\/\" \/>\n<meta property=\"og:locale\" content=\"en_GB\" \/>\n<meta property=\"og:type\" content=\"article\" \/>\n<meta property=\"og:title\" content=\"Taie d&#039;oreiller de mise \u00e0 la terre rectangulaire Earthing\" \/>\n<meta property=\"og:description\" content=\"La taie d&#039;oreiller de mise \u00e0 la terre Earthing permet \u00e0 votre corps de profiter des nombreux bienfaits du Earthing pendant votre sommeil.\u00a0Forme rectangulaire, dimensions 40 x 70 cm.\u00a0Livr\u00e9e avec un c\u00e2ble torsad\u00e9 de mise \u00e0 la terre de 6 m (fiche de connexion \u00e0 la terre non incluse).\" \/>\n<meta property=\"og:url\" content=\"https:\/\/369agara.com\/en\/product\/taie-oreiller-earthing-rectangulaire\/\" \/>\n<meta property=\"og:site_name\" content=\"Agara\" \/>\n<meta property=\"article:modified_time\" content=\"2025-05-13T09:34:20+00:00\" \/>\n<meta property=\"og:image\" content=\"https:\/\/369agara.com\/wp-content\/uploads\/2025\/05\/taie-d-oreiller-de-mise-a-la-terre-earthing-rectangulaire.jpg\" \/>\n\t<meta property=\"og:image:width\" content=\"800\" \/>\n\t<meta property=\"og:image:height\" content=\"800\" \/>\n\t<meta property=\"og:image:type\" content=\"image\/jpeg\" \/>\n<meta name=\"twitter:card\" content=\"summary_large_image\" \/>\n<meta name=\"twitter:label1\" content=\"Estimated reading time\" \/>\n\t<meta name=\"twitter:data1\" content=\"5 minutes\" \/>\n<script type=\"application\/ld+json\" class=\"yoast-schema-graph\">{\"@context\":\"https:\\\/\\\/schema.org\",\"@graph\":[{\"@type\":\"WebPage\",\"@id\":\"https:\\\/\\\/369agara.com\\\/produit\\\/taie-oreiller-earthing-rectangulaire\\\/\",\"url\":\"https:\\\/\\\/369agara.com\\\/produit\\\/taie-oreiller-earthing-rectangulaire\\\/\",\"name\":\"Taie d'oreiller de mise \u00e0 la terre rectangulaire Earthing | Agara\",\"isPartOf\":{\"@id\":\"https:\\\/\\\/369agara.com\\\/#website\"},\"primaryImageOfPage\":{\"@id\":\"https:\\\/\\\/369agara.com\\\/produit\\\/taie-oreiller-earthing-rectangulaire\\\/#primaryimage\"},\"image\":{\"@id\":\"https:\\\/\\\/369agara.com\\\/produit\\\/taie-oreiller-earthing-rectangulaire\\\/#primaryimage\"},\"thumbnailUrl\":\"https:\\\/\\\/369agara.com\\\/wp-content\\\/uploads\\\/2025\\\/05\\\/taie-d-oreiller-de-mise-a-la-terre-earthing-rectangulaire.jpg\",\"datePublished\":\"2025-05-10T19:47:38+00:00\",\"dateModified\":\"2025-05-13T09:34:20+00:00\",\"description\":\"La taie d'oreiller de mise \u00e0 la terre Earthing permet \u00e0 votre corps de profiter des nombreux bienfaits du Earthing pendant votre sommeil.\u00a0Forme rectangulaire, dimensions 40 x 70 cm.\u00a0Livr\u00e9e avec un c\u00e2ble torsad\u00e9 de mise \u00e0 la terre de 6 m (fiche de connexion \u00e0 la terre non incluse).\",\"breadcrumb\":{\"@id\":\"https:\\\/\\\/369agara.com\\\/produit\\\/taie-oreiller-earthing-rectangulaire\\\/#breadcrumb\"},\"inLanguage\":\"en-GB\",\"potentialAction\":[{\"@type\":\"ReadAction\",\"target\":[\"https:\\\/\\\/369agara.com\\\/produit\\\/taie-oreiller-earthing-rectangulaire\\\/\"]}]},{\"@type\":\"ImageObject\",\"inLanguage\":\"en-GB\",\"@id\":\"https:\\\/\\\/369agara.com\\\/produit\\\/taie-oreiller-earthing-rectangulaire\\\/#primaryimage\",\"url\":\"https:\\\/\\\/369agara.com\\\/wp-content\\\/uploads\\\/2025\\\/05\\\/taie-d-oreiller-de-mise-a-la-terre-earthing-rectangulaire.jpg\",\"contentUrl\":\"https:\\\/\\\/369agara.com\\\/wp-content\\\/uploads\\\/2025\\\/05\\\/taie-d-oreiller-de-mise-a-la-terre-earthing-rectangulaire.jpg\",\"width\":800,\"height\":800},{\"@type\":\"BreadcrumbList\",\"@id\":\"https:\\\/\\\/369agara.com\\\/produit\\\/taie-oreiller-earthing-rectangulaire\\\/#breadcrumb\",\"itemListElement\":[{\"@type\":\"ListItem\",\"position\":1,\"name\":\"Accueil\",\"item\":\"https:\\\/\\\/369agara.com\\\/\"},{\"@type\":\"ListItem\",\"position\":2,\"name\":\"La boutique\",\"item\":\"https:\\\/\\\/369agara.com\\\/la-boutique\\\/\"},{\"@type\":\"ListItem\",\"position\":3,\"name\":\"Taie d&rsquo;oreiller de mise \u00e0 la terre rectangulaire Earthing\"}]},{\"@type\":\"WebSite\",\"@id\":\"https:\\\/\\\/369agara.com\\\/#website\",\"url\":\"https:\\\/\\\/369agara.com\\\/\",\"name\":\"Livsrikedomar\",\"description\":\"D\u00e9connectez pour mieux vous connecter\",\"publisher\":{\"@id\":\"https:\\\/\\\/369agara.com\\\/#organization\"},\"potentialAction\":[{\"@type\":\"SearchAction\",\"target\":{\"@type\":\"EntryPoint\",\"urlTemplate\":\"https:\\\/\\\/369agara.com\\\/?s={search_term_string}\"},\"query-input\":{\"@type\":\"PropertyValueSpecification\",\"valueRequired\":true,\"valueName\":\"search_term_string\"}}],\"inLanguage\":\"en-GB\"},{\"@type\":\"Organization\",\"@id\":\"https:\\\/\\\/369agara.com\\\/#organization\",\"name\":\"EACreations\",\"url\":\"https:\\\/\\\/369agara.com\\\/\",\"logo\":{\"@type\":\"ImageObject\",\"inLanguage\":\"en-GB\",\"@id\":\"https:\\\/\\\/369agara.com\\\/#\\\/schema\\\/logo\\\/image\\\/\",\"url\":\"\",\"contentUrl\":\"\",\"caption\":\"EACreations\"},\"image\":{\"@id\":\"https:\\\/\\\/369agara.com\\\/#\\\/schema\\\/logo\\\/image\\\/\"}}]}<\/script>\n<!-- \/ Yoast SEO Premium plugin. -->","yoast_head_json":{"title":"Taie d'oreiller de mise \u00e0 la terre rectangulaire Earthing | Agara","description":"La taie d'oreiller de mise \u00e0 la terre Earthing permet \u00e0 votre corps de profiter des nombreux bienfaits du Earthing pendant votre sommeil.\u00a0Forme rectangulaire, dimensions 40 x 70 cm.\u00a0Livr\u00e9e avec un c\u00e2ble torsad\u00e9 de mise \u00e0 la terre de 6 m (fiche de connexion \u00e0 la terre non incluse).","robots":{"index":"index","follow":"follow","max-snippet":"max-snippet:-1","max-image-preview":"max-image-preview:large","max-video-preview":"max-video-preview:-1"},"canonical":"https:\/\/369agara.com\/en\/product\/taie-oreiller-earthing-rectangulaire\/","og_locale":"en_GB","og_type":"article","og_title":"Taie d'oreiller de mise \u00e0 la terre rectangulaire Earthing","og_description":"La taie d'oreiller de mise \u00e0 la terre Earthing permet \u00e0 votre corps de profiter des nombreux bienfaits du Earthing pendant votre sommeil.\u00a0Forme rectangulaire, dimensions 40 x 70 cm.\u00a0Livr\u00e9e avec un c\u00e2ble torsad\u00e9 de mise \u00e0 la terre de 6 m (fiche de connexion \u00e0 la terre non incluse).","og_url":"https:\/\/369agara.com\/en\/product\/taie-oreiller-earthing-rectangulaire\/","og_site_name":"Agara","article_modified_time":"2025-05-13T09:34:20+00:00","og_image":[{"width":800,"height":800,"url":"https:\/\/369agara.com\/wp-content\/uploads\/2025\/05\/taie-d-oreiller-de-mise-a-la-terre-earthing-rectangulaire.jpg","type":"image\/jpeg"}],"twitter_card":"summary_large_image","twitter_misc":{"Estimated reading time":"5 minutes"},"schema":{"@context":"https:\/\/schema.org","@graph":[{"@type":"WebPage","@id":"https:\/\/369agara.com\/produit\/taie-oreiller-earthing-rectangulaire\/","url":"https:\/\/369agara.com\/produit\/taie-oreiller-earthing-rectangulaire\/","name":"Taie d'oreiller de mise \u00e0 la terre rectangulaire Earthing | Agara","isPartOf":{"@id":"https:\/\/369agara.com\/#website"},"primaryImageOfPage":{"@id":"https:\/\/369agara.com\/produit\/taie-oreiller-earthing-rectangulaire\/#primaryimage"},"image":{"@id":"https:\/\/369agara.com\/produit\/taie-oreiller-earthing-rectangulaire\/#primaryimage"},"thumbnailUrl":"https:\/\/369agara.com\/wp-content\/uploads\/2025\/05\/taie-d-oreiller-de-mise-a-la-terre-earthing-rectangulaire.jpg","datePublished":"2025-05-10T19:47:38+00:00","dateModified":"2025-05-13T09:34:20+00:00","description":"La taie d'oreiller de mise \u00e0 la terre Earthing permet \u00e0 votre corps de profiter des nombreux bienfaits du Earthing pendant votre sommeil.\u00a0Forme rectangulaire, dimensions 40 x 70 cm.\u00a0Livr\u00e9e avec un c\u00e2ble torsad\u00e9 de mise \u00e0 la terre de 6 m (fiche de connexion \u00e0 la terre non incluse).","breadcrumb":{"@id":"https:\/\/369agara.com\/produit\/taie-oreiller-earthing-rectangulaire\/#breadcrumb"},"inLanguage":"en-GB","potentialAction":[{"@type":"ReadAction","target":["https:\/\/369agara.com\/produit\/taie-oreiller-earthing-rectangulaire\/"]}]},{"@type":"ImageObject","inLanguage":"en-GB","@id":"https:\/\/369agara.com\/produit\/taie-oreiller-earthing-rectangulaire\/#primaryimage","url":"https:\/\/369agara.com\/wp-content\/uploads\/2025\/05\/taie-d-oreiller-de-mise-a-la-terre-earthing-rectangulaire.jpg","contentUrl":"https:\/\/369agara.com\/wp-content\/uploads\/2025\/05\/taie-d-oreiller-de-mise-a-la-terre-earthing-rectangulaire.jpg","width":800,"height":800},{"@type":"BreadcrumbList","@id":"https:\/\/369agara.com\/produit\/taie-oreiller-earthing-rectangulaire\/#breadcrumb","itemListElement":[{"@type":"ListItem","position":1,"name":"Accueil","item":"https:\/\/369agara.com\/"},{"@type":"ListItem","position":2,"name":"La boutique","item":"https:\/\/369agara.com\/la-boutique\/"},{"@type":"ListItem","position":3,"name":"Taie d&rsquo;oreiller de mise \u00e0 la terre rectangulaire Earthing"}]},{"@type":"WebSite","@id":"https:\/\/369agara.com\/#website","url":"https:\/\/369agara.com\/","name":"Livsrikedomar","description":"Disconnect to better connect","publisher":{"@id":"https:\/\/369agara.com\/#organization"},"potentialAction":[{"@type":"SearchAction","target":{"@type":"EntryPoint","urlTemplate":"https:\/\/369agara.com\/?s={search_term_string}"},"query-input":{"@type":"PropertyValueSpecification","valueRequired":true,"valueName":"search_term_string"}}],"inLanguage":"en-GB"},{"@type":"Organization","@id":"https:\/\/369agara.com\/#organization","name":"EACreations","url":"https:\/\/369agara.com\/","logo":{"@type":"ImageObject","inLanguage":"en-GB","@id":"https:\/\/369agara.com\/#\/schema\/logo\/image\/","url":"","contentUrl":"","caption":"EACreations"},"image":{"@id":"https:\/\/369agara.com\/#\/schema\/logo\/image\/"}}]}},"jetpack_sharing_enabled":true,"_links":{"self":[{"href":"https:\/\/369agara.com\/en\/wp-json\/wp\/v2\/product\/3750","targetHints":{"allow":["GET"]}}],"collection":[{"href":"https:\/\/369agara.com\/en\/wp-json\/wp\/v2\/product"}],"about":[{"href":"https:\/\/369agara.com\/en\/wp-json\/wp\/v2\/types\/product"}],"replies":[{"embeddable":true,"href":"https:\/\/369agara.com\/en\/wp-json\/wp\/v2\/comments?post=3750"}],"wp:featuredmedia":[{"embeddable":true,"href":"https:\/\/369agara.com\/en\/wp-json\/wp\/v2\/media\/3751"}],"wp:attachment":[{"href":"https:\/\/369agara.com\/en\/wp-json\/wp\/v2\/media?parent=3750"}],"wp:term":[{"taxonomy":"product_brand","embeddable":true,"href":"https:\/\/369agara.com\/en\/wp-json\/wp\/v2\/product_brand?post=3750"},{"taxonomy":"product_cat","embeddable":true,"href":"https:\/\/369agara.com\/en\/wp-json\/wp\/v2\/product_cat?post=3750"},{"taxonomy":"product_tag","embeddable":true,"href":"https:\/\/369agara.com\/en\/wp-json\/wp\/v2\/product_tag?post=3750"}],"curies":[{"name":"wp","href":"https:\/\/api.w.org\/{rel}","templated":true}]}}