{"id":3806,"date":"2025-05-12T19:37:10","date_gmt":"2025-05-12T17:37:10","guid":{"rendered":"https:\/\/369agara.com\/?post_type=product&#038;p=3806"},"modified":"2025-05-12T19:55:42","modified_gmt":"2025-05-12T17:55:42","slug":"cable-ethernet-rj45-cat5e-3m-ou-5m","status":"publish","type":"product","link":"https:\/\/369agara.com\/en\/product\/cable-ethernet-rj45-cat5e-3m-ou-5m\/","title":{"rendered":"Ethernet RJ45 CAT5E cable - 3 m | 5 m"},"content":{"rendered":"<p><span style=\"font-family: 'Book Antiqua', Palatino; font-size: 120%; color: #333399;\">Enjoy the Internet without the hassle of WiFi, while still benefiting from a high-performance wired connection!<\/span><\/p>\n<p><span style=\"font-family: 'Book Antiqua', Palatino; font-size: 120%; color: #333399;\">Did you know that Wi-Fi constantly emits electromagnetic waves into your home?<\/span><br \/>\n<span style=\"font-family: 'Book Antiqua', Palatino; font-size: 120%; color: #333399;\">With this RJ45 CAT 5E Ethernet cable, you can enjoy a fast, stable connection while reducing your exposure to radio waves. Ideal for a healthier environment, whether at home or in the office.<\/span><\/p>\n<p><span style=\"font-family: 'Book Antiqua', Palatino; font-size: 120%; color: #333399;\">The benefits of a wired connection :<\/span><\/p>\n<ul>\n<li><span style=\"font-family: 'Book Antiqua', Palatino; font-size: 120%; color: #333399;\">Reduced exposure to radio waves - ideal for a more peaceful living space.<\/span><\/li>\n<li><span style=\"font-family: 'Book Antiqua', Palatino; font-size: 120%; color: #333399;\">Fast, stable connection (up to 1 Gbps): smooth browsing, efficient teleworking, uninterrupted streaming<\/span><\/li>\n<li><span style=\"font-family: 'Book Antiqua', Palatino; font-size: 120%; color: #333399;\">Stable, durable installation: resistant materials and universal RJ45 connectors<\/span><\/li>\n<li><span style=\"font-family: 'Book Antiqua', Palatino; font-size: 120%; color: #333399;\">Compatible with all your devices: computers, boxes, consoles, TV, etc.<\/span><\/li>\n<\/ul>\n<p><span style=\"font-family: 'Book Antiqua', Palatino; font-size: 120%; color: #333399;\"><strong>Ideal for those who want to limit their exposure to Wi-Fi waves while enjoying a reliable data rate<\/strong>\u00a0for teleworking, gaming or HD streaming.<\/span><\/p>\n<h3><span style=\"font-family: 'Book Antiqua', Palatino; font-size: 120%; color: #333399;\">2 lengths<\/span><\/h3>\n<ul>\n<li><span style=\"font-family: 'Book Antiqua', Palatino; font-size: 120%; color: #333399;\">3 metres<\/span><\/li>\n<li><span style=\"font-family: 'Book Antiqua', Palatino; font-size: 120%; color: #333399;\">5 metres<\/span><\/li>\n<\/ul>\n<h3><span style=\"font-family: 'Book Antiqua', Palatino; font-size: 120%; color: #333399;\">Technical specifications<\/span><\/h3>\n<ul>\n<li><span style=\"font-family: 'Book Antiqua', Palatino; font-size: 120%; color: #333399;\">Application: router connection<\/span><\/li>\n<li><span style=\"font-family: 'Book Antiqua', Palatino; font-size: 120%; color: #333399;\">Interface type: RJ45 connector<\/span><\/li>\n<li><span style=\"font-family: 'Book Antiqua', Palatino; font-size: 120%; color: #333399;\">Diameter: 5.3 mm<\/span><\/li>\n<li><span style=\"font-family: 'Book Antiqua', Palatino; font-size: 120%; color: #333399;\">Cable length: 3 metres \/ 5 metres<\/span><\/li>\n<li><span style=\"font-family: 'Book Antiqua', Palatino; font-size: 120%; color: #333399;\">Composition: superconducting alloy<\/span><\/li>\n<li><span style=\"font-family: 'Book Antiqua', Palatino; font-size: 120%; color: #333399;\">Data transmission speed: up to 1 Gbps<\/span><\/li>\n<li><span style=\"font-family: 'Book Antiqua', Palatino; font-size: 120%; color: #333399;\">Operating temperature: -45 to 75\u00b0C<\/span><\/li>\n<li><span style=\"font-family: 'Book Antiqua', Palatino; font-size: 120%; color: #333399;\">Tensile strength: 1000N<\/span><\/li>\n<li><span style=\"font-family: 'Book Antiqua', Palatino; font-size: 120%; color: #333399;\">Compressive strength: 250P<\/span><\/li>\n<\/ul>\n<h3><span style=\"font-family: 'Book Antiqua', Palatino; font-size: 120%; color: #333399;\">Agara Council<\/span><\/h3>\n<p><span style=\"font-family: 'Book Antiqua', Palatino; font-size: 120%; color: #333399;\">If you want to use this pack with a tablet or computer that doesn't have an RJ45 Ethernet port, or with your phone, no problem! All you need is a :<\/span><\/p>\n<ul>\n<li><a href=\"https:\/\/369agara.com\/produit\/adaptateur-rj45-usb-c\/\"><span style=\"font-family: 'Book Antiqua', Palatino; font-size: 120%; color: #333399;\">Ethernet RJ45 - USB-C hub adapter<\/span><\/a><\/li>\n<li><span style=\"font-family: 'Book Antiqua', Palatino; font-size: 120%; color: #333399;\"><a href=\"https:\/\/369agara.com\/produit\/adaptateur-hub-e\u2026t-rj45-lightning\/\">RJ45 Ethernet hub adapter - Ligthning<\/a>\u00a0if you're on Mac \/ iPhone.<\/span><\/li>\n<\/ul>","protected":false},"excerpt":{"rendered":"<p><span style=\"font-family: 'Book Antiqua', Palatino; font-size: 120%; color: #333399;\">This RJ45 Ethernet cable connects your box to your computer via a cable, without Wi-Fi, protecting you from wireless radiation.\u00a0<\/span><\/p>\n<p><span style=\"font-family: 'Book Antiqua', Palatino; font-size: 120%; color: #333399;\">2 lengths: 3 or 5 metres<\/span><\/p>","protected":false},"featured_media":3808,"comment_status":"open","ping_status":"closed","template":"","meta":[],"product_brand":[],"product_cat":[164],"product_tag":[248,246,247,251,249,245],"class_list":{"0":"post-3806","1":"product","2":"type-product","3":"status-publish","4":"has-post-thumbnail","6":"product_cat-baubiologie","7":"product_tag-baubiologie","8":"product_tag-bureau","9":"product_tag-chambre","10":"product_tag-electricite","11":"product_tag-electromagnetisme","12":"product_tag-maison","14":"first","15":"instock","16":"taxable","17":"shipping-taxable","18":"purchasable","19":"product-type-variable"},"yoast_head":"<!-- This site is optimized with the Yoast SEO Premium plugin v25.1 (Yoast SEO v27.4) - https:\/\/yoast.com\/product\/yoast-seo-premium-wordpress\/ -->\n<title>C\u00e2ble Ethernet RJ45 CAT5E - 3 m | 5 m | Agara<\/title>\n<meta name=\"description\" content=\"Ce c\u00e2ble Ethernet RJ45 permet de connecter votre box \u00e0 votre ordinateur &quot;en filaire&quot;, sans Wifi, vous pr\u00e9servant ainsi des rayonnements sans fil.\u00a02 longueurs : 3 ou 5 m\u00e8tres\" \/>\n<meta name=\"robots\" content=\"index, follow, max-snippet:-1, max-image-preview:large, max-video-preview:-1\" \/>\n<link rel=\"canonical\" href=\"https:\/\/369agara.com\/en\/product\/cable-ethernet-rj45-cat5e-3m-ou-5m\/\" \/>\n<meta property=\"og:locale\" content=\"en_GB\" \/>\n<meta property=\"og:type\" content=\"article\" \/>\n<meta property=\"og:title\" content=\"C\u00e2ble Ethernet RJ45 CAT5E - 3 m | 5 m\" \/>\n<meta property=\"og:description\" content=\"Ce c\u00e2ble Ethernet RJ45 permet de connecter votre box \u00e0 votre ordinateur &quot;en filaire&quot;, sans Wifi, vous pr\u00e9servant ainsi des rayonnements sans fil.\u00a02 longueurs : 3 ou 5 m\u00e8tres\" \/>\n<meta property=\"og:url\" content=\"https:\/\/369agara.com\/en\/product\/cable-ethernet-rj45-cat5e-3m-ou-5m\/\" \/>\n<meta property=\"og:site_name\" content=\"Agara\" \/>\n<meta property=\"article:modified_time\" content=\"2025-05-12T17:55:42+00:00\" \/>\n<meta property=\"og:image\" content=\"https:\/\/369agara.com\/wp-content\/uploads\/2025\/05\/cable-ethernet-rj45-cat5e-3-metres.png\" \/>\n\t<meta property=\"og:image:width\" content=\"800\" \/>\n\t<meta property=\"og:image:height\" content=\"800\" \/>\n\t<meta property=\"og:image:type\" content=\"image\/png\" \/>\n<meta name=\"twitter:card\" content=\"summary_large_image\" \/>\n<meta name=\"twitter:label1\" content=\"Estimated reading time\" \/>\n\t<meta name=\"twitter:data1\" content=\"2 minutes\" \/>\n<script type=\"application\/ld+json\" class=\"yoast-schema-graph\">{\"@context\":\"https:\\\/\\\/schema.org\",\"@graph\":[{\"@type\":\"WebPage\",\"@id\":\"https:\\\/\\\/369agara.com\\\/produit\\\/cable-ethernet-rj45-cat5e-3m-ou-5m\\\/\",\"url\":\"https:\\\/\\\/369agara.com\\\/produit\\\/cable-ethernet-rj45-cat5e-3m-ou-5m\\\/\",\"name\":\"C\u00e2ble Ethernet RJ45 CAT5E - 3 m | 5 m | Agara\",\"isPartOf\":{\"@id\":\"https:\\\/\\\/369agara.com\\\/#website\"},\"primaryImageOfPage\":{\"@id\":\"https:\\\/\\\/369agara.com\\\/produit\\\/cable-ethernet-rj45-cat5e-3m-ou-5m\\\/#primaryimage\"},\"image\":{\"@id\":\"https:\\\/\\\/369agara.com\\\/produit\\\/cable-ethernet-rj45-cat5e-3m-ou-5m\\\/#primaryimage\"},\"thumbnailUrl\":\"https:\\\/\\\/369agara.com\\\/wp-content\\\/uploads\\\/2025\\\/05\\\/cable-ethernet-rj45-cat5e-3-metres.png\",\"datePublished\":\"2025-05-12T17:37:10+00:00\",\"dateModified\":\"2025-05-12T17:55:42+00:00\",\"description\":\"Ce c\u00e2ble Ethernet RJ45 permet de connecter votre box \u00e0 votre ordinateur \\\"en filaire\\\", sans Wifi, vous pr\u00e9servant ainsi des rayonnements sans fil.\u00a02 longueurs : 3 ou 5 m\u00e8tres\",\"breadcrumb\":{\"@id\":\"https:\\\/\\\/369agara.com\\\/produit\\\/cable-ethernet-rj45-cat5e-3m-ou-5m\\\/#breadcrumb\"},\"inLanguage\":\"en-GB\",\"potentialAction\":[{\"@type\":\"ReadAction\",\"target\":[\"https:\\\/\\\/369agara.com\\\/produit\\\/cable-ethernet-rj45-cat5e-3m-ou-5m\\\/\"]}]},{\"@type\":\"ImageObject\",\"inLanguage\":\"en-GB\",\"@id\":\"https:\\\/\\\/369agara.com\\\/produit\\\/cable-ethernet-rj45-cat5e-3m-ou-5m\\\/#primaryimage\",\"url\":\"https:\\\/\\\/369agara.com\\\/wp-content\\\/uploads\\\/2025\\\/05\\\/cable-ethernet-rj45-cat5e-3-metres.png\",\"contentUrl\":\"https:\\\/\\\/369agara.com\\\/wp-content\\\/uploads\\\/2025\\\/05\\\/cable-ethernet-rj45-cat5e-3-metres.png\",\"width\":800,\"height\":800},{\"@type\":\"BreadcrumbList\",\"@id\":\"https:\\\/\\\/369agara.com\\\/produit\\\/cable-ethernet-rj45-cat5e-3m-ou-5m\\\/#breadcrumb\",\"itemListElement\":[{\"@type\":\"ListItem\",\"position\":1,\"name\":\"Accueil\",\"item\":\"https:\\\/\\\/369agara.com\\\/\"},{\"@type\":\"ListItem\",\"position\":2,\"name\":\"La boutique\",\"item\":\"https:\\\/\\\/369agara.com\\\/la-boutique\\\/\"},{\"@type\":\"ListItem\",\"position\":3,\"name\":\"C\u00e2ble Ethernet RJ45 CAT5E &#8211; 3 m | 5 m\"}]},{\"@type\":\"WebSite\",\"@id\":\"https:\\\/\\\/369agara.com\\\/#website\",\"url\":\"https:\\\/\\\/369agara.com\\\/\",\"name\":\"Livsrikedomar\",\"description\":\"D\u00e9connectez pour mieux vous connecter\",\"publisher\":{\"@id\":\"https:\\\/\\\/369agara.com\\\/#organization\"},\"potentialAction\":[{\"@type\":\"SearchAction\",\"target\":{\"@type\":\"EntryPoint\",\"urlTemplate\":\"https:\\\/\\\/369agara.com\\\/?s={search_term_string}\"},\"query-input\":{\"@type\":\"PropertyValueSpecification\",\"valueRequired\":true,\"valueName\":\"search_term_string\"}}],\"inLanguage\":\"en-GB\"},{\"@type\":\"Organization\",\"@id\":\"https:\\\/\\\/369agara.com\\\/#organization\",\"name\":\"EACreations\",\"url\":\"https:\\\/\\\/369agara.com\\\/\",\"logo\":{\"@type\":\"ImageObject\",\"inLanguage\":\"en-GB\",\"@id\":\"https:\\\/\\\/369agara.com\\\/#\\\/schema\\\/logo\\\/image\\\/\",\"url\":\"\",\"contentUrl\":\"\",\"caption\":\"EACreations\"},\"image\":{\"@id\":\"https:\\\/\\\/369agara.com\\\/#\\\/schema\\\/logo\\\/image\\\/\"}}]}<\/script>\n<!-- \/ Yoast SEO Premium plugin. -->","yoast_head_json":{"title":"C\u00e2ble Ethernet RJ45 CAT5E - 3 m | 5 m | Agara","description":"Ce c\u00e2ble Ethernet RJ45 permet de connecter votre box \u00e0 votre ordinateur \"en filaire\", sans Wifi, vous pr\u00e9servant ainsi des rayonnements sans fil.\u00a02 longueurs : 3 ou 5 m\u00e8tres","robots":{"index":"index","follow":"follow","max-snippet":"max-snippet:-1","max-image-preview":"max-image-preview:large","max-video-preview":"max-video-preview:-1"},"canonical":"https:\/\/369agara.com\/en\/product\/cable-ethernet-rj45-cat5e-3m-ou-5m\/","og_locale":"en_GB","og_type":"article","og_title":"C\u00e2ble Ethernet RJ45 CAT5E - 3 m | 5 m","og_description":"Ce c\u00e2ble Ethernet RJ45 permet de connecter votre box \u00e0 votre ordinateur \"en filaire\", sans Wifi, vous pr\u00e9servant ainsi des rayonnements sans fil.\u00a02 longueurs : 3 ou 5 m\u00e8tres","og_url":"https:\/\/369agara.com\/en\/product\/cable-ethernet-rj45-cat5e-3m-ou-5m\/","og_site_name":"Agara","article_modified_time":"2025-05-12T17:55:42+00:00","og_image":[{"width":800,"height":800,"url":"https:\/\/369agara.com\/wp-content\/uploads\/2025\/05\/cable-ethernet-rj45-cat5e-3-metres.png","type":"image\/png"}],"twitter_card":"summary_large_image","twitter_misc":{"Estimated reading time":"2 minutes"},"schema":{"@context":"https:\/\/schema.org","@graph":[{"@type":"WebPage","@id":"https:\/\/369agara.com\/produit\/cable-ethernet-rj45-cat5e-3m-ou-5m\/","url":"https:\/\/369agara.com\/produit\/cable-ethernet-rj45-cat5e-3m-ou-5m\/","name":"C\u00e2ble Ethernet RJ45 CAT5E - 3 m | 5 m | Agara","isPartOf":{"@id":"https:\/\/369agara.com\/#website"},"primaryImageOfPage":{"@id":"https:\/\/369agara.com\/produit\/cable-ethernet-rj45-cat5e-3m-ou-5m\/#primaryimage"},"image":{"@id":"https:\/\/369agara.com\/produit\/cable-ethernet-rj45-cat5e-3m-ou-5m\/#primaryimage"},"thumbnailUrl":"https:\/\/369agara.com\/wp-content\/uploads\/2025\/05\/cable-ethernet-rj45-cat5e-3-metres.png","datePublished":"2025-05-12T17:37:10+00:00","dateModified":"2025-05-12T17:55:42+00:00","description":"Ce c\u00e2ble Ethernet RJ45 permet de connecter votre box \u00e0 votre ordinateur \"en filaire\", sans Wifi, vous pr\u00e9servant ainsi des rayonnements sans fil.\u00a02 longueurs : 3 ou 5 m\u00e8tres","breadcrumb":{"@id":"https:\/\/369agara.com\/produit\/cable-ethernet-rj45-cat5e-3m-ou-5m\/#breadcrumb"},"inLanguage":"en-GB","potentialAction":[{"@type":"ReadAction","target":["https:\/\/369agara.com\/produit\/cable-ethernet-rj45-cat5e-3m-ou-5m\/"]}]},{"@type":"ImageObject","inLanguage":"en-GB","@id":"https:\/\/369agara.com\/produit\/cable-ethernet-rj45-cat5e-3m-ou-5m\/#primaryimage","url":"https:\/\/369agara.com\/wp-content\/uploads\/2025\/05\/cable-ethernet-rj45-cat5e-3-metres.png","contentUrl":"https:\/\/369agara.com\/wp-content\/uploads\/2025\/05\/cable-ethernet-rj45-cat5e-3-metres.png","width":800,"height":800},{"@type":"BreadcrumbList","@id":"https:\/\/369agara.com\/produit\/cable-ethernet-rj45-cat5e-3m-ou-5m\/#breadcrumb","itemListElement":[{"@type":"ListItem","position":1,"name":"Accueil","item":"https:\/\/369agara.com\/"},{"@type":"ListItem","position":2,"name":"La boutique","item":"https:\/\/369agara.com\/la-boutique\/"},{"@type":"ListItem","position":3,"name":"C\u00e2ble Ethernet RJ45 CAT5E &#8211; 3 m | 5 m"}]},{"@type":"WebSite","@id":"https:\/\/369agara.com\/#website","url":"https:\/\/369agara.com\/","name":"Livsrikedomar","description":"Disconnect to better connect","publisher":{"@id":"https:\/\/369agara.com\/#organization"},"potentialAction":[{"@type":"SearchAction","target":{"@type":"EntryPoint","urlTemplate":"https:\/\/369agara.com\/?s={search_term_string}"},"query-input":{"@type":"PropertyValueSpecification","valueRequired":true,"valueName":"search_term_string"}}],"inLanguage":"en-GB"},{"@type":"Organization","@id":"https:\/\/369agara.com\/#organization","name":"EACreations","url":"https:\/\/369agara.com\/","logo":{"@type":"ImageObject","inLanguage":"en-GB","@id":"https:\/\/369agara.com\/#\/schema\/logo\/image\/","url":"","contentUrl":"","caption":"EACreations"},"image":{"@id":"https:\/\/369agara.com\/#\/schema\/logo\/image\/"}}]}},"jetpack_sharing_enabled":true,"_links":{"self":[{"href":"https:\/\/369agara.com\/en\/wp-json\/wp\/v2\/product\/3806","targetHints":{"allow":["GET"]}}],"collection":[{"href":"https:\/\/369agara.com\/en\/wp-json\/wp\/v2\/product"}],"about":[{"href":"https:\/\/369agara.com\/en\/wp-json\/wp\/v2\/types\/product"}],"replies":[{"embeddable":true,"href":"https:\/\/369agara.com\/en\/wp-json\/wp\/v2\/comments?post=3806"}],"wp:featuredmedia":[{"embeddable":true,"href":"https:\/\/369agara.com\/en\/wp-json\/wp\/v2\/media\/3808"}],"wp:attachment":[{"href":"https:\/\/369agara.com\/en\/wp-json\/wp\/v2\/media?parent=3806"}],"wp:term":[{"taxonomy":"product_brand","embeddable":true,"href":"https:\/\/369agara.com\/en\/wp-json\/wp\/v2\/product_brand?post=3806"},{"taxonomy":"product_cat","embeddable":true,"href":"https:\/\/369agara.com\/en\/wp-json\/wp\/v2\/product_cat?post=3806"},{"taxonomy":"product_tag","embeddable":true,"href":"https:\/\/369agara.com\/en\/wp-json\/wp\/v2\/product_tag?post=3806"}],"curies":[{"name":"wp","href":"https:\/\/api.w.org\/{rel}","templated":true}]}}