{"id":3960,"date":"2025-05-31T20:24:19","date_gmt":"2025-05-31T18:24:19","guid":{"rendered":"https:\/\/369agara.com\/?post_type=product&#038;p=3960"},"modified":"2025-05-31T22:02:32","modified_gmt":"2025-05-31T20:02:32","slug":"aquavortexer-biocycles-100cl-ou-180cl","status":"publish","type":"product","link":"https:\/\/369agara.com\/en\/product\/aquavortexer-biocycles-100cl-ou-180cl\/","title":{"rendered":"AquaVortexer Biocycles 1L or 1.8L with zome cap and its 6-sided Lemurian quartz"},"content":{"rendered":"<p><span style=\"font-family: 'Book Antiqua', Palatino; font-size: 120%; color: #333399;\">This new AquaVortexer, with a levorotary direction of rotation as standard, is housed in a new translucent semi-crystalline polymer casing with a zonohedral shape and 24 helices with 8 lozenges per turn. <\/span><\/p>\n<p><span style=\"font-family: 'Book Antiqua', Palatino; font-size: 120%; color: #333399;\">Base height 52mm, width 160mm.<\/span><\/p>\n<p><span style=\"font-family: 'Book Antiqua', Palatino; font-size: 120%; color: #333399;\">The vortex-generating motor system contains :<\/span><\/p>\n<ul>\n<li><span style=\"font-family: 'Book Antiqua', Palatino; font-size: 120%; color: #333399;\">4 cardinal quartz crystals + ferromagnetic magnets.<\/span><\/li>\n<li><span style=\"font-family: 'Book Antiqua', Palatino; font-size: 120%; color: #333399;\">3 metatronic seals (2 fixed + 1 rotating).<\/span><\/li>\n<li><span style=\"font-family: 'Book Antiqua', Palatino; font-size: 120%; color: #333399;\">1 Clifford torus-shaped flux diffusion seal in 18-carat gold-plated brass.<\/span><\/li>\n<li><span style=\"font-family: 'Book Antiqua', Palatino; font-size: 120%; color: #333399;\">1 24-LED RGB ring containing 6 chromo Biocycles programmes (slow rotation + poly-frequency cycles).<\/span><\/li>\n<li><span style=\"font-family: 'Book Antiqua', Palatino; font-size: 120%; color: #333399;\">1 Rotary knob on front panel to adjust vortex rotation speed.<\/span><\/li>\n<li><span style=\"font-family: 'Book Antiqua', Palatino; font-size: 120%; color: #333399;\">1 Pushbutton at the rear to select the broadcast colours.<\/span><\/li>\n<li><span style=\"font-family: 'Book Antiqua', Palatino; font-size: 120%; color: #333399;\">1 DC 5V power connector via 5.1\/2.1mm jack adaptable to USB connection.<\/span><\/li>\n<\/ul>\n<p><span style=\"font-family: 'Book Antiqua', Palatino; font-size: 120%; color: #333399;\">The system is supplied with :<\/span><\/p>\n<ul>\n<li><span style=\"font-family: 'Book Antiqua', Palatino; font-size: 120%; color: #333399;\">1 x 5V DC power supply with cables + extension lead. Can work with any 5V 1A USB power supply. The system requires a 5V DC power supply of at least 1 Amp (5W) to operate.<\/span><\/li>\n<li><span style=\"font-family: 'Book Antiqua', Palatino; font-size: 120%; color: #333399;\">1 Flacon Goutte d'eau 1.8Litres + fleur de vie or 1 Flacon Ypsilon conique 1 Litre.<\/span><\/li>\n<li><span style=\"font-family: 'Book Antiqua', Palatino; font-size: 120%; color: #333399;\">1 Zome13 semi-crystalline translucent polymer stopper with 6-sided Lemurian quartz.<\/span><\/li>\n<li><span style=\"font-family: 'Book Antiqua', Palatino; font-size: 120%; color: #333399;\">2 magnetic stirrers.<\/span><\/li>\n<\/ul>\n<p><span style=\"font-family: 'Book Antiqua', Palatino; font-size: 120%; color: #333399;\">The chromatic diffusion system contains 6 Biocycles programmes selectable via a small button<\/span><br \/>\n<span style=\"font-family: 'Book Antiqua', Palatino; font-size: 120%; color: #333399;\">push-button on the back of the case. <\/span><br \/>\n<span style=\"font-family: 'Book Antiqua', Palatino; font-size: 120%; color: #333399;\">On power-up, the system starts up with the Blue Cycle programme.<\/span><\/p>\n<p><span style=\"font-family: 'Book Antiqua', Palatino; font-size: 120%; color: #333399;\">The 6 integrated Biocycles programmes:<\/span><\/p>\n<ul>\n<li><span style=\"font-family: 'Book Antiqua', Palatino; font-size: 120%; color: #333399;\">P1 &gt; Red\/orange\/gold range cycles<\/span><\/li>\n<li><span style=\"font-family: 'Book Antiqua', Palatino; font-size: 120%; color: #333399;\">P2 &gt; Green range cycles<\/span><\/li>\n<li><span style=\"font-family: 'Book Antiqua', Palatino; font-size: 120%; color: #333399;\">P3 &gt; Blue beach cycles<\/span><\/li>\n<li><span style=\"font-family: 'Book Antiqua', Palatino; font-size: 120%; color: #333399;\">P4 &gt; Purple\/magenta\/pink range cycles<\/span><\/li>\n<li><span style=\"font-family: 'Book Antiqua', Palatino; font-size: 120%; color: #333399;\">P5 &gt; White iridescent polychrome cycles<\/span><\/li>\n<li><span style=\"font-family: 'Book Antiqua', Palatino; font-size: 120%; color: #333399;\">P6 &gt; Cycles arc en ciel<\/span><\/li>\n<\/ul>\n<h3><span style=\"font-family: 'Book Antiqua', Palatino; font-size: 120%; color: #333399;\">Direction of rotation :<\/span><\/h3>\n<p><span style=\"font-family: 'Book Antiqua', Palatino; font-size: 120%; color: #333399;\">As standard, the device is set to levorotary rotation (turns to the left, in the direction of transmutation).<\/span><br \/>\n<span style=\"font-family: 'Book Antiqua', Palatino; font-size: 120%; color: #333399;\">On request, it can be set to dextrorotary (turns right in the harmonisation direction) or with the direction switch option, which adds a button on the back of the casing to change the direction of rotation after the vortex has stopped.<\/span><br \/>\n<span style=\"font-family: 'Book Antiqua', Palatino; font-size: 120%; color: #333399;\">The system comes ready to use to enhance your water and much more besides, because it's also a scalar hologram generator with a pleasant, dreamlike chromatic diffraction effect (to harmonise your living space).<\/span><\/p>\n<p><span style=\"font-family: 'Book Antiqua', Palatino; font-size: 120%; color: #333399;\">Using the AquaVortexer AVW24C: 1L or 1.8L carafe<\/span><\/p>\n<p><span style=\"font-family: 'Book Antiqua', Palatino; font-size: 120%; color: #333399;\">The Aquavortexer generator contains a synergistic combination of several energising elements:<\/span><br \/>\n<span style=\"font-family: 'Book Antiqua', Palatino; font-size: 120%; color: #333399;\">magnetic flux, mechanical action, crystalline flux, photonic flux and the action of waves of symbolic forms.<\/span><\/p>\n<h3><span style=\"font-family: 'Book Antiqua', Palatino; font-size: 120%; color: #333399;\">Installation and assembly of the AquaVortexer system :<\/span><\/h3>\n<p><span style=\"font-family: 'Book Antiqua', Palatino; font-size: 120%; color: #333399;\">Place the generator box on a flat surface of your choice and connect the 5V power supply to the back of the box.<\/span><br \/>\n<span style=\"font-family: 'Book Antiqua', Palatino; font-size: 120%; color: #333399;\">Use an extension lead if necessary, depending on the distance from your EDF sockets (230V). Place the system in your kitchen (or any place you like) as far away as possible from other sources of electromagnetic power (oven, kettle, hob) (more than one metre). <\/span><br \/>\n<span style=\"font-family: 'Book Antiqua', Palatino; font-size: 120%; color: #333399;\">Once plugged in, the box will light up on programme 3, blue cycle. It's ready!<\/span><\/p>\n<p><span style=\"font-family: 'Book Antiqua', Palatino; font-size: 120%; color: #333399;\">After cleaning the bottle with cold water, slide in one of the magnetic stirrers supplied (small white food-grade PFTE tip). Fill the bottle ideally with filtered water or tap water. Don't fill the bottle completely - the life flower is a good level indicator (don't go over it).<\/span><br \/>\n<span style=\"font-family: 'Book Antiqua', Palatino; font-size: 120%; color: #333399;\"> Then place the bottle in the centre of the vortexer box.<br \/>\nThe magnetic stirrer should centre itself automatically by the flow <\/span><span style=\"font-family: 'Book Antiqua', Palatino; font-size: 120%; color: #333399;\">of the casing. <\/span><br \/>\n<span style=\"font-family: 'Book Antiqua', Palatino; font-size: 120%; color: #333399;\">Place the Zome cap on the bottle.<\/span><br \/>\n<span style=\"font-family: 'Book Antiqua', Palatino; font-size: 120%; color: #333399;\">Gently turn the rotary knob on the front panel to start producing the vortex.<br \/>\nGradually adjust <\/span><span style=\"font-family: 'Book Antiqua', Palatino; font-size: 120%; color: #333399;\">the speed of the vortex. <\/span><br \/>\n<span style=\"font-family: 'Book Antiqua', Palatino; font-size: 120%; color: #333399;\">Start at step 2, then as the vortex forms in the bottle, you can increase the speed to step 4, then 6...<\/span><br \/>\n<span style=\"font-family: 'Book Antiqua', Palatino; font-size: 120%; color: #333399;\">Practise stabilising the production of the vortex, admire its animation and dynamic effects... discover its possibilities... the sensory experience will show you the right settings as you use it and your observations.<\/span><br \/>\n<span style=\"font-family: 'Book Antiqua', Palatino; font-size: 120%; color: #333399;\">Use the push-button on the back of the case to select the colour cycle that suits you or your needs, according to the colour symbolism. <\/span><br \/>\n<span style=\"font-family: 'Book Antiqua', Palatino; font-size: 120%; color: #333399;\">Double-clicking the push-button deactivates colour diffusion. <\/span><br \/>\n<span style=\"font-family: 'Book Antiqua', Palatino; font-size: 120%; color: #333399;\">Clicking will restart colour diffusion from programme 1 (red\/gold range).<\/span><\/p>\n<blockquote><p><span style=\"font-family: 'Book Antiqua', Palatino; font-size: 120%; color: #333399;\">For the Dual Sens model, the switch for changing the direction of rotation is at the rear.<\/span><\/p><\/blockquote>\n<p><span style=\"font-family: 'Book Antiqua', Palatino; font-size: 120%; color: #ed1c24;\">Do not change direction on the fly at full speed, as this will damage the motor! <\/span><br \/>\n<span style=\"font-family: 'Book Antiqua', Palatino; font-size: 120%; color: #ed1c24;\">Wait for it to stop, just like when you use water, then stop (slow down) and restart the vortex.<\/span><\/p>\n<h3><span style=\"font-family: 'Book Antiqua', Palatino; font-size: 120%; color: #333399;\">Agara Council<\/span><\/h3>\n<p><span style=\"font-family: 'Book Antiqua', Palatino; font-size: 120%; color: #333399;\">Read our article \"\u00a0<a href=\"https:\/\/369agara.com\/eau-structuree-eau-vivifiee-dispensatrice-denergie-vitale-pour-tous-nos-besoins\/\">STRUCTURED WATER, VIVIFIED WATER, a source of vital energy for all our needs<\/a>\u00a0\"To understand the issues behind the need to drink filtered, energised and structured water...<\/span><\/p>","protected":false},"excerpt":{"rendered":"<p><span style=\"font-family: 'Book Antiqua', Palatino; font-size: 120%; color: #333399;\">Water energiser using magnetocrystalline vortex + shape waves + colour cycles = revitalised, restructured water.<\/span><\/p>\n<p><span style=\"font-family: 'Book Antiqua', Palatino; font-size: 120%; color: #333399;\">Revitalised, energised water thanks to a magnetic, crystal-photonic vortex generator.<\/span><\/p>\n<p><span style=\"font-family: 'Book Antiqua', Palatino; font-size: 120%; color: #333399;\">The vortex restores water's innate power to regenerate and restore it to its most original vitality.<\/span><br \/>\n<span style=\"font-family: 'Book Antiqua', Palatino; font-size: 120%; color: #333399;\">Water that has been energised in this way tastes sweet again, is pleasant to drink and provides vital energy for our cells and organs.<\/span><\/p>\n<p><span style=\"font-family: 'Book Antiqua', Palatino; font-size: 120%; color: #333399;\">Overall, this type of water provides the body with active vibratory energy and facilitates the assimilation of nutrients and other trace elements, as well as helping to eliminate toxins.<\/span><\/p>","protected":false},"featured_media":3964,"comment_status":"open","ping_status":"closed","template":"","meta":[],"product_brand":[277],"product_cat":[140],"product_tag":[233,235,279,221,283,282,281,280],"class_list":{"0":"post-3960","1":"product","2":"type-product","3":"status-publish","4":"has-post-thumbnail","6":"product_brand-arc-en-ciel-innovations","7":"product_cat-aec-innovations","8":"product_tag-chromotherapie","9":"product_tag-cristaux","10":"product_tag-eau","11":"product_tag-harmonisation","12":"product_tag-ondes-de-forme","13":"product_tag-restructuration","14":"product_tag-vitalisation","15":"product_tag-vortex","17":"first","18":"instock","19":"taxable","20":"shipping-taxable","21":"purchasable","22":"product-type-variable"},"yoast_head":"<!-- This site is optimized with the Yoast SEO Premium plugin v25.1 (Yoast SEO v27.4) - https:\/\/yoast.com\/product\/yoast-seo-premium-wordpress\/ -->\n<title>AquaVortexer Biocycles 1L ou 1,8L avec bouchon zome et son quartz L\u00e9murien 6 faces | Agara<\/title>\n<meta name=\"description\" content=\"Dynamiseur d&#039;eau par vortex magn\u00e9to-cristallin + ondes de formes + cycles de couleurs = eau vitalis\u00e9e, restructur\u00e9e. Une eau revitalis\u00e9e, dynamis\u00e9e gr\u00e2ce \u00e0 un g\u00e9n\u00e9rateur de vortex magn\u00e9tique, cristalo-photonique. Le vortex rend \u00e0 l\u2019eau son pouvoir inn\u00e9 de r\u00e9g\u00e9n\u00e9ration et lui restitue sa vitalit\u00e9 la plus originelle. L\u2019Eau ainsi dynamis\u00e9e redevient douce au go\u00fbt, agr\u00e9able \u00e0 boire et dispensatrice d\u2019\u00e9nergie vitale pour nos cellules et nos organes. Globalement, une telle eau apporte de l&#039;\u00e9nergie vibratoire active \u00e0 l&#039;organisme et facilite l&#039;assimilation des nutriments et autres oligo\u00e9l\u00e9ments tout en permettant une meilleure \u00e9limination des toxines.\" \/>\n<meta name=\"robots\" content=\"index, follow, max-snippet:-1, max-image-preview:large, max-video-preview:-1\" \/>\n<link rel=\"canonical\" href=\"https:\/\/369agara.com\/en\/product\/aquavortexer-biocycles-100cl-ou-180cl\/\" \/>\n<meta property=\"og:locale\" content=\"en_GB\" \/>\n<meta property=\"og:type\" content=\"article\" \/>\n<meta property=\"og:title\" content=\"AquaVortexer Biocycles 1L ou 1,8L avec bouchon zome et son quartz L\u00e9murien 6 faces\" \/>\n<meta property=\"og:description\" content=\"Dynamiseur d&#039;eau par vortex magn\u00e9to-cristallin + ondes de formes + cycles de couleurs = eau vitalis\u00e9e, restructur\u00e9e. Une eau revitalis\u00e9e, dynamis\u00e9e gr\u00e2ce \u00e0 un g\u00e9n\u00e9rateur de vortex magn\u00e9tique, cristalo-photonique. Le vortex rend \u00e0 l\u2019eau son pouvoir inn\u00e9 de r\u00e9g\u00e9n\u00e9ration et lui restitue sa vitalit\u00e9 la plus originelle. L\u2019Eau ainsi dynamis\u00e9e redevient douce au go\u00fbt, agr\u00e9able \u00e0 boire et dispensatrice d\u2019\u00e9nergie vitale pour nos cellules et nos organes. Globalement, une telle eau apporte de l&#039;\u00e9nergie vibratoire active \u00e0 l&#039;organisme et facilite l&#039;assimilation des nutriments et autres oligo\u00e9l\u00e9ments tout en permettant une meilleure \u00e9limination des toxines.\" \/>\n<meta property=\"og:url\" content=\"https:\/\/369agara.com\/en\/product\/aquavortexer-biocycles-100cl-ou-180cl\/\" \/>\n<meta property=\"og:site_name\" content=\"Agara\" \/>\n<meta property=\"article:modified_time\" content=\"2025-05-31T20:02:32+00:00\" \/>\n<meta property=\"og:image\" content=\"https:\/\/369agara.com\/wp-content\/uploads\/2025\/05\/photo_2025-01-03_21-07-53.jpg\" \/>\n\t<meta property=\"og:image:width\" content=\"960\" \/>\n\t<meta property=\"og:image:height\" content=\"1280\" \/>\n\t<meta property=\"og:image:type\" content=\"image\/jpeg\" \/>\n<meta name=\"twitter:card\" content=\"summary_large_image\" \/>\n<meta name=\"twitter:label1\" content=\"Estimated reading time\" \/>\n\t<meta name=\"twitter:data1\" content=\"4 minutes\" \/>\n<script type=\"application\/ld+json\" class=\"yoast-schema-graph\">{\"@context\":\"https:\\\/\\\/schema.org\",\"@graph\":[{\"@type\":\"WebPage\",\"@id\":\"https:\\\/\\\/369agara.com\\\/produit\\\/aquavortexer-biocycles-100cl-ou-180cl\\\/\",\"url\":\"https:\\\/\\\/369agara.com\\\/produit\\\/aquavortexer-biocycles-100cl-ou-180cl\\\/\",\"name\":\"AquaVortexer Biocycles 1L ou 1,8L avec bouchon zome et son quartz L\u00e9murien 6 faces | Agara\",\"isPartOf\":{\"@id\":\"https:\\\/\\\/369agara.com\\\/#website\"},\"primaryImageOfPage\":{\"@id\":\"https:\\\/\\\/369agara.com\\\/produit\\\/aquavortexer-biocycles-100cl-ou-180cl\\\/#primaryimage\"},\"image\":{\"@id\":\"https:\\\/\\\/369agara.com\\\/produit\\\/aquavortexer-biocycles-100cl-ou-180cl\\\/#primaryimage\"},\"thumbnailUrl\":\"https:\\\/\\\/369agara.com\\\/wp-content\\\/uploads\\\/2025\\\/05\\\/photo_2025-01-03_21-07-53.jpg\",\"datePublished\":\"2025-05-31T18:24:19+00:00\",\"dateModified\":\"2025-05-31T20:02:32+00:00\",\"description\":\"Dynamiseur d'eau par vortex magn\u00e9to-cristallin + ondes de formes + cycles de couleurs = eau vitalis\u00e9e, restructur\u00e9e. Une eau revitalis\u00e9e, dynamis\u00e9e gr\u00e2ce \u00e0 un g\u00e9n\u00e9rateur de vortex magn\u00e9tique, cristalo-photonique. Le vortex rend \u00e0 l\u2019eau son pouvoir inn\u00e9 de r\u00e9g\u00e9n\u00e9ration et lui restitue sa vitalit\u00e9 la plus originelle. L\u2019Eau ainsi dynamis\u00e9e redevient douce au go\u00fbt, agr\u00e9able \u00e0 boire et dispensatrice d\u2019\u00e9nergie vitale pour nos cellules et nos organes. Globalement, une telle eau apporte de l'\u00e9nergie vibratoire active \u00e0 l'organisme et facilite l'assimilation des nutriments et autres oligo\u00e9l\u00e9ments tout en permettant une meilleure \u00e9limination des toxines.\",\"breadcrumb\":{\"@id\":\"https:\\\/\\\/369agara.com\\\/produit\\\/aquavortexer-biocycles-100cl-ou-180cl\\\/#breadcrumb\"},\"inLanguage\":\"en-GB\",\"potentialAction\":[{\"@type\":\"ReadAction\",\"target\":[\"https:\\\/\\\/369agara.com\\\/produit\\\/aquavortexer-biocycles-100cl-ou-180cl\\\/\"]}]},{\"@type\":\"ImageObject\",\"inLanguage\":\"en-GB\",\"@id\":\"https:\\\/\\\/369agara.com\\\/produit\\\/aquavortexer-biocycles-100cl-ou-180cl\\\/#primaryimage\",\"url\":\"https:\\\/\\\/369agara.com\\\/wp-content\\\/uploads\\\/2025\\\/05\\\/photo_2025-01-03_21-07-53.jpg\",\"contentUrl\":\"https:\\\/\\\/369agara.com\\\/wp-content\\\/uploads\\\/2025\\\/05\\\/photo_2025-01-03_21-07-53.jpg\",\"width\":960,\"height\":1280},{\"@type\":\"BreadcrumbList\",\"@id\":\"https:\\\/\\\/369agara.com\\\/produit\\\/aquavortexer-biocycles-100cl-ou-180cl\\\/#breadcrumb\",\"itemListElement\":[{\"@type\":\"ListItem\",\"position\":1,\"name\":\"Accueil\",\"item\":\"https:\\\/\\\/369agara.com\\\/\"},{\"@type\":\"ListItem\",\"position\":2,\"name\":\"La boutique\",\"item\":\"https:\\\/\\\/369agara.com\\\/la-boutique\\\/\"},{\"@type\":\"ListItem\",\"position\":3,\"name\":\"AquaVortexer Biocycles 1L ou 1,8L avec bouchon zome et son quartz L\u00e9murien 6 faces\"}]},{\"@type\":\"WebSite\",\"@id\":\"https:\\\/\\\/369agara.com\\\/#website\",\"url\":\"https:\\\/\\\/369agara.com\\\/\",\"name\":\"Livsrikedomar\",\"description\":\"D\u00e9connectez pour mieux vous connecter\",\"publisher\":{\"@id\":\"https:\\\/\\\/369agara.com\\\/#organization\"},\"potentialAction\":[{\"@type\":\"SearchAction\",\"target\":{\"@type\":\"EntryPoint\",\"urlTemplate\":\"https:\\\/\\\/369agara.com\\\/?s={search_term_string}\"},\"query-input\":{\"@type\":\"PropertyValueSpecification\",\"valueRequired\":true,\"valueName\":\"search_term_string\"}}],\"inLanguage\":\"en-GB\"},{\"@type\":\"Organization\",\"@id\":\"https:\\\/\\\/369agara.com\\\/#organization\",\"name\":\"EACreations\",\"url\":\"https:\\\/\\\/369agara.com\\\/\",\"logo\":{\"@type\":\"ImageObject\",\"inLanguage\":\"en-GB\",\"@id\":\"https:\\\/\\\/369agara.com\\\/#\\\/schema\\\/logo\\\/image\\\/\",\"url\":\"\",\"contentUrl\":\"\",\"caption\":\"EACreations\"},\"image\":{\"@id\":\"https:\\\/\\\/369agara.com\\\/#\\\/schema\\\/logo\\\/image\\\/\"}}]}<\/script>\n<!-- \/ Yoast SEO Premium plugin. -->","yoast_head_json":{"title":"AquaVortexer Biocycles 1L ou 1,8L avec bouchon zome et son quartz L\u00e9murien 6 faces | Agara","description":"Dynamiseur d'eau par vortex magn\u00e9to-cristallin + ondes de formes + cycles de couleurs = eau vitalis\u00e9e, restructur\u00e9e. Une eau revitalis\u00e9e, dynamis\u00e9e gr\u00e2ce \u00e0 un g\u00e9n\u00e9rateur de vortex magn\u00e9tique, cristalo-photonique. Le vortex rend \u00e0 l\u2019eau son pouvoir inn\u00e9 de r\u00e9g\u00e9n\u00e9ration et lui restitue sa vitalit\u00e9 la plus originelle. L\u2019Eau ainsi dynamis\u00e9e redevient douce au go\u00fbt, agr\u00e9able \u00e0 boire et dispensatrice d\u2019\u00e9nergie vitale pour nos cellules et nos organes. Globalement, une telle eau apporte de l'\u00e9nergie vibratoire active \u00e0 l'organisme et facilite l'assimilation des nutriments et autres oligo\u00e9l\u00e9ments tout en permettant une meilleure \u00e9limination des toxines.","robots":{"index":"index","follow":"follow","max-snippet":"max-snippet:-1","max-image-preview":"max-image-preview:large","max-video-preview":"max-video-preview:-1"},"canonical":"https:\/\/369agara.com\/en\/product\/aquavortexer-biocycles-100cl-ou-180cl\/","og_locale":"en_GB","og_type":"article","og_title":"AquaVortexer Biocycles 1L ou 1,8L avec bouchon zome et son quartz L\u00e9murien 6 faces","og_description":"Dynamiseur d'eau par vortex magn\u00e9to-cristallin + ondes de formes + cycles de couleurs = eau vitalis\u00e9e, restructur\u00e9e. Une eau revitalis\u00e9e, dynamis\u00e9e gr\u00e2ce \u00e0 un g\u00e9n\u00e9rateur de vortex magn\u00e9tique, cristalo-photonique. Le vortex rend \u00e0 l\u2019eau son pouvoir inn\u00e9 de r\u00e9g\u00e9n\u00e9ration et lui restitue sa vitalit\u00e9 la plus originelle. L\u2019Eau ainsi dynamis\u00e9e redevient douce au go\u00fbt, agr\u00e9able \u00e0 boire et dispensatrice d\u2019\u00e9nergie vitale pour nos cellules et nos organes. Globalement, une telle eau apporte de l'\u00e9nergie vibratoire active \u00e0 l'organisme et facilite l'assimilation des nutriments et autres oligo\u00e9l\u00e9ments tout en permettant une meilleure \u00e9limination des toxines.","og_url":"https:\/\/369agara.com\/en\/product\/aquavortexer-biocycles-100cl-ou-180cl\/","og_site_name":"Agara","article_modified_time":"2025-05-31T20:02:32+00:00","og_image":[{"width":960,"height":1280,"url":"https:\/\/369agara.com\/wp-content\/uploads\/2025\/05\/photo_2025-01-03_21-07-53.jpg","type":"image\/jpeg"}],"twitter_card":"summary_large_image","twitter_misc":{"Estimated reading time":"4 minutes"},"schema":{"@context":"https:\/\/schema.org","@graph":[{"@type":"WebPage","@id":"https:\/\/369agara.com\/produit\/aquavortexer-biocycles-100cl-ou-180cl\/","url":"https:\/\/369agara.com\/produit\/aquavortexer-biocycles-100cl-ou-180cl\/","name":"AquaVortexer Biocycles 1L ou 1,8L avec bouchon zome et son quartz L\u00e9murien 6 faces | Agara","isPartOf":{"@id":"https:\/\/369agara.com\/#website"},"primaryImageOfPage":{"@id":"https:\/\/369agara.com\/produit\/aquavortexer-biocycles-100cl-ou-180cl\/#primaryimage"},"image":{"@id":"https:\/\/369agara.com\/produit\/aquavortexer-biocycles-100cl-ou-180cl\/#primaryimage"},"thumbnailUrl":"https:\/\/369agara.com\/wp-content\/uploads\/2025\/05\/photo_2025-01-03_21-07-53.jpg","datePublished":"2025-05-31T18:24:19+00:00","dateModified":"2025-05-31T20:02:32+00:00","description":"Dynamiseur d'eau par vortex magn\u00e9to-cristallin + ondes de formes + cycles de couleurs = eau vitalis\u00e9e, restructur\u00e9e. Une eau revitalis\u00e9e, dynamis\u00e9e gr\u00e2ce \u00e0 un g\u00e9n\u00e9rateur de vortex magn\u00e9tique, cristalo-photonique. Le vortex rend \u00e0 l\u2019eau son pouvoir inn\u00e9 de r\u00e9g\u00e9n\u00e9ration et lui restitue sa vitalit\u00e9 la plus originelle. L\u2019Eau ainsi dynamis\u00e9e redevient douce au go\u00fbt, agr\u00e9able \u00e0 boire et dispensatrice d\u2019\u00e9nergie vitale pour nos cellules et nos organes. Globalement, une telle eau apporte de l'\u00e9nergie vibratoire active \u00e0 l'organisme et facilite l'assimilation des nutriments et autres oligo\u00e9l\u00e9ments tout en permettant une meilleure \u00e9limination des toxines.","breadcrumb":{"@id":"https:\/\/369agara.com\/produit\/aquavortexer-biocycles-100cl-ou-180cl\/#breadcrumb"},"inLanguage":"en-GB","potentialAction":[{"@type":"ReadAction","target":["https:\/\/369agara.com\/produit\/aquavortexer-biocycles-100cl-ou-180cl\/"]}]},{"@type":"ImageObject","inLanguage":"en-GB","@id":"https:\/\/369agara.com\/produit\/aquavortexer-biocycles-100cl-ou-180cl\/#primaryimage","url":"https:\/\/369agara.com\/wp-content\/uploads\/2025\/05\/photo_2025-01-03_21-07-53.jpg","contentUrl":"https:\/\/369agara.com\/wp-content\/uploads\/2025\/05\/photo_2025-01-03_21-07-53.jpg","width":960,"height":1280},{"@type":"BreadcrumbList","@id":"https:\/\/369agara.com\/produit\/aquavortexer-biocycles-100cl-ou-180cl\/#breadcrumb","itemListElement":[{"@type":"ListItem","position":1,"name":"Accueil","item":"https:\/\/369agara.com\/"},{"@type":"ListItem","position":2,"name":"La boutique","item":"https:\/\/369agara.com\/la-boutique\/"},{"@type":"ListItem","position":3,"name":"AquaVortexer Biocycles 1L ou 1,8L avec bouchon zome et son quartz L\u00e9murien 6 faces"}]},{"@type":"WebSite","@id":"https:\/\/369agara.com\/#website","url":"https:\/\/369agara.com\/","name":"Livsrikedomar","description":"Disconnect to better connect","publisher":{"@id":"https:\/\/369agara.com\/#organization"},"potentialAction":[{"@type":"SearchAction","target":{"@type":"EntryPoint","urlTemplate":"https:\/\/369agara.com\/?s={search_term_string}"},"query-input":{"@type":"PropertyValueSpecification","valueRequired":true,"valueName":"search_term_string"}}],"inLanguage":"en-GB"},{"@type":"Organization","@id":"https:\/\/369agara.com\/#organization","name":"EACreations","url":"https:\/\/369agara.com\/","logo":{"@type":"ImageObject","inLanguage":"en-GB","@id":"https:\/\/369agara.com\/#\/schema\/logo\/image\/","url":"","contentUrl":"","caption":"EACreations"},"image":{"@id":"https:\/\/369agara.com\/#\/schema\/logo\/image\/"}}]}},"jetpack_sharing_enabled":true,"_links":{"self":[{"href":"https:\/\/369agara.com\/en\/wp-json\/wp\/v2\/product\/3960","targetHints":{"allow":["GET"]}}],"collection":[{"href":"https:\/\/369agara.com\/en\/wp-json\/wp\/v2\/product"}],"about":[{"href":"https:\/\/369agara.com\/en\/wp-json\/wp\/v2\/types\/product"}],"replies":[{"embeddable":true,"href":"https:\/\/369agara.com\/en\/wp-json\/wp\/v2\/comments?post=3960"}],"wp:featuredmedia":[{"embeddable":true,"href":"https:\/\/369agara.com\/en\/wp-json\/wp\/v2\/media\/3964"}],"wp:attachment":[{"href":"https:\/\/369agara.com\/en\/wp-json\/wp\/v2\/media?parent=3960"}],"wp:term":[{"taxonomy":"product_brand","embeddable":true,"href":"https:\/\/369agara.com\/en\/wp-json\/wp\/v2\/product_brand?post=3960"},{"taxonomy":"product_cat","embeddable":true,"href":"https:\/\/369agara.com\/en\/wp-json\/wp\/v2\/product_cat?post=3960"},{"taxonomy":"product_tag","embeddable":true,"href":"https:\/\/369agara.com\/en\/wp-json\/wp\/v2\/product_tag?post=3960"}],"curies":[{"name":"wp","href":"https:\/\/api.w.org\/{rel}","templated":true}]}}