{"id":1097,"date":"2022-10-19T08:39:35","date_gmt":"2022-10-19T06:39:35","guid":{"rendered":"https:\/\/369agara.com\/?page_id=1097"},"modified":"2025-05-31T20:46:33","modified_gmt":"2025-05-31T18:46:33","slug":"aec-innovations","status":"publish","type":"page","link":"https:\/\/369agara.com\/es\/aec-innovations\/","title":{"rendered":"Innovaci\u00f3n en AEC"},"content":{"rendered":"<div class=\"row\"  id=\"row-767078405\">\n\n\n\t<div id=\"col-574368746\" class=\"col medium-4 small-12 large-4\"  >\n\t\t\t\t<div class=\"col-inner\"  >\n\t\t\t\n\t\t\t\n\n\n\t\t<\/div>\n\t\t\t\t\t<\/div>\n\n\t\n\n\t<div id=\"col-127457038\" class=\"col medium-4 small-12 large-4\"  >\n\t\t\t\t<div class=\"col-inner\"  >\n\t\t\t\n\t\t\t\n\n\t<div class=\"img has-hover x md-x lg-x y md-y lg-y\" id=\"image_943282755\">\n\t\t\t\t\t\t\t\t<div class=\"img-inner dark\" >\n\t\t\t<img loading=\"lazy\" decoding=\"async\" width=\"1020\" height=\"1020\" src=\"https:\/\/369agara.com\/wp-content\/uploads\/2022\/10\/Logo-AEC-Innovation-1024x1024.png\" class=\"attachment-large size-large\" alt=\"Logo-AEC-Innovation\" srcset=\"https:\/\/369agara.com\/wp-content\/uploads\/2022\/10\/Logo-AEC-Innovation-1024x1024.png 1024w, https:\/\/369agara.com\/wp-content\/uploads\/2022\/10\/Logo-AEC-Innovation-247x247.png 247w, https:\/\/369agara.com\/wp-content\/uploads\/2022\/10\/Logo-AEC-Innovation-100x100.png 100w, https:\/\/369agara.com\/wp-content\/uploads\/2022\/10\/Logo-AEC-Innovation-510x510.png 510w, https:\/\/369agara.com\/wp-content\/uploads\/2022\/10\/Logo-AEC-Innovation-300x300.png 300w, https:\/\/369agara.com\/wp-content\/uploads\/2022\/10\/Logo-AEC-Innovation-150x150.png 150w, https:\/\/369agara.com\/wp-content\/uploads\/2022\/10\/Logo-AEC-Innovation-768x768.png 768w, https:\/\/369agara.com\/wp-content\/uploads\/2022\/10\/Logo-AEC-Innovation.png 1311w\" sizes=\"auto, (max-width: 1020px) 100vw, 1020px\" \/>\t\t\t\t\t\t\n\t\t\t\t\t<\/div>\n\t\t\t\t\t\t\t\t\n<style>\n#image_943282755 {\n  width: 100%;\n}\n<\/style>\n\t<\/div>\n\t\n\n\n\t\t<\/div>\n\t\t\t\t\t<\/div>\n\n\t\n\n\t<div id=\"col-775696790\" class=\"col medium-4 small-12 large-4\"  >\n\t\t\t\t<div class=\"col-inner\"  >\n\t\t\t\n\t\t\t\n\n\n\t\t<\/div>\n\t\t\t\t\t<\/div>\n\n\t\n\n<\/div>\n<a href=\"https:\/\/369agara.com\/product-category\/utrustning-for-fargterapi\/\" target=\"_self\" class=\"button primary is-shade is-large box-shadow-4 box-shadow-5-hover expand\"  style=\"border-radius:10px;\">\n    <span>La tienda<\/span>\n  <\/a>\n\n\n\t<div id=\"gap-1915657744\" class=\"gap-element clearfix\" style=\"display:block; height:auto;\">\n\t\t\n<style>\n#gap-1915657744 {\n  padding-top: 70px;\n}\n<\/style>\n\t<\/div>\n\t\n\n<blockquote>\n<p><span style=\"font-family: 'Book Antiqua', Palatino; font-size: 120%; color: #0000ff;\">Cromoterapia de resonancia cristalina simple.<\/span><\/p>\n<\/blockquote>\n<p><span style=\"font-family: 'Book Antiqua', Palatino; font-size: 120%; color: #333399;\">La innovaci\u00f3n de Arc En Ciel naci\u00f3 del encuentro entre m\u00e9dicos, terapeutas e ingenieros, para desarrollar nuevas t\u00e9cnicas de tratamiento en armon\u00eda con las dimensiones energ\u00e9tica, vibratoria e informativa de la vida.<\/span><br \/><span style=\"font-family: 'Book Antiqua', Palatino; font-size: 120%; color: #333399;\">Nuestro objetivo es utilizar las \u00faltimas tecnolog\u00edas para desarrollar conocimientos hol\u00edsticos y cuantitativos,<\/span><br \/><span style=\"font-family: 'Book Antiqua', Palatino; font-size: 120%; color: #333399;\">soluciones pr\u00e1cticas para mejorar el bienestar de las personas y su entorno vital.<\/span><\/p>\n<p><span style=\"font-family: 'Book Antiqua', Palatino; font-size: 120%; color: #333399;\">Situado en Vend\u00e9e, Francia, en un centro de salud rodeado de naturaleza.<\/span><br \/><span style=\"font-family: 'Book Antiqua', Palatino; font-size: 120%; color: #333399;\">Nuestro principal deseo es <strong>la b\u00fasqueda del bienestar y la armon\u00eda para un mundo mejor<\/strong> para todos a diario.<\/span><\/p>\n<p><span style=\"font-family: 'Book Antiqua', Palatino; font-size: 120%; color: #333399;\">Nuestros ingenieros dise\u00f1an y fabrican una amplia gama de soluciones y dispositivos, gracias a sus conocimientos t\u00e9cnicos y a su visi\u00f3n hol\u00edstica del ser humano, nutridos por 25 a\u00f1os de investigaci\u00f3n y experiencia transmitidos por el equipo del Dr. Dominique Bourdin (CDB La Chrysalide).<\/span><br \/><span style=\"font-family: 'Book Antiqua', Palatino; font-size: 120%; color: #333399;\">Soluciones inspiradas en estudios, fruto de la experiencia y los conocimientos de socios como Jean Bouchet, Pierre Van Obberghen, Jean-Michel Weiss y muchos otros cient\u00edficos, m\u00e9dicos e ingenieros de todo el mundo.<\/span><\/p>\n<div class=\"col-sm-4\">\n<blockquote>\n<p><span style=\"font-family: 'Book Antiqua', Palatino; font-size: 120%; color: #0000ff;\">Nos esforzamos por ofrecerle lo mejor de nuestra investigaci\u00f3n para ayudarle a encontrar lo mejor de s\u00ed mismo y mejorar su entorno vital.<\/span><\/p>\n<\/blockquote>\n<p><span style=\"font-family: 'Book Antiqua', Palatino; font-size: 120%; color: #333399;\">Todas nuestras acciones est\u00e1n guiadas por una visi\u00f3n energ\u00e9tica de nuestras interacciones en el mundo, por lo que buscamos m\u00e1s all\u00e1 de las normas establecidas todo aquello que pueda aplicarse adecuadamente al bienestar de nuestros contempor\u00e1neos.<\/span><br \/><span style=\"font-family: 'Book Antiqua', Palatino; font-size: 120%; color: #333399;\">Confiamos en todos <strong>conceptos convincentes<\/strong> que exploran la <strong>energ\u00edas sutiles y vibratorias<\/strong> del sonido al electromagnetismo, as\u00ed como ciertos aspectos f\u00edsicos y cu\u00e1nticos que a\u00fan se consideran marginales, aunque est\u00e9n dando resultados tangibles.<\/span><\/p>\n<p><span style=\"font-family: 'Book Antiqua', Palatino; font-size: 120%; color: #333399;\">Todo lo que pensamos est\u00e1 orientado a mejorar la eficacia y la calidad de nuestros productos. <strong>principios s\u00f3lidos<\/strong>y <strong>materiales limpios\/estables<\/strong> para componentes electr\u00f3nicos e inform\u00e1ticos, mientras que <strong>respetar el medio ambiente y la sensibilidad de los usuarios<\/strong>.<\/span><\/p>\n<blockquote>\n<p><span style=\"font-family: 'Book Antiqua', Palatino; font-size: 120%; color: #0000ff;\">Respeto de la biocompatibilidad con la menor huella de carbono posible.<\/span><\/p>\n<\/blockquote>\n<p><span style=\"font-family: 'Book Antiqua', Palatino; font-size: 120%; color: #333399;\"><strong>La salud es natural<\/strong> para el ser humano. Comprender lo que nos cambia y actuar en consecuencia nos ha llevado a superar la visi\u00f3n mecanicista\/materialista de la vida.<\/span><\/p>\n<p><span style=\"font-family: 'Book Antiqua', Palatino; font-size: 120%; color: #333399;\">Nuestras investigaciones y los m\u00e9todos de tratamiento que hemos desarrollado nos han llevado a confirmar los trabajos de renombrados predecesores como Dinash Gadiali, David Bohm, Fritz-Albert Popp y Jean-Michel Weiss, sobre la <strong>biofot\u00f3nica<\/strong>el <strong>biorresonancia<\/strong>el <strong>cromoterapia<\/strong> y el funcionamiento hologr\u00e1fico del hombre y del universo: una clave relevante para comprender lo que somos... invitados a asumir la responsabilidad de crear m\u00e1s amor para nosotros mismos, para los dem\u00e1s y para el planeta.<\/span><\/p>\n<p><span style=\"font-family: 'Book Antiqua', Palatino; font-size: 120%; color: #333399;\">Por lo tanto <strong>importante<\/strong> que ofrezcamos <strong>diferentes t\u00e9cnicas terap\u00e9uticas<\/strong> que son fruto de nuestro trabajo y cuya eficacia nos sorprende cada d\u00eda.<\/span><\/p>\n<\/div>","protected":false},"excerpt":{"rendered":"","protected":false},"author":1,"featured_media":0,"parent":0,"menu_order":0,"comment_status":"closed","ping_status":"closed","template":"","meta":{"footnotes":""},"class_list":["post-1097","page","type-page","status-publish","hentry"],"yoast_head":"<!-- This site is optimized with the Yoast SEO Premium plugin v25.1 (Yoast SEO v27.4) - https:\/\/yoast.com\/product\/yoast-seo-premium-wordpress\/ -->\n<title>AEC Innovation | Agara<\/title>\n<meta name=\"robots\" content=\"index, follow, max-snippet:-1, max-image-preview:large, max-video-preview:-1\" \/>\n<link rel=\"canonical\" href=\"https:\/\/369agara.com\/es\/aec-innovations\/\" \/>\n<meta property=\"og:locale\" content=\"es_ES\" \/>\n<meta property=\"og:type\" content=\"article\" \/>\n<meta property=\"og:title\" content=\"AEC Innovation\" \/>\n<meta property=\"og:url\" content=\"https:\/\/369agara.com\/es\/aec-innovations\/\" \/>\n<meta property=\"og:site_name\" content=\"Agara\" \/>\n<meta property=\"article:modified_time\" content=\"2025-05-31T18:46:33+00:00\" \/>\n<meta name=\"twitter:card\" content=\"summary_large_image\" \/>\n<meta name=\"twitter:label1\" content=\"Tiempo de lectura\" \/>\n\t<meta name=\"twitter:data1\" content=\"3 minutos\" \/>\n<script type=\"application\/ld+json\" class=\"yoast-schema-graph\">{\"@context\":\"https:\\\/\\\/schema.org\",\"@graph\":[{\"@type\":\"WebPage\",\"@id\":\"https:\\\/\\\/369agara.com\\\/aec-innovations\\\/\",\"url\":\"https:\\\/\\\/369agara.com\\\/aec-innovations\\\/\",\"name\":\"AEC Innovation | Agara\",\"isPartOf\":{\"@id\":\"https:\\\/\\\/369agara.com\\\/#website\"},\"datePublished\":\"2022-10-19T06:39:35+00:00\",\"dateModified\":\"2025-05-31T18:46:33+00:00\",\"breadcrumb\":{\"@id\":\"https:\\\/\\\/369agara.com\\\/aec-innovations\\\/#breadcrumb\"},\"inLanguage\":\"es\",\"potentialAction\":[{\"@type\":\"ReadAction\",\"target\":[\"https:\\\/\\\/369agara.com\\\/aec-innovations\\\/\"]}]},{\"@type\":\"BreadcrumbList\",\"@id\":\"https:\\\/\\\/369agara.com\\\/aec-innovations\\\/#breadcrumb\",\"itemListElement\":[{\"@type\":\"ListItem\",\"position\":1,\"name\":\"Accueil\",\"item\":\"https:\\\/\\\/369agara.com\\\/\"},{\"@type\":\"ListItem\",\"position\":2,\"name\":\"AEC Innovation\"}]},{\"@type\":\"WebSite\",\"@id\":\"https:\\\/\\\/369agara.com\\\/#website\",\"url\":\"https:\\\/\\\/369agara.com\\\/\",\"name\":\"Livsrikedomar\",\"description\":\"D\u00e9connectez pour mieux vous connecter\",\"publisher\":{\"@id\":\"https:\\\/\\\/369agara.com\\\/#organization\"},\"potentialAction\":[{\"@type\":\"SearchAction\",\"target\":{\"@type\":\"EntryPoint\",\"urlTemplate\":\"https:\\\/\\\/369agara.com\\\/?s={search_term_string}\"},\"query-input\":{\"@type\":\"PropertyValueSpecification\",\"valueRequired\":true,\"valueName\":\"search_term_string\"}}],\"inLanguage\":\"es\"},{\"@type\":\"Organization\",\"@id\":\"https:\\\/\\\/369agara.com\\\/#organization\",\"name\":\"EACreations\",\"url\":\"https:\\\/\\\/369agara.com\\\/\",\"logo\":{\"@type\":\"ImageObject\",\"inLanguage\":\"es\",\"@id\":\"https:\\\/\\\/369agara.com\\\/#\\\/schema\\\/logo\\\/image\\\/\",\"url\":\"\",\"contentUrl\":\"\",\"caption\":\"EACreations\"},\"image\":{\"@id\":\"https:\\\/\\\/369agara.com\\\/#\\\/schema\\\/logo\\\/image\\\/\"}}]}<\/script>\n<!-- \/ Yoast SEO Premium plugin. -->","yoast_head_json":{"title":"AEC Innovation | Agara","robots":{"index":"index","follow":"follow","max-snippet":"max-snippet:-1","max-image-preview":"max-image-preview:large","max-video-preview":"max-video-preview:-1"},"canonical":"https:\/\/369agara.com\/es\/aec-innovations\/","og_locale":"es_ES","og_type":"article","og_title":"AEC Innovation","og_url":"https:\/\/369agara.com\/es\/aec-innovations\/","og_site_name":"Agara","article_modified_time":"2025-05-31T18:46:33+00:00","twitter_card":"summary_large_image","twitter_misc":{"Tiempo de lectura":"3 minutos"},"schema":{"@context":"https:\/\/schema.org","@graph":[{"@type":"WebPage","@id":"https:\/\/369agara.com\/aec-innovations\/","url":"https:\/\/369agara.com\/aec-innovations\/","name":"AEC Innovation | Agara","isPartOf":{"@id":"https:\/\/369agara.com\/#website"},"datePublished":"2022-10-19T06:39:35+00:00","dateModified":"2025-05-31T18:46:33+00:00","breadcrumb":{"@id":"https:\/\/369agara.com\/aec-innovations\/#breadcrumb"},"inLanguage":"es","potentialAction":[{"@type":"ReadAction","target":["https:\/\/369agara.com\/aec-innovations\/"]}]},{"@type":"BreadcrumbList","@id":"https:\/\/369agara.com\/aec-innovations\/#breadcrumb","itemListElement":[{"@type":"ListItem","position":1,"name":"Accueil","item":"https:\/\/369agara.com\/"},{"@type":"ListItem","position":2,"name":"AEC Innovation"}]},{"@type":"WebSite","@id":"https:\/\/369agara.com\/#website","url":"https:\/\/369agara.com\/","name":"Livsrikedomar","description":"Desconectar para conectar mejor","publisher":{"@id":"https:\/\/369agara.com\/#organization"},"potentialAction":[{"@type":"SearchAction","target":{"@type":"EntryPoint","urlTemplate":"https:\/\/369agara.com\/?s={search_term_string}"},"query-input":{"@type":"PropertyValueSpecification","valueRequired":true,"valueName":"search_term_string"}}],"inLanguage":"es"},{"@type":"Organization","@id":"https:\/\/369agara.com\/#organization","name":"EACreations","url":"https:\/\/369agara.com\/","logo":{"@type":"ImageObject","inLanguage":"es","@id":"https:\/\/369agara.com\/#\/schema\/logo\/image\/","url":"","contentUrl":"","caption":"EACreations"},"image":{"@id":"https:\/\/369agara.com\/#\/schema\/logo\/image\/"}}]}},"jetpack_sharing_enabled":true,"_links":{"self":[{"href":"https:\/\/369agara.com\/es\/wp-json\/wp\/v2\/pages\/1097","targetHints":{"allow":["GET"]}}],"collection":[{"href":"https:\/\/369agara.com\/es\/wp-json\/wp\/v2\/pages"}],"about":[{"href":"https:\/\/369agara.com\/es\/wp-json\/wp\/v2\/types\/page"}],"author":[{"embeddable":true,"href":"https:\/\/369agara.com\/es\/wp-json\/wp\/v2\/users\/1"}],"replies":[{"embeddable":true,"href":"https:\/\/369agara.com\/es\/wp-json\/wp\/v2\/comments?post=1097"}],"version-history":[{"count":14,"href":"https:\/\/369agara.com\/es\/wp-json\/wp\/v2\/pages\/1097\/revisions"}],"predecessor-version":[{"id":3572,"href":"https:\/\/369agara.com\/es\/wp-json\/wp\/v2\/pages\/1097\/revisions\/3572"}],"wp:attachment":[{"href":"https:\/\/369agara.com\/es\/wp-json\/wp\/v2\/media?parent=1097"}],"curies":[{"name":"wp","href":"https:\/\/api.w.org\/{rel}","templated":true}]}}