{"id":1099,"date":"2022-10-19T08:40:36","date_gmt":"2022-10-19T06:40:36","guid":{"rendered":"https:\/\/369agara.com\/?page_id=1099"},"modified":"2025-05-14T23:51:34","modified_gmt":"2025-05-14T21:51:34","slug":"musique-des-plantes","status":"publish","type":"page","link":"https:\/\/369agara.com\/es\/musique-des-plantes\/","title":{"rendered":"M\u00fasica vegetal"},"content":{"rendered":"<div class=\"row\"  id=\"row-165341940\">\n\n\n\t<div id=\"col-344557629\" class=\"col medium-4 small-12 large-4\"  >\n\t\t\t\t<div class=\"col-inner\"  >\n\t\t\t\n\t\t\t\n\n\n\t\t<\/div>\n\t\t\t\t\t<\/div>\n\n\t\n\n\t<div id=\"col-1196846089\" class=\"col medium-4 small-12 large-4\"  >\n\t\t\t\t<div class=\"col-inner\"  >\n\t\t\t\n\t\t\t\n\n\t<div class=\"img has-hover x md-x lg-x y md-y lg-y\" id=\"image_1883678031\">\n\t\t\t\t\t\t\t\t<div class=\"img-inner dark\" >\n\t\t\t<img loading=\"lazy\" decoding=\"async\" width=\"709\" height=\"708\" src=\"https:\/\/369agara.com\/wp-content\/uploads\/2022\/10\/logo.png\" class=\"attachment-large size-large\" alt=\"Logo Music of the plants\" srcset=\"https:\/\/369agara.com\/wp-content\/uploads\/2022\/10\/logo.png 709w, https:\/\/369agara.com\/wp-content\/uploads\/2022\/10\/logo-247x247.png 247w, https:\/\/369agara.com\/wp-content\/uploads\/2022\/10\/logo-100x100.png 100w, https:\/\/369agara.com\/wp-content\/uploads\/2022\/10\/logo-510x509.png 510w, https:\/\/369agara.com\/wp-content\/uploads\/2022\/10\/logo-300x300.png 300w, https:\/\/369agara.com\/wp-content\/uploads\/2022\/10\/logo-150x150.png 150w\" sizes=\"auto, (max-width: 709px) 100vw, 709px\" \/>\t\t\t\t\t\t\n\t\t\t\t\t<\/div>\n\t\t\t\t\t\t\t\t\n<style>\n#image_1883678031 {\n  width: 100%;\n}\n<\/style>\n\t<\/div>\n\t\n\n\n\t\t<\/div>\n\t\t\t\t\t<\/div>\n\n\t\n\n\t<div id=\"col-873444191\" class=\"col medium-4 small-12 large-4\"  >\n\t\t\t\t<div class=\"col-inner\"  >\n\t\t\t\n\t\t\t\n\n\n\t\t<\/div>\n\t\t\t\t\t<\/div>\n\n\t\n\n<\/div>\n<div class=\"row\"  id=\"row-1461243307\">\n\n\n\t<div id=\"col-711529140\" class=\"col small-12 large-12\"  >\n\t\t\t\t<div class=\"col-inner\"  >\n\t\t\t\n\t\t\t\n\n<h3><span style=\"font-family: 'Book Antiqua', Palatino; font-size: 120%; color: #333399;\">\u00bfHas o\u00eddo alguna vez el sonido de una planta?<\/span><\/h3>\n<p><span style=\"font-family: 'Book Antiqua', Palatino; font-size: 120%; color: #333399;\">Descubra lo que le ofrecen las plantas...<\/span><br \/><span style=\"font-family: 'Book Antiqua', Palatino; font-size: 120%; color: #333399;\">D\u00e9jese llevar por estos sonidos extraordinarios...<\/span><br \/><span style=\"font-family: 'Book Antiqua', Palatino; font-size: 120%; color: #333399;\">Reconecta con la magia de la vida...<\/span><\/p>\n<p><span style=\"font-family: 'Book Antiqua', Palatino; font-size: 120%; color: #333399;\">\u00a1Bambou M lo hace posible!<\/span><\/p>\n<p><span style=\"font-family: 'Book Antiqua', Palatino; font-size: 120%; color: #333399;\">En el libro de Peter Tompkins y Christopher Bird \"La vida secreta de las plantas\", numerosos ejemplos y resultados de investigaciones muestran c\u00f3mo reaccionan las plantas.<\/span><\/p>\n<p><span style=\"font-family: 'Book Antiqua', Palatino; font-size: 120%; color: #333399;\">Est\u00e1 claro que las plantas tienen emociones y capacidad de memoria, perciben impresiones \u00f3pticas y ac\u00fasticas, pero tambi\u00e9n distinguen entre armon\u00eda y disonancia.<\/span><br \/><span style=\"font-family: 'Book Antiqua', Palatino; font-size: 120%; color: #333399;\">Cada planta es \u00fanica, como nosotros los humanos. As\u00ed que cada melod\u00eda es espec\u00edfica de una planta.<\/span><br \/><span style=\"font-family: 'Book Antiqua', Palatino; font-size: 120%; color: #333399;\">La melod\u00eda var\u00eda y se desarrolla en funci\u00f3n del entorno en el que viven la planta y la persona.<\/span><br \/><span style=\"font-family: 'Book Antiqua', Palatino; font-size: 120%; color: #333399;\">Ya sea en maceta, en el huerto o en el bosque, esta planta tiene su propia identidad y, por tanto, su propia melod\u00eda.<\/span><\/p>\n<h3><span style=\"font-family: 'Book Antiqua', Palatino; font-size: 120%; color: #333399;\">La m\u00fasica de las plantas : \u00bfC\u00f3mo funciona?<\/span><\/h3>\n<p><span style=\"font-family: 'Book Antiqua', Palatino; font-size: 120%; color: #333399;\">Con el dispositivo Bamboo, la se\u00f1al el\u00e9ctrica de la planta se convierte en sonido: un sensor se introduce en la tierra, en medio de las ra\u00edces, y el otro se conecta a una hoja, flor o capullo.<\/span><\/p>\n<h3><span style=\"font-family: 'Book Antiqua', Palatino; font-size: 120%; color: #333399;\">Efectos de un altavoz vibrante :<\/span><\/h3>\n<p><span style=\"font-family: 'Book Antiqua', Palatino; font-size: 120%; color: #333399;\">Al conectar Bamboo a un altavoz vibratorio, utiliza la superficie sobre la que se coloca como c\u00e1mara de resonancia:<\/span><br \/><span style=\"font-family: 'Book Antiqua', Palatino; font-size: 120%; color: #333399;\">Coloc\u00e1ndolo sobre una mesa, un sill\u00f3n o incluso tu cuerpo, el sonido amplificado refuerza la resonancia con la planta.<\/span><\/p>\n<h3><span style=\"font-family: 'Book Antiqua', Palatino; font-size: 120%; color: #333399;\">Comunicaci\u00f3n con el mundo vegetal :<\/span><\/h3>\n<p><span style=\"font-family: 'Book Antiqua', Palatino; font-size: 120%; color: #333399;\">Las plantas reaccionan y conectan con el entorno y con las personas.<\/span><br \/><span style=\"font-family: 'Book Antiqua', Palatino; font-size: 120%; color: #333399;\">Si conectas con la planta, ya sea verbal o mentalmente, \u00e9sta influir\u00e1 en ti y crear\u00e1 una se\u00f1al que puede mejorar tu bienestar.<\/span><br \/><span style=\"font-family: 'Book Antiqua', Palatino; font-size: 120%; color: #333399;\">Gracias al dispositivo Bamboo, la planta te env\u00eda las frecuencias sonoras que necesitas.<\/span><br \/><span style=\"font-family: 'Book Antiqua', Palatino; font-size: 120%; color: #333399;\">El resultado es una sensaci\u00f3n inmediata de profundo bienestar y reconexi\u00f3n con uno mismo.<\/span><br \/><span style=\"font-family: 'Book Antiqua', Palatino; font-size: 120%; color: #333399;\">Esta mejora ser\u00e1 tanto m\u00e1s eficaz y profunda gracias a la escucha regular.<\/span><\/p>\n\t<div id=\"gap-745214346\" class=\"gap-element clearfix\" style=\"display:block; height:auto;\">\n\t\t\n<style>\n#gap-745214346 {\n  padding-top: 36px;\n}\n<\/style>\n\t<\/div>\n\t\n\n<div class=\"row\"  id=\"row-1600369958\">\n\n\n\t<div id=\"col-1041840068\" class=\"col medium-6 small-12 large-6\"  >\n\t\t\t\t<div class=\"col-inner\"  >\n\t\t\t\n\t\t\t\n\n\t<div class=\"img has-hover x md-x lg-x y md-y lg-y\" id=\"image_1595285239\">\n\t\t\t\t\t\t\t\t<div class=\"img-inner dark\" >\n\t\t\t<img loading=\"lazy\" decoding=\"async\" width=\"768\" height=\"576\" src=\"https:\/\/369agara.com\/wp-content\/uploads\/2024\/01\/photo_2023-02-07_15-42-09.jpg\" class=\"attachment-large size-large\" alt=\"\" srcset=\"https:\/\/369agara.com\/wp-content\/uploads\/2024\/01\/photo_2023-02-07_15-42-09.jpg 768w, https:\/\/369agara.com\/wp-content\/uploads\/2024\/01\/photo_2023-02-07_15-42-09-300x225.jpg 300w, https:\/\/369agara.com\/wp-content\/uploads\/2024\/01\/photo_2023-02-07_15-42-09-510x383.jpg 510w\" sizes=\"auto, (max-width: 768px) 100vw, 768px\" \/>\t\t\t\t\t\t\n\t\t\t\t\t<\/div>\n\t\t\t\t\t\t\t\t\n<style>\n#image_1595285239 {\n  width: 100%;\n}\n<\/style>\n\t<\/div>\n\t\n\n<blockquote>\n<p><span style=\"font-size: 75%;\"><em><span style=\"font-family: 'Book Antiqua', Palatino; color: #333399;\">Gl\u00f3bulos rojos en buen estado al microscopio de campo oscuro.<\/span><\/em><\/span><br \/><span style=\"font-size: 75%;\"><em><span style=\"font-family: 'Book Antiqua', Palatino; color: #333399;\">Tienen una forma lisa y homog\u00e9nea. Por tanto, son m\u00e1s m\u00f3viles y oxigenan correctamente las c\u00e9lulas del organismo.<\/span><\/em><\/span><\/p>\n<\/blockquote>\n\n\t\t<\/div>\n\t\t\t\t\t<\/div>\n\n\t\n\n\t<div id=\"col-880628040\" class=\"col medium-6 small-12 large-6\"  >\n\t\t\t\t<div class=\"col-inner\"  >\n\t\t\t\n\t\t\t\n\n\t<div class=\"img has-hover x md-x lg-x y md-y lg-y\" id=\"image_506251438\">\n\t\t\t\t\t\t\t\t<div class=\"img-inner dark\" >\n\t\t\t<img loading=\"lazy\" decoding=\"async\" width=\"768\" height=\"576\" src=\"https:\/\/369agara.com\/wp-content\/uploads\/2024\/01\/photo_2023-02-07_15-42-01.jpg\" class=\"attachment-large size-large\" alt=\"\" srcset=\"https:\/\/369agara.com\/wp-content\/uploads\/2024\/01\/photo_2023-02-07_15-42-01.jpg 768w, https:\/\/369agara.com\/wp-content\/uploads\/2024\/01\/photo_2023-02-07_15-42-01-300x225.jpg 300w, https:\/\/369agara.com\/wp-content\/uploads\/2024\/01\/photo_2023-02-07_15-42-01-510x383.jpg 510w\" sizes=\"auto, (max-width: 768px) 100vw, 768px\" \/>\t\t\t\t\t\t\n\t\t\t\t\t<\/div>\n\t\t\t\t\t\t\t\t\n<style>\n#image_506251438 {\n  width: 100%;\n}\n<\/style>\n\t<\/div>\n\t\n\n<blockquote>\n<p><span style=\"color: #333399;\"><em><span style=\"font-family: 'Book Antiqua', Palatino; font-size: 75%;\">Gl\u00f3bulos rojos en mal estado vistos al microscopio de campo oscuro.<\/span><\/em><\/span><br \/><span style=\"color: #333399;\"><em><span style=\"font-family: 'Book Antiqua', Palatino; font-size: 75%;\">Tienen forma de huevo y est\u00e1n apiladas. Por tanto, son menos m\u00f3viles y no oxigenan correctamente las c\u00e9lulas del organismo.<\/span><\/em><\/span><\/p>\n<\/blockquote>\n\n\t\t<\/div>\n\t\t\t\t\t<\/div>\n\n\t\n\n<\/div>\n<p><span style=\"font-family: 'Book Antiqua', Palatino; font-size: 120%; color: #333399;\">Los efectos son visibles incluso con un microscopio de campo oscuro (v\u00e9ase la imagen superior).<\/span><\/p>\n<p><span style=\"font-family: 'Book Antiqua', Palatino; font-size: 120%; color: #333399;\">Se puede observar que los gl\u00f3bulos rojos son m\u00e1s m\u00f3viles despu\u00e9s de s\u00f3lo 15 minutos, lo que proporciona al cuerpo una mejor oxigenaci\u00f3n y energ\u00eda renovada.<\/span><br \/><span style=\"font-family: 'Book Antiqua', Palatino; font-size: 120%; color: #333399;\">Una mejor oxigenaci\u00f3n reduce el estr\u00e9s, frena el envejecimiento prematuro de las c\u00e9lulas, aumenta la concentraci\u00f3n y mejora la calidad del sue\u00f1o...<\/span><\/p>\n<p><span style=\"font-family: 'Book Antiqua', Palatino; font-size: 120%; color: #333399;\">Esto permite que el cuerpo recupere su energ\u00eda vital.<\/span><\/p>\n\n\t\t<\/div>\n\t\t\t\t\t<\/div>\n\n\t\n\n<\/div>\n<a href=\"https:\/\/369agara.com\/product-category\/musique-des-plantes\/\" target=\"_self\" class=\"button primary is-shade is-large box-shadow-4 box-shadow-5-hover expand\"  style=\"border-radius:10px;\">\n    <span>La tienda<\/span>\n  <\/a>\n\n\n\t<div id=\"gap-1728151924\" class=\"gap-element clearfix\" style=\"display:block; height:auto;\">\n\t\t\n<style>\n#gap-1728151924 {\n  padding-top: 108px;\n}\n<\/style>\n\t<\/div>","protected":false},"excerpt":{"rendered":"","protected":false},"author":1,"featured_media":0,"parent":0,"menu_order":0,"comment_status":"closed","ping_status":"closed","template":"","meta":{"footnotes":""},"class_list":["post-1099","page","type-page","status-publish","hentry"],"yoast_head":"<!-- This site is optimized with the Yoast SEO Premium plugin v25.1 (Yoast SEO v27.6) - https:\/\/yoast.com\/product\/yoast-seo-premium-wordpress\/ -->\n<title>Musique des Plantes | Agara<\/title>\n<meta name=\"robots\" content=\"index, follow, max-snippet:-1, max-image-preview:large, max-video-preview:-1\" \/>\n<link rel=\"canonical\" href=\"https:\/\/369agara.com\/es\/musique-des-plantes\/\" \/>\n<meta property=\"og:locale\" content=\"es_ES\" \/>\n<meta property=\"og:type\" content=\"article\" \/>\n<meta property=\"og:title\" content=\"Musique des Plantes\" \/>\n<meta property=\"og:url\" content=\"https:\/\/369agara.com\/es\/musique-des-plantes\/\" \/>\n<meta property=\"og:site_name\" content=\"Agara\" \/>\n<meta property=\"article:modified_time\" content=\"2025-05-14T21:51:34+00:00\" \/>\n<meta name=\"twitter:card\" content=\"summary_large_image\" \/>\n<meta name=\"twitter:label1\" content=\"Tiempo de lectura\" \/>\n\t<meta name=\"twitter:data1\" content=\"4 minutos\" \/>\n<script type=\"application\/ld+json\" class=\"yoast-schema-graph\">{\"@context\":\"https:\\\/\\\/schema.org\",\"@graph\":[{\"@type\":\"WebPage\",\"@id\":\"https:\\\/\\\/369agara.com\\\/musique-des-plantes\\\/\",\"url\":\"https:\\\/\\\/369agara.com\\\/musique-des-plantes\\\/\",\"name\":\"Musique des Plantes | Agara\",\"isPartOf\":{\"@id\":\"https:\\\/\\\/369agara.com\\\/#website\"},\"datePublished\":\"2022-10-19T06:40:36+00:00\",\"dateModified\":\"2025-05-14T21:51:34+00:00\",\"breadcrumb\":{\"@id\":\"https:\\\/\\\/369agara.com\\\/musique-des-plantes\\\/#breadcrumb\"},\"inLanguage\":\"es\",\"potentialAction\":[{\"@type\":\"ReadAction\",\"target\":[\"https:\\\/\\\/369agara.com\\\/musique-des-plantes\\\/\"]}]},{\"@type\":\"BreadcrumbList\",\"@id\":\"https:\\\/\\\/369agara.com\\\/musique-des-plantes\\\/#breadcrumb\",\"itemListElement\":[{\"@type\":\"ListItem\",\"position\":1,\"name\":\"Accueil\",\"item\":\"https:\\\/\\\/369agara.com\\\/\"},{\"@type\":\"ListItem\",\"position\":2,\"name\":\"Musique des Plantes\"}]},{\"@type\":\"WebSite\",\"@id\":\"https:\\\/\\\/369agara.com\\\/#website\",\"url\":\"https:\\\/\\\/369agara.com\\\/\",\"name\":\"Livsrikedomar\",\"description\":\"D\u00e9connectez pour mieux vous connecter\",\"publisher\":{\"@id\":\"https:\\\/\\\/369agara.com\\\/#organization\"},\"potentialAction\":[{\"@type\":\"SearchAction\",\"target\":{\"@type\":\"EntryPoint\",\"urlTemplate\":\"https:\\\/\\\/369agara.com\\\/?s={search_term_string}\"},\"query-input\":{\"@type\":\"PropertyValueSpecification\",\"valueRequired\":true,\"valueName\":\"search_term_string\"}}],\"inLanguage\":\"es\"},{\"@type\":\"Organization\",\"@id\":\"https:\\\/\\\/369agara.com\\\/#organization\",\"name\":\"EACreations\",\"url\":\"https:\\\/\\\/369agara.com\\\/\",\"logo\":{\"@type\":\"ImageObject\",\"inLanguage\":\"es\",\"@id\":\"https:\\\/\\\/369agara.com\\\/#\\\/schema\\\/logo\\\/image\\\/\",\"url\":\"\",\"contentUrl\":\"\",\"caption\":\"EACreations\"},\"image\":{\"@id\":\"https:\\\/\\\/369agara.com\\\/#\\\/schema\\\/logo\\\/image\\\/\"}}]}<\/script>\n<!-- \/ Yoast SEO Premium plugin. -->","yoast_head_json":{"title":"M\u00fasica vegetal | Agara","robots":{"index":"index","follow":"follow","max-snippet":"max-snippet:-1","max-image-preview":"max-image-preview:large","max-video-preview":"max-video-preview:-1"},"canonical":"https:\/\/369agara.com\/es\/musique-des-plantes\/","og_locale":"es_ES","og_type":"article","og_title":"Musique des Plantes","og_url":"https:\/\/369agara.com\/es\/musique-des-plantes\/","og_site_name":"Agara","article_modified_time":"2025-05-14T21:51:34+00:00","twitter_card":"summary_large_image","twitter_misc":{"Tiempo de lectura":"4 minutos"},"schema":{"@context":"https:\/\/schema.org","@graph":[{"@type":"WebPage","@id":"https:\/\/369agara.com\/musique-des-plantes\/","url":"https:\/\/369agara.com\/musique-des-plantes\/","name":"M\u00fasica vegetal | Agara","isPartOf":{"@id":"https:\/\/369agara.com\/#website"},"datePublished":"2022-10-19T06:40:36+00:00","dateModified":"2025-05-14T21:51:34+00:00","breadcrumb":{"@id":"https:\/\/369agara.com\/musique-des-plantes\/#breadcrumb"},"inLanguage":"es","potentialAction":[{"@type":"ReadAction","target":["https:\/\/369agara.com\/musique-des-plantes\/"]}]},{"@type":"BreadcrumbList","@id":"https:\/\/369agara.com\/musique-des-plantes\/#breadcrumb","itemListElement":[{"@type":"ListItem","position":1,"name":"Accueil","item":"https:\/\/369agara.com\/"},{"@type":"ListItem","position":2,"name":"Musique des Plantes"}]},{"@type":"WebSite","@id":"https:\/\/369agara.com\/#website","url":"https:\/\/369agara.com\/","name":"Livsrikedomar","description":"Desconectar para conectar mejor","publisher":{"@id":"https:\/\/369agara.com\/#organization"},"potentialAction":[{"@type":"SearchAction","target":{"@type":"EntryPoint","urlTemplate":"https:\/\/369agara.com\/?s={search_term_string}"},"query-input":{"@type":"PropertyValueSpecification","valueRequired":true,"valueName":"search_term_string"}}],"inLanguage":"es"},{"@type":"Organization","@id":"https:\/\/369agara.com\/#organization","name":"EACreations","url":"https:\/\/369agara.com\/","logo":{"@type":"ImageObject","inLanguage":"es","@id":"https:\/\/369agara.com\/#\/schema\/logo\/image\/","url":"","contentUrl":"","caption":"EACreations"},"image":{"@id":"https:\/\/369agara.com\/#\/schema\/logo\/image\/"}}]}},"jetpack_sharing_enabled":true,"_links":{"self":[{"href":"https:\/\/369agara.com\/es\/wp-json\/wp\/v2\/pages\/1099","targetHints":{"allow":["GET"]}}],"collection":[{"href":"https:\/\/369agara.com\/es\/wp-json\/wp\/v2\/pages"}],"about":[{"href":"https:\/\/369agara.com\/es\/wp-json\/wp\/v2\/types\/page"}],"author":[{"embeddable":true,"href":"https:\/\/369agara.com\/es\/wp-json\/wp\/v2\/users\/1"}],"replies":[{"embeddable":true,"href":"https:\/\/369agara.com\/es\/wp-json\/wp\/v2\/comments?post=1099"}],"version-history":[{"count":16,"href":"https:\/\/369agara.com\/es\/wp-json\/wp\/v2\/pages\/1099\/revisions"}],"predecessor-version":[{"id":3914,"href":"https:\/\/369agara.com\/es\/wp-json\/wp\/v2\/pages\/1099\/revisions\/3914"}],"wp:attachment":[{"href":"https:\/\/369agara.com\/es\/wp-json\/wp\/v2\/media?parent=1099"}],"curies":[{"name":"wp","href":"https:\/\/api.w.org\/{rel}","templated":true}]}}