{"id":1220,"date":"2022-11-01T19:03:53","date_gmt":"2022-11-01T18:03:53","guid":{"rendered":"https:\/\/369agara.com\/?page_id=1220"},"modified":"2026-02-01T20:37:38","modified_gmt":"2026-02-01T19:37:38","slug":"a-propos-de-nous","status":"publish","type":"page","link":"https:\/\/369agara.com\/es\/a-propos-de-nous\/","title":{"rendered":"Qui\u00e9nes somos"},"content":{"rendered":"<h1><span style=\"font-family: 'book antiqua', palatino, serif; font-size: 120%;\">Qui\u00e9nes somos<\/span><\/h1>\n\t<div id=\"gap-1688567616\" class=\"gap-element clearfix\" style=\"display:block; height:auto;\">\n\t\t\n<style>\n#gap-1688567616 {\n  padding-top: 45px;\n}\n<\/style>\n\t<\/div>\n\t\n\n<div class=\"row\"  id=\"row-1619870963\">\n\n\n\t<div id=\"col-545855486\" class=\"col small-12 large-12\"  >\n\t\t\t\t<div class=\"col-inner\"  >\n\t\t\t\n\t\t\t\n\n<p><span style=\"font-family: 'Book Antiqua', Palatino; font-size: 120%; color: #333399;\"><strong>Agara <\/strong>(antes Livsrikedomar \u00abRiqueza de vida\u00bb en sueco) es una empresa francesa fundada por m\u00ed. <\/span><\/p>\n<p><span style=\"font-family: 'Book Antiqua', Palatino; font-size: 120%; color: #333399;\">En s\u00e1nscrito, <em>Agara<\/em> significa \" <strong>Inicio<\/strong> \u00bbUna palabra que refleja mi visi\u00f3n: redescubrir la armon\u00eda. <strong>en casa <\/strong>y<strong> s\u00ed mismo<\/strong>.<\/span><\/p>\n<p><span style=\"font-family: 'Book Antiqua', Palatino; font-size: 120%; color: #333399;\">A trav\u00e9s de mi enfoque, sit\u00fao el bienestar en el centro de la vida, adoptando un enfoque hol\u00edstico. <br \/>Mi objetivo es ayudarle a mejorar su vida cotidiana reequilibrando su cuerpo y sus energ\u00edas.<\/span><\/p>\n<p><span style=\"font-family: 'Book Antiqua', Palatino; font-size: 120%; color: #333399;\">Hay varias formas de conseguirlo:<\/span><\/p>\n<ul>\n<li><span style=\"font-family: 'Book Antiqua', Palatino; font-size: 120%; color: #333399;\">Comida elegida con esmero y preparada con amor,<\/span><\/li>\n<li><span style=\"font-family: 'Book Antiqua', Palatino; font-size: 120%; color: #333399;\">Agua pura, reestructurada, energizada, magnetizada, informada y remineralizada,<\/span><\/li>\n<li><span style=\"font-family: 'Book Antiqua', Palatino; font-size: 120%; color: #333399;\">Reducci\u00f3n de la exposici\u00f3n a campos electromagn\u00e9ticos nocivos,<\/span><\/li>\n<li><span style=\"font-family: 'Book Antiqua', Palatino; font-size: 120%; color: #333399;\">La integraci\u00f3n de frecuencias naturales, como la radiaci\u00f3n Schumann, y la m\u00fasica vegetal, para intensificar los sentimientos positivos,<\/span><\/li>\n<li><span style=\"font-family: 'Book Antiqua', Palatino; font-size: 120%; color: #333399;\">El uso diario de cristales y colores para favorecer el equilibrio,<\/span><\/li>\n<li><span style=\"font-family: 'Book Antiqua', Palatino; font-size: 120%; color: #333399;\">La pr\u00e1ctica del earthing permite liberar las tensiones acumuladas d\u00eda tras d\u00eda, debidas a los radicales libres demasiado presentes en el organismo,<\/span><\/li>\n<li><span style=\"font-family: 'Book Antiqua', Palatino; font-size: 120%; color: #333399;\">Armonizar su entorno vital neutralizando las zonas geopat\u00f3genas, que pueden afectar al sue\u00f1o y a la salud a largo plazo.<\/span><\/li>\n<\/ul>\n<p><span style=\"font-family: 'Book Antiqua', Palatino; font-size: 120%; color: #333399;\">Al cultivar cada d\u00eda una vibraci\u00f3n armoniosa en tu cuerpo, aumentas de forma natural tu energ\u00eda vital. <br \/>Esto le hace menos vulnerable a las agresiones externas y ayuda a reducir las fuentes potenciales de inflamaci\u00f3n cr\u00f3nica, causa de mucho dolor y sufrimiento. <br \/>Estar\u00e1s allanando el camino hacia una vida m\u00e1s ligera, feliz y din\u00e1mica.<\/span><\/p>\n<p><span style=\"font-family: 'Book Antiqua', Palatino; font-size: 120%; color: #333399;\">Todos los productos que ofrezco en mi sitio web han sido probados por m\u00ed y los utilizo a diario.<br \/>Los selecciono rigurosamente por su calidad y eficacia, y utilizo un microscopio de campo oscuro para comprobar su impacto en el organismo. <br \/>Como conozco a fondo su funcionamiento, puedo orientarle hacia la soluci\u00f3n que mejor se adapte a sus necesidades y expectativas.<\/span><\/p>\n\n\t\t<\/div>\n\t\t\t\t\t<\/div>\n\n\t\n\n<\/div>","protected":false},"excerpt":{"rendered":"","protected":false},"author":1,"featured_media":0,"parent":0,"menu_order":0,"comment_status":"closed","ping_status":"closed","template":"","meta":{"footnotes":""},"class_list":["post-1220","page","type-page","status-publish","hentry"],"yoast_head":"<!-- This site is optimized with the Yoast SEO Premium plugin v25.1 (Yoast SEO v27.4) - https:\/\/yoast.com\/product\/yoast-seo-premium-wordpress\/ -->\n<title>\u00c0 propos de nous | Agara<\/title>\n<meta name=\"robots\" content=\"index, follow, max-snippet:-1, max-image-preview:large, max-video-preview:-1\" \/>\n<link rel=\"canonical\" href=\"https:\/\/369agara.com\/es\/a-propos-de-nous\/\" \/>\n<meta property=\"og:locale\" content=\"es_ES\" \/>\n<meta property=\"og:type\" content=\"article\" \/>\n<meta property=\"og:title\" content=\"\u00c0 propos de nous\" \/>\n<meta property=\"og:url\" content=\"https:\/\/369agara.com\/es\/a-propos-de-nous\/\" \/>\n<meta property=\"og:site_name\" content=\"Agara\" \/>\n<meta property=\"article:modified_time\" content=\"2026-02-01T19:37:38+00:00\" \/>\n<meta name=\"twitter:card\" content=\"summary_large_image\" \/>\n<script type=\"application\/ld+json\" class=\"yoast-schema-graph\">{\"@context\":\"https:\\\/\\\/schema.org\",\"@graph\":[{\"@type\":\"WebPage\",\"@id\":\"https:\\\/\\\/369agara.com\\\/a-propos-de-nous\\\/\",\"url\":\"https:\\\/\\\/369agara.com\\\/a-propos-de-nous\\\/\",\"name\":\"\u00c0 propos de nous | Agara\",\"isPartOf\":{\"@id\":\"https:\\\/\\\/369agara.com\\\/#website\"},\"datePublished\":\"2022-11-01T18:03:53+00:00\",\"dateModified\":\"2026-02-01T19:37:38+00:00\",\"breadcrumb\":{\"@id\":\"https:\\\/\\\/369agara.com\\\/a-propos-de-nous\\\/#breadcrumb\"},\"inLanguage\":\"es\",\"potentialAction\":[{\"@type\":\"ReadAction\",\"target\":[\"https:\\\/\\\/369agara.com\\\/a-propos-de-nous\\\/\"]}]},{\"@type\":\"BreadcrumbList\",\"@id\":\"https:\\\/\\\/369agara.com\\\/a-propos-de-nous\\\/#breadcrumb\",\"itemListElement\":[{\"@type\":\"ListItem\",\"position\":1,\"name\":\"Accueil\",\"item\":\"https:\\\/\\\/369agara.com\\\/\"},{\"@type\":\"ListItem\",\"position\":2,\"name\":\"\u00c0 propos de nous\"}]},{\"@type\":\"WebSite\",\"@id\":\"https:\\\/\\\/369agara.com\\\/#website\",\"url\":\"https:\\\/\\\/369agara.com\\\/\",\"name\":\"Livsrikedomar\",\"description\":\"D\u00e9connectez pour mieux vous connecter\",\"publisher\":{\"@id\":\"https:\\\/\\\/369agara.com\\\/#organization\"},\"potentialAction\":[{\"@type\":\"SearchAction\",\"target\":{\"@type\":\"EntryPoint\",\"urlTemplate\":\"https:\\\/\\\/369agara.com\\\/?s={search_term_string}\"},\"query-input\":{\"@type\":\"PropertyValueSpecification\",\"valueRequired\":true,\"valueName\":\"search_term_string\"}}],\"inLanguage\":\"es\"},{\"@type\":\"Organization\",\"@id\":\"https:\\\/\\\/369agara.com\\\/#organization\",\"name\":\"EACreations\",\"url\":\"https:\\\/\\\/369agara.com\\\/\",\"logo\":{\"@type\":\"ImageObject\",\"inLanguage\":\"es\",\"@id\":\"https:\\\/\\\/369agara.com\\\/#\\\/schema\\\/logo\\\/image\\\/\",\"url\":\"\",\"contentUrl\":\"\",\"caption\":\"EACreations\"},\"image\":{\"@id\":\"https:\\\/\\\/369agara.com\\\/#\\\/schema\\\/logo\\\/image\\\/\"}}]}<\/script>\n<!-- \/ Yoast SEO Premium plugin. -->","yoast_head_json":{"title":"\u00c0 propos de nous | Agara","robots":{"index":"index","follow":"follow","max-snippet":"max-snippet:-1","max-image-preview":"max-image-preview:large","max-video-preview":"max-video-preview:-1"},"canonical":"https:\/\/369agara.com\/es\/a-propos-de-nous\/","og_locale":"es_ES","og_type":"article","og_title":"\u00c0 propos de nous","og_url":"https:\/\/369agara.com\/es\/a-propos-de-nous\/","og_site_name":"Agara","article_modified_time":"2026-02-01T19:37:38+00:00","twitter_card":"summary_large_image","schema":{"@context":"https:\/\/schema.org","@graph":[{"@type":"WebPage","@id":"https:\/\/369agara.com\/a-propos-de-nous\/","url":"https:\/\/369agara.com\/a-propos-de-nous\/","name":"\u00c0 propos de nous | Agara","isPartOf":{"@id":"https:\/\/369agara.com\/#website"},"datePublished":"2022-11-01T18:03:53+00:00","dateModified":"2026-02-01T19:37:38+00:00","breadcrumb":{"@id":"https:\/\/369agara.com\/a-propos-de-nous\/#breadcrumb"},"inLanguage":"es","potentialAction":[{"@type":"ReadAction","target":["https:\/\/369agara.com\/a-propos-de-nous\/"]}]},{"@type":"BreadcrumbList","@id":"https:\/\/369agara.com\/a-propos-de-nous\/#breadcrumb","itemListElement":[{"@type":"ListItem","position":1,"name":"Accueil","item":"https:\/\/369agara.com\/"},{"@type":"ListItem","position":2,"name":"\u00c0 propos de nous"}]},{"@type":"WebSite","@id":"https:\/\/369agara.com\/#website","url":"https:\/\/369agara.com\/","name":"Livsrikedomar","description":"Desconectar para conectar mejor","publisher":{"@id":"https:\/\/369agara.com\/#organization"},"potentialAction":[{"@type":"SearchAction","target":{"@type":"EntryPoint","urlTemplate":"https:\/\/369agara.com\/?s={search_term_string}"},"query-input":{"@type":"PropertyValueSpecification","valueRequired":true,"valueName":"search_term_string"}}],"inLanguage":"es"},{"@type":"Organization","@id":"https:\/\/369agara.com\/#organization","name":"EACreations","url":"https:\/\/369agara.com\/","logo":{"@type":"ImageObject","inLanguage":"es","@id":"https:\/\/369agara.com\/#\/schema\/logo\/image\/","url":"","contentUrl":"","caption":"EACreations"},"image":{"@id":"https:\/\/369agara.com\/#\/schema\/logo\/image\/"}}]}},"jetpack_sharing_enabled":true,"_links":{"self":[{"href":"https:\/\/369agara.com\/es\/wp-json\/wp\/v2\/pages\/1220","targetHints":{"allow":["GET"]}}],"collection":[{"href":"https:\/\/369agara.com\/es\/wp-json\/wp\/v2\/pages"}],"about":[{"href":"https:\/\/369agara.com\/es\/wp-json\/wp\/v2\/types\/page"}],"author":[{"embeddable":true,"href":"https:\/\/369agara.com\/es\/wp-json\/wp\/v2\/users\/1"}],"replies":[{"embeddable":true,"href":"https:\/\/369agara.com\/es\/wp-json\/wp\/v2\/comments?post=1220"}],"version-history":[{"count":25,"href":"https:\/\/369agara.com\/es\/wp-json\/wp\/v2\/pages\/1220\/revisions"}],"predecessor-version":[{"id":4203,"href":"https:\/\/369agara.com\/es\/wp-json\/wp\/v2\/pages\/1220\/revisions\/4203"}],"wp:attachment":[{"href":"https:\/\/369agara.com\/es\/wp-json\/wp\/v2\/media?parent=1220"}],"curies":[{"name":"wp","href":"https:\/\/api.w.org\/{rel}","templated":true}]}}