{"id":1336,"date":"2023-01-06T20:42:07","date_gmt":"2023-01-06T19:42:07","guid":{"rendered":"https:\/\/369agara.com\/?page_id=1336"},"modified":"2025-05-14T12:21:43","modified_gmt":"2025-05-14T10:21:43","slug":"conditions-generales-de-vente","status":"publish","type":"page","link":"https:\/\/369agara.com\/es\/conditions-generales-de-vente\/","title":{"rendered":"Condiciones generales de venta"},"content":{"rendered":"<h1><span style=\"font-family: 'Book Antiqua', Palatino; font-size: 120%; color: #333399;\"><strong>Condiciones Generales de Venta (CGV)<\/strong><\/span><\/h1>\n<p><span style=\"font-family: 'Book Antiqua', Palatino; font-size: 120%; color: #333399;\"><strong>\u00daltima actualizaci\u00f3n: 14\/05\/2025<\/strong><\/span><\/p>\n<hr \/>\n<h2><span style=\"font-family: 'Book Antiqua', Palatino; font-size: 120%; color: #333399;\"><strong>Pre\u00e1mbulo<\/strong><\/span><\/h2>\n<p><span style=\"font-family: 'Book Antiqua', Palatino; font-size: 120%; color: #333399;\">Las presentes Condiciones Generales de Venta (en lo sucesivo \"CGV\") regulan la relaci\u00f3n contractual entre el contratista <strong>Agara<\/strong>que explota el sitio de venta en l\u00ednea www.agara.com, y toda persona f\u00edsica o jur\u00eddica (en lo sucesivo, \"el Cliente\") que desee realizar una compra a trav\u00e9s de dicho sitio.<\/span><\/p>\n<p><span style=\"font-family: 'Book Antiqua', Palatino; font-size: 120%; color: #333399;\">Todo pedido validado en el sitio implica la aceptaci\u00f3n sin reservas de las presentes CGV por parte del Cliente.<\/span><\/p>\n<hr \/>\n<h2><span style=\"font-family: 'Book Antiqua', Palatino; font-size: 120%; color: #333399;\"><strong>Art\u00edculo 1 - Pedidos<\/strong><\/span><\/h2>\n<p><span style=\"font-family: 'Book Antiqua', Palatino; font-size: 120%; color: #333399;\">El Cliente puede realizar un pedido directamente en el sitio web. Todos los pedidos ser\u00e1n definitivos una vez confirmado el pago. El Vendedor se reserva el derecho de rechazar un pedido en caso de litigio previo no resuelto, incidente de pago o sospecha de fraude.<\/span><\/p>\n<hr \/>\n<h2><span style=\"font-family: 'Book Antiqua', Palatino; font-size: 120%; color: #333399;\"><strong>Art\u00edculo 2 - Precios, disponibilidad y plazos de entrega<\/strong><\/span><\/h2>\n<p><span style=\"font-family: 'Book Antiqua', Palatino; font-size: 120%; color: #333399;\">Los precios indicados son en euros, impuestos incluidos.<\/span><br \/><span style=\"font-family: 'Book Antiqua', Palatino; font-size: 120%; color: #333399;\">Nuestras pr\u00e1cticas empresariales <strong>precios de proveedores<\/strong>lo que significa que los precios est\u00e1n sujetos a cambios <strong>en cualquier momento y sin previo aviso<\/strong>.<\/span><\/p>\n<p><span style=\"font-family: 'Book Antiqua', Palatino; font-size: 120%; color: #333399;\">La disponibilidad de los productos se indica en la ficha de cada art\u00edculo, pero puede variar fuera de nuestro control, en particular debido a variaciones en las existencias de los proveedores.<\/span><\/p>\n<p><span style=\"font-family: 'Book Antiqua', Palatino; font-size: 120%; color: #333399;\"><strong>Especificaciones del producto :<\/strong><\/span><\/p>\n<ul>\n<li>\n<p><span style=\"font-family: 'Book Antiqua', Palatino; font-size: 120%; color: #333399;\">Art\u00edculos de la tienda <strong>Baubiologie<\/strong> est\u00e1n disponibles <strong>s\u00f3lo por encargo<\/strong>Esto puede alargar los plazos de env\u00edo.<\/span><\/p>\n<\/li>\n<li>\n<p><span style=\"font-family: 'Book Antiqua', Palatino; font-size: 120%; color: #333399;\">Los productos de <strong>Innovaciones Arc En Ciel<\/strong> son <strong>por encargo<\/strong>Esto implica un mayor tiempo de tramitaci\u00f3n.<\/span><\/p>\n<\/li>\n<\/ul>\n<p><span style=\"font-family: 'Book Antiqua', Palatino; font-size: 120%; color: #333399;\">Los plazos de env\u00edo comienzan en cuanto se confirma el pago y dependen tambi\u00e9n de la disponibilidad de los productos en stock o en producci\u00f3n.<\/span><\/p>\n<hr \/>\n<h2><span style=\"font-family: 'Book Antiqua', Palatino; font-size: 120%; color: #333399;\"><strong>Art\u00edculo 3 - Entrega<\/strong><\/span><\/h2>\n<p><span style=\"font-family: 'Book Antiqua', Palatino; font-size: 120%; color: #333399;\">Las entregas se realizan mediante <a style=\"color: #333399;\" href=\"https:\/\/www.laposte.fr\/conditions-contractuelles\"><strong>La Poste<\/strong><\/a> y <a style=\"color: #333399;\" href=\"https:\/\/www.dpd.com\/fr\/fr\/conditions-generales-vente\/\"><strong>DPD<\/strong><\/a>en Francia y en el extranjero. Los gastos y plazos de entrega var\u00edan seg\u00fan el m\u00e9todo elegido y el destino.<\/span><\/p>\n<p><span style=\"font-family: 'Book Antiqua', Palatino; font-size: 120%; color: #333399;\">Una vez entregado el paquete al transportista, <strong>el Vendedor no se hace responsable de los retrasos, p\u00e9rdidas o da\u00f1os que se produzcan durante el transporte<\/strong>.<\/span><\/p>\n<p><span style=\"font-family: 'Book Antiqua', Palatino; font-size: 120%; color: #333399;\">La gesti\u00f3n de los datos por parte de La Poste y DPD es responsabilidad suya. El Vendedor no se hace responsable del uso que hagan de ellos.<\/span><\/p>\n<hr \/>\n<h2><span style=\"font-family: 'Book Antiqua', Palatino; font-size: 120%; color: #333399;\"><strong>Art\u00edculo 4 - Pago<\/strong><\/span><\/h2>\n<p><span style=\"font-family: 'Book Antiqua', Palatino; font-size: 120%; color: #333399;\">Los pedidos s\u00f3lo pueden pagarse en l\u00ednea a trav\u00e9s del <a style=\"color: #333399;\" href=\"https:\/\/stripe.com\/fr\/privacy\"><strong>Raya<\/strong><\/a>Acepta las principales tarjetas bancarias y algunos m\u00e9todos de pago internacionales.<\/span><\/p>\n<p><span style=\"font-family: 'Book Antiqua', Palatino; font-size: 120%; color: #333399;\">Las transacciones est\u00e1n protegidas mediante encriptaci\u00f3n SSL. Ninguna informaci\u00f3n bancaria pasa o se almacena en nuestro sitio.<\/span><\/p>\n<p><span style=\"font-family: 'Book Antiqua', Palatino; font-size: 120%; color: #333399;\">La responsabilidad de la gesti\u00f3n y la seguridad de los datos de pago recae exclusivamente en <strong>Raya<\/strong>.<\/span><\/p>\n<hr \/>\n<h2><span style=\"font-family: 'Book Antiqua', Palatino; font-size: 120%; color: #333399;\"><strong>Art\u00edculo 5 - Derecho de desistimiento y devoluci\u00f3n<\/strong><\/span><\/h2>\n<p><span style=\"font-family: 'Book Antiqua', Palatino; font-size: 120%; color: #333399;\">De conformidad con el<a style=\"color: #333399;\" href=\"https:\/\/www.legifrance.gouv.fr\/codes\/article_lc\/LEGIARTI000032226842\/2020-08-27\">Art\u00edculo L.221-18 del C\u00f3digo de Consumo<\/a>el Cliente dispone de un plazo de <strong>14 d\u00edas<\/strong> desde la recepci\u00f3n de los productos para ejercer el derecho de desistimiento, <strong>a excepci\u00f3n de los productos excluidos por ley<\/strong>tal que :<\/span><\/p>\n<ul>\n<li>\n<p><span style=\"font-family: 'Book Antiqua', Palatino; font-size: 120%; color: #333399;\"><strong>Productos a medida o por encargo<\/strong> ;<\/span><\/p>\n<\/li>\n<li>\n<p><span style=\"font-family: 'Book Antiqua', Palatino; font-size: 120%; color: #333399;\"><strong>Art\u00edculos textiles (ropa, s\u00e1banas, ropa de cama, etc.)<\/strong> de los cuales <strong>se ha abierto el envase<\/strong>.<\/span><\/p>\n<\/li>\n<\/ul>\n<p><span style=\"font-family: 'Book Antiqua', Palatino; font-size: 120%; color: #333399;\">El vendedor <strong>se reserva el derecho a rechazar una devoluci\u00f3n<\/strong> si el embalaje original est\u00e1 da\u00f1ado o abierto, o si el producto ya no puede considerarse nuevo.<\/span><\/p>\n<p><span style=\"font-family: 'Book Antiqua', Palatino; font-size: 120%; color: #333399;\">Los rendimientos son <strong>a cargo del cliente<\/strong>y debe llevarse a cabo <strong>con acuse de recibo<\/strong>. A falta de prueba del env\u00edo o de la recepci\u00f3n, el Vendedor declina toda responsabilidad.<\/span><\/p>\n<hr \/>\n<h2><span style=\"font-family: 'Book Antiqua', Palatino; font-size: 120%; color: #333399;\"><strong>Art\u00edculo 6 - Cl\u00e1usula de reserva de dominio<\/strong><\/span><\/h2>\n<p><span style=\"font-family: 'Book Antiqua', Palatino; font-size: 120%; color: #333399;\">Los productos seguir\u00e1n siendo propiedad del Vendedor hasta que <strong>pago \u00edntegro del precio<\/strong> por el Cliente.<\/span><br \/><span style=\"font-family: 'Book Antiqua', Palatino; font-size: 120%; color: #333399;\">Desde el momento de la entrega, los riesgos (p\u00e9rdida, robo, da\u00f1os) se transfieren al Cliente.<\/span><\/p>\n<hr \/>\n<h2><span style=\"font-family: 'Book Antiqua', Palatino; font-size: 120%; color: #333399;\"><strong>Art\u00edculo 7 - Reembolsos<\/strong><\/span><\/h2>\n<p><span style=\"font-family: 'Book Antiqua', Palatino; font-size: 120%; color: #333399;\">Los productos susceptibles de devoluci\u00f3n ser\u00e1n <strong>reembolsado en forma de cheque boutique<\/strong>que se representa mediante un <strong>c\u00f3digo de descuento<\/strong> correspondiente al importe de los art\u00edculos devueltos (excluidos los gastos de env\u00edo), que se utilizar\u00e1 en un pedido futuro.<\/span><\/p>\n<hr \/>\n<h2><span style=\"font-family: 'Book Antiqua', Palatino; font-size: 120%; color: #333399;\"><strong>Art\u00edculo 8 - Garant\u00eda del producto<\/strong><\/span><\/h2>\n<p><span style=\"font-family: 'Book Antiqua', Palatino; font-size: 120%; color: #333399;\">Todos los productos se benefician de la <strong>garant\u00eda legal de conformidad<\/strong> (<a style=\"color: #333399;\" href=\"https:\/\/www.legifrance.gouv.fr\/contenu\/menu\/droit-national-en-vigueur\">Art\u00edculos L.217-4 a L.217-14 del C\u00f3digo de Consumo<\/a>) y <strong>garant\u00eda contra vicios ocultos<\/strong> (<a style=\"color: #333399;\" href=\"https:\/\/www.legifrance.gouv.fr\/contenu\/menu\/droit-national-en-vigueur\">art\u00edculos 1641 a 1649 del C\u00f3digo Civil<\/a>).<\/span><\/p>\n<p><span style=\"font-family: 'Book Antiqua', Palatino; font-size: 120%; color: #333399;\">Si se detecta un defecto, el Cliente deber\u00e1 informar del problema en un plazo razonable. El Vendedor se compromete a sustituir o reparar el producto en cuesti\u00f3n, o a ofrecer un abono equivalente.<\/span><\/p>\n<hr \/>\n<h2><span style=\"font-family: 'Book Antiqua', Palatino; font-size: 120%; color: #333399;\"><strong>Art\u00edculo 9 - Responsabilidad<\/strong><\/span><\/h2>\n<p><span style=\"font-family: 'Book Antiqua', Palatino; font-size: 120%; color: #333399;\">El Vendedor no se hace responsable de los da\u00f1os resultantes de un mal uso del producto adquirido o de una negligencia por parte del Cliente.<\/span><\/p>\n<p><span style=\"font-family: 'Book Antiqua', Palatino; font-size: 120%; color: #333399;\">El Vendedor no se hace responsable de los retrasos o fallos imputables a sus socios (transportistas, proveedores de servicios de pago).<\/span><\/p>\n<hr \/>\n<h2><span style=\"font-family: 'Book Antiqua', Palatino; font-size: 120%; color: #333399;\"><strong>Art\u00edculo 10 - Protecci\u00f3n de datos personales (RGPD)<\/strong><\/span><\/h2>\n<p><span style=\"font-family: 'Book Antiqua', Palatino; font-size: 120%; color: #333399;\">El Vendedor se compromete a cumplir las <strong>privacidad<\/strong> de sus Clientes y garantizar <strong>protecci\u00f3n de datos personales<\/strong>de acuerdo con <a style=\"color: #333399;\" href=\"https:\/\/eur-lex.europa.eu\/legal-content\/FR\/TXT\/?uri=CELEX%3A32016R0679\"><strong>Reglamento general de protecci\u00f3n de datos (RGPD)<\/strong><\/a>.<\/span><\/p>\n<h3><span style=\"font-family: 'Book Antiqua', Palatino; font-size: 120%; color: #333399;\">Datos recogidos :<\/span><\/h3>\n<p><span style=\"font-family: 'Book Antiqua', Palatino; font-size: 120%; color: #333399;\">Los datos personales recogidos son estrictamente necesarios para :<\/span><\/p>\n<ul>\n<li>\n<p><span style=\"font-family: 'Book Antiqua', Palatino; font-size: 120%; color: #333399;\">gesti\u00f3n de pedidos,<\/span><\/p>\n<\/li>\n<li>\n<p><span style=\"font-family: 'Book Antiqua', Palatino; font-size: 120%; color: #333399;\">mejorar la experiencia del usuario,<\/span><\/p>\n<\/li>\n<li>\n<p><span style=\"font-family: 'Book Antiqua', Palatino; font-size: 120%; color: #333399;\">relaciones con los clientes.<\/span><\/p>\n<\/li>\n<\/ul>\n<p><span style=\"font-family: 'Book Antiqua', Palatino; font-size: 120%; color: #333399;\">Ninguna informaci\u00f3n personal es <strong>revendido o transferido<\/strong> a terceros con fines comerciales.<\/span><\/p>\n<p><span style=\"font-family: 'Book Antiqua', Palatino; font-size: 120%; color: #333399;\">Los datos se alojan de forma segura. El Cliente tiene acceso en todo momento a <strong>derecho de acceso, rectificaci\u00f3n, supresi\u00f3n, oposici\u00f3n y portabilidad<\/strong> de sus datos, previa simple solicitud a trav\u00e9s de nuestra p\u00e1gina <strong>P\u00f3ngase en contacto con<\/strong>.<\/span><\/p>\n<p><span style=\"font-family: 'Book Antiqua', Palatino; font-size: 120%; color: #333399;\">No aceptamos responsabilidad alguna por la <strong>gesti\u00f3n de datos personales por los socios<\/strong> terceros implicados en la tramitaci\u00f3n del pedido, en particular <strong>Raya<\/strong>, <strong>La Poste<\/strong> y <strong>DPD<\/strong>cada una de las cuales es responsable de su propia pol\u00edtica de confidencialidad.<\/span><\/p>\n<hr \/>\n<h2><span style=\"font-family: 'Book Antiqua', Palatino; font-size: 120%; color: #333399;\"><strong>Art\u00edculo 11 - Ley aplicable y jurisdicci\u00f3n<\/strong><\/span><\/h2>\n<p><span style=\"font-family: 'Book Antiqua', Palatino; font-size: 120%; color: #333399;\">Las presentes Condiciones Generales est\u00e1n sujetas a <strong>Derecho franc\u00e9s<\/strong>.<\/span><br \/><span style=\"font-family: 'Book Antiqua', Palatino; font-size: 120%; color: #333399;\">En caso de litigio, y tras un intento de resoluci\u00f3n amistosa, la competencia se atribuye al <strong>Tribunales franceses<\/strong> con competencia territorial, de conformidad con las normas de la Ley de Enjuiciamiento Civil.<\/span><\/p>","protected":false},"excerpt":{"rendered":"","protected":false},"author":1,"featured_media":0,"parent":0,"menu_order":0,"comment_status":"closed","ping_status":"closed","template":"","meta":{"footnotes":""},"class_list":["post-1336","page","type-page","status-publish","hentry"],"yoast_head":"<!-- This site is optimized with the Yoast SEO Premium plugin v25.1 (Yoast SEO v27.4) - https:\/\/yoast.com\/product\/yoast-seo-premium-wordpress\/ -->\n<title>Conditions g\u00e9n\u00e9rales de vente | Agara<\/title>\n<meta name=\"robots\" content=\"index, follow, max-snippet:-1, max-image-preview:large, max-video-preview:-1\" \/>\n<link rel=\"canonical\" href=\"https:\/\/369agara.com\/es\/conditions-generales-de-vente\/\" \/>\n<meta property=\"og:locale\" content=\"es_ES\" \/>\n<meta property=\"og:type\" content=\"article\" \/>\n<meta property=\"og:title\" content=\"Conditions g\u00e9n\u00e9rales de vente\" \/>\n<meta property=\"og:url\" content=\"https:\/\/369agara.com\/es\/conditions-generales-de-vente\/\" \/>\n<meta property=\"og:site_name\" content=\"Agara\" \/>\n<meta property=\"article:modified_time\" content=\"2025-05-14T10:21:43+00:00\" \/>\n<meta name=\"twitter:card\" content=\"summary_large_image\" \/>\n<script type=\"application\/ld+json\" class=\"yoast-schema-graph\">{\"@context\":\"https:\\\/\\\/schema.org\",\"@graph\":[{\"@type\":\"WebPage\",\"@id\":\"https:\\\/\\\/369agara.com\\\/conditions-generales-de-vente\\\/\",\"url\":\"https:\\\/\\\/369agara.com\\\/conditions-generales-de-vente\\\/\",\"name\":\"Conditions g\u00e9n\u00e9rales de vente | Agara\",\"isPartOf\":{\"@id\":\"https:\\\/\\\/369agara.com\\\/#website\"},\"datePublished\":\"2023-01-06T19:42:07+00:00\",\"dateModified\":\"2025-05-14T10:21:43+00:00\",\"breadcrumb\":{\"@id\":\"https:\\\/\\\/369agara.com\\\/conditions-generales-de-vente\\\/#breadcrumb\"},\"inLanguage\":\"es\",\"potentialAction\":[{\"@type\":\"ReadAction\",\"target\":[\"https:\\\/\\\/369agara.com\\\/conditions-generales-de-vente\\\/\"]}]},{\"@type\":\"BreadcrumbList\",\"@id\":\"https:\\\/\\\/369agara.com\\\/conditions-generales-de-vente\\\/#breadcrumb\",\"itemListElement\":[{\"@type\":\"ListItem\",\"position\":1,\"name\":\"Accueil\",\"item\":\"https:\\\/\\\/369agara.com\\\/\"},{\"@type\":\"ListItem\",\"position\":2,\"name\":\"Conditions g\u00e9n\u00e9rales de vente\"}]},{\"@type\":\"WebSite\",\"@id\":\"https:\\\/\\\/369agara.com\\\/#website\",\"url\":\"https:\\\/\\\/369agara.com\\\/\",\"name\":\"Livsrikedomar\",\"description\":\"D\u00e9connectez pour mieux vous connecter\",\"publisher\":{\"@id\":\"https:\\\/\\\/369agara.com\\\/#organization\"},\"potentialAction\":[{\"@type\":\"SearchAction\",\"target\":{\"@type\":\"EntryPoint\",\"urlTemplate\":\"https:\\\/\\\/369agara.com\\\/?s={search_term_string}\"},\"query-input\":{\"@type\":\"PropertyValueSpecification\",\"valueRequired\":true,\"valueName\":\"search_term_string\"}}],\"inLanguage\":\"es\"},{\"@type\":\"Organization\",\"@id\":\"https:\\\/\\\/369agara.com\\\/#organization\",\"name\":\"EACreations\",\"url\":\"https:\\\/\\\/369agara.com\\\/\",\"logo\":{\"@type\":\"ImageObject\",\"inLanguage\":\"es\",\"@id\":\"https:\\\/\\\/369agara.com\\\/#\\\/schema\\\/logo\\\/image\\\/\",\"url\":\"\",\"contentUrl\":\"\",\"caption\":\"EACreations\"},\"image\":{\"@id\":\"https:\\\/\\\/369agara.com\\\/#\\\/schema\\\/logo\\\/image\\\/\"}}]}<\/script>\n<!-- \/ Yoast SEO Premium plugin. -->","yoast_head_json":{"title":"Conditions g\u00e9n\u00e9rales de vente | Agara","robots":{"index":"index","follow":"follow","max-snippet":"max-snippet:-1","max-image-preview":"max-image-preview:large","max-video-preview":"max-video-preview:-1"},"canonical":"https:\/\/369agara.com\/es\/conditions-generales-de-vente\/","og_locale":"es_ES","og_type":"article","og_title":"Conditions g\u00e9n\u00e9rales de vente","og_url":"https:\/\/369agara.com\/es\/conditions-generales-de-vente\/","og_site_name":"Agara","article_modified_time":"2025-05-14T10:21:43+00:00","twitter_card":"summary_large_image","schema":{"@context":"https:\/\/schema.org","@graph":[{"@type":"WebPage","@id":"https:\/\/369agara.com\/conditions-generales-de-vente\/","url":"https:\/\/369agara.com\/conditions-generales-de-vente\/","name":"Conditions g\u00e9n\u00e9rales de vente | Agara","isPartOf":{"@id":"https:\/\/369agara.com\/#website"},"datePublished":"2023-01-06T19:42:07+00:00","dateModified":"2025-05-14T10:21:43+00:00","breadcrumb":{"@id":"https:\/\/369agara.com\/conditions-generales-de-vente\/#breadcrumb"},"inLanguage":"es","potentialAction":[{"@type":"ReadAction","target":["https:\/\/369agara.com\/conditions-generales-de-vente\/"]}]},{"@type":"BreadcrumbList","@id":"https:\/\/369agara.com\/conditions-generales-de-vente\/#breadcrumb","itemListElement":[{"@type":"ListItem","position":1,"name":"Accueil","item":"https:\/\/369agara.com\/"},{"@type":"ListItem","position":2,"name":"Conditions g\u00e9n\u00e9rales de vente"}]},{"@type":"WebSite","@id":"https:\/\/369agara.com\/#website","url":"https:\/\/369agara.com\/","name":"Livsrikedomar","description":"Desconectar para conectar mejor","publisher":{"@id":"https:\/\/369agara.com\/#organization"},"potentialAction":[{"@type":"SearchAction","target":{"@type":"EntryPoint","urlTemplate":"https:\/\/369agara.com\/?s={search_term_string}"},"query-input":{"@type":"PropertyValueSpecification","valueRequired":true,"valueName":"search_term_string"}}],"inLanguage":"es"},{"@type":"Organization","@id":"https:\/\/369agara.com\/#organization","name":"EACreations","url":"https:\/\/369agara.com\/","logo":{"@type":"ImageObject","inLanguage":"es","@id":"https:\/\/369agara.com\/#\/schema\/logo\/image\/","url":"","contentUrl":"","caption":"EACreations"},"image":{"@id":"https:\/\/369agara.com\/#\/schema\/logo\/image\/"}}]}},"jetpack_sharing_enabled":true,"_links":{"self":[{"href":"https:\/\/369agara.com\/es\/wp-json\/wp\/v2\/pages\/1336","targetHints":{"allow":["GET"]}}],"collection":[{"href":"https:\/\/369agara.com\/es\/wp-json\/wp\/v2\/pages"}],"about":[{"href":"https:\/\/369agara.com\/es\/wp-json\/wp\/v2\/types\/page"}],"author":[{"embeddable":true,"href":"https:\/\/369agara.com\/es\/wp-json\/wp\/v2\/users\/1"}],"replies":[{"embeddable":true,"href":"https:\/\/369agara.com\/es\/wp-json\/wp\/v2\/comments?post=1336"}],"version-history":[{"count":18,"href":"https:\/\/369agara.com\/es\/wp-json\/wp\/v2\/pages\/1336\/revisions"}],"predecessor-version":[{"id":3876,"href":"https:\/\/369agara.com\/es\/wp-json\/wp\/v2\/pages\/1336\/revisions\/3876"}],"wp:attachment":[{"href":"https:\/\/369agara.com\/es\/wp-json\/wp\/v2\/media?parent=1336"}],"curies":[{"name":"wp","href":"https:\/\/api.w.org\/{rel}","templated":true}]}}