{"id":3819,"date":"2025-05-12T22:15:49","date_gmt":"2025-05-12T20:15:49","guid":{"rendered":"https:\/\/369agara.com\/?page_id=3819"},"modified":"2025-05-12T22:38:31","modified_gmt":"2025-05-12T20:38:31","slug":"a-quoi-servent-les-peintures-anti-ondes","status":"publish","type":"page","link":"https:\/\/369agara.com\/es\/a-quoi-servent-les-peintures-anti-ondes\/","title":{"rendered":"\u00bfPara qu\u00e9 sirve la pintura antioleaje?"},"content":{"rendered":"<p><\/p>\n\n\n\n\t<section class=\"section\" id=\"section_1800665481\">\n\t\t<div class=\"bg section-bg fill bg-fill bg-loaded bg-loaded\" >\n\n\t\t\t\n\t\t\t\n\t\t\t\n\n\t\t<\/div>\n\n\t\t\n\n\t\t<div class=\"section-content relative\">\n\t\t\t\n\n<h1 style=\"text-align: center;\"><span style=\"font-family: 'Book Antiqua', Palatino; font-size: 120%;\">\u00bfPara qu\u00e9 sirve la pintura antioleaje?<\/span><\/h1>\n<p><span style=\"font-family: 'Book Antiqua', Palatino; font-size: 120%; color: #333399;\">Las pinturas anti-ondas se utilizan para reducir la exposici\u00f3n a las ondas de baja y alta frecuencia en las habitaciones donde se pasa mucho tiempo.<\/span><\/p>\n<p><span style=\"font-family: 'Book Antiqua', Palatino; font-size: 120%; color: #333399;\">Existen dos tipos de pintura antioleaje:<\/span><\/p>\n<ul>\n<li><span style=\"font-family: 'Book Antiqua', Palatino; font-size: 120%; color: #333399;\">pintura protectora de baja frecuencia, para proteger contra los campos el\u00e9ctricos alternos de baja frecuencia (50 Hertz \/ 230 V, procedentes del cableado el\u00e9ctrico de su vivienda).<\/span><\/li>\n<li><span style=\"font-family: 'Book Antiqua', Palatino; font-size: 120%; color: #333399;\">pintura de protecci\u00f3n contra las altas frecuencias, dise\u00f1ada para evitar que entren en su casa radiaciones de alta frecuencia (radiaciones procedentes de estaciones base, WiFi y\/o tel\u00e9fonos inal\u00e1mbricos DECT de los vecinos, etc.).<\/span><\/li>\n<\/ul>\n<h3><span style=\"font-family: 'Book Antiqua', Palatino; font-size: 120%; color: #ed1c24;\">Pintura protectora de baja frecuencia<\/span><\/h3>\n<p><span style=\"font-family: 'Book Antiqua', Palatino; font-size: 120%; color: #333399;\">Los campos el\u00e9ctricos en sus paredes y techos pueden ser generados por su instalaci\u00f3n el\u00e9ctrica o por :<\/span><\/p>\n<ul>\n<li><span style=\"font-family: 'Book Antiqua', Palatino; font-size: 120%; color: #333399;\">una l\u00ednea de distribuci\u00f3n a\u00e9rea que pasa por encima de su casa y la contamina a trav\u00e9s de la estructura del tejado<\/span><\/li>\n<li><span style=\"font-family: 'Book Antiqua', Palatino; font-size: 120%; color: #333399;\">un suministro el\u00e9ctrico a trav\u00e9s del tejado y un cuadro el\u00e9ctrico en el s\u00f3tano o en la planta baja (la tensi\u00f3n permanente del cable de suministro contamina las paredes y los suelos)<\/span><\/li>\n<li><span style=\"font-family: 'Book Antiqua', Palatino; font-size: 120%; color: #333399;\">la instalaci\u00f3n el\u00e9ctrica de su vecino si vive en una casa adosada o pareada<\/span><\/li>\n<\/ul>\n<p><span style=\"font-family: 'Book Antiqua', Palatino; font-size: 120%; color: #333399;\">A diferencia de los interruptores autom\u00e1ticos de campo, que eliminan la contaminaci\u00f3n el\u00e9ctrica cuando las luces est\u00e1n apagadas, la pintura con toma de tierra elimina la contaminaci\u00f3n de su hogar las 24 horas del d\u00eda, con las luces encendidas.<\/span><\/p>\n<p><span style=\"font-family: 'Book Antiqua', Palatino; font-size: 120%; color: #333399;\">En las casas con entramado o de madera, donde se pueden medir campos el\u00e9ctricos muy fuertes (la madera conduce estos campos), la pintura suele ser la mejor soluci\u00f3n. Ser\u00e1 eficaz siempre que est\u00e9 conectada a tierra.<\/span><\/p>\n\n\t\t<\/div>\n\n\t\t\n<style>\n#section_1800665481 {\n  padding-top: 30px;\n  padding-bottom: 30px;\n}\n#section_1800665481 .ux-shape-divider--top svg {\n  height: 150px;\n  --divider-top-width: 100%;\n}\n#section_1800665481 .ux-shape-divider--bottom svg {\n  height: 150px;\n  --divider-width: 100%;\n}\n<\/style>\n\t<\/section>","protected":false},"excerpt":{"rendered":"","protected":false},"author":1,"featured_media":0,"parent":0,"menu_order":0,"comment_status":"closed","ping_status":"closed","template":"","meta":{"footnotes":""},"class_list":["post-3819","page","type-page","status-publish","hentry"],"yoast_head":"<!-- This site is optimized with the Yoast SEO Premium plugin v25.1 (Yoast SEO v27.4) - https:\/\/yoast.com\/product\/yoast-seo-premium-wordpress\/ -->\n<title>\u00c0 quoi servent les peintures anti-ondes ? | Agara<\/title>\n<meta name=\"robots\" content=\"index, follow, max-snippet:-1, max-image-preview:large, max-video-preview:-1\" \/>\n<link rel=\"canonical\" href=\"https:\/\/369agara.com\/es\/a-quoi-servent-les-peintures-anti-ondes\/\" \/>\n<meta property=\"og:locale\" content=\"es_ES\" \/>\n<meta property=\"og:type\" content=\"article\" \/>\n<meta property=\"og:title\" content=\"\u00c0 quoi servent les peintures anti-ondes ?\" \/>\n<meta property=\"og:url\" content=\"https:\/\/369agara.com\/es\/a-quoi-servent-les-peintures-anti-ondes\/\" \/>\n<meta property=\"og:site_name\" content=\"Agara\" \/>\n<meta property=\"article:modified_time\" content=\"2025-05-12T20:38:31+00:00\" \/>\n<meta name=\"twitter:card\" content=\"summary_large_image\" \/>\n<script type=\"application\/ld+json\" class=\"yoast-schema-graph\">{\"@context\":\"https:\\\/\\\/schema.org\",\"@graph\":[{\"@type\":\"WebPage\",\"@id\":\"https:\\\/\\\/369agara.com\\\/a-quoi-servent-les-peintures-anti-ondes\\\/\",\"url\":\"https:\\\/\\\/369agara.com\\\/a-quoi-servent-les-peintures-anti-ondes\\\/\",\"name\":\"\u00c0 quoi servent les peintures anti-ondes ? | Agara\",\"isPartOf\":{\"@id\":\"https:\\\/\\\/369agara.com\\\/#website\"},\"datePublished\":\"2025-05-12T20:15:49+00:00\",\"dateModified\":\"2025-05-12T20:38:31+00:00\",\"breadcrumb\":{\"@id\":\"https:\\\/\\\/369agara.com\\\/a-quoi-servent-les-peintures-anti-ondes\\\/#breadcrumb\"},\"inLanguage\":\"es\",\"potentialAction\":[{\"@type\":\"ReadAction\",\"target\":[\"https:\\\/\\\/369agara.com\\\/a-quoi-servent-les-peintures-anti-ondes\\\/\"]}]},{\"@type\":\"BreadcrumbList\",\"@id\":\"https:\\\/\\\/369agara.com\\\/a-quoi-servent-les-peintures-anti-ondes\\\/#breadcrumb\",\"itemListElement\":[{\"@type\":\"ListItem\",\"position\":1,\"name\":\"Accueil\",\"item\":\"https:\\\/\\\/369agara.com\\\/\"},{\"@type\":\"ListItem\",\"position\":2,\"name\":\"\u00c0 quoi servent les peintures anti-ondes ?\"}]},{\"@type\":\"WebSite\",\"@id\":\"https:\\\/\\\/369agara.com\\\/#website\",\"url\":\"https:\\\/\\\/369agara.com\\\/\",\"name\":\"Livsrikedomar\",\"description\":\"D\u00e9connectez pour mieux vous connecter\",\"publisher\":{\"@id\":\"https:\\\/\\\/369agara.com\\\/#organization\"},\"potentialAction\":[{\"@type\":\"SearchAction\",\"target\":{\"@type\":\"EntryPoint\",\"urlTemplate\":\"https:\\\/\\\/369agara.com\\\/?s={search_term_string}\"},\"query-input\":{\"@type\":\"PropertyValueSpecification\",\"valueRequired\":true,\"valueName\":\"search_term_string\"}}],\"inLanguage\":\"es\"},{\"@type\":\"Organization\",\"@id\":\"https:\\\/\\\/369agara.com\\\/#organization\",\"name\":\"EACreations\",\"url\":\"https:\\\/\\\/369agara.com\\\/\",\"logo\":{\"@type\":\"ImageObject\",\"inLanguage\":\"es\",\"@id\":\"https:\\\/\\\/369agara.com\\\/#\\\/schema\\\/logo\\\/image\\\/\",\"url\":\"\",\"contentUrl\":\"\",\"caption\":\"EACreations\"},\"image\":{\"@id\":\"https:\\\/\\\/369agara.com\\\/#\\\/schema\\\/logo\\\/image\\\/\"}}]}<\/script>\n<!-- \/ Yoast SEO Premium plugin. -->","yoast_head_json":{"title":"\u00c0 quoi servent les peintures anti-ondes ? | Agara","robots":{"index":"index","follow":"follow","max-snippet":"max-snippet:-1","max-image-preview":"max-image-preview:large","max-video-preview":"max-video-preview:-1"},"canonical":"https:\/\/369agara.com\/es\/a-quoi-servent-les-peintures-anti-ondes\/","og_locale":"es_ES","og_type":"article","og_title":"\u00c0 quoi servent les peintures anti-ondes ?","og_url":"https:\/\/369agara.com\/es\/a-quoi-servent-les-peintures-anti-ondes\/","og_site_name":"Agara","article_modified_time":"2025-05-12T20:38:31+00:00","twitter_card":"summary_large_image","schema":{"@context":"https:\/\/schema.org","@graph":[{"@type":"WebPage","@id":"https:\/\/369agara.com\/a-quoi-servent-les-peintures-anti-ondes\/","url":"https:\/\/369agara.com\/a-quoi-servent-les-peintures-anti-ondes\/","name":"\u00c0 quoi servent les peintures anti-ondes ? | Agara","isPartOf":{"@id":"https:\/\/369agara.com\/#website"},"datePublished":"2025-05-12T20:15:49+00:00","dateModified":"2025-05-12T20:38:31+00:00","breadcrumb":{"@id":"https:\/\/369agara.com\/a-quoi-servent-les-peintures-anti-ondes\/#breadcrumb"},"inLanguage":"es","potentialAction":[{"@type":"ReadAction","target":["https:\/\/369agara.com\/a-quoi-servent-les-peintures-anti-ondes\/"]}]},{"@type":"BreadcrumbList","@id":"https:\/\/369agara.com\/a-quoi-servent-les-peintures-anti-ondes\/#breadcrumb","itemListElement":[{"@type":"ListItem","position":1,"name":"Accueil","item":"https:\/\/369agara.com\/"},{"@type":"ListItem","position":2,"name":"\u00c0 quoi servent les peintures anti-ondes ?"}]},{"@type":"WebSite","@id":"https:\/\/369agara.com\/#website","url":"https:\/\/369agara.com\/","name":"Livsrikedomar","description":"Desconectar para conectar mejor","publisher":{"@id":"https:\/\/369agara.com\/#organization"},"potentialAction":[{"@type":"SearchAction","target":{"@type":"EntryPoint","urlTemplate":"https:\/\/369agara.com\/?s={search_term_string}"},"query-input":{"@type":"PropertyValueSpecification","valueRequired":true,"valueName":"search_term_string"}}],"inLanguage":"es"},{"@type":"Organization","@id":"https:\/\/369agara.com\/#organization","name":"EACreations","url":"https:\/\/369agara.com\/","logo":{"@type":"ImageObject","inLanguage":"es","@id":"https:\/\/369agara.com\/#\/schema\/logo\/image\/","url":"","contentUrl":"","caption":"EACreations"},"image":{"@id":"https:\/\/369agara.com\/#\/schema\/logo\/image\/"}}]}},"jetpack_sharing_enabled":true,"_links":{"self":[{"href":"https:\/\/369agara.com\/es\/wp-json\/wp\/v2\/pages\/3819","targetHints":{"allow":["GET"]}}],"collection":[{"href":"https:\/\/369agara.com\/es\/wp-json\/wp\/v2\/pages"}],"about":[{"href":"https:\/\/369agara.com\/es\/wp-json\/wp\/v2\/types\/page"}],"author":[{"embeddable":true,"href":"https:\/\/369agara.com\/es\/wp-json\/wp\/v2\/users\/1"}],"replies":[{"embeddable":true,"href":"https:\/\/369agara.com\/es\/wp-json\/wp\/v2\/comments?post=3819"}],"version-history":[{"count":3,"href":"https:\/\/369agara.com\/es\/wp-json\/wp\/v2\/pages\/3819\/revisions"}],"predecessor-version":[{"id":3822,"href":"https:\/\/369agara.com\/es\/wp-json\/wp\/v2\/pages\/3819\/revisions\/3822"}],"wp:attachment":[{"href":"https:\/\/369agara.com\/es\/wp-json\/wp\/v2\/media?parent=3819"}],"curies":[{"name":"wp","href":"https:\/\/api.w.org\/{rel}","templated":true}]}}