{"id":3823,"date":"2025-05-12T22:45:36","date_gmt":"2025-05-12T20:45:36","guid":{"rendered":"https:\/\/369agara.com\/?page_id=3823"},"modified":"2025-05-12T23:20:09","modified_gmt":"2025-05-12T21:20:09","slug":"application-peinture-anti-ondes","status":"publish","type":"page","link":"https:\/\/369agara.com\/es\/application-peinture-anti-ondes\/","title":{"rendered":"Application peinture anti-ondes"},"content":{"rendered":"<section class=\"section\" id=\"section_619551570\">\n\t\t<div class=\"bg section-bg fill bg-fill bg-loaded bg-loaded\" >\n\n\t\t\t\n\t\t\t\n\t\t\t\n\n\t\t<\/div>\n\n\t\t\n\n\t\t<div class=\"section-content relative\">\n\t\t\t\n\n<h1 style=\"text-align: center;\"><span style=\"font-family: 'Book Antiqua', Palatino; font-size: 120%; color: #333399;\">\u00bfC\u00f3mo se aplica la pintura protectora antioleaje?<\/span><\/h1>\n<p><span style=\"font-family: 'Book Antiqua', Palatino; font-size: 120%; color: #333399;\">Ha decidido protegerse de las olas aplicando pintura protectora antioleaje en sus paredes y\/o techos, y ha reunido el material necesario (pintura, por supuesto, pero tambi\u00e9n los accesorios de puesta a tierra indispensables, brocha o rodillo, ropa de obra, etc.) S\u00f3lo le queda realizar el trabajo.<\/span><\/p>\n<p><span style=\"font-family: 'Book Antiqua', Palatino; font-size: 120%; color: #333399;\">En este art\u00edculo, le mostraremos paso a paso una forma r\u00e1pida y sencilla de aplicar su pintura, que se aplica como cualquier otra pintura \"tradicional\", sobre yeso, cemento, cob, papel pintado o cualquier otra pintura existente.<\/span><\/p>\n<h3><span style=\"font-family: 'Book Antiqua', Palatino; font-size: 120%; color: #ed1c24;\">Paso 1: Preparaci\u00f3n de la superficie que se va a pintar<\/span><\/h3>\n<p><span style=\"font-family: 'Book Antiqua', Palatino; font-size: 120%; color: #333399;\">Como con cualquier otra pintura, la superficie a pintar debe ser cuidadosamente desengrasada y preparada, para eliminar las rugosidades porosas y rellenar cualquier agujero. Puede ser necesaria una imprimaci\u00f3n (capa de fondo), como GK5 YShield u otra, dependiendo de la naturaleza de la superficie a pintar.<\/span><\/p>\n<h3><span style=\"font-family: 'Book Antiqua', Palatino; font-size: 120%; color: #ed1c24;\">Paso<\/span><span style=\"font-family: 'Book Antiqua', Palatino; font-size: 120%; color: #ed1c24;\"> 2: aplicar la cinta de puesta a tierra EBX o preparar el aditivo AF3<\/span><\/h3>\n<p><span style=\"font-family: 'Book Antiqua', Palatino; font-size: 120%; color: #333399;\">Para garantizar la conductividad de su pintura, tiene 2 opciones: o bien colocar cinta de puesta a tierra EBX en sus paredes, o bien utilizar el aditivo AF3.<\/span><\/p>\n<p><span style=\"font-family: 'Book Antiqua', Palatino; font-size: 120%; color: #333399;\">Instalaci\u00f3n de la cinta EBX: La cinta EBX YShield es una cinta adhesiva que debe aplicarse en la pared antes de pintarla. Se coloca una tira vertical y otra horizontal en la pared, teniendo en cuenta que la placa de toma de tierra se colocar\u00e1 en la intersecci\u00f3n de estas 2 tiras.<\/span><br \/><span style=\"font-family: 'Book Antiqua', Palatino; font-size: 120%; color: #333399;\">Por lo tanto, la ubicaci\u00f3n se elige pensando en la practicidad (a menudo en un lado de la pared para la franja vertical y en el rodapi\u00e9 para la franja horizontal). Esta soluci\u00f3n es adecuada si sus paredes est\u00e1n en buen estado y la superficie es plana. La cinta EBX10 tambi\u00e9n puede aplicarse despu\u00e9s de pintar.<\/span><\/p>\n<p><span style=\"font-family: 'Book Antiqua', Palatino; font-size: 120%; color: #333399;\">Uso del aditivo AF3: El aditivo AF3 contiene largas fibras de carbono. Mezclado con pinturas antioleaje, les confiere una mayor conductividad, incluso en superficies irregulares. Un bote de aditivo es suficiente para 5 litros de pintura. Vierta su contenido en el bote de pintura y m\u00e9zclelo bien con una batidora el\u00e9ctrica durante al menos un minuto, para obtener una mezcla homog\u00e9nea.<\/span><\/p>\n<h3><span style=\"font-family: 'Book Antiqua', Palatino; font-size: 120%; color: #ed1c24;\">Paso<\/span><span style=\"font-family: 'Book Antiqua', Palatino; font-size: 120%; color: #ed1c24;\"> 3: aplicaci\u00f3n de la pintura<\/span><\/h3>\n<p><span style=\"font-family: 'Book Antiqua', Palatino; font-size: 120%; color: #333399;\">La pintura antioleaje puede aplicarse con brocha, rodillo o pistola (boquilla de 6 mm).<\/span><br \/><span style=\"font-family: 'Book Antiqua', Palatino; font-size: 120%; color: #333399;\">Por experiencia, le aconsejamos que elija un rollo \"peque\u00f1o\", de 10-15 cm de ancho, para evitar al m\u00e1ximo las salpicaduras.<\/span><br \/><span style=\"font-family: 'Book Antiqua', Palatino; font-size: 120%; color: #333399;\">Se puede lavar con agua, por lo que es f\u00e1cil de eliminar de las manos o los pinceles. Cuando abra el bote, mezcle bien la pintura y, a continuaci\u00f3n, apl\u00edquela sobre toda la superficie que desee proteger, con tiempo seco (si pinta en el exterior) y a una temperatura superior a 5\u00b0C. El tiempo de secado es de 12 a 36 horas, dependiendo de la temperatura. Espere a que la pintura est\u00e9 seca si va a aplicar una segunda capa.<\/span><\/p>\n<h3><span style=\"font-family: 'Book Antiqua', Palatino; font-size: 120%; color: #ed1c24;\">Paso<\/span><span style=\"font-family: 'Book Antiqua', Palatino; font-size: 120%; color: #ed1c24;\"> 4: Toma de tierra<\/span><\/h3>\n<p><span style=\"font-family: 'Book Antiqua', Palatino; font-size: 120%; color: #333399;\">Una vez que la pintura est\u00e9 completamente seca, puede pasar a la fase de puesta a tierra. La placa de toma de tierra GW se fija, como hemos dicho, a la pared en la intersecci\u00f3n de las 2 tiras de cinta EB2 o en el lugar elegido si ha utilizado el aditivo AF3. Los tornillos de fijaci\u00f3n se incluyen en la entrega. En principio, debe haber una placa de toma de tierra por pared, o una para 2 paredes si son estrechas y contiguas. Cualquier rotura en la pintura obliga a colocar una nueva placa de toma de tierra. El cable de toma de tierra GC, provisto de un conector banana, se enchufa en uno de los 3 orificios de la placa. El otro lado del cable GC se enchufa en uno de los orificios de la clavija de toma de tierra GP.<\/span><br \/><span style=\"font-family: 'Book Antiqua', Palatino; font-size: 120%; color: #333399;\">La clavija de toma de tierra GP se conecta a continuaci\u00f3n a la toma de corriente (puesta a tierra). Para comprobarlo, puede utilizar un comprobador de enchufes o de toma de tierra como el Tohm-e o el Catohm DT-300).<\/span><br \/><span style=\"font-family: 'Book Antiqua', Palatino; font-size: 120%; color: #333399;\">Una vez fijados los distintos componentes, puede colocar las tapas de pl\u00e1stico sobre la placa y el enchufe de toma de tierra. Esto no s\u00f3lo har\u00e1 m\u00e1s atractiva la instalaci\u00f3n, sino que tambi\u00e9n actuar\u00e1 como dispositivo de seguridad para evitar que el enchufe se caiga.<\/span><\/p>\n<h3><span style=\"font-family: 'Book Antiqua', Palatino; font-size: 120%; color: #ed1c24;\">Paso 5: Decoraci\u00f3n<\/span><\/h3>\n<p><span style=\"font-family: 'Book Antiqua', Palatino; font-size: 120%; color: #333399;\">Ahora que tu casa est\u00e1 protegida de las olas, es hora de empezar a decorarla. La mayor\u00eda de las pinturas pueden cubrirse con pintura, yeso, cal, papel pintado, etc. No dudes en consultar la ficha t\u00e9cnica de cada pintura para conocer sus contraindicaciones.<\/span><\/p>\n<h3><span style=\"font-family: 'Book Antiqua', Palatino; font-size: 120%; color: #333399;\">Consejo de Agara<\/span><\/h3>\n<p><span style=\"font-family: 'Book Antiqua', Palatino; font-size: 120%; color: #333399;\">Dependiendo de su nivel de exposici\u00f3n a las radiaciones de alta frecuencia, puede que necesite aplicar 2 capas de pintura (o incluso 3 en algunos lugares) para conseguir un nivel de protecci\u00f3n suficiente. Para estar seguro, no dudes en tomar medidas con un aparato de medici\u00f3n. Puedes invertir en un aparato de medici\u00f3n o alquilar uno durante 15 d\u00edas para que realice mediciones antes, durante y despu\u00e9s del trabajo.<\/span><\/p>\n<p><span style=\"font-family: 'Book Antiqua', Palatino; font-size: 120%; color: #333399;\">No aceptamos ninguna responsabilidad por da\u00f1os a personas, animales u objetos causados por una aplicaci\u00f3n incorrecta de la pintura, en particular por una puesta a tierra y una instalaci\u00f3n el\u00e9ctrica que no cumpla la norma DIN 57100 \/ VDE 0100.<\/span><br \/><span style=\"font-family: 'Book Antiqua', Palatino; font-size: 120%; color: #333399;\">Recomendamos que la instalaci\u00f3n el\u00e9ctrica y la toma de tierra de las pinturas YShield\u00ae sean revisadas por un electricista especializado.<\/span><\/p>\n\n\t\t<\/div>\n\n\t\t\n<style>\n#section_619551570 {\n  padding-top: 30px;\n  padding-bottom: 30px;\n}\n#section_619551570 .ux-shape-divider--top svg {\n  height: 150px;\n  --divider-top-width: 100%;\n}\n#section_619551570 .ux-shape-divider--bottom svg {\n  height: 150px;\n  --divider-width: 100%;\n}\n<\/style>\n\t<\/section>","protected":false},"excerpt":{"rendered":"","protected":false},"author":1,"featured_media":0,"parent":0,"menu_order":0,"comment_status":"closed","ping_status":"closed","template":"","meta":{"footnotes":""},"class_list":["post-3823","page","type-page","status-publish","hentry"],"yoast_head":"<!-- This site is optimized with the Yoast SEO Premium plugin v25.1 (Yoast SEO v27.4) - https:\/\/yoast.com\/product\/yoast-seo-premium-wordpress\/ -->\n<title>Application peinture anti-ondes | Agara<\/title>\n<meta name=\"robots\" content=\"index, follow, max-snippet:-1, max-image-preview:large, max-video-preview:-1\" \/>\n<link rel=\"canonical\" href=\"https:\/\/369agara.com\/es\/application-peinture-anti-ondes\/\" \/>\n<meta property=\"og:locale\" content=\"es_ES\" \/>\n<meta property=\"og:type\" content=\"article\" \/>\n<meta property=\"og:title\" content=\"Application peinture anti-ondes\" \/>\n<meta property=\"og:url\" content=\"https:\/\/369agara.com\/es\/application-peinture-anti-ondes\/\" \/>\n<meta property=\"og:site_name\" content=\"Agara\" \/>\n<meta property=\"article:modified_time\" content=\"2025-05-12T21:20:09+00:00\" \/>\n<meta name=\"twitter:card\" content=\"summary_large_image\" \/>\n<script type=\"application\/ld+json\" class=\"yoast-schema-graph\">{\"@context\":\"https:\\\/\\\/schema.org\",\"@graph\":[{\"@type\":\"WebPage\",\"@id\":\"https:\\\/\\\/369agara.com\\\/application-peinture-anti-ondes\\\/\",\"url\":\"https:\\\/\\\/369agara.com\\\/application-peinture-anti-ondes\\\/\",\"name\":\"Application peinture anti-ondes | Agara\",\"isPartOf\":{\"@id\":\"https:\\\/\\\/369agara.com\\\/#website\"},\"datePublished\":\"2025-05-12T20:45:36+00:00\",\"dateModified\":\"2025-05-12T21:20:09+00:00\",\"breadcrumb\":{\"@id\":\"https:\\\/\\\/369agara.com\\\/application-peinture-anti-ondes\\\/#breadcrumb\"},\"inLanguage\":\"es\",\"potentialAction\":[{\"@type\":\"ReadAction\",\"target\":[\"https:\\\/\\\/369agara.com\\\/application-peinture-anti-ondes\\\/\"]}]},{\"@type\":\"BreadcrumbList\",\"@id\":\"https:\\\/\\\/369agara.com\\\/application-peinture-anti-ondes\\\/#breadcrumb\",\"itemListElement\":[{\"@type\":\"ListItem\",\"position\":1,\"name\":\"Accueil\",\"item\":\"https:\\\/\\\/369agara.com\\\/\"},{\"@type\":\"ListItem\",\"position\":2,\"name\":\"Application peinture anti-ondes\"}]},{\"@type\":\"WebSite\",\"@id\":\"https:\\\/\\\/369agara.com\\\/#website\",\"url\":\"https:\\\/\\\/369agara.com\\\/\",\"name\":\"Livsrikedomar\",\"description\":\"D\u00e9connectez pour mieux vous connecter\",\"publisher\":{\"@id\":\"https:\\\/\\\/369agara.com\\\/#organization\"},\"potentialAction\":[{\"@type\":\"SearchAction\",\"target\":{\"@type\":\"EntryPoint\",\"urlTemplate\":\"https:\\\/\\\/369agara.com\\\/?s={search_term_string}\"},\"query-input\":{\"@type\":\"PropertyValueSpecification\",\"valueRequired\":true,\"valueName\":\"search_term_string\"}}],\"inLanguage\":\"es\"},{\"@type\":\"Organization\",\"@id\":\"https:\\\/\\\/369agara.com\\\/#organization\",\"name\":\"EACreations\",\"url\":\"https:\\\/\\\/369agara.com\\\/\",\"logo\":{\"@type\":\"ImageObject\",\"inLanguage\":\"es\",\"@id\":\"https:\\\/\\\/369agara.com\\\/#\\\/schema\\\/logo\\\/image\\\/\",\"url\":\"\",\"contentUrl\":\"\",\"caption\":\"EACreations\"},\"image\":{\"@id\":\"https:\\\/\\\/369agara.com\\\/#\\\/schema\\\/logo\\\/image\\\/\"}}]}<\/script>\n<!-- \/ Yoast SEO Premium plugin. -->","yoast_head_json":{"title":"Application peinture anti-ondes | Agara","robots":{"index":"index","follow":"follow","max-snippet":"max-snippet:-1","max-image-preview":"max-image-preview:large","max-video-preview":"max-video-preview:-1"},"canonical":"https:\/\/369agara.com\/es\/application-peinture-anti-ondes\/","og_locale":"es_ES","og_type":"article","og_title":"Application peinture anti-ondes","og_url":"https:\/\/369agara.com\/es\/application-peinture-anti-ondes\/","og_site_name":"Agara","article_modified_time":"2025-05-12T21:20:09+00:00","twitter_card":"summary_large_image","schema":{"@context":"https:\/\/schema.org","@graph":[{"@type":"WebPage","@id":"https:\/\/369agara.com\/application-peinture-anti-ondes\/","url":"https:\/\/369agara.com\/application-peinture-anti-ondes\/","name":"Application peinture anti-ondes | Agara","isPartOf":{"@id":"https:\/\/369agara.com\/#website"},"datePublished":"2025-05-12T20:45:36+00:00","dateModified":"2025-05-12T21:20:09+00:00","breadcrumb":{"@id":"https:\/\/369agara.com\/application-peinture-anti-ondes\/#breadcrumb"},"inLanguage":"es","potentialAction":[{"@type":"ReadAction","target":["https:\/\/369agara.com\/application-peinture-anti-ondes\/"]}]},{"@type":"BreadcrumbList","@id":"https:\/\/369agara.com\/application-peinture-anti-ondes\/#breadcrumb","itemListElement":[{"@type":"ListItem","position":1,"name":"Accueil","item":"https:\/\/369agara.com\/"},{"@type":"ListItem","position":2,"name":"Application peinture anti-ondes"}]},{"@type":"WebSite","@id":"https:\/\/369agara.com\/#website","url":"https:\/\/369agara.com\/","name":"Livsrikedomar","description":"Desconectar para conectar mejor","publisher":{"@id":"https:\/\/369agara.com\/#organization"},"potentialAction":[{"@type":"SearchAction","target":{"@type":"EntryPoint","urlTemplate":"https:\/\/369agara.com\/?s={search_term_string}"},"query-input":{"@type":"PropertyValueSpecification","valueRequired":true,"valueName":"search_term_string"}}],"inLanguage":"es"},{"@type":"Organization","@id":"https:\/\/369agara.com\/#organization","name":"EACreations","url":"https:\/\/369agara.com\/","logo":{"@type":"ImageObject","inLanguage":"es","@id":"https:\/\/369agara.com\/#\/schema\/logo\/image\/","url":"","contentUrl":"","caption":"EACreations"},"image":{"@id":"https:\/\/369agara.com\/#\/schema\/logo\/image\/"}}]}},"jetpack_sharing_enabled":true,"_links":{"self":[{"href":"https:\/\/369agara.com\/es\/wp-json\/wp\/v2\/pages\/3823","targetHints":{"allow":["GET"]}}],"collection":[{"href":"https:\/\/369agara.com\/es\/wp-json\/wp\/v2\/pages"}],"about":[{"href":"https:\/\/369agara.com\/es\/wp-json\/wp\/v2\/types\/page"}],"author":[{"embeddable":true,"href":"https:\/\/369agara.com\/es\/wp-json\/wp\/v2\/users\/1"}],"replies":[{"embeddable":true,"href":"https:\/\/369agara.com\/es\/wp-json\/wp\/v2\/comments?post=3823"}],"version-history":[{"count":3,"href":"https:\/\/369agara.com\/es\/wp-json\/wp\/v2\/pages\/3823\/revisions"}],"predecessor-version":[{"id":3826,"href":"https:\/\/369agara.com\/es\/wp-json\/wp\/v2\/pages\/3823\/revisions\/3826"}],"wp:attachment":[{"href":"https:\/\/369agara.com\/es\/wp-json\/wp\/v2\/media?parent=3823"}],"curies":[{"name":"wp","href":"https:\/\/api.w.org\/{rel}","templated":true}]}}