{"id":3836,"date":"2025-05-13T00:03:16","date_gmt":"2025-05-12T22:03:16","guid":{"rendered":"https:\/\/369agara.com\/?page_id=3836"},"modified":"2025-05-13T10:45:49","modified_gmt":"2025-05-13T08:45:49","slug":"fiche-technique-peinture-anti-ondes-yshield","status":"publish","type":"page","link":"https:\/\/369agara.com\/es\/fiche-technique-peinture-anti-ondes-yshield\/","title":{"rendered":"Ficha t\u00e9cnica de la pintura antioleaje Yshield"},"content":{"rendered":"<section class=\"section\" id=\"section_1036997994\">\n\t\t<div class=\"bg section-bg fill bg-fill bg-loaded bg-loaded\" >\n\n\t\t\t\n\t\t\t\n\t\t\t\n\n\t\t<\/div>\n\n\t\t\n\n\t\t<div class=\"section-content relative\">\n\t\t\t\n\n<h1 style=\"text-align: center;\"><span style=\"font-family: 'Book Antiqua', Palatino; font-size: 120%; color: #333399;\">PRO54 YShield pintura anti-ondas de alta y baja frecuencia<\/span><\/h1>\n<p><span style=\"font-family: 'Book Antiqua', Palatino; font-size: 120%; color: #333399;\">La pintura protectora antiondas de alta y baja frecuencia YShield PRO54 protege de las radiaciones de alta frecuencia (procedentes de tel\u00e9fonos dom\u00e9sticos inal\u00e1mbricos DECT, redes inal\u00e1mbricas WiFi y Wimax, antenas de telefon\u00eda m\u00f3vil, 5G, radares, etc.), pero tambi\u00e9n reduce los campos el\u00e9ctricos de baja frecuencia (principalmente de la electricidad dom\u00e9stica) y los campos electrost\u00e1ticos.<\/span><\/p>\n<p><span style=\"font-family: 'Book Antiqua', Palatino; font-size: 120%; color: #333399;\">Pintura de blindaje profesional sin grafito de m\u00e1xima dureza y adherencia. Manchas m\u00ednimas. Olor ligeramente dulce, utilizar s\u00f3lo en habitaciones desocupadas durante 7 d\u00edas.<\/span><\/p>\n<ul>\n<li><span style=\"font-family: 'Book Antiqua', Palatino; font-size: 120%; color: #333399;\">Transpirable, sin disolventes ni plastificantes - bajas emisiones de COV<\/span><\/li>\n<li><span style=\"font-family: 'Book Antiqua', Palatino; font-size: 120%; color: #333399;\">Excelente adherencia a todas las superficies interiores y exteriores (muy alta resistencia a la humedad)<\/span><\/li>\n<li><span style=\"font-family: 'Book Antiqua', Palatino; font-size: 120%; color: #333399;\">Excepcionales propiedades f\u00edsicas y qu\u00edmicas combinadas con un alto nivel ecol\u00f3gico<\/span><\/li>\n<li><span style=\"font-family: 'Book Antiqua', Palatino; font-size: 120%; color: #333399;\">Puede aplicarse como pintura \"cl\u00e1sica\", repintarse y empapelarse<\/span><\/li>\n<\/ul>\n<p><span style=\"font-family: 'Book Antiqua', Palatino; font-size: 120%; color: #333399;\">La ausencia de grafito ofrece una serie de ventajas:<\/span><\/p>\n<ul>\n<li><span style=\"font-family: 'Book Antiqua', Palatino; font-size: 120%; color: #333399;\">No deja marcas blancas al barrer<\/span><\/li>\n<li><span style=\"font-family: 'Book Antiqua', Palatino; font-size: 120%; color: #333399;\">Tampoco deja marcas negras en superficies claras (por lo que es m\u00e1s f\u00e1cil volver a pintar)<\/span><\/li>\n<li><span style=\"font-family: 'Book Antiqua', Palatino; font-size: 120%; color: #333399;\">Su superficie rugosa microporosa proporciona una superficie antideslizante para una excelente adherencia de la pintura de acabado.<\/span><\/li>\n<li><span style=\"font-family: 'Book Antiqua', Palatino; font-size: 120%; color: #333399;\">Su fuerza de adherencia (4,8 N\/mm\u00b2 - adhesi\u00f3n al sustrato) es tan alta como en las pinturas que contienen grafito.<\/span><\/li>\n<\/ul>\n<p><span style=\"font-family: 'Book Antiqua', Palatino; font-size: 120%; color: #333399;\">El \u00fanico inconveniente es que la resistencia el\u00e9ctrica y, por tanto, la eficacia de apantallamiento por capa es unos 10 % menor que con otras pinturas. Siempre recomendamos aplicar 2 capas de pintura para conseguir entre 35 y 40 dB de atenuaci\u00f3n.<\/span><\/p>\n<div class=\"row\"  id=\"row-756645578\">\n\n\n\t<div id=\"col-185644887\" class=\"col medium-6 small-12 large-6\"  >\n\t\t\t\t<div class=\"col-inner\"  >\n\t\t\t\n\t\t\t\n\n<h3><span style=\"font-family: 'Book Antiqua', Palatino; font-size: 120%; color: #333399;\">Preparados para la 5G<\/span><\/h3>\n<p><span style=\"font-family: 'Book Antiqua', Palatino; font-size: 120%; color: #333399;\">Gracias a un desarrollo constante, las pinturas YShield tienen una atenuaci\u00f3n casi lineal en una gama muy amplia de frecuencias. Esto incluye los dos espectros de frecuencia 5G FR1 (600 MHz - 6 GHz) y FR2 (24 GHz - 40 GHz).<\/span><\/p>\n<h3><span style=\"font-family: 'Book Antiqua', Palatino; font-size: 120%; color: #333399;\">Especificaciones t\u00e9cnicas<\/span><\/h3>\n<p><span style=\"font-family: 'Book Antiqua', Palatino; font-size: 120%; color: #333399;\">Composici\u00f3n: agua, dispersi\u00f3n acr\u00edlica pura, fibras de carbono, negro de humo, aditivos, conservantes (MIT, INN, BIT). Atenuaci\u00f3n: una capa 32 dB | 2 capas 40 dB | 3 capas 48 dB. Los valores especificados se aplican a 1 GHz. Medici\u00f3n de 40\/600 MHz a 40 GHz seg\u00fan las normas ASTM D4935-10 o IEEE Std 299-2006.<\/span><\/p>\n\n\t\t<\/div>\n\t\t\t\t\t<\/div>\n\n\t\n\n\t<div id=\"col-1064211427\" class=\"col medium-6 small-12 large-6\"  >\n\t\t\t\t<div class=\"col-inner\"  >\n\t\t\t\n\t\t\t\n\n\t<div class=\"img has-hover x md-x lg-x y md-y lg-y\" id=\"image_728276769\">\n\t\t\t\t\t\t\t\t<div class=\"img-inner dark\" >\n\t\t\t<img loading=\"lazy\" decoding=\"async\" width=\"770\" height=\"740\" src=\"https:\/\/369agara.com\/wp-content\/uploads\/2025\/05\/Peinture-PRO54-YShield-1.jpg\" class=\"attachment-large size-large\" alt=\"\" srcset=\"https:\/\/369agara.com\/wp-content\/uploads\/2025\/05\/Peinture-PRO54-YShield-1.jpg 770w, https:\/\/369agara.com\/wp-content\/uploads\/2025\/05\/Peinture-PRO54-YShield-1-300x288.jpg 300w, https:\/\/369agara.com\/wp-content\/uploads\/2025\/05\/Peinture-PRO54-YShield-1-768x738.jpg 768w, https:\/\/369agara.com\/wp-content\/uploads\/2025\/05\/Peinture-PRO54-YShield-1-12x12.jpg 12w, https:\/\/369agara.com\/wp-content\/uploads\/2025\/05\/Peinture-PRO54-YShield-1-510x490.jpg 510w\" sizes=\"auto, (max-width: 770px) 100vw, 770px\" \/>\t\t\t\t\t\t\n\t\t\t\t\t<\/div>\n\t\t\t\t\t\t\t\t\n<style>\n#image_728276769 {\n  width: 100%;\n}\n<\/style>\n\t<\/div>\n\t\n\n\n\t\t<\/div>\n\t\t\t\t\t<\/div>\n\n\t\n\n<\/div>\n<h3><span style=\"font-family: 'Book Antiqua', Palatino; font-size: 120%; color: #333399;\">Cantidad requerida :<\/span><\/h3>\n<p><span style=\"font-family: 'Book Antiqua', Palatino; font-size: 120%; color: #333399;\">(dependiendo de la capa de fondo): una capa 5 a 7,5 m\u00b2 \/ litro, 2 capas 2,5 a 3,75 m\u00b2 \/ litro Comportamiento al fuego: este producto es ign\u00edfugo seg\u00fan DIN 4102-1 o DIN EN 13501-1. Puede recubrirse preferentemente con pinturas de emulsi\u00f3n de base pl\u00e1stica (l\u00e1tex), pinturas de dispersi\u00f3n de silicato, pinturas para fachadas o pinturas de resina de silicona.<\/span><\/p>\n<p><span style=\"font-family: 'Book Antiqua', Palatino; font-size: 120%; color: #333399;\">Como esta pintura es conductora, es necesario ponerla a tierra. Recomendamos utilizar cinta de puesta a tierra EBX YShield + placa de puesta a tierra GW YShield + cable de puesta a tierra GC YShield de la longitud necesaria + clavija de puesta a tierra GP YShield en interiores, y aditivo AF3 y placa de puesta a tierra GE en exteriores.<\/span><br \/><span style=\"font-family: 'Book Antiqua', Palatino; font-size: 120%; color: #333399;\">Opcional: Para rellenar grietas para una mejor puesta a tierra, recomendamos el aditivo de fibra AF3 con fibras de carbono conductoras largas. Estas fibras de carbono tambi\u00e9n pueden utilizarse para sustituir las cintas EBX para la puesta a tierra de la pintura.<\/span><\/p>\n<p><span style=\"font-family: 'Book Antiqua', Palatino; font-size: 120%; color: #333399;\">Resistencia a las heladas: este producto es resistente a las heladas (5 ciclos de congelaci\u00f3n\/descongelaci\u00f3n probados) | Puede enviarse durante todo el a\u00f1o.<\/span><br \/><span style=\"font-family: 'Book Antiqua', Palatino; font-size: 120%; color: #333399;\">Sin part\u00edculas qu\u00edmicas ni met\u00e1licas, esta pintura es duradera, biocompatible e hipoalerg\u00e9nica, y cumple las normas de Biolog\u00eda del H\u00e1bitat. <\/span><br \/><span style=\"font-family: 'Book Antiqua', Palatino; font-size: 120%; color: #333399;\">Color de la pintura: negro Estabilidad de almacenamiento: en lugar fresco, ver fecha de caducidad en la lata. <\/span><br \/><span style=\"font-family: 'Book Antiqua', Palatino; font-size: 120%; color: #333399;\">No diluir nunca. <\/span><br \/><span style=\"font-family: 'Book Antiqua', Palatino; font-size: 120%; color: #333399;\">Tiempo de secado: entre 12 y 24 h Lavable con agua COV: 0,2 \/ litro (umbral fijado por la Uni\u00f3n Europea en 2010: 30 g\/litro) <\/span><br \/><span style=\"font-family: 'Book Antiqua', Palatino; font-size: 120%; color: #333399;\">Puede aplicarse con brocha, rodillo o pulverizador con una boquilla superior a 6 mm. <\/span><br \/><span style=\"font-family: 'Book Antiqua', Palatino; font-size: 120%; color: #333399;\">Envase: latas de 1 y 5 litros <\/span><br \/><span style=\"font-family: 'Book Antiqua', Palatino; font-size: 120%; color: #333399;\">Sin nanotecnolog\u00eda: las pinturas de blindaje se desarrollan siguiendo estrictos criterios ecol\u00f3gicos. <\/span><\/p>\n<p><span style=\"font-family: 'Book Antiqua', Palatino; font-size: 120%; color: #333399;\">Fabricado en Alemania por YShield Certificaci\u00f3n T\u00dcV-S\u00dcD: Todas las pinturas de blindaje YShield han sido probadas por T\u00dcV-S\u00dcD. <\/span><br \/><span style=\"font-family: 'Book Antiqua', Palatino; font-size: 120%; color: #333399;\">Se supervisa todo el proceso de fabricaci\u00f3n, incluida la garant\u00eda de calidad, las emisiones del producto y el uso econ\u00f3mico de conservantes.<\/span><\/p>\n<h3><span style=\"font-family: 'Book Antiqua', Palatino; font-size: 120%; color: #333399;\">Aplicaci\u00f3n<\/span><\/h3>\n<p><span style=\"font-family: 'Book Antiqua', Palatino; font-size: 120%; color: #333399;\">Aplicar s\u00f3lo en interiores, con brocha, rodillo o boquilla.<\/span><br \/><span style=\"font-family: 'Book Antiqua', Palatino; font-size: 120%; color: #333399;\">Encontrar\u00e1 todos nuestros consejos en la ficha pr\u00e1ctica titulada \"Aplicaci\u00f3n de pintura antioleaje\", que puede descargar de nuestro sitio web.<\/span><\/p>\n<p><span style=\"font-family: 'Book Antiqua', Palatino; font-size: 120%; color: #333399;\">No aceptamos ninguna responsabilidad por da\u00f1os a personas, animales u objetos causados por una aplicaci\u00f3n incorrecta de la pintura, en particular por una puesta a tierra y una instalaci\u00f3n el\u00e9ctrica que no cumplan las normas DIN 57100 \/ VDE 0100. Recomendamos que la instalaci\u00f3n el\u00e9ctrica y la puesta a tierra de las pinturas YShield\u00ae sean comprobadas por un electricista especializado.<\/span><\/p>\n\n\t\t<\/div>\n\n\t\t\n<style>\n#section_1036997994 {\n  padding-top: 30px;\n  padding-bottom: 30px;\n}\n#section_1036997994 .ux-shape-divider--top svg {\n  height: 150px;\n  --divider-top-width: 100%;\n}\n#section_1036997994 .ux-shape-divider--bottom svg {\n  height: 150px;\n  --divider-width: 100%;\n}\n<\/style>\n\t<\/section>","protected":false},"excerpt":{"rendered":"","protected":false},"author":1,"featured_media":0,"parent":0,"menu_order":0,"comment_status":"closed","ping_status":"closed","template":"","meta":{"footnotes":""},"class_list":["post-3836","page","type-page","status-publish","hentry"],"yoast_head":"<!-- This site is optimized with the Yoast SEO Premium plugin v25.1 (Yoast SEO v27.4) - https:\/\/yoast.com\/product\/yoast-seo-premium-wordpress\/ -->\n<title>Fiche technique peinture anti-ondes Yshield | Agara<\/title>\n<meta name=\"robots\" content=\"index, follow, max-snippet:-1, max-image-preview:large, max-video-preview:-1\" \/>\n<link rel=\"canonical\" href=\"https:\/\/369agara.com\/es\/fiche-technique-peinture-anti-ondes-yshield\/\" \/>\n<meta property=\"og:locale\" content=\"es_ES\" \/>\n<meta property=\"og:type\" content=\"article\" \/>\n<meta property=\"og:title\" content=\"Fiche technique peinture anti-ondes Yshield\" \/>\n<meta property=\"og:url\" content=\"https:\/\/369agara.com\/es\/fiche-technique-peinture-anti-ondes-yshield\/\" \/>\n<meta property=\"og:site_name\" content=\"Agara\" \/>\n<meta property=\"article:modified_time\" content=\"2025-05-13T08:45:49+00:00\" \/>\n<meta name=\"twitter:card\" content=\"summary_large_image\" \/>\n<script type=\"application\/ld+json\" class=\"yoast-schema-graph\">{\"@context\":\"https:\\\/\\\/schema.org\",\"@graph\":[{\"@type\":\"WebPage\",\"@id\":\"https:\\\/\\\/369agara.com\\\/fiche-technique-peinture-anti-ondes-yshield\\\/\",\"url\":\"https:\\\/\\\/369agara.com\\\/fiche-technique-peinture-anti-ondes-yshield\\\/\",\"name\":\"Fiche technique peinture anti-ondes Yshield | Agara\",\"isPartOf\":{\"@id\":\"https:\\\/\\\/369agara.com\\\/#website\"},\"datePublished\":\"2025-05-12T22:03:16+00:00\",\"dateModified\":\"2025-05-13T08:45:49+00:00\",\"breadcrumb\":{\"@id\":\"https:\\\/\\\/369agara.com\\\/fiche-technique-peinture-anti-ondes-yshield\\\/#breadcrumb\"},\"inLanguage\":\"es\",\"potentialAction\":[{\"@type\":\"ReadAction\",\"target\":[\"https:\\\/\\\/369agara.com\\\/fiche-technique-peinture-anti-ondes-yshield\\\/\"]}]},{\"@type\":\"BreadcrumbList\",\"@id\":\"https:\\\/\\\/369agara.com\\\/fiche-technique-peinture-anti-ondes-yshield\\\/#breadcrumb\",\"itemListElement\":[{\"@type\":\"ListItem\",\"position\":1,\"name\":\"Accueil\",\"item\":\"https:\\\/\\\/369agara.com\\\/\"},{\"@type\":\"ListItem\",\"position\":2,\"name\":\"Fiche technique peinture anti-ondes Yshield\"}]},{\"@type\":\"WebSite\",\"@id\":\"https:\\\/\\\/369agara.com\\\/#website\",\"url\":\"https:\\\/\\\/369agara.com\\\/\",\"name\":\"Livsrikedomar\",\"description\":\"D\u00e9connectez pour mieux vous connecter\",\"publisher\":{\"@id\":\"https:\\\/\\\/369agara.com\\\/#organization\"},\"potentialAction\":[{\"@type\":\"SearchAction\",\"target\":{\"@type\":\"EntryPoint\",\"urlTemplate\":\"https:\\\/\\\/369agara.com\\\/?s={search_term_string}\"},\"query-input\":{\"@type\":\"PropertyValueSpecification\",\"valueRequired\":true,\"valueName\":\"search_term_string\"}}],\"inLanguage\":\"es\"},{\"@type\":\"Organization\",\"@id\":\"https:\\\/\\\/369agara.com\\\/#organization\",\"name\":\"EACreations\",\"url\":\"https:\\\/\\\/369agara.com\\\/\",\"logo\":{\"@type\":\"ImageObject\",\"inLanguage\":\"es\",\"@id\":\"https:\\\/\\\/369agara.com\\\/#\\\/schema\\\/logo\\\/image\\\/\",\"url\":\"\",\"contentUrl\":\"\",\"caption\":\"EACreations\"},\"image\":{\"@id\":\"https:\\\/\\\/369agara.com\\\/#\\\/schema\\\/logo\\\/image\\\/\"}}]}<\/script>\n<!-- \/ Yoast SEO Premium plugin. -->","yoast_head_json":{"title":"Fiche technique peinture anti-ondes Yshield | Agara","robots":{"index":"index","follow":"follow","max-snippet":"max-snippet:-1","max-image-preview":"max-image-preview:large","max-video-preview":"max-video-preview:-1"},"canonical":"https:\/\/369agara.com\/es\/fiche-technique-peinture-anti-ondes-yshield\/","og_locale":"es_ES","og_type":"article","og_title":"Fiche technique peinture anti-ondes Yshield","og_url":"https:\/\/369agara.com\/es\/fiche-technique-peinture-anti-ondes-yshield\/","og_site_name":"Agara","article_modified_time":"2025-05-13T08:45:49+00:00","twitter_card":"summary_large_image","schema":{"@context":"https:\/\/schema.org","@graph":[{"@type":"WebPage","@id":"https:\/\/369agara.com\/fiche-technique-peinture-anti-ondes-yshield\/","url":"https:\/\/369agara.com\/fiche-technique-peinture-anti-ondes-yshield\/","name":"Fiche technique peinture anti-ondes Yshield | Agara","isPartOf":{"@id":"https:\/\/369agara.com\/#website"},"datePublished":"2025-05-12T22:03:16+00:00","dateModified":"2025-05-13T08:45:49+00:00","breadcrumb":{"@id":"https:\/\/369agara.com\/fiche-technique-peinture-anti-ondes-yshield\/#breadcrumb"},"inLanguage":"es","potentialAction":[{"@type":"ReadAction","target":["https:\/\/369agara.com\/fiche-technique-peinture-anti-ondes-yshield\/"]}]},{"@type":"BreadcrumbList","@id":"https:\/\/369agara.com\/fiche-technique-peinture-anti-ondes-yshield\/#breadcrumb","itemListElement":[{"@type":"ListItem","position":1,"name":"Accueil","item":"https:\/\/369agara.com\/"},{"@type":"ListItem","position":2,"name":"Fiche technique peinture anti-ondes Yshield"}]},{"@type":"WebSite","@id":"https:\/\/369agara.com\/#website","url":"https:\/\/369agara.com\/","name":"Livsrikedomar","description":"Desconectar para conectar mejor","publisher":{"@id":"https:\/\/369agara.com\/#organization"},"potentialAction":[{"@type":"SearchAction","target":{"@type":"EntryPoint","urlTemplate":"https:\/\/369agara.com\/?s={search_term_string}"},"query-input":{"@type":"PropertyValueSpecification","valueRequired":true,"valueName":"search_term_string"}}],"inLanguage":"es"},{"@type":"Organization","@id":"https:\/\/369agara.com\/#organization","name":"EACreations","url":"https:\/\/369agara.com\/","logo":{"@type":"ImageObject","inLanguage":"es","@id":"https:\/\/369agara.com\/#\/schema\/logo\/image\/","url":"","contentUrl":"","caption":"EACreations"},"image":{"@id":"https:\/\/369agara.com\/#\/schema\/logo\/image\/"}}]}},"jetpack_sharing_enabled":true,"_links":{"self":[{"href":"https:\/\/369agara.com\/es\/wp-json\/wp\/v2\/pages\/3836","targetHints":{"allow":["GET"]}}],"collection":[{"href":"https:\/\/369agara.com\/es\/wp-json\/wp\/v2\/pages"}],"about":[{"href":"https:\/\/369agara.com\/es\/wp-json\/wp\/v2\/types\/page"}],"author":[{"embeddable":true,"href":"https:\/\/369agara.com\/es\/wp-json\/wp\/v2\/users\/1"}],"replies":[{"embeddable":true,"href":"https:\/\/369agara.com\/es\/wp-json\/wp\/v2\/comments?post=3836"}],"version-history":[{"count":3,"href":"https:\/\/369agara.com\/es\/wp-json\/wp\/v2\/pages\/3836\/revisions"}],"predecessor-version":[{"id":3840,"href":"https:\/\/369agara.com\/es\/wp-json\/wp\/v2\/pages\/3836\/revisions\/3840"}],"wp:attachment":[{"href":"https:\/\/369agara.com\/es\/wp-json\/wp\/v2\/media?parent=3836"}],"curies":[{"name":"wp","href":"https:\/\/api.w.org\/{rel}","templated":true}]}}