{"id":3877,"date":"2025-05-14T12:26:02","date_gmt":"2025-05-14T10:26:02","guid":{"rendered":"https:\/\/369agara.com\/?page_id=3877"},"modified":"2026-02-01T20:42:14","modified_gmt":"2026-02-01T19:42:14","slug":"mentions-legales","status":"publish","type":"page","link":"https:\/\/369agara.com\/es\/mentions-legales\/","title":{"rendered":"Informaci\u00f3n jur\u00eddica"},"content":{"rendered":"<section class=\"section\" id=\"section_2042012627\">\n\t\t<div class=\"bg section-bg fill bg-fill bg-loaded bg-loaded\" >\n\n\t\t\t\n\t\t\t\n\t\t\t\n\n\t\t<\/div>\n\n\t\t\n\n\t\t<div class=\"section-content relative\">\n\t\t\t\n\n<p><span style=\"font-family: Book Antiqua, Palatino; font-size: 120%; color: #000080;\"><strong>Informaci\u00f3n jur\u00eddica<\/strong><\/span><\/p>\n<p><span style=\"font-family: Book Antiqua, Palatino; font-size: 120%; color: #000080;\">De conformidad con lo dispuesto en los art\u00edculos 6-III y 19 de la Ley n\u00ba 2004-575 de 21 de junio de 2004 sobre la confianza en la econom\u00eda digital (LCEN), se informa a los usuarios del sitio de que <strong><a style=\"color: #000080;\" href=\"http:\/\/www.369agara.com\/\">www.<\/a><a style=\"color: #000080;\" href=\"http:\/\/www.agara.com\/\">369<\/a><a style=\"color: #000080;\" href=\"http:\/\/www.369agara.com\/\">agara.com<\/a><\/strong> el presente aviso legal.<\/span><\/p>\n<hr \/>\n<h2><span style=\"font-family: Book Antiqua, Palatino; font-size: 120%; color: #000080;\"><strong>Editor del sitio<\/strong><\/span><\/h2>\n<p><span style=\"font-family: Book Antiqua, Palatino; font-size: 120%; color: #000080;\">El sitio web <strong><a style=\"color: #000080;\" href=\"http:\/\/www.369agara.com\/\">www.<\/a><a style=\"color: #000080;\" href=\"http:\/\/www.agara.com\/\">369<\/a><a style=\"color: #000080;\" href=\"http:\/\/www.369agara.com\/\">agara.com<\/a><\/strong> es publicado por :<\/span><br \/><span style=\"font-family: Book Antiqua, Palatino; font-size: 120%; color: #000080;\"><strong>M<\/strong><strong>oi<\/strong>un comerciante individual registrado como<strong>auto-emprendedor<\/strong>.<\/span><\/p>\n<ul>\n<li>\n<p><span style=\"font-family: Book Antiqua, Palatino; font-size: 120%; color: #000080;\"><strong>Nombre comercial<\/strong> : 369Agara<\/span><\/p>\n<\/li>\n<li>\n<p><span style=\"font-family: Book Antiqua, Palatino; font-size: 120%; color: #000080;\"><strong>Domicilio social<\/strong> :\u00a0<\/span><br \/><span style=\"font-family: Book Antiqua, Palatino; font-size: 120%; color: #000080;\">XXXXXXXXXXX<\/span><br \/><span style=\"font-family: Book Antiqua, Palatino; font-size: 120%; color: #000080;\">XXXXXXXXXXX<\/span><br \/><span style=\"font-family: Book Antiqua, Palatino; font-size: 120%; color: #000080;\">XXXXXXXXXXX<\/span><\/p>\n<\/li>\n<li>\n<p><span style=\"font-family: Book Antiqua, Palatino; font-size: 120%; color: #000080;\"><strong>N\u00famero SIRET<\/strong> : XXXXXXXXXXXXXXXX<\/span><\/p>\n<\/li>\n<li>\n<p><span style=\"font-family: Book Antiqua, Palatino; font-size: 120%; color: #000080;\"><strong>IVA no aplicable<\/strong>Art. 293 B del C\u00f3digo General de Impuestos<\/span><\/p>\n<\/li>\n<li>\n<p><span style=\"font-family: Book Antiqua, Palatino; font-size: 120%; color: #000080;\"><strong>Correo electr\u00f3nico<\/strong> : 369agara@gmail.com<\/span><\/p>\n<\/li>\n<li>\n<p><span style=\"font-family: Book Antiqua, Palatino; font-size: 120%; color: #000080;\"><strong>Tel\u00e9fono<\/strong> : +33 6 59 50 16 05<\/span><\/p>\n<\/li>\n<\/ul>\n<hr \/>\n<h2><span style=\"font-family: Book Antiqua, Palatino; font-size: 120%; color: #000080;\"><strong>Director editorial<\/strong><\/span><\/h2>\n<p><span style=\"font-family: Book Antiqua, Palatino; font-size: 120%; color: #000080;\"><strong>Yo<\/strong>en su calidad de editor del sitio.<\/span><\/p>\n<hr \/>\n<h2><span style=\"font-family: Book Antiqua, Palatino; font-size: 120%; color: #000080;\"><strong>Anfitri\u00f3n del sitio<\/strong><\/span><\/h2>\n<p><span style=\"font-family: Book Antiqua, Palatino; font-size: 120%; color: #000080;\">El sitio web <strong><a style=\"color: #000080;\" href=\"http:\/\/www.369agara.com\/\">www.369agara.com<\/a><\/strong> est\u00e1 alojado en :<\/span><br \/><span style=\"font-family: Book Antiqua, Palatino; font-size: 120%; color: #000080;\"><strong>IONOS<\/strong><\/span><\/p>\n<ul>\n<li>\n<p><span style=\"font-family: Book Antiqua, Palatino; font-size: 120%; color: #000080;\"><strong>Nombre de la empresa<\/strong> : <\/span><br \/><span style=\"font-family: Book Antiqua, Palatino; font-size: 120%; color: #000080;\">IONOS SARL<\/span><\/p>\n<\/li>\n<li>\n<p><span style=\"font-family: Book Antiqua, Palatino; font-size: 120%; color: #000080;\"><strong>Direcci\u00f3n<\/strong> : <\/span><br \/><span style=\"font-family: Book Antiqua, Palatino; font-size: 120%; color: #000080;\">7, place de la Gare<\/span><br \/><span style=\"font-family: Book Antiqua, Palatino; font-size: 120%; color: #000080;\">BP 70109<\/span><br \/><span style=\"font-family: Book Antiqua, Palatino; font-size: 120%; color: #000080;\">57200 Sarreguemines Cedex, Francia<\/span><\/p>\n<\/li>\n<li>\n<p><span style=\"font-family: Book Antiqua, Palatino; font-size: 120%; color: #000080;\"><strong>P\u00f3ngase en contacto con<\/strong> : <\/span><br \/><span style=\"font-family: Book Antiqua, Palatino; font-size: 120%; color: #000080;\">Servicio de atenci\u00f3n al cliente por tel\u00e9fono 24 horas al d\u00eda, 7 d\u00edas a la semana en el 0970 808 911 (sin recargo) o por correo electr\u00f3nico a la siguiente direcci\u00f3n: info@ionos.fr<\/span><\/p>\n<\/li>\n<li>\n<p><span style=\"font-family: Book Antiqua, Palatino; font-size: 120%; color: #000080;\"><strong>P\u00e1gina web<\/strong> : <\/span><br \/><span style=\"font-family: Book Antiqua, Palatino; font-size: 120%; color: #000080;\">www.ionos.fr<\/span><\/p>\n<\/li>\n<\/ul>\n<hr \/>\n<h2><span style=\"font-family: Book Antiqua, Palatino; font-size: 120%; color: #000080;\"><strong>Propiedad intelectual<\/strong><\/span><\/h2>\n<p><span style=\"font-family: Book Antiqua, Palatino; font-size: 120%; color: #000080;\">Todo el contenido del sitio <strong><a style=\"color: #000080;\" href=\"http:\/\/www.369agara.com\/\">www.369agara.com<\/a><\/strong> (textos, im\u00e1genes, ilustraciones, logotipos, v\u00eddeos, archivos descargables, etc.) est\u00e1 protegido por la legislaci\u00f3n sobre propiedad intelectual y sigue siendo propiedad exclusiva de su editor, salvo que se indique lo contrario.<\/span><\/p>\n<p><span style=\"font-family: Book Antiqua, Palatino; font-size: 120%; color: #000080;\">Queda prohibida toda reproducci\u00f3n, representaci\u00f3n, distribuci\u00f3n o utilizaci\u00f3n, total o parcial, sin autorizaci\u00f3n previa por escrito.<\/span><\/p>\n<hr \/>\n<h2><span style=\"font-family: Book Antiqua, Palatino; font-size: 120%; color: #000080;\"><strong>Limitaci\u00f3n de responsabilidad<\/strong><\/span><\/h2>\n<p><span style=\"font-family: Book Antiqua, Palatino; font-size: 120%; color: #000080;\">El editor del sitio no se hace responsable de los errores u omisiones en la informaci\u00f3n publicada, ni de la indisponibilidad temporal del sitio, ni de los da\u00f1os directos o indirectos que puedan derivarse de su uso.<\/span><\/p>\n<hr \/>\n<h2><span style=\"font-family: Book Antiqua, Palatino; font-size: 120%; color: #000080;\"><strong>Datos personales (RGPD)<\/strong><\/span><\/h2>\n<p><span style=\"font-family: Book Antiqua, Palatino; font-size: 120%; color: #000080;\">De acuerdo con <strong>Reglamento general de protecci\u00f3n de datos (RGPD)<\/strong>Los usuarios tienen derecho de acceso, rectificaci\u00f3n, supresi\u00f3n y portabilidad de sus datos personales.<\/span><\/p>\n<p><span style=\"font-family: Book Antiqua, Palatino; font-size: 120%; color: #000080;\">Datos recogidos a trav\u00e9s del sitio web <strong><a style=\"color: #000080;\" href=\"http:\/\/www.369agara.com\/\">www.<\/a><a style=\"color: #000080;\" href=\"http:\/\/www.agara.com\/\">369<\/a><a style=\"color: #000080;\" href=\"http:\/\/www.369agara.com\/\">agara.com<\/a><\/strong> se utilizan exclusivamente en el contexto de la relaci\u00f3n comercial o para mejorar la experiencia del usuario. No se transfieren ni venden datos a terceros.<\/span><\/p>\n<p><span style=\"font-family: Book Antiqua, Palatino; font-size: 120%; color: #000080;\">Para ejercer sus derechos, p\u00f3ngase en contacto con nosotros en <strong>369agara@gmail.com<\/strong><\/span><\/p>\n<hr \/>\n<h2><span style=\"font-family: Book Antiqua, Palatino; font-size: 120%; color: #000080;\"><strong>Cookies<\/strong><\/span><\/h2>\n<p><span style=\"font-family: Book Antiqua, Palatino; font-size: 120%; color: #000080;\">El sitio puede utilizar cookies para garantizar su correcto funcionamiento, mejorar la navegaci\u00f3n y elaborar estad\u00edsticas an\u00f3nimas.<\/span><\/p>\n<p><span style=\"font-family: Book Antiqua, Palatino; font-size: 120%; color: #000080;\">Puede desactivar las cookies a trav\u00e9s de la configuraci\u00f3n de su navegador.<\/span><\/p>\n<hr \/>\n<h2><span style=\"font-family: Book Antiqua, Palatino; font-size: 120%; color: #000080;\"><strong>Cr\u00e9ditos<\/strong><\/span><\/h2>\n<p><span style=\"font-family: Book Antiqua, Palatino; font-size: 120%; color: #000080;\">Dise\u00f1o, texto y desarrollo web: <strong>Yo<\/strong><\/span><br \/><span style=\"font-family: Book Antiqua, Palatino; font-size: 120%; color: #000080;\">Im\u00e1genes: libres de derechos de autor \/ propiedad \/ suministradas por los socios Pexel, La Poste, DPD, Stripe, Choix de Vie, Musique des plantes, Arc En Ciel Innovations, StructWater.<\/span><\/p>\n\n\t\t<\/div>\n\n\t\t\n<style>\n#section_2042012627 {\n  padding-top: 30px;\n  padding-bottom: 30px;\n}\n#section_2042012627 .ux-shape-divider--top svg {\n  height: 150px;\n  --divider-top-width: 100%;\n}\n#section_2042012627 .ux-shape-divider--bottom svg {\n  height: 150px;\n  --divider-width: 100%;\n}\n<\/style>\n\t<\/section>","protected":false},"excerpt":{"rendered":"","protected":false},"author":1,"featured_media":0,"parent":0,"menu_order":0,"comment_status":"closed","ping_status":"closed","template":"","meta":{"footnotes":""},"class_list":["post-3877","page","type-page","status-publish","hentry"],"yoast_head":"<!-- This site is optimized with the Yoast SEO Premium plugin v25.1 (Yoast SEO v27.4) - https:\/\/yoast.com\/product\/yoast-seo-premium-wordpress\/ -->\n<title>Mentions l\u00e9gales | Agara<\/title>\n<meta name=\"robots\" content=\"index, follow, max-snippet:-1, max-image-preview:large, max-video-preview:-1\" \/>\n<link rel=\"canonical\" href=\"https:\/\/369agara.com\/es\/mentions-legales\/\" \/>\n<meta property=\"og:locale\" content=\"es_ES\" \/>\n<meta property=\"og:type\" content=\"article\" \/>\n<meta property=\"og:title\" content=\"Mentions l\u00e9gales\" \/>\n<meta property=\"og:url\" content=\"https:\/\/369agara.com\/es\/mentions-legales\/\" \/>\n<meta property=\"og:site_name\" content=\"Agara\" \/>\n<meta property=\"article:modified_time\" content=\"2026-02-01T19:42:14+00:00\" \/>\n<meta name=\"twitter:card\" content=\"summary_large_image\" \/>\n<script type=\"application\/ld+json\" class=\"yoast-schema-graph\">{\"@context\":\"https:\\\/\\\/schema.org\",\"@graph\":[{\"@type\":\"WebPage\",\"@id\":\"https:\\\/\\\/369agara.com\\\/mentions-legales\\\/\",\"url\":\"https:\\\/\\\/369agara.com\\\/mentions-legales\\\/\",\"name\":\"Mentions l\u00e9gales | Agara\",\"isPartOf\":{\"@id\":\"https:\\\/\\\/369agara.com\\\/#website\"},\"datePublished\":\"2025-05-14T10:26:02+00:00\",\"dateModified\":\"2026-02-01T19:42:14+00:00\",\"breadcrumb\":{\"@id\":\"https:\\\/\\\/369agara.com\\\/mentions-legales\\\/#breadcrumb\"},\"inLanguage\":\"es\",\"potentialAction\":[{\"@type\":\"ReadAction\",\"target\":[\"https:\\\/\\\/369agara.com\\\/mentions-legales\\\/\"]}]},{\"@type\":\"BreadcrumbList\",\"@id\":\"https:\\\/\\\/369agara.com\\\/mentions-legales\\\/#breadcrumb\",\"itemListElement\":[{\"@type\":\"ListItem\",\"position\":1,\"name\":\"Accueil\",\"item\":\"https:\\\/\\\/369agara.com\\\/\"},{\"@type\":\"ListItem\",\"position\":2,\"name\":\"Mentions l\u00e9gales\"}]},{\"@type\":\"WebSite\",\"@id\":\"https:\\\/\\\/369agara.com\\\/#website\",\"url\":\"https:\\\/\\\/369agara.com\\\/\",\"name\":\"Livsrikedomar\",\"description\":\"D\u00e9connectez pour mieux vous connecter\",\"publisher\":{\"@id\":\"https:\\\/\\\/369agara.com\\\/#organization\"},\"potentialAction\":[{\"@type\":\"SearchAction\",\"target\":{\"@type\":\"EntryPoint\",\"urlTemplate\":\"https:\\\/\\\/369agara.com\\\/?s={search_term_string}\"},\"query-input\":{\"@type\":\"PropertyValueSpecification\",\"valueRequired\":true,\"valueName\":\"search_term_string\"}}],\"inLanguage\":\"es\"},{\"@type\":\"Organization\",\"@id\":\"https:\\\/\\\/369agara.com\\\/#organization\",\"name\":\"EACreations\",\"url\":\"https:\\\/\\\/369agara.com\\\/\",\"logo\":{\"@type\":\"ImageObject\",\"inLanguage\":\"es\",\"@id\":\"https:\\\/\\\/369agara.com\\\/#\\\/schema\\\/logo\\\/image\\\/\",\"url\":\"\",\"contentUrl\":\"\",\"caption\":\"EACreations\"},\"image\":{\"@id\":\"https:\\\/\\\/369agara.com\\\/#\\\/schema\\\/logo\\\/image\\\/\"}}]}<\/script>\n<!-- \/ Yoast SEO Premium plugin. -->","yoast_head_json":{"title":"Mentions l\u00e9gales | Agara","robots":{"index":"index","follow":"follow","max-snippet":"max-snippet:-1","max-image-preview":"max-image-preview:large","max-video-preview":"max-video-preview:-1"},"canonical":"https:\/\/369agara.com\/es\/mentions-legales\/","og_locale":"es_ES","og_type":"article","og_title":"Mentions l\u00e9gales","og_url":"https:\/\/369agara.com\/es\/mentions-legales\/","og_site_name":"Agara","article_modified_time":"2026-02-01T19:42:14+00:00","twitter_card":"summary_large_image","schema":{"@context":"https:\/\/schema.org","@graph":[{"@type":"WebPage","@id":"https:\/\/369agara.com\/mentions-legales\/","url":"https:\/\/369agara.com\/mentions-legales\/","name":"Mentions l\u00e9gales | Agara","isPartOf":{"@id":"https:\/\/369agara.com\/#website"},"datePublished":"2025-05-14T10:26:02+00:00","dateModified":"2026-02-01T19:42:14+00:00","breadcrumb":{"@id":"https:\/\/369agara.com\/mentions-legales\/#breadcrumb"},"inLanguage":"es","potentialAction":[{"@type":"ReadAction","target":["https:\/\/369agara.com\/mentions-legales\/"]}]},{"@type":"BreadcrumbList","@id":"https:\/\/369agara.com\/mentions-legales\/#breadcrumb","itemListElement":[{"@type":"ListItem","position":1,"name":"Accueil","item":"https:\/\/369agara.com\/"},{"@type":"ListItem","position":2,"name":"Mentions l\u00e9gales"}]},{"@type":"WebSite","@id":"https:\/\/369agara.com\/#website","url":"https:\/\/369agara.com\/","name":"Livsrikedomar","description":"Desconectar para conectar mejor","publisher":{"@id":"https:\/\/369agara.com\/#organization"},"potentialAction":[{"@type":"SearchAction","target":{"@type":"EntryPoint","urlTemplate":"https:\/\/369agara.com\/?s={search_term_string}"},"query-input":{"@type":"PropertyValueSpecification","valueRequired":true,"valueName":"search_term_string"}}],"inLanguage":"es"},{"@type":"Organization","@id":"https:\/\/369agara.com\/#organization","name":"EACreations","url":"https:\/\/369agara.com\/","logo":{"@type":"ImageObject","inLanguage":"es","@id":"https:\/\/369agara.com\/#\/schema\/logo\/image\/","url":"","contentUrl":"","caption":"EACreations"},"image":{"@id":"https:\/\/369agara.com\/#\/schema\/logo\/image\/"}}]}},"jetpack_sharing_enabled":true,"_links":{"self":[{"href":"https:\/\/369agara.com\/es\/wp-json\/wp\/v2\/pages\/3877","targetHints":{"allow":["GET"]}}],"collection":[{"href":"https:\/\/369agara.com\/es\/wp-json\/wp\/v2\/pages"}],"about":[{"href":"https:\/\/369agara.com\/es\/wp-json\/wp\/v2\/types\/page"}],"author":[{"embeddable":true,"href":"https:\/\/369agara.com\/es\/wp-json\/wp\/v2\/users\/1"}],"replies":[{"embeddable":true,"href":"https:\/\/369agara.com\/es\/wp-json\/wp\/v2\/comments?post=3877"}],"version-history":[{"count":4,"href":"https:\/\/369agara.com\/es\/wp-json\/wp\/v2\/pages\/3877\/revisions"}],"predecessor-version":[{"id":4205,"href":"https:\/\/369agara.com\/es\/wp-json\/wp\/v2\/pages\/3877\/revisions\/4205"}],"wp:attachment":[{"href":"https:\/\/369agara.com\/es\/wp-json\/wp\/v2\/media?parent=3877"}],"curies":[{"name":"wp","href":"https:\/\/api.w.org\/{rel}","templated":true}]}}