{"id":3880,"date":"2025-05-14T12:45:57","date_gmt":"2025-05-14T10:45:57","guid":{"rendered":"https:\/\/369agara.com\/?page_id=3880"},"modified":"2025-12-11T16:43:14","modified_gmt":"2025-12-11T15:43:14","slug":"politique-de-confidentialite","status":"publish","type":"page","link":"https:\/\/369agara.com\/es\/politique-de-confidentialite\/","title":{"rendered":"Pol\u00edtica de privacidad"},"content":{"rendered":"<section class=\"section\" id=\"section_1766653196\">\n\t\t<div class=\"bg section-bg fill bg-fill bg-loaded bg-loaded\" >\n\n\t\t\t\n\t\t\t\n\t\t\t\n\n\t\t<\/div>\n\n\t\t\n\n\t\t<div class=\"section-content relative\">\n\t\t\t\n\n<h1><span style=\"font-family: Book Antiqua, Palatino; font-size: 120%;\"><strong>Pol\u00edtica de privacidad<\/strong><\/span><\/h1>\n<p><span style=\"font-family: Book Antiqua, Palatino; font-size: 120%;\"><strong>Derni\u00e8re mise \u00e0 jour : 11\/12\/2025<\/strong><\/span><\/p>\n<p><span style=\"font-family: Book Antiqua, Palatino; font-size: 120%;\">La presente pol\u00edtica de confidencialidad tiene por objeto informar a los usuarios del sitio web <strong><a href=\"http:\/\/www.369agara.com\/\">www.369agara.com<\/a><\/strong> c\u00f3mo se recogen, procesan, almacenan y protegen sus datos personales, de conformidad con la ley. <strong>Reglamento general de protecci\u00f3n de datos (RGPD - UE 2016\/679)<\/strong> y la Ley francesa de Protecci\u00f3n de Datos.<\/span><\/p>\n<hr \/>\n<h2><span style=\"font-family: Book Antiqua, Palatino; font-size: 120%;\"><strong>1. Controlador de datos<\/strong><\/span><\/h2>\n<ul>\n<li><span style=\"font-family: Book Antiqua, Palatino; font-size: 120%;\">El responsable del tratamiento de los datos es :<\/span><br \/><span style=\"font-family: Book Antiqua, Palatino; font-size: 120%;\"><strong>Aur\u00e9lien Louali<\/strong><\/span><\/li>\n<li><span style=\"font-family: Book Antiqua, Palatino; font-size: 120%;\">Empresario aut\u00f3nomo registrado con el n\u00famero SIRET XXXXXXXXXXXXXX<\/span><\/li>\n<li><span style=\"font-family: Book Antiqua, Palatino; font-size: 120%;\">Direcci\u00f3n:<\/span><br \/><span style=\"font-family: Book Antiqua, Palatino; font-size: 120%;\">XXXXXXXXXXXXXXXXX<\/span><br \/><span style=\"font-family: Book Antiqua, Palatino; font-size: 120%;\">XXXXXXXXXXXXXXXXX<\/span><br \/><span style=\"font-family: Book Antiqua, Palatino; font-size: 120%;\">XXXXXXXXXXXXXXXXX<\/span><\/li>\n<li><span style=\"font-family: Book Antiqua, Palatino; font-size: 120%;\">Correo electr\u00f3nico de contacto : <\/span><br \/><span style=\"font-family: Book Antiqua, Palatino; font-size: 120%;\">369agara@gmail.com<\/span><\/li>\n<\/ul>\n<hr \/>\n<h2><span style=\"font-family: Book Antiqua, Palatino; font-size: 120%;\"><strong>2. Datos recogidos<\/strong><\/span><\/h2>\n<p><span style=\"font-family: Book Antiqua, Palatino; font-size: 120%;\">S\u00f3lo recogemos los datos necesarios para :<\/span><\/p>\n<ul>\n<li>\n<p><span style=\"font-family: Book Antiqua, Palatino; font-size: 120%;\">Gesti\u00f3n de pedidos y atenci\u00f3n al cliente;<\/span><\/p>\n<\/li>\n<li>\n<p><span style=\"font-family: Book Antiqua, Palatino; font-size: 120%;\">Para mejorar la navegaci\u00f3n por el sitio;<\/span><\/p>\n<\/li>\n<li>\n<p><span style=\"font-family: Book Antiqua, Palatino; font-size: 120%;\">El posible env\u00edo de comunicaciones personalizadas (con consentimiento).<\/span><\/p>\n<\/li>\n<\/ul>\n<h3><span style=\"font-family: Book Antiqua, Palatino; font-size: 120%;\">Pueden recogerse los siguientes datos:<\/span><\/h3>\n<ul>\n<li>\n<p><span style=\"font-family: Book Antiqua, Palatino; font-size: 120%;\">Nombre y apellidos ;<\/span><\/p>\n<\/li>\n<li>\n<p><span style=\"font-family: Book Antiqua, Palatino; font-size: 120%;\">Direcci\u00f3n postal;<\/span><\/p>\n<\/li>\n<li>\n<p><span style=\"font-family: Book Antiqua, Palatino; font-size: 120%;\">Direcci\u00f3n de correo electr\u00f3nico ;<\/span><\/p>\n<\/li>\n<li>\n<p><span style=\"font-family: Book Antiqua, Palatino; font-size: 120%;\">N\u00famero de tel\u00e9fono ;<\/span><\/p>\n<\/li>\n<li>\n<p><span style=\"font-family: Book Antiqua, Palatino; font-size: 120%;\">Informaci\u00f3n sobre el pedido y el pago (a trav\u00e9s de Stripe) ;<\/span><\/p>\n<\/li>\n<li>\n<p><span style=\"font-family: Book Antiqua, Palatino; font-size: 120%;\">Direcci\u00f3n IP y datos de navegaci\u00f3n (a trav\u00e9s de cookies anal\u00edticas) ;<\/span><\/p>\n<\/li>\n<li>\n<p><span style=\"font-family: Book Antiqua, Palatino; font-size: 120%;\">Cualquier otra informaci\u00f3n facilitada voluntariamente a trav\u00e9s de nuestros formularios.<\/span><\/p>\n<\/li>\n<\/ul>\n<hr \/>\n<h2><span style=\"font-family: Book Antiqua, Palatino; font-size: 120%;\"><strong>3. Finalidad del tratamiento<\/strong><\/span><\/h2>\n<p><span style=\"font-family: Book Antiqua, Palatino; font-size: 120%;\">Sus datos se procesan para los siguientes fines:<\/span><\/p>\n<ul>\n<li>\n<p><span style=\"font-family: Book Antiqua, Palatino; font-size: 120%;\">Tramitaci\u00f3n de pedidos ;<\/span><\/p>\n<\/li>\n<li>\n<p><span style=\"font-family: Book Antiqua, Palatino; font-size: 120%;\">Facturaci\u00f3n ;<\/span><\/p>\n<\/li>\n<li>\n<p><span style=\"font-family: Book Antiqua, Palatino; font-size: 120%;\">Entrega del producto ;<\/span><\/p>\n<\/li>\n<li>\n<p><span style=\"font-family: Book Antiqua, Palatino; font-size: 120%;\">Respuesta a las solicitudes a trav\u00e9s del formulario de contacto;<\/span><\/p>\n<\/li>\n<li>\n<p><span style=\"font-family: Book Antiqua, Palatino; font-size: 120%;\">Estad\u00edsticas de visitas an\u00f3nimas ;<\/span><\/p>\n<\/li>\n<li>\n<p><span style=\"font-family: Book Antiqua, Palatino; font-size: 120%;\">Asegurar el sitio.<\/span><\/p>\n<\/li>\n<\/ul>\n<p><span style=\"font-family: Book Antiqua, Palatino; font-size: 120%;\">No se utiliza ning\u00fan dato con fines publicitarios sin su consentimiento expl\u00edcito.<\/span><\/p>\n<hr \/>\n<h2><span style=\"font-family: Book Antiqua, Palatino; font-size: 120%;\"><strong>4. Base jur\u00eddica del tratamiento<\/strong><\/span><\/h2>\n<p><span style=\"font-family: Book Antiqua, Palatino; font-size: 120%;\">El tratamiento de los datos se basa en :<\/span><\/p>\n<ul>\n<li>\n<p><span style=\"font-family: Book Antiqua, Palatino; font-size: 120%;\">En <strong>contrato<\/strong> Tramitaci\u00f3n de pedidos ;<\/span><\/p>\n<\/li>\n<li>\n<p><span style=\"font-family: Book Antiqua, Palatino; font-size: 120%;\">En <strong>consentimiento<\/strong> : env\u00edo de comunicaciones comerciales o boletines informativos (opt-in) ;<\/span><\/p>\n<\/li>\n<li>\n<p><span style=\"font-family: Book Antiqua, Palatino; font-size: 120%;\">Desde el<strong>obligaci\u00f3n legal<\/strong> retenci\u00f3n de facturas, prevenci\u00f3n del fraude ;<\/span><\/p>\n<\/li>\n<li>\n<p><span style=\"font-family: Book Antiqua, Palatino; font-size: 120%;\">Desde el<strong>inter\u00e9s leg\u00edtimo<\/strong> Experiencia de usuario mejorada.<\/span><\/p>\n<\/li>\n<\/ul>\n<hr \/>\n<h2><span style=\"font-family: Book Antiqua, Palatino; font-size: 120%;\"><strong>5. 5. Per\u00edodo de conservaci\u00f3n de los datos<\/strong><\/span><\/h2>\n<p><span style=\"font-family: Book Antiqua, Palatino; font-size: 120%;\">Sus datos personales se conservar\u00e1n durante :<\/span><\/p>\n<ul>\n<li>\n<p><span style=\"font-family: Book Antiqua, Palatino; font-size: 120%;\">El tiempo necesario para tramitar el pedido y prestar el servicio al cliente;<\/span><\/p>\n<\/li>\n<li>\n<p><span style=\"font-family: Book Antiqua, Palatino; font-size: 120%;\">Hasta 3 a\u00f1os despu\u00e9s de la \u00faltima interacci\u00f3n comercial, a efectos de seguimiento del cliente;<\/span><\/p>\n<\/li>\n<li>\n<p><span style=\"font-family: Book Antiqua, Palatino; font-size: 120%;\">10 a\u00f1os para los datos contables, de conformidad con las obligaciones fiscales.<\/span><\/p>\n<\/li>\n<\/ul>\n<hr \/>\n<h2><span style=\"font-family: Book Antiqua, Palatino; font-size: 120%;\"><strong>6. Destinatarios de los datos<\/strong><\/span><\/h2>\n<p><span style=\"font-family: Book Antiqua, Palatino; font-size: 120%;\">Sus datos personales son estrictamente accesibles:<\/span><\/p>\n<ul>\n<li>\n<p><span style=\"font-family: Book Antiqua, Palatino; font-size: 120%;\">Al editor del sitio <strong><a href=\"http:\/\/www.369agara.com\/\">www.369agara.com<\/a><\/strong> y, en su caso, a los miembros de su equipo;<\/span><\/p>\n<\/li>\n<li>\n<p><span style=\"font-family: Book Antiqua, Palatino; font-size: 120%;\">Proveedores de servicios t\u00e9cnicos y comerciales implicados en la ejecuci\u00f3n de su pedido:<\/span><\/p>\n<ul>\n<li>\n<p><span style=\"font-family: Book Antiqua, Palatino; font-size: 120%;\"><strong>Raya<\/strong> (gesti\u00f3n segura de pagos en l\u00ednea),<\/span><\/p>\n<\/li>\n<li>\n<p><span style=\"font-family: Book Antiqua, Palatino; font-size: 120%;\"><strong>La Poste<\/strong> y <strong>DPD<\/strong> (servicios de entrega, incluidos los internacionales),<\/span><\/p>\n<\/li>\n<li>\n<p><span style=\"font-family: Book Antiqua, Palatino; font-size: 120%;\">En <strong>proveedores asociados<\/strong>cuando el env\u00edo lo realizan directamente ellos:<\/span><\/p>\n<ul>\n<li>\n<p><span style=\"font-family: Book Antiqua, Palatino; font-size: 120%;\"><strong>M\u00fasica vegetal<\/strong>,<\/span><\/p>\n<\/li>\n<li>\n<p><span style=\"font-family: Book Antiqua, Palatino; font-size: 120%;\"><strong>Elegir la vida<\/strong>,<\/span><\/p>\n<\/li>\n<li>\n<p><span style=\"font-family: Book Antiqua, Palatino; font-size: 120%;\"><strong>Innovaciones Arc En Ciel<\/strong>,<\/span><\/p>\n<\/li>\n<li>\n<p><span style=\"font-family: Book Antiqua, Palatino; font-size: 120%;\"><strong>StructWater<\/strong>.<\/span><\/p>\n<\/li>\n<\/ul>\n<\/li>\n<\/ul>\n<\/li>\n<\/ul>\n<p><span style=\"font-family: Book Antiqua, Palatino; font-size: 120%;\">Estos destinatarios s\u00f3lo tienen acceso a los datos necesarios para la correcta ejecuci\u00f3n de sus prestaciones (preparaci\u00f3n, env\u00edo, facturaci\u00f3n). Cada uno de ellos se compromete a respetar la confidencialidad de los datos personales, de conformidad con la normativa vigente.<\/span><\/p>\n<p><span style=\"font-family: Book Antiqua, Palatino; font-size: 120%;\">El editor del sitio no vende <strong>de ninguna manera<\/strong> sus datos a terceros con fines comerciales.<\/span><\/p>\n<hr \/>\n<h2><span style=\"font-family: Book Antiqua, Palatino; font-size: 120%;\"><strong>7. 7. Seguridad de los datos<\/strong><\/span><\/h2>\n<p><span style=\"font-family: Book Antiqua, Palatino; font-size: 120%;\">Aplicamos todas las medidas de seguridad necesarias (alojamiento seguro, cortafuegos, cifrado SSL, protecci\u00f3n de acceso) para garantizar la confidencialidad e integridad de sus datos.<\/span><\/p>\n<hr \/>\n<h2><span style=\"font-family: Book Antiqua, Palatino; font-size: 120%;\"><strong>8. Sus derechos<\/strong><\/span><\/h2>\n<p><span style=\"font-family: Book Antiqua, Palatino; font-size: 120%;\">De acuerdo con la legislaci\u00f3n vigente, usted tiene los siguientes derechos:<\/span><\/p>\n<ul>\n<li>\n<p><span style=\"font-family: Book Antiqua, Palatino; font-size: 120%;\"><strong>Derecho de acceso<\/strong> a sus datos ;<\/span><\/p>\n<\/li>\n<li>\n<p><span style=\"font-family: Book Antiqua, Palatino; font-size: 120%;\"><strong>Derecho de rectificaci\u00f3n<\/strong> de sus datos ;<\/span><\/p>\n<\/li>\n<li>\n<p><span style=\"font-family: Book Antiqua, Palatino; font-size: 120%;\"><strong>Derecho de supresi\u00f3n<\/strong> (\"derecho al olvido\");<\/span><\/p>\n<\/li>\n<li>\n<p><span style=\"font-family: Book Antiqua, Palatino; font-size: 120%;\"><strong>Derecho a restringir el tratamiento<\/strong> ;<\/span><\/p>\n<\/li>\n<li>\n<p><span style=\"font-family: Book Antiqua, Palatino; font-size: 120%;\"><strong>Derecho a la portabilidad<\/strong> ;<\/span><\/p>\n<\/li>\n<li>\n<p><span style=\"font-family: Book Antiqua, Palatino; font-size: 120%;\"><strong>Derecho de oposici\u00f3n<\/strong>incluida la prospecci\u00f3n comercial;<\/span><\/p>\n<\/li>\n<li>\n<p><span style=\"font-family: Book Antiqua, Palatino; font-size: 120%;\"><strong>Derecho a retirar su consentimiento en cualquier momento<\/strong>.<\/span><\/p>\n<\/li>\n<\/ul>\n<p><span style=\"font-family: Book Antiqua, Palatino; font-size: 120%;\">Para ejercer sus derechos, s\u00f3lo tiene que ponerse en contacto con nosotros por correo electr\u00f3nico en la direcci\u00f3n :<\/span><br \/><span style=\"font-family: Book Antiqua, Palatino; font-size: 120%;\">agara@gmail.com<\/span><br \/><span style=\"font-family: Book Antiqua, Palatino; font-size: 120%;\">Nos comprometemos a responder en un plazo m\u00e1ximo de 30 d\u00edas.<\/span><\/p>\n<hr \/>\n<h2><span style=\"font-family: Book Antiqua, Palatino; font-size: 120%;\"><strong>9. Cookies<\/strong><\/span><\/h2>\n<p><span style=\"font-family: Book Antiqua, Palatino; font-size: 120%;\">El sitio utiliza <strong>galletas<\/strong> necesarias para el correcto funcionamiento del sitio y para el an\u00e1lisis estad\u00edstico del tr\u00e1fico.<\/span><br \/><span style=\"font-family: Book Antiqua, Palatino; font-size: 120%;\">Puede aceptar o rechazar las cookies no esenciales desde el banner que aparece en su primera visita.<\/span><\/p>\n<hr \/>\n<h2><span style=\"font-family: Book Antiqua, Palatino; font-size: 120%;\"><strong>10. Transferencias fuera de la UE<\/strong><\/span><\/h2>\n<p><span style=\"font-family: Book Antiqua, Palatino; font-size: 120%;\">No se transfieren datos personales a un pa\u00eds fuera de la Uni\u00f3n Europea, a menos que esto sea necesario por un proveedor de servicios (por ejemplo, Stripe), en cuyo caso la transferencia se rige por cl\u00e1usulas contractuales que cumplen con el RGPD.<\/span><\/p>\n<hr \/>\n<h2><span style=\"font-family: Book Antiqua, Palatino; font-size: 120%;\"><strong>11. Cambios en la pol\u00edtica de privacidad<\/strong><\/span><\/h2>\n<p><span style=\"font-family: Book Antiqua, Palatino; font-size: 120%;\">Nos reservamos el derecho a modificar esta pol\u00edtica en cualquier momento.<\/span><br \/><span style=\"font-family: Book Antiqua, Palatino; font-size: 120%;\">Se informar\u00e1 a los usuarios de cualquier actualizaci\u00f3n mediante una notificaci\u00f3n en el sitio o por correo electr\u00f3nico, si procede.<\/span><\/p>\n<hr \/>\n<h2><span style=\"font-family: Book Antiqua, Palatino; font-size: 120%;\"><strong>12. Contacto<\/strong><\/span><\/h2>\n<p><span style=\"font-family: Book Antiqua, Palatino; font-size: 120%;\">Pour toute question relative \u00e0 cette politique ou \u00e0 vos donn\u00e9es personnelles, vous pouvez nous contacter \u00e0 : 369agara@gmail.com<\/span><\/p>\n\n\t\t<\/div>\n\n\t\t\n<style>\n#section_1766653196 {\n  padding-top: 30px;\n  padding-bottom: 30px;\n}\n#section_1766653196 .ux-shape-divider--top svg {\n  height: 150px;\n  --divider-top-width: 100%;\n}\n#section_1766653196 .ux-shape-divider--bottom svg {\n  height: 150px;\n  --divider-width: 100%;\n}\n<\/style>\n\t<\/section>","protected":false},"excerpt":{"rendered":"","protected":false},"author":1,"featured_media":0,"parent":0,"menu_order":0,"comment_status":"closed","ping_status":"closed","template":"","meta":{"footnotes":""},"class_list":["post-3880","page","type-page","status-publish","hentry"],"yoast_head":"<!-- This site is optimized with the Yoast SEO Premium plugin v25.1 (Yoast SEO v27.4) - https:\/\/yoast.com\/product\/yoast-seo-premium-wordpress\/ -->\n<title>Politique de confidentialit\u00e9 | Agara<\/title>\n<meta name=\"robots\" content=\"index, follow, max-snippet:-1, max-image-preview:large, max-video-preview:-1\" \/>\n<link rel=\"canonical\" href=\"https:\/\/369agara.com\/es\/politique-de-confidentialite\/\" \/>\n<meta property=\"og:locale\" content=\"es_ES\" \/>\n<meta property=\"og:type\" content=\"article\" \/>\n<meta property=\"og:title\" content=\"Politique de confidentialit\u00e9\" \/>\n<meta property=\"og:url\" content=\"https:\/\/369agara.com\/es\/politique-de-confidentialite\/\" \/>\n<meta property=\"og:site_name\" content=\"Agara\" \/>\n<meta property=\"article:modified_time\" content=\"2025-12-11T15:43:14+00:00\" \/>\n<meta name=\"twitter:card\" content=\"summary_large_image\" \/>\n<script type=\"application\/ld+json\" class=\"yoast-schema-graph\">{\"@context\":\"https:\\\/\\\/schema.org\",\"@graph\":[{\"@type\":\"WebPage\",\"@id\":\"https:\\\/\\\/369agara.com\\\/politique-de-confidentialite\\\/\",\"url\":\"https:\\\/\\\/369agara.com\\\/politique-de-confidentialite\\\/\",\"name\":\"Politique de confidentialit\u00e9 | Agara\",\"isPartOf\":{\"@id\":\"https:\\\/\\\/369agara.com\\\/#website\"},\"datePublished\":\"2025-05-14T10:45:57+00:00\",\"dateModified\":\"2025-12-11T15:43:14+00:00\",\"breadcrumb\":{\"@id\":\"https:\\\/\\\/369agara.com\\\/politique-de-confidentialite\\\/#breadcrumb\"},\"inLanguage\":\"es\",\"potentialAction\":[{\"@type\":\"ReadAction\",\"target\":[\"https:\\\/\\\/369agara.com\\\/politique-de-confidentialite\\\/\"]}]},{\"@type\":\"BreadcrumbList\",\"@id\":\"https:\\\/\\\/369agara.com\\\/politique-de-confidentialite\\\/#breadcrumb\",\"itemListElement\":[{\"@type\":\"ListItem\",\"position\":1,\"name\":\"Accueil\",\"item\":\"https:\\\/\\\/369agara.com\\\/\"},{\"@type\":\"ListItem\",\"position\":2,\"name\":\"Politique de confidentialit\u00e9\"}]},{\"@type\":\"WebSite\",\"@id\":\"https:\\\/\\\/369agara.com\\\/#website\",\"url\":\"https:\\\/\\\/369agara.com\\\/\",\"name\":\"Livsrikedomar\",\"description\":\"D\u00e9connectez pour mieux vous connecter\",\"publisher\":{\"@id\":\"https:\\\/\\\/369agara.com\\\/#organization\"},\"potentialAction\":[{\"@type\":\"SearchAction\",\"target\":{\"@type\":\"EntryPoint\",\"urlTemplate\":\"https:\\\/\\\/369agara.com\\\/?s={search_term_string}\"},\"query-input\":{\"@type\":\"PropertyValueSpecification\",\"valueRequired\":true,\"valueName\":\"search_term_string\"}}],\"inLanguage\":\"es\"},{\"@type\":\"Organization\",\"@id\":\"https:\\\/\\\/369agara.com\\\/#organization\",\"name\":\"EACreations\",\"url\":\"https:\\\/\\\/369agara.com\\\/\",\"logo\":{\"@type\":\"ImageObject\",\"inLanguage\":\"es\",\"@id\":\"https:\\\/\\\/369agara.com\\\/#\\\/schema\\\/logo\\\/image\\\/\",\"url\":\"\",\"contentUrl\":\"\",\"caption\":\"EACreations\"},\"image\":{\"@id\":\"https:\\\/\\\/369agara.com\\\/#\\\/schema\\\/logo\\\/image\\\/\"}}]}<\/script>\n<!-- \/ Yoast SEO Premium plugin. -->","yoast_head_json":{"title":"Politique de confidentialit\u00e9 | Agara","robots":{"index":"index","follow":"follow","max-snippet":"max-snippet:-1","max-image-preview":"max-image-preview:large","max-video-preview":"max-video-preview:-1"},"canonical":"https:\/\/369agara.com\/es\/politique-de-confidentialite\/","og_locale":"es_ES","og_type":"article","og_title":"Politique de confidentialit\u00e9","og_url":"https:\/\/369agara.com\/es\/politique-de-confidentialite\/","og_site_name":"Agara","article_modified_time":"2025-12-11T15:43:14+00:00","twitter_card":"summary_large_image","schema":{"@context":"https:\/\/schema.org","@graph":[{"@type":"WebPage","@id":"https:\/\/369agara.com\/politique-de-confidentialite\/","url":"https:\/\/369agara.com\/politique-de-confidentialite\/","name":"Politique de confidentialit\u00e9 | Agara","isPartOf":{"@id":"https:\/\/369agara.com\/#website"},"datePublished":"2025-05-14T10:45:57+00:00","dateModified":"2025-12-11T15:43:14+00:00","breadcrumb":{"@id":"https:\/\/369agara.com\/politique-de-confidentialite\/#breadcrumb"},"inLanguage":"es","potentialAction":[{"@type":"ReadAction","target":["https:\/\/369agara.com\/politique-de-confidentialite\/"]}]},{"@type":"BreadcrumbList","@id":"https:\/\/369agara.com\/politique-de-confidentialite\/#breadcrumb","itemListElement":[{"@type":"ListItem","position":1,"name":"Accueil","item":"https:\/\/369agara.com\/"},{"@type":"ListItem","position":2,"name":"Politique de confidentialit\u00e9"}]},{"@type":"WebSite","@id":"https:\/\/369agara.com\/#website","url":"https:\/\/369agara.com\/","name":"Livsrikedomar","description":"Desconectar para conectar mejor","publisher":{"@id":"https:\/\/369agara.com\/#organization"},"potentialAction":[{"@type":"SearchAction","target":{"@type":"EntryPoint","urlTemplate":"https:\/\/369agara.com\/?s={search_term_string}"},"query-input":{"@type":"PropertyValueSpecification","valueRequired":true,"valueName":"search_term_string"}}],"inLanguage":"es"},{"@type":"Organization","@id":"https:\/\/369agara.com\/#organization","name":"EACreations","url":"https:\/\/369agara.com\/","logo":{"@type":"ImageObject","inLanguage":"es","@id":"https:\/\/369agara.com\/#\/schema\/logo\/image\/","url":"","contentUrl":"","caption":"EACreations"},"image":{"@id":"https:\/\/369agara.com\/#\/schema\/logo\/image\/"}}]}},"jetpack_sharing_enabled":true,"_links":{"self":[{"href":"https:\/\/369agara.com\/es\/wp-json\/wp\/v2\/pages\/3880","targetHints":{"allow":["GET"]}}],"collection":[{"href":"https:\/\/369agara.com\/es\/wp-json\/wp\/v2\/pages"}],"about":[{"href":"https:\/\/369agara.com\/es\/wp-json\/wp\/v2\/types\/page"}],"author":[{"embeddable":true,"href":"https:\/\/369agara.com\/es\/wp-json\/wp\/v2\/users\/1"}],"replies":[{"embeddable":true,"href":"https:\/\/369agara.com\/es\/wp-json\/wp\/v2\/comments?post=3880"}],"version-history":[{"count":4,"href":"https:\/\/369agara.com\/es\/wp-json\/wp\/v2\/pages\/3880\/revisions"}],"predecessor-version":[{"id":4202,"href":"https:\/\/369agara.com\/es\/wp-json\/wp\/v2\/pages\/3880\/revisions\/4202"}],"wp:attachment":[{"href":"https:\/\/369agara.com\/es\/wp-json\/wp\/v2\/media?parent=3880"}],"curies":[{"name":"wp","href":"https:\/\/api.w.org\/{rel}","templated":true}]}}