{"id":1203,"date":"2022-10-31T22:10:47","date_gmt":"2022-10-31T21:10:47","guid":{"rendered":"https:\/\/369agara.com\/?post_type=product&#038;p=1203"},"modified":"2025-09-13T16:52:29","modified_gmt":"2025-09-13T14:52:29","slug":"appareil-bambou-m","status":"publish","type":"product","link":"https:\/\/369agara.com\/es\/producto\/appareil-bambou-m\/","title":{"rendered":"Bamboo M - Dispositivo port\u00e1til (sin Bluetooth ni WIFI)"},"content":{"rendered":"<p><span style=\"font-family: 'Book Antiqua', Palatino; font-size: 120%; color: #333399;\">\u00a1Consigue una experiencia sonora profundamente relajante con tus plantas!<\/span><\/p>\n<p><span style=\"font-family: 'Book Antiqua', Palatino; font-size: 120%; color: #333399;\">El Bamboo M es ideal para escuchar m\u00fasica de plantas all\u00e1 donde vayas.<\/span><br \/>\n<span style=\"font-family: 'Book Antiqua', Palatino; font-size: 120%; color: #333399;\">Se puede personalizar y configurar.<\/span><br \/>\n<span style=\"font-family: 'Book Antiqua', Palatino; font-size: 120%; color: #333399;\">Te permite crear tus propias opciones de escenario musical y gestionar los par\u00e1metros musicales personalizando el instrumento (entre 128 posibles), la escala musical, la frecuencia (440, 432, 426,7 Hz), la espacialidad, el coro y la reverberaci\u00f3n.<\/span><\/p>\n<p><span style=\"font-family: 'Book Antiqua', Palatino; font-size: 120%; color: #333399;\">Bamboo puede grabar m\u00fasica, amplificarla con un altavoz externo, componer m\u00fasica mediante se\u00f1ales MIDI, conectarse a un PC para ver el comportamiento electromagn\u00e9tico del sistema y mucho m\u00e1s.<\/span><br \/>\n<span style=\"font-family: 'Book Antiqua', Palatino; font-size: 120%; color: #333399;\">Util\u00edzalo para grabar en tu ordenador, tel\u00e9fono, sintetizador o mezclador MIDI...<\/span><br \/>\n<span style=\"font-family: 'Book Antiqua', Palatino; font-size: 120%; color: #333399;\">El \u00fanico l\u00edmite para su uso es tu imaginaci\u00f3n.<\/span><\/p>\n<p><span style=\"font-family: 'Book Antiqua', Palatino; font-size: 120%; color: #333399;\">La elegante caja, respetuosa con el medio ambiente, contiene :<\/span><\/p>\n<ul>\n<li><span style=\"font-family: 'Book Antiqua', Palatino; font-size: 120%; color: #333399;\">Aparato de bamb\u00fa en un cuerpo de madera, natural, ligero y respetuoso con el medio ambiente<\/span><\/li>\n<li><span style=\"font-family: 'Book Antiqua', Palatino; font-size: 120%; color: #333399;\">Cable sensor de hojas y suelo<\/span><\/li>\n<li><span style=\"font-family: 'Book Antiqua', Palatino; font-size: 120%; color: #333399;\">Cable de carga USB<\/span><\/li>\n<li><span style=\"font-family: 'Book Antiqua', Palatino; font-size: 120%; color: #333399;\">Manual de instrucciones en ingl\u00e9s<\/span><\/li>\n<li><span style=\"font-family: 'Book Antiqua', Palatino; font-size: 120%; color: #333399;\">Pegatinas Bonus Plant Music.<\/span><\/li>\n<\/ul>","protected":false},"excerpt":{"rendered":"<p><span style=\"font-family: 'Book Antiqua', Palatino; font-size: 120%; color: #333399;\">Con Bamboo, puedes establecer una comunicaci\u00f3n directa con el mundo vegetal a trav\u00e9s del lenguaje de la m\u00fasica.\u00a0<\/span><\/p>\n<p><span style=\"font-family: 'Book Antiqua', Palatino; font-size: 120%; color: #333399;\">Tambi\u00e9n permite a las plantas compartir c\u00f3mo reaccionan y conectan con el entorno que las rodea, incluidos los humanos.<\/span><\/p>\n<p><span style=\"font-family: 'Book Antiqua', Palatino; font-size: 120%; color: #333399;\">Este dispositivo es adecuado para usuarios hipersensibles, ya que no est\u00e1 equipado con tecnolog\u00eda Bluetooth ni WIFI.<\/span><\/p>","protected":false},"featured_media":3293,"comment_status":"open","ping_status":"closed","template":"","meta":[],"product_brand":[270],"product_cat":[141],"product_tag":[271,272],"class_list":{"0":"post-1203","1":"product","2":"type-product","3":"status-publish","4":"has-post-thumbnail","6":"product_brand-musique-des-plantes","7":"product_cat-musique-des-plantes","8":"product_tag-bien-etre","9":"product_tag-therapie","11":"first","12":"instock","13":"sale","14":"taxable","15":"shipping-taxable","16":"purchasable","17":"product-type-simple"},"yoast_head":"<!-- This site is optimized with the Yoast SEO Premium plugin v25.1 (Yoast SEO v27.6) - https:\/\/yoast.com\/product\/yoast-seo-premium-wordpress\/ -->\n<title>Bambou M - Appareil portable (sans bluetooth, sans WIFI) | Agara<\/title>\n<meta name=\"description\" content=\"Avec Bambou, vous pouvez \u00e9tablir une communication directe avec le monde v\u00e9g\u00e9tal \u00e0 travers le langage de la musique.\u00a0Cela permet \u00e9galement aux plantes de partager la mani\u00e8re dont elles r\u00e9agissent et se connectent \u00e0 l\u2019environnement qui les entoure, y compris les humains. Cet appareil convient aux hypersensibles car il n&#039;est pas pourvu de la technologie Bluetooth, ni WIFI.\" \/>\n<meta name=\"robots\" content=\"index, follow, max-snippet:-1, max-image-preview:large, max-video-preview:-1\" \/>\n<link rel=\"canonical\" href=\"https:\/\/369agara.com\/es\/producto\/appareil-bambou-m\/\" \/>\n<meta property=\"og:locale\" content=\"es_ES\" \/>\n<meta property=\"og:type\" content=\"article\" \/>\n<meta property=\"og:title\" content=\"Bambou M - Appareil portable (sans bluetooth, sans WIFI)\" \/>\n<meta property=\"og:description\" content=\"Avec Bambou, vous pouvez \u00e9tablir une communication directe avec le monde v\u00e9g\u00e9tal \u00e0 travers le langage de la musique.\u00a0Cela permet \u00e9galement aux plantes de partager la mani\u00e8re dont elles r\u00e9agissent et se connectent \u00e0 l\u2019environnement qui les entoure, y compris les humains. Cet appareil convient aux hypersensibles car il n&#039;est pas pourvu de la technologie Bluetooth, ni WIFI.\" \/>\n<meta property=\"og:url\" content=\"https:\/\/369agara.com\/es\/producto\/appareil-bambou-m\/\" \/>\n<meta property=\"og:site_name\" content=\"Agara\" \/>\n<meta property=\"article:modified_time\" content=\"2025-09-13T14:52:29+00:00\" \/>\n<meta property=\"og:image\" content=\"https:\/\/369agara.com\/wp-content\/uploads\/2024\/11\/shop_bamboo_m_2021-e164751112.jpg\" \/>\n\t<meta property=\"og:image:width\" content=\"797\" \/>\n\t<meta property=\"og:image:height\" content=\"797\" \/>\n\t<meta property=\"og:image:type\" content=\"image\/jpeg\" \/>\n<meta name=\"twitter:card\" content=\"summary_large_image\" \/>\n<meta name=\"twitter:label1\" content=\"Tiempo de lectura\" \/>\n\t<meta name=\"twitter:data1\" content=\"2 minutos\" \/>\n<script type=\"application\/ld+json\" class=\"yoast-schema-graph\">{\"@context\":\"https:\\\/\\\/schema.org\",\"@graph\":[{\"@type\":\"WebPage\",\"@id\":\"https:\\\/\\\/369agara.com\\\/produit\\\/appareil-bambou-m\\\/\",\"url\":\"https:\\\/\\\/369agara.com\\\/produit\\\/appareil-bambou-m\\\/\",\"name\":\"Bambou M - Appareil portable (sans bluetooth, sans WIFI) | Agara\",\"isPartOf\":{\"@id\":\"https:\\\/\\\/369agara.com\\\/#website\"},\"primaryImageOfPage\":{\"@id\":\"https:\\\/\\\/369agara.com\\\/produit\\\/appareil-bambou-m\\\/#primaryimage\"},\"image\":{\"@id\":\"https:\\\/\\\/369agara.com\\\/produit\\\/appareil-bambou-m\\\/#primaryimage\"},\"thumbnailUrl\":\"https:\\\/\\\/369agara.com\\\/wp-content\\\/uploads\\\/2024\\\/11\\\/shop_bamboo_m_2021-e164751112.jpg\",\"datePublished\":\"2022-10-31T21:10:47+00:00\",\"dateModified\":\"2025-09-13T14:52:29+00:00\",\"description\":\"Avec Bambou, vous pouvez \u00e9tablir une communication directe avec le monde v\u00e9g\u00e9tal \u00e0 travers le langage de la musique.\u00a0Cela permet \u00e9galement aux plantes de partager la mani\u00e8re dont elles r\u00e9agissent et se connectent \u00e0 l\u2019environnement qui les entoure, y compris les humains. Cet appareil convient aux hypersensibles car il n'est pas pourvu de la technologie Bluetooth, ni WIFI.\",\"breadcrumb\":{\"@id\":\"https:\\\/\\\/369agara.com\\\/produit\\\/appareil-bambou-m\\\/#breadcrumb\"},\"inLanguage\":\"es\",\"potentialAction\":[{\"@type\":\"ReadAction\",\"target\":[\"https:\\\/\\\/369agara.com\\\/produit\\\/appareil-bambou-m\\\/\"]}]},{\"@type\":\"ImageObject\",\"inLanguage\":\"es\",\"@id\":\"https:\\\/\\\/369agara.com\\\/produit\\\/appareil-bambou-m\\\/#primaryimage\",\"url\":\"https:\\\/\\\/369agara.com\\\/wp-content\\\/uploads\\\/2024\\\/11\\\/shop_bamboo_m_2021-e164751112.jpg\",\"contentUrl\":\"https:\\\/\\\/369agara.com\\\/wp-content\\\/uploads\\\/2024\\\/11\\\/shop_bamboo_m_2021-e164751112.jpg\",\"width\":797,\"height\":797},{\"@type\":\"BreadcrumbList\",\"@id\":\"https:\\\/\\\/369agara.com\\\/produit\\\/appareil-bambou-m\\\/#breadcrumb\",\"itemListElement\":[{\"@type\":\"ListItem\",\"position\":1,\"name\":\"Accueil\",\"item\":\"https:\\\/\\\/369agara.com\\\/\"},{\"@type\":\"ListItem\",\"position\":2,\"name\":\"La boutique\",\"item\":\"https:\\\/\\\/369agara.com\\\/la-boutique\\\/\"},{\"@type\":\"ListItem\",\"position\":3,\"name\":\"Bambou M &#8211; Appareil portable (sans bluetooth, sans WIFI)\"}]},{\"@type\":\"WebSite\",\"@id\":\"https:\\\/\\\/369agara.com\\\/#website\",\"url\":\"https:\\\/\\\/369agara.com\\\/\",\"name\":\"Livsrikedomar\",\"description\":\"D\u00e9connectez pour mieux vous connecter\",\"publisher\":{\"@id\":\"https:\\\/\\\/369agara.com\\\/#organization\"},\"potentialAction\":[{\"@type\":\"SearchAction\",\"target\":{\"@type\":\"EntryPoint\",\"urlTemplate\":\"https:\\\/\\\/369agara.com\\\/?s={search_term_string}\"},\"query-input\":{\"@type\":\"PropertyValueSpecification\",\"valueRequired\":true,\"valueName\":\"search_term_string\"}}],\"inLanguage\":\"es\"},{\"@type\":\"Organization\",\"@id\":\"https:\\\/\\\/369agara.com\\\/#organization\",\"name\":\"EACreations\",\"url\":\"https:\\\/\\\/369agara.com\\\/\",\"logo\":{\"@type\":\"ImageObject\",\"inLanguage\":\"es\",\"@id\":\"https:\\\/\\\/369agara.com\\\/#\\\/schema\\\/logo\\\/image\\\/\",\"url\":\"\",\"contentUrl\":\"\",\"caption\":\"EACreations\"},\"image\":{\"@id\":\"https:\\\/\\\/369agara.com\\\/#\\\/schema\\\/logo\\\/image\\\/\"}}]}<\/script>\n<!-- \/ Yoast SEO Premium plugin. -->","yoast_head_json":{"title":"Bambou M - Appareil portable (sans bluetooth, sans WIFI) | Agara","description":"Avec Bambou, vous pouvez \u00e9tablir une communication directe avec le monde v\u00e9g\u00e9tal \u00e0 travers le langage de la musique.\u00a0Cela permet \u00e9galement aux plantes de partager la mani\u00e8re dont elles r\u00e9agissent et se connectent \u00e0 l\u2019environnement qui les entoure, y compris les humains. Cet appareil convient aux hypersensibles car il n'est pas pourvu de la technologie Bluetooth, ni WIFI.","robots":{"index":"index","follow":"follow","max-snippet":"max-snippet:-1","max-image-preview":"max-image-preview:large","max-video-preview":"max-video-preview:-1"},"canonical":"https:\/\/369agara.com\/es\/producto\/appareil-bambou-m\/","og_locale":"es_ES","og_type":"article","og_title":"Bambou M - Appareil portable (sans bluetooth, sans WIFI)","og_description":"Avec Bambou, vous pouvez \u00e9tablir une communication directe avec le monde v\u00e9g\u00e9tal \u00e0 travers le langage de la musique.\u00a0Cela permet \u00e9galement aux plantes de partager la mani\u00e8re dont elles r\u00e9agissent et se connectent \u00e0 l\u2019environnement qui les entoure, y compris les humains. Cet appareil convient aux hypersensibles car il n'est pas pourvu de la technologie Bluetooth, ni WIFI.","og_url":"https:\/\/369agara.com\/es\/producto\/appareil-bambou-m\/","og_site_name":"Agara","article_modified_time":"2025-09-13T14:52:29+00:00","og_image":[{"width":797,"height":797,"url":"https:\/\/369agara.com\/wp-content\/uploads\/2024\/11\/shop_bamboo_m_2021-e164751112.jpg","type":"image\/jpeg"}],"twitter_card":"summary_large_image","twitter_misc":{"Tiempo de lectura":"2 minutos"},"schema":{"@context":"https:\/\/schema.org","@graph":[{"@type":"WebPage","@id":"https:\/\/369agara.com\/produit\/appareil-bambou-m\/","url":"https:\/\/369agara.com\/produit\/appareil-bambou-m\/","name":"Bambou M - Appareil portable (sans bluetooth, sans WIFI) | Agara","isPartOf":{"@id":"https:\/\/369agara.com\/#website"},"primaryImageOfPage":{"@id":"https:\/\/369agara.com\/produit\/appareil-bambou-m\/#primaryimage"},"image":{"@id":"https:\/\/369agara.com\/produit\/appareil-bambou-m\/#primaryimage"},"thumbnailUrl":"https:\/\/369agara.com\/wp-content\/uploads\/2024\/11\/shop_bamboo_m_2021-e164751112.jpg","datePublished":"2022-10-31T21:10:47+00:00","dateModified":"2025-09-13T14:52:29+00:00","description":"Avec Bambou, vous pouvez \u00e9tablir une communication directe avec le monde v\u00e9g\u00e9tal \u00e0 travers le langage de la musique.\u00a0Cela permet \u00e9galement aux plantes de partager la mani\u00e8re dont elles r\u00e9agissent et se connectent \u00e0 l\u2019environnement qui les entoure, y compris les humains. Cet appareil convient aux hypersensibles car il n'est pas pourvu de la technologie Bluetooth, ni WIFI.","breadcrumb":{"@id":"https:\/\/369agara.com\/produit\/appareil-bambou-m\/#breadcrumb"},"inLanguage":"es","potentialAction":[{"@type":"ReadAction","target":["https:\/\/369agara.com\/produit\/appareil-bambou-m\/"]}]},{"@type":"ImageObject","inLanguage":"es","@id":"https:\/\/369agara.com\/produit\/appareil-bambou-m\/#primaryimage","url":"https:\/\/369agara.com\/wp-content\/uploads\/2024\/11\/shop_bamboo_m_2021-e164751112.jpg","contentUrl":"https:\/\/369agara.com\/wp-content\/uploads\/2024\/11\/shop_bamboo_m_2021-e164751112.jpg","width":797,"height":797},{"@type":"BreadcrumbList","@id":"https:\/\/369agara.com\/produit\/appareil-bambou-m\/#breadcrumb","itemListElement":[{"@type":"ListItem","position":1,"name":"Accueil","item":"https:\/\/369agara.com\/"},{"@type":"ListItem","position":2,"name":"La boutique","item":"https:\/\/369agara.com\/la-boutique\/"},{"@type":"ListItem","position":3,"name":"Bambou M &#8211; Appareil portable (sans bluetooth, sans WIFI)"}]},{"@type":"WebSite","@id":"https:\/\/369agara.com\/#website","url":"https:\/\/369agara.com\/","name":"Livsrikedomar","description":"Desconectar para conectar mejor","publisher":{"@id":"https:\/\/369agara.com\/#organization"},"potentialAction":[{"@type":"SearchAction","target":{"@type":"EntryPoint","urlTemplate":"https:\/\/369agara.com\/?s={search_term_string}"},"query-input":{"@type":"PropertyValueSpecification","valueRequired":true,"valueName":"search_term_string"}}],"inLanguage":"es"},{"@type":"Organization","@id":"https:\/\/369agara.com\/#organization","name":"EACreations","url":"https:\/\/369agara.com\/","logo":{"@type":"ImageObject","inLanguage":"es","@id":"https:\/\/369agara.com\/#\/schema\/logo\/image\/","url":"","contentUrl":"","caption":"EACreations"},"image":{"@id":"https:\/\/369agara.com\/#\/schema\/logo\/image\/"}}]}},"jetpack_sharing_enabled":true,"_links":{"self":[{"href":"https:\/\/369agara.com\/es\/wp-json\/wp\/v2\/product\/1203","targetHints":{"allow":["GET"]}}],"collection":[{"href":"https:\/\/369agara.com\/es\/wp-json\/wp\/v2\/product"}],"about":[{"href":"https:\/\/369agara.com\/es\/wp-json\/wp\/v2\/types\/product"}],"replies":[{"embeddable":true,"href":"https:\/\/369agara.com\/es\/wp-json\/wp\/v2\/comments?post=1203"}],"wp:featuredmedia":[{"embeddable":true,"href":"https:\/\/369agara.com\/es\/wp-json\/wp\/v2\/media\/3293"}],"wp:attachment":[{"href":"https:\/\/369agara.com\/es\/wp-json\/wp\/v2\/media?parent=1203"}],"wp:term":[{"taxonomy":"product_brand","embeddable":true,"href":"https:\/\/369agara.com\/es\/wp-json\/wp\/v2\/product_brand?post=1203"},{"taxonomy":"product_cat","embeddable":true,"href":"https:\/\/369agara.com\/es\/wp-json\/wp\/v2\/product_cat?post=1203"},{"taxonomy":"product_tag","embeddable":true,"href":"https:\/\/369agara.com\/es\/wp-json\/wp\/v2\/product_tag?post=1203"}],"curies":[{"name":"wp","href":"https:\/\/api.w.org\/{rel}","templated":true}]}}