{"id":1442,"date":"2023-02-14T16:50:39","date_gmt":"2023-02-14T15:50:39","guid":{"rendered":"https:\/\/369agara.com\/?post_type=product&#038;p=1442"},"modified":"2025-05-14T22:50:58","modified_gmt":"2025-05-14T20:50:58","slug":"enceinte-vibrante-26w-noire","status":"publish","type":"product","link":"https:\/\/369agara.com\/es\/producto\/enceinte-vibrante-26w-noire\/","title":{"rendered":"Altavoz vibratorio ADIN 26W S8 (opci\u00f3n Bluetooth)"},"content":{"rendered":"<p><span style=\"font-family: 'Book Antiqua', Palatino; font-size: 120%; color: #333399;\">Haz que tus mesas, escritorios, ventanas, etc. canten.<\/span><\/p>\n<p><span style=\"font-family: 'Book Antiqua', Palatino; font-size: 120%; color: #333399;\">El altavoz vibratorio difunde el sonido haciendo vibrar el objeto sobre el que se coloca. Funciona como un altavoz convencional, salvo que no es la membrana la que vibra, sino tu mesa, caja, silla, cuerpo...<\/span><\/p>\n<p><span style=\"font-family: 'Book Antiqua', Palatino; font-size: 120%; color: #333399;\">Gracias a una bater\u00eda integrada, puedes utilizar el altavoz conect\u00e1ndolo por Bluetooth a cualquier dispositivo que emita sonido. Gracias a su conector jack, el altavoz vibratorio Adin tambi\u00e9n se puede conectar a la salida de tu ordenador, smartphone, Bamboo M o incluso a un segundo altavoz.<\/span><\/p>\n<p><span style=\"font-family: 'Book Antiqua', Palatino; font-size: 120%; color: #333399;\">Este altavoz vibrador es compatible con iPhones y todos los dispositivos con salida de audio jack de 3,5 mm.<\/span><\/p>\n<p><span style=\"font-family: 'Book Antiqua', Palatino; font-size: 120%; color: #333399;\">Carga la bater\u00eda del altavoz vibrador a trav\u00e9s del puerto USB del ordenador o de un cargador de tel\u00e9fono est\u00e1ndar.<\/span><\/p>\n<h3><span style=\"font-family: 'Book Antiqua', Palatino; font-size: 120%; color: #333399;\">Caracter\u00edsticas:<\/span><\/h3>\n<p><span style=\"font-family: 'Book Antiqua', Palatino; font-size: 120%; color: #333399;\">- Toma de entrada\/salida de audio est\u00e9reo de 3,5 mm<\/span><\/p>\n<p><span style=\"font-family: 'Book Antiqua', Palatino; font-size: 120%; color: #333399;\">- Manos libres<\/span><\/p>\n<p><span style=\"font-family: 'Book Antiqua', Palatino; font-size: 120%; color: #333399;\">- Potencia 26 W<\/span><\/p>\n<p><span style=\"font-family: 'Book Antiqua', Palatino; font-size: 120%; color: #333399;\">- Cable USB \/ jack de 3,5 mm<\/span><\/p>\n<p><span style=\"font-family: 'Book Antiqua', Palatino; font-size: 120%; color: #333399;\">- Cable jack\/jack de 3,5 mm<\/span><\/p>\n<p><span style=\"font-family: 'Book Antiqua', Palatino; font-size: 120%; color: #333399;\">- Bater\u00eda de litio de 3,7 V \/ 1400 mAh<\/span><\/p>","protected":false},"excerpt":{"rendered":"<p><span style=\"font-family: 'Book Antiqua', Palatino; font-size: 120%; color: #333399;\">Equipado con tecnolog\u00eda Bluetooth y NFC.\u00a0<\/span><\/p>\n<p><span style=\"font-family: 'Book Antiqua', Palatino; font-size: 120%; color: #333399;\">Convierte cualquier superficie en una caja de resonancia.\u00a0<\/span><\/p>\n<p><span style=\"font-family: 'Book Antiqua', Palatino; font-size: 120%; color: #333399;\">Coloca el altavoz vibratorio sobre una superficie estable y disfruta de una difusi\u00f3n del sonido de 360\u00b0.<\/span><\/p>","protected":false},"featured_media":1443,"comment_status":"open","ping_status":"closed","template":"","meta":[],"product_brand":[270],"product_cat":[141],"product_tag":[273,271,274],"class_list":{"0":"post-1442","1":"product","2":"type-product","3":"status-publish","4":"has-post-thumbnail","6":"product_brand-musique-des-plantes","7":"product_cat-musique-des-plantes","8":"product_tag-bambou-m","9":"product_tag-bien-etre","10":"product_tag-therapeute","12":"first","13":"instock","14":"sale","15":"taxable","16":"shipping-taxable","17":"purchasable","18":"product-type-simple"},"yoast_head":"<!-- This site is optimized with the Yoast SEO Premium plugin v25.1 (Yoast SEO v27.6) - https:\/\/yoast.com\/product\/yoast-seo-premium-wordpress\/ -->\n<title>Enceinte vibrante ADIN 26W S8 (option bluetooth) | Agara<\/title>\n<meta name=\"description\" content=\"Equip\u00e9 de la technologie Bluetooth et NFC.\u00a0Transformez n\u2019importe quelle surface en caisse de r\u00e9sonance.\u00a0Placez l&#039;enceinte vibrante sur une surface stable et profitez d&#039;une diffusion sonore \u00e0 360\u00b0.\" \/>\n<meta name=\"robots\" content=\"index, follow, max-snippet:-1, max-image-preview:large, max-video-preview:-1\" \/>\n<link rel=\"canonical\" href=\"https:\/\/369agara.com\/es\/producto\/enceinte-vibrante-26w-noire\/\" \/>\n<meta property=\"og:locale\" content=\"es_ES\" \/>\n<meta property=\"og:type\" content=\"article\" \/>\n<meta property=\"og:title\" content=\"Enceinte vibrante ADIN 26W S8 (option bluetooth)\" \/>\n<meta property=\"og:description\" content=\"Equip\u00e9 de la technologie Bluetooth et NFC.\u00a0Transformez n\u2019importe quelle surface en caisse de r\u00e9sonance.\u00a0Placez l&#039;enceinte vibrante sur une surface stable et profitez d&#039;une diffusion sonore \u00e0 360\u00b0.\" \/>\n<meta property=\"og:url\" content=\"https:\/\/369agara.com\/es\/producto\/enceinte-vibrante-26w-noire\/\" \/>\n<meta property=\"og:site_name\" content=\"Agara\" \/>\n<meta property=\"article:modified_time\" content=\"2025-05-14T20:50:58+00:00\" \/>\n<meta property=\"og:image\" content=\"https:\/\/369agara.com\/wp-content\/uploads\/2023\/02\/2-enceinte-vibrante-bluetooth-nfc-adin-s8.jpg\" \/>\n\t<meta property=\"og:image:width\" content=\"1456\" \/>\n\t<meta property=\"og:image:height\" content=\"1456\" \/>\n\t<meta property=\"og:image:type\" content=\"image\/jpeg\" \/>\n<meta name=\"twitter:card\" content=\"summary_large_image\" \/>\n<meta name=\"twitter:label1\" content=\"Tiempo de lectura\" \/>\n\t<meta name=\"twitter:data1\" content=\"2 minutos\" \/>\n<script type=\"application\/ld+json\" class=\"yoast-schema-graph\">{\"@context\":\"https:\\\/\\\/schema.org\",\"@graph\":[{\"@type\":\"WebPage\",\"@id\":\"https:\\\/\\\/369agara.com\\\/produit\\\/enceinte-vibrante-26w-noire\\\/\",\"url\":\"https:\\\/\\\/369agara.com\\\/produit\\\/enceinte-vibrante-26w-noire\\\/\",\"name\":\"Enceinte vibrante ADIN 26W S8 (option bluetooth) | Agara\",\"isPartOf\":{\"@id\":\"https:\\\/\\\/369agara.com\\\/#website\"},\"primaryImageOfPage\":{\"@id\":\"https:\\\/\\\/369agara.com\\\/produit\\\/enceinte-vibrante-26w-noire\\\/#primaryimage\"},\"image\":{\"@id\":\"https:\\\/\\\/369agara.com\\\/produit\\\/enceinte-vibrante-26w-noire\\\/#primaryimage\"},\"thumbnailUrl\":\"https:\\\/\\\/369agara.com\\\/wp-content\\\/uploads\\\/2023\\\/02\\\/2-enceinte-vibrante-bluetooth-nfc-adin-s8.jpg\",\"datePublished\":\"2023-02-14T15:50:39+00:00\",\"dateModified\":\"2025-05-14T20:50:58+00:00\",\"description\":\"Equip\u00e9 de la technologie Bluetooth et NFC.\u00a0Transformez n\u2019importe quelle surface en caisse de r\u00e9sonance.\u00a0Placez l'enceinte vibrante sur une surface stable et profitez d'une diffusion sonore \u00e0 360\u00b0.\",\"breadcrumb\":{\"@id\":\"https:\\\/\\\/369agara.com\\\/produit\\\/enceinte-vibrante-26w-noire\\\/#breadcrumb\"},\"inLanguage\":\"es\",\"potentialAction\":[{\"@type\":\"ReadAction\",\"target\":[\"https:\\\/\\\/369agara.com\\\/produit\\\/enceinte-vibrante-26w-noire\\\/\"]}]},{\"@type\":\"ImageObject\",\"inLanguage\":\"es\",\"@id\":\"https:\\\/\\\/369agara.com\\\/produit\\\/enceinte-vibrante-26w-noire\\\/#primaryimage\",\"url\":\"https:\\\/\\\/369agara.com\\\/wp-content\\\/uploads\\\/2023\\\/02\\\/2-enceinte-vibrante-bluetooth-nfc-adin-s8.jpg\",\"contentUrl\":\"https:\\\/\\\/369agara.com\\\/wp-content\\\/uploads\\\/2023\\\/02\\\/2-enceinte-vibrante-bluetooth-nfc-adin-s8.jpg\",\"width\":1456,\"height\":1456,\"caption\":\"bluetooth-vibrerande-hogtalare-26W-adin-svart-enda\"},{\"@type\":\"BreadcrumbList\",\"@id\":\"https:\\\/\\\/369agara.com\\\/produit\\\/enceinte-vibrante-26w-noire\\\/#breadcrumb\",\"itemListElement\":[{\"@type\":\"ListItem\",\"position\":1,\"name\":\"Accueil\",\"item\":\"https:\\\/\\\/369agara.com\\\/\"},{\"@type\":\"ListItem\",\"position\":2,\"name\":\"La boutique\",\"item\":\"https:\\\/\\\/369agara.com\\\/la-boutique\\\/\"},{\"@type\":\"ListItem\",\"position\":3,\"name\":\"Enceinte vibrante ADIN 26W S8 (option bluetooth)\"}]},{\"@type\":\"WebSite\",\"@id\":\"https:\\\/\\\/369agara.com\\\/#website\",\"url\":\"https:\\\/\\\/369agara.com\\\/\",\"name\":\"Livsrikedomar\",\"description\":\"D\u00e9connectez pour mieux vous connecter\",\"publisher\":{\"@id\":\"https:\\\/\\\/369agara.com\\\/#organization\"},\"potentialAction\":[{\"@type\":\"SearchAction\",\"target\":{\"@type\":\"EntryPoint\",\"urlTemplate\":\"https:\\\/\\\/369agara.com\\\/?s={search_term_string}\"},\"query-input\":{\"@type\":\"PropertyValueSpecification\",\"valueRequired\":true,\"valueName\":\"search_term_string\"}}],\"inLanguage\":\"es\"},{\"@type\":\"Organization\",\"@id\":\"https:\\\/\\\/369agara.com\\\/#organization\",\"name\":\"EACreations\",\"url\":\"https:\\\/\\\/369agara.com\\\/\",\"logo\":{\"@type\":\"ImageObject\",\"inLanguage\":\"es\",\"@id\":\"https:\\\/\\\/369agara.com\\\/#\\\/schema\\\/logo\\\/image\\\/\",\"url\":\"\",\"contentUrl\":\"\",\"caption\":\"EACreations\"},\"image\":{\"@id\":\"https:\\\/\\\/369agara.com\\\/#\\\/schema\\\/logo\\\/image\\\/\"}}]}<\/script>\n<!-- \/ Yoast SEO Premium plugin. -->","yoast_head_json":{"title":"Enceinte vibrante ADIN 26W S8 (option bluetooth) | Agara","description":"Equip\u00e9 de la technologie Bluetooth et NFC.\u00a0Transformez n\u2019importe quelle surface en caisse de r\u00e9sonance.\u00a0Placez l'enceinte vibrante sur une surface stable et profitez d'une diffusion sonore \u00e0 360\u00b0.","robots":{"index":"index","follow":"follow","max-snippet":"max-snippet:-1","max-image-preview":"max-image-preview:large","max-video-preview":"max-video-preview:-1"},"canonical":"https:\/\/369agara.com\/es\/producto\/enceinte-vibrante-26w-noire\/","og_locale":"es_ES","og_type":"article","og_title":"Enceinte vibrante ADIN 26W S8 (option bluetooth)","og_description":"Equip\u00e9 de la technologie Bluetooth et NFC.\u00a0Transformez n\u2019importe quelle surface en caisse de r\u00e9sonance.\u00a0Placez l'enceinte vibrante sur une surface stable et profitez d'une diffusion sonore \u00e0 360\u00b0.","og_url":"https:\/\/369agara.com\/es\/producto\/enceinte-vibrante-26w-noire\/","og_site_name":"Agara","article_modified_time":"2025-05-14T20:50:58+00:00","og_image":[{"width":1456,"height":1456,"url":"https:\/\/369agara.com\/wp-content\/uploads\/2023\/02\/2-enceinte-vibrante-bluetooth-nfc-adin-s8.jpg","type":"image\/jpeg"}],"twitter_card":"summary_large_image","twitter_misc":{"Tiempo de lectura":"2 minutos"},"schema":{"@context":"https:\/\/schema.org","@graph":[{"@type":"WebPage","@id":"https:\/\/369agara.com\/produit\/enceinte-vibrante-26w-noire\/","url":"https:\/\/369agara.com\/produit\/enceinte-vibrante-26w-noire\/","name":"Enceinte vibrante ADIN 26W S8 (option bluetooth) | Agara","isPartOf":{"@id":"https:\/\/369agara.com\/#website"},"primaryImageOfPage":{"@id":"https:\/\/369agara.com\/produit\/enceinte-vibrante-26w-noire\/#primaryimage"},"image":{"@id":"https:\/\/369agara.com\/produit\/enceinte-vibrante-26w-noire\/#primaryimage"},"thumbnailUrl":"https:\/\/369agara.com\/wp-content\/uploads\/2023\/02\/2-enceinte-vibrante-bluetooth-nfc-adin-s8.jpg","datePublished":"2023-02-14T15:50:39+00:00","dateModified":"2025-05-14T20:50:58+00:00","description":"Equip\u00e9 de la technologie Bluetooth et NFC.\u00a0Transformez n\u2019importe quelle surface en caisse de r\u00e9sonance.\u00a0Placez l'enceinte vibrante sur une surface stable et profitez d'une diffusion sonore \u00e0 360\u00b0.","breadcrumb":{"@id":"https:\/\/369agara.com\/produit\/enceinte-vibrante-26w-noire\/#breadcrumb"},"inLanguage":"es","potentialAction":[{"@type":"ReadAction","target":["https:\/\/369agara.com\/produit\/enceinte-vibrante-26w-noire\/"]}]},{"@type":"ImageObject","inLanguage":"es","@id":"https:\/\/369agara.com\/produit\/enceinte-vibrante-26w-noire\/#primaryimage","url":"https:\/\/369agara.com\/wp-content\/uploads\/2023\/02\/2-enceinte-vibrante-bluetooth-nfc-adin-s8.jpg","contentUrl":"https:\/\/369agara.com\/wp-content\/uploads\/2023\/02\/2-enceinte-vibrante-bluetooth-nfc-adin-s8.jpg","width":1456,"height":1456,"caption":"bluetooth-vibrerande-hogtalare-26W-adin-svart-enda"},{"@type":"BreadcrumbList","@id":"https:\/\/369agara.com\/produit\/enceinte-vibrante-26w-noire\/#breadcrumb","itemListElement":[{"@type":"ListItem","position":1,"name":"Accueil","item":"https:\/\/369agara.com\/"},{"@type":"ListItem","position":2,"name":"La boutique","item":"https:\/\/369agara.com\/la-boutique\/"},{"@type":"ListItem","position":3,"name":"Enceinte vibrante ADIN 26W S8 (option bluetooth)"}]},{"@type":"WebSite","@id":"https:\/\/369agara.com\/#website","url":"https:\/\/369agara.com\/","name":"Livsrikedomar","description":"Desconectar para conectar mejor","publisher":{"@id":"https:\/\/369agara.com\/#organization"},"potentialAction":[{"@type":"SearchAction","target":{"@type":"EntryPoint","urlTemplate":"https:\/\/369agara.com\/?s={search_term_string}"},"query-input":{"@type":"PropertyValueSpecification","valueRequired":true,"valueName":"search_term_string"}}],"inLanguage":"es"},{"@type":"Organization","@id":"https:\/\/369agara.com\/#organization","name":"EACreations","url":"https:\/\/369agara.com\/","logo":{"@type":"ImageObject","inLanguage":"es","@id":"https:\/\/369agara.com\/#\/schema\/logo\/image\/","url":"","contentUrl":"","caption":"EACreations"},"image":{"@id":"https:\/\/369agara.com\/#\/schema\/logo\/image\/"}}]}},"jetpack_sharing_enabled":true,"_links":{"self":[{"href":"https:\/\/369agara.com\/es\/wp-json\/wp\/v2\/product\/1442","targetHints":{"allow":["GET"]}}],"collection":[{"href":"https:\/\/369agara.com\/es\/wp-json\/wp\/v2\/product"}],"about":[{"href":"https:\/\/369agara.com\/es\/wp-json\/wp\/v2\/types\/product"}],"replies":[{"embeddable":true,"href":"https:\/\/369agara.com\/es\/wp-json\/wp\/v2\/comments?post=1442"}],"wp:featuredmedia":[{"embeddable":true,"href":"https:\/\/369agara.com\/es\/wp-json\/wp\/v2\/media\/1443"}],"wp:attachment":[{"href":"https:\/\/369agara.com\/es\/wp-json\/wp\/v2\/media?parent=1442"}],"wp:term":[{"taxonomy":"product_brand","embeddable":true,"href":"https:\/\/369agara.com\/es\/wp-json\/wp\/v2\/product_brand?post=1442"},{"taxonomy":"product_cat","embeddable":true,"href":"https:\/\/369agara.com\/es\/wp-json\/wp\/v2\/product_cat?post=1442"},{"taxonomy":"product_tag","embeddable":true,"href":"https:\/\/369agara.com\/es\/wp-json\/wp\/v2\/product_tag?post=1442"}],"curies":[{"name":"wp","href":"https:\/\/api.w.org\/{rel}","templated":true}]}}