{"id":1505,"date":"2023-04-08T16:34:24","date_gmt":"2023-04-08T14:34:24","guid":{"rendered":"https:\/\/369agara.com\/?post_type=product&#038;p=1505"},"modified":"2025-09-13T16:53:56","modified_gmt":"2025-09-13T14:53:56","slug":"programme-bambou-control-v110","status":"publish","type":"product","link":"https:\/\/369agara.com\/es\/producto\/programme-bambou-control-v110\/","title":{"rendered":"Programa Bambou Control V110 (sin papel)"},"content":{"rendered":"<h3><span style=\"font-family: 'Book Antiqua', Palatino; font-size: 120%; color: #333399;\">El programa ofrece las siguientes funciones:<\/span><\/h3>\n<ul>\n<li><span style=\"font-family: 'Book Antiqua', Palatino; font-size: 120%; color: #333399;\">Actualiza tu Bamboo con el firmware m\u00e1s reciente (si est\u00e1 disponible)<\/span><\/li>\n<li><span style=\"font-family: 'Book Antiqua', Palatino; font-size: 120%; color: #333399;\">Compruebe todos los perif\u00e9ricos generales y la configuraci\u00f3n de audio<\/span><\/li>\n<li><span style=\"font-family: 'Book Antiqua', Palatino; font-size: 120%; color: #333399;\">Transfiere datos de la tarjeta SDHC al PC<\/span><\/li>\n<li><span style=\"font-family: 'Book Antiqua', Palatino; font-size: 120%; color: #333399;\">Graba en directo a trav\u00e9s de USB directamente en tu PC<\/span><\/li>\n<li><span style=\"font-family: 'Book Antiqua', Palatino; font-size: 120%; color: #333399;\">Visualice las se\u00f1ales el\u00e9ctricas de su planta con fines de investigaci\u00f3n<\/span><\/li>\n<\/ul>","protected":false},"excerpt":{"rendered":"<p><span style=\"font-family: 'Book Antiqua', Palatino; font-size: 120%; color: #333399;\">Bamboo Control Software es un software revolucionario que le permite ver las se\u00f1ales el\u00e9ctricas de la planta en tiempo real. Esto le permite controlar y comprender el comportamiento de la planta.\u00a0<\/span><\/p>\n<p><span style=\"font-family: 'Book Antiqua', Palatino; font-size: 120%; color: #333399;\">Se trata de la apertura extraordinaria de una nueva era en la investigaci\u00f3n de las plantas, no s\u00f3lo para los laboratorios cient\u00edficos, sino para todos los aficionados deseosos de descubrir m\u00e1s sobre el mundo vegetal.\u00a0<\/span><\/p>\n<p><span style=\"font-family: 'Book Antiqua', Palatino; font-size: 120%; color: #333399;\">Actualmente s\u00f3lo se est\u00e1 desarrollando para PC con Windows.\u00a0<\/span><\/p>\n<p><span style=\"font-family: 'Book Antiqua', Palatino; font-size: 120%; color: #333399;\">S\u00f3lo puede utilizarse con un dispositivo Bamboo con un cable USB adaptado al dispositivo Bamboo (preferiblemente incluido con el dispositivo).<\/span><\/p>","protected":false},"featured_media":2761,"comment_status":"open","ping_status":"closed","template":"","meta":[],"product_brand":[270],"product_cat":[141],"product_tag":[271,272],"class_list":{"0":"post-1505","1":"product","2":"type-product","3":"status-publish","4":"has-post-thumbnail","6":"product_brand-musique-des-plantes","7":"product_cat-musique-des-plantes","8":"product_tag-bien-etre","9":"product_tag-therapie","11":"first","12":"instock","13":"sale","14":"downloadable","15":"sold-individually","16":"taxable","17":"shipping-taxable","18":"purchasable","19":"product-type-simple"},"yoast_head":"<!-- This site is optimized with the Yoast SEO Premium plugin v25.1 (Yoast SEO v27.6) - https:\/\/yoast.com\/product\/yoast-seo-premium-wordpress\/ -->\n<title>Programme Bambou Control V110 (d\u00e9mat\u00e9rialis\u00e9) | Agara<\/title>\n<meta name=\"description\" content=\"Bambou Control Software est un logiciel r\u00e9volutionnaire qui vous permet de visualiser les signaux \u00e9lectriques de la plante en temps r\u00e9el. Cela vous permet de contr\u00f4ler et de comprendre le comportement des plantes.\u00a0Il s\u2019agit d\u2019une ouverture extraordinaire d\u2019une nouvelle \u00e8re de recherche sur les plantes, non seulement pour les laboratoires scientifiques mais pour tous les passionn\u00e9s d\u00e9sireux d\u2019en d\u00e9couvrir davantage sur le monde v\u00e9g\u00e9tal.\u00a0Il est actuellement d\u00e9velopp\u00e9 uniquement pour les PC Windows.\u00a0Il ne peut \u00eatre utilis\u00e9 qu&#039;avec un appareil Bambou avec un c\u00e2ble USB adapt\u00e9 \u00e0 l&#039;appareil Bambou (de pr\u00e9f\u00e9rence inclus avec l&#039;appareil).\" \/>\n<meta name=\"robots\" content=\"index, follow, max-snippet:-1, max-image-preview:large, max-video-preview:-1\" \/>\n<link rel=\"canonical\" href=\"https:\/\/369agara.com\/es\/producto\/programme-bambou-control-v110\/\" \/>\n<meta property=\"og:locale\" content=\"es_ES\" \/>\n<meta property=\"og:type\" content=\"article\" \/>\n<meta property=\"og:title\" content=\"Programme Bambou Control V110 (d\u00e9mat\u00e9rialis\u00e9)\" \/>\n<meta property=\"og:description\" content=\"Bambou Control Software est un logiciel r\u00e9volutionnaire qui vous permet de visualiser les signaux \u00e9lectriques de la plante en temps r\u00e9el. Cela vous permet de contr\u00f4ler et de comprendre le comportement des plantes.\u00a0Il s\u2019agit d\u2019une ouverture extraordinaire d\u2019une nouvelle \u00e8re de recherche sur les plantes, non seulement pour les laboratoires scientifiques mais pour tous les passionn\u00e9s d\u00e9sireux d\u2019en d\u00e9couvrir davantage sur le monde v\u00e9g\u00e9tal.\u00a0Il est actuellement d\u00e9velopp\u00e9 uniquement pour les PC Windows.\u00a0Il ne peut \u00eatre utilis\u00e9 qu&#039;avec un appareil Bambou avec un c\u00e2ble USB adapt\u00e9 \u00e0 l&#039;appareil Bambou (de pr\u00e9f\u00e9rence inclus avec l&#039;appareil).\" \/>\n<meta property=\"og:url\" content=\"https:\/\/369agara.com\/es\/producto\/programme-bambou-control-v110\/\" \/>\n<meta property=\"og:site_name\" content=\"Agara\" \/>\n<meta property=\"article:modified_time\" content=\"2025-09-13T14:53:56+00:00\" \/>\n<meta property=\"og:image\" content=\"https:\/\/369agara.com\/wp-content\/uploads\/2023\/06\/Program.png\" \/>\n\t<meta property=\"og:image:width\" content=\"1000\" \/>\n\t<meta property=\"og:image:height\" content=\"974\" \/>\n\t<meta property=\"og:image:type\" content=\"image\/png\" \/>\n<meta name=\"twitter:card\" content=\"summary_large_image\" \/>\n<meta name=\"twitter:label1\" content=\"Tiempo de lectura\" \/>\n\t<meta name=\"twitter:data1\" content=\"1 minuto\" \/>\n<script type=\"application\/ld+json\" class=\"yoast-schema-graph\">{\"@context\":\"https:\\\/\\\/schema.org\",\"@graph\":[{\"@type\":\"WebPage\",\"@id\":\"https:\\\/\\\/369agara.com\\\/produit\\\/programme-bambou-control-v110\\\/\",\"url\":\"https:\\\/\\\/369agara.com\\\/produit\\\/programme-bambou-control-v110\\\/\",\"name\":\"Programme Bambou Control V110 (d\u00e9mat\u00e9rialis\u00e9) | Agara\",\"isPartOf\":{\"@id\":\"https:\\\/\\\/369agara.com\\\/#website\"},\"primaryImageOfPage\":{\"@id\":\"https:\\\/\\\/369agara.com\\\/produit\\\/programme-bambou-control-v110\\\/#primaryimage\"},\"image\":{\"@id\":\"https:\\\/\\\/369agara.com\\\/produit\\\/programme-bambou-control-v110\\\/#primaryimage\"},\"thumbnailUrl\":\"https:\\\/\\\/369agara.com\\\/wp-content\\\/uploads\\\/2023\\\/06\\\/Program.png\",\"datePublished\":\"2023-04-08T14:34:24+00:00\",\"dateModified\":\"2025-09-13T14:53:56+00:00\",\"description\":\"Bambou Control Software est un logiciel r\u00e9volutionnaire qui vous permet de visualiser les signaux \u00e9lectriques de la plante en temps r\u00e9el. Cela vous permet de contr\u00f4ler et de comprendre le comportement des plantes.\u00a0Il s\u2019agit d\u2019une ouverture extraordinaire d\u2019une nouvelle \u00e8re de recherche sur les plantes, non seulement pour les laboratoires scientifiques mais pour tous les passionn\u00e9s d\u00e9sireux d\u2019en d\u00e9couvrir davantage sur le monde v\u00e9g\u00e9tal.\u00a0Il est actuellement d\u00e9velopp\u00e9 uniquement pour les PC Windows.\u00a0Il ne peut \u00eatre utilis\u00e9 qu'avec un appareil Bambou avec un c\u00e2ble USB adapt\u00e9 \u00e0 l'appareil Bambou (de pr\u00e9f\u00e9rence inclus avec l'appareil).\",\"breadcrumb\":{\"@id\":\"https:\\\/\\\/369agara.com\\\/produit\\\/programme-bambou-control-v110\\\/#breadcrumb\"},\"inLanguage\":\"es\",\"potentialAction\":[{\"@type\":\"ReadAction\",\"target\":[\"https:\\\/\\\/369agara.com\\\/produit\\\/programme-bambou-control-v110\\\/\"]}]},{\"@type\":\"ImageObject\",\"inLanguage\":\"es\",\"@id\":\"https:\\\/\\\/369agara.com\\\/produit\\\/programme-bambou-control-v110\\\/#primaryimage\",\"url\":\"https:\\\/\\\/369agara.com\\\/wp-content\\\/uploads\\\/2023\\\/06\\\/Program.png\",\"contentUrl\":\"https:\\\/\\\/369agara.com\\\/wp-content\\\/uploads\\\/2023\\\/06\\\/Program.png\",\"width\":1000,\"height\":974},{\"@type\":\"BreadcrumbList\",\"@id\":\"https:\\\/\\\/369agara.com\\\/produit\\\/programme-bambou-control-v110\\\/#breadcrumb\",\"itemListElement\":[{\"@type\":\"ListItem\",\"position\":1,\"name\":\"Accueil\",\"item\":\"https:\\\/\\\/369agara.com\\\/\"},{\"@type\":\"ListItem\",\"position\":2,\"name\":\"La boutique\",\"item\":\"https:\\\/\\\/369agara.com\\\/la-boutique\\\/\"},{\"@type\":\"ListItem\",\"position\":3,\"name\":\"Programme Bambou Control V110 (d\u00e9mat\u00e9rialis\u00e9)\"}]},{\"@type\":\"WebSite\",\"@id\":\"https:\\\/\\\/369agara.com\\\/#website\",\"url\":\"https:\\\/\\\/369agara.com\\\/\",\"name\":\"Livsrikedomar\",\"description\":\"D\u00e9connectez pour mieux vous connecter\",\"publisher\":{\"@id\":\"https:\\\/\\\/369agara.com\\\/#organization\"},\"potentialAction\":[{\"@type\":\"SearchAction\",\"target\":{\"@type\":\"EntryPoint\",\"urlTemplate\":\"https:\\\/\\\/369agara.com\\\/?s={search_term_string}\"},\"query-input\":{\"@type\":\"PropertyValueSpecification\",\"valueRequired\":true,\"valueName\":\"search_term_string\"}}],\"inLanguage\":\"es\"},{\"@type\":\"Organization\",\"@id\":\"https:\\\/\\\/369agara.com\\\/#organization\",\"name\":\"EACreations\",\"url\":\"https:\\\/\\\/369agara.com\\\/\",\"logo\":{\"@type\":\"ImageObject\",\"inLanguage\":\"es\",\"@id\":\"https:\\\/\\\/369agara.com\\\/#\\\/schema\\\/logo\\\/image\\\/\",\"url\":\"\",\"contentUrl\":\"\",\"caption\":\"EACreations\"},\"image\":{\"@id\":\"https:\\\/\\\/369agara.com\\\/#\\\/schema\\\/logo\\\/image\\\/\"}}]}<\/script>\n<!-- \/ Yoast SEO Premium plugin. -->","yoast_head_json":{"title":"Programme Bambou Control V110 (d\u00e9mat\u00e9rialis\u00e9) | Agara","description":"Bambou Control Software est un logiciel r\u00e9volutionnaire qui vous permet de visualiser les signaux \u00e9lectriques de la plante en temps r\u00e9el. Cela vous permet de contr\u00f4ler et de comprendre le comportement des plantes.\u00a0Il s\u2019agit d\u2019une ouverture extraordinaire d\u2019une nouvelle \u00e8re de recherche sur les plantes, non seulement pour les laboratoires scientifiques mais pour tous les passionn\u00e9s d\u00e9sireux d\u2019en d\u00e9couvrir davantage sur le monde v\u00e9g\u00e9tal.\u00a0Il est actuellement d\u00e9velopp\u00e9 uniquement pour les PC Windows.\u00a0Il ne peut \u00eatre utilis\u00e9 qu'avec un appareil Bambou avec un c\u00e2ble USB adapt\u00e9 \u00e0 l'appareil Bambou (de pr\u00e9f\u00e9rence inclus avec l'appareil).","robots":{"index":"index","follow":"follow","max-snippet":"max-snippet:-1","max-image-preview":"max-image-preview:large","max-video-preview":"max-video-preview:-1"},"canonical":"https:\/\/369agara.com\/es\/producto\/programme-bambou-control-v110\/","og_locale":"es_ES","og_type":"article","og_title":"Programme Bambou Control V110 (d\u00e9mat\u00e9rialis\u00e9)","og_description":"Bambou Control Software est un logiciel r\u00e9volutionnaire qui vous permet de visualiser les signaux \u00e9lectriques de la plante en temps r\u00e9el. Cela vous permet de contr\u00f4ler et de comprendre le comportement des plantes.\u00a0Il s\u2019agit d\u2019une ouverture extraordinaire d\u2019une nouvelle \u00e8re de recherche sur les plantes, non seulement pour les laboratoires scientifiques mais pour tous les passionn\u00e9s d\u00e9sireux d\u2019en d\u00e9couvrir davantage sur le monde v\u00e9g\u00e9tal.\u00a0Il est actuellement d\u00e9velopp\u00e9 uniquement pour les PC Windows.\u00a0Il ne peut \u00eatre utilis\u00e9 qu'avec un appareil Bambou avec un c\u00e2ble USB adapt\u00e9 \u00e0 l'appareil Bambou (de pr\u00e9f\u00e9rence inclus avec l'appareil).","og_url":"https:\/\/369agara.com\/es\/producto\/programme-bambou-control-v110\/","og_site_name":"Agara","article_modified_time":"2025-09-13T14:53:56+00:00","og_image":[{"width":1000,"height":974,"url":"https:\/\/369agara.com\/wp-content\/uploads\/2023\/06\/Program.png","type":"image\/png"}],"twitter_card":"summary_large_image","twitter_misc":{"Tiempo de lectura":"1 minuto"},"schema":{"@context":"https:\/\/schema.org","@graph":[{"@type":"WebPage","@id":"https:\/\/369agara.com\/produit\/programme-bambou-control-v110\/","url":"https:\/\/369agara.com\/produit\/programme-bambou-control-v110\/","name":"Programme Bambou Control V110 (d\u00e9mat\u00e9rialis\u00e9) | Agara","isPartOf":{"@id":"https:\/\/369agara.com\/#website"},"primaryImageOfPage":{"@id":"https:\/\/369agara.com\/produit\/programme-bambou-control-v110\/#primaryimage"},"image":{"@id":"https:\/\/369agara.com\/produit\/programme-bambou-control-v110\/#primaryimage"},"thumbnailUrl":"https:\/\/369agara.com\/wp-content\/uploads\/2023\/06\/Program.png","datePublished":"2023-04-08T14:34:24+00:00","dateModified":"2025-09-13T14:53:56+00:00","description":"Bambou Control Software est un logiciel r\u00e9volutionnaire qui vous permet de visualiser les signaux \u00e9lectriques de la plante en temps r\u00e9el. Cela vous permet de contr\u00f4ler et de comprendre le comportement des plantes.\u00a0Il s\u2019agit d\u2019une ouverture extraordinaire d\u2019une nouvelle \u00e8re de recherche sur les plantes, non seulement pour les laboratoires scientifiques mais pour tous les passionn\u00e9s d\u00e9sireux d\u2019en d\u00e9couvrir davantage sur le monde v\u00e9g\u00e9tal.\u00a0Il est actuellement d\u00e9velopp\u00e9 uniquement pour les PC Windows.\u00a0Il ne peut \u00eatre utilis\u00e9 qu'avec un appareil Bambou avec un c\u00e2ble USB adapt\u00e9 \u00e0 l'appareil Bambou (de pr\u00e9f\u00e9rence inclus avec l'appareil).","breadcrumb":{"@id":"https:\/\/369agara.com\/produit\/programme-bambou-control-v110\/#breadcrumb"},"inLanguage":"es","potentialAction":[{"@type":"ReadAction","target":["https:\/\/369agara.com\/produit\/programme-bambou-control-v110\/"]}]},{"@type":"ImageObject","inLanguage":"es","@id":"https:\/\/369agara.com\/produit\/programme-bambou-control-v110\/#primaryimage","url":"https:\/\/369agara.com\/wp-content\/uploads\/2023\/06\/Program.png","contentUrl":"https:\/\/369agara.com\/wp-content\/uploads\/2023\/06\/Program.png","width":1000,"height":974},{"@type":"BreadcrumbList","@id":"https:\/\/369agara.com\/produit\/programme-bambou-control-v110\/#breadcrumb","itemListElement":[{"@type":"ListItem","position":1,"name":"Accueil","item":"https:\/\/369agara.com\/"},{"@type":"ListItem","position":2,"name":"La boutique","item":"https:\/\/369agara.com\/la-boutique\/"},{"@type":"ListItem","position":3,"name":"Programme Bambou Control V110 (d\u00e9mat\u00e9rialis\u00e9)"}]},{"@type":"WebSite","@id":"https:\/\/369agara.com\/#website","url":"https:\/\/369agara.com\/","name":"Livsrikedomar","description":"Desconectar para conectar mejor","publisher":{"@id":"https:\/\/369agara.com\/#organization"},"potentialAction":[{"@type":"SearchAction","target":{"@type":"EntryPoint","urlTemplate":"https:\/\/369agara.com\/?s={search_term_string}"},"query-input":{"@type":"PropertyValueSpecification","valueRequired":true,"valueName":"search_term_string"}}],"inLanguage":"es"},{"@type":"Organization","@id":"https:\/\/369agara.com\/#organization","name":"EACreations","url":"https:\/\/369agara.com\/","logo":{"@type":"ImageObject","inLanguage":"es","@id":"https:\/\/369agara.com\/#\/schema\/logo\/image\/","url":"","contentUrl":"","caption":"EACreations"},"image":{"@id":"https:\/\/369agara.com\/#\/schema\/logo\/image\/"}}]}},"jetpack_sharing_enabled":true,"_links":{"self":[{"href":"https:\/\/369agara.com\/es\/wp-json\/wp\/v2\/product\/1505","targetHints":{"allow":["GET"]}}],"collection":[{"href":"https:\/\/369agara.com\/es\/wp-json\/wp\/v2\/product"}],"about":[{"href":"https:\/\/369agara.com\/es\/wp-json\/wp\/v2\/types\/product"}],"replies":[{"embeddable":true,"href":"https:\/\/369agara.com\/es\/wp-json\/wp\/v2\/comments?post=1505"}],"wp:featuredmedia":[{"embeddable":true,"href":"https:\/\/369agara.com\/es\/wp-json\/wp\/v2\/media\/2761"}],"wp:attachment":[{"href":"https:\/\/369agara.com\/es\/wp-json\/wp\/v2\/media?parent=1505"}],"wp:term":[{"taxonomy":"product_brand","embeddable":true,"href":"https:\/\/369agara.com\/es\/wp-json\/wp\/v2\/product_brand?post=1505"},{"taxonomy":"product_cat","embeddable":true,"href":"https:\/\/369agara.com\/es\/wp-json\/wp\/v2\/product_cat?post=1505"},{"taxonomy":"product_tag","embeddable":true,"href":"https:\/\/369agara.com\/es\/wp-json\/wp\/v2\/product_tag?post=1505"}],"curies":[{"name":"wp","href":"https:\/\/api.w.org\/{rel}","templated":true}]}}