{"id":1705,"date":"2023-08-20T15:44:19","date_gmt":"2023-08-20T13:44:19","guid":{"rendered":"https:\/\/369agara.com\/?post_type=product&#038;p=1705"},"modified":"2025-05-12T19:08:05","modified_gmt":"2025-05-12T17:08:05","slug":"cable-terre-usb-a-usb-c-2m","status":"publish","type":"product","link":"https:\/\/369agara.com\/es\/producto\/cable-terre-usb-a-usb-c-2m\/","title":{"rendered":"Cable de conexi\u00f3n a tierra USB-A | USB-C con toma cil\u00edndrica - 2 m"},"content":{"rendered":"<p><span style=\"font-family: 'Book Antiqua', Palatino; font-size: 120%; color: #333399;\">El cable de toma de tierra USB con enchufe cil\u00edndrico le permite conectar a tierra todos sus dispositivos con puerto USB (m\u00f3dem\/caja, ordenador port\u00e1til, televisor, iphone, ipad, etc.) y protegerle de los campos el\u00e9ctricos que emiten.<\/span><\/p>\n<p><span style=\"font-family: 'Book Antiqua', Palatino; font-size: 120%; color: #333399;\">Los m\u00f3dems y descodificadores no est\u00e1n conectados a tierra, por lo que generan un gran campo el\u00e9ctrico, que tiene muchos efectos en el organismo: estr\u00e9s, irritabilidad, nerviosismo, dolores de cabeza, hiperactividad, dificultad para concentrarse, problemas de sue\u00f1o, etc.<\/span><\/p>\n<p><span style=\"font-family: 'Book Antiqua', Palatino; font-size: 120%; color: #333399;\">Este cable USB de toma de tierra los neutraliza eficazmente y, al mismo tiempo, elimina los campos el\u00e9ctricos emitidos por los tel\u00e9fonos con cable conectados a la caja. Las personas sensibles ya no son molestadas cuando hacen llamadas.<\/span><\/p>\n<p><span style=\"font-family: 'Book Antiqua', Palatino; font-size: 120%; color: #333399;\">Tambi\u00e9n elimina los campos el\u00e9ctricos emitidos por un ordenador port\u00e1til sin toma de tierra (enchufe plano de 2 polos) y cualquier otro aparato sin toma de tierra pero con conexi\u00f3n USB (televisor, por ejemplo).<\/span><\/p>\n<p><span style=\"font-family: 'Book Antiqua', Palatino; font-size: 120%; color: #333399;\"><strong>Huella reducida<\/strong><\/span><\/p>\n<h3><span style=\"font-family: 'Book Antiqua', Palatino; font-size: 120%; color: #333399;\">Su ventaja<\/span><\/h3>\n<p><span style=\"font-family: 'Book Antiqua', Palatino; font-size: 120%; color: #333399;\">Los campos el\u00e9ctricos son captados por el conector USB y evacuados a trav\u00e9s de la toma cil\u00edndrica, que se conecta al terminal de tierra de tu enchufe de pared (ver foto). De este modo, la toma queda disponible para enchufar un cable sin toma de tierra (clavija plana de 2 polos).\u00a0<\/span><\/p>\n<p><span style=\"font-family: 'Book Antiqua', Palatino; font-size: 120%; color: #333399;\">Gracias a su di\u00e1metro, esta toma tambi\u00e9n puede acoplarse a las aletas met\u00e1licas de las tomas schuko. Por lo tanto, puede conectarlo a una regleta apantallada Danell Biologa.<\/span><\/p>\n<p><span style=\"font-family: 'Book Antiqua', Palatino; font-size: 120%; color: #ed1c24;\"><strong>Atenci\u00f3n Este cable debe conectarse a una toma de corriente con toma de tierra.\u00a0<\/strong><\/span><\/p>\n<p><span style=\"font-family: 'Book Antiqua', Palatino; font-size: 120%; color: #333399;\"><strong><span style=\"color: #ed1c24;\">Antes de conectar a tierra, compruebe que la toma de corriente que desea utilizar est\u00e1 conectada a tierra.\u00a0<\/span><\/strong><span style=\"color: #ed1c24;\">(con un comprobador de puesta a tierra Peakmeter PM6860DR o un comprobador de puesta a tierra como Catohm DT300, Tohm-E o 9052SI).<\/span><\/span><\/p>\n<h3><span style=\"font-family: 'Book Antiqua', Palatino; font-size: 120%; color: #333399;\">Especificaciones t\u00e9cnicas<\/span><\/h3>\n<ul>\n<li><span style=\"font-family: 'Book Antiqua', Palatino; font-size: 120%; color: #333399;\">Conectores: USB-A o USB-C y toma 330<\/span><\/li>\n<li><span style=\"font-family: 'Book Antiqua', Palatino; font-size: 120%; color: #333399;\">Longitud: 2 metros<\/span><\/li>\n<li><span style=\"font-family: 'Book Antiqua', Palatino; font-size: 120%; color: #333399;\">Color: negro<\/span><\/li>\n<li><span style=\"font-family: 'Book Antiqua', Palatino; font-size: 120%; color: #333399;\">Peso: 0,080 kg<\/span><\/li>\n<\/ul>\n<p><span style=\"font-family: 'Book Antiqua', Palatino; font-size: 120%; color: #333399;\">Fabricado en Francia<\/span><\/p>\n<h3><span style=\"font-family: 'Book Antiqua', Palatino; font-size: 120%; color: #333399;\">Precauciones de uso<\/span><\/h3>\n<p><span style=\"font-family: 'Book Antiqua', Palatino; font-size: 120%; color: #333399;\">Como este cable est\u00e1 conectado a la toma de tierra el\u00e9ctrica, es importante comprobar que est\u00e1 presente y es de buena calidad.\u00a0<\/span><\/p>\n<p><span style=\"font-family: 'Book Antiqua', Palatino; font-size: 120%; color: #333399;\">Puede comprobar su presencia con el comprobador de toma de tierra y su calidad con un medidor de toma de tierra como el Tohm-E o el Catohm DT-300.<\/span><\/p>\n<p><span style=\"font-family: 'Book Antiqua', Palatino; font-size: 120%; color: #ed1c24;\">Seg\u00fan la norma NF C15-100, la resistencia de la toma de tierra no debe superar los 100 Ohmios. Sin embargo, para neutralizar los campos el\u00e9ctricos y las tensiones par\u00e1sitas, recomendamos una resistencia de tierra de 50 Ohmios o menos.\u00a0<\/span><\/p>\n<p><span style=\"font-family: 'Book Antiqua', Palatino; font-size: 120%; color: #ed1c24;\">En caso de duda, p\u00f3ngase en contacto con un electricista.<\/span><\/p>","protected":false},"excerpt":{"rendered":"<p><span style=\"font-family: 'Book Antiqua', Palatino; font-size: 120%; color: #333399;\">El cable de toma de tierra USB-A o USB-C con toma cil\u00edndrica te permite conectar a tierra todos tus dispositivos con puerto USB-A o USB-C (m\u00f3dem\/caja, port\u00e1til, televisor, iphone, ipad, etc.) y protegerte de los campos el\u00e9ctricos que emiten.<\/span><\/p>","protected":false},"featured_media":1714,"comment_status":"open","ping_status":"closed","template":"","meta":[],"product_brand":[],"product_cat":[164],"product_tag":[248,246,247,251,249,245],"class_list":{"0":"post-1705","1":"product","2":"type-product","3":"status-publish","4":"has-post-thumbnail","6":"product_cat-baubiologie","7":"product_tag-baubiologie","8":"product_tag-bureau","9":"product_tag-chambre","10":"product_tag-electricite","11":"product_tag-electromagnetisme","12":"product_tag-maison","14":"first","15":"instock","16":"taxable","17":"shipping-taxable","18":"purchasable","19":"product-type-variable"},"yoast_head":"<!-- This site is optimized with the Yoast SEO Premium plugin v25.1 (Yoast SEO v27.4) - https:\/\/yoast.com\/product\/yoast-seo-premium-wordpress\/ -->\n<title>C\u00e2ble USB-A | USB-C de mise \u00e0 la terre avec douille cylindrique - 2 m | Agara<\/title>\n<meta name=\"description\" content=\"Le c\u00e2ble USB-A ou USB-C de mise \u00e0 la terre avec douille cylindrique permet de raccorder \u00e0 la terre tous vos appareils munis d&#039;un port USB-A ou USB-C (modem\/box, ordinateur portable, t\u00e9l\u00e9viseurs, iphone, ipad etc.) et de vous prot\u00e9ger des champs \u00e9lectriques qu&#039;ils \u00e9mettent.\" \/>\n<meta name=\"robots\" content=\"index, follow, max-snippet:-1, max-image-preview:large, max-video-preview:-1\" \/>\n<link rel=\"canonical\" href=\"https:\/\/369agara.com\/es\/producto\/cable-terre-usb-a-usb-c-2m\/\" \/>\n<meta property=\"og:locale\" content=\"es_ES\" \/>\n<meta property=\"og:type\" content=\"article\" \/>\n<meta property=\"og:title\" content=\"C\u00e2ble USB-A | USB-C de mise \u00e0 la terre avec douille cylindrique - 2 m\" \/>\n<meta property=\"og:description\" content=\"Le c\u00e2ble USB-A ou USB-C de mise \u00e0 la terre avec douille cylindrique permet de raccorder \u00e0 la terre tous vos appareils munis d&#039;un port USB-A ou USB-C (modem\/box, ordinateur portable, t\u00e9l\u00e9viseurs, iphone, ipad etc.) et de vous prot\u00e9ger des champs \u00e9lectriques qu&#039;ils \u00e9mettent.\" \/>\n<meta property=\"og:url\" content=\"https:\/\/369agara.com\/es\/producto\/cable-terre-usb-a-usb-c-2m\/\" \/>\n<meta property=\"og:site_name\" content=\"Agara\" \/>\n<meta property=\"article:modified_time\" content=\"2025-05-12T17:08:05+00:00\" \/>\n<meta property=\"og:image\" content=\"https:\/\/369agara.com\/wp-content\/uploads\/2023\/08\/cable-usb-de-mise-a-la-terre-avec-douille-cylindrique-1-1.jpg\" \/>\n\t<meta property=\"og:image:width\" content=\"807\" \/>\n\t<meta property=\"og:image:height\" content=\"808\" \/>\n\t<meta property=\"og:image:type\" content=\"image\/jpeg\" \/>\n<meta name=\"twitter:card\" content=\"summary_large_image\" \/>\n<meta name=\"twitter:label1\" content=\"Tiempo de lectura\" \/>\n\t<meta name=\"twitter:data1\" content=\"3 minutos\" \/>\n<script type=\"application\/ld+json\" class=\"yoast-schema-graph\">{\"@context\":\"https:\\\/\\\/schema.org\",\"@graph\":[{\"@type\":\"WebPage\",\"@id\":\"https:\\\/\\\/369agara.com\\\/produit\\\/cable-terre-usb-a-usb-c-2m\\\/\",\"url\":\"https:\\\/\\\/369agara.com\\\/produit\\\/cable-terre-usb-a-usb-c-2m\\\/\",\"name\":\"C\u00e2ble USB-A | USB-C de mise \u00e0 la terre avec douille cylindrique - 2 m | Agara\",\"isPartOf\":{\"@id\":\"https:\\\/\\\/369agara.com\\\/#website\"},\"primaryImageOfPage\":{\"@id\":\"https:\\\/\\\/369agara.com\\\/produit\\\/cable-terre-usb-a-usb-c-2m\\\/#primaryimage\"},\"image\":{\"@id\":\"https:\\\/\\\/369agara.com\\\/produit\\\/cable-terre-usb-a-usb-c-2m\\\/#primaryimage\"},\"thumbnailUrl\":\"https:\\\/\\\/369agara.com\\\/wp-content\\\/uploads\\\/2023\\\/08\\\/cable-usb-de-mise-a-la-terre-avec-douille-cylindrique-1-1.jpg\",\"datePublished\":\"2023-08-20T13:44:19+00:00\",\"dateModified\":\"2025-05-12T17:08:05+00:00\",\"description\":\"Le c\u00e2ble USB-A ou USB-C de mise \u00e0 la terre avec douille cylindrique permet de raccorder \u00e0 la terre tous vos appareils munis d'un port USB-A ou USB-C (modem\\\/box, ordinateur portable, t\u00e9l\u00e9viseurs, iphone, ipad etc.) et de vous prot\u00e9ger des champs \u00e9lectriques qu'ils \u00e9mettent.\",\"breadcrumb\":{\"@id\":\"https:\\\/\\\/369agara.com\\\/produit\\\/cable-terre-usb-a-usb-c-2m\\\/#breadcrumb\"},\"inLanguage\":\"es\",\"potentialAction\":[{\"@type\":\"ReadAction\",\"target\":[\"https:\\\/\\\/369agara.com\\\/produit\\\/cable-terre-usb-a-usb-c-2m\\\/\"]}]},{\"@type\":\"ImageObject\",\"inLanguage\":\"es\",\"@id\":\"https:\\\/\\\/369agara.com\\\/produit\\\/cable-terre-usb-a-usb-c-2m\\\/#primaryimage\",\"url\":\"https:\\\/\\\/369agara.com\\\/wp-content\\\/uploads\\\/2023\\\/08\\\/cable-usb-de-mise-a-la-terre-avec-douille-cylindrique-1-1.jpg\",\"contentUrl\":\"https:\\\/\\\/369agara.com\\\/wp-content\\\/uploads\\\/2023\\\/08\\\/cable-usb-de-mise-a-la-terre-avec-douille-cylindrique-1-1.jpg\",\"width\":807,\"height\":808},{\"@type\":\"BreadcrumbList\",\"@id\":\"https:\\\/\\\/369agara.com\\\/produit\\\/cable-terre-usb-a-usb-c-2m\\\/#breadcrumb\",\"itemListElement\":[{\"@type\":\"ListItem\",\"position\":1,\"name\":\"Accueil\",\"item\":\"https:\\\/\\\/369agara.com\\\/\"},{\"@type\":\"ListItem\",\"position\":2,\"name\":\"La boutique\",\"item\":\"https:\\\/\\\/369agara.com\\\/la-boutique\\\/\"},{\"@type\":\"ListItem\",\"position\":3,\"name\":\"C\u00e2ble USB-A | USB-C de mise \u00e0 la terre avec douille cylindrique &#8211; 2 m\"}]},{\"@type\":\"WebSite\",\"@id\":\"https:\\\/\\\/369agara.com\\\/#website\",\"url\":\"https:\\\/\\\/369agara.com\\\/\",\"name\":\"Livsrikedomar\",\"description\":\"D\u00e9connectez pour mieux vous connecter\",\"publisher\":{\"@id\":\"https:\\\/\\\/369agara.com\\\/#organization\"},\"potentialAction\":[{\"@type\":\"SearchAction\",\"target\":{\"@type\":\"EntryPoint\",\"urlTemplate\":\"https:\\\/\\\/369agara.com\\\/?s={search_term_string}\"},\"query-input\":{\"@type\":\"PropertyValueSpecification\",\"valueRequired\":true,\"valueName\":\"search_term_string\"}}],\"inLanguage\":\"es\"},{\"@type\":\"Organization\",\"@id\":\"https:\\\/\\\/369agara.com\\\/#organization\",\"name\":\"EACreations\",\"url\":\"https:\\\/\\\/369agara.com\\\/\",\"logo\":{\"@type\":\"ImageObject\",\"inLanguage\":\"es\",\"@id\":\"https:\\\/\\\/369agara.com\\\/#\\\/schema\\\/logo\\\/image\\\/\",\"url\":\"\",\"contentUrl\":\"\",\"caption\":\"EACreations\"},\"image\":{\"@id\":\"https:\\\/\\\/369agara.com\\\/#\\\/schema\\\/logo\\\/image\\\/\"}}]}<\/script>\n<!-- \/ Yoast SEO Premium plugin. -->","yoast_head_json":{"title":"C\u00e2ble USB-A | USB-C de mise \u00e0 la terre avec douille cylindrique - 2 m | Agara","description":"Le c\u00e2ble USB-A ou USB-C de mise \u00e0 la terre avec douille cylindrique permet de raccorder \u00e0 la terre tous vos appareils munis d'un port USB-A ou USB-C (modem\/box, ordinateur portable, t\u00e9l\u00e9viseurs, iphone, ipad etc.) et de vous prot\u00e9ger des champs \u00e9lectriques qu'ils \u00e9mettent.","robots":{"index":"index","follow":"follow","max-snippet":"max-snippet:-1","max-image-preview":"max-image-preview:large","max-video-preview":"max-video-preview:-1"},"canonical":"https:\/\/369agara.com\/es\/producto\/cable-terre-usb-a-usb-c-2m\/","og_locale":"es_ES","og_type":"article","og_title":"C\u00e2ble USB-A | USB-C de mise \u00e0 la terre avec douille cylindrique - 2 m","og_description":"Le c\u00e2ble USB-A ou USB-C de mise \u00e0 la terre avec douille cylindrique permet de raccorder \u00e0 la terre tous vos appareils munis d'un port USB-A ou USB-C (modem\/box, ordinateur portable, t\u00e9l\u00e9viseurs, iphone, ipad etc.) et de vous prot\u00e9ger des champs \u00e9lectriques qu'ils \u00e9mettent.","og_url":"https:\/\/369agara.com\/es\/producto\/cable-terre-usb-a-usb-c-2m\/","og_site_name":"Agara","article_modified_time":"2025-05-12T17:08:05+00:00","og_image":[{"width":807,"height":808,"url":"https:\/\/369agara.com\/wp-content\/uploads\/2023\/08\/cable-usb-de-mise-a-la-terre-avec-douille-cylindrique-1-1.jpg","type":"image\/jpeg"}],"twitter_card":"summary_large_image","twitter_misc":{"Tiempo de lectura":"3 minutos"},"schema":{"@context":"https:\/\/schema.org","@graph":[{"@type":"WebPage","@id":"https:\/\/369agara.com\/produit\/cable-terre-usb-a-usb-c-2m\/","url":"https:\/\/369agara.com\/produit\/cable-terre-usb-a-usb-c-2m\/","name":"C\u00e2ble USB-A | USB-C de mise \u00e0 la terre avec douille cylindrique - 2 m | Agara","isPartOf":{"@id":"https:\/\/369agara.com\/#website"},"primaryImageOfPage":{"@id":"https:\/\/369agara.com\/produit\/cable-terre-usb-a-usb-c-2m\/#primaryimage"},"image":{"@id":"https:\/\/369agara.com\/produit\/cable-terre-usb-a-usb-c-2m\/#primaryimage"},"thumbnailUrl":"https:\/\/369agara.com\/wp-content\/uploads\/2023\/08\/cable-usb-de-mise-a-la-terre-avec-douille-cylindrique-1-1.jpg","datePublished":"2023-08-20T13:44:19+00:00","dateModified":"2025-05-12T17:08:05+00:00","description":"Le c\u00e2ble USB-A ou USB-C de mise \u00e0 la terre avec douille cylindrique permet de raccorder \u00e0 la terre tous vos appareils munis d'un port USB-A ou USB-C (modem\/box, ordinateur portable, t\u00e9l\u00e9viseurs, iphone, ipad etc.) et de vous prot\u00e9ger des champs \u00e9lectriques qu'ils \u00e9mettent.","breadcrumb":{"@id":"https:\/\/369agara.com\/produit\/cable-terre-usb-a-usb-c-2m\/#breadcrumb"},"inLanguage":"es","potentialAction":[{"@type":"ReadAction","target":["https:\/\/369agara.com\/produit\/cable-terre-usb-a-usb-c-2m\/"]}]},{"@type":"ImageObject","inLanguage":"es","@id":"https:\/\/369agara.com\/produit\/cable-terre-usb-a-usb-c-2m\/#primaryimage","url":"https:\/\/369agara.com\/wp-content\/uploads\/2023\/08\/cable-usb-de-mise-a-la-terre-avec-douille-cylindrique-1-1.jpg","contentUrl":"https:\/\/369agara.com\/wp-content\/uploads\/2023\/08\/cable-usb-de-mise-a-la-terre-avec-douille-cylindrique-1-1.jpg","width":807,"height":808},{"@type":"BreadcrumbList","@id":"https:\/\/369agara.com\/produit\/cable-terre-usb-a-usb-c-2m\/#breadcrumb","itemListElement":[{"@type":"ListItem","position":1,"name":"Accueil","item":"https:\/\/369agara.com\/"},{"@type":"ListItem","position":2,"name":"La boutique","item":"https:\/\/369agara.com\/la-boutique\/"},{"@type":"ListItem","position":3,"name":"C\u00e2ble USB-A | USB-C de mise \u00e0 la terre avec douille cylindrique &#8211; 2 m"}]},{"@type":"WebSite","@id":"https:\/\/369agara.com\/#website","url":"https:\/\/369agara.com\/","name":"Livsrikedomar","description":"Desconectar para conectar mejor","publisher":{"@id":"https:\/\/369agara.com\/#organization"},"potentialAction":[{"@type":"SearchAction","target":{"@type":"EntryPoint","urlTemplate":"https:\/\/369agara.com\/?s={search_term_string}"},"query-input":{"@type":"PropertyValueSpecification","valueRequired":true,"valueName":"search_term_string"}}],"inLanguage":"es"},{"@type":"Organization","@id":"https:\/\/369agara.com\/#organization","name":"EACreations","url":"https:\/\/369agara.com\/","logo":{"@type":"ImageObject","inLanguage":"es","@id":"https:\/\/369agara.com\/#\/schema\/logo\/image\/","url":"","contentUrl":"","caption":"EACreations"},"image":{"@id":"https:\/\/369agara.com\/#\/schema\/logo\/image\/"}}]}},"jetpack_sharing_enabled":true,"_links":{"self":[{"href":"https:\/\/369agara.com\/es\/wp-json\/wp\/v2\/product\/1705","targetHints":{"allow":["GET"]}}],"collection":[{"href":"https:\/\/369agara.com\/es\/wp-json\/wp\/v2\/product"}],"about":[{"href":"https:\/\/369agara.com\/es\/wp-json\/wp\/v2\/types\/product"}],"replies":[{"embeddable":true,"href":"https:\/\/369agara.com\/es\/wp-json\/wp\/v2\/comments?post=1705"}],"wp:featuredmedia":[{"embeddable":true,"href":"https:\/\/369agara.com\/es\/wp-json\/wp\/v2\/media\/1714"}],"wp:attachment":[{"href":"https:\/\/369agara.com\/es\/wp-json\/wp\/v2\/media?parent=1705"}],"wp:term":[{"taxonomy":"product_brand","embeddable":true,"href":"https:\/\/369agara.com\/es\/wp-json\/wp\/v2\/product_brand?post=1705"},{"taxonomy":"product_cat","embeddable":true,"href":"https:\/\/369agara.com\/es\/wp-json\/wp\/v2\/product_cat?post=1705"},{"taxonomy":"product_tag","embeddable":true,"href":"https:\/\/369agara.com\/es\/wp-json\/wp\/v2\/product_tag?post=1705"}],"curies":[{"name":"wp","href":"https:\/\/api.w.org\/{rel}","templated":true}]}}