{"id":1715,"date":"2023-08-20T16:10:32","date_gmt":"2023-08-20T14:10:32","guid":{"rendered":"https:\/\/369agara.com\/?post_type=product&#038;p=1715"},"modified":"2025-05-12T19:05:24","modified_gmt":"2025-05-12T17:05:24","slug":"cable-avec-fiche-usb-a-2m","status":"publish","type":"product","link":"https:\/\/369agara.com\/es\/producto\/cable-avec-fiche-usb-a-2m\/","title":{"rendered":"Cable de conexi\u00f3n a tierra USB-A con clavija - 2 metros"},"content":{"rendered":"<div class=\"block md-bottom product-description-block\">\n<div class=\"block-content box-bg\">\n<div class=\"product-description typo\">\n<p><span style=\"font-family: 'Book Antiqua', Palatino; color: #333399; font-size: 120%;\">El cable de toma de tierra USB le permite conectar a tierra todos sus aparatos con puerto USB (m\u00f3dem\/caja, ordenador port\u00e1til, televisor, etc.) y protegerle de los campos el\u00e9ctricos que emiten.<\/span><\/p>\n<p><span style=\"font-family: 'Book Antiqua', Palatino; color: #333399; font-size: 120%;\">Los m\u00f3dems y descodificadores no est\u00e1n conectados a tierra, por lo que generan un gran campo el\u00e9ctrico, que tiene muchos efectos en el organismo: estr\u00e9s, irritabilidad, nerviosismo, dolores de cabeza, hiperactividad, dificultad para concentrarse, problemas de sue\u00f1o, etc.<\/span><\/p>\n<p><span style=\"font-family: 'Book Antiqua', Palatino; color: #333399; font-size: 120%;\">Este cable USB de toma de tierra los neutraliza eficazmente y, al mismo tiempo, elimina los campos el\u00e9ctricos emitidos por los tel\u00e9fonos con cable conectados a la caja. Las personas sensibles ya no son molestadas cuando hacen llamadas.<\/span><\/p>\n<p><span style=\"font-family: 'Book Antiqua', Palatino; color: #333399; font-size: 120%;\">Tambi\u00e9n elimina los campos el\u00e9ctricos emitidos por un ordenador port\u00e1til sin toma de tierra (enchufe plano de 2 polos) y cualquier otro aparato sin toma de tierra pero con conexi\u00f3n USB (televisor, por ejemplo).<\/span><\/p>\n<p><span style=\"font-family: 'Book Antiqua', Palatino; color: #333399; font-size: 120%;\"><strong><span style=\"color: #ed1c24;\">\u00a1Atenci\u00f3n! Este cable USB debe conectarse a una toma de corriente con toma de tierra.<\/span>\u00a0<\/strong><\/span><\/p>\n<h3><span style=\"font-family: 'Book Antiqua', Palatino; color: #333399; font-size: 120%;\">Especificaciones t\u00e9cnicas<\/span><\/h3>\n<ul>\n<li><span style=\"font-family: 'Book Antiqua', Palatino; color: #333399; font-size: 120%;\">Toma europea 2P+T (compatible con las tomas francesas y las tomas m\u00faltiples apantalladas Danell)<\/span><\/li>\n<li><span style=\"font-family: 'Book Antiqua', Palatino; color: #333399; font-size: 120%;\">Longitud: 2 metros<\/span><\/li>\n<li><span style=\"font-family: 'Book Antiqua', Palatino; color: #333399; font-size: 120%;\">Color: cobre<\/span><\/li>\n<li><span style=\"font-family: 'Book Antiqua', Palatino; color: #333399; font-size: 120%;\">Peso: 0,130 kg<\/span><\/li>\n<li><span style=\"font-family: 'Book Antiqua', Palatino; color: #333399; font-size: 120%;\">Garant\u00eda: 2 a\u00f1os<\/span><\/li>\n<\/ul>\n<p><span style=\"font-family: 'Book Antiqua', Palatino; color: #333399; font-size: 120%;\">Fabricado en Francia<\/span><\/p>\n<h3><span style=\"font-family: 'Book Antiqua', Palatino; color: #333399; font-size: 120%;\">Precauciones de uso<\/span><\/h3>\n<p><span style=\"font-family: 'Book Antiqua', Palatino; color: #333399; font-size: 120%;\">Como este cable est\u00e1 conectado a la toma de tierra el\u00e9ctrica, es importante comprobar que est\u00e1 presente y es de buena calidad.\u00a0<\/span><\/p>\n<p><span style=\"font-family: 'Book Antiqua', Palatino; color: #333399; font-size: 120%;\">Puede comprobar su presencia con el comprobador de toma de tierra y su calidad con un medidor de toma de tierra como el Tohm-E o el Catohm DT-300.<\/span><\/p>\n<p><span style=\"font-family: 'Book Antiqua', Palatino; color: #ed1c24; font-size: 120%;\">Seg\u00fan la norma NF C15-100, la resistencia de la toma de tierra no debe superar los 100 Ohmios. Sin embargo, para neutralizar los campos el\u00e9ctricos y las tensiones par\u00e1sitas, recomendamos una resistencia de tierra de 50 Ohmios o menos.\u00a0<\/span><\/p>\n<p><span style=\"font-family: 'Book Antiqua', Palatino; color: #ed1c24; font-size: 120%;\">En caso de duda, p\u00f3ngase en contacto con un electricista.<\/span><\/p>\n<\/div>\n<\/div>\n<\/div>\n<div class=\"block product-attachments-block sm-bottom\">\n<h3 class=\"title-block\"><span style=\"font-family: 'Book Antiqua', Palatino; color: #333399; font-size: 120%;\">Consulte<\/span><\/h3>\n<div class=\"block-content\">\n<section class=\"product-attachments\">\n<div class=\"row\">\n<div class=\"attachment col-12 col-lg-4\">\n<div class=\"box-bg my-2\">\n<ul>\n<li class=\"h5\"><span style=\"font-family: 'Book Antiqua', Palatino; color: #333399; font-size: 120%;\">Cable USB<\/span><br \/>\n<span style=\"font-family: 'Book Antiqua', Palatino; color: #333399; font-size: 120%;\">Ficha t\u00e9cnica Cable de tierra USB<\/span><\/li>\n<\/ul>\n<\/div>\n<\/div>\n<\/div>\n<\/section>\n<\/div>\n<\/div>","protected":false},"excerpt":{"rendered":"<p><span style=\"font-family: 'Book Antiqua', Palatino; font-size: 120%; color: #333399;\">El cable de toma de tierra USB le permite conectar a tierra todos sus aparatos con puerto USB (m\u00f3dem\/caja, ordenador port\u00e1til, televisor, etc.) y protegerle de los campos el\u00e9ctricos que emiten.\u00a0<\/span><\/p>","protected":false},"featured_media":1716,"comment_status":"open","ping_status":"closed","template":"","meta":[],"product_brand":[],"product_cat":[164],"product_tag":[248,246,247,251,249,245],"class_list":{"0":"post-1715","1":"product","2":"type-product","3":"status-publish","4":"has-post-thumbnail","6":"product_cat-baubiologie","7":"product_tag-baubiologie","8":"product_tag-bureau","9":"product_tag-chambre","10":"product_tag-electricite","11":"product_tag-electromagnetisme","12":"product_tag-maison","14":"first","15":"instock","16":"taxable","17":"shipping-taxable","18":"purchasable","19":"product-type-simple"},"yoast_head":"<!-- This site is optimized with the Yoast SEO Premium plugin v25.1 (Yoast SEO v27.4) - https:\/\/yoast.com\/product\/yoast-seo-premium-wordpress\/ -->\n<title>C\u00e2ble USB-A de mise \u00e0 la terre avec fiche de branchement - 2 m\u00e8tres | Agara<\/title>\n<meta name=\"description\" content=\"Le c\u00e2ble USB de mise \u00e0 la terre permet de raccorder \u00e0 la terre tous vos appareils munis d&#039;un port USB (modem\/box, ordinateur portable, t\u00e9l\u00e9viseurs, etc.) et de vous prot\u00e9ger des champs \u00e9lectriques qu&#039;ils \u00e9mettent.\u00a0\" \/>\n<meta name=\"robots\" content=\"index, follow, max-snippet:-1, max-image-preview:large, max-video-preview:-1\" \/>\n<link rel=\"canonical\" href=\"https:\/\/369agara.com\/es\/producto\/cable-avec-fiche-usb-a-2m\/\" \/>\n<meta property=\"og:locale\" content=\"es_ES\" \/>\n<meta property=\"og:type\" content=\"article\" \/>\n<meta property=\"og:title\" content=\"C\u00e2ble USB-A de mise \u00e0 la terre avec fiche de branchement - 2 m\u00e8tres\" \/>\n<meta property=\"og:description\" content=\"Le c\u00e2ble USB de mise \u00e0 la terre permet de raccorder \u00e0 la terre tous vos appareils munis d&#039;un port USB (modem\/box, ordinateur portable, t\u00e9l\u00e9viseurs, etc.) et de vous prot\u00e9ger des champs \u00e9lectriques qu&#039;ils \u00e9mettent.\u00a0\" \/>\n<meta property=\"og:url\" content=\"https:\/\/369agara.com\/es\/producto\/cable-avec-fiche-usb-a-2m\/\" \/>\n<meta property=\"og:site_name\" content=\"Agara\" \/>\n<meta property=\"article:modified_time\" content=\"2025-05-12T17:05:24+00:00\" \/>\n<meta property=\"og:image\" content=\"https:\/\/369agara.com\/wp-content\/uploads\/2023\/08\/cable-usb-de-mise-a-la-terre.jpg\" \/>\n\t<meta property=\"og:image:width\" content=\"800\" \/>\n\t<meta property=\"og:image:height\" content=\"800\" \/>\n\t<meta property=\"og:image:type\" content=\"image\/jpeg\" \/>\n<meta name=\"twitter:card\" content=\"summary_large_image\" \/>\n<meta name=\"twitter:label1\" content=\"Tiempo de lectura\" \/>\n\t<meta name=\"twitter:data1\" content=\"2 minutos\" \/>\n<script type=\"application\/ld+json\" class=\"yoast-schema-graph\">{\"@context\":\"https:\\\/\\\/schema.org\",\"@graph\":[{\"@type\":\"WebPage\",\"@id\":\"https:\\\/\\\/369agara.com\\\/produit\\\/cable-avec-fiche-usb-a-2m\\\/\",\"url\":\"https:\\\/\\\/369agara.com\\\/produit\\\/cable-avec-fiche-usb-a-2m\\\/\",\"name\":\"C\u00e2ble USB-A de mise \u00e0 la terre avec fiche de branchement - 2 m\u00e8tres | Agara\",\"isPartOf\":{\"@id\":\"https:\\\/\\\/369agara.com\\\/#website\"},\"primaryImageOfPage\":{\"@id\":\"https:\\\/\\\/369agara.com\\\/produit\\\/cable-avec-fiche-usb-a-2m\\\/#primaryimage\"},\"image\":{\"@id\":\"https:\\\/\\\/369agara.com\\\/produit\\\/cable-avec-fiche-usb-a-2m\\\/#primaryimage\"},\"thumbnailUrl\":\"https:\\\/\\\/369agara.com\\\/wp-content\\\/uploads\\\/2023\\\/08\\\/cable-usb-de-mise-a-la-terre.jpg\",\"datePublished\":\"2023-08-20T14:10:32+00:00\",\"dateModified\":\"2025-05-12T17:05:24+00:00\",\"description\":\"Le c\u00e2ble USB de mise \u00e0 la terre permet de raccorder \u00e0 la terre tous vos appareils munis d'un port USB (modem\\\/box, ordinateur portable, t\u00e9l\u00e9viseurs, etc.) et de vous prot\u00e9ger des champs \u00e9lectriques qu'ils \u00e9mettent.\u00a0\",\"breadcrumb\":{\"@id\":\"https:\\\/\\\/369agara.com\\\/produit\\\/cable-avec-fiche-usb-a-2m\\\/#breadcrumb\"},\"inLanguage\":\"es\",\"potentialAction\":[{\"@type\":\"ReadAction\",\"target\":[\"https:\\\/\\\/369agara.com\\\/produit\\\/cable-avec-fiche-usb-a-2m\\\/\"]}]},{\"@type\":\"ImageObject\",\"inLanguage\":\"es\",\"@id\":\"https:\\\/\\\/369agara.com\\\/produit\\\/cable-avec-fiche-usb-a-2m\\\/#primaryimage\",\"url\":\"https:\\\/\\\/369agara.com\\\/wp-content\\\/uploads\\\/2023\\\/08\\\/cable-usb-de-mise-a-la-terre.jpg\",\"contentUrl\":\"https:\\\/\\\/369agara.com\\\/wp-content\\\/uploads\\\/2023\\\/08\\\/cable-usb-de-mise-a-la-terre.jpg\",\"width\":800,\"height\":800},{\"@type\":\"BreadcrumbList\",\"@id\":\"https:\\\/\\\/369agara.com\\\/produit\\\/cable-avec-fiche-usb-a-2m\\\/#breadcrumb\",\"itemListElement\":[{\"@type\":\"ListItem\",\"position\":1,\"name\":\"Accueil\",\"item\":\"https:\\\/\\\/369agara.com\\\/\"},{\"@type\":\"ListItem\",\"position\":2,\"name\":\"La boutique\",\"item\":\"https:\\\/\\\/369agara.com\\\/la-boutique\\\/\"},{\"@type\":\"ListItem\",\"position\":3,\"name\":\"C\u00e2ble USB-A de mise \u00e0 la terre avec fiche de branchement &#8211; 2 m\u00e8tres\"}]},{\"@type\":\"WebSite\",\"@id\":\"https:\\\/\\\/369agara.com\\\/#website\",\"url\":\"https:\\\/\\\/369agara.com\\\/\",\"name\":\"Livsrikedomar\",\"description\":\"D\u00e9connectez pour mieux vous connecter\",\"publisher\":{\"@id\":\"https:\\\/\\\/369agara.com\\\/#organization\"},\"potentialAction\":[{\"@type\":\"SearchAction\",\"target\":{\"@type\":\"EntryPoint\",\"urlTemplate\":\"https:\\\/\\\/369agara.com\\\/?s={search_term_string}\"},\"query-input\":{\"@type\":\"PropertyValueSpecification\",\"valueRequired\":true,\"valueName\":\"search_term_string\"}}],\"inLanguage\":\"es\"},{\"@type\":\"Organization\",\"@id\":\"https:\\\/\\\/369agara.com\\\/#organization\",\"name\":\"EACreations\",\"url\":\"https:\\\/\\\/369agara.com\\\/\",\"logo\":{\"@type\":\"ImageObject\",\"inLanguage\":\"es\",\"@id\":\"https:\\\/\\\/369agara.com\\\/#\\\/schema\\\/logo\\\/image\\\/\",\"url\":\"\",\"contentUrl\":\"\",\"caption\":\"EACreations\"},\"image\":{\"@id\":\"https:\\\/\\\/369agara.com\\\/#\\\/schema\\\/logo\\\/image\\\/\"}}]}<\/script>\n<!-- \/ Yoast SEO Premium plugin. -->","yoast_head_json":{"title":"C\u00e2ble USB-A de mise \u00e0 la terre avec fiche de branchement - 2 m\u00e8tres | Agara","description":"Le c\u00e2ble USB de mise \u00e0 la terre permet de raccorder \u00e0 la terre tous vos appareils munis d'un port USB (modem\/box, ordinateur portable, t\u00e9l\u00e9viseurs, etc.) et de vous prot\u00e9ger des champs \u00e9lectriques qu'ils \u00e9mettent.\u00a0","robots":{"index":"index","follow":"follow","max-snippet":"max-snippet:-1","max-image-preview":"max-image-preview:large","max-video-preview":"max-video-preview:-1"},"canonical":"https:\/\/369agara.com\/es\/producto\/cable-avec-fiche-usb-a-2m\/","og_locale":"es_ES","og_type":"article","og_title":"C\u00e2ble USB-A de mise \u00e0 la terre avec fiche de branchement - 2 m\u00e8tres","og_description":"Le c\u00e2ble USB de mise \u00e0 la terre permet de raccorder \u00e0 la terre tous vos appareils munis d'un port USB (modem\/box, ordinateur portable, t\u00e9l\u00e9viseurs, etc.) et de vous prot\u00e9ger des champs \u00e9lectriques qu'ils \u00e9mettent.\u00a0","og_url":"https:\/\/369agara.com\/es\/producto\/cable-avec-fiche-usb-a-2m\/","og_site_name":"Agara","article_modified_time":"2025-05-12T17:05:24+00:00","og_image":[{"width":800,"height":800,"url":"https:\/\/369agara.com\/wp-content\/uploads\/2023\/08\/cable-usb-de-mise-a-la-terre.jpg","type":"image\/jpeg"}],"twitter_card":"summary_large_image","twitter_misc":{"Tiempo de lectura":"2 minutos"},"schema":{"@context":"https:\/\/schema.org","@graph":[{"@type":"WebPage","@id":"https:\/\/369agara.com\/produit\/cable-avec-fiche-usb-a-2m\/","url":"https:\/\/369agara.com\/produit\/cable-avec-fiche-usb-a-2m\/","name":"C\u00e2ble USB-A de mise \u00e0 la terre avec fiche de branchement - 2 m\u00e8tres | Agara","isPartOf":{"@id":"https:\/\/369agara.com\/#website"},"primaryImageOfPage":{"@id":"https:\/\/369agara.com\/produit\/cable-avec-fiche-usb-a-2m\/#primaryimage"},"image":{"@id":"https:\/\/369agara.com\/produit\/cable-avec-fiche-usb-a-2m\/#primaryimage"},"thumbnailUrl":"https:\/\/369agara.com\/wp-content\/uploads\/2023\/08\/cable-usb-de-mise-a-la-terre.jpg","datePublished":"2023-08-20T14:10:32+00:00","dateModified":"2025-05-12T17:05:24+00:00","description":"Le c\u00e2ble USB de mise \u00e0 la terre permet de raccorder \u00e0 la terre tous vos appareils munis d'un port USB (modem\/box, ordinateur portable, t\u00e9l\u00e9viseurs, etc.) et de vous prot\u00e9ger des champs \u00e9lectriques qu'ils \u00e9mettent.\u00a0","breadcrumb":{"@id":"https:\/\/369agara.com\/produit\/cable-avec-fiche-usb-a-2m\/#breadcrumb"},"inLanguage":"es","potentialAction":[{"@type":"ReadAction","target":["https:\/\/369agara.com\/produit\/cable-avec-fiche-usb-a-2m\/"]}]},{"@type":"ImageObject","inLanguage":"es","@id":"https:\/\/369agara.com\/produit\/cable-avec-fiche-usb-a-2m\/#primaryimage","url":"https:\/\/369agara.com\/wp-content\/uploads\/2023\/08\/cable-usb-de-mise-a-la-terre.jpg","contentUrl":"https:\/\/369agara.com\/wp-content\/uploads\/2023\/08\/cable-usb-de-mise-a-la-terre.jpg","width":800,"height":800},{"@type":"BreadcrumbList","@id":"https:\/\/369agara.com\/produit\/cable-avec-fiche-usb-a-2m\/#breadcrumb","itemListElement":[{"@type":"ListItem","position":1,"name":"Accueil","item":"https:\/\/369agara.com\/"},{"@type":"ListItem","position":2,"name":"La boutique","item":"https:\/\/369agara.com\/la-boutique\/"},{"@type":"ListItem","position":3,"name":"C\u00e2ble USB-A de mise \u00e0 la terre avec fiche de branchement &#8211; 2 m\u00e8tres"}]},{"@type":"WebSite","@id":"https:\/\/369agara.com\/#website","url":"https:\/\/369agara.com\/","name":"Livsrikedomar","description":"Desconectar para conectar mejor","publisher":{"@id":"https:\/\/369agara.com\/#organization"},"potentialAction":[{"@type":"SearchAction","target":{"@type":"EntryPoint","urlTemplate":"https:\/\/369agara.com\/?s={search_term_string}"},"query-input":{"@type":"PropertyValueSpecification","valueRequired":true,"valueName":"search_term_string"}}],"inLanguage":"es"},{"@type":"Organization","@id":"https:\/\/369agara.com\/#organization","name":"EACreations","url":"https:\/\/369agara.com\/","logo":{"@type":"ImageObject","inLanguage":"es","@id":"https:\/\/369agara.com\/#\/schema\/logo\/image\/","url":"","contentUrl":"","caption":"EACreations"},"image":{"@id":"https:\/\/369agara.com\/#\/schema\/logo\/image\/"}}]}},"jetpack_sharing_enabled":true,"_links":{"self":[{"href":"https:\/\/369agara.com\/es\/wp-json\/wp\/v2\/product\/1715","targetHints":{"allow":["GET"]}}],"collection":[{"href":"https:\/\/369agara.com\/es\/wp-json\/wp\/v2\/product"}],"about":[{"href":"https:\/\/369agara.com\/es\/wp-json\/wp\/v2\/types\/product"}],"replies":[{"embeddable":true,"href":"https:\/\/369agara.com\/es\/wp-json\/wp\/v2\/comments?post=1715"}],"wp:featuredmedia":[{"embeddable":true,"href":"https:\/\/369agara.com\/es\/wp-json\/wp\/v2\/media\/1716"}],"wp:attachment":[{"href":"https:\/\/369agara.com\/es\/wp-json\/wp\/v2\/media?parent=1715"}],"wp:term":[{"taxonomy":"product_brand","embeddable":true,"href":"https:\/\/369agara.com\/es\/wp-json\/wp\/v2\/product_brand?post=1715"},{"taxonomy":"product_cat","embeddable":true,"href":"https:\/\/369agara.com\/es\/wp-json\/wp\/v2\/product_cat?post=1715"},{"taxonomy":"product_tag","embeddable":true,"href":"https:\/\/369agara.com\/es\/wp-json\/wp\/v2\/product_tag?post=1715"}],"curies":[{"name":"wp","href":"https:\/\/api.w.org\/{rel}","templated":true}]}}