{"id":1717,"date":"2023-08-20T16:28:21","date_gmt":"2023-08-20T14:28:21","guid":{"rendered":"https:\/\/369agara.com\/?post_type=product&#038;p=1717"},"modified":"2025-05-12T19:03:04","modified_gmt":"2025-05-12T17:03:04","slug":"oreillettes-stethoscopiques-fc12-ibrain","status":"publish","type":"product","link":"https:\/\/369agara.com\/es\/producto\/oreillettes-stethoscopiques-fc12-ibrain\/","title":{"rendered":"ibrain FC12 Auricular estetosc\u00f3pico resistente a las ondas | Conector jack 3,5 - Negro"},"content":{"rendered":"<p>Los auriculares antiondas est\u00e9reo iBrain FC12 reducen la radiaci\u00f3n emitida por su tel\u00e9fono m\u00f3vil en 98 %.<\/p>\n<p>El inconveniente de los auriculares convencionales es que conducen las altas frecuencias a trav\u00e9s del cable directamente al canal auditivo. Esto se evita de forma fiable en el 98 % gracias al \"tubo estetosc\u00f3pico\" de este auricular, situado entre el micr\u00f3fono y el auricular. Esto impide que las altas frecuencias lleguen al micr\u00f3fono.<\/p>\n<p>El cable met\u00e1lico apantallado, el doble concentrador de sonido, el apantallamiento del campo magn\u00e9tico y el tubo de aire proporcionan una protecci\u00f3n eficaz, por lo que estos auriculares son ideales para personas sensibles, ni\u00f1os, mujeres embarazadas o cualquiera que simplemente quiera estar lo m\u00e1s a salvo posible de las ondas.<\/p>\n<p>Dise\u00f1ado para soportar su estilo de vida activo y proteger su salud, al tiempo que preserva el sonido claro y l\u00edmpido conducido por el aire del tubo.<\/p>\n<p>Ultraligeros y ergon\u00f3micos, estos auriculares garantizan un confort \u00f3ptimo y una excelente calidad de comunicaci\u00f3n. Tambi\u00e9n es perfecto para escuchar m\u00fasica, gracias a sus auriculares est\u00e9reo.<\/p>\n<p>Las teclas de funci\u00f3n te permiten controlar f\u00e1cilmente la m\u00fasica y gestionar las llamadas. Los auriculares admiten llamadas con un micr\u00f3fono de alta calidad, para que puedas mantener las manos en el volante mientras conduces o dejarlas libres para tu actividad deportiva.<\/p>\n<p>Los auriculares anti-ondas iBrain FC12 tambi\u00e9n son muy c\u00f3modos de llevar: los auriculares intrauditivos, con sus fundas de polipiel suaves y respetuosas con la piel, son permeables, c\u00f3modos de llevar y pueden aislarle f\u00e1cilmente de los sonidos que le rodean.<\/p>\n<p><strong>Conector jack de 3,5 mm,<\/strong>\u00a0compatible con la mayor\u00eda de smartphones, reproductores MP3, tabletas y port\u00e1tiles.<br \/>\nPara iPhones hasta el iPhone 15, necesitar\u00e1s un adaptador jack\/Lightning.<br \/>\nPara smartphones con conectividad USB-C, tendr\u00e1s que usar un adaptador jack\/USB-C.<\/p>\n<p>Nota: \u00a1mant\u00e9n estos auriculares alejados de objetos afilados para evitar ara\u00f1azos y da\u00f1os!<\/p>\n<h3>Especificaciones t\u00e9cnicas<\/h3>\n<ul>\n<li>Modelo: FC12<\/li>\n<li>Color: Negro<\/li>\n<li>Di\u00e1metro del altavoz: 8 mm<\/li>\n<li>Sensibilidad: 93 \u00b1 2dBSPL a 1KHZ<\/li>\n<li>Gama de frecuencias: 20HZ-20KHZ<\/li>\n<li>Impedancia: 16\u03a9<\/li>\n<li>Longitud del cable: aprox. 132 cm (incluida la longitud del tubo de aire)<\/li>\n<li>Longitud del tubo de aire: aprox. 15 cm<\/li>\n<li>Peso del casco: 21 g<\/li>\n<li>Tama\u00f1o del paquete: 20,2 x 12,2 x 2,4 cm<\/li>\n<li>Peso del paquete: 67 g<\/li>\n<li>Garant\u00eda: 3 meses<\/li>\n<\/ul>\n<h3>Consejo de Agara<\/h3>\n<p>La radiaci\u00f3n disminuye al aumentar la distancia al tel\u00e9fono m\u00f3vil.<br \/>\nPara reducir la carga sobre la cabeza en particular, el m\u00f3vil debe colocarse o sostenerse lo m\u00e1s lejos posible durante la llamada.<br \/>\nTambi\u00e9n debes comprobar el indicador de intensidad de tu tel\u00e9fono m\u00f3vil para que s\u00f3lo realices llamadas desde lugares donde la recepci\u00f3n sea buena, de lo contrario corres el riesgo de aumentar la potencia de transmisi\u00f3n.<\/p>\n<p>Al comunicarse, su tel\u00e9fono m\u00f3vil emite mucho menos cuando est\u00e1 conectado en 3G que cuando utiliza las otras bandas de frecuencia (1800 y 900 MHz).<\/p>","protected":false},"excerpt":{"rendered":"<p><span style=\"font-family: 'Book Antiqua', Palatino; font-size: 120%; color: #333399;\">El auricular est\u00e9reo antiondas ibrain FC12 reduce la radiaci\u00f3n emitida por su tel\u00e9fono m\u00f3vil en 98 %.\u00a0<\/span><\/p>\n<p><span style=\"font-family: 'Book Antiqua', Palatino; font-size: 120%; color: #333399;\">El sonido es conducido por el aire (principio del tubo estetosc\u00f3pico) y no por el cable, por lo que estar\u00e1 eficazmente protegido. Sonido perfecto para m\u00fasica y comunicaci\u00f3n. Comodidad de uso \u00f3ptima.\u00a0<\/span><\/p>\n<p><span style=\"font-family: 'Book Antiqua', Palatino; font-size: 120%; color: #333399;\">Negro.<\/span><\/p>","protected":false},"featured_media":3790,"comment_status":"open","ping_status":"closed","template":"","meta":[],"product_brand":[266],"product_cat":[164],"product_tag":[248,246,247,249,245],"class_list":{"0":"post-1717","1":"product","2":"type-product","3":"status-publish","4":"has-post-thumbnail","6":"product_brand-ibrain","7":"product_cat-baubiologie","8":"product_tag-baubiologie","9":"product_tag-bureau","10":"product_tag-chambre","11":"product_tag-electromagnetisme","12":"product_tag-maison","14":"first","15":"onbackorder","16":"taxable","17":"shipping-taxable","18":"purchasable","19":"product-type-simple"},"yoast_head":"<!-- This site is optimized with the Yoast SEO Premium plugin v25.1 (Yoast SEO v27.4) - https:\/\/yoast.com\/product\/yoast-seo-premium-wordpress\/ -->\n<title>Oreillette anti-ondes st\u00e9thoscopique ibrain FC12 | Connectique jack 3.5 - Noir | Agara<\/title>\n<meta name=\"description\" content=\"L&#039;oreillette anti-ondes iBrain FC12 st\u00e9r\u00e9o permet de r\u00e9duire de 98 % les rayonnements \u00e9mis par votre t\u00e9l\u00e9phone portable.\u00a0Le son est conduit par l&#039;air (principe du tube de st\u00e9thoscope) et non par le c\u00e2ble, vous prot\u00e9geant ainsi efficacement. Son parfait pour la musique et la communication. Confort d&#039;utilisation optimal.\u00a0Coloris noir.\" \/>\n<meta name=\"robots\" content=\"index, follow, max-snippet:-1, max-image-preview:large, max-video-preview:-1\" \/>\n<link rel=\"canonical\" href=\"https:\/\/369agara.com\/es\/producto\/oreillettes-stethoscopiques-fc12-ibrain\/\" \/>\n<meta property=\"og:locale\" content=\"es_ES\" \/>\n<meta property=\"og:type\" content=\"article\" \/>\n<meta property=\"og:title\" content=\"Oreillette anti-ondes st\u00e9thoscopique ibrain FC12 | Connectique jack 3.5 - Noir\" \/>\n<meta property=\"og:description\" content=\"L&#039;oreillette anti-ondes iBrain FC12 st\u00e9r\u00e9o permet de r\u00e9duire de 98 % les rayonnements \u00e9mis par votre t\u00e9l\u00e9phone portable.\u00a0Le son est conduit par l&#039;air (principe du tube de st\u00e9thoscope) et non par le c\u00e2ble, vous prot\u00e9geant ainsi efficacement. Son parfait pour la musique et la communication. Confort d&#039;utilisation optimal.\u00a0Coloris noir.\" \/>\n<meta property=\"og:url\" content=\"https:\/\/369agara.com\/es\/producto\/oreillettes-stethoscopiques-fc12-ibrain\/\" \/>\n<meta property=\"og:site_name\" content=\"Agara\" \/>\n<meta property=\"article:modified_time\" content=\"2025-05-12T17:03:04+00:00\" \/>\n<meta property=\"og:image\" content=\"https:\/\/369agara.com\/wp-content\/uploads\/2023\/08\/bonnet.jpg\" \/>\n\t<meta property=\"og:image:width\" content=\"800\" \/>\n\t<meta property=\"og:image:height\" content=\"800\" \/>\n\t<meta property=\"og:image:type\" content=\"image\/jpeg\" \/>\n<meta name=\"twitter:card\" content=\"summary_large_image\" \/>\n<meta name=\"twitter:label1\" content=\"Tiempo de lectura\" \/>\n\t<meta name=\"twitter:data1\" content=\"3 minutos\" \/>\n<script type=\"application\/ld+json\" class=\"yoast-schema-graph\">{\"@context\":\"https:\\\/\\\/schema.org\",\"@graph\":[{\"@type\":\"WebPage\",\"@id\":\"https:\\\/\\\/369agara.com\\\/produit\\\/oreillettes-stethoscopiques-fc12-ibrain\\\/\",\"url\":\"https:\\\/\\\/369agara.com\\\/produit\\\/oreillettes-stethoscopiques-fc12-ibrain\\\/\",\"name\":\"Oreillette anti-ondes st\u00e9thoscopique ibrain FC12 | Connectique jack 3.5 - Noir | Agara\",\"isPartOf\":{\"@id\":\"https:\\\/\\\/369agara.com\\\/#website\"},\"primaryImageOfPage\":{\"@id\":\"https:\\\/\\\/369agara.com\\\/produit\\\/oreillettes-stethoscopiques-fc12-ibrain\\\/#primaryimage\"},\"image\":{\"@id\":\"https:\\\/\\\/369agara.com\\\/produit\\\/oreillettes-stethoscopiques-fc12-ibrain\\\/#primaryimage\"},\"thumbnailUrl\":\"https:\\\/\\\/369agara.com\\\/wp-content\\\/uploads\\\/2023\\\/08\\\/bonnet.jpg\",\"datePublished\":\"2023-08-20T14:28:21+00:00\",\"dateModified\":\"2025-05-12T17:03:04+00:00\",\"description\":\"L'oreillette anti-ondes iBrain FC12 st\u00e9r\u00e9o permet de r\u00e9duire de 98 % les rayonnements \u00e9mis par votre t\u00e9l\u00e9phone portable.\u00a0Le son est conduit par l'air (principe du tube de st\u00e9thoscope) et non par le c\u00e2ble, vous prot\u00e9geant ainsi efficacement. Son parfait pour la musique et la communication. Confort d'utilisation optimal.\u00a0Coloris noir.\",\"breadcrumb\":{\"@id\":\"https:\\\/\\\/369agara.com\\\/produit\\\/oreillettes-stethoscopiques-fc12-ibrain\\\/#breadcrumb\"},\"inLanguage\":\"es\",\"potentialAction\":[{\"@type\":\"ReadAction\",\"target\":[\"https:\\\/\\\/369agara.com\\\/produit\\\/oreillettes-stethoscopiques-fc12-ibrain\\\/\"]}]},{\"@type\":\"ImageObject\",\"inLanguage\":\"es\",\"@id\":\"https:\\\/\\\/369agara.com\\\/produit\\\/oreillettes-stethoscopiques-fc12-ibrain\\\/#primaryimage\",\"url\":\"https:\\\/\\\/369agara.com\\\/wp-content\\\/uploads\\\/2023\\\/08\\\/bonnet.jpg\",\"contentUrl\":\"https:\\\/\\\/369agara.com\\\/wp-content\\\/uploads\\\/2023\\\/08\\\/bonnet.jpg\",\"width\":800,\"height\":800},{\"@type\":\"BreadcrumbList\",\"@id\":\"https:\\\/\\\/369agara.com\\\/produit\\\/oreillettes-stethoscopiques-fc12-ibrain\\\/#breadcrumb\",\"itemListElement\":[{\"@type\":\"ListItem\",\"position\":1,\"name\":\"Accueil\",\"item\":\"https:\\\/\\\/369agara.com\\\/\"},{\"@type\":\"ListItem\",\"position\":2,\"name\":\"La boutique\",\"item\":\"https:\\\/\\\/369agara.com\\\/la-boutique\\\/\"},{\"@type\":\"ListItem\",\"position\":3,\"name\":\"Oreillette anti-ondes st\u00e9thoscopique ibrain FC12 | Connectique jack 3.5 &#8211; Noir\"}]},{\"@type\":\"WebSite\",\"@id\":\"https:\\\/\\\/369agara.com\\\/#website\",\"url\":\"https:\\\/\\\/369agara.com\\\/\",\"name\":\"Livsrikedomar\",\"description\":\"D\u00e9connectez pour mieux vous connecter\",\"publisher\":{\"@id\":\"https:\\\/\\\/369agara.com\\\/#organization\"},\"potentialAction\":[{\"@type\":\"SearchAction\",\"target\":{\"@type\":\"EntryPoint\",\"urlTemplate\":\"https:\\\/\\\/369agara.com\\\/?s={search_term_string}\"},\"query-input\":{\"@type\":\"PropertyValueSpecification\",\"valueRequired\":true,\"valueName\":\"search_term_string\"}}],\"inLanguage\":\"es\"},{\"@type\":\"Organization\",\"@id\":\"https:\\\/\\\/369agara.com\\\/#organization\",\"name\":\"EACreations\",\"url\":\"https:\\\/\\\/369agara.com\\\/\",\"logo\":{\"@type\":\"ImageObject\",\"inLanguage\":\"es\",\"@id\":\"https:\\\/\\\/369agara.com\\\/#\\\/schema\\\/logo\\\/image\\\/\",\"url\":\"\",\"contentUrl\":\"\",\"caption\":\"EACreations\"},\"image\":{\"@id\":\"https:\\\/\\\/369agara.com\\\/#\\\/schema\\\/logo\\\/image\\\/\"}}]}<\/script>\n<!-- \/ Yoast SEO Premium plugin. -->","yoast_head_json":{"title":"Oreillette anti-ondes st\u00e9thoscopique ibrain FC12 | Connectique jack 3.5 - Noir | Agara","description":"L'oreillette anti-ondes iBrain FC12 st\u00e9r\u00e9o permet de r\u00e9duire de 98 % les rayonnements \u00e9mis par votre t\u00e9l\u00e9phone portable.\u00a0Le son est conduit par l'air (principe du tube de st\u00e9thoscope) et non par le c\u00e2ble, vous prot\u00e9geant ainsi efficacement. Son parfait pour la musique et la communication. Confort d'utilisation optimal.\u00a0Coloris noir.","robots":{"index":"index","follow":"follow","max-snippet":"max-snippet:-1","max-image-preview":"max-image-preview:large","max-video-preview":"max-video-preview:-1"},"canonical":"https:\/\/369agara.com\/es\/producto\/oreillettes-stethoscopiques-fc12-ibrain\/","og_locale":"es_ES","og_type":"article","og_title":"Oreillette anti-ondes st\u00e9thoscopique ibrain FC12 | Connectique jack 3.5 - Noir","og_description":"L'oreillette anti-ondes iBrain FC12 st\u00e9r\u00e9o permet de r\u00e9duire de 98 % les rayonnements \u00e9mis par votre t\u00e9l\u00e9phone portable.\u00a0Le son est conduit par l'air (principe du tube de st\u00e9thoscope) et non par le c\u00e2ble, vous prot\u00e9geant ainsi efficacement. Son parfait pour la musique et la communication. Confort d'utilisation optimal.\u00a0Coloris noir.","og_url":"https:\/\/369agara.com\/es\/producto\/oreillettes-stethoscopiques-fc12-ibrain\/","og_site_name":"Agara","article_modified_time":"2025-05-12T17:03:04+00:00","og_image":[{"width":800,"height":800,"url":"https:\/\/369agara.com\/wp-content\/uploads\/2023\/08\/bonnet.jpg","type":"image\/jpeg"}],"twitter_card":"summary_large_image","twitter_misc":{"Tiempo de lectura":"3 minutos"},"schema":{"@context":"https:\/\/schema.org","@graph":[{"@type":"WebPage","@id":"https:\/\/369agara.com\/produit\/oreillettes-stethoscopiques-fc12-ibrain\/","url":"https:\/\/369agara.com\/produit\/oreillettes-stethoscopiques-fc12-ibrain\/","name":"Oreillette anti-ondes st\u00e9thoscopique ibrain FC12 | Connectique jack 3.5 - Noir | Agara","isPartOf":{"@id":"https:\/\/369agara.com\/#website"},"primaryImageOfPage":{"@id":"https:\/\/369agara.com\/produit\/oreillettes-stethoscopiques-fc12-ibrain\/#primaryimage"},"image":{"@id":"https:\/\/369agara.com\/produit\/oreillettes-stethoscopiques-fc12-ibrain\/#primaryimage"},"thumbnailUrl":"https:\/\/369agara.com\/wp-content\/uploads\/2023\/08\/bonnet.jpg","datePublished":"2023-08-20T14:28:21+00:00","dateModified":"2025-05-12T17:03:04+00:00","description":"L'oreillette anti-ondes iBrain FC12 st\u00e9r\u00e9o permet de r\u00e9duire de 98 % les rayonnements \u00e9mis par votre t\u00e9l\u00e9phone portable.\u00a0Le son est conduit par l'air (principe du tube de st\u00e9thoscope) et non par le c\u00e2ble, vous prot\u00e9geant ainsi efficacement. Son parfait pour la musique et la communication. Confort d'utilisation optimal.\u00a0Coloris noir.","breadcrumb":{"@id":"https:\/\/369agara.com\/produit\/oreillettes-stethoscopiques-fc12-ibrain\/#breadcrumb"},"inLanguage":"es","potentialAction":[{"@type":"ReadAction","target":["https:\/\/369agara.com\/produit\/oreillettes-stethoscopiques-fc12-ibrain\/"]}]},{"@type":"ImageObject","inLanguage":"es","@id":"https:\/\/369agara.com\/produit\/oreillettes-stethoscopiques-fc12-ibrain\/#primaryimage","url":"https:\/\/369agara.com\/wp-content\/uploads\/2023\/08\/bonnet.jpg","contentUrl":"https:\/\/369agara.com\/wp-content\/uploads\/2023\/08\/bonnet.jpg","width":800,"height":800},{"@type":"BreadcrumbList","@id":"https:\/\/369agara.com\/produit\/oreillettes-stethoscopiques-fc12-ibrain\/#breadcrumb","itemListElement":[{"@type":"ListItem","position":1,"name":"Accueil","item":"https:\/\/369agara.com\/"},{"@type":"ListItem","position":2,"name":"La boutique","item":"https:\/\/369agara.com\/la-boutique\/"},{"@type":"ListItem","position":3,"name":"Oreillette anti-ondes st\u00e9thoscopique ibrain FC12 | Connectique jack 3.5 &#8211; Noir"}]},{"@type":"WebSite","@id":"https:\/\/369agara.com\/#website","url":"https:\/\/369agara.com\/","name":"Livsrikedomar","description":"Desconectar para conectar mejor","publisher":{"@id":"https:\/\/369agara.com\/#organization"},"potentialAction":[{"@type":"SearchAction","target":{"@type":"EntryPoint","urlTemplate":"https:\/\/369agara.com\/?s={search_term_string}"},"query-input":{"@type":"PropertyValueSpecification","valueRequired":true,"valueName":"search_term_string"}}],"inLanguage":"es"},{"@type":"Organization","@id":"https:\/\/369agara.com\/#organization","name":"EACreations","url":"https:\/\/369agara.com\/","logo":{"@type":"ImageObject","inLanguage":"es","@id":"https:\/\/369agara.com\/#\/schema\/logo\/image\/","url":"","contentUrl":"","caption":"EACreations"},"image":{"@id":"https:\/\/369agara.com\/#\/schema\/logo\/image\/"}}]}},"jetpack_sharing_enabled":true,"_links":{"self":[{"href":"https:\/\/369agara.com\/es\/wp-json\/wp\/v2\/product\/1717","targetHints":{"allow":["GET"]}}],"collection":[{"href":"https:\/\/369agara.com\/es\/wp-json\/wp\/v2\/product"}],"about":[{"href":"https:\/\/369agara.com\/es\/wp-json\/wp\/v2\/types\/product"}],"replies":[{"embeddable":true,"href":"https:\/\/369agara.com\/es\/wp-json\/wp\/v2\/comments?post=1717"}],"wp:featuredmedia":[{"embeddable":true,"href":"https:\/\/369agara.com\/es\/wp-json\/wp\/v2\/media\/3790"}],"wp:attachment":[{"href":"https:\/\/369agara.com\/es\/wp-json\/wp\/v2\/media?parent=1717"}],"wp:term":[{"taxonomy":"product_brand","embeddable":true,"href":"https:\/\/369agara.com\/es\/wp-json\/wp\/v2\/product_brand?post=1717"},{"taxonomy":"product_cat","embeddable":true,"href":"https:\/\/369agara.com\/es\/wp-json\/wp\/v2\/product_cat?post=1717"},{"taxonomy":"product_tag","embeddable":true,"href":"https:\/\/369agara.com\/es\/wp-json\/wp\/v2\/product_tag?post=1717"}],"curies":[{"name":"wp","href":"https:\/\/api.w.org\/{rel}","templated":true}]}}